{"id":3030,"date":"2021-02-17T14:19:42","date_gmt":"2021-02-17T14:19:42","guid":{"rendered":"https:\/\/machteret1944.org\/the-childrens-houses\/%d7%94%d7%a6%d7%9c%d7%aa-%d7%91%d7%99%d7%aa-%d7%94%d7%99%d7%9c%d7%93%d7%99%d7%9d-%d7%91%d7%a8%d7%97-%d7%a0%d7%90%d7%92%d7%a4%d7%95%d7%91%d7%a8%d7%95%d7%a9\/"},"modified":"2023-07-12T14:39:09","modified_gmt":"2023-07-12T14:39:09","slug":"kepes-kadmon-saves-the-childrens-house","status":"publish","type":"page","link":"https:\/\/machteret1944.org\/en\/the-childrens-houses\/kepes-kadmon-saves-the-childrens-house\/","title":{"rendered":"Kepes-Kadmon saves a home"},"content":{"rendered":"<p>One of the International Red Cross offices that \u201chosted\u201d the underground Zionist Youth Resistance Movement (ZYRM) was on Baross St., in Budapest. Toward the end of December, 1944, the staff received a harrowing telephone call: the children\u2019s house on Nagyfuvaros St. was being evacuated by the Arrow Cross.<\/p>\n<p>The ZYRM operatives were at a loss. What could they possibly do? L\u00e1szl\u00f3 Kepes (who later became Eliezer Kadmon) was the first to recover from the shock of this horrifying news, and came up with a plan. He asked David Gr\u00fcnwald (\u201cCoca\u201d) to lend him his leather coat, so that L\u00e1szl\u00f3 would look like a genuine non-Jew, and hurriedly left the office. His friends anxiously waited for his return. They did not believe he would come back alive.<\/p>\n<p>L\u00e1szl\u00f3 went straight to the children\u2019s house on Nagyfuvaros St. An Arrow Cross sentry was standing at the gate, armed with a Sten gun. The bewildered children, led by Dr. Salg\u00f3 L\u00e1szl\u00f3, stood in the courtyard. Kepes, who knew German, started yelling in outrage at the Nazi guards: \u201cHow dare you step foot in territory protected by the International Red Cross!\u201d David\u2019s leather coat and the gold-rimmed glasses he was wearing impressed the Nazis. The sentry called to his commanding officer, who also received an earful from Kepes. \u201cWe are only following orders,\u201d said the scared officer. \u201cShow me the orders,\u201d Kepes demanded. There was no written order, but the officer mentioned the name of a Pole. Kepes continued yelling, threatening to phone Hungarian Interior Minister Kem\u00e9ny, who would have the men arrested. That threat terrified them, and the entire group of Nazis turned and marched quickly out of the compound, pleading with \u201cSir\u201d to forgive them, because all they were doing was following orders, and they had no bad intentions\u2026 That is how a 20-year-old Halutz saved the children of Nagyfuvaros St. from a bitter fate in the Danube River.<\/p>\n","protected":false},"excerpt":{"rendered":"<p>One of the International Red Cross offices that \u201chosted\u201d the underground Zionist Youth Resistance Movement (ZYRM) was on Baross St., in Budapest. Toward the end of December, 1944, the staff received a harrowing telephone call: the children\u2019s house on Nagyfuvaros St. was being evacuated by the Arrow Cross. The ZYRM operatives were at a loss. [&hellip;]<\/p>\n","protected":false},"author":2,"featured_media":0,"parent":3023,"menu_order":3,"comment_status":"closed","ping_status":"closed","template":"","meta":{"_acf_changed":false,"footnotes":""},"class_list":["post-3030","page","type-page","status-publish","hentry"],"acf":[],"yoast_head":"<!-- This site is optimized with the Yoast SEO plugin v27.4 - https:\/\/yoast.com\/product\/yoast-seo-wordpress\/ -->\n<title>Kepes-Kadmon saves a home - \u05d4\u05e2\u05de\u05d5\u05ea\u05d4 \u05dc\u05d7\u05e7\u05e8 \u05ea\u05e0\u05d5\u05e2\u05d5\u05ea \u05d4\u05e0\u05d5\u05e2\u05e8 \u05d4\u05e6\u05d9\u05d5\u05e0\u05d9\u05d5\u05ea \u05d1\u05d4\u05d5\u05e0\u05d2\u05e8\u05d9\u05d4<\/title>\n<meta name=\"robots\" content=\"index, follow, max-snippet:-1, max-image-preview:large, max-video-preview:-1\" \/>\n<link rel=\"canonical\" href=\"https:\/\/machteret1944.org\/en\/the-childrens-houses\/kepes-kadmon-saves-the-childrens-house\/\" \/>\n<meta property=\"og:locale\" content=\"en_US\" \/>\n<meta property=\"og:type\" content=\"article\" \/>\n<meta property=\"og:title\" content=\"Kepes-Kadmon saves a home - \u05d4\u05e2\u05de\u05d5\u05ea\u05d4 \u05dc\u05d7\u05e7\u05e8 \u05ea\u05e0\u05d5\u05e2\u05d5\u05ea \u05d4\u05e0\u05d5\u05e2\u05e8 \u05d4\u05e6\u05d9\u05d5\u05e0\u05d9\u05d5\u05ea \u05d1\u05d4\u05d5\u05e0\u05d2\u05e8\u05d9\u05d4\" \/>\n<meta property=\"og:description\" content=\"One of the International Red Cross offices that \u201chosted\u201d the underground Zionist Youth Resistance Movement (ZYRM) was on Baross St., in Budapest. Toward the end of December, 1944, the staff received a harrowing telephone call: the children\u2019s house on Nagyfuvaros St. was being evacuated by the Arrow Cross. The ZYRM operatives were at a loss. [&hellip;]\" \/>\n<meta property=\"og:url\" content=\"https:\/\/machteret1944.org\/en\/the-childrens-houses\/kepes-kadmon-saves-the-childrens-house\/\" \/>\n<meta property=\"og:site_name\" content=\"\u05d4\u05e2\u05de\u05d5\u05ea\u05d4 \u05dc\u05d7\u05e7\u05e8 \u05ea\u05e0\u05d5\u05e2\u05d5\u05ea \u05d4\u05e0\u05d5\u05e2\u05e8 \u05d4\u05e6\u05d9\u05d5\u05e0\u05d9\u05d5\u05ea \u05d1\u05d4\u05d5\u05e0\u05d2\u05e8\u05d9\u05d4\" \/>\n<meta property=\"article:modified_time\" content=\"2023-07-12T14:39:09+00:00\" \/>\n<meta name=\"twitter:card\" content=\"summary_large_image\" \/>\n<meta name=\"twitter:label1\" content=\"Est. reading time\" \/>\n\t<meta name=\"twitter:data1\" content=\"2 minutes\" \/>\n<script type=\"application\/ld+json\" class=\"yoast-schema-graph\">{\"@context\":\"https:\\\/\\\/schema.org\",\"@graph\":[{\"@type\":\"WebPage\",\"@id\":\"https:\\\/\\\/machteret1944.org\\\/en\\\/the-childrens-houses\\\/kepes-kadmon-saves-the-childrens-house\\\/\",\"url\":\"https:\\\/\\\/machteret1944.org\\\/en\\\/the-childrens-houses\\\/kepes-kadmon-saves-the-childrens-house\\\/\",\"name\":\"Kepes-Kadmon saves a home - \u05d4\u05e2\u05de\u05d5\u05ea\u05d4 \u05dc\u05d7\u05e7\u05e8 \u05ea\u05e0\u05d5\u05e2\u05d5\u05ea \u05d4\u05e0\u05d5\u05e2\u05e8 \u05d4\u05e6\u05d9\u05d5\u05e0\u05d9\u05d5\u05ea \u05d1\u05d4\u05d5\u05e0\u05d2\u05e8\u05d9\u05d4\",\"isPartOf\":{\"@id\":\"https:\\\/\\\/machteret1944.org\\\/en\\\/#website\"},\"datePublished\":\"2021-02-17T14:19:42+00:00\",\"dateModified\":\"2023-07-12T14:39:09+00:00\",\"breadcrumb\":{\"@id\":\"https:\\\/\\\/machteret1944.org\\\/en\\\/the-childrens-houses\\\/kepes-kadmon-saves-the-childrens-house\\\/#breadcrumb\"},\"inLanguage\":\"en-US\",\"potentialAction\":[{\"@type\":\"ReadAction\",\"target\":[\"https:\\\/\\\/machteret1944.org\\\/en\\\/the-childrens-houses\\\/kepes-kadmon-saves-the-childrens-house\\\/\"]}]},{\"@type\":\"BreadcrumbList\",\"@id\":\"https:\\\/\\\/machteret1944.org\\\/en\\\/the-childrens-houses\\\/kepes-kadmon-saves-the-childrens-house\\\/#breadcrumb\",\"itemListElement\":[{\"@type\":\"ListItem\",\"position\":1,\"name\":\"HOMEPAGE\",\"item\":\"https:\\\/\\\/machteret1944.org\\\/en\\\/\"},{\"@type\":\"ListItem\",\"position\":2,\"name\":\"Homes for Children\",\"item\":\"https:\\\/\\\/machteret1944.org\\\/en\\\/the-childrens-houses\\\/\"},{\"@type\":\"ListItem\",\"position\":3,\"name\":\"Kepes-Kadmon saves a home\"}]},{\"@type\":\"WebSite\",\"@id\":\"https:\\\/\\\/machteret1944.org\\\/en\\\/#website\",\"url\":\"https:\\\/\\\/machteret1944.org\\\/en\\\/\",\"name\":\"\u05d4\u05e2\u05de\u05d5\u05ea\u05d4 \u05dc\u05d7\u05e7\u05e8 \u05ea\u05e0\u05d5\u05e2\u05d5\u05ea \u05d4\u05e0\u05d5\u05e2\u05e8 \u05d4\u05e6\u05d9\u05d5\u05e0\u05d9\u05d5\u05ea \u05d1\u05d4\u05d5\u05e0\u05d2\u05e8\u05d9\u05d4\",\"description\":\"\u05d4\u05e2\u05de\u05d5\u05ea\u05d4 \u05dc\u05d7\u05e7\u05e8 \u05ea\u05e0\u05d5\u05e2\u05d5\u05ea \u05d4\u05e0\u05d5\u05e2\u05e8 \u05d4\u05e6\u05d9\u05d5\u05e0\u05d9\u05d5\u05ea \u05d1\u05d4\u05d5\u05e0\u05d2\u05e8\u05d9\u05d4\",\"publisher\":{\"@id\":\"https:\\\/\\\/machteret1944.org\\\/en\\\/#organization\"},\"potentialAction\":[{\"@type\":\"SearchAction\",\"target\":{\"@type\":\"EntryPoint\",\"urlTemplate\":\"https:\\\/\\\/machteret1944.org\\\/en\\\/?s={search_term_string}\"},\"query-input\":{\"@type\":\"PropertyValueSpecification\",\"valueRequired\":true,\"valueName\":\"search_term_string\"}}],\"inLanguage\":\"en-US\"},{\"@type\":\"Organization\",\"@id\":\"https:\\\/\\\/machteret1944.org\\\/en\\\/#organization\",\"name\":\"\u05d4\u05e2\u05de\u05d5\u05ea\u05d4 \u05dc\u05d7\u05e7\u05e8 \u05ea\u05e0\u05d5\u05e2\u05d5\u05ea \u05d4\u05e0\u05d5\u05e2\u05e8 \u05d4\u05e6\u05d9\u05d5\u05e0\u05d9\u05d5\u05ea \u05d1\u05d4\u05d5\u05e0\u05d2\u05e8\u05d9\u05d4\",\"url\":\"https:\\\/\\\/machteret1944.org\\\/en\\\/\",\"logo\":{\"@type\":\"ImageObject\",\"inLanguage\":\"en-US\",\"@id\":\"https:\\\/\\\/machteret1944.org\\\/en\\\/#\\\/schema\\\/logo\\\/image\\\/\",\"url\":\"https:\\\/\\\/machteret1944.org\\\/wp-content\\\/uploads\\\/2020\\\/12\\\/\u05dc\u05d5\u05d2\u05d5-\u05dc\u05e2\u05de\u05d5\u05ea\u05d4.png\",\"contentUrl\":\"https:\\\/\\\/machteret1944.org\\\/wp-content\\\/uploads\\\/2020\\\/12\\\/\u05dc\u05d5\u05d2\u05d5-\u05dc\u05e2\u05de\u05d5\u05ea\u05d4.png\",\"width\":841,\"height\":290,\"caption\":\"\u05d4\u05e2\u05de\u05d5\u05ea\u05d4 \u05dc\u05d7\u05e7\u05e8 \u05ea\u05e0\u05d5\u05e2\u05d5\u05ea \u05d4\u05e0\u05d5\u05e2\u05e8 \u05d4\u05e6\u05d9\u05d5\u05e0\u05d9\u05d5\u05ea \u05d1\u05d4\u05d5\u05e0\u05d2\u05e8\u05d9\u05d4\"},\"image\":{\"@id\":\"https:\\\/\\\/machteret1944.org\\\/en\\\/#\\\/schema\\\/logo\\\/image\\\/\"}}]}<\/script>\n<!-- \/ Yoast SEO plugin. -->","yoast_head_json":{"title":"Kepes-Kadmon saves a home - \u05d4\u05e2\u05de\u05d5\u05ea\u05d4 \u05dc\u05d7\u05e7\u05e8 \u05ea\u05e0\u05d5\u05e2\u05d5\u05ea \u05d4\u05e0\u05d5\u05e2\u05e8 \u05d4\u05e6\u05d9\u05d5\u05e0\u05d9\u05d5\u05ea \u05d1\u05d4\u05d5\u05e0\u05d2\u05e8\u05d9\u05d4","robots":{"index":"index","follow":"follow","max-snippet":"max-snippet:-1","max-image-preview":"max-image-preview:large","max-video-preview":"max-video-preview:-1"},"canonical":"https:\/\/machteret1944.org\/en\/the-childrens-houses\/kepes-kadmon-saves-the-childrens-house\/","og_locale":"en_US","og_type":"article","og_title":"Kepes-Kadmon saves a home - \u05d4\u05e2\u05de\u05d5\u05ea\u05d4 \u05dc\u05d7\u05e7\u05e8 \u05ea\u05e0\u05d5\u05e2\u05d5\u05ea \u05d4\u05e0\u05d5\u05e2\u05e8 \u05d4\u05e6\u05d9\u05d5\u05e0\u05d9\u05d5\u05ea \u05d1\u05d4\u05d5\u05e0\u05d2\u05e8\u05d9\u05d4","og_description":"One of the International Red Cross offices that \u201chosted\u201d the underground Zionist Youth Resistance Movement (ZYRM) was on Baross St., in Budapest. Toward the end of December, 1944, the staff received a harrowing telephone call: the children\u2019s house on Nagyfuvaros St. was being evacuated by the Arrow Cross. The ZYRM operatives were at a loss. [&hellip;]","og_url":"https:\/\/machteret1944.org\/en\/the-childrens-houses\/kepes-kadmon-saves-the-childrens-house\/","og_site_name":"\u05d4\u05e2\u05de\u05d5\u05ea\u05d4 \u05dc\u05d7\u05e7\u05e8 \u05ea\u05e0\u05d5\u05e2\u05d5\u05ea \u05d4\u05e0\u05d5\u05e2\u05e8 \u05d4\u05e6\u05d9\u05d5\u05e0\u05d9\u05d5\u05ea \u05d1\u05d4\u05d5\u05e0\u05d2\u05e8\u05d9\u05d4","article_modified_time":"2023-07-12T14:39:09+00:00","twitter_card":"summary_large_image","twitter_misc":{"Est. reading time":"2 minutes"},"schema":{"@context":"https:\/\/schema.org","@graph":[{"@type":"WebPage","@id":"https:\/\/machteret1944.org\/en\/the-childrens-houses\/kepes-kadmon-saves-the-childrens-house\/","url":"https:\/\/machteret1944.org\/en\/the-childrens-houses\/kepes-kadmon-saves-the-childrens-house\/","name":"Kepes-Kadmon saves a home - \u05d4\u05e2\u05de\u05d5\u05ea\u05d4 \u05dc\u05d7\u05e7\u05e8 \u05ea\u05e0\u05d5\u05e2\u05d5\u05ea \u05d4\u05e0\u05d5\u05e2\u05e8 \u05d4\u05e6\u05d9\u05d5\u05e0\u05d9\u05d5\u05ea \u05d1\u05d4\u05d5\u05e0\u05d2\u05e8\u05d9\u05d4","isPartOf":{"@id":"https:\/\/machteret1944.org\/en\/#website"},"datePublished":"2021-02-17T14:19:42+00:00","dateModified":"2023-07-12T14:39:09+00:00","breadcrumb":{"@id":"https:\/\/machteret1944.org\/en\/the-childrens-houses\/kepes-kadmon-saves-the-childrens-house\/#breadcrumb"},"inLanguage":"en-US","potentialAction":[{"@type":"ReadAction","target":["https:\/\/machteret1944.org\/en\/the-childrens-houses\/kepes-kadmon-saves-the-childrens-house\/"]}]},{"@type":"BreadcrumbList","@id":"https:\/\/machteret1944.org\/en\/the-childrens-houses\/kepes-kadmon-saves-the-childrens-house\/#breadcrumb","itemListElement":[{"@type":"ListItem","position":1,"name":"HOMEPAGE","item":"https:\/\/machteret1944.org\/en\/"},{"@type":"ListItem","position":2,"name":"Homes for Children","item":"https:\/\/machteret1944.org\/en\/the-childrens-houses\/"},{"@type":"ListItem","position":3,"name":"Kepes-Kadmon saves a home"}]},{"@type":"WebSite","@id":"https:\/\/machteret1944.org\/en\/#website","url":"https:\/\/machteret1944.org\/en\/","name":"\u05d4\u05e2\u05de\u05d5\u05ea\u05d4 \u05dc\u05d7\u05e7\u05e8 \u05ea\u05e0\u05d5\u05e2\u05d5\u05ea \u05d4\u05e0\u05d5\u05e2\u05e8 \u05d4\u05e6\u05d9\u05d5\u05e0\u05d9\u05d5\u05ea \u05d1\u05d4\u05d5\u05e0\u05d2\u05e8\u05d9\u05d4","description":"\u05d4\u05e2\u05de\u05d5\u05ea\u05d4 \u05dc\u05d7\u05e7\u05e8 \u05ea\u05e0\u05d5\u05e2\u05d5\u05ea \u05d4\u05e0\u05d5\u05e2\u05e8 \u05d4\u05e6\u05d9\u05d5\u05e0\u05d9\u05d5\u05ea \u05d1\u05d4\u05d5\u05e0\u05d2\u05e8\u05d9\u05d4","publisher":{"@id":"https:\/\/machteret1944.org\/en\/#organization"},"potentialAction":[{"@type":"SearchAction","target":{"@type":"EntryPoint","urlTemplate":"https:\/\/machteret1944.org\/en\/?s={search_term_string}"},"query-input":{"@type":"PropertyValueSpecification","valueRequired":true,"valueName":"search_term_string"}}],"inLanguage":"en-US"},{"@type":"Organization","@id":"https:\/\/machteret1944.org\/en\/#organization","name":"\u05d4\u05e2\u05de\u05d5\u05ea\u05d4 \u05dc\u05d7\u05e7\u05e8 \u05ea\u05e0\u05d5\u05e2\u05d5\u05ea \u05d4\u05e0\u05d5\u05e2\u05e8 \u05d4\u05e6\u05d9\u05d5\u05e0\u05d9\u05d5\u05ea \u05d1\u05d4\u05d5\u05e0\u05d2\u05e8\u05d9\u05d4","url":"https:\/\/machteret1944.org\/en\/","logo":{"@type":"ImageObject","inLanguage":"en-US","@id":"https:\/\/machteret1944.org\/en\/#\/schema\/logo\/image\/","url":"https:\/\/machteret1944.org\/wp-content\/uploads\/2020\/12\/\u05dc\u05d5\u05d2\u05d5-\u05dc\u05e2\u05de\u05d5\u05ea\u05d4.png","contentUrl":"https:\/\/machteret1944.org\/wp-content\/uploads\/2020\/12\/\u05dc\u05d5\u05d2\u05d5-\u05dc\u05e2\u05de\u05d5\u05ea\u05d4.png","width":841,"height":290,"caption":"\u05d4\u05e2\u05de\u05d5\u05ea\u05d4 \u05dc\u05d7\u05e7\u05e8 \u05ea\u05e0\u05d5\u05e2\u05d5\u05ea \u05d4\u05e0\u05d5\u05e2\u05e8 \u05d4\u05e6\u05d9\u05d5\u05e0\u05d9\u05d5\u05ea \u05d1\u05d4\u05d5\u05e0\u05d2\u05e8\u05d9\u05d4"},"image":{"@id":"https:\/\/machteret1944.org\/en\/#\/schema\/logo\/image\/"}}]}},"_links":{"self":[{"href":"https:\/\/machteret1944.org\/en\/wp-json\/wp\/v2\/pages\/3030","targetHints":{"allow":["GET"]}}],"collection":[{"href":"https:\/\/machteret1944.org\/en\/wp-json\/wp\/v2\/pages"}],"about":[{"href":"https:\/\/machteret1944.org\/en\/wp-json\/wp\/v2\/types\/page"}],"author":[{"embeddable":true,"href":"https:\/\/machteret1944.org\/en\/wp-json\/wp\/v2\/users\/2"}],"replies":[{"embeddable":true,"href":"https:\/\/machteret1944.org\/en\/wp-json\/wp\/v2\/comments?post=3030"}],"version-history":[{"count":3,"href":"https:\/\/machteret1944.org\/en\/wp-json\/wp\/v2\/pages\/3030\/revisions"}],"predecessor-version":[{"id":3309,"href":"https:\/\/machteret1944.org\/en\/wp-json\/wp\/v2\/pages\/3030\/revisions\/3309"}],"up":[{"embeddable":true,"href":"https:\/\/machteret1944.org\/en\/wp-json\/wp\/v2\/pages\/3023"}],"wp:attachment":[{"href":"https:\/\/machteret1944.org\/en\/wp-json\/wp\/v2\/media?parent=3030"}],"curies":[{"name":"wp","href":"https:\/\/api.w.org\/{rel}","templated":true}]}}