{"id":3072,"date":"2021-02-22T18:15:56","date_gmt":"2021-02-22T18:15:56","guid":{"rendered":"https:\/\/machteret1944.org\/the-glass-house\/%d7%91%d7%99%d7%aa-%d7%94%d7%96%d7%9b%d7%95%d7%9b%d7%99%d7%aa-%d7%9b%d7%9e%d7%95%d7%a7%d7%93-%d7%94%d7%a6%d7%9c%d7%94\/"},"modified":"2022-12-29T14:49:56","modified_gmt":"2022-12-29T14:49:56","slug":"the-glass-house-as-a-rescue-site","status":"publish","type":"page","link":"https:\/\/machteret1944.org\/en\/the-glass-house\/the-glass-house-as-a-rescue-site\/","title":{"rendered":"The Glass House as a Rescue Site"},"content":{"rendered":"<p>On 19 March, 1944, the German army entered Hungary. Starting on that date, all matters concerning the Jews fell under German authority. Their fate was dictated by Adolph Eichmann\u2019s special unit, and executed by the Gestapo and its Hungarian minions.<\/p>\n<p>On 26 June, 1944, three weeks after the Allied invasion of Normandy, on the coast of France, the Hungarian Crown Council, headed by Regent Mikl\u00f3s\u00a0Horthy, convened and ratified the Hungarian cabinet\u2019s decision to honor the request by Swiss Deputy Consul Carl Lutz, that the holders of 7,800 \u201ccertificates\u201d to immigrate to British-controlled Palestine be allowed to leave Hungary.<\/p>\n<p>Car Lutz was appointed as Switzerland\u2019s deputy consul in Hungary on 2 January 1942. His job included representing the countries whose diplomatic relations with Hungary had been severed due to the war. In mid-June 1944 Lutz asked the Hungarian government to allow him to distribute the 7,800 immigration certificates (issued by the British Mandate in Palestine), which had been relayed to the Palestine Office in Budapest.<\/p>\n<p>Following the Hungarian government\u2019s approval of the distribution of the certificates, Lutz requested permission to set up a new office, separate from the Swiss consulate, where he was already handling the consular matters of 12 countries. The sole purpose of the new office was to process applications for the certificates. Palestine Office Director Moshe Kraus, who had obtained asylum in the Swiss consulate, asked the Hungarian Zionist Association to help find a suitable building. Albert Geyer, a lawyer who represented the association, suggested the glass factory owned by the Weiss family, at 26 Vad\u00e1sz Street, and the Weiss family agreed. At the request of Lt. Col. L\u00e1szl\u00f3 Ferenczy, the Hungarian Royal Gendarmerie\u2019s liaison with the Gestapo, ownership of the building was transferred to the Swiss embassy. On 24 June, 1944, a sign was affixed to the building, \u201cDepartment of Emigration, Representation of the Foreign Interests of the Swiss Legation.\u201d<\/p>\n<p>The Zionist activists formed the backbone of the clerks who processed the applications and verified the eligibility of the 7,800 Jews who sought to build their future in Palestine. The application forms with all their details and the applicants\u2019 photos, and which were signed by Carl Lutz and the Hungarian Ministry of Foreign Affairs were bound in four albums.<\/p>\n<p>The applicants received confirmation that they were included in a \u201ccollective passport\u201d and that until the completion of the formal processing (the German passage permit was granted only on 15 November, 1944, by which time half of Hungary was controlled by the Red Army), they were protected by the Swiss government.<\/p>\n<p>From the moment the Germans invaded Hungary, the Zionist youth movements operated together as the underground Zionist Youth Resistance Movement (ZYRM). This organization claimed that it was an Aliyah movement and demanded its own representation, as had been the practice for many years in the Palestine Office in Hungary. Their request was accepted and in the middle of August the movement was assigned an office in the Glass House. The sign on the door was the Halutz Department, and its director, Rafi Benshalom, represented all the branches of the ZYRM. Rafi represented the ZYRM in all its dealings with the management of the Glass House, the Zionist institutions, the Jewish community bodies and the neutral embassies.<\/p>\n<p>The ZYRM, under the auspices of the extraterritorial status of the Glass House, was able to hold its meetings in the building. At these meetings, tasks were delegated, members were given life-saving documents to use during their missions, underground couriers were sent out, information was shared regarding successful border crossings, or conversely, regarding members who had been captured by the police, and plans were made to release the prisoners. This safe house was used for discussions with representatives of the non-Jewish anti-Nazi groups, who came for assistance from the ZYRM. All these activities were conducted without the knowledge of the Glass House director or Consul Lutz.<\/p>\n<p>The constant comings and goings at the Halutz office attracted attention, and the management was not pleased with all the activity. On 15 October, 1944, the directorate exercised its authority and banned the entry of the ZYRM leadership. The police at the main gate, who personally knew each and every one of the leaders, gave them the disturbing news. Rafi Benshalom and Efraim Agmon forcefully interrupted a meeting of the directorate, demanded their rights and the rights of the ZYRM. Only the radio announcement of Horthy\u2019s message of a ceasefire between Hungary and the Soviet Union halted the argument.<\/p>\n<p>After the Hungarian Arrow Cross party gained control of the government, dramatic events ensued, one after another. Budapest\u2019s Jewish residents (men aged 16-60, women aged 16-40) were conscripted to forced labor units, to build fortifications around the city. 70 units of the Hungarian army\u2019s Jewish forced laborers came under the direct command of the Germans. In a brutal death march, women, elderly men and children were exiled to Germany. During that period, the outskirts of Budapest resounded with the thundering of Soviet Katyusha rockets.<\/p>\n<p>The mood in the Glass House changed. The underground and its ideals were accorded legitimacy. The doors of the building were opened to the Zionist youth movement members and deserters from the forced labor companies, and essentially any Jews who reached the building were given refuge. The sign of the Swiss consulate was also affixed outside the office building at 17 Wekerle St., and passageways were dug between the basements of the Glass House and the neighboring abandoned offices of the Hungarian Football Association at 31 Vad\u00e1sz St. By liberation day on 18 January 1945, the three buildings that comprised the Glass House complex were serving as a safe haven for over 4,000 Jews.<\/p>\n<p>The Glass House building was not designed to house thousands of people. In the new reality the administration had to maintain order and discipline, and organize sleeping arrangements (in shifts), food, water, sanitation and guard duty at the entrance. Alexander Grossmann shouldered these responsibilities, and with exceptional organizational skills and tireless dedication (sleeping only 2-3 hours each night), he managed the daily lives and activities of the multi-generational masses that crowded into the commercial building that was initially transformed into \u201cconsulate\u201d and ultimately became the largest and safest refuge for the persecuted Jews of Budapest. \u00a0The attic housed the Hanoar Hatzioni members, members of the Mizrahi movement and Bnei Akiva. The basement was shared by members of the Hashomer Hatzair , Maccabi Hatzair and Dror Habonim. The basement was also the location of the synagogue and had space allocated to Orthodox families with children. Grossmann\u2019s burly guards regulated the traffic at the entrance gate.<\/p>\n<p>When the \u201cconsulate\u201d extended its control to additional buildings, Grossmann moved his office to the \u201cbranch\u201d at 17 Wekerle St. Simha Hunwald took over for him at the Glass House. Alexander (Shimshon) Natan was chosen as the \u201ccommander\u201d in charge of the nearly 1,000 youth movement cadets and forced labor unit deserters, who moved into the adjacent basement at 31 Vad\u00e1sz St. Hunwald and Nathan were assisted by activists at the Glass House and group leaders of the various youth movements, such as Moshe Biedermann (Hanoar Hatzioni ) and Benjamin Feigenbaum (Bnei Akiva).<\/p>\n<h1>The underground leaders realized they had one mission: staying alive. There, in the confines of the Glass House, they came up with the idea to provide every Jew with a Schutzpass \u2013 a certificate of protection from the Swiss government \u2013 to delay the inevitable for as long as possible. During the final months of the Arrow Cross\u2019s reign of terror, led by Ferenc Sz\u00e1lasi, and the siege of Budapest, the underground initiated the printing and distribution of 120,000 Swiss protection certificates.<\/h1>\n<p>The certificates were distributed by members of the underground , via every possible channel, including the International Red Cross\u2019s offices, institutions and children\u2019s houses. In order to keep up with the demand, the underground set up a \u201cconsular branch\u201d at 2 Perczel Mor St., opposite the consulate where Carl Lutz worked, on Szabads\u00e1g t\u00e9r (Liberty Square). Peretz R\u00e9v\u00e9sz and Avri Feigenbaum were in charge of that branch. Mounted police were stationed outside the entrance to the branch, to maintain order among the thousands of certificate applicants.<\/p>\n<p>Pest, the eastern part of the Hungarian capital, including the Glass House and its branches, the main ghetto in the District VII, and the international ghetto (what was left of it), was liberated by the Soviet army on 18 January, 1945.<\/p>\n<p>&nbsp;<\/p>\n","protected":false},"excerpt":{"rendered":"<p>On 19 March, 1944, the German army entered Hungary. Starting on that date, all matters concerning the Jews fell under German authority. Their fate was dictated by Adolph Eichmann\u2019s special unit, and executed by the Gestapo and its Hungarian minions. On 26 June, 1944, three weeks after the Allied invasion of Normandy, on the coast [&hellip;]<\/p>\n","protected":false},"author":2,"featured_media":2460,"parent":3070,"menu_order":2,"comment_status":"closed","ping_status":"closed","template":"","meta":{"_acf_changed":false,"footnotes":""},"class_list":["post-3072","page","type-page","status-publish","has-post-thumbnail","hentry"],"acf":[],"yoast_head":"<!-- This site is optimized with the Yoast SEO plugin v27.3 - https:\/\/yoast.com\/product\/yoast-seo-wordpress\/ -->\n<title>The Glass House as a Rescue Site - \u05d4\u05e2\u05de\u05d5\u05ea\u05d4 \u05dc\u05d7\u05e7\u05e8 \u05ea\u05e0\u05d5\u05e2\u05d5\u05ea \u05d4\u05e0\u05d5\u05e2\u05e8 \u05d4\u05e6\u05d9\u05d5\u05e0\u05d9\u05d5\u05ea \u05d1\u05d4\u05d5\u05e0\u05d2\u05e8\u05d9\u05d4<\/title>\n<meta name=\"robots\" content=\"index, follow, max-snippet:-1, max-image-preview:large, max-video-preview:-1\" \/>\n<link rel=\"canonical\" href=\"https:\/\/machteret1944.org\/en\/the-glass-house\/the-glass-house-as-a-rescue-site\/\" \/>\n<meta property=\"og:locale\" content=\"en_US\" \/>\n<meta property=\"og:type\" content=\"article\" \/>\n<meta property=\"og:title\" content=\"The Glass House as a Rescue Site - \u05d4\u05e2\u05de\u05d5\u05ea\u05d4 \u05dc\u05d7\u05e7\u05e8 \u05ea\u05e0\u05d5\u05e2\u05d5\u05ea \u05d4\u05e0\u05d5\u05e2\u05e8 \u05d4\u05e6\u05d9\u05d5\u05e0\u05d9\u05d5\u05ea \u05d1\u05d4\u05d5\u05e0\u05d2\u05e8\u05d9\u05d4\" \/>\n<meta property=\"og:description\" content=\"On 19 March, 1944, the German army entered Hungary. Starting on that date, all matters concerning the Jews fell under German authority. Their fate was dictated by Adolph Eichmann\u2019s special unit, and executed by the Gestapo and its Hungarian minions. On 26 June, 1944, three weeks after the Allied invasion of Normandy, on the coast [&hellip;]\" \/>\n<meta property=\"og:url\" content=\"https:\/\/machteret1944.org\/en\/the-glass-house\/the-glass-house-as-a-rescue-site\/\" \/>\n<meta property=\"og:site_name\" content=\"\u05d4\u05e2\u05de\u05d5\u05ea\u05d4 \u05dc\u05d7\u05e7\u05e8 \u05ea\u05e0\u05d5\u05e2\u05d5\u05ea \u05d4\u05e0\u05d5\u05e2\u05e8 \u05d4\u05e6\u05d9\u05d5\u05e0\u05d9\u05d5\u05ea \u05d1\u05d4\u05d5\u05e0\u05d2\u05e8\u05d9\u05d4\" \/>\n<meta property=\"article:modified_time\" content=\"2022-12-29T14:49:56+00:00\" \/>\n<meta property=\"og:image\" content=\"https:\/\/machteret1944.org\/wp-content\/uploads\/2020\/12\/\u05ea\u05de\u05d5\u05e0\u05d4_\u05de\u05e9\u05d5\u05e4\u05e8\u05ea-2.jpg\" \/>\n\t<meta property=\"og:image:width\" content=\"1952\" \/>\n\t<meta property=\"og:image:height\" content=\"1364\" \/>\n\t<meta property=\"og:image:type\" content=\"image\/jpeg\" \/>\n<meta name=\"twitter:card\" content=\"summary_large_image\" \/>\n<meta name=\"twitter:label1\" content=\"Est. reading time\" \/>\n\t<meta name=\"twitter:data1\" content=\"8 minutes\" \/>\n<script type=\"application\/ld+json\" class=\"yoast-schema-graph\">{\"@context\":\"https:\\\/\\\/schema.org\",\"@graph\":[{\"@type\":\"WebPage\",\"@id\":\"https:\\\/\\\/machteret1944.org\\\/en\\\/the-glass-house\\\/the-glass-house-as-a-rescue-site\\\/\",\"url\":\"https:\\\/\\\/machteret1944.org\\\/en\\\/the-glass-house\\\/the-glass-house-as-a-rescue-site\\\/\",\"name\":\"The Glass House as a Rescue Site - \u05d4\u05e2\u05de\u05d5\u05ea\u05d4 \u05dc\u05d7\u05e7\u05e8 \u05ea\u05e0\u05d5\u05e2\u05d5\u05ea \u05d4\u05e0\u05d5\u05e2\u05e8 \u05d4\u05e6\u05d9\u05d5\u05e0\u05d9\u05d5\u05ea \u05d1\u05d4\u05d5\u05e0\u05d2\u05e8\u05d9\u05d4\",\"isPartOf\":{\"@id\":\"https:\\\/\\\/machteret1944.org\\\/en\\\/#website\"},\"primaryImageOfPage\":{\"@id\":\"https:\\\/\\\/machteret1944.org\\\/en\\\/the-glass-house\\\/the-glass-house-as-a-rescue-site\\\/#primaryimage\"},\"image\":{\"@id\":\"https:\\\/\\\/machteret1944.org\\\/en\\\/the-glass-house\\\/the-glass-house-as-a-rescue-site\\\/#primaryimage\"},\"thumbnailUrl\":\"https:\\\/\\\/machteret1944.org\\\/wp-content\\\/uploads\\\/2020\\\/12\\\/\u05ea\u05de\u05d5\u05e0\u05d4_\u05de\u05e9\u05d5\u05e4\u05e8\u05ea-2.jpg\",\"datePublished\":\"2021-02-22T18:15:56+00:00\",\"dateModified\":\"2022-12-29T14:49:56+00:00\",\"breadcrumb\":{\"@id\":\"https:\\\/\\\/machteret1944.org\\\/en\\\/the-glass-house\\\/the-glass-house-as-a-rescue-site\\\/#breadcrumb\"},\"inLanguage\":\"en-US\",\"potentialAction\":[{\"@type\":\"ReadAction\",\"target\":[\"https:\\\/\\\/machteret1944.org\\\/en\\\/the-glass-house\\\/the-glass-house-as-a-rescue-site\\\/\"]}]},{\"@type\":\"ImageObject\",\"inLanguage\":\"en-US\",\"@id\":\"https:\\\/\\\/machteret1944.org\\\/en\\\/the-glass-house\\\/the-glass-house-as-a-rescue-site\\\/#primaryimage\",\"url\":\"https:\\\/\\\/machteret1944.org\\\/wp-content\\\/uploads\\\/2020\\\/12\\\/\u05ea\u05de\u05d5\u05e0\u05d4_\u05de\u05e9\u05d5\u05e4\u05e8\u05ea-2.jpg\",\"contentUrl\":\"https:\\\/\\\/machteret1944.org\\\/wp-content\\\/uploads\\\/2020\\\/12\\\/\u05ea\u05de\u05d5\u05e0\u05d4_\u05de\u05e9\u05d5\u05e4\u05e8\u05ea-2.jpg\",\"width\":1952,\"height\":1364},{\"@type\":\"BreadcrumbList\",\"@id\":\"https:\\\/\\\/machteret1944.org\\\/en\\\/the-glass-house\\\/the-glass-house-as-a-rescue-site\\\/#breadcrumb\",\"itemListElement\":[{\"@type\":\"ListItem\",\"position\":1,\"name\":\"HOMEPAGE\",\"item\":\"https:\\\/\\\/machteret1944.org\\\/en\\\/\"},{\"@type\":\"ListItem\",\"position\":2,\"name\":\"The Glass House\",\"item\":\"https:\\\/\\\/machteret1944.org\\\/en\\\/the-glass-house\\\/\"},{\"@type\":\"ListItem\",\"position\":3,\"name\":\"The Glass House as a Rescue Site\"}]},{\"@type\":\"WebSite\",\"@id\":\"https:\\\/\\\/machteret1944.org\\\/en\\\/#website\",\"url\":\"https:\\\/\\\/machteret1944.org\\\/en\\\/\",\"name\":\"\u05d4\u05e2\u05de\u05d5\u05ea\u05d4 \u05dc\u05d7\u05e7\u05e8 \u05ea\u05e0\u05d5\u05e2\u05d5\u05ea \u05d4\u05e0\u05d5\u05e2\u05e8 \u05d4\u05e6\u05d9\u05d5\u05e0\u05d9\u05d5\u05ea \u05d1\u05d4\u05d5\u05e0\u05d2\u05e8\u05d9\u05d4\",\"description\":\"\u05d4\u05e2\u05de\u05d5\u05ea\u05d4 \u05dc\u05d7\u05e7\u05e8 \u05ea\u05e0\u05d5\u05e2\u05d5\u05ea \u05d4\u05e0\u05d5\u05e2\u05e8 \u05d4\u05e6\u05d9\u05d5\u05e0\u05d9\u05d5\u05ea \u05d1\u05d4\u05d5\u05e0\u05d2\u05e8\u05d9\u05d4\",\"publisher\":{\"@id\":\"https:\\\/\\\/machteret1944.org\\\/en\\\/#organization\"},\"potentialAction\":[{\"@type\":\"SearchAction\",\"target\":{\"@type\":\"EntryPoint\",\"urlTemplate\":\"https:\\\/\\\/machteret1944.org\\\/en\\\/?s={search_term_string}\"},\"query-input\":{\"@type\":\"PropertyValueSpecification\",\"valueRequired\":true,\"valueName\":\"search_term_string\"}}],\"inLanguage\":\"en-US\"},{\"@type\":\"Organization\",\"@id\":\"https:\\\/\\\/machteret1944.org\\\/en\\\/#organization\",\"name\":\"\u05d4\u05e2\u05de\u05d5\u05ea\u05d4 \u05dc\u05d7\u05e7\u05e8 \u05ea\u05e0\u05d5\u05e2\u05d5\u05ea \u05d4\u05e0\u05d5\u05e2\u05e8 \u05d4\u05e6\u05d9\u05d5\u05e0\u05d9\u05d5\u05ea \u05d1\u05d4\u05d5\u05e0\u05d2\u05e8\u05d9\u05d4\",\"url\":\"https:\\\/\\\/machteret1944.org\\\/en\\\/\",\"logo\":{\"@type\":\"ImageObject\",\"inLanguage\":\"en-US\",\"@id\":\"https:\\\/\\\/machteret1944.org\\\/en\\\/#\\\/schema\\\/logo\\\/image\\\/\",\"url\":\"https:\\\/\\\/machteret1944.org\\\/wp-content\\\/uploads\\\/2020\\\/12\\\/\u05dc\u05d5\u05d2\u05d5-\u05dc\u05e2\u05de\u05d5\u05ea\u05d4.png\",\"contentUrl\":\"https:\\\/\\\/machteret1944.org\\\/wp-content\\\/uploads\\\/2020\\\/12\\\/\u05dc\u05d5\u05d2\u05d5-\u05dc\u05e2\u05de\u05d5\u05ea\u05d4.png\",\"width\":841,\"height\":290,\"caption\":\"\u05d4\u05e2\u05de\u05d5\u05ea\u05d4 \u05dc\u05d7\u05e7\u05e8 \u05ea\u05e0\u05d5\u05e2\u05d5\u05ea \u05d4\u05e0\u05d5\u05e2\u05e8 \u05d4\u05e6\u05d9\u05d5\u05e0\u05d9\u05d5\u05ea \u05d1\u05d4\u05d5\u05e0\u05d2\u05e8\u05d9\u05d4\"},\"image\":{\"@id\":\"https:\\\/\\\/machteret1944.org\\\/en\\\/#\\\/schema\\\/logo\\\/image\\\/\"}}]}<\/script>\n<!-- \/ Yoast SEO plugin. -->","yoast_head_json":{"title":"The Glass House as a Rescue Site - \u05d4\u05e2\u05de\u05d5\u05ea\u05d4 \u05dc\u05d7\u05e7\u05e8 \u05ea\u05e0\u05d5\u05e2\u05d5\u05ea \u05d4\u05e0\u05d5\u05e2\u05e8 \u05d4\u05e6\u05d9\u05d5\u05e0\u05d9\u05d5\u05ea \u05d1\u05d4\u05d5\u05e0\u05d2\u05e8\u05d9\u05d4","robots":{"index":"index","follow":"follow","max-snippet":"max-snippet:-1","max-image-preview":"max-image-preview:large","max-video-preview":"max-video-preview:-1"},"canonical":"https:\/\/machteret1944.org\/en\/the-glass-house\/the-glass-house-as-a-rescue-site\/","og_locale":"en_US","og_type":"article","og_title":"The Glass House as a Rescue Site - \u05d4\u05e2\u05de\u05d5\u05ea\u05d4 \u05dc\u05d7\u05e7\u05e8 \u05ea\u05e0\u05d5\u05e2\u05d5\u05ea \u05d4\u05e0\u05d5\u05e2\u05e8 \u05d4\u05e6\u05d9\u05d5\u05e0\u05d9\u05d5\u05ea \u05d1\u05d4\u05d5\u05e0\u05d2\u05e8\u05d9\u05d4","og_description":"On 19 March, 1944, the German army entered Hungary. Starting on that date, all matters concerning the Jews fell under German authority. Their fate was dictated by Adolph Eichmann\u2019s special unit, and executed by the Gestapo and its Hungarian minions. On 26 June, 1944, three weeks after the Allied invasion of Normandy, on the coast [&hellip;]","og_url":"https:\/\/machteret1944.org\/en\/the-glass-house\/the-glass-house-as-a-rescue-site\/","og_site_name":"\u05d4\u05e2\u05de\u05d5\u05ea\u05d4 \u05dc\u05d7\u05e7\u05e8 \u05ea\u05e0\u05d5\u05e2\u05d5\u05ea \u05d4\u05e0\u05d5\u05e2\u05e8 \u05d4\u05e6\u05d9\u05d5\u05e0\u05d9\u05d5\u05ea \u05d1\u05d4\u05d5\u05e0\u05d2\u05e8\u05d9\u05d4","article_modified_time":"2022-12-29T14:49:56+00:00","og_image":[{"width":1952,"height":1364,"url":"https:\/\/machteret1944.org\/wp-content\/uploads\/2020\/12\/\u05ea\u05de\u05d5\u05e0\u05d4_\u05de\u05e9\u05d5\u05e4\u05e8\u05ea-2.jpg","type":"image\/jpeg"}],"twitter_card":"summary_large_image","twitter_misc":{"Est. reading time":"8 minutes"},"schema":{"@context":"https:\/\/schema.org","@graph":[{"@type":"WebPage","@id":"https:\/\/machteret1944.org\/en\/the-glass-house\/the-glass-house-as-a-rescue-site\/","url":"https:\/\/machteret1944.org\/en\/the-glass-house\/the-glass-house-as-a-rescue-site\/","name":"The Glass House as a Rescue Site - \u05d4\u05e2\u05de\u05d5\u05ea\u05d4 \u05dc\u05d7\u05e7\u05e8 \u05ea\u05e0\u05d5\u05e2\u05d5\u05ea \u05d4\u05e0\u05d5\u05e2\u05e8 \u05d4\u05e6\u05d9\u05d5\u05e0\u05d9\u05d5\u05ea \u05d1\u05d4\u05d5\u05e0\u05d2\u05e8\u05d9\u05d4","isPartOf":{"@id":"https:\/\/machteret1944.org\/en\/#website"},"primaryImageOfPage":{"@id":"https:\/\/machteret1944.org\/en\/the-glass-house\/the-glass-house-as-a-rescue-site\/#primaryimage"},"image":{"@id":"https:\/\/machteret1944.org\/en\/the-glass-house\/the-glass-house-as-a-rescue-site\/#primaryimage"},"thumbnailUrl":"https:\/\/machteret1944.org\/wp-content\/uploads\/2020\/12\/\u05ea\u05de\u05d5\u05e0\u05d4_\u05de\u05e9\u05d5\u05e4\u05e8\u05ea-2.jpg","datePublished":"2021-02-22T18:15:56+00:00","dateModified":"2022-12-29T14:49:56+00:00","breadcrumb":{"@id":"https:\/\/machteret1944.org\/en\/the-glass-house\/the-glass-house-as-a-rescue-site\/#breadcrumb"},"inLanguage":"en-US","potentialAction":[{"@type":"ReadAction","target":["https:\/\/machteret1944.org\/en\/the-glass-house\/the-glass-house-as-a-rescue-site\/"]}]},{"@type":"ImageObject","inLanguage":"en-US","@id":"https:\/\/machteret1944.org\/en\/the-glass-house\/the-glass-house-as-a-rescue-site\/#primaryimage","url":"https:\/\/machteret1944.org\/wp-content\/uploads\/2020\/12\/\u05ea\u05de\u05d5\u05e0\u05d4_\u05de\u05e9\u05d5\u05e4\u05e8\u05ea-2.jpg","contentUrl":"https:\/\/machteret1944.org\/wp-content\/uploads\/2020\/12\/\u05ea\u05de\u05d5\u05e0\u05d4_\u05de\u05e9\u05d5\u05e4\u05e8\u05ea-2.jpg","width":1952,"height":1364},{"@type":"BreadcrumbList","@id":"https:\/\/machteret1944.org\/en\/the-glass-house\/the-glass-house-as-a-rescue-site\/#breadcrumb","itemListElement":[{"@type":"ListItem","position":1,"name":"HOMEPAGE","item":"https:\/\/machteret1944.org\/en\/"},{"@type":"ListItem","position":2,"name":"The Glass House","item":"https:\/\/machteret1944.org\/en\/the-glass-house\/"},{"@type":"ListItem","position":3,"name":"The Glass House as a Rescue Site"}]},{"@type":"WebSite","@id":"https:\/\/machteret1944.org\/en\/#website","url":"https:\/\/machteret1944.org\/en\/","name":"\u05d4\u05e2\u05de\u05d5\u05ea\u05d4 \u05dc\u05d7\u05e7\u05e8 \u05ea\u05e0\u05d5\u05e2\u05d5\u05ea \u05d4\u05e0\u05d5\u05e2\u05e8 \u05d4\u05e6\u05d9\u05d5\u05e0\u05d9\u05d5\u05ea \u05d1\u05d4\u05d5\u05e0\u05d2\u05e8\u05d9\u05d4","description":"\u05d4\u05e2\u05de\u05d5\u05ea\u05d4 \u05dc\u05d7\u05e7\u05e8 \u05ea\u05e0\u05d5\u05e2\u05d5\u05ea \u05d4\u05e0\u05d5\u05e2\u05e8 \u05d4\u05e6\u05d9\u05d5\u05e0\u05d9\u05d5\u05ea \u05d1\u05d4\u05d5\u05e0\u05d2\u05e8\u05d9\u05d4","publisher":{"@id":"https:\/\/machteret1944.org\/en\/#organization"},"potentialAction":[{"@type":"SearchAction","target":{"@type":"EntryPoint","urlTemplate":"https:\/\/machteret1944.org\/en\/?s={search_term_string}"},"query-input":{"@type":"PropertyValueSpecification","valueRequired":true,"valueName":"search_term_string"}}],"inLanguage":"en-US"},{"@type":"Organization","@id":"https:\/\/machteret1944.org\/en\/#organization","name":"\u05d4\u05e2\u05de\u05d5\u05ea\u05d4 \u05dc\u05d7\u05e7\u05e8 \u05ea\u05e0\u05d5\u05e2\u05d5\u05ea \u05d4\u05e0\u05d5\u05e2\u05e8 \u05d4\u05e6\u05d9\u05d5\u05e0\u05d9\u05d5\u05ea \u05d1\u05d4\u05d5\u05e0\u05d2\u05e8\u05d9\u05d4","url":"https:\/\/machteret1944.org\/en\/","logo":{"@type":"ImageObject","inLanguage":"en-US","@id":"https:\/\/machteret1944.org\/en\/#\/schema\/logo\/image\/","url":"https:\/\/machteret1944.org\/wp-content\/uploads\/2020\/12\/\u05dc\u05d5\u05d2\u05d5-\u05dc\u05e2\u05de\u05d5\u05ea\u05d4.png","contentUrl":"https:\/\/machteret1944.org\/wp-content\/uploads\/2020\/12\/\u05dc\u05d5\u05d2\u05d5-\u05dc\u05e2\u05de\u05d5\u05ea\u05d4.png","width":841,"height":290,"caption":"\u05d4\u05e2\u05de\u05d5\u05ea\u05d4 \u05dc\u05d7\u05e7\u05e8 \u05ea\u05e0\u05d5\u05e2\u05d5\u05ea \u05d4\u05e0\u05d5\u05e2\u05e8 \u05d4\u05e6\u05d9\u05d5\u05e0\u05d9\u05d5\u05ea \u05d1\u05d4\u05d5\u05e0\u05d2\u05e8\u05d9\u05d4"},"image":{"@id":"https:\/\/machteret1944.org\/en\/#\/schema\/logo\/image\/"}}]}},"_links":{"self":[{"href":"https:\/\/machteret1944.org\/en\/wp-json\/wp\/v2\/pages\/3072","targetHints":{"allow":["GET"]}}],"collection":[{"href":"https:\/\/machteret1944.org\/en\/wp-json\/wp\/v2\/pages"}],"about":[{"href":"https:\/\/machteret1944.org\/en\/wp-json\/wp\/v2\/types\/page"}],"author":[{"embeddable":true,"href":"https:\/\/machteret1944.org\/en\/wp-json\/wp\/v2\/users\/2"}],"replies":[{"embeddable":true,"href":"https:\/\/machteret1944.org\/en\/wp-json\/wp\/v2\/comments?post=3072"}],"version-history":[{"count":2,"href":"https:\/\/machteret1944.org\/en\/wp-json\/wp\/v2\/pages\/3072\/revisions"}],"predecessor-version":[{"id":3074,"href":"https:\/\/machteret1944.org\/en\/wp-json\/wp\/v2\/pages\/3072\/revisions\/3074"}],"up":[{"embeddable":true,"href":"https:\/\/machteret1944.org\/en\/wp-json\/wp\/v2\/pages\/3070"}],"wp:featuredmedia":[{"embeddable":true,"href":"https:\/\/machteret1944.org\/en\/wp-json\/wp\/v2\/media\/2460"}],"wp:attachment":[{"href":"https:\/\/machteret1944.org\/en\/wp-json\/wp\/v2\/media?parent=3072"}],"curies":[{"name":"wp","href":"https:\/\/api.w.org\/{rel}","templated":true}]}}