{"id":3117,"date":"2021-02-07T12:27:53","date_gmt":"2021-02-07T12:27:53","guid":{"rendered":"https:\/\/machteret1944.org\/emissary-missions\/%d7%a9%d7%9e%d7%95%d7%aa-%d7%94%d7%a9%d7%9c%d7%99%d7%97%d7%99%d7%9d%d7%95%d7%99%d7%a2%d7%93%d7%99%d7%94%d7%9d-%d7%91%d7%99%d7%9f-19-3-%d7%9c-30-6\/"},"modified":"2023-01-01T09:11:48","modified_gmt":"2023-01-01T09:11:48","slug":"the-names-of-the-emissaries-and-their-destinations-from-19-march-until-30-june-1944","status":"publish","type":"page","link":"https:\/\/machteret1944.org\/en\/emissary-missions\/the-names-of-the-emissaries-and-their-destinations-from-19-march-until-30-june-1944\/","title":{"rendered":"The names of the emissaries and their destinations, from 19 March until 30 June, 1944"},"content":{"rendered":"<ol>\n<li><strong>Eliezer Even<\/strong><\/li>\n<\/ol>\n<p>To the city of Sz\u00e9kesfeh\u00e9rv\u00e1r<\/p>\n<ol start=\"2\">\n<li><strong>Betzalel Adler<\/strong><\/li>\n<\/ol>\n<p>To the cities of Kassa and Ungv\u00e1r<\/p>\n<ol start=\"3\">\n<li><strong>Nesher Adler<\/strong><\/li>\n<\/ol>\n<p>To the city of \u00c9rsek\u00fajv\u00e1r<\/p>\n<ol start=\"4\">\n<li><strong>Ephraim Agmon<\/strong><\/li>\n<\/ol>\n<p>Twice each to the cities of M\u00e1t\u00e9szalka and Munk\u00e1cs; to the Tata and P\u00e9cs forced labor camps; (twice each to the S\u00e1rv\u00e1r and Kistarcsa M\u00e1t\u00e9szalka and Munk\u00e1cs detention camps<\/p>\n<p>&nbsp;<\/p>\n<ol start=\"5\">\n<li><strong>Tzipi Agmon<\/strong><\/li>\n<\/ol>\n<p>To the Gestapo prison in Szeged; to the labor camp in the city of Moh\u00e1cs<\/p>\n<ol start=\"6\">\n<li><strong>Hanna Oren (Ac<\/strong><strong>\u00e9zl)<\/strong><\/li>\n<\/ol>\n<p>Rural towns throughout Hungary<\/p>\n<ol start=\"7\">\n<li><strong>Robert Offner<\/strong><\/li>\n<\/ol>\n<p>To the cities of Sopron and Szombathely<\/p>\n<ol start=\"8\">\n<li><strong>Baruch Eisinger<\/strong><\/li>\n<\/ol>\n<p>To the V\u00e1rpalota labor camp<\/p>\n<ol start=\"9\">\n<li><strong>The wife of a railway worker<\/strong><\/li>\n<\/ol>\n<p>To the city of Miskolc<\/p>\n<ol start=\"10\">\n<li><strong>Anonymous<\/strong><\/li>\n<\/ol>\n<p>To the city of Miskolc<\/p>\n<ol start=\"11\">\n<li><strong>Anonymous<\/strong><\/li>\n<\/ol>\n<p>To the town of Csenger<\/p>\n<ol start=\"12\">\n<li><strong>Anonymous<\/strong><\/li>\n<\/ol>\n<p>Sent by Rafi Benshalom to the city of Kassa<\/p>\n<ol start=\"13\">\n<li><strong>Anonymous<\/strong><\/li>\n<\/ol>\n<p>To a labor camp &#8211; probably P\u00e9cs<\/p>\n<ol start=\"14\">\n<li><strong>Anonymous<\/strong><\/li>\n<\/ol>\n<p>To the city of Kolozsv\u00e1r<\/p>\n<ol start=\"15\">\n<li><strong>Anonymous (probably Tzipi Agmon)<\/strong><\/li>\n<\/ol>\n<p>To the city of Kom\u00e1rom<\/p>\n<ol start=\"16\">\n<li><strong>Zehava Arieli<\/strong><\/li>\n<\/ol>\n<p>To the city of Kassa<\/p>\n<ol start=\"17\">\n<li><strong>Asher Ar\u00e1nyi<\/strong><\/li>\n<\/ol>\n<p>To the cities of B\u00e9k\u00e9scsaba, Kassa, Bongur, Kiskunhalas and D\u00e9s<\/p>\n<ol start=\"18\">\n<li><strong>Menahem Baumgarten<\/strong><\/li>\n<\/ol>\n<p>To the city of Huszt<\/p>\n<ol start=\"19\">\n<li><strong>Adonyahu Billitzer<\/strong><br \/>\nThree times, to the city of Debrecen<\/li>\n<li><strong>Pnina Blum (Kaufman)\n<p><\/strong><\/li>\n<li><strong>Tamar Benshalom<\/strong><\/li>\n<\/ol>\n<p>To the city of Kassa and to the Strasshof, B\u00e1cstopolya camps<\/p>\n<ol start=\"22\">\n<li><strong>Shoshana Barzel (Steiner)<\/strong><\/li>\n<\/ol>\n<p>To the labor camp beside V\u00e1c and to the villages of Nagysur\u00e1ny (twice) and \u00c9rsek\u00fajv\u00e1r<\/p>\n<ol start=\"23\">\n<li><strong>Dov Broshi<\/strong><\/li>\n<\/ol>\n<p>To the labor camps in the Sz\u00e9kesfeh\u00e9rv\u00e1r region<\/p>\n<ol start=\"24\">\n<li><strong>Judith Barak\n<p><\/strong><\/li>\n<li><strong>Haim Golan (Fettmann)<br \/>\n<\/strong>To the cities of Debrecen and Ny\u00edrb\u00e1tor<\/li>\n<li><strong>Moshe Golan (Miki Gottesman)<\/strong><\/li>\n<\/ol>\n<p>To the city of Munk\u00e1cs<\/p>\n<ol start=\"27\">\n<li><strong>Joseph G\u00e1rdos<\/strong><\/li>\n<\/ol>\n<p>To the cities of Munk\u00e1cs and Huszt<\/p>\n<ol start=\"28\">\n<li><strong>Lea G\u00e1rdos<\/strong><\/li>\n<\/ol>\n<p>To the city of Debrecen<\/p>\n<ol start=\"29\">\n<li><strong>S\u00e1ndor Gr\u00f3zinger <\/strong><\/li>\n<\/ol>\n<p>To the city of Karcag (twice)<\/p>\n<ol start=\"30\">\n<li><strong>David Gr\u00fcnwald<\/strong><\/li>\n<\/ol>\n<p>To the villages of Ny\u00edregyh\u00e1za and Vencsell\u0151<\/p>\n<ol start=\"31\">\n<li><strong>Hanna Gr\u00fcnfeld<\/strong><strong> (Ganz)<\/strong><\/li>\n<\/ol>\n<p>To the city of Kolozsv\u00e1r<\/p>\n<ol start=\"32\">\n<li><strong>Imre Heffner<\/strong><\/li>\n<\/ol>\n<p>To the Miskolc ghetto<\/p>\n<ol start=\"33\">\n<li><strong>Giora Vago<\/strong><\/li>\n<\/ol>\n<p>To the city of Debrecen<\/p>\n<ol start=\"34\">\n<li><strong>Yaakov Weisz<\/strong><\/li>\n<\/ol>\n<p>To the cities of Kassa (three times) and Munk\u00e1cs<\/p>\n<ol start=\"35\">\n<li><strong>Mordi Weisz<\/strong><\/li>\n<\/ol>\n<p>To the city of Nagyv\u00e1rad<\/p>\n<ol start=\"36\">\n<li><strong>Moshe Weiszkopf<\/strong><\/li>\n<\/ol>\n<p>To the city of Miskolc<\/p>\n<ol start=\"37\">\n<li><strong>Ora Wetzler<\/strong><\/li>\n<\/ol>\n<p>To the labor camp beside V\u00e1c<\/p>\n<ol start=\"38\">\n<li><strong>Shlomo Wetzler<\/strong><\/li>\n<\/ol>\n<p>To the labor camp beside V\u00e1c<\/p>\n<ol start=\"39\">\n<li><strong>Esther Vardi (Sechter)<\/strong><\/li>\n<\/ol>\n<p>To the city of Kisv\u00e1rda<\/p>\n<ol start=\"40\">\n<li><strong>Menahem Yakobi (Uziel)<\/strong><\/li>\n<\/ol>\n<p>To the cities of Beregsz\u00e1sz and Munk\u00e1cs<\/p>\n<ol start=\"41\">\n<li><strong>Shlom (Salamon) Cohen<\/strong><\/li>\n<\/ol>\n<p>To the city of Huszt<\/p>\n<ol start=\"42\">\n<li><strong>Sarah Kohavi (Zsuzsa Mikl\u00f3s<\/strong>)<\/li>\n<\/ol>\n<p>To the cities of Gy\u0151r, Kassa, Kolozsv\u00e1r, and Sopron, and to several forced labor camps<\/p>\n<ol start=\"43\">\n<li><strong>Levi Yehuda<\/strong><\/li>\n<\/ol>\n<p>To cities in Transylvania<\/p>\n<ol start=\"44\">\n<li><strong>Simon Levi<\/strong><\/li>\n<\/ol>\n<p>To the cities of Debrecen and Sz\u00e9kesfeh\u00e9rv\u00e1r<\/p>\n<ol start=\"45\">\n<li><strong>Shmuel L\u00f6wenheim<\/strong><\/li>\n<\/ol>\n<p>To the cities of Bonyh\u00e1d, Nagyv\u00e1rad, Sz\u00e9kesfeh\u00e9rv\u00e1r, V\u00e1c, Vasv\u00e1r and V\u00e1s\u00e1rosnam\u00e9ny<\/p>\n<ol start=\"46\">\n<li><strong>Avri Lisszauer<\/strong><\/li>\n<\/ol>\n<p>To the city of Miskolc<\/p>\n<ol start=\"47\">\n<li><strong>Judith Makai (Ellenbogen)<\/strong><\/li>\n<\/ol>\n<p>To the cities of Gy\u0151r, Kom\u00e1rom and V\u00e1rpalota<\/p>\n<ol start=\"48\">\n<li><strong>Ephraim Nadav (L\u0151winger)<\/strong><\/li>\n<\/ol>\n<p>To the cities of Debrecen, Kassa, Kisv\u00e1rda, Miskolc and Ny\u00edregyh\u00e1za<\/p>\n<ol start=\"49\">\n<li><strong>Tzipora Nadav<\/strong><\/li>\n<\/ol>\n<p>To the cities of Kassa and Miskolc<\/p>\n<ol start=\"50\">\n<li><strong>N\u00e9met Shabtai<\/strong><\/li>\n<\/ol>\n<p>To the city of Sopron (twice)<\/p>\n<ol start=\"51\">\n<li><strong>Amy Samet<\/strong><\/li>\n<\/ol>\n<p>To the city of Miskolc<\/p>\n<ol start=\"52\">\n<li><strong>Hedva Sz\u00e1nt\u00f3<\/strong><\/li>\n<\/ol>\n<p>To the Kom\u00e1rom, Moh\u00e1cs and P\u00e9cs labor camps<\/p>\n<ol start=\"53\">\n<li><strong>Shmuel Sz\u00e1nt\u00f3<\/strong><\/li>\n<\/ol>\n<p>To the Bonyh\u00e1d ghetto<\/p>\n<ol start=\"54\">\n<li><strong>Miriam Amir (Spinner)<\/strong><\/li>\n<\/ol>\n<p>To the Tata labor camp<\/p>\n<ol start=\"55\">\n<li><strong>Hana Atsmon (Neuwirth)<\/strong><\/li>\n<\/ol>\n<p>To the P\u00e9cs labor camp<\/p>\n<ol start=\"56\">\n<li><strong>David Asael<\/strong><\/li>\n<\/ol>\n<p>&nbsp;<\/p>\n<ol start=\"57\">\n<li><strong>Paul Ernst<\/strong><\/li>\n<\/ol>\n<p>To the D\u00e9s labor camp<\/p>\n<ol start=\"58\">\n<li><strong>Yeshayahu Fettman<\/strong><\/li>\n<\/ol>\n<p>To the cities of Debrecen and Ny\u00edrb\u00e1tor<\/p>\n<ol start=\"59\">\n<li><strong>Avigdor Friedmann\n<p><\/strong><\/li>\n<li><strong>Tzvi Prizant<\/strong><\/li>\n<\/ol>\n<p>To the Huszt ghetto (twice)<\/p>\n<ol start=\"61\">\n<li><strong>Shmuel Fraenkel<\/strong><\/li>\n<\/ol>\n<p>To the city of Kisv\u00e1rda<\/p>\n<ol start=\"62\">\n<li><strong>Menahem Tzvi Kadari<\/strong><\/li>\n<\/ol>\n<p>To the cities of Kassa, Losonc, Kir\u00e1lyhalma and Miskolc<\/p>\n<ol start=\"63\">\n<li><strong>Moshe Kilon<\/strong><\/li>\n<\/ol>\n<p>To the city of \u00c9rsek\u00fajv\u00e1r<\/p>\n<ol start=\"64\">\n<li><strong>Miki Kandel<\/strong><\/li>\n<\/ol>\n<p>To the city of Sz\u00e9kesfeh\u00e9rv\u00e1r<\/p>\n<ol start=\"65\">\n<li><strong>Kl\u00e1ri Karni (Elfer) <\/strong><\/li>\n<\/ol>\n<p>To the village of Zs\u00e1mb\u00e9k<\/p>\n<ol start=\"66\">\n<li><strong>Rab Zadok <\/strong><\/li>\n<\/ol>\n<p>To the cities of Nagyv\u00e1rad and Kolozsv\u00e1r<\/p>\n<ol start=\"67\">\n<li><strong>Moshe Rosenbaum<\/strong><\/li>\n<\/ol>\n<p>To K\u00f6k\u00e9nyes<\/p>\n<ol start=\"68\">\n<li><strong>Pinhas Rosenbaum<\/strong><\/li>\n<\/ol>\n<p>To the cities of Huszt, M\u00e1ramarossziget, Kisv\u00e1rda and Ungv\u00e1r<\/p>\n<ol start=\"69\">\n<li><strong>Tzvia, a member of Maccabi Tzair<\/strong><\/li>\n<\/ol>\n<p>To labor camps<\/p>\n<ol start=\"70\">\n<li><strong>Shaul (Sheli) Rosenberg<\/strong><\/li>\n<\/ol>\n<p>To the cities of Kassa and Ungv\u00e1r<\/p>\n<ol start=\"71\">\n<li><strong>Haim (Imka) Rosenzweig<\/strong><\/li>\n<\/ol>\n<p>To the cities of B\u00e9k\u00e9scsaba and Debrecen and the Csorb\u00e1s labor camp<\/p>\n<ol start=\"72\">\n<li><strong>Kl\u00e1ri Reich<\/strong><\/li>\n<\/ol>\n<p>To the Csepel labor camp<\/p>\n<ol start=\"73\">\n<li><strong>Ezra Reichman<\/strong><\/li>\n<\/ol>\n<p>To V\u00e9szt\u0151<\/p>\n<ol start=\"74\">\n<li><strong>Shaye Schwartz<\/strong><\/li>\n<\/ol>\n<p>To the city of Munk\u00e1cs<\/p>\n<ol start=\"75\">\n<li><strong>An anonymous policeman, sent by Avigdor Friedman<\/strong><\/li>\n<\/ol>\n<p>To the cities of Kassa (three times) and to Gy\u00f6ngy\u00f6s<\/p>\n<ol start=\"76\">\n<li><strong>Betzalel Shayovitz<\/strong><\/li>\n<\/ol>\n<p>To the city of Ungv\u00e1r<\/p>\n<ol start=\"77\">\n<li><strong>Lea Spitzer<\/strong><\/li>\n<\/ol>\n<p>To the labor camps<\/p>\n","protected":false},"excerpt":{"rendered":"<p>Eliezer Even To the city of Sz\u00e9kesfeh\u00e9rv\u00e1r Betzalel Adler To the cities of Kassa and Ungv\u00e1r Nesher Adler To the city of \u00c9rsek\u00fajv\u00e1r Ephraim Agmon Twice each to the cities of M\u00e1t\u00e9szalka and Munk\u00e1cs; to the Tata and P\u00e9cs forced labor camps; (twice each to the S\u00e1rv\u00e1r and Kistarcsa M\u00e1t\u00e9szalka and Munk\u00e1cs detention camps &nbsp; [&hellip;]<\/p>\n","protected":false},"author":2,"featured_media":0,"parent":3103,"menu_order":5,"comment_status":"closed","ping_status":"closed","template":"","meta":{"_acf_changed":false,"footnotes":""},"class_list":["post-3117","page","type-page","status-publish","hentry"],"acf":[],"yoast_head":"<!-- This site is optimized with the Yoast SEO plugin v27.4 - https:\/\/yoast.com\/product\/yoast-seo-wordpress\/ -->\n<title>The names of the emissaries and their destinations, from 19 March until 30 June, 1944 - \u05d4\u05e2\u05de\u05d5\u05ea\u05d4 \u05dc\u05d7\u05e7\u05e8 \u05ea\u05e0\u05d5\u05e2\u05d5\u05ea \u05d4\u05e0\u05d5\u05e2\u05e8 \u05d4\u05e6\u05d9\u05d5\u05e0\u05d9\u05d5\u05ea \u05d1\u05d4\u05d5\u05e0\u05d2\u05e8\u05d9\u05d4<\/title>\n<meta name=\"robots\" content=\"index, follow, max-snippet:-1, max-image-preview:large, max-video-preview:-1\" \/>\n<link rel=\"canonical\" href=\"https:\/\/machteret1944.org\/en\/emissary-missions\/the-names-of-the-emissaries-and-their-destinations-from-19-march-until-30-june-1944\/\" \/>\n<meta property=\"og:locale\" content=\"en_US\" \/>\n<meta property=\"og:type\" content=\"article\" \/>\n<meta property=\"og:title\" content=\"The names of the emissaries and their destinations, from 19 March until 30 June, 1944 - \u05d4\u05e2\u05de\u05d5\u05ea\u05d4 \u05dc\u05d7\u05e7\u05e8 \u05ea\u05e0\u05d5\u05e2\u05d5\u05ea \u05d4\u05e0\u05d5\u05e2\u05e8 \u05d4\u05e6\u05d9\u05d5\u05e0\u05d9\u05d5\u05ea \u05d1\u05d4\u05d5\u05e0\u05d2\u05e8\u05d9\u05d4\" \/>\n<meta property=\"og:description\" content=\"Eliezer Even To the city of Sz\u00e9kesfeh\u00e9rv\u00e1r Betzalel Adler To the cities of Kassa and Ungv\u00e1r Nesher Adler To the city of \u00c9rsek\u00fajv\u00e1r Ephraim Agmon Twice each to the cities of M\u00e1t\u00e9szalka and Munk\u00e1cs; to the Tata and P\u00e9cs forced labor camps; (twice each to the S\u00e1rv\u00e1r and Kistarcsa M\u00e1t\u00e9szalka and Munk\u00e1cs detention camps &nbsp; [&hellip;]\" \/>\n<meta property=\"og:url\" content=\"https:\/\/machteret1944.org\/en\/emissary-missions\/the-names-of-the-emissaries-and-their-destinations-from-19-march-until-30-june-1944\/\" \/>\n<meta property=\"og:site_name\" content=\"\u05d4\u05e2\u05de\u05d5\u05ea\u05d4 \u05dc\u05d7\u05e7\u05e8 \u05ea\u05e0\u05d5\u05e2\u05d5\u05ea \u05d4\u05e0\u05d5\u05e2\u05e8 \u05d4\u05e6\u05d9\u05d5\u05e0\u05d9\u05d5\u05ea \u05d1\u05d4\u05d5\u05e0\u05d2\u05e8\u05d9\u05d4\" \/>\n<meta property=\"article:modified_time\" content=\"2023-01-01T09:11:48+00:00\" \/>\n<meta name=\"twitter:card\" content=\"summary_large_image\" \/>\n<meta name=\"twitter:label1\" content=\"Est. reading time\" \/>\n\t<meta name=\"twitter:data1\" content=\"4 minutes\" \/>\n<script type=\"application\/ld+json\" class=\"yoast-schema-graph\">{\"@context\":\"https:\\\/\\\/schema.org\",\"@graph\":[{\"@type\":\"WebPage\",\"@id\":\"https:\\\/\\\/machteret1944.org\\\/en\\\/emissary-missions\\\/the-names-of-the-emissaries-and-their-destinations-from-19-march-until-30-june-1944\\\/\",\"url\":\"https:\\\/\\\/machteret1944.org\\\/en\\\/emissary-missions\\\/the-names-of-the-emissaries-and-their-destinations-from-19-march-until-30-june-1944\\\/\",\"name\":\"The names of the emissaries and their destinations, from 19 March until 30 June, 1944 - \u05d4\u05e2\u05de\u05d5\u05ea\u05d4 \u05dc\u05d7\u05e7\u05e8 \u05ea\u05e0\u05d5\u05e2\u05d5\u05ea \u05d4\u05e0\u05d5\u05e2\u05e8 \u05d4\u05e6\u05d9\u05d5\u05e0\u05d9\u05d5\u05ea \u05d1\u05d4\u05d5\u05e0\u05d2\u05e8\u05d9\u05d4\",\"isPartOf\":{\"@id\":\"https:\\\/\\\/machteret1944.org\\\/en\\\/#website\"},\"datePublished\":\"2021-02-07T12:27:53+00:00\",\"dateModified\":\"2023-01-01T09:11:48+00:00\",\"breadcrumb\":{\"@id\":\"https:\\\/\\\/machteret1944.org\\\/en\\\/emissary-missions\\\/the-names-of-the-emissaries-and-their-destinations-from-19-march-until-30-june-1944\\\/#breadcrumb\"},\"inLanguage\":\"en-US\",\"potentialAction\":[{\"@type\":\"ReadAction\",\"target\":[\"https:\\\/\\\/machteret1944.org\\\/en\\\/emissary-missions\\\/the-names-of-the-emissaries-and-their-destinations-from-19-march-until-30-june-1944\\\/\"]}]},{\"@type\":\"BreadcrumbList\",\"@id\":\"https:\\\/\\\/machteret1944.org\\\/en\\\/emissary-missions\\\/the-names-of-the-emissaries-and-their-destinations-from-19-march-until-30-june-1944\\\/#breadcrumb\",\"itemListElement\":[{\"@type\":\"ListItem\",\"position\":1,\"name\":\"HOMEPAGE\",\"item\":\"https:\\\/\\\/machteret1944.org\\\/en\\\/\"},{\"@type\":\"ListItem\",\"position\":2,\"name\":\"Errands to Provinces\",\"item\":\"https:\\\/\\\/machteret1944.org\\\/en\\\/emissary-missions\\\/\"},{\"@type\":\"ListItem\",\"position\":3,\"name\":\"The names of the emissaries and their destinations, from 19 March until 30 June, 1944\"}]},{\"@type\":\"WebSite\",\"@id\":\"https:\\\/\\\/machteret1944.org\\\/en\\\/#website\",\"url\":\"https:\\\/\\\/machteret1944.org\\\/en\\\/\",\"name\":\"\u05d4\u05e2\u05de\u05d5\u05ea\u05d4 \u05dc\u05d7\u05e7\u05e8 \u05ea\u05e0\u05d5\u05e2\u05d5\u05ea \u05d4\u05e0\u05d5\u05e2\u05e8 \u05d4\u05e6\u05d9\u05d5\u05e0\u05d9\u05d5\u05ea \u05d1\u05d4\u05d5\u05e0\u05d2\u05e8\u05d9\u05d4\",\"description\":\"\u05d4\u05e2\u05de\u05d5\u05ea\u05d4 \u05dc\u05d7\u05e7\u05e8 \u05ea\u05e0\u05d5\u05e2\u05d5\u05ea \u05d4\u05e0\u05d5\u05e2\u05e8 \u05d4\u05e6\u05d9\u05d5\u05e0\u05d9\u05d5\u05ea \u05d1\u05d4\u05d5\u05e0\u05d2\u05e8\u05d9\u05d4\",\"publisher\":{\"@id\":\"https:\\\/\\\/machteret1944.org\\\/en\\\/#organization\"},\"potentialAction\":[{\"@type\":\"SearchAction\",\"target\":{\"@type\":\"EntryPoint\",\"urlTemplate\":\"https:\\\/\\\/machteret1944.org\\\/en\\\/?s={search_term_string}\"},\"query-input\":{\"@type\":\"PropertyValueSpecification\",\"valueRequired\":true,\"valueName\":\"search_term_string\"}}],\"inLanguage\":\"en-US\"},{\"@type\":\"Organization\",\"@id\":\"https:\\\/\\\/machteret1944.org\\\/en\\\/#organization\",\"name\":\"\u05d4\u05e2\u05de\u05d5\u05ea\u05d4 \u05dc\u05d7\u05e7\u05e8 \u05ea\u05e0\u05d5\u05e2\u05d5\u05ea \u05d4\u05e0\u05d5\u05e2\u05e8 \u05d4\u05e6\u05d9\u05d5\u05e0\u05d9\u05d5\u05ea \u05d1\u05d4\u05d5\u05e0\u05d2\u05e8\u05d9\u05d4\",\"url\":\"https:\\\/\\\/machteret1944.org\\\/en\\\/\",\"logo\":{\"@type\":\"ImageObject\",\"inLanguage\":\"en-US\",\"@id\":\"https:\\\/\\\/machteret1944.org\\\/en\\\/#\\\/schema\\\/logo\\\/image\\\/\",\"url\":\"https:\\\/\\\/machteret1944.org\\\/wp-content\\\/uploads\\\/2020\\\/12\\\/\u05dc\u05d5\u05d2\u05d5-\u05dc\u05e2\u05de\u05d5\u05ea\u05d4.png\",\"contentUrl\":\"https:\\\/\\\/machteret1944.org\\\/wp-content\\\/uploads\\\/2020\\\/12\\\/\u05dc\u05d5\u05d2\u05d5-\u05dc\u05e2\u05de\u05d5\u05ea\u05d4.png\",\"width\":841,\"height\":290,\"caption\":\"\u05d4\u05e2\u05de\u05d5\u05ea\u05d4 \u05dc\u05d7\u05e7\u05e8 \u05ea\u05e0\u05d5\u05e2\u05d5\u05ea \u05d4\u05e0\u05d5\u05e2\u05e8 \u05d4\u05e6\u05d9\u05d5\u05e0\u05d9\u05d5\u05ea \u05d1\u05d4\u05d5\u05e0\u05d2\u05e8\u05d9\u05d4\"},\"image\":{\"@id\":\"https:\\\/\\\/machteret1944.org\\\/en\\\/#\\\/schema\\\/logo\\\/image\\\/\"}}]}<\/script>\n<!-- \/ Yoast SEO plugin. -->","yoast_head_json":{"title":"The names of the emissaries and their destinations, from 19 March until 30 June, 1944 - \u05d4\u05e2\u05de\u05d5\u05ea\u05d4 \u05dc\u05d7\u05e7\u05e8 \u05ea\u05e0\u05d5\u05e2\u05d5\u05ea \u05d4\u05e0\u05d5\u05e2\u05e8 \u05d4\u05e6\u05d9\u05d5\u05e0\u05d9\u05d5\u05ea \u05d1\u05d4\u05d5\u05e0\u05d2\u05e8\u05d9\u05d4","robots":{"index":"index","follow":"follow","max-snippet":"max-snippet:-1","max-image-preview":"max-image-preview:large","max-video-preview":"max-video-preview:-1"},"canonical":"https:\/\/machteret1944.org\/en\/emissary-missions\/the-names-of-the-emissaries-and-their-destinations-from-19-march-until-30-june-1944\/","og_locale":"en_US","og_type":"article","og_title":"The names of the emissaries and their destinations, from 19 March until 30 June, 1944 - \u05d4\u05e2\u05de\u05d5\u05ea\u05d4 \u05dc\u05d7\u05e7\u05e8 \u05ea\u05e0\u05d5\u05e2\u05d5\u05ea \u05d4\u05e0\u05d5\u05e2\u05e8 \u05d4\u05e6\u05d9\u05d5\u05e0\u05d9\u05d5\u05ea \u05d1\u05d4\u05d5\u05e0\u05d2\u05e8\u05d9\u05d4","og_description":"Eliezer Even To the city of Sz\u00e9kesfeh\u00e9rv\u00e1r Betzalel Adler To the cities of Kassa and Ungv\u00e1r Nesher Adler To the city of \u00c9rsek\u00fajv\u00e1r Ephraim Agmon Twice each to the cities of M\u00e1t\u00e9szalka and Munk\u00e1cs; to the Tata and P\u00e9cs forced labor camps; (twice each to the S\u00e1rv\u00e1r and Kistarcsa M\u00e1t\u00e9szalka and Munk\u00e1cs detention camps &nbsp; [&hellip;]","og_url":"https:\/\/machteret1944.org\/en\/emissary-missions\/the-names-of-the-emissaries-and-their-destinations-from-19-march-until-30-june-1944\/","og_site_name":"\u05d4\u05e2\u05de\u05d5\u05ea\u05d4 \u05dc\u05d7\u05e7\u05e8 \u05ea\u05e0\u05d5\u05e2\u05d5\u05ea \u05d4\u05e0\u05d5\u05e2\u05e8 \u05d4\u05e6\u05d9\u05d5\u05e0\u05d9\u05d5\u05ea \u05d1\u05d4\u05d5\u05e0\u05d2\u05e8\u05d9\u05d4","article_modified_time":"2023-01-01T09:11:48+00:00","twitter_card":"summary_large_image","twitter_misc":{"Est. reading time":"4 minutes"},"schema":{"@context":"https:\/\/schema.org","@graph":[{"@type":"WebPage","@id":"https:\/\/machteret1944.org\/en\/emissary-missions\/the-names-of-the-emissaries-and-their-destinations-from-19-march-until-30-june-1944\/","url":"https:\/\/machteret1944.org\/en\/emissary-missions\/the-names-of-the-emissaries-and-their-destinations-from-19-march-until-30-june-1944\/","name":"The names of the emissaries and their destinations, from 19 March until 30 June, 1944 - \u05d4\u05e2\u05de\u05d5\u05ea\u05d4 \u05dc\u05d7\u05e7\u05e8 \u05ea\u05e0\u05d5\u05e2\u05d5\u05ea \u05d4\u05e0\u05d5\u05e2\u05e8 \u05d4\u05e6\u05d9\u05d5\u05e0\u05d9\u05d5\u05ea \u05d1\u05d4\u05d5\u05e0\u05d2\u05e8\u05d9\u05d4","isPartOf":{"@id":"https:\/\/machteret1944.org\/en\/#website"},"datePublished":"2021-02-07T12:27:53+00:00","dateModified":"2023-01-01T09:11:48+00:00","breadcrumb":{"@id":"https:\/\/machteret1944.org\/en\/emissary-missions\/the-names-of-the-emissaries-and-their-destinations-from-19-march-until-30-june-1944\/#breadcrumb"},"inLanguage":"en-US","potentialAction":[{"@type":"ReadAction","target":["https:\/\/machteret1944.org\/en\/emissary-missions\/the-names-of-the-emissaries-and-their-destinations-from-19-march-until-30-june-1944\/"]}]},{"@type":"BreadcrumbList","@id":"https:\/\/machteret1944.org\/en\/emissary-missions\/the-names-of-the-emissaries-and-their-destinations-from-19-march-until-30-june-1944\/#breadcrumb","itemListElement":[{"@type":"ListItem","position":1,"name":"HOMEPAGE","item":"https:\/\/machteret1944.org\/en\/"},{"@type":"ListItem","position":2,"name":"Errands to Provinces","item":"https:\/\/machteret1944.org\/en\/emissary-missions\/"},{"@type":"ListItem","position":3,"name":"The names of the emissaries and their destinations, from 19 March until 30 June, 1944"}]},{"@type":"WebSite","@id":"https:\/\/machteret1944.org\/en\/#website","url":"https:\/\/machteret1944.org\/en\/","name":"\u05d4\u05e2\u05de\u05d5\u05ea\u05d4 \u05dc\u05d7\u05e7\u05e8 \u05ea\u05e0\u05d5\u05e2\u05d5\u05ea \u05d4\u05e0\u05d5\u05e2\u05e8 \u05d4\u05e6\u05d9\u05d5\u05e0\u05d9\u05d5\u05ea \u05d1\u05d4\u05d5\u05e0\u05d2\u05e8\u05d9\u05d4","description":"\u05d4\u05e2\u05de\u05d5\u05ea\u05d4 \u05dc\u05d7\u05e7\u05e8 \u05ea\u05e0\u05d5\u05e2\u05d5\u05ea \u05d4\u05e0\u05d5\u05e2\u05e8 \u05d4\u05e6\u05d9\u05d5\u05e0\u05d9\u05d5\u05ea \u05d1\u05d4\u05d5\u05e0\u05d2\u05e8\u05d9\u05d4","publisher":{"@id":"https:\/\/machteret1944.org\/en\/#organization"},"potentialAction":[{"@type":"SearchAction","target":{"@type":"EntryPoint","urlTemplate":"https:\/\/machteret1944.org\/en\/?s={search_term_string}"},"query-input":{"@type":"PropertyValueSpecification","valueRequired":true,"valueName":"search_term_string"}}],"inLanguage":"en-US"},{"@type":"Organization","@id":"https:\/\/machteret1944.org\/en\/#organization","name":"\u05d4\u05e2\u05de\u05d5\u05ea\u05d4 \u05dc\u05d7\u05e7\u05e8 \u05ea\u05e0\u05d5\u05e2\u05d5\u05ea \u05d4\u05e0\u05d5\u05e2\u05e8 \u05d4\u05e6\u05d9\u05d5\u05e0\u05d9\u05d5\u05ea \u05d1\u05d4\u05d5\u05e0\u05d2\u05e8\u05d9\u05d4","url":"https:\/\/machteret1944.org\/en\/","logo":{"@type":"ImageObject","inLanguage":"en-US","@id":"https:\/\/machteret1944.org\/en\/#\/schema\/logo\/image\/","url":"https:\/\/machteret1944.org\/wp-content\/uploads\/2020\/12\/\u05dc\u05d5\u05d2\u05d5-\u05dc\u05e2\u05de\u05d5\u05ea\u05d4.png","contentUrl":"https:\/\/machteret1944.org\/wp-content\/uploads\/2020\/12\/\u05dc\u05d5\u05d2\u05d5-\u05dc\u05e2\u05de\u05d5\u05ea\u05d4.png","width":841,"height":290,"caption":"\u05d4\u05e2\u05de\u05d5\u05ea\u05d4 \u05dc\u05d7\u05e7\u05e8 \u05ea\u05e0\u05d5\u05e2\u05d5\u05ea \u05d4\u05e0\u05d5\u05e2\u05e8 \u05d4\u05e6\u05d9\u05d5\u05e0\u05d9\u05d5\u05ea \u05d1\u05d4\u05d5\u05e0\u05d2\u05e8\u05d9\u05d4"},"image":{"@id":"https:\/\/machteret1944.org\/en\/#\/schema\/logo\/image\/"}}]}},"_links":{"self":[{"href":"https:\/\/machteret1944.org\/en\/wp-json\/wp\/v2\/pages\/3117","targetHints":{"allow":["GET"]}}],"collection":[{"href":"https:\/\/machteret1944.org\/en\/wp-json\/wp\/v2\/pages"}],"about":[{"href":"https:\/\/machteret1944.org\/en\/wp-json\/wp\/v2\/types\/page"}],"author":[{"embeddable":true,"href":"https:\/\/machteret1944.org\/en\/wp-json\/wp\/v2\/users\/2"}],"replies":[{"embeddable":true,"href":"https:\/\/machteret1944.org\/en\/wp-json\/wp\/v2\/comments?post=3117"}],"version-history":[{"count":3,"href":"https:\/\/machteret1944.org\/en\/wp-json\/wp\/v2\/pages\/3117\/revisions"}],"predecessor-version":[{"id":3122,"href":"https:\/\/machteret1944.org\/en\/wp-json\/wp\/v2\/pages\/3117\/revisions\/3122"}],"up":[{"embeddable":true,"href":"https:\/\/machteret1944.org\/en\/wp-json\/wp\/v2\/pages\/3103"}],"wp:attachment":[{"href":"https:\/\/machteret1944.org\/en\/wp-json\/wp\/v2\/media?parent=3117"}],"curies":[{"name":"wp","href":"https:\/\/api.w.org\/{rel}","templated":true}]}}