{"id":3126,"date":"2022-02-27T09:19:22","date_gmt":"2022-02-27T09:19:22","guid":{"rendered":"https:\/\/machteret1944.org\/emissary-missions\/%d7%a1%d7%99%d7%a4%d7%95%d7%a8%d7%95-%d7%a9%d7%9c-%d7%93%d7%95%d7%93-%d7%92%d7%a8%d7%99%d7%a0%d7%95%d7%95%d7%9c%d7%93-%d7%a6%d7%95%d7%a6%d7%94\/"},"modified":"2023-01-01T09:40:23","modified_gmt":"2023-01-01T09:40:23","slug":"david-grunwald-coca-and-his-parents","status":"publish","type":"page","link":"https:\/\/machteret1944.org\/en\/emissary-missions\/david-grunwald-coca-and-his-parents\/","title":{"rendered":"David Gr\u00fcnwald (\u201cCoca\u201d) and his parents"},"content":{"rendered":"<p>In the second half of April, 1944, the Hungarian military regime issued a new round of recruitments to the forced labor units. David received his call-up notice on April 16th. Simon Levi gave David a stock of forged identity papers and told him that he had found a hiding place for David\u2019s parents on a farm in western Hungary, on the other side of the Danube River.<\/p>\n<p>David took the forged papers and went to his parents\u2019 house, to save them from being deported to the ghetto. When David arrived in the town of Nyiregyh\u00e1za, he put on the yellow star, because many people in the town knew who he was. He carried the call-up notice in his pocket. From Nyiregyh\u00e1za, he continued his journey to his home village of Vencsell\u0151, and reached his parents\u2019 home.<\/p>\n<p>David\u2019s parents rejected outright his entire plan to move them to a safe place, far away in western Hungary. They rebuked him derisively, that \u201cthe Poles have filled his head with nonsense,\u201d and insisted that they were not going anywhere. Deeply frustrated and in total despair, David realized that he, as their son, was helpless in rescuing his parents from the bitter fate awaiting them. They completely rejected the idea of going into hiding.<\/p>\n<p>At that point David decided to put all his knowledge on the table: in the coming days a ghetto would be formed in the nearby town, and all the Jews would be crowded into it. His parents refused to believe that too. With a broken heart, David admitted defeat and resigned himself to fate. Within a few days his parents would see with their own eyes that their only son was telling the truth, and was concerned only for their good. That thought pained David\u2019s heart even more.<\/p>\n<p>The events unfolded fast. On April 16th, David\u2019s father Josef Gr\u00fcnwald was summoned to the village council building and he and his wife were ordered to leave their home. When he returned to his house, young men armed with rifles were already standing by the door. The gendarmes appeared a few minutes later, plundered the house of all the couple\u2019s valuables and took David\u2019s parents to the Nyiregyh\u00e1za ghetto. Davis saw his dumbstruck and astonished parents and his heart broke from the grief of his failure to save them. He gathered his strength and decided to try again. A short while later he went to visit them in the ghetto, bringing with him simple peasant clothing. He pleaded with them to don the clothing and follow him out of the ghetto. His parents rejected this suggestion and called their son crazy.<\/p>\n<p>This response from his parents signaled to David the depth of the tragedy befalling Hungarian Jewry, which refused to even entertain the idea of the enormity of the danger hanging over them, even as they stood at the brink of the abyss. Even in a frightful place such as the ghetto, they refused to see the truth of their reality, because they had been taught to trust the authorities. Just as David\u2019s parents believed they could survive in the ghetto, Jews throughout Hungary deluded themselves likewise. In the ghetto, the Jews continued to believe they had merely been evacuated from their villages temporarily, and would remain in the ghettos only until the war was over.<\/p>\n<p>While David was trying to convince his parents, a young man who was also a ZYRM member arrived from Budapest with a new, complete set of perfectly forged documents, so that he could escape from there. When David\u2019s mother learned that he was about to flee the ghetto, she burst into tears and begged him not to abandon them. David burned the papers that could have saved him. In the meantime, the ghetto commanders announced that anyone who had received a call-up notice to join a military labor unit had to leave the ghetto. In compliance with that order, David left the ghetto on May 2nd and traveled with his friends to Kassa. That was the last time he saw his parents, who were transported from the ghetto to Auschwitz.<\/p>\n<p>&nbsp;<\/p>\n<p><em>Recorded by David Gr\u00fcnwald, who related this story to his Jewish high school teacher in Debrecen, Dr. Moshe Eliahu (L\u00e1szl\u00f3) Gonda<\/em><\/p>\n","protected":false},"excerpt":{"rendered":"<p>In the second half of April, 1944, the Hungarian military regime issued a new round of recruitments to the forced labor units. David received his call-up notice on April 16th. Simon Levi gave David a stock of forged identity papers and told him that he had found a hiding place for David\u2019s parents on a [&hellip;]<\/p>\n","protected":false},"author":2,"featured_media":0,"parent":3103,"menu_order":20,"comment_status":"closed","ping_status":"closed","template":"","meta":{"_acf_changed":false,"footnotes":""},"class_list":["post-3126","page","type-page","status-publish","hentry"],"acf":[],"yoast_head":"<!-- This site is optimized with the Yoast SEO plugin v27.4 - https:\/\/yoast.com\/product\/yoast-seo-wordpress\/ -->\n<title>David Gr\u00fcnwald (\u201cCoca\u201d) and his parents - \u05d4\u05e2\u05de\u05d5\u05ea\u05d4 \u05dc\u05d7\u05e7\u05e8 \u05ea\u05e0\u05d5\u05e2\u05d5\u05ea \u05d4\u05e0\u05d5\u05e2\u05e8 \u05d4\u05e6\u05d9\u05d5\u05e0\u05d9\u05d5\u05ea \u05d1\u05d4\u05d5\u05e0\u05d2\u05e8\u05d9\u05d4<\/title>\n<meta name=\"robots\" content=\"index, follow, max-snippet:-1, max-image-preview:large, max-video-preview:-1\" \/>\n<link rel=\"canonical\" href=\"https:\/\/machteret1944.org\/en\/emissary-missions\/david-grunwald-coca-and-his-parents\/\" \/>\n<meta property=\"og:locale\" content=\"en_US\" \/>\n<meta property=\"og:type\" content=\"article\" \/>\n<meta property=\"og:title\" content=\"David Gr\u00fcnwald (\u201cCoca\u201d) and his parents - \u05d4\u05e2\u05de\u05d5\u05ea\u05d4 \u05dc\u05d7\u05e7\u05e8 \u05ea\u05e0\u05d5\u05e2\u05d5\u05ea \u05d4\u05e0\u05d5\u05e2\u05e8 \u05d4\u05e6\u05d9\u05d5\u05e0\u05d9\u05d5\u05ea \u05d1\u05d4\u05d5\u05e0\u05d2\u05e8\u05d9\u05d4\" \/>\n<meta property=\"og:description\" content=\"In the second half of April, 1944, the Hungarian military regime issued a new round of recruitments to the forced labor units. David received his call-up notice on April 16th. Simon Levi gave David a stock of forged identity papers and told him that he had found a hiding place for David\u2019s parents on a [&hellip;]\" \/>\n<meta property=\"og:url\" content=\"https:\/\/machteret1944.org\/en\/emissary-missions\/david-grunwald-coca-and-his-parents\/\" \/>\n<meta property=\"og:site_name\" content=\"\u05d4\u05e2\u05de\u05d5\u05ea\u05d4 \u05dc\u05d7\u05e7\u05e8 \u05ea\u05e0\u05d5\u05e2\u05d5\u05ea \u05d4\u05e0\u05d5\u05e2\u05e8 \u05d4\u05e6\u05d9\u05d5\u05e0\u05d9\u05d5\u05ea \u05d1\u05d4\u05d5\u05e0\u05d2\u05e8\u05d9\u05d4\" \/>\n<meta property=\"article:modified_time\" content=\"2023-01-01T09:40:23+00:00\" \/>\n<meta name=\"twitter:card\" content=\"summary_large_image\" \/>\n<meta name=\"twitter:label1\" content=\"Est. reading time\" \/>\n\t<meta name=\"twitter:data1\" content=\"4 minutes\" \/>\n<script type=\"application\/ld+json\" class=\"yoast-schema-graph\">{\"@context\":\"https:\\\/\\\/schema.org\",\"@graph\":[{\"@type\":\"WebPage\",\"@id\":\"https:\\\/\\\/machteret1944.org\\\/en\\\/emissary-missions\\\/david-grunwald-coca-and-his-parents\\\/\",\"url\":\"https:\\\/\\\/machteret1944.org\\\/en\\\/emissary-missions\\\/david-grunwald-coca-and-his-parents\\\/\",\"name\":\"David Gr\u00fcnwald (\u201cCoca\u201d) and his parents - \u05d4\u05e2\u05de\u05d5\u05ea\u05d4 \u05dc\u05d7\u05e7\u05e8 \u05ea\u05e0\u05d5\u05e2\u05d5\u05ea \u05d4\u05e0\u05d5\u05e2\u05e8 \u05d4\u05e6\u05d9\u05d5\u05e0\u05d9\u05d5\u05ea \u05d1\u05d4\u05d5\u05e0\u05d2\u05e8\u05d9\u05d4\",\"isPartOf\":{\"@id\":\"https:\\\/\\\/machteret1944.org\\\/en\\\/#website\"},\"datePublished\":\"2022-02-27T09:19:22+00:00\",\"dateModified\":\"2023-01-01T09:40:23+00:00\",\"breadcrumb\":{\"@id\":\"https:\\\/\\\/machteret1944.org\\\/en\\\/emissary-missions\\\/david-grunwald-coca-and-his-parents\\\/#breadcrumb\"},\"inLanguage\":\"en-US\",\"potentialAction\":[{\"@type\":\"ReadAction\",\"target\":[\"https:\\\/\\\/machteret1944.org\\\/en\\\/emissary-missions\\\/david-grunwald-coca-and-his-parents\\\/\"]}]},{\"@type\":\"BreadcrumbList\",\"@id\":\"https:\\\/\\\/machteret1944.org\\\/en\\\/emissary-missions\\\/david-grunwald-coca-and-his-parents\\\/#breadcrumb\",\"itemListElement\":[{\"@type\":\"ListItem\",\"position\":1,\"name\":\"HOMEPAGE\",\"item\":\"https:\\\/\\\/machteret1944.org\\\/en\\\/\"},{\"@type\":\"ListItem\",\"position\":2,\"name\":\"Errands to Provinces\",\"item\":\"https:\\\/\\\/machteret1944.org\\\/en\\\/emissary-missions\\\/\"},{\"@type\":\"ListItem\",\"position\":3,\"name\":\"David Gr\u00fcnwald (\u201cCoca\u201d) and his parents\"}]},{\"@type\":\"WebSite\",\"@id\":\"https:\\\/\\\/machteret1944.org\\\/en\\\/#website\",\"url\":\"https:\\\/\\\/machteret1944.org\\\/en\\\/\",\"name\":\"\u05d4\u05e2\u05de\u05d5\u05ea\u05d4 \u05dc\u05d7\u05e7\u05e8 \u05ea\u05e0\u05d5\u05e2\u05d5\u05ea \u05d4\u05e0\u05d5\u05e2\u05e8 \u05d4\u05e6\u05d9\u05d5\u05e0\u05d9\u05d5\u05ea \u05d1\u05d4\u05d5\u05e0\u05d2\u05e8\u05d9\u05d4\",\"description\":\"\u05d4\u05e2\u05de\u05d5\u05ea\u05d4 \u05dc\u05d7\u05e7\u05e8 \u05ea\u05e0\u05d5\u05e2\u05d5\u05ea \u05d4\u05e0\u05d5\u05e2\u05e8 \u05d4\u05e6\u05d9\u05d5\u05e0\u05d9\u05d5\u05ea \u05d1\u05d4\u05d5\u05e0\u05d2\u05e8\u05d9\u05d4\",\"publisher\":{\"@id\":\"https:\\\/\\\/machteret1944.org\\\/en\\\/#organization\"},\"potentialAction\":[{\"@type\":\"SearchAction\",\"target\":{\"@type\":\"EntryPoint\",\"urlTemplate\":\"https:\\\/\\\/machteret1944.org\\\/en\\\/?s={search_term_string}\"},\"query-input\":{\"@type\":\"PropertyValueSpecification\",\"valueRequired\":true,\"valueName\":\"search_term_string\"}}],\"inLanguage\":\"en-US\"},{\"@type\":\"Organization\",\"@id\":\"https:\\\/\\\/machteret1944.org\\\/en\\\/#organization\",\"name\":\"\u05d4\u05e2\u05de\u05d5\u05ea\u05d4 \u05dc\u05d7\u05e7\u05e8 \u05ea\u05e0\u05d5\u05e2\u05d5\u05ea \u05d4\u05e0\u05d5\u05e2\u05e8 \u05d4\u05e6\u05d9\u05d5\u05e0\u05d9\u05d5\u05ea \u05d1\u05d4\u05d5\u05e0\u05d2\u05e8\u05d9\u05d4\",\"url\":\"https:\\\/\\\/machteret1944.org\\\/en\\\/\",\"logo\":{\"@type\":\"ImageObject\",\"inLanguage\":\"en-US\",\"@id\":\"https:\\\/\\\/machteret1944.org\\\/en\\\/#\\\/schema\\\/logo\\\/image\\\/\",\"url\":\"https:\\\/\\\/machteret1944.org\\\/wp-content\\\/uploads\\\/2020\\\/12\\\/\u05dc\u05d5\u05d2\u05d5-\u05dc\u05e2\u05de\u05d5\u05ea\u05d4.png\",\"contentUrl\":\"https:\\\/\\\/machteret1944.org\\\/wp-content\\\/uploads\\\/2020\\\/12\\\/\u05dc\u05d5\u05d2\u05d5-\u05dc\u05e2\u05de\u05d5\u05ea\u05d4.png\",\"width\":841,\"height\":290,\"caption\":\"\u05d4\u05e2\u05de\u05d5\u05ea\u05d4 \u05dc\u05d7\u05e7\u05e8 \u05ea\u05e0\u05d5\u05e2\u05d5\u05ea \u05d4\u05e0\u05d5\u05e2\u05e8 \u05d4\u05e6\u05d9\u05d5\u05e0\u05d9\u05d5\u05ea \u05d1\u05d4\u05d5\u05e0\u05d2\u05e8\u05d9\u05d4\"},\"image\":{\"@id\":\"https:\\\/\\\/machteret1944.org\\\/en\\\/#\\\/schema\\\/logo\\\/image\\\/\"}}]}<\/script>\n<!-- \/ Yoast SEO plugin. -->","yoast_head_json":{"title":"David Gr\u00fcnwald (\u201cCoca\u201d) and his parents - \u05d4\u05e2\u05de\u05d5\u05ea\u05d4 \u05dc\u05d7\u05e7\u05e8 \u05ea\u05e0\u05d5\u05e2\u05d5\u05ea \u05d4\u05e0\u05d5\u05e2\u05e8 \u05d4\u05e6\u05d9\u05d5\u05e0\u05d9\u05d5\u05ea \u05d1\u05d4\u05d5\u05e0\u05d2\u05e8\u05d9\u05d4","robots":{"index":"index","follow":"follow","max-snippet":"max-snippet:-1","max-image-preview":"max-image-preview:large","max-video-preview":"max-video-preview:-1"},"canonical":"https:\/\/machteret1944.org\/en\/emissary-missions\/david-grunwald-coca-and-his-parents\/","og_locale":"en_US","og_type":"article","og_title":"David Gr\u00fcnwald (\u201cCoca\u201d) and his parents - \u05d4\u05e2\u05de\u05d5\u05ea\u05d4 \u05dc\u05d7\u05e7\u05e8 \u05ea\u05e0\u05d5\u05e2\u05d5\u05ea \u05d4\u05e0\u05d5\u05e2\u05e8 \u05d4\u05e6\u05d9\u05d5\u05e0\u05d9\u05d5\u05ea \u05d1\u05d4\u05d5\u05e0\u05d2\u05e8\u05d9\u05d4","og_description":"In the second half of April, 1944, the Hungarian military regime issued a new round of recruitments to the forced labor units. David received his call-up notice on April 16th. Simon Levi gave David a stock of forged identity papers and told him that he had found a hiding place for David\u2019s parents on a [&hellip;]","og_url":"https:\/\/machteret1944.org\/en\/emissary-missions\/david-grunwald-coca-and-his-parents\/","og_site_name":"\u05d4\u05e2\u05de\u05d5\u05ea\u05d4 \u05dc\u05d7\u05e7\u05e8 \u05ea\u05e0\u05d5\u05e2\u05d5\u05ea \u05d4\u05e0\u05d5\u05e2\u05e8 \u05d4\u05e6\u05d9\u05d5\u05e0\u05d9\u05d5\u05ea \u05d1\u05d4\u05d5\u05e0\u05d2\u05e8\u05d9\u05d4","article_modified_time":"2023-01-01T09:40:23+00:00","twitter_card":"summary_large_image","twitter_misc":{"Est. reading time":"4 minutes"},"schema":{"@context":"https:\/\/schema.org","@graph":[{"@type":"WebPage","@id":"https:\/\/machteret1944.org\/en\/emissary-missions\/david-grunwald-coca-and-his-parents\/","url":"https:\/\/machteret1944.org\/en\/emissary-missions\/david-grunwald-coca-and-his-parents\/","name":"David Gr\u00fcnwald (\u201cCoca\u201d) and his parents - \u05d4\u05e2\u05de\u05d5\u05ea\u05d4 \u05dc\u05d7\u05e7\u05e8 \u05ea\u05e0\u05d5\u05e2\u05d5\u05ea \u05d4\u05e0\u05d5\u05e2\u05e8 \u05d4\u05e6\u05d9\u05d5\u05e0\u05d9\u05d5\u05ea \u05d1\u05d4\u05d5\u05e0\u05d2\u05e8\u05d9\u05d4","isPartOf":{"@id":"https:\/\/machteret1944.org\/en\/#website"},"datePublished":"2022-02-27T09:19:22+00:00","dateModified":"2023-01-01T09:40:23+00:00","breadcrumb":{"@id":"https:\/\/machteret1944.org\/en\/emissary-missions\/david-grunwald-coca-and-his-parents\/#breadcrumb"},"inLanguage":"en-US","potentialAction":[{"@type":"ReadAction","target":["https:\/\/machteret1944.org\/en\/emissary-missions\/david-grunwald-coca-and-his-parents\/"]}]},{"@type":"BreadcrumbList","@id":"https:\/\/machteret1944.org\/en\/emissary-missions\/david-grunwald-coca-and-his-parents\/#breadcrumb","itemListElement":[{"@type":"ListItem","position":1,"name":"HOMEPAGE","item":"https:\/\/machteret1944.org\/en\/"},{"@type":"ListItem","position":2,"name":"Errands to Provinces","item":"https:\/\/machteret1944.org\/en\/emissary-missions\/"},{"@type":"ListItem","position":3,"name":"David Gr\u00fcnwald (\u201cCoca\u201d) and his parents"}]},{"@type":"WebSite","@id":"https:\/\/machteret1944.org\/en\/#website","url":"https:\/\/machteret1944.org\/en\/","name":"\u05d4\u05e2\u05de\u05d5\u05ea\u05d4 \u05dc\u05d7\u05e7\u05e8 \u05ea\u05e0\u05d5\u05e2\u05d5\u05ea \u05d4\u05e0\u05d5\u05e2\u05e8 \u05d4\u05e6\u05d9\u05d5\u05e0\u05d9\u05d5\u05ea \u05d1\u05d4\u05d5\u05e0\u05d2\u05e8\u05d9\u05d4","description":"\u05d4\u05e2\u05de\u05d5\u05ea\u05d4 \u05dc\u05d7\u05e7\u05e8 \u05ea\u05e0\u05d5\u05e2\u05d5\u05ea \u05d4\u05e0\u05d5\u05e2\u05e8 \u05d4\u05e6\u05d9\u05d5\u05e0\u05d9\u05d5\u05ea \u05d1\u05d4\u05d5\u05e0\u05d2\u05e8\u05d9\u05d4","publisher":{"@id":"https:\/\/machteret1944.org\/en\/#organization"},"potentialAction":[{"@type":"SearchAction","target":{"@type":"EntryPoint","urlTemplate":"https:\/\/machteret1944.org\/en\/?s={search_term_string}"},"query-input":{"@type":"PropertyValueSpecification","valueRequired":true,"valueName":"search_term_string"}}],"inLanguage":"en-US"},{"@type":"Organization","@id":"https:\/\/machteret1944.org\/en\/#organization","name":"\u05d4\u05e2\u05de\u05d5\u05ea\u05d4 \u05dc\u05d7\u05e7\u05e8 \u05ea\u05e0\u05d5\u05e2\u05d5\u05ea \u05d4\u05e0\u05d5\u05e2\u05e8 \u05d4\u05e6\u05d9\u05d5\u05e0\u05d9\u05d5\u05ea \u05d1\u05d4\u05d5\u05e0\u05d2\u05e8\u05d9\u05d4","url":"https:\/\/machteret1944.org\/en\/","logo":{"@type":"ImageObject","inLanguage":"en-US","@id":"https:\/\/machteret1944.org\/en\/#\/schema\/logo\/image\/","url":"https:\/\/machteret1944.org\/wp-content\/uploads\/2020\/12\/\u05dc\u05d5\u05d2\u05d5-\u05dc\u05e2\u05de\u05d5\u05ea\u05d4.png","contentUrl":"https:\/\/machteret1944.org\/wp-content\/uploads\/2020\/12\/\u05dc\u05d5\u05d2\u05d5-\u05dc\u05e2\u05de\u05d5\u05ea\u05d4.png","width":841,"height":290,"caption":"\u05d4\u05e2\u05de\u05d5\u05ea\u05d4 \u05dc\u05d7\u05e7\u05e8 \u05ea\u05e0\u05d5\u05e2\u05d5\u05ea \u05d4\u05e0\u05d5\u05e2\u05e8 \u05d4\u05e6\u05d9\u05d5\u05e0\u05d9\u05d5\u05ea \u05d1\u05d4\u05d5\u05e0\u05d2\u05e8\u05d9\u05d4"},"image":{"@id":"https:\/\/machteret1944.org\/en\/#\/schema\/logo\/image\/"}}]}},"_links":{"self":[{"href":"https:\/\/machteret1944.org\/en\/wp-json\/wp\/v2\/pages\/3126","targetHints":{"allow":["GET"]}}],"collection":[{"href":"https:\/\/machteret1944.org\/en\/wp-json\/wp\/v2\/pages"}],"about":[{"href":"https:\/\/machteret1944.org\/en\/wp-json\/wp\/v2\/types\/page"}],"author":[{"embeddable":true,"href":"https:\/\/machteret1944.org\/en\/wp-json\/wp\/v2\/users\/2"}],"replies":[{"embeddable":true,"href":"https:\/\/machteret1944.org\/en\/wp-json\/wp\/v2\/comments?post=3126"}],"version-history":[{"count":1,"href":"https:\/\/machteret1944.org\/en\/wp-json\/wp\/v2\/pages\/3126\/revisions"}],"predecessor-version":[{"id":3127,"href":"https:\/\/machteret1944.org\/en\/wp-json\/wp\/v2\/pages\/3126\/revisions\/3127"}],"up":[{"embeddable":true,"href":"https:\/\/machteret1944.org\/en\/wp-json\/wp\/v2\/pages\/3103"}],"wp:attachment":[{"href":"https:\/\/machteret1944.org\/en\/wp-json\/wp\/v2\/media?parent=3126"}],"curies":[{"name":"wp","href":"https:\/\/api.w.org\/{rel}","templated":true}]}}