{"id":3135,"date":"2022-02-17T12:24:41","date_gmt":"2022-02-17T12:24:41","guid":{"rendered":"https:\/\/machteret1944.org\/providing-food\/%d7%a9%d7%a0%d7%99-%d7%94%d7%93%d7%95%d7%93%d7%99%d7%9d-%d7%a9%d7%94%d7%a9%d7%99%d7%92%d7%95-%d7%95%d7%a1%d7%99%d7%a4%d7%a7%d7%95-%d7%9e%d7%96%d7%95%d7%9f\/"},"modified":"2024-02-12T14:00:04","modified_gmt":"2024-02-12T14:00:04","slug":"two-uncles-that-procured-and-distributed-food","status":"publish","type":"page","link":"https:\/\/machteret1944.org\/en\/providing-food\/two-uncles-that-procured-and-distributed-food\/","title":{"rendered":"Two &#8220;Uncles&#8221; that procured and distributed food"},"content":{"rendered":"<p><strong>\u2018Uncle Rudi and \u2018Uncle Soml\u00f3\u2019<\/strong><\/p>\n<p>With the worsening condition of Budapest\u2019s Jews, who were crammed into the ghetto, the Feed the Ghetto operation was established. Its activities included purchasing equipment, beds, mattresses, clothing and medicines needed for the children\u2019s houses, and later also for the ghetto in general. The director of the medical branch of Department A of the International Red Cross (A Nemzetk\u00f6zi V\u00f6r\u00f6skereszt A Oszt\u00e1lya), Dr. Osterweil Koterba began stockpiling medicines for emergencies. The medicines were purchased in large quantities on the black market.<\/p>\n<p>The economic department was managed by Hansi Brand, Zolt\u00e1n Weiner and Efra Agmon. Rudolph Weis, who was nicknamed Uncle Rudi (Rudi b\u00e1csi) was in charge of transporting the food. The Budapest Rescue Committee (Budapesti Ment\u0151bizotts\u00e1g) had vast sums of money at its disposal, from internal Jewish community sources and from funds that came, until the end of August, via couriers from Istanbul and Geneva.<\/p>\n<p>Obtaining food was a Herculean task. The black market flourished in Budapest, and the underground operatives began making illegal deals to purchase food. To this end they recruited professionals from among Budapest\u2019s Jewish businessmen \u2013 some of the largest wholesalers in the country, who knew how to get almost anything, and all under the protection of the Red Cross. These food buyers were headed by S\u00e1ndor Soml\u00f3, nicknamed Uncle Soml\u00f3 (Soml\u00f3 b\u00e1csi).<\/p>\n<p>Uncle Soml\u00f3\u2019s warehouses were filled with food, mainly of the type that can be stored for a long time: legumes, flour, noodles, canned goods, hard cheeses, etc. Uncle Rudi managed the recording of the transports. Quite often the food was stolen by the Arrow Cross (nyilasok). In many cases the food truck drivers had to bribe the Arrow Cross men with some of the foodstuffs, in order to save the rest. At the end of December, when the Russian army was nearing the outskirts of Budapest, Arrow Cross men and even S.S. men were willing to help guard the food shipments, in the hope that by doing so they could save their own skins.<\/p>\n<p>A few of Uncle Rudi\u2019s lists were preserved, and indicate the magnitude of the food supply and its regulation:<\/p>\n<p>28.11.44\u00a0\u00a0 40 cases canned tomatoes \u2013 to the main ghetto warehouse<\/p>\n<p>30.11.44\u00a0\u00a0 14,550 kg flour \u2013 to the main ghetto warehouse<\/p>\n<p>30.11.44\u00a0\u00a0 500 kg ersatz coffee \u2013 to the main ghetto warehouse<\/p>\n<p>03.12.44\u00a0\u00a0 4,000 kg beans \u2013 to the main ghetto warehouse<\/p>\n<p>03.12.44\u00a0\u00a0 2,000 kg beans \u2013 to the main ghetto warehouse<\/p>\n<p>03.12.44\u00a0\u00a0 Various foodstuffs \u2013 to the main ghetto warehouse<\/p>\n<p>07.12.44\u00a0\u00a0 10,000 kg dried noodles \u2013 to the main ghetto warehouse<\/p>\n<p>08.12.44\u00a0\u00a0 20,000 kg baking pumpkin \u2013 to the main ghetto warehouse<\/p>\n<p>11.12.44\u00a0\u00a0 9,000 kg oatmeal \u2013 to the main ghetto warehouse<\/p>\n<p>13.12.44\u00a0\u00a0 500 kg hard cheese \u2013 to the main ghetto warehouse<\/p>\n<p>15.12.44\u00a0\u00a0 Various items \u2013 to the main ghetto warehouse<\/p>\n<p>15.12.44\u00a0\u00a0 200 straw mattresses \u2013 to the main ghetto warehouse<\/p>\n<p>15.12.44\u00a0\u00a0 5,000 kg canned tomatoes \u2013 to the main ghetto warehouse<\/p>\n<p>15.12.44\u00a0\u00a0 5,000 kg flour \u2013 to the main ghetto warehouse<\/p>\n<p>15.12.44\u00a0\u00a0 10,000 kg flour \u2013 to the bakery on Holl\u00f3 St.<a href=\"#_ftn1\" name=\"_ftnref1\">[1]<\/a><\/p>\n<p>15.12.44\u00a0\u00a0 2,000 high quality coal \u2013 to the seniors home on Hungary Blvd. (Hung\u00e1ria k\u00f6r\u00fat)<\/p>\n<p>&nbsp;<\/p>\n<p><a href=\"http:\/\/www.gal-ed.co.il\/zfat-shoa\/Info\/hi_show.aspx?id=19516\">http:\/\/www.gal-ed.co.il\/zfat-shoa\/Info\/hi_show.aspx?id=19516<\/a><\/p>\n<p><a href=\"#_ftnref1\" name=\"_ftn1\">[1]<\/a> In District VII of the capital. This was the site of one of the ghetto\u2019s bakeries.<\/p>\n<p>&nbsp;<\/p>\n<p>&nbsp;<\/p>\n","protected":false},"excerpt":{"rendered":"<p>\u2018Uncle Rudi and \u2018Uncle Soml\u00f3\u2019 With the worsening condition of Budapest\u2019s Jews, who were crammed into the ghetto, the Feed the Ghetto operation was established. Its activities included purchasing equipment, beds, mattresses, clothing and medicines needed for the children\u2019s houses, and later also for the ghetto in general. The director of the medical branch of [&hellip;]<\/p>\n","protected":false},"author":2,"featured_media":0,"parent":3128,"menu_order":4,"comment_status":"closed","ping_status":"closed","template":"","meta":{"_acf_changed":false,"footnotes":""},"class_list":["post-3135","page","type-page","status-publish","hentry"],"acf":[],"yoast_head":"<!-- This site is optimized with the Yoast SEO plugin v27.5 - https:\/\/yoast.com\/product\/yoast-seo-wordpress\/ -->\n<title>Two &quot;Uncles&quot; that procured and distributed food - \u05d4\u05e2\u05de\u05d5\u05ea\u05d4 \u05dc\u05d7\u05e7\u05e8 \u05ea\u05e0\u05d5\u05e2\u05d5\u05ea \u05d4\u05e0\u05d5\u05e2\u05e8 \u05d4\u05e6\u05d9\u05d5\u05e0\u05d9\u05d5\u05ea \u05d1\u05d4\u05d5\u05e0\u05d2\u05e8\u05d9\u05d4<\/title>\n<meta name=\"robots\" content=\"index, follow, max-snippet:-1, max-image-preview:large, max-video-preview:-1\" \/>\n<link rel=\"canonical\" href=\"https:\/\/machteret1944.org\/en\/providing-food\/two-uncles-that-procured-and-distributed-food\/\" \/>\n<meta property=\"og:locale\" content=\"en_US\" \/>\n<meta property=\"og:type\" content=\"article\" \/>\n<meta property=\"og:title\" content=\"Two &quot;Uncles&quot; that procured and distributed food - \u05d4\u05e2\u05de\u05d5\u05ea\u05d4 \u05dc\u05d7\u05e7\u05e8 \u05ea\u05e0\u05d5\u05e2\u05d5\u05ea \u05d4\u05e0\u05d5\u05e2\u05e8 \u05d4\u05e6\u05d9\u05d5\u05e0\u05d9\u05d5\u05ea \u05d1\u05d4\u05d5\u05e0\u05d2\u05e8\u05d9\u05d4\" \/>\n<meta property=\"og:description\" content=\"\u2018Uncle Rudi and \u2018Uncle Soml\u00f3\u2019 With the worsening condition of Budapest\u2019s Jews, who were crammed into the ghetto, the Feed the Ghetto operation was established. Its activities included purchasing equipment, beds, mattresses, clothing and medicines needed for the children\u2019s houses, and later also for the ghetto in general. The director of the medical branch of [&hellip;]\" \/>\n<meta property=\"og:url\" content=\"https:\/\/machteret1944.org\/en\/providing-food\/two-uncles-that-procured-and-distributed-food\/\" \/>\n<meta property=\"og:site_name\" content=\"\u05d4\u05e2\u05de\u05d5\u05ea\u05d4 \u05dc\u05d7\u05e7\u05e8 \u05ea\u05e0\u05d5\u05e2\u05d5\u05ea \u05d4\u05e0\u05d5\u05e2\u05e8 \u05d4\u05e6\u05d9\u05d5\u05e0\u05d9\u05d5\u05ea \u05d1\u05d4\u05d5\u05e0\u05d2\u05e8\u05d9\u05d4\" \/>\n<meta property=\"article:modified_time\" content=\"2024-02-12T14:00:04+00:00\" \/>\n<meta name=\"twitter:card\" content=\"summary_large_image\" \/>\n<meta name=\"twitter:label1\" content=\"Est. reading time\" \/>\n\t<meta name=\"twitter:data1\" content=\"3 minutes\" \/>\n<script type=\"application\/ld+json\" class=\"yoast-schema-graph\">{\"@context\":\"https:\\\/\\\/schema.org\",\"@graph\":[{\"@type\":\"WebPage\",\"@id\":\"https:\\\/\\\/machteret1944.org\\\/en\\\/providing-food\\\/two-uncles-that-procured-and-distributed-food\\\/\",\"url\":\"https:\\\/\\\/machteret1944.org\\\/en\\\/providing-food\\\/two-uncles-that-procured-and-distributed-food\\\/\",\"name\":\"Two \\\"Uncles\\\" that procured and distributed food - \u05d4\u05e2\u05de\u05d5\u05ea\u05d4 \u05dc\u05d7\u05e7\u05e8 \u05ea\u05e0\u05d5\u05e2\u05d5\u05ea \u05d4\u05e0\u05d5\u05e2\u05e8 \u05d4\u05e6\u05d9\u05d5\u05e0\u05d9\u05d5\u05ea \u05d1\u05d4\u05d5\u05e0\u05d2\u05e8\u05d9\u05d4\",\"isPartOf\":{\"@id\":\"https:\\\/\\\/machteret1944.org\\\/en\\\/#website\"},\"datePublished\":\"2022-02-17T12:24:41+00:00\",\"dateModified\":\"2024-02-12T14:00:04+00:00\",\"breadcrumb\":{\"@id\":\"https:\\\/\\\/machteret1944.org\\\/en\\\/providing-food\\\/two-uncles-that-procured-and-distributed-food\\\/#breadcrumb\"},\"inLanguage\":\"en-US\",\"potentialAction\":[{\"@type\":\"ReadAction\",\"target\":[\"https:\\\/\\\/machteret1944.org\\\/en\\\/providing-food\\\/two-uncles-that-procured-and-distributed-food\\\/\"]}]},{\"@type\":\"BreadcrumbList\",\"@id\":\"https:\\\/\\\/machteret1944.org\\\/en\\\/providing-food\\\/two-uncles-that-procured-and-distributed-food\\\/#breadcrumb\",\"itemListElement\":[{\"@type\":\"ListItem\",\"position\":1,\"name\":\"HOMEPAGE\",\"item\":\"https:\\\/\\\/machteret1944.org\\\/en\\\/\"},{\"@type\":\"ListItem\",\"position\":2,\"name\":\"The Food Epos\",\"item\":\"https:\\\/\\\/machteret1944.org\\\/en\\\/providing-food\\\/\"},{\"@type\":\"ListItem\",\"position\":3,\"name\":\"Two &quot;Uncles&quot; that procured and distributed food\"}]},{\"@type\":\"WebSite\",\"@id\":\"https:\\\/\\\/machteret1944.org\\\/en\\\/#website\",\"url\":\"https:\\\/\\\/machteret1944.org\\\/en\\\/\",\"name\":\"\u05d4\u05e2\u05de\u05d5\u05ea\u05d4 \u05dc\u05d7\u05e7\u05e8 \u05ea\u05e0\u05d5\u05e2\u05d5\u05ea \u05d4\u05e0\u05d5\u05e2\u05e8 \u05d4\u05e6\u05d9\u05d5\u05e0\u05d9\u05d5\u05ea \u05d1\u05d4\u05d5\u05e0\u05d2\u05e8\u05d9\u05d4\",\"description\":\"\u05d4\u05e2\u05de\u05d5\u05ea\u05d4 \u05dc\u05d7\u05e7\u05e8 \u05ea\u05e0\u05d5\u05e2\u05d5\u05ea \u05d4\u05e0\u05d5\u05e2\u05e8 \u05d4\u05e6\u05d9\u05d5\u05e0\u05d9\u05d5\u05ea \u05d1\u05d4\u05d5\u05e0\u05d2\u05e8\u05d9\u05d4\",\"publisher\":{\"@id\":\"https:\\\/\\\/machteret1944.org\\\/en\\\/#organization\"},\"potentialAction\":[{\"@type\":\"SearchAction\",\"target\":{\"@type\":\"EntryPoint\",\"urlTemplate\":\"https:\\\/\\\/machteret1944.org\\\/en\\\/?s={search_term_string}\"},\"query-input\":{\"@type\":\"PropertyValueSpecification\",\"valueRequired\":true,\"valueName\":\"search_term_string\"}}],\"inLanguage\":\"en-US\"},{\"@type\":\"Organization\",\"@id\":\"https:\\\/\\\/machteret1944.org\\\/en\\\/#organization\",\"name\":\"\u05d4\u05e2\u05de\u05d5\u05ea\u05d4 \u05dc\u05d7\u05e7\u05e8 \u05ea\u05e0\u05d5\u05e2\u05d5\u05ea \u05d4\u05e0\u05d5\u05e2\u05e8 \u05d4\u05e6\u05d9\u05d5\u05e0\u05d9\u05d5\u05ea \u05d1\u05d4\u05d5\u05e0\u05d2\u05e8\u05d9\u05d4\",\"url\":\"https:\\\/\\\/machteret1944.org\\\/en\\\/\",\"logo\":{\"@type\":\"ImageObject\",\"inLanguage\":\"en-US\",\"@id\":\"https:\\\/\\\/machteret1944.org\\\/en\\\/#\\\/schema\\\/logo\\\/image\\\/\",\"url\":\"https:\\\/\\\/machteret1944.org\\\/wp-content\\\/uploads\\\/2020\\\/12\\\/\u05dc\u05d5\u05d2\u05d5-\u05dc\u05e2\u05de\u05d5\u05ea\u05d4.png\",\"contentUrl\":\"https:\\\/\\\/machteret1944.org\\\/wp-content\\\/uploads\\\/2020\\\/12\\\/\u05dc\u05d5\u05d2\u05d5-\u05dc\u05e2\u05de\u05d5\u05ea\u05d4.png\",\"width\":841,\"height\":290,\"caption\":\"\u05d4\u05e2\u05de\u05d5\u05ea\u05d4 \u05dc\u05d7\u05e7\u05e8 \u05ea\u05e0\u05d5\u05e2\u05d5\u05ea \u05d4\u05e0\u05d5\u05e2\u05e8 \u05d4\u05e6\u05d9\u05d5\u05e0\u05d9\u05d5\u05ea \u05d1\u05d4\u05d5\u05e0\u05d2\u05e8\u05d9\u05d4\"},\"image\":{\"@id\":\"https:\\\/\\\/machteret1944.org\\\/en\\\/#\\\/schema\\\/logo\\\/image\\\/\"}}]}<\/script>\n<!-- \/ Yoast SEO plugin. -->","yoast_head_json":{"title":"Two \"Uncles\" that procured and distributed food - \u05d4\u05e2\u05de\u05d5\u05ea\u05d4 \u05dc\u05d7\u05e7\u05e8 \u05ea\u05e0\u05d5\u05e2\u05d5\u05ea \u05d4\u05e0\u05d5\u05e2\u05e8 \u05d4\u05e6\u05d9\u05d5\u05e0\u05d9\u05d5\u05ea \u05d1\u05d4\u05d5\u05e0\u05d2\u05e8\u05d9\u05d4","robots":{"index":"index","follow":"follow","max-snippet":"max-snippet:-1","max-image-preview":"max-image-preview:large","max-video-preview":"max-video-preview:-1"},"canonical":"https:\/\/machteret1944.org\/en\/providing-food\/two-uncles-that-procured-and-distributed-food\/","og_locale":"en_US","og_type":"article","og_title":"Two \"Uncles\" that procured and distributed food - \u05d4\u05e2\u05de\u05d5\u05ea\u05d4 \u05dc\u05d7\u05e7\u05e8 \u05ea\u05e0\u05d5\u05e2\u05d5\u05ea \u05d4\u05e0\u05d5\u05e2\u05e8 \u05d4\u05e6\u05d9\u05d5\u05e0\u05d9\u05d5\u05ea \u05d1\u05d4\u05d5\u05e0\u05d2\u05e8\u05d9\u05d4","og_description":"\u2018Uncle Rudi and \u2018Uncle Soml\u00f3\u2019 With the worsening condition of Budapest\u2019s Jews, who were crammed into the ghetto, the Feed the Ghetto operation was established. Its activities included purchasing equipment, beds, mattresses, clothing and medicines needed for the children\u2019s houses, and later also for the ghetto in general. The director of the medical branch of [&hellip;]","og_url":"https:\/\/machteret1944.org\/en\/providing-food\/two-uncles-that-procured-and-distributed-food\/","og_site_name":"\u05d4\u05e2\u05de\u05d5\u05ea\u05d4 \u05dc\u05d7\u05e7\u05e8 \u05ea\u05e0\u05d5\u05e2\u05d5\u05ea \u05d4\u05e0\u05d5\u05e2\u05e8 \u05d4\u05e6\u05d9\u05d5\u05e0\u05d9\u05d5\u05ea \u05d1\u05d4\u05d5\u05e0\u05d2\u05e8\u05d9\u05d4","article_modified_time":"2024-02-12T14:00:04+00:00","twitter_card":"summary_large_image","twitter_misc":{"Est. reading time":"3 minutes"},"schema":{"@context":"https:\/\/schema.org","@graph":[{"@type":"WebPage","@id":"https:\/\/machteret1944.org\/en\/providing-food\/two-uncles-that-procured-and-distributed-food\/","url":"https:\/\/machteret1944.org\/en\/providing-food\/two-uncles-that-procured-and-distributed-food\/","name":"Two \"Uncles\" that procured and distributed food - \u05d4\u05e2\u05de\u05d5\u05ea\u05d4 \u05dc\u05d7\u05e7\u05e8 \u05ea\u05e0\u05d5\u05e2\u05d5\u05ea \u05d4\u05e0\u05d5\u05e2\u05e8 \u05d4\u05e6\u05d9\u05d5\u05e0\u05d9\u05d5\u05ea \u05d1\u05d4\u05d5\u05e0\u05d2\u05e8\u05d9\u05d4","isPartOf":{"@id":"https:\/\/machteret1944.org\/en\/#website"},"datePublished":"2022-02-17T12:24:41+00:00","dateModified":"2024-02-12T14:00:04+00:00","breadcrumb":{"@id":"https:\/\/machteret1944.org\/en\/providing-food\/two-uncles-that-procured-and-distributed-food\/#breadcrumb"},"inLanguage":"en-US","potentialAction":[{"@type":"ReadAction","target":["https:\/\/machteret1944.org\/en\/providing-food\/two-uncles-that-procured-and-distributed-food\/"]}]},{"@type":"BreadcrumbList","@id":"https:\/\/machteret1944.org\/en\/providing-food\/two-uncles-that-procured-and-distributed-food\/#breadcrumb","itemListElement":[{"@type":"ListItem","position":1,"name":"HOMEPAGE","item":"https:\/\/machteret1944.org\/en\/"},{"@type":"ListItem","position":2,"name":"The Food Epos","item":"https:\/\/machteret1944.org\/en\/providing-food\/"},{"@type":"ListItem","position":3,"name":"Two &quot;Uncles&quot; that procured and distributed food"}]},{"@type":"WebSite","@id":"https:\/\/machteret1944.org\/en\/#website","url":"https:\/\/machteret1944.org\/en\/","name":"\u05d4\u05e2\u05de\u05d5\u05ea\u05d4 \u05dc\u05d7\u05e7\u05e8 \u05ea\u05e0\u05d5\u05e2\u05d5\u05ea \u05d4\u05e0\u05d5\u05e2\u05e8 \u05d4\u05e6\u05d9\u05d5\u05e0\u05d9\u05d5\u05ea \u05d1\u05d4\u05d5\u05e0\u05d2\u05e8\u05d9\u05d4","description":"\u05d4\u05e2\u05de\u05d5\u05ea\u05d4 \u05dc\u05d7\u05e7\u05e8 \u05ea\u05e0\u05d5\u05e2\u05d5\u05ea \u05d4\u05e0\u05d5\u05e2\u05e8 \u05d4\u05e6\u05d9\u05d5\u05e0\u05d9\u05d5\u05ea \u05d1\u05d4\u05d5\u05e0\u05d2\u05e8\u05d9\u05d4","publisher":{"@id":"https:\/\/machteret1944.org\/en\/#organization"},"potentialAction":[{"@type":"SearchAction","target":{"@type":"EntryPoint","urlTemplate":"https:\/\/machteret1944.org\/en\/?s={search_term_string}"},"query-input":{"@type":"PropertyValueSpecification","valueRequired":true,"valueName":"search_term_string"}}],"inLanguage":"en-US"},{"@type":"Organization","@id":"https:\/\/machteret1944.org\/en\/#organization","name":"\u05d4\u05e2\u05de\u05d5\u05ea\u05d4 \u05dc\u05d7\u05e7\u05e8 \u05ea\u05e0\u05d5\u05e2\u05d5\u05ea \u05d4\u05e0\u05d5\u05e2\u05e8 \u05d4\u05e6\u05d9\u05d5\u05e0\u05d9\u05d5\u05ea \u05d1\u05d4\u05d5\u05e0\u05d2\u05e8\u05d9\u05d4","url":"https:\/\/machteret1944.org\/en\/","logo":{"@type":"ImageObject","inLanguage":"en-US","@id":"https:\/\/machteret1944.org\/en\/#\/schema\/logo\/image\/","url":"https:\/\/machteret1944.org\/wp-content\/uploads\/2020\/12\/\u05dc\u05d5\u05d2\u05d5-\u05dc\u05e2\u05de\u05d5\u05ea\u05d4.png","contentUrl":"https:\/\/machteret1944.org\/wp-content\/uploads\/2020\/12\/\u05dc\u05d5\u05d2\u05d5-\u05dc\u05e2\u05de\u05d5\u05ea\u05d4.png","width":841,"height":290,"caption":"\u05d4\u05e2\u05de\u05d5\u05ea\u05d4 \u05dc\u05d7\u05e7\u05e8 \u05ea\u05e0\u05d5\u05e2\u05d5\u05ea \u05d4\u05e0\u05d5\u05e2\u05e8 \u05d4\u05e6\u05d9\u05d5\u05e0\u05d9\u05d5\u05ea \u05d1\u05d4\u05d5\u05e0\u05d2\u05e8\u05d9\u05d4"},"image":{"@id":"https:\/\/machteret1944.org\/en\/#\/schema\/logo\/image\/"}}]}},"_links":{"self":[{"href":"https:\/\/machteret1944.org\/en\/wp-json\/wp\/v2\/pages\/3135","targetHints":{"allow":["GET"]}}],"collection":[{"href":"https:\/\/machteret1944.org\/en\/wp-json\/wp\/v2\/pages"}],"about":[{"href":"https:\/\/machteret1944.org\/en\/wp-json\/wp\/v2\/types\/page"}],"author":[{"embeddable":true,"href":"https:\/\/machteret1944.org\/en\/wp-json\/wp\/v2\/users\/2"}],"replies":[{"embeddable":true,"href":"https:\/\/machteret1944.org\/en\/wp-json\/wp\/v2\/comments?post=3135"}],"version-history":[{"count":4,"href":"https:\/\/machteret1944.org\/en\/wp-json\/wp\/v2\/pages\/3135\/revisions"}],"predecessor-version":[{"id":3247,"href":"https:\/\/machteret1944.org\/en\/wp-json\/wp\/v2\/pages\/3135\/revisions\/3247"}],"up":[{"embeddable":true,"href":"https:\/\/machteret1944.org\/en\/wp-json\/wp\/v2\/pages\/3128"}],"wp:attachment":[{"href":"https:\/\/machteret1944.org\/en\/wp-json\/wp\/v2\/media?parent=3135"}],"curies":[{"name":"wp","href":"https:\/\/api.w.org\/{rel}","templated":true}]}}