{"id":3365,"date":"2021-02-07T14:47:26","date_gmt":"2021-02-07T14:47:26","guid":{"rendered":"https:\/\/machteret1944.org\/emissary-missions\/%d7%a9%d7%9c%d7%99%d7%97%d7%95%d7%99%d7%95%d7%aa-%d7%91%d7%99%d7%9f-1-7-%d7%9c%d7%91%d7%99%d7%9f-23-12-%d7%94%d7%9e%d7%a6%d7%95%d7%a8-%d7%a2%d7%9c-%d7%91%d7%95%d7%93%d7%a4%d7%a9%d7%98-2\/"},"modified":"2023-07-19T09:26:37","modified_gmt":"2023-07-19T09:26:37","slug":"%d7%a9%d7%9c%d7%99%d7%97%d7%95%d7%99%d7%95%d7%aa-%d7%91%d7%99%d7%9f-1-7-%d7%9c%d7%91%d7%99%d7%9f-23-12-%d7%94%d7%9e%d7%a6%d7%95%d7%a8-%d7%a2%d7%9c-%d7%91%d7%95%d7%93%d7%a4%d7%a9%d7%98-2","status":"publish","type":"page","link":"https:\/\/machteret1944.org\/en\/emissary-missions\/%d7%a9%d7%9c%d7%99%d7%97%d7%95%d7%99%d7%95%d7%aa-%d7%91%d7%99%d7%9f-1-7-%d7%9c%d7%91%d7%99%d7%9f-23-12-%d7%94%d7%9e%d7%a6%d7%95%d7%a8-%d7%a2%d7%9c-%d7%91%d7%95%d7%93%d7%a4%d7%a9%d7%98-2\/","title":{"rendered":"Missions in the period between 1.7.1944 and 23.12.1944 (the siege of Budapest)"},"content":{"rendered":"<p>&nbsp;<\/p>\n<ol>\n<li><strong>Ephraim Agmon <\/strong><\/li>\n<\/ol>\n<p>To a labor camp near the city of P\u00e9cs (Pich<\/p>\n<ol start=\"2\">\n<li><strong>Tzipi Agmon (Shechter)<\/strong>:<\/li>\n<\/ol>\n<p>To labor camps near Sz\u00e9kesfeh\u00e9rv\u00e1r and near Alm\u00e1sf\u00fcz\u00edt\u0151,<\/p>\n<p>&nbsp;<\/p>\n<ol start=\"3\">\n<li><strong>Bezalel Adler<\/strong>:<\/li>\n<\/ol>\n<p>To labor camps near Debrecen (Debrecen) 4 times, and another 4 labor camps,.<\/p>\n<p>&nbsp;<\/p>\n<ol start=\"4\">\n<li><strong>Ilonka<\/strong>:<\/li>\n<\/ol>\n<p>To a labor camp in V\u00e1rpalota<\/p>\n<p>&nbsp;<\/p>\n<ol start=\"5\">\n<li><strong>Itzkovich<\/strong>:<\/li>\n<\/ol>\n<p>To Mosonmagyar\u00f3v\u00e1r<\/p>\n<p>&nbsp;<\/p>\n<ol start=\"6\">\n<li><strong>Anonymous<\/strong>:<\/li>\n<\/ol>\n<p>To the labor camp in Kom\u00e1rom<\/p>\n<p>&nbsp;<\/p>\n<ol start=\"7\">\n<li><strong>Anonymous<\/strong>:<\/li>\n<\/ol>\n<p>To a labor camp near Zirc<\/p>\n<p>&nbsp;<\/p>\n<ol start=\"8\">\n<li><strong>Anonymous<\/strong> (non-Jewish, waiter by profession):<\/li>\n<\/ol>\n<p>To a labor camp near Gy\u0151r, assisting Yitzhak Stern, Zvi Steiner, Menachem Knef &#8211; the association (11 members). As a result of their escape, the deputy commander of the unit arrived at the &#8216;Glass House&#8217; and received letters of protection (Schutzpass) with the help of which the entire unit was returned from the Austrian border to Budapest<\/p>\n<p>&nbsp;<\/p>\n<ol start=\"9\">\n<li><strong>Anonymous<\/strong>:<\/li>\n<\/ol>\n<p>To a labor camp in V\u00e1rpalota, see: testimony of Shmuel Gross<\/p>\n<p>&nbsp;<\/p>\n<ol start=\"10\">\n<li><strong>Anonymous: <\/strong><\/li>\n<\/ol>\n<p>To a labor camp near Zirc,<\/p>\n<p>&nbsp;<\/p>\n<ol start=\"11\">\n<li><strong>Asher Ar\u00e1nyi<\/strong>:<\/li>\n<\/ol>\n<p>To a labor camp near Zirc and a labor camp near Budapest,.<\/p>\n<p>&nbsp;<\/p>\n<ol start=\"12\">\n<li><strong>Girls (two) from the Bnei Akiva<\/strong>:<\/li>\n<\/ol>\n<p>To a labor camp in V\u00e1rpalota<\/p>\n<p>&nbsp;<\/p>\n<ol start=\"13\">\n<li><strong>Nomi Hal\u00e1sz<\/strong>:<\/li>\n<\/ol>\n<p>To a labor camp near Rah\u00f3, (4 people were rescued with the help of sponsored letters)<\/p>\n<p>&nbsp;<\/p>\n<ol start=\"14\">\n<li><strong>Hadassah Hantos<\/strong>:<\/li>\n<\/ol>\n<p>To labor camps in the Gy\u0151r area<\/p>\n<p>&nbsp;<\/p>\n<ol start=\"15\">\n<li><strong>Haim Wiezel<\/strong> (the little Vizu):<\/li>\n<\/ol>\n<p>To a labor camp<\/p>\n<p>&nbsp;<\/p>\n<ol start=\"16\">\n<li><strong>Moshe Weiszkopf<\/strong>:<\/li>\n<\/ol>\n<p>To a labor camp in the Budapest area.<\/p>\n<p>&nbsp;<\/p>\n<ol start=\"17\">\n<li><strong>David Lung<\/strong>:<\/li>\n<\/ol>\n<p>To a labor camp near Sz\u0151ny<\/p>\n<p>&nbsp;<\/p>\n<ol start=\"18\">\n<li><strong>Leah Markowitz<\/strong>:<\/li>\n<\/ol>\n<p>To a labor camp in<\/p>\n<p>&nbsp;<\/p>\n<ol start=\"19\">\n<li><strong>Hedva Sz\u00e1nt\u00f3<\/strong>:<\/li>\n<\/ol>\n<p>To labor camps near P\u00e9cs, Moh\u00e1cs.<\/p>\n<p>&nbsp;<\/p>\n<ol start=\"20\">\n<li><strong>Ern\u0151 P\u00e1l -&#8216;Jancsi&#8217;: <\/strong><\/li>\n<\/ol>\n<p>To a labor camp near D\u00e9s<\/p>\n<p>&nbsp;<\/p>\n<ol start=\"21\">\n<li><strong>Baruch Felsenburg<\/strong>:<\/li>\n<\/ol>\n<p>To a work camp near V\u00e1rpalota<\/p>\n<p>&nbsp;<\/p>\n<ol start=\"22\">\n<li><strong>Aharon Zuckerman <\/strong><\/li>\n<\/ol>\n<p>To Hegyeshalom<\/p>\n<p>&nbsp;<\/p>\n<ol start=\"23\">\n<li><strong>Sami Kornhauser<\/strong>:<\/li>\n<\/ol>\n<p>To the Szolnok labor camp<\/p>\n<p>&nbsp;<\/p>\n<ol start=\"24\">\n<li><strong>Haya Kleinman: <\/strong><\/li>\n<\/ol>\n<p>To Brick Factory.<\/p>\n<p>&nbsp;<\/p>\n<ol start=\"25\">\n<li><strong>Magda Kandel<\/strong>:<\/li>\n<\/ol>\n<p>To a labor camp near Alm\u00e1sf\u00fcz\u00edt\u0151<\/p>\n<p>&nbsp;<\/p>\n<ol start=\"26\">\n<li><strong>Klari Karni: <\/strong><\/li>\n<\/ol>\n<p>To a labor camp near Szolnok.<\/p>\n<p>&nbsp;<\/p>\n<ol start=\"27\">\n<li><strong>Pinchas Rosenbaum: <\/strong><\/li>\n<\/ol>\n<p>Sent letters of protection (Schutzpass) to 7 members of Bnei Akiva, to a labor camp in V\u00e1rpalota (V\u00e1rpalota) following this, the group was transferred to Budapest under military escort<\/p>\n<p>&nbsp;<\/p>\n<ol start=\"28\">\n<li><strong>Agnes Steuer<\/strong>:<\/li>\n<\/ol>\n<p>To a labor camp in Nagyoroszi near Balassagyarmat<\/p>\n","protected":false},"excerpt":{"rendered":"<p>&nbsp; Ephraim Agmon To a labor camp near the city of P\u00e9cs (Pich Tzipi Agmon (Shechter): To labor camps near Sz\u00e9kesfeh\u00e9rv\u00e1r and near Alm\u00e1sf\u00fcz\u00edt\u0151, &nbsp; Bezalel Adler: To labor camps near Debrecen (Debrecen) 4 times, and another 4 labor camps,. &nbsp; Ilonka: To a labor camp in V\u00e1rpalota &nbsp; Itzkovich: To Mosonmagyar\u00f3v\u00e1r &nbsp; Anonymous: To [&hellip;]<\/p>\n","protected":false},"author":2,"featured_media":0,"parent":3103,"menu_order":12,"comment_status":"closed","ping_status":"closed","template":"","meta":{"_acf_changed":false,"footnotes":""},"class_list":["post-3365","page","type-page","status-publish","hentry"],"acf":[],"yoast_head":"<!-- This site is optimized with the Yoast SEO plugin v27.4 - https:\/\/yoast.com\/product\/yoast-seo-wordpress\/ -->\n<title>Missions in the period between 1.7.1944 and 23.12.1944 (the siege of Budapest) - \u05d4\u05e2\u05de\u05d5\u05ea\u05d4 \u05dc\u05d7\u05e7\u05e8 \u05ea\u05e0\u05d5\u05e2\u05d5\u05ea \u05d4\u05e0\u05d5\u05e2\u05e8 \u05d4\u05e6\u05d9\u05d5\u05e0\u05d9\u05d5\u05ea \u05d1\u05d4\u05d5\u05e0\u05d2\u05e8\u05d9\u05d4<\/title>\n<meta name=\"robots\" content=\"index, follow, max-snippet:-1, max-image-preview:large, max-video-preview:-1\" \/>\n<link rel=\"canonical\" href=\"https:\/\/machteret1944.org\/en\/emissary-missions\/%d7%a9%d7%9c%d7%99%d7%97%d7%95%d7%99%d7%95%d7%aa-%d7%91%d7%99%d7%9f-1-7-%d7%9c%d7%91%d7%99%d7%9f-23-12-%d7%94%d7%9e%d7%a6%d7%95%d7%a8-%d7%a2%d7%9c-%d7%91%d7%95%d7%93%d7%a4%d7%a9%d7%98-2\/\" \/>\n<meta property=\"og:locale\" content=\"en_US\" \/>\n<meta property=\"og:type\" content=\"article\" \/>\n<meta property=\"og:title\" content=\"Missions in the period between 1.7.1944 and 23.12.1944 (the siege of Budapest) - \u05d4\u05e2\u05de\u05d5\u05ea\u05d4 \u05dc\u05d7\u05e7\u05e8 \u05ea\u05e0\u05d5\u05e2\u05d5\u05ea \u05d4\u05e0\u05d5\u05e2\u05e8 \u05d4\u05e6\u05d9\u05d5\u05e0\u05d9\u05d5\u05ea \u05d1\u05d4\u05d5\u05e0\u05d2\u05e8\u05d9\u05d4\" \/>\n<meta property=\"og:description\" content=\"&nbsp; Ephraim Agmon To a labor camp near the city of P\u00e9cs (Pich Tzipi Agmon (Shechter): To labor camps near Sz\u00e9kesfeh\u00e9rv\u00e1r and near Alm\u00e1sf\u00fcz\u00edt\u0151, &nbsp; Bezalel Adler: To labor camps near Debrecen (Debrecen) 4 times, and another 4 labor camps,. &nbsp; Ilonka: To a labor camp in V\u00e1rpalota &nbsp; Itzkovich: To Mosonmagyar\u00f3v\u00e1r &nbsp; Anonymous: To [&hellip;]\" \/>\n<meta property=\"og:url\" content=\"https:\/\/machteret1944.org\/en\/emissary-missions\/%d7%a9%d7%9c%d7%99%d7%97%d7%95%d7%99%d7%95%d7%aa-%d7%91%d7%99%d7%9f-1-7-%d7%9c%d7%91%d7%99%d7%9f-23-12-%d7%94%d7%9e%d7%a6%d7%95%d7%a8-%d7%a2%d7%9c-%d7%91%d7%95%d7%93%d7%a4%d7%a9%d7%98-2\/\" \/>\n<meta property=\"og:site_name\" content=\"\u05d4\u05e2\u05de\u05d5\u05ea\u05d4 \u05dc\u05d7\u05e7\u05e8 \u05ea\u05e0\u05d5\u05e2\u05d5\u05ea \u05d4\u05e0\u05d5\u05e2\u05e8 \u05d4\u05e6\u05d9\u05d5\u05e0\u05d9\u05d5\u05ea \u05d1\u05d4\u05d5\u05e0\u05d2\u05e8\u05d9\u05d4\" \/>\n<meta property=\"article:modified_time\" content=\"2023-07-19T09:26:37+00:00\" \/>\n<meta name=\"twitter:card\" content=\"summary_large_image\" \/>\n<meta name=\"twitter:label1\" content=\"Est. reading time\" \/>\n\t<meta name=\"twitter:data1\" content=\"2 minutes\" \/>\n<script type=\"application\/ld+json\" class=\"yoast-schema-graph\">{\"@context\":\"https:\\\/\\\/schema.org\",\"@graph\":[{\"@type\":\"WebPage\",\"@id\":\"https:\\\/\\\/machteret1944.org\\\/en\\\/emissary-missions\\\/%d7%a9%d7%9c%d7%99%d7%97%d7%95%d7%99%d7%95%d7%aa-%d7%91%d7%99%d7%9f-1-7-%d7%9c%d7%91%d7%99%d7%9f-23-12-%d7%94%d7%9e%d7%a6%d7%95%d7%a8-%d7%a2%d7%9c-%d7%91%d7%95%d7%93%d7%a4%d7%a9%d7%98-2\\\/\",\"url\":\"https:\\\/\\\/machteret1944.org\\\/en\\\/emissary-missions\\\/%d7%a9%d7%9c%d7%99%d7%97%d7%95%d7%99%d7%95%d7%aa-%d7%91%d7%99%d7%9f-1-7-%d7%9c%d7%91%d7%99%d7%9f-23-12-%d7%94%d7%9e%d7%a6%d7%95%d7%a8-%d7%a2%d7%9c-%d7%91%d7%95%d7%93%d7%a4%d7%a9%d7%98-2\\\/\",\"name\":\"Missions in the period between 1.7.1944 and 23.12.1944 (the siege of Budapest) - \u05d4\u05e2\u05de\u05d5\u05ea\u05d4 \u05dc\u05d7\u05e7\u05e8 \u05ea\u05e0\u05d5\u05e2\u05d5\u05ea \u05d4\u05e0\u05d5\u05e2\u05e8 \u05d4\u05e6\u05d9\u05d5\u05e0\u05d9\u05d5\u05ea \u05d1\u05d4\u05d5\u05e0\u05d2\u05e8\u05d9\u05d4\",\"isPartOf\":{\"@id\":\"https:\\\/\\\/machteret1944.org\\\/en\\\/#website\"},\"datePublished\":\"2021-02-07T14:47:26+00:00\",\"dateModified\":\"2023-07-19T09:26:37+00:00\",\"breadcrumb\":{\"@id\":\"https:\\\/\\\/machteret1944.org\\\/en\\\/emissary-missions\\\/%d7%a9%d7%9c%d7%99%d7%97%d7%95%d7%99%d7%95%d7%aa-%d7%91%d7%99%d7%9f-1-7-%d7%9c%d7%91%d7%99%d7%9f-23-12-%d7%94%d7%9e%d7%a6%d7%95%d7%a8-%d7%a2%d7%9c-%d7%91%d7%95%d7%93%d7%a4%d7%a9%d7%98-2\\\/#breadcrumb\"},\"inLanguage\":\"en-US\",\"potentialAction\":[{\"@type\":\"ReadAction\",\"target\":[\"https:\\\/\\\/machteret1944.org\\\/en\\\/emissary-missions\\\/%d7%a9%d7%9c%d7%99%d7%97%d7%95%d7%99%d7%95%d7%aa-%d7%91%d7%99%d7%9f-1-7-%d7%9c%d7%91%d7%99%d7%9f-23-12-%d7%94%d7%9e%d7%a6%d7%95%d7%a8-%d7%a2%d7%9c-%d7%91%d7%95%d7%93%d7%a4%d7%a9%d7%98-2\\\/\"]}]},{\"@type\":\"BreadcrumbList\",\"@id\":\"https:\\\/\\\/machteret1944.org\\\/en\\\/emissary-missions\\\/%d7%a9%d7%9c%d7%99%d7%97%d7%95%d7%99%d7%95%d7%aa-%d7%91%d7%99%d7%9f-1-7-%d7%9c%d7%91%d7%99%d7%9f-23-12-%d7%94%d7%9e%d7%a6%d7%95%d7%a8-%d7%a2%d7%9c-%d7%91%d7%95%d7%93%d7%a4%d7%a9%d7%98-2\\\/#breadcrumb\",\"itemListElement\":[{\"@type\":\"ListItem\",\"position\":1,\"name\":\"HOMEPAGE\",\"item\":\"https:\\\/\\\/machteret1944.org\\\/en\\\/\"},{\"@type\":\"ListItem\",\"position\":2,\"name\":\"Errands to Provinces\",\"item\":\"https:\\\/\\\/machteret1944.org\\\/en\\\/emissary-missions\\\/\"},{\"@type\":\"ListItem\",\"position\":3,\"name\":\"Missions in the period between 1.7.1944 and 23.12.1944 (the siege of Budapest)\"}]},{\"@type\":\"WebSite\",\"@id\":\"https:\\\/\\\/machteret1944.org\\\/en\\\/#website\",\"url\":\"https:\\\/\\\/machteret1944.org\\\/en\\\/\",\"name\":\"\u05d4\u05e2\u05de\u05d5\u05ea\u05d4 \u05dc\u05d7\u05e7\u05e8 \u05ea\u05e0\u05d5\u05e2\u05d5\u05ea \u05d4\u05e0\u05d5\u05e2\u05e8 \u05d4\u05e6\u05d9\u05d5\u05e0\u05d9\u05d5\u05ea \u05d1\u05d4\u05d5\u05e0\u05d2\u05e8\u05d9\u05d4\",\"description\":\"\u05d4\u05e2\u05de\u05d5\u05ea\u05d4 \u05dc\u05d7\u05e7\u05e8 \u05ea\u05e0\u05d5\u05e2\u05d5\u05ea \u05d4\u05e0\u05d5\u05e2\u05e8 \u05d4\u05e6\u05d9\u05d5\u05e0\u05d9\u05d5\u05ea \u05d1\u05d4\u05d5\u05e0\u05d2\u05e8\u05d9\u05d4\",\"publisher\":{\"@id\":\"https:\\\/\\\/machteret1944.org\\\/en\\\/#organization\"},\"potentialAction\":[{\"@type\":\"SearchAction\",\"target\":{\"@type\":\"EntryPoint\",\"urlTemplate\":\"https:\\\/\\\/machteret1944.org\\\/en\\\/?s={search_term_string}\"},\"query-input\":{\"@type\":\"PropertyValueSpecification\",\"valueRequired\":true,\"valueName\":\"search_term_string\"}}],\"inLanguage\":\"en-US\"},{\"@type\":\"Organization\",\"@id\":\"https:\\\/\\\/machteret1944.org\\\/en\\\/#organization\",\"name\":\"\u05d4\u05e2\u05de\u05d5\u05ea\u05d4 \u05dc\u05d7\u05e7\u05e8 \u05ea\u05e0\u05d5\u05e2\u05d5\u05ea \u05d4\u05e0\u05d5\u05e2\u05e8 \u05d4\u05e6\u05d9\u05d5\u05e0\u05d9\u05d5\u05ea \u05d1\u05d4\u05d5\u05e0\u05d2\u05e8\u05d9\u05d4\",\"url\":\"https:\\\/\\\/machteret1944.org\\\/en\\\/\",\"logo\":{\"@type\":\"ImageObject\",\"inLanguage\":\"en-US\",\"@id\":\"https:\\\/\\\/machteret1944.org\\\/en\\\/#\\\/schema\\\/logo\\\/image\\\/\",\"url\":\"https:\\\/\\\/machteret1944.org\\\/wp-content\\\/uploads\\\/2020\\\/12\\\/\u05dc\u05d5\u05d2\u05d5-\u05dc\u05e2\u05de\u05d5\u05ea\u05d4.png\",\"contentUrl\":\"https:\\\/\\\/machteret1944.org\\\/wp-content\\\/uploads\\\/2020\\\/12\\\/\u05dc\u05d5\u05d2\u05d5-\u05dc\u05e2\u05de\u05d5\u05ea\u05d4.png\",\"width\":841,\"height\":290,\"caption\":\"\u05d4\u05e2\u05de\u05d5\u05ea\u05d4 \u05dc\u05d7\u05e7\u05e8 \u05ea\u05e0\u05d5\u05e2\u05d5\u05ea \u05d4\u05e0\u05d5\u05e2\u05e8 \u05d4\u05e6\u05d9\u05d5\u05e0\u05d9\u05d5\u05ea \u05d1\u05d4\u05d5\u05e0\u05d2\u05e8\u05d9\u05d4\"},\"image\":{\"@id\":\"https:\\\/\\\/machteret1944.org\\\/en\\\/#\\\/schema\\\/logo\\\/image\\\/\"}}]}<\/script>\n<!-- \/ Yoast SEO plugin. -->","yoast_head_json":{"title":"Missions in the period between 1.7.1944 and 23.12.1944 (the siege of Budapest) - \u05d4\u05e2\u05de\u05d5\u05ea\u05d4 \u05dc\u05d7\u05e7\u05e8 \u05ea\u05e0\u05d5\u05e2\u05d5\u05ea \u05d4\u05e0\u05d5\u05e2\u05e8 \u05d4\u05e6\u05d9\u05d5\u05e0\u05d9\u05d5\u05ea \u05d1\u05d4\u05d5\u05e0\u05d2\u05e8\u05d9\u05d4","robots":{"index":"index","follow":"follow","max-snippet":"max-snippet:-1","max-image-preview":"max-image-preview:large","max-video-preview":"max-video-preview:-1"},"canonical":"https:\/\/machteret1944.org\/en\/emissary-missions\/%d7%a9%d7%9c%d7%99%d7%97%d7%95%d7%99%d7%95%d7%aa-%d7%91%d7%99%d7%9f-1-7-%d7%9c%d7%91%d7%99%d7%9f-23-12-%d7%94%d7%9e%d7%a6%d7%95%d7%a8-%d7%a2%d7%9c-%d7%91%d7%95%d7%93%d7%a4%d7%a9%d7%98-2\/","og_locale":"en_US","og_type":"article","og_title":"Missions in the period between 1.7.1944 and 23.12.1944 (the siege of Budapest) - \u05d4\u05e2\u05de\u05d5\u05ea\u05d4 \u05dc\u05d7\u05e7\u05e8 \u05ea\u05e0\u05d5\u05e2\u05d5\u05ea \u05d4\u05e0\u05d5\u05e2\u05e8 \u05d4\u05e6\u05d9\u05d5\u05e0\u05d9\u05d5\u05ea \u05d1\u05d4\u05d5\u05e0\u05d2\u05e8\u05d9\u05d4","og_description":"&nbsp; Ephraim Agmon To a labor camp near the city of P\u00e9cs (Pich Tzipi Agmon (Shechter): To labor camps near Sz\u00e9kesfeh\u00e9rv\u00e1r and near Alm\u00e1sf\u00fcz\u00edt\u0151, &nbsp; Bezalel Adler: To labor camps near Debrecen (Debrecen) 4 times, and another 4 labor camps,. &nbsp; Ilonka: To a labor camp in V\u00e1rpalota &nbsp; Itzkovich: To Mosonmagyar\u00f3v\u00e1r &nbsp; Anonymous: To [&hellip;]","og_url":"https:\/\/machteret1944.org\/en\/emissary-missions\/%d7%a9%d7%9c%d7%99%d7%97%d7%95%d7%99%d7%95%d7%aa-%d7%91%d7%99%d7%9f-1-7-%d7%9c%d7%91%d7%99%d7%9f-23-12-%d7%94%d7%9e%d7%a6%d7%95%d7%a8-%d7%a2%d7%9c-%d7%91%d7%95%d7%93%d7%a4%d7%a9%d7%98-2\/","og_site_name":"\u05d4\u05e2\u05de\u05d5\u05ea\u05d4 \u05dc\u05d7\u05e7\u05e8 \u05ea\u05e0\u05d5\u05e2\u05d5\u05ea \u05d4\u05e0\u05d5\u05e2\u05e8 \u05d4\u05e6\u05d9\u05d5\u05e0\u05d9\u05d5\u05ea \u05d1\u05d4\u05d5\u05e0\u05d2\u05e8\u05d9\u05d4","article_modified_time":"2023-07-19T09:26:37+00:00","twitter_card":"summary_large_image","twitter_misc":{"Est. reading time":"2 minutes"},"schema":{"@context":"https:\/\/schema.org","@graph":[{"@type":"WebPage","@id":"https:\/\/machteret1944.org\/en\/emissary-missions\/%d7%a9%d7%9c%d7%99%d7%97%d7%95%d7%99%d7%95%d7%aa-%d7%91%d7%99%d7%9f-1-7-%d7%9c%d7%91%d7%99%d7%9f-23-12-%d7%94%d7%9e%d7%a6%d7%95%d7%a8-%d7%a2%d7%9c-%d7%91%d7%95%d7%93%d7%a4%d7%a9%d7%98-2\/","url":"https:\/\/machteret1944.org\/en\/emissary-missions\/%d7%a9%d7%9c%d7%99%d7%97%d7%95%d7%99%d7%95%d7%aa-%d7%91%d7%99%d7%9f-1-7-%d7%9c%d7%91%d7%99%d7%9f-23-12-%d7%94%d7%9e%d7%a6%d7%95%d7%a8-%d7%a2%d7%9c-%d7%91%d7%95%d7%93%d7%a4%d7%a9%d7%98-2\/","name":"Missions in the period between 1.7.1944 and 23.12.1944 (the siege of Budapest) - \u05d4\u05e2\u05de\u05d5\u05ea\u05d4 \u05dc\u05d7\u05e7\u05e8 \u05ea\u05e0\u05d5\u05e2\u05d5\u05ea \u05d4\u05e0\u05d5\u05e2\u05e8 \u05d4\u05e6\u05d9\u05d5\u05e0\u05d9\u05d5\u05ea \u05d1\u05d4\u05d5\u05e0\u05d2\u05e8\u05d9\u05d4","isPartOf":{"@id":"https:\/\/machteret1944.org\/en\/#website"},"datePublished":"2021-02-07T14:47:26+00:00","dateModified":"2023-07-19T09:26:37+00:00","breadcrumb":{"@id":"https:\/\/machteret1944.org\/en\/emissary-missions\/%d7%a9%d7%9c%d7%99%d7%97%d7%95%d7%99%d7%95%d7%aa-%d7%91%d7%99%d7%9f-1-7-%d7%9c%d7%91%d7%99%d7%9f-23-12-%d7%94%d7%9e%d7%a6%d7%95%d7%a8-%d7%a2%d7%9c-%d7%91%d7%95%d7%93%d7%a4%d7%a9%d7%98-2\/#breadcrumb"},"inLanguage":"en-US","potentialAction":[{"@type":"ReadAction","target":["https:\/\/machteret1944.org\/en\/emissary-missions\/%d7%a9%d7%9c%d7%99%d7%97%d7%95%d7%99%d7%95%d7%aa-%d7%91%d7%99%d7%9f-1-7-%d7%9c%d7%91%d7%99%d7%9f-23-12-%d7%94%d7%9e%d7%a6%d7%95%d7%a8-%d7%a2%d7%9c-%d7%91%d7%95%d7%93%d7%a4%d7%a9%d7%98-2\/"]}]},{"@type":"BreadcrumbList","@id":"https:\/\/machteret1944.org\/en\/emissary-missions\/%d7%a9%d7%9c%d7%99%d7%97%d7%95%d7%99%d7%95%d7%aa-%d7%91%d7%99%d7%9f-1-7-%d7%9c%d7%91%d7%99%d7%9f-23-12-%d7%94%d7%9e%d7%a6%d7%95%d7%a8-%d7%a2%d7%9c-%d7%91%d7%95%d7%93%d7%a4%d7%a9%d7%98-2\/#breadcrumb","itemListElement":[{"@type":"ListItem","position":1,"name":"HOMEPAGE","item":"https:\/\/machteret1944.org\/en\/"},{"@type":"ListItem","position":2,"name":"Errands to Provinces","item":"https:\/\/machteret1944.org\/en\/emissary-missions\/"},{"@type":"ListItem","position":3,"name":"Missions in the period between 1.7.1944 and 23.12.1944 (the siege of Budapest)"}]},{"@type":"WebSite","@id":"https:\/\/machteret1944.org\/en\/#website","url":"https:\/\/machteret1944.org\/en\/","name":"\u05d4\u05e2\u05de\u05d5\u05ea\u05d4 \u05dc\u05d7\u05e7\u05e8 \u05ea\u05e0\u05d5\u05e2\u05d5\u05ea \u05d4\u05e0\u05d5\u05e2\u05e8 \u05d4\u05e6\u05d9\u05d5\u05e0\u05d9\u05d5\u05ea \u05d1\u05d4\u05d5\u05e0\u05d2\u05e8\u05d9\u05d4","description":"\u05d4\u05e2\u05de\u05d5\u05ea\u05d4 \u05dc\u05d7\u05e7\u05e8 \u05ea\u05e0\u05d5\u05e2\u05d5\u05ea \u05d4\u05e0\u05d5\u05e2\u05e8 \u05d4\u05e6\u05d9\u05d5\u05e0\u05d9\u05d5\u05ea \u05d1\u05d4\u05d5\u05e0\u05d2\u05e8\u05d9\u05d4","publisher":{"@id":"https:\/\/machteret1944.org\/en\/#organization"},"potentialAction":[{"@type":"SearchAction","target":{"@type":"EntryPoint","urlTemplate":"https:\/\/machteret1944.org\/en\/?s={search_term_string}"},"query-input":{"@type":"PropertyValueSpecification","valueRequired":true,"valueName":"search_term_string"}}],"inLanguage":"en-US"},{"@type":"Organization","@id":"https:\/\/machteret1944.org\/en\/#organization","name":"\u05d4\u05e2\u05de\u05d5\u05ea\u05d4 \u05dc\u05d7\u05e7\u05e8 \u05ea\u05e0\u05d5\u05e2\u05d5\u05ea \u05d4\u05e0\u05d5\u05e2\u05e8 \u05d4\u05e6\u05d9\u05d5\u05e0\u05d9\u05d5\u05ea \u05d1\u05d4\u05d5\u05e0\u05d2\u05e8\u05d9\u05d4","url":"https:\/\/machteret1944.org\/en\/","logo":{"@type":"ImageObject","inLanguage":"en-US","@id":"https:\/\/machteret1944.org\/en\/#\/schema\/logo\/image\/","url":"https:\/\/machteret1944.org\/wp-content\/uploads\/2020\/12\/\u05dc\u05d5\u05d2\u05d5-\u05dc\u05e2\u05de\u05d5\u05ea\u05d4.png","contentUrl":"https:\/\/machteret1944.org\/wp-content\/uploads\/2020\/12\/\u05dc\u05d5\u05d2\u05d5-\u05dc\u05e2\u05de\u05d5\u05ea\u05d4.png","width":841,"height":290,"caption":"\u05d4\u05e2\u05de\u05d5\u05ea\u05d4 \u05dc\u05d7\u05e7\u05e8 \u05ea\u05e0\u05d5\u05e2\u05d5\u05ea \u05d4\u05e0\u05d5\u05e2\u05e8 \u05d4\u05e6\u05d9\u05d5\u05e0\u05d9\u05d5\u05ea \u05d1\u05d4\u05d5\u05e0\u05d2\u05e8\u05d9\u05d4"},"image":{"@id":"https:\/\/machteret1944.org\/en\/#\/schema\/logo\/image\/"}}]}},"_links":{"self":[{"href":"https:\/\/machteret1944.org\/en\/wp-json\/wp\/v2\/pages\/3365","targetHints":{"allow":["GET"]}}],"collection":[{"href":"https:\/\/machteret1944.org\/en\/wp-json\/wp\/v2\/pages"}],"about":[{"href":"https:\/\/machteret1944.org\/en\/wp-json\/wp\/v2\/types\/page"}],"author":[{"embeddable":true,"href":"https:\/\/machteret1944.org\/en\/wp-json\/wp\/v2\/users\/2"}],"replies":[{"embeddable":true,"href":"https:\/\/machteret1944.org\/en\/wp-json\/wp\/v2\/comments?post=3365"}],"version-history":[{"count":2,"href":"https:\/\/machteret1944.org\/en\/wp-json\/wp\/v2\/pages\/3365\/revisions"}],"predecessor-version":[{"id":3367,"href":"https:\/\/machteret1944.org\/en\/wp-json\/wp\/v2\/pages\/3365\/revisions\/3367"}],"up":[{"embeddable":true,"href":"https:\/\/machteret1944.org\/en\/wp-json\/wp\/v2\/pages\/3103"}],"wp:attachment":[{"href":"https:\/\/machteret1944.org\/en\/wp-json\/wp\/v2\/media?parent=3365"}],"curies":[{"name":"wp","href":"https:\/\/api.w.org\/{rel}","templated":true}]}}