{"id":4484,"date":"2021-02-04T08:41:14","date_gmt":"2021-02-04T08:41:14","guid":{"rendered":"https:\/\/machteret1944.org\/the-tiyul\/the-tiyul-operation\/"},"modified":"2023-12-20T08:47:15","modified_gmt":"2023-12-20T08:47:15","slug":"a-tiyul-muvelet","status":"publish","type":"page","link":"https:\/\/machteret1944.org\/hu\/a-tiyul-muvelet\/a-tiyul-muvelet\/","title":{"rendered":"A &#8222;Tiyul&#8221; m\u0171velet"},"content":{"rendered":"<p>1944. m\u00e1rcius 19-\u00e9n, Magyarorsz\u00e1g n\u00e9met megsz\u00e1ll\u00e1s\u00e1nak napj\u00e1n, azzal semmilyen kapcsolatban nem \u00e1llva, Hochhauser Zoli (k\u00e9s\u0151bbi nev\u00e9n Israel Harari) Kolozsv\u00e1rra, az akkori Magyarorsz\u00e1g \u00e9s Rom\u00e1nia k\u00f6z\u00f6tti hat\u00e1rv\u00e1rosba utazott, hogy \u00e1tsz\u00f6kj\u00f6n a hat\u00e1ron Rom\u00e1ni\u00e1ba, az ismeretlenbe, hogy elker\u00fclje, hogy egy k\u00e9nyszermunk\u00e1s sz\u00e1zaddal az orosz frontra k\u00fcldj\u00e9k.<br \/>\nA helyi Hanoar Hatzioni mozgalom tagjai a seg\u00edts\u00e9g\u00e9re siettek. Tal\u00e1ltak egy csemp\u00e9szt, \u00e9s Zoli eljutott a rom\u00e1niai Torda (Turda) v\u00e1ros\u00e1ba, onnan pedig sz\u00e1mos viszontags\u00e1g ut\u00e1n Bukarestbe. Meg\u00e9rkez\u00e9se ut\u00e1n \u00e9rtes\u00edtette Rafi Benshalomot, hogy sikeresen el\u00e9rte \u00fati c\u00e9lj\u00e1t.<br \/>\n\u00cdgy kezd\u0151d\u00f6tt a Tiyul (h\u00e9ber sz\u00f3, amely kir\u00e1ndul\u00e1st vagy utaz\u00e1st jelent) m\u0171velet Rom\u00e1ni\u00e1ban, \u00e9s sok aktivist\u00e1val rendelkez\u0151 projektt\u00e9 v\u00e1lt. \u00c1tj\u00e1r\u00f3kat tal\u00e1ltak a v\u00e1rosok k\u00f6zel\u00e9ben is (Szeged, B\u00e9k\u00e9scsaba, Nagyv\u00e1rad), \u00e9s kapcsolatokat \u00e9p\u00edtettek ki csemp\u00e9szekkel. 1944. m\u00e1rcius 19. \u00e9s augusztus 23. k\u00f6z\u00f6tt k\u00f6zel 15 000 fiatal zsid\u00f3 sz\u00f6k\u00f6tt \u00e1t a hat\u00e1ron, \u00e9s Auschwitz helyett a szabads\u00e1gba utazott.<br \/>\nAz embercsemp\u00e9szet bonyolult \u00e9s kock\u00e1zatos v\u00e1llalkoz\u00e1s volt. El\u0151sz\u00f6r is Budapesten meg kellett alak\u00edtani egy csoportot, \u00e9s minden egyes szem\u00e9lyre vonatkoz\u00f3an egy\u00e9ni el\u0151k\u00e9sz\u00fcleteket kellett tenni. Mindenkinek megfelel\u0151 ruh\u00e1zatra \u00e9s hamis\u00edtott okm\u00e1nyokra volt sz\u00fcks\u00e9ge, \u00e9s gondosan \u00e1t kellett n\u00e9znie \u00faj szem\u00e9lyazonoss\u00e1g\u00e1nak r\u00e9szleteit. Minden utaz\u00f3nak sz\u00fcks\u00e9ge volt magyar \u00e9s rom\u00e1n fizet\u0151eszk\u00f6zre is, \u00e9s eligaz\u00edt\u00e1st kaptak arr\u00f3l, hogyan viselkedjenek a hossz\u00fa vonat\u00fat sor\u00e1n, hol tal\u00e1lkozzanak a csemp\u00e9sszel, \u00e9s hogyan ismerj\u00e9k fel \u0151t. Azt is meg kellett tanulniuk, hogy mit kell tenni\u00fck egy idegen v\u00e1rosban az esti \u00f3r\u00e1kban, hogyan kell \u00fczenni\u00fck, hogy a hat\u00e1r biztons\u00e1gos \u00e1tl\u00e9p\u00e9se megt\u00f6rt\u00e9nt, \u00e9s mit kell tenni\u00fck a rom\u00e1n oldalon.<br \/>\nMagyarorsz\u00e1gon a menek\u00fcl\u0151 fiataloknak ki kellett ker\u00fclni\u00fck a biztons\u00e1gi er\u0151k, a hadsereg \u00e9s a titkosszolg\u00e1lat \u00fcgyn\u00f6keinek gy\u0171r\u0171j\u00e9t, akik folyamatosan igyekeztek azonos\u00edtani \u00e9s elfogni az \u00e1lruh\u00e1s zsid\u00f3kat, akik a budapesti termin\u00e1l fel\u00e9 tartottak, hogy vonatjegyet vegyenek. Ezut\u00e1n a hossz\u00fa \u00f3r\u00e1kon \u00e1t tart\u00f3 utaz\u00e1s sor\u00e1n v\u00e9gig el kellett ker\u00fclni\u00fck a felt\u0171n\u00e9st, \u00e9s nyugodtan, term\u00e9szetesen kellett bemutatniuk irataikat a gyanakv\u00f3 ellen\u0151r\u00f6knek. A sz\u00f6kev\u00e9nyeknek a rom\u00e1n oldalon az els\u0151 nagyv\u00e1rosba, Aradra vagy Tord\u00e1ra kellett eljutniuk. Az ottani magyarul besz\u00e9l\u0151 zsid\u00f3k seg\u00edtettek a rom\u00e1nul nem tud\u00f3 sz\u00f6kev\u00e9nyeknek, hogy folytass\u00e1k \u00fatjukat Bukarestbe, onnan pedig valahov\u00e1 m\u00e1shov\u00e1&#8230;<br \/>\nA t\u00f6bbsz\u00f6r\u00f6s vesz\u00e9lyek miatt ez a m\u0171velet n\u00e9ha kudarcot vallott, \u00e9s el\u0151fordult, hogy az utaz\u00f3kat a vonaton, a hat\u00e1rv\u00e1rosokban vagy ak\u00e1r a rom\u00e1n oldalon is elfogt\u00e1k. Az embercsemp\u00e9sz szervezet kulcsszerepl\u0151i a Hanoar Hatzioni tagjai voltak: Moshe Alpan, Hanna Gr\u00fcnfeld (Ganz), Yehuda Levi, Asher Ar\u00e1nyi, Menahem Tzvi Kadari \u00e9s Ya&#8217;akov Deutsch.<br \/>\nA szervezett csemp\u00e9szet 1944. augusztus 23-\u00e1n \u00e9rt v\u00e9get, amikor Rom\u00e1nia sz\u00f6vets\u00e9gre l\u00e9pett a Szovjetuni\u00f3val, \u00e9s hadat \u00fczent N\u00e9metorsz\u00e1gnak. A rom\u00e1n-magyar hat\u00e1r lett a frontvonal.<br \/>\nAz Arad \u00e9s Torda v\u00e1rosok k\u00f6z\u00f6ss\u00e9gi k\u00f6nyveiben tal\u00e1lhat\u00f3 feljegyz\u00e9sek szerint 1944 \u00e1prilisa \u00e9s augusztusa k\u00f6z\u00f6tt mintegy 15 000 fiatal zsid\u00f3 l\u00e9pte \u00e1t illeg\u00e1lisan a hat\u00e1rt. Ez az akci\u00f3, amely megmentette a menek\u00fcl\u0151ket a megsemmis\u00edt\u00e9st\u0151l, p\u00e9ld\u00e1tlanul nagyszab\u00e1s\u00fa volt a m\u00e1sodik vil\u00e1gh\u00e1bor\u00fa alatt a n\u00e9met megsz\u00e1ll\u00e1s alatt \u00e1ll\u00f3 Eur\u00f3p\u00e1ban. Minden a f\u00f6ldalatti cionista ifj\u00fas\u00e1gi ellen\u00e1ll\u00e1si mozgalmak kezdem\u00e9nyez\u00e9s\u00e9re \u00e9s szervez\u00e9s\u00e9ben t\u00f6rt\u00e9nt &#8211; a fiatalok, akik minden akad\u00e1lyt lek\u00fczd\u00f6ttek. \u0150k 1944-45-ben csatlakoztak az Eretz Izrael (Palesztina) kissz\u00e1m\u00fa zsid\u00f3 lakoss\u00e1g\u00e1hoz, \u00e9s akt\u00edv szerepet j\u00e1tszottak az 1948-as f\u00fcggetlens\u00e9gi h\u00e1bor\u00faban.<br \/>\n*<br \/>\nA m\u00e1sodik vil\u00e1gh\u00e1bor\u00fa 1939-es kit\u00f6r\u00e9se \u00e9s 1944 augusztusa k\u00f6z\u00f6tti id\u0151szakban, amikor Rom\u00e1nia kil\u00e9pett a tengelyhatalmi sz\u00f6vets\u00e9gb\u0151l (a Hitlerrel sz\u00f6vets\u00e9ges orsz\u00e1gok) \u00e9s megkezdte a harcot a n\u00e1ci N\u00e9metorsz\u00e1g ellen, 13 haj\u00f3 indult Rom\u00e1ni\u00e1b\u00f3l a Fekete-tengeren kereszt\u00fcl Eretz Izraelbe, mintegy 13 000 illeg\u00e1lis bev\u00e1ndorl\u00f3val. Ezek k\u00f6z\u00f6tt a haj\u00f3k k\u00f6z\u00f6tt volt a Struma (769 utas) \u00e9s a Mefkura (394 utas), amelyek mindketten tragikus k\u00f6r\u00fclm\u00e9nyek k\u00f6z\u00f6tt els\u00fcllyedtek. M\u00e9g 1944 ut\u00e1n is, mik\u00f6zben a h\u00e1bor\u00fa tov\u00e1bb d\u00falt, az illeg\u00e1lis bev\u00e1ndorl\u00f3k haj\u00f3i tov\u00e1bbra is elindultak Constanz\u00e1b\u00f3l, a Rom\u00e1niai Zsid\u00f3 Hitk\u00f6zs\u00e9gek Sz\u00f6vets\u00e9g\u00e9nek vezet\u0151s\u00e9g\u00e9nek akt\u00edv seg\u00edts\u00e9g\u00e9vel \u00e9s az Eretz Izraelb\u0151l \u00e9rkez\u0151 k\u00fcld\u00f6ttek bevon\u00e1s\u00e1val. K\u00e9t ilyen k\u00fcld\u00f6tt ejt\u0151erny\u0151vel \u00e9rkezett Rom\u00e1ni\u00e1ba azon a ny\u00e1ron: Yeshayahu (Sheike) Dan \u00e9s Yitzchak (Meno) Ben Ephraim.<\/p>\n","protected":false},"excerpt":{"rendered":"<p>1944. m\u00e1rcius 19-\u00e9n, Magyarorsz\u00e1g n\u00e9met megsz\u00e1ll\u00e1s\u00e1nak napj\u00e1n, azzal semmilyen kapcsolatban nem \u00e1llva, Hochhauser Zoli (k\u00e9s\u0151bbi nev\u00e9n Israel Harari) Kolozsv\u00e1rra, az akkori Magyarorsz\u00e1g \u00e9s Rom\u00e1nia k\u00f6z\u00f6tti hat\u00e1rv\u00e1rosba utazott, hogy \u00e1tsz\u00f6kj\u00f6n a hat\u00e1ron Rom\u00e1ni\u00e1ba, az ismeretlenbe, hogy elker\u00fclje, hogy egy k\u00e9nyszermunk\u00e1s sz\u00e1zaddal az orosz frontra k\u00fcldj\u00e9k. A helyi Hanoar Hatzioni mozgalom tagjai a seg\u00edts\u00e9g\u00e9re siettek. Tal\u00e1ltak egy [&hellip;]<\/p>\n","protected":false},"author":3,"featured_media":0,"parent":4483,"menu_order":1,"comment_status":"closed","ping_status":"closed","template":"","meta":{"_acf_changed":false,"footnotes":""},"class_list":["post-4484","page","type-page","status-publish","hentry"],"acf":[],"yoast_head":"<!-- This site is optimized with the Yoast SEO plugin v27.4 - https:\/\/yoast.com\/product\/yoast-seo-wordpress\/ -->\n<title>A &quot;Tiyul&quot; m\u0171velet - \u05d4\u05e2\u05de\u05d5\u05ea\u05d4 \u05dc\u05d7\u05e7\u05e8 \u05ea\u05e0\u05d5\u05e2\u05d5\u05ea \u05d4\u05e0\u05d5\u05e2\u05e8 \u05d4\u05e6\u05d9\u05d5\u05e0\u05d9\u05d5\u05ea \u05d1\u05d4\u05d5\u05e0\u05d2\u05e8\u05d9\u05d4<\/title>\n<meta name=\"robots\" content=\"index, follow, max-snippet:-1, max-image-preview:large, max-video-preview:-1\" \/>\n<link rel=\"canonical\" href=\"https:\/\/machteret1944.org\/hu\/a-tiyul-muvelet\/a-tiyul-muvelet\/\" \/>\n<meta property=\"og:locale\" content=\"hu_HU\" \/>\n<meta property=\"og:type\" content=\"article\" \/>\n<meta property=\"og:title\" content=\"A &quot;Tiyul&quot; m\u0171velet - \u05d4\u05e2\u05de\u05d5\u05ea\u05d4 \u05dc\u05d7\u05e7\u05e8 \u05ea\u05e0\u05d5\u05e2\u05d5\u05ea \u05d4\u05e0\u05d5\u05e2\u05e8 \u05d4\u05e6\u05d9\u05d5\u05e0\u05d9\u05d5\u05ea \u05d1\u05d4\u05d5\u05e0\u05d2\u05e8\u05d9\u05d4\" \/>\n<meta property=\"og:description\" content=\"1944. m\u00e1rcius 19-\u00e9n, Magyarorsz\u00e1g n\u00e9met megsz\u00e1ll\u00e1s\u00e1nak napj\u00e1n, azzal semmilyen kapcsolatban nem \u00e1llva, Hochhauser Zoli (k\u00e9s\u0151bbi nev\u00e9n Israel Harari) Kolozsv\u00e1rra, az akkori Magyarorsz\u00e1g \u00e9s Rom\u00e1nia k\u00f6z\u00f6tti hat\u00e1rv\u00e1rosba utazott, hogy \u00e1tsz\u00f6kj\u00f6n a hat\u00e1ron Rom\u00e1ni\u00e1ba, az ismeretlenbe, hogy elker\u00fclje, hogy egy k\u00e9nyszermunk\u00e1s sz\u00e1zaddal az orosz frontra k\u00fcldj\u00e9k. A helyi Hanoar Hatzioni mozgalom tagjai a seg\u00edts\u00e9g\u00e9re siettek. Tal\u00e1ltak egy [&hellip;]\" \/>\n<meta property=\"og:url\" content=\"https:\/\/machteret1944.org\/hu\/a-tiyul-muvelet\/a-tiyul-muvelet\/\" \/>\n<meta property=\"og:site_name\" content=\"\u05d4\u05e2\u05de\u05d5\u05ea\u05d4 \u05dc\u05d7\u05e7\u05e8 \u05ea\u05e0\u05d5\u05e2\u05d5\u05ea \u05d4\u05e0\u05d5\u05e2\u05e8 \u05d4\u05e6\u05d9\u05d5\u05e0\u05d9\u05d5\u05ea \u05d1\u05d4\u05d5\u05e0\u05d2\u05e8\u05d9\u05d4\" \/>\n<meta property=\"article:modified_time\" content=\"2023-12-20T08:47:15+00:00\" \/>\n<meta name=\"twitter:card\" content=\"summary_large_image\" \/>\n<meta name=\"twitter:label1\" content=\"Becs\u00fclt olvas\u00e1si id\u0151\" \/>\n\t<meta name=\"twitter:data1\" content=\"4 perc\" \/>\n<script type=\"application\/ld+json\" class=\"yoast-schema-graph\">{\"@context\":\"https:\\\/\\\/schema.org\",\"@graph\":[{\"@type\":\"WebPage\",\"@id\":\"https:\\\/\\\/machteret1944.org\\\/hu\\\/a-tiyul-muvelet\\\/a-tiyul-muvelet\\\/\",\"url\":\"https:\\\/\\\/machteret1944.org\\\/hu\\\/a-tiyul-muvelet\\\/a-tiyul-muvelet\\\/\",\"name\":\"A \\\"Tiyul\\\" m\u0171velet - \u05d4\u05e2\u05de\u05d5\u05ea\u05d4 \u05dc\u05d7\u05e7\u05e8 \u05ea\u05e0\u05d5\u05e2\u05d5\u05ea \u05d4\u05e0\u05d5\u05e2\u05e8 \u05d4\u05e6\u05d9\u05d5\u05e0\u05d9\u05d5\u05ea \u05d1\u05d4\u05d5\u05e0\u05d2\u05e8\u05d9\u05d4\",\"isPartOf\":{\"@id\":\"https:\\\/\\\/machteret1944.org\\\/hu\\\/#website\"},\"datePublished\":\"2021-02-04T08:41:14+00:00\",\"dateModified\":\"2023-12-20T08:47:15+00:00\",\"breadcrumb\":{\"@id\":\"https:\\\/\\\/machteret1944.org\\\/hu\\\/a-tiyul-muvelet\\\/a-tiyul-muvelet\\\/#breadcrumb\"},\"inLanguage\":\"hu\",\"potentialAction\":[{\"@type\":\"ReadAction\",\"target\":[\"https:\\\/\\\/machteret1944.org\\\/hu\\\/a-tiyul-muvelet\\\/a-tiyul-muvelet\\\/\"]}]},{\"@type\":\"BreadcrumbList\",\"@id\":\"https:\\\/\\\/machteret1944.org\\\/hu\\\/a-tiyul-muvelet\\\/a-tiyul-muvelet\\\/#breadcrumb\",\"itemListElement\":[{\"@type\":\"ListItem\",\"position\":1,\"name\":\"Kezd\u0151lap\",\"item\":\"https:\\\/\\\/machteret1944.org\\\/hu\\\/\"},{\"@type\":\"ListItem\",\"position\":2,\"name\":\"A Tiyul-m\u0171velet\",\"item\":\"https:\\\/\\\/machteret1944.org\\\/hu\\\/a-tiyul-muvelet\\\/\"},{\"@type\":\"ListItem\",\"position\":3,\"name\":\"A &quot;Tiyul&quot; m\u0171velet\"}]},{\"@type\":\"WebSite\",\"@id\":\"https:\\\/\\\/machteret1944.org\\\/hu\\\/#website\",\"url\":\"https:\\\/\\\/machteret1944.org\\\/hu\\\/\",\"name\":\"\u05d4\u05e2\u05de\u05d5\u05ea\u05d4 \u05dc\u05d7\u05e7\u05e8 \u05ea\u05e0\u05d5\u05e2\u05d5\u05ea \u05d4\u05e0\u05d5\u05e2\u05e8 \u05d4\u05e6\u05d9\u05d5\u05e0\u05d9\u05d5\u05ea \u05d1\u05d4\u05d5\u05e0\u05d2\u05e8\u05d9\u05d4\",\"description\":\"\u05d4\u05e2\u05de\u05d5\u05ea\u05d4 \u05dc\u05d7\u05e7\u05e8 \u05ea\u05e0\u05d5\u05e2\u05d5\u05ea \u05d4\u05e0\u05d5\u05e2\u05e8 \u05d4\u05e6\u05d9\u05d5\u05e0\u05d9\u05d5\u05ea \u05d1\u05d4\u05d5\u05e0\u05d2\u05e8\u05d9\u05d4\",\"publisher\":{\"@id\":\"https:\\\/\\\/machteret1944.org\\\/hu\\\/#organization\"},\"potentialAction\":[{\"@type\":\"SearchAction\",\"target\":{\"@type\":\"EntryPoint\",\"urlTemplate\":\"https:\\\/\\\/machteret1944.org\\\/hu\\\/?s={search_term_string}\"},\"query-input\":{\"@type\":\"PropertyValueSpecification\",\"valueRequired\":true,\"valueName\":\"search_term_string\"}}],\"inLanguage\":\"hu\"},{\"@type\":\"Organization\",\"@id\":\"https:\\\/\\\/machteret1944.org\\\/hu\\\/#organization\",\"name\":\"\u05d4\u05e2\u05de\u05d5\u05ea\u05d4 \u05dc\u05d7\u05e7\u05e8 \u05ea\u05e0\u05d5\u05e2\u05d5\u05ea \u05d4\u05e0\u05d5\u05e2\u05e8 \u05d4\u05e6\u05d9\u05d5\u05e0\u05d9\u05d5\u05ea \u05d1\u05d4\u05d5\u05e0\u05d2\u05e8\u05d9\u05d4\",\"url\":\"https:\\\/\\\/machteret1944.org\\\/hu\\\/\",\"logo\":{\"@type\":\"ImageObject\",\"inLanguage\":\"hu\",\"@id\":\"https:\\\/\\\/machteret1944.org\\\/hu\\\/#\\\/schema\\\/logo\\\/image\\\/\",\"url\":\"https:\\\/\\\/machteret1944.org\\\/wp-content\\\/uploads\\\/2020\\\/12\\\/\u05dc\u05d5\u05d2\u05d5-\u05dc\u05e2\u05de\u05d5\u05ea\u05d4.png\",\"contentUrl\":\"https:\\\/\\\/machteret1944.org\\\/wp-content\\\/uploads\\\/2020\\\/12\\\/\u05dc\u05d5\u05d2\u05d5-\u05dc\u05e2\u05de\u05d5\u05ea\u05d4.png\",\"width\":841,\"height\":290,\"caption\":\"\u05d4\u05e2\u05de\u05d5\u05ea\u05d4 \u05dc\u05d7\u05e7\u05e8 \u05ea\u05e0\u05d5\u05e2\u05d5\u05ea \u05d4\u05e0\u05d5\u05e2\u05e8 \u05d4\u05e6\u05d9\u05d5\u05e0\u05d9\u05d5\u05ea \u05d1\u05d4\u05d5\u05e0\u05d2\u05e8\u05d9\u05d4\"},\"image\":{\"@id\":\"https:\\\/\\\/machteret1944.org\\\/hu\\\/#\\\/schema\\\/logo\\\/image\\\/\"}}]}<\/script>\n<!-- \/ Yoast SEO plugin. -->","yoast_head_json":{"title":"A \"Tiyul\" m\u0171velet - \u05d4\u05e2\u05de\u05d5\u05ea\u05d4 \u05dc\u05d7\u05e7\u05e8 \u05ea\u05e0\u05d5\u05e2\u05d5\u05ea \u05d4\u05e0\u05d5\u05e2\u05e8 \u05d4\u05e6\u05d9\u05d5\u05e0\u05d9\u05d5\u05ea \u05d1\u05d4\u05d5\u05e0\u05d2\u05e8\u05d9\u05d4","robots":{"index":"index","follow":"follow","max-snippet":"max-snippet:-1","max-image-preview":"max-image-preview:large","max-video-preview":"max-video-preview:-1"},"canonical":"https:\/\/machteret1944.org\/hu\/a-tiyul-muvelet\/a-tiyul-muvelet\/","og_locale":"hu_HU","og_type":"article","og_title":"A \"Tiyul\" m\u0171velet - \u05d4\u05e2\u05de\u05d5\u05ea\u05d4 \u05dc\u05d7\u05e7\u05e8 \u05ea\u05e0\u05d5\u05e2\u05d5\u05ea \u05d4\u05e0\u05d5\u05e2\u05e8 \u05d4\u05e6\u05d9\u05d5\u05e0\u05d9\u05d5\u05ea \u05d1\u05d4\u05d5\u05e0\u05d2\u05e8\u05d9\u05d4","og_description":"1944. m\u00e1rcius 19-\u00e9n, Magyarorsz\u00e1g n\u00e9met megsz\u00e1ll\u00e1s\u00e1nak napj\u00e1n, azzal semmilyen kapcsolatban nem \u00e1llva, Hochhauser Zoli (k\u00e9s\u0151bbi nev\u00e9n Israel Harari) Kolozsv\u00e1rra, az akkori Magyarorsz\u00e1g \u00e9s Rom\u00e1nia k\u00f6z\u00f6tti hat\u00e1rv\u00e1rosba utazott, hogy \u00e1tsz\u00f6kj\u00f6n a hat\u00e1ron Rom\u00e1ni\u00e1ba, az ismeretlenbe, hogy elker\u00fclje, hogy egy k\u00e9nyszermunk\u00e1s sz\u00e1zaddal az orosz frontra k\u00fcldj\u00e9k. A helyi Hanoar Hatzioni mozgalom tagjai a seg\u00edts\u00e9g\u00e9re siettek. Tal\u00e1ltak egy [&hellip;]","og_url":"https:\/\/machteret1944.org\/hu\/a-tiyul-muvelet\/a-tiyul-muvelet\/","og_site_name":"\u05d4\u05e2\u05de\u05d5\u05ea\u05d4 \u05dc\u05d7\u05e7\u05e8 \u05ea\u05e0\u05d5\u05e2\u05d5\u05ea \u05d4\u05e0\u05d5\u05e2\u05e8 \u05d4\u05e6\u05d9\u05d5\u05e0\u05d9\u05d5\u05ea \u05d1\u05d4\u05d5\u05e0\u05d2\u05e8\u05d9\u05d4","article_modified_time":"2023-12-20T08:47:15+00:00","twitter_card":"summary_large_image","twitter_misc":{"Becs\u00fclt olvas\u00e1si id\u0151":"4 perc"},"schema":{"@context":"https:\/\/schema.org","@graph":[{"@type":"WebPage","@id":"https:\/\/machteret1944.org\/hu\/a-tiyul-muvelet\/a-tiyul-muvelet\/","url":"https:\/\/machteret1944.org\/hu\/a-tiyul-muvelet\/a-tiyul-muvelet\/","name":"A \"Tiyul\" m\u0171velet - \u05d4\u05e2\u05de\u05d5\u05ea\u05d4 \u05dc\u05d7\u05e7\u05e8 \u05ea\u05e0\u05d5\u05e2\u05d5\u05ea \u05d4\u05e0\u05d5\u05e2\u05e8 \u05d4\u05e6\u05d9\u05d5\u05e0\u05d9\u05d5\u05ea \u05d1\u05d4\u05d5\u05e0\u05d2\u05e8\u05d9\u05d4","isPartOf":{"@id":"https:\/\/machteret1944.org\/hu\/#website"},"datePublished":"2021-02-04T08:41:14+00:00","dateModified":"2023-12-20T08:47:15+00:00","breadcrumb":{"@id":"https:\/\/machteret1944.org\/hu\/a-tiyul-muvelet\/a-tiyul-muvelet\/#breadcrumb"},"inLanguage":"hu","potentialAction":[{"@type":"ReadAction","target":["https:\/\/machteret1944.org\/hu\/a-tiyul-muvelet\/a-tiyul-muvelet\/"]}]},{"@type":"BreadcrumbList","@id":"https:\/\/machteret1944.org\/hu\/a-tiyul-muvelet\/a-tiyul-muvelet\/#breadcrumb","itemListElement":[{"@type":"ListItem","position":1,"name":"Kezd\u0151lap","item":"https:\/\/machteret1944.org\/hu\/"},{"@type":"ListItem","position":2,"name":"A Tiyul-m\u0171velet","item":"https:\/\/machteret1944.org\/hu\/a-tiyul-muvelet\/"},{"@type":"ListItem","position":3,"name":"A &quot;Tiyul&quot; m\u0171velet"}]},{"@type":"WebSite","@id":"https:\/\/machteret1944.org\/hu\/#website","url":"https:\/\/machteret1944.org\/hu\/","name":"\u05d4\u05e2\u05de\u05d5\u05ea\u05d4 \u05dc\u05d7\u05e7\u05e8 \u05ea\u05e0\u05d5\u05e2\u05d5\u05ea \u05d4\u05e0\u05d5\u05e2\u05e8 \u05d4\u05e6\u05d9\u05d5\u05e0\u05d9\u05d5\u05ea \u05d1\u05d4\u05d5\u05e0\u05d2\u05e8\u05d9\u05d4","description":"\u05d4\u05e2\u05de\u05d5\u05ea\u05d4 \u05dc\u05d7\u05e7\u05e8 \u05ea\u05e0\u05d5\u05e2\u05d5\u05ea \u05d4\u05e0\u05d5\u05e2\u05e8 \u05d4\u05e6\u05d9\u05d5\u05e0\u05d9\u05d5\u05ea \u05d1\u05d4\u05d5\u05e0\u05d2\u05e8\u05d9\u05d4","publisher":{"@id":"https:\/\/machteret1944.org\/hu\/#organization"},"potentialAction":[{"@type":"SearchAction","target":{"@type":"EntryPoint","urlTemplate":"https:\/\/machteret1944.org\/hu\/?s={search_term_string}"},"query-input":{"@type":"PropertyValueSpecification","valueRequired":true,"valueName":"search_term_string"}}],"inLanguage":"hu"},{"@type":"Organization","@id":"https:\/\/machteret1944.org\/hu\/#organization","name":"\u05d4\u05e2\u05de\u05d5\u05ea\u05d4 \u05dc\u05d7\u05e7\u05e8 \u05ea\u05e0\u05d5\u05e2\u05d5\u05ea \u05d4\u05e0\u05d5\u05e2\u05e8 \u05d4\u05e6\u05d9\u05d5\u05e0\u05d9\u05d5\u05ea \u05d1\u05d4\u05d5\u05e0\u05d2\u05e8\u05d9\u05d4","url":"https:\/\/machteret1944.org\/hu\/","logo":{"@type":"ImageObject","inLanguage":"hu","@id":"https:\/\/machteret1944.org\/hu\/#\/schema\/logo\/image\/","url":"https:\/\/machteret1944.org\/wp-content\/uploads\/2020\/12\/\u05dc\u05d5\u05d2\u05d5-\u05dc\u05e2\u05de\u05d5\u05ea\u05d4.png","contentUrl":"https:\/\/machteret1944.org\/wp-content\/uploads\/2020\/12\/\u05dc\u05d5\u05d2\u05d5-\u05dc\u05e2\u05de\u05d5\u05ea\u05d4.png","width":841,"height":290,"caption":"\u05d4\u05e2\u05de\u05d5\u05ea\u05d4 \u05dc\u05d7\u05e7\u05e8 \u05ea\u05e0\u05d5\u05e2\u05d5\u05ea \u05d4\u05e0\u05d5\u05e2\u05e8 \u05d4\u05e6\u05d9\u05d5\u05e0\u05d9\u05d5\u05ea \u05d1\u05d4\u05d5\u05e0\u05d2\u05e8\u05d9\u05d4"},"image":{"@id":"https:\/\/machteret1944.org\/hu\/#\/schema\/logo\/image\/"}}]}},"_links":{"self":[{"href":"https:\/\/machteret1944.org\/hu\/wp-json\/wp\/v2\/pages\/4484","targetHints":{"allow":["GET"]}}],"collection":[{"href":"https:\/\/machteret1944.org\/hu\/wp-json\/wp\/v2\/pages"}],"about":[{"href":"https:\/\/machteret1944.org\/hu\/wp-json\/wp\/v2\/types\/page"}],"author":[{"embeddable":true,"href":"https:\/\/machteret1944.org\/hu\/wp-json\/wp\/v2\/users\/3"}],"replies":[{"embeddable":true,"href":"https:\/\/machteret1944.org\/hu\/wp-json\/wp\/v2\/comments?post=4484"}],"version-history":[{"count":1,"href":"https:\/\/machteret1944.org\/hu\/wp-json\/wp\/v2\/pages\/4484\/revisions"}],"predecessor-version":[{"id":4485,"href":"https:\/\/machteret1944.org\/hu\/wp-json\/wp\/v2\/pages\/4484\/revisions\/4485"}],"up":[{"embeddable":true,"href":"https:\/\/machteret1944.org\/hu\/wp-json\/wp\/v2\/pages\/4483"}],"wp:attachment":[{"href":"https:\/\/machteret1944.org\/hu\/wp-json\/wp\/v2\/media?parent=4484"}],"curies":[{"name":"wp","href":"https:\/\/api.w.org\/{rel}","templated":true}]}}