{"id":4490,"date":"2020-03-26T14:50:13","date_gmt":"2020-03-26T14:50:13","guid":{"rendered":"https:\/\/machteret1944.org\/the-childrens-houses\/"},"modified":"2023-12-20T08:54:25","modified_gmt":"2023-12-20T08:54:25","slug":"gyerekhazak","status":"publish","type":"page","link":"https:\/\/machteret1944.org\/hu\/gyerekhazak\/","title":{"rendered":"Gyerekh\u00e1zak"},"content":{"rendered":"<p>N\u00e9h\u00e1ny h\u00e9ttel azut\u00e1n, hogy 1944. okt\u00f3ber 15-\u00e9n a fasiszta nyilasok \u00e1tvett\u00e9k a magyar korm\u00e1ny ir\u00e1ny\u00edt\u00e1s\u00e1t, zsid\u00f3k ezreit hurcolt\u00e1k el a gett\u00f3b\u00f3l k\u00e9nyszermunkat\u00e1borokba, vagy m\u00e9sz\u00e1rolt\u00e1k le a Duna-parton. Zsid\u00f3 gyermekek t\u00edzezrei maradtak \u00e1rv\u00e1n vagy sz\u00fcleik n\u00e9lk\u00fcl. A f\u00f6ldalatti Cionista Ifj\u00fas\u00e1gi Ellen\u00e1ll\u00e1si Mozgalom mag\u00e1ra v\u00e1llalta e gyermekek megment\u00e9s\u00e9t, \u00e9s 55 gyermekotthont hozott l\u00e9tre, mintegy 1000 fiatal f\u00e9rfib\u00f3l \u00e9s n\u0151b\u0151l \u00e1ll\u00f3 szem\u00e9lyzettel. Ezekben a h\u00e1zakban mintegy 5000 gyermeket sz\u00e1ll\u00e1soltak el, etettek, \u00f6lt\u00f6ztettek, meleg\u00edtettek a kem\u00e9ny magyar t\u00e9lben, s\u0151t tan\u00edttattak is, a sv\u00e1jci k\u00f6vets\u00e9g v\u00e9delme alatt, eg\u00e9szen a V\u00f6r\u00f6s Hadsereg \u00e1ltal t\u00f6rt\u00e9n\u0151 1945. janu\u00e1r 18-i felszabad\u00edt\u00e1sukig, s\u0151t azt k\u00f6vet\u0151en is. Az ifj\u00fas\u00e1gi csoportok ezut\u00e1n el\u0151seg\u00edtett\u00e9k ezeknek a gyerekeknek az alij\u00e1z\u00e1s\u00e1t Eretz Izraelbe.<\/p>\n","protected":false},"excerpt":{"rendered":"<p>N\u00e9h\u00e1ny h\u00e9ttel azut\u00e1n, hogy 1944. okt\u00f3ber 15-\u00e9n a fasiszta nyilasok \u00e1tvett\u00e9k a magyar korm\u00e1ny ir\u00e1ny\u00edt\u00e1s\u00e1t, zsid\u00f3k ezreit hurcolt\u00e1k el a gett\u00f3b\u00f3l k\u00e9nyszermunkat\u00e1borokba, vagy m\u00e9sz\u00e1rolt\u00e1k le a Duna-parton. Zsid\u00f3 gyermekek t\u00edzezrei maradtak \u00e1rv\u00e1n vagy sz\u00fcleik n\u00e9lk\u00fcl. A f\u00f6ldalatti Cionista Ifj\u00fas\u00e1gi Ellen\u00e1ll\u00e1si Mozgalom mag\u00e1ra v\u00e1llalta e gyermekek megment\u00e9s\u00e9t, \u00e9s 55 gyermekotthont hozott l\u00e9tre, mintegy 1000 fiatal f\u00e9rfib\u00f3l [&hellip;]<\/p>\n","protected":false},"author":1,"featured_media":0,"parent":0,"menu_order":3,"comment_status":"closed","ping_status":"closed","template":"","meta":{"_acf_changed":false,"footnotes":""},"class_list":["post-4490","page","type-page","status-publish","hentry"],"acf":[],"yoast_head":"<!-- This site is optimized with the Yoast SEO plugin v27.3 - https:\/\/yoast.com\/product\/yoast-seo-wordpress\/ -->\n<title>Gyerekh\u00e1zak - \u05d4\u05e2\u05de\u05d5\u05ea\u05d4 \u05dc\u05d7\u05e7\u05e8 \u05ea\u05e0\u05d5\u05e2\u05d5\u05ea \u05d4\u05e0\u05d5\u05e2\u05e8 \u05d4\u05e6\u05d9\u05d5\u05e0\u05d9\u05d5\u05ea \u05d1\u05d4\u05d5\u05e0\u05d2\u05e8\u05d9\u05d4<\/title>\n<meta name=\"robots\" content=\"index, follow, max-snippet:-1, max-image-preview:large, max-video-preview:-1\" \/>\n<link rel=\"canonical\" href=\"https:\/\/machteret1944.org\/hu\/gyerekhazak\/\" \/>\n<meta property=\"og:locale\" content=\"hu_HU\" \/>\n<meta property=\"og:type\" content=\"article\" \/>\n<meta property=\"og:title\" content=\"Gyerekh\u00e1zak - \u05d4\u05e2\u05de\u05d5\u05ea\u05d4 \u05dc\u05d7\u05e7\u05e8 \u05ea\u05e0\u05d5\u05e2\u05d5\u05ea \u05d4\u05e0\u05d5\u05e2\u05e8 \u05d4\u05e6\u05d9\u05d5\u05e0\u05d9\u05d5\u05ea \u05d1\u05d4\u05d5\u05e0\u05d2\u05e8\u05d9\u05d4\" \/>\n<meta property=\"og:description\" content=\"N\u00e9h\u00e1ny h\u00e9ttel azut\u00e1n, hogy 1944. okt\u00f3ber 15-\u00e9n a fasiszta nyilasok \u00e1tvett\u00e9k a magyar korm\u00e1ny ir\u00e1ny\u00edt\u00e1s\u00e1t, zsid\u00f3k ezreit hurcolt\u00e1k el a gett\u00f3b\u00f3l k\u00e9nyszermunkat\u00e1borokba, vagy m\u00e9sz\u00e1rolt\u00e1k le a Duna-parton. Zsid\u00f3 gyermekek t\u00edzezrei maradtak \u00e1rv\u00e1n vagy sz\u00fcleik n\u00e9lk\u00fcl. A f\u00f6ldalatti Cionista Ifj\u00fas\u00e1gi Ellen\u00e1ll\u00e1si Mozgalom mag\u00e1ra v\u00e1llalta e gyermekek megment\u00e9s\u00e9t, \u00e9s 55 gyermekotthont hozott l\u00e9tre, mintegy 1000 fiatal f\u00e9rfib\u00f3l [&hellip;]\" \/>\n<meta property=\"og:url\" content=\"https:\/\/machteret1944.org\/hu\/gyerekhazak\/\" \/>\n<meta property=\"og:site_name\" content=\"\u05d4\u05e2\u05de\u05d5\u05ea\u05d4 \u05dc\u05d7\u05e7\u05e8 \u05ea\u05e0\u05d5\u05e2\u05d5\u05ea \u05d4\u05e0\u05d5\u05e2\u05e8 \u05d4\u05e6\u05d9\u05d5\u05e0\u05d9\u05d5\u05ea \u05d1\u05d4\u05d5\u05e0\u05d2\u05e8\u05d9\u05d4\" \/>\n<meta property=\"article:modified_time\" content=\"2023-12-20T08:54:25+00:00\" \/>\n<meta name=\"twitter:card\" content=\"summary_large_image\" \/>\n<meta name=\"twitter:label1\" content=\"Becs\u00fclt olvas\u00e1si id\u0151\" \/>\n\t<meta name=\"twitter:data1\" content=\"1 perc\" \/>\n<script type=\"application\/ld+json\" class=\"yoast-schema-graph\">{\"@context\":\"https:\\\/\\\/schema.org\",\"@graph\":[{\"@type\":\"WebPage\",\"@id\":\"https:\\\/\\\/machteret1944.org\\\/hu\\\/gyerekhazak\\\/\",\"url\":\"https:\\\/\\\/machteret1944.org\\\/hu\\\/gyerekhazak\\\/\",\"name\":\"Gyerekh\u00e1zak - \u05d4\u05e2\u05de\u05d5\u05ea\u05d4 \u05dc\u05d7\u05e7\u05e8 \u05ea\u05e0\u05d5\u05e2\u05d5\u05ea \u05d4\u05e0\u05d5\u05e2\u05e8 \u05d4\u05e6\u05d9\u05d5\u05e0\u05d9\u05d5\u05ea \u05d1\u05d4\u05d5\u05e0\u05d2\u05e8\u05d9\u05d4\",\"isPartOf\":{\"@id\":\"https:\\\/\\\/machteret1944.org\\\/hu\\\/#website\"},\"datePublished\":\"2020-03-26T14:50:13+00:00\",\"dateModified\":\"2023-12-20T08:54:25+00:00\",\"breadcrumb\":{\"@id\":\"https:\\\/\\\/machteret1944.org\\\/hu\\\/gyerekhazak\\\/#breadcrumb\"},\"inLanguage\":\"hu\",\"potentialAction\":[{\"@type\":\"ReadAction\",\"target\":[\"https:\\\/\\\/machteret1944.org\\\/hu\\\/gyerekhazak\\\/\"]}]},{\"@type\":\"BreadcrumbList\",\"@id\":\"https:\\\/\\\/machteret1944.org\\\/hu\\\/gyerekhazak\\\/#breadcrumb\",\"itemListElement\":[{\"@type\":\"ListItem\",\"position\":1,\"name\":\"Kezd\u0151lap\",\"item\":\"https:\\\/\\\/machteret1944.org\\\/hu\\\/\"},{\"@type\":\"ListItem\",\"position\":2,\"name\":\"Gyerekh\u00e1zak\"}]},{\"@type\":\"WebSite\",\"@id\":\"https:\\\/\\\/machteret1944.org\\\/hu\\\/#website\",\"url\":\"https:\\\/\\\/machteret1944.org\\\/hu\\\/\",\"name\":\"\u05d4\u05e2\u05de\u05d5\u05ea\u05d4 \u05dc\u05d7\u05e7\u05e8 \u05ea\u05e0\u05d5\u05e2\u05d5\u05ea \u05d4\u05e0\u05d5\u05e2\u05e8 \u05d4\u05e6\u05d9\u05d5\u05e0\u05d9\u05d5\u05ea \u05d1\u05d4\u05d5\u05e0\u05d2\u05e8\u05d9\u05d4\",\"description\":\"\u05d4\u05e2\u05de\u05d5\u05ea\u05d4 \u05dc\u05d7\u05e7\u05e8 \u05ea\u05e0\u05d5\u05e2\u05d5\u05ea \u05d4\u05e0\u05d5\u05e2\u05e8 \u05d4\u05e6\u05d9\u05d5\u05e0\u05d9\u05d5\u05ea \u05d1\u05d4\u05d5\u05e0\u05d2\u05e8\u05d9\u05d4\",\"publisher\":{\"@id\":\"https:\\\/\\\/machteret1944.org\\\/hu\\\/#organization\"},\"potentialAction\":[{\"@type\":\"SearchAction\",\"target\":{\"@type\":\"EntryPoint\",\"urlTemplate\":\"https:\\\/\\\/machteret1944.org\\\/hu\\\/?s={search_term_string}\"},\"query-input\":{\"@type\":\"PropertyValueSpecification\",\"valueRequired\":true,\"valueName\":\"search_term_string\"}}],\"inLanguage\":\"hu\"},{\"@type\":\"Organization\",\"@id\":\"https:\\\/\\\/machteret1944.org\\\/hu\\\/#organization\",\"name\":\"\u05d4\u05e2\u05de\u05d5\u05ea\u05d4 \u05dc\u05d7\u05e7\u05e8 \u05ea\u05e0\u05d5\u05e2\u05d5\u05ea \u05d4\u05e0\u05d5\u05e2\u05e8 \u05d4\u05e6\u05d9\u05d5\u05e0\u05d9\u05d5\u05ea \u05d1\u05d4\u05d5\u05e0\u05d2\u05e8\u05d9\u05d4\",\"url\":\"https:\\\/\\\/machteret1944.org\\\/hu\\\/\",\"logo\":{\"@type\":\"ImageObject\",\"inLanguage\":\"hu\",\"@id\":\"https:\\\/\\\/machteret1944.org\\\/hu\\\/#\\\/schema\\\/logo\\\/image\\\/\",\"url\":\"https:\\\/\\\/machteret1944.org\\\/wp-content\\\/uploads\\\/2020\\\/12\\\/\u05dc\u05d5\u05d2\u05d5-\u05dc\u05e2\u05de\u05d5\u05ea\u05d4.png\",\"contentUrl\":\"https:\\\/\\\/machteret1944.org\\\/wp-content\\\/uploads\\\/2020\\\/12\\\/\u05dc\u05d5\u05d2\u05d5-\u05dc\u05e2\u05de\u05d5\u05ea\u05d4.png\",\"width\":841,\"height\":290,\"caption\":\"\u05d4\u05e2\u05de\u05d5\u05ea\u05d4 \u05dc\u05d7\u05e7\u05e8 \u05ea\u05e0\u05d5\u05e2\u05d5\u05ea \u05d4\u05e0\u05d5\u05e2\u05e8 \u05d4\u05e6\u05d9\u05d5\u05e0\u05d9\u05d5\u05ea \u05d1\u05d4\u05d5\u05e0\u05d2\u05e8\u05d9\u05d4\"},\"image\":{\"@id\":\"https:\\\/\\\/machteret1944.org\\\/hu\\\/#\\\/schema\\\/logo\\\/image\\\/\"}}]}<\/script>\n<!-- \/ Yoast SEO plugin. -->","yoast_head_json":{"title":"Gyerekh\u00e1zak - \u05d4\u05e2\u05de\u05d5\u05ea\u05d4 \u05dc\u05d7\u05e7\u05e8 \u05ea\u05e0\u05d5\u05e2\u05d5\u05ea \u05d4\u05e0\u05d5\u05e2\u05e8 \u05d4\u05e6\u05d9\u05d5\u05e0\u05d9\u05d5\u05ea \u05d1\u05d4\u05d5\u05e0\u05d2\u05e8\u05d9\u05d4","robots":{"index":"index","follow":"follow","max-snippet":"max-snippet:-1","max-image-preview":"max-image-preview:large","max-video-preview":"max-video-preview:-1"},"canonical":"https:\/\/machteret1944.org\/hu\/gyerekhazak\/","og_locale":"hu_HU","og_type":"article","og_title":"Gyerekh\u00e1zak - \u05d4\u05e2\u05de\u05d5\u05ea\u05d4 \u05dc\u05d7\u05e7\u05e8 \u05ea\u05e0\u05d5\u05e2\u05d5\u05ea \u05d4\u05e0\u05d5\u05e2\u05e8 \u05d4\u05e6\u05d9\u05d5\u05e0\u05d9\u05d5\u05ea \u05d1\u05d4\u05d5\u05e0\u05d2\u05e8\u05d9\u05d4","og_description":"N\u00e9h\u00e1ny h\u00e9ttel azut\u00e1n, hogy 1944. okt\u00f3ber 15-\u00e9n a fasiszta nyilasok \u00e1tvett\u00e9k a magyar korm\u00e1ny ir\u00e1ny\u00edt\u00e1s\u00e1t, zsid\u00f3k ezreit hurcolt\u00e1k el a gett\u00f3b\u00f3l k\u00e9nyszermunkat\u00e1borokba, vagy m\u00e9sz\u00e1rolt\u00e1k le a Duna-parton. Zsid\u00f3 gyermekek t\u00edzezrei maradtak \u00e1rv\u00e1n vagy sz\u00fcleik n\u00e9lk\u00fcl. A f\u00f6ldalatti Cionista Ifj\u00fas\u00e1gi Ellen\u00e1ll\u00e1si Mozgalom mag\u00e1ra v\u00e1llalta e gyermekek megment\u00e9s\u00e9t, \u00e9s 55 gyermekotthont hozott l\u00e9tre, mintegy 1000 fiatal f\u00e9rfib\u00f3l [&hellip;]","og_url":"https:\/\/machteret1944.org\/hu\/gyerekhazak\/","og_site_name":"\u05d4\u05e2\u05de\u05d5\u05ea\u05d4 \u05dc\u05d7\u05e7\u05e8 \u05ea\u05e0\u05d5\u05e2\u05d5\u05ea \u05d4\u05e0\u05d5\u05e2\u05e8 \u05d4\u05e6\u05d9\u05d5\u05e0\u05d9\u05d5\u05ea \u05d1\u05d4\u05d5\u05e0\u05d2\u05e8\u05d9\u05d4","article_modified_time":"2023-12-20T08:54:25+00:00","twitter_card":"summary_large_image","twitter_misc":{"Becs\u00fclt olvas\u00e1si id\u0151":"1 perc"},"schema":{"@context":"https:\/\/schema.org","@graph":[{"@type":"WebPage","@id":"https:\/\/machteret1944.org\/hu\/gyerekhazak\/","url":"https:\/\/machteret1944.org\/hu\/gyerekhazak\/","name":"Gyerekh\u00e1zak - \u05d4\u05e2\u05de\u05d5\u05ea\u05d4 \u05dc\u05d7\u05e7\u05e8 \u05ea\u05e0\u05d5\u05e2\u05d5\u05ea \u05d4\u05e0\u05d5\u05e2\u05e8 \u05d4\u05e6\u05d9\u05d5\u05e0\u05d9\u05d5\u05ea \u05d1\u05d4\u05d5\u05e0\u05d2\u05e8\u05d9\u05d4","isPartOf":{"@id":"https:\/\/machteret1944.org\/hu\/#website"},"datePublished":"2020-03-26T14:50:13+00:00","dateModified":"2023-12-20T08:54:25+00:00","breadcrumb":{"@id":"https:\/\/machteret1944.org\/hu\/gyerekhazak\/#breadcrumb"},"inLanguage":"hu","potentialAction":[{"@type":"ReadAction","target":["https:\/\/machteret1944.org\/hu\/gyerekhazak\/"]}]},{"@type":"BreadcrumbList","@id":"https:\/\/machteret1944.org\/hu\/gyerekhazak\/#breadcrumb","itemListElement":[{"@type":"ListItem","position":1,"name":"Kezd\u0151lap","item":"https:\/\/machteret1944.org\/hu\/"},{"@type":"ListItem","position":2,"name":"Gyerekh\u00e1zak"}]},{"@type":"WebSite","@id":"https:\/\/machteret1944.org\/hu\/#website","url":"https:\/\/machteret1944.org\/hu\/","name":"\u05d4\u05e2\u05de\u05d5\u05ea\u05d4 \u05dc\u05d7\u05e7\u05e8 \u05ea\u05e0\u05d5\u05e2\u05d5\u05ea \u05d4\u05e0\u05d5\u05e2\u05e8 \u05d4\u05e6\u05d9\u05d5\u05e0\u05d9\u05d5\u05ea \u05d1\u05d4\u05d5\u05e0\u05d2\u05e8\u05d9\u05d4","description":"\u05d4\u05e2\u05de\u05d5\u05ea\u05d4 \u05dc\u05d7\u05e7\u05e8 \u05ea\u05e0\u05d5\u05e2\u05d5\u05ea \u05d4\u05e0\u05d5\u05e2\u05e8 \u05d4\u05e6\u05d9\u05d5\u05e0\u05d9\u05d5\u05ea \u05d1\u05d4\u05d5\u05e0\u05d2\u05e8\u05d9\u05d4","publisher":{"@id":"https:\/\/machteret1944.org\/hu\/#organization"},"potentialAction":[{"@type":"SearchAction","target":{"@type":"EntryPoint","urlTemplate":"https:\/\/machteret1944.org\/hu\/?s={search_term_string}"},"query-input":{"@type":"PropertyValueSpecification","valueRequired":true,"valueName":"search_term_string"}}],"inLanguage":"hu"},{"@type":"Organization","@id":"https:\/\/machteret1944.org\/hu\/#organization","name":"\u05d4\u05e2\u05de\u05d5\u05ea\u05d4 \u05dc\u05d7\u05e7\u05e8 \u05ea\u05e0\u05d5\u05e2\u05d5\u05ea \u05d4\u05e0\u05d5\u05e2\u05e8 \u05d4\u05e6\u05d9\u05d5\u05e0\u05d9\u05d5\u05ea \u05d1\u05d4\u05d5\u05e0\u05d2\u05e8\u05d9\u05d4","url":"https:\/\/machteret1944.org\/hu\/","logo":{"@type":"ImageObject","inLanguage":"hu","@id":"https:\/\/machteret1944.org\/hu\/#\/schema\/logo\/image\/","url":"https:\/\/machteret1944.org\/wp-content\/uploads\/2020\/12\/\u05dc\u05d5\u05d2\u05d5-\u05dc\u05e2\u05de\u05d5\u05ea\u05d4.png","contentUrl":"https:\/\/machteret1944.org\/wp-content\/uploads\/2020\/12\/\u05dc\u05d5\u05d2\u05d5-\u05dc\u05e2\u05de\u05d5\u05ea\u05d4.png","width":841,"height":290,"caption":"\u05d4\u05e2\u05de\u05d5\u05ea\u05d4 \u05dc\u05d7\u05e7\u05e8 \u05ea\u05e0\u05d5\u05e2\u05d5\u05ea \u05d4\u05e0\u05d5\u05e2\u05e8 \u05d4\u05e6\u05d9\u05d5\u05e0\u05d9\u05d5\u05ea \u05d1\u05d4\u05d5\u05e0\u05d2\u05e8\u05d9\u05d4"},"image":{"@id":"https:\/\/machteret1944.org\/hu\/#\/schema\/logo\/image\/"}}]}},"_links":{"self":[{"href":"https:\/\/machteret1944.org\/hu\/wp-json\/wp\/v2\/pages\/4490","targetHints":{"allow":["GET"]}}],"collection":[{"href":"https:\/\/machteret1944.org\/hu\/wp-json\/wp\/v2\/pages"}],"about":[{"href":"https:\/\/machteret1944.org\/hu\/wp-json\/wp\/v2\/types\/page"}],"author":[{"embeddable":true,"href":"https:\/\/machteret1944.org\/hu\/wp-json\/wp\/v2\/users\/1"}],"replies":[{"embeddable":true,"href":"https:\/\/machteret1944.org\/hu\/wp-json\/wp\/v2\/comments?post=4490"}],"version-history":[{"count":1,"href":"https:\/\/machteret1944.org\/hu\/wp-json\/wp\/v2\/pages\/4490\/revisions"}],"predecessor-version":[{"id":4491,"href":"https:\/\/machteret1944.org\/hu\/wp-json\/wp\/v2\/pages\/4490\/revisions\/4491"}],"wp:attachment":[{"href":"https:\/\/machteret1944.org\/hu\/wp-json\/wp\/v2\/media?parent=4490"}],"curies":[{"name":"wp","href":"https:\/\/api.w.org\/{rel}","templated":true}]}}