{"id":4700,"date":"2020-12-27T12:33:35","date_gmt":"2020-12-27T12:33:35","guid":{"rendered":"https:\/\/machteret1944.org\/the-glass-house\/"},"modified":"2024-02-05T09:04:25","modified_gmt":"2024-02-05T09:04:25","slug":"az-uveghaz","status":"publish","type":"page","link":"https:\/\/machteret1944.org\/hu\/az-uveghaz\/","title":{"rendered":"Az \u00dcvegh\u00e1z"},"content":{"rendered":"<p>Az \u00dcvegh\u00e1zat, egy zsid\u00f3 \u00fczletember tulajdon\u00e1ban l\u00e9v\u0151 \u00e9p\u00fcletet a sv\u00e1jci nagyk\u00f6vets\u00e9g b\u00e9relte ki, majd v\u00e9g\u00fcl a sv\u00e1jci nagyk\u00f6vets\u00e9g tulajdon\u00e1ba ker\u00fclt, \u00e9s a brit mand\u00e1tumi Palesztin\u00e1ba val\u00f3 bev\u00e1ndorl\u00e1si enged\u00e9lyek ir\u00e1nti k\u00e9relmek nyilv\u00e1ntart\u00e1s\u00e1ra szolg\u00e1l\u00f3 irodak\u00e9nt jel\u00f6lt\u00e9k ki. A sv\u00e1jci konzul\u00e1tus exterritori\u00e1lis st\u00e1tusszal \u00e9s viszonylagos v\u00e9delemmel rendelkez\u0151 fi\u00f3kjak\u00e9nt az \u00dcvegh\u00e1z a f\u00f6ldalatti tev\u00e9kenys\u00e9g k\u00f6zpontj\u00e1v\u00e1 v\u00e1lt. 1944 okt\u00f3ber\u00e9ben, amikor a nyilasok \u00e1tvett\u00e9k Magyarorsz\u00e1g ir\u00e1ny\u00edt\u00e1s\u00e1t, a zsid\u00f3 f\u00f6ldalatti mozgalom vezet\u0151i kezdem\u00e9nyezt\u00e9k mintegy 3000 szem\u00e9ly &#8211; f\u00f6ldalatti tagok, menek\u00fcltek \u00e9s m\u00e1sok &#8211; befogad\u00e1s\u00e1t \u00e9s elhelyez\u00e9s\u00e9t az \u00e9p\u00fcletben, ezzel megmentve \u00e9let\u00fcket. Ugyancsak itt kezdem\u00e9nyezt\u00e9k a vezet\u0151k k\u00f6zel 120 000 hamis &#8222;Schutzpass&#8221; nyomtat\u00e1s\u00e1t \u00e9s sz\u00e9toszt\u00e1s\u00e1t mindenkinek, akinek menek\u00fclnie kellett (a gett\u00f3kban, az utc\u00e1n, a k\u00e9nyszermunkaegys\u00e9gek tagjai k\u00f6z\u00f6tt stb.), ezzel zsid\u00f3k t\u00edzezreit mentve meg.<\/p>\n<p><img fetchpriority=\"high\" decoding=\"async\" class=\"alignnone wp-image-1424\" src=\"https:\/\/machteret1944.org\/wp-content\/uploads\/2021\/03\/ADELINA-2-300x149.jpg\" alt=\"\" width=\"652\" height=\"324\" srcset=\"https:\/\/machteret1944.org\/wp-content\/uploads\/2021\/03\/ADELINA-2-300x149.jpg 300w, https:\/\/machteret1944.org\/wp-content\/uploads\/2021\/03\/ADELINA-2-1024x509.jpg 1024w, https:\/\/machteret1944.org\/wp-content\/uploads\/2021\/03\/ADELINA-2-768x382.jpg 768w, https:\/\/machteret1944.org\/wp-content\/uploads\/2021\/03\/ADELINA-2.jpg 1395w\" sizes=\"(max-width: 652px) 100vw, 652px\" \/><\/p>\n<p class=\"Arial12\" dir=\"RTL\" style=\"direction: rtl; unicode-bidi: embed; text-align: left;\"><em>Kristalnacht in Budapest &#8211; by Adelina Klein<\/em><\/p>\n","protected":false},"excerpt":{"rendered":"<p>Az \u00dcvegh\u00e1zat, egy zsid\u00f3 \u00fczletember tulajdon\u00e1ban l\u00e9v\u0151 \u00e9p\u00fcletet a sv\u00e1jci nagyk\u00f6vets\u00e9g b\u00e9relte ki, majd v\u00e9g\u00fcl a sv\u00e1jci nagyk\u00f6vets\u00e9g tulajdon\u00e1ba ker\u00fclt, \u00e9s a brit mand\u00e1tumi Palesztin\u00e1ba val\u00f3 bev\u00e1ndorl\u00e1si enged\u00e9lyek ir\u00e1nti k\u00e9relmek nyilv\u00e1ntart\u00e1s\u00e1ra szolg\u00e1l\u00f3 irodak\u00e9nt jel\u00f6lt\u00e9k ki. A sv\u00e1jci konzul\u00e1tus exterritori\u00e1lis st\u00e1tusszal \u00e9s viszonylagos v\u00e9delemmel rendelkez\u0151 fi\u00f3kjak\u00e9nt az \u00dcvegh\u00e1z a f\u00f6ldalatti tev\u00e9kenys\u00e9g k\u00f6zpontj\u00e1v\u00e1 v\u00e1lt. 1944 okt\u00f3ber\u00e9ben, amikor [&hellip;]<\/p>\n","protected":false},"author":1,"featured_media":0,"parent":0,"menu_order":7,"comment_status":"closed","ping_status":"closed","template":"","meta":{"_acf_changed":false,"footnotes":""},"class_list":["post-4700","page","type-page","status-publish","hentry"],"acf":[],"yoast_head":"<!-- This site is optimized with the Yoast SEO plugin v27.3 - https:\/\/yoast.com\/product\/yoast-seo-wordpress\/ -->\n<title>Az \u00dcvegh\u00e1z - \u05d4\u05e2\u05de\u05d5\u05ea\u05d4 \u05dc\u05d7\u05e7\u05e8 \u05ea\u05e0\u05d5\u05e2\u05d5\u05ea \u05d4\u05e0\u05d5\u05e2\u05e8 \u05d4\u05e6\u05d9\u05d5\u05e0\u05d9\u05d5\u05ea \u05d1\u05d4\u05d5\u05e0\u05d2\u05e8\u05d9\u05d4<\/title>\n<meta name=\"robots\" content=\"index, follow, max-snippet:-1, max-image-preview:large, max-video-preview:-1\" \/>\n<link rel=\"canonical\" href=\"https:\/\/machteret1944.org\/hu\/az-uveghaz\/\" \/>\n<meta property=\"og:locale\" content=\"hu_HU\" \/>\n<meta property=\"og:type\" content=\"article\" \/>\n<meta property=\"og:title\" content=\"Az \u00dcvegh\u00e1z - \u05d4\u05e2\u05de\u05d5\u05ea\u05d4 \u05dc\u05d7\u05e7\u05e8 \u05ea\u05e0\u05d5\u05e2\u05d5\u05ea \u05d4\u05e0\u05d5\u05e2\u05e8 \u05d4\u05e6\u05d9\u05d5\u05e0\u05d9\u05d5\u05ea \u05d1\u05d4\u05d5\u05e0\u05d2\u05e8\u05d9\u05d4\" \/>\n<meta property=\"og:description\" content=\"Az \u00dcvegh\u00e1zat, egy zsid\u00f3 \u00fczletember tulajdon\u00e1ban l\u00e9v\u0151 \u00e9p\u00fcletet a sv\u00e1jci nagyk\u00f6vets\u00e9g b\u00e9relte ki, majd v\u00e9g\u00fcl a sv\u00e1jci nagyk\u00f6vets\u00e9g tulajdon\u00e1ba ker\u00fclt, \u00e9s a brit mand\u00e1tumi Palesztin\u00e1ba val\u00f3 bev\u00e1ndorl\u00e1si enged\u00e9lyek ir\u00e1nti k\u00e9relmek nyilv\u00e1ntart\u00e1s\u00e1ra szolg\u00e1l\u00f3 irodak\u00e9nt jel\u00f6lt\u00e9k ki. A sv\u00e1jci konzul\u00e1tus exterritori\u00e1lis st\u00e1tusszal \u00e9s viszonylagos v\u00e9delemmel rendelkez\u0151 fi\u00f3kjak\u00e9nt az \u00dcvegh\u00e1z a f\u00f6ldalatti tev\u00e9kenys\u00e9g k\u00f6zpontj\u00e1v\u00e1 v\u00e1lt. 1944 okt\u00f3ber\u00e9ben, amikor [&hellip;]\" \/>\n<meta property=\"og:url\" content=\"https:\/\/machteret1944.org\/hu\/az-uveghaz\/\" \/>\n<meta property=\"og:site_name\" content=\"\u05d4\u05e2\u05de\u05d5\u05ea\u05d4 \u05dc\u05d7\u05e7\u05e8 \u05ea\u05e0\u05d5\u05e2\u05d5\u05ea \u05d4\u05e0\u05d5\u05e2\u05e8 \u05d4\u05e6\u05d9\u05d5\u05e0\u05d9\u05d5\u05ea \u05d1\u05d4\u05d5\u05e0\u05d2\u05e8\u05d9\u05d4\" \/>\n<meta property=\"article:modified_time\" content=\"2024-02-05T09:04:25+00:00\" \/>\n<meta property=\"og:image\" content=\"https:\/\/machteret1944.org\/wp-content\/uploads\/2021\/03\/ADELINA-2-300x149.jpg\" \/>\n<meta name=\"twitter:card\" content=\"summary_large_image\" \/>\n<meta name=\"twitter:label1\" content=\"Becs\u00fclt olvas\u00e1si id\u0151\" \/>\n\t<meta name=\"twitter:data1\" content=\"1 perc\" \/>\n<script type=\"application\/ld+json\" class=\"yoast-schema-graph\">{\"@context\":\"https:\\\/\\\/schema.org\",\"@graph\":[{\"@type\":\"WebPage\",\"@id\":\"https:\\\/\\\/machteret1944.org\\\/hu\\\/az-uveghaz\\\/\",\"url\":\"https:\\\/\\\/machteret1944.org\\\/hu\\\/az-uveghaz\\\/\",\"name\":\"Az \u00dcvegh\u00e1z - \u05d4\u05e2\u05de\u05d5\u05ea\u05d4 \u05dc\u05d7\u05e7\u05e8 \u05ea\u05e0\u05d5\u05e2\u05d5\u05ea \u05d4\u05e0\u05d5\u05e2\u05e8 \u05d4\u05e6\u05d9\u05d5\u05e0\u05d9\u05d5\u05ea \u05d1\u05d4\u05d5\u05e0\u05d2\u05e8\u05d9\u05d4\",\"isPartOf\":{\"@id\":\"https:\\\/\\\/machteret1944.org\\\/hu\\\/#website\"},\"primaryImageOfPage\":{\"@id\":\"https:\\\/\\\/machteret1944.org\\\/hu\\\/az-uveghaz\\\/#primaryimage\"},\"image\":{\"@id\":\"https:\\\/\\\/machteret1944.org\\\/hu\\\/az-uveghaz\\\/#primaryimage\"},\"thumbnailUrl\":\"https:\\\/\\\/machteret1944.org\\\/wp-content\\\/uploads\\\/2021\\\/03\\\/ADELINA-2-300x149.jpg\",\"datePublished\":\"2020-12-27T12:33:35+00:00\",\"dateModified\":\"2024-02-05T09:04:25+00:00\",\"breadcrumb\":{\"@id\":\"https:\\\/\\\/machteret1944.org\\\/hu\\\/az-uveghaz\\\/#breadcrumb\"},\"inLanguage\":\"hu\",\"potentialAction\":[{\"@type\":\"ReadAction\",\"target\":[\"https:\\\/\\\/machteret1944.org\\\/hu\\\/az-uveghaz\\\/\"]}]},{\"@type\":\"ImageObject\",\"inLanguage\":\"hu\",\"@id\":\"https:\\\/\\\/machteret1944.org\\\/hu\\\/az-uveghaz\\\/#primaryimage\",\"url\":\"https:\\\/\\\/machteret1944.org\\\/wp-content\\\/uploads\\\/2021\\\/03\\\/ADELINA-2-300x149.jpg\",\"contentUrl\":\"https:\\\/\\\/machteret1944.org\\\/wp-content\\\/uploads\\\/2021\\\/03\\\/ADELINA-2-300x149.jpg\"},{\"@type\":\"BreadcrumbList\",\"@id\":\"https:\\\/\\\/machteret1944.org\\\/hu\\\/az-uveghaz\\\/#breadcrumb\",\"itemListElement\":[{\"@type\":\"ListItem\",\"position\":1,\"name\":\"Kezd\u0151lap\",\"item\":\"https:\\\/\\\/machteret1944.org\\\/hu\\\/\"},{\"@type\":\"ListItem\",\"position\":2,\"name\":\"Az \u00dcvegh\u00e1z\"}]},{\"@type\":\"WebSite\",\"@id\":\"https:\\\/\\\/machteret1944.org\\\/hu\\\/#website\",\"url\":\"https:\\\/\\\/machteret1944.org\\\/hu\\\/\",\"name\":\"\u05d4\u05e2\u05de\u05d5\u05ea\u05d4 \u05dc\u05d7\u05e7\u05e8 \u05ea\u05e0\u05d5\u05e2\u05d5\u05ea \u05d4\u05e0\u05d5\u05e2\u05e8 \u05d4\u05e6\u05d9\u05d5\u05e0\u05d9\u05d5\u05ea \u05d1\u05d4\u05d5\u05e0\u05d2\u05e8\u05d9\u05d4\",\"description\":\"\u05d4\u05e2\u05de\u05d5\u05ea\u05d4 \u05dc\u05d7\u05e7\u05e8 \u05ea\u05e0\u05d5\u05e2\u05d5\u05ea \u05d4\u05e0\u05d5\u05e2\u05e8 \u05d4\u05e6\u05d9\u05d5\u05e0\u05d9\u05d5\u05ea \u05d1\u05d4\u05d5\u05e0\u05d2\u05e8\u05d9\u05d4\",\"publisher\":{\"@id\":\"https:\\\/\\\/machteret1944.org\\\/hu\\\/#organization\"},\"potentialAction\":[{\"@type\":\"SearchAction\",\"target\":{\"@type\":\"EntryPoint\",\"urlTemplate\":\"https:\\\/\\\/machteret1944.org\\\/hu\\\/?s={search_term_string}\"},\"query-input\":{\"@type\":\"PropertyValueSpecification\",\"valueRequired\":true,\"valueName\":\"search_term_string\"}}],\"inLanguage\":\"hu\"},{\"@type\":\"Organization\",\"@id\":\"https:\\\/\\\/machteret1944.org\\\/hu\\\/#organization\",\"name\":\"\u05d4\u05e2\u05de\u05d5\u05ea\u05d4 \u05dc\u05d7\u05e7\u05e8 \u05ea\u05e0\u05d5\u05e2\u05d5\u05ea \u05d4\u05e0\u05d5\u05e2\u05e8 \u05d4\u05e6\u05d9\u05d5\u05e0\u05d9\u05d5\u05ea \u05d1\u05d4\u05d5\u05e0\u05d2\u05e8\u05d9\u05d4\",\"url\":\"https:\\\/\\\/machteret1944.org\\\/hu\\\/\",\"logo\":{\"@type\":\"ImageObject\",\"inLanguage\":\"hu\",\"@id\":\"https:\\\/\\\/machteret1944.org\\\/hu\\\/#\\\/schema\\\/logo\\\/image\\\/\",\"url\":\"https:\\\/\\\/machteret1944.org\\\/wp-content\\\/uploads\\\/2020\\\/12\\\/\u05dc\u05d5\u05d2\u05d5-\u05dc\u05e2\u05de\u05d5\u05ea\u05d4.png\",\"contentUrl\":\"https:\\\/\\\/machteret1944.org\\\/wp-content\\\/uploads\\\/2020\\\/12\\\/\u05dc\u05d5\u05d2\u05d5-\u05dc\u05e2\u05de\u05d5\u05ea\u05d4.png\",\"width\":841,\"height\":290,\"caption\":\"\u05d4\u05e2\u05de\u05d5\u05ea\u05d4 \u05dc\u05d7\u05e7\u05e8 \u05ea\u05e0\u05d5\u05e2\u05d5\u05ea \u05d4\u05e0\u05d5\u05e2\u05e8 \u05d4\u05e6\u05d9\u05d5\u05e0\u05d9\u05d5\u05ea \u05d1\u05d4\u05d5\u05e0\u05d2\u05e8\u05d9\u05d4\"},\"image\":{\"@id\":\"https:\\\/\\\/machteret1944.org\\\/hu\\\/#\\\/schema\\\/logo\\\/image\\\/\"}}]}<\/script>\n<!-- \/ Yoast SEO plugin. -->","yoast_head_json":{"title":"Az \u00dcvegh\u00e1z - \u05d4\u05e2\u05de\u05d5\u05ea\u05d4 \u05dc\u05d7\u05e7\u05e8 \u05ea\u05e0\u05d5\u05e2\u05d5\u05ea \u05d4\u05e0\u05d5\u05e2\u05e8 \u05d4\u05e6\u05d9\u05d5\u05e0\u05d9\u05d5\u05ea \u05d1\u05d4\u05d5\u05e0\u05d2\u05e8\u05d9\u05d4","robots":{"index":"index","follow":"follow","max-snippet":"max-snippet:-1","max-image-preview":"max-image-preview:large","max-video-preview":"max-video-preview:-1"},"canonical":"https:\/\/machteret1944.org\/hu\/az-uveghaz\/","og_locale":"hu_HU","og_type":"article","og_title":"Az \u00dcvegh\u00e1z - \u05d4\u05e2\u05de\u05d5\u05ea\u05d4 \u05dc\u05d7\u05e7\u05e8 \u05ea\u05e0\u05d5\u05e2\u05d5\u05ea \u05d4\u05e0\u05d5\u05e2\u05e8 \u05d4\u05e6\u05d9\u05d5\u05e0\u05d9\u05d5\u05ea \u05d1\u05d4\u05d5\u05e0\u05d2\u05e8\u05d9\u05d4","og_description":"Az \u00dcvegh\u00e1zat, egy zsid\u00f3 \u00fczletember tulajdon\u00e1ban l\u00e9v\u0151 \u00e9p\u00fcletet a sv\u00e1jci nagyk\u00f6vets\u00e9g b\u00e9relte ki, majd v\u00e9g\u00fcl a sv\u00e1jci nagyk\u00f6vets\u00e9g tulajdon\u00e1ba ker\u00fclt, \u00e9s a brit mand\u00e1tumi Palesztin\u00e1ba val\u00f3 bev\u00e1ndorl\u00e1si enged\u00e9lyek ir\u00e1nti k\u00e9relmek nyilv\u00e1ntart\u00e1s\u00e1ra szolg\u00e1l\u00f3 irodak\u00e9nt jel\u00f6lt\u00e9k ki. A sv\u00e1jci konzul\u00e1tus exterritori\u00e1lis st\u00e1tusszal \u00e9s viszonylagos v\u00e9delemmel rendelkez\u0151 fi\u00f3kjak\u00e9nt az \u00dcvegh\u00e1z a f\u00f6ldalatti tev\u00e9kenys\u00e9g k\u00f6zpontj\u00e1v\u00e1 v\u00e1lt. 1944 okt\u00f3ber\u00e9ben, amikor [&hellip;]","og_url":"https:\/\/machteret1944.org\/hu\/az-uveghaz\/","og_site_name":"\u05d4\u05e2\u05de\u05d5\u05ea\u05d4 \u05dc\u05d7\u05e7\u05e8 \u05ea\u05e0\u05d5\u05e2\u05d5\u05ea \u05d4\u05e0\u05d5\u05e2\u05e8 \u05d4\u05e6\u05d9\u05d5\u05e0\u05d9\u05d5\u05ea \u05d1\u05d4\u05d5\u05e0\u05d2\u05e8\u05d9\u05d4","article_modified_time":"2024-02-05T09:04:25+00:00","og_image":[{"url":"https:\/\/machteret1944.org\/wp-content\/uploads\/2021\/03\/ADELINA-2-300x149.jpg","type":"","width":"","height":""}],"twitter_card":"summary_large_image","twitter_misc":{"Becs\u00fclt olvas\u00e1si id\u0151":"1 perc"},"schema":{"@context":"https:\/\/schema.org","@graph":[{"@type":"WebPage","@id":"https:\/\/machteret1944.org\/hu\/az-uveghaz\/","url":"https:\/\/machteret1944.org\/hu\/az-uveghaz\/","name":"Az \u00dcvegh\u00e1z - \u05d4\u05e2\u05de\u05d5\u05ea\u05d4 \u05dc\u05d7\u05e7\u05e8 \u05ea\u05e0\u05d5\u05e2\u05d5\u05ea \u05d4\u05e0\u05d5\u05e2\u05e8 \u05d4\u05e6\u05d9\u05d5\u05e0\u05d9\u05d5\u05ea \u05d1\u05d4\u05d5\u05e0\u05d2\u05e8\u05d9\u05d4","isPartOf":{"@id":"https:\/\/machteret1944.org\/hu\/#website"},"primaryImageOfPage":{"@id":"https:\/\/machteret1944.org\/hu\/az-uveghaz\/#primaryimage"},"image":{"@id":"https:\/\/machteret1944.org\/hu\/az-uveghaz\/#primaryimage"},"thumbnailUrl":"https:\/\/machteret1944.org\/wp-content\/uploads\/2021\/03\/ADELINA-2-300x149.jpg","datePublished":"2020-12-27T12:33:35+00:00","dateModified":"2024-02-05T09:04:25+00:00","breadcrumb":{"@id":"https:\/\/machteret1944.org\/hu\/az-uveghaz\/#breadcrumb"},"inLanguage":"hu","potentialAction":[{"@type":"ReadAction","target":["https:\/\/machteret1944.org\/hu\/az-uveghaz\/"]}]},{"@type":"ImageObject","inLanguage":"hu","@id":"https:\/\/machteret1944.org\/hu\/az-uveghaz\/#primaryimage","url":"https:\/\/machteret1944.org\/wp-content\/uploads\/2021\/03\/ADELINA-2-300x149.jpg","contentUrl":"https:\/\/machteret1944.org\/wp-content\/uploads\/2021\/03\/ADELINA-2-300x149.jpg"},{"@type":"BreadcrumbList","@id":"https:\/\/machteret1944.org\/hu\/az-uveghaz\/#breadcrumb","itemListElement":[{"@type":"ListItem","position":1,"name":"Kezd\u0151lap","item":"https:\/\/machteret1944.org\/hu\/"},{"@type":"ListItem","position":2,"name":"Az \u00dcvegh\u00e1z"}]},{"@type":"WebSite","@id":"https:\/\/machteret1944.org\/hu\/#website","url":"https:\/\/machteret1944.org\/hu\/","name":"\u05d4\u05e2\u05de\u05d5\u05ea\u05d4 \u05dc\u05d7\u05e7\u05e8 \u05ea\u05e0\u05d5\u05e2\u05d5\u05ea \u05d4\u05e0\u05d5\u05e2\u05e8 \u05d4\u05e6\u05d9\u05d5\u05e0\u05d9\u05d5\u05ea \u05d1\u05d4\u05d5\u05e0\u05d2\u05e8\u05d9\u05d4","description":"\u05d4\u05e2\u05de\u05d5\u05ea\u05d4 \u05dc\u05d7\u05e7\u05e8 \u05ea\u05e0\u05d5\u05e2\u05d5\u05ea \u05d4\u05e0\u05d5\u05e2\u05e8 \u05d4\u05e6\u05d9\u05d5\u05e0\u05d9\u05d5\u05ea \u05d1\u05d4\u05d5\u05e0\u05d2\u05e8\u05d9\u05d4","publisher":{"@id":"https:\/\/machteret1944.org\/hu\/#organization"},"potentialAction":[{"@type":"SearchAction","target":{"@type":"EntryPoint","urlTemplate":"https:\/\/machteret1944.org\/hu\/?s={search_term_string}"},"query-input":{"@type":"PropertyValueSpecification","valueRequired":true,"valueName":"search_term_string"}}],"inLanguage":"hu"},{"@type":"Organization","@id":"https:\/\/machteret1944.org\/hu\/#organization","name":"\u05d4\u05e2\u05de\u05d5\u05ea\u05d4 \u05dc\u05d7\u05e7\u05e8 \u05ea\u05e0\u05d5\u05e2\u05d5\u05ea \u05d4\u05e0\u05d5\u05e2\u05e8 \u05d4\u05e6\u05d9\u05d5\u05e0\u05d9\u05d5\u05ea \u05d1\u05d4\u05d5\u05e0\u05d2\u05e8\u05d9\u05d4","url":"https:\/\/machteret1944.org\/hu\/","logo":{"@type":"ImageObject","inLanguage":"hu","@id":"https:\/\/machteret1944.org\/hu\/#\/schema\/logo\/image\/","url":"https:\/\/machteret1944.org\/wp-content\/uploads\/2020\/12\/\u05dc\u05d5\u05d2\u05d5-\u05dc\u05e2\u05de\u05d5\u05ea\u05d4.png","contentUrl":"https:\/\/machteret1944.org\/wp-content\/uploads\/2020\/12\/\u05dc\u05d5\u05d2\u05d5-\u05dc\u05e2\u05de\u05d5\u05ea\u05d4.png","width":841,"height":290,"caption":"\u05d4\u05e2\u05de\u05d5\u05ea\u05d4 \u05dc\u05d7\u05e7\u05e8 \u05ea\u05e0\u05d5\u05e2\u05d5\u05ea \u05d4\u05e0\u05d5\u05e2\u05e8 \u05d4\u05e6\u05d9\u05d5\u05e0\u05d9\u05d5\u05ea \u05d1\u05d4\u05d5\u05e0\u05d2\u05e8\u05d9\u05d4"},"image":{"@id":"https:\/\/machteret1944.org\/hu\/#\/schema\/logo\/image\/"}}]}},"_links":{"self":[{"href":"https:\/\/machteret1944.org\/hu\/wp-json\/wp\/v2\/pages\/4700","targetHints":{"allow":["GET"]}}],"collection":[{"href":"https:\/\/machteret1944.org\/hu\/wp-json\/wp\/v2\/pages"}],"about":[{"href":"https:\/\/machteret1944.org\/hu\/wp-json\/wp\/v2\/types\/page"}],"author":[{"embeddable":true,"href":"https:\/\/machteret1944.org\/hu\/wp-json\/wp\/v2\/users\/1"}],"replies":[{"embeddable":true,"href":"https:\/\/machteret1944.org\/hu\/wp-json\/wp\/v2\/comments?post=4700"}],"version-history":[{"count":1,"href":"https:\/\/machteret1944.org\/hu\/wp-json\/wp\/v2\/pages\/4700\/revisions"}],"predecessor-version":[{"id":4701,"href":"https:\/\/machteret1944.org\/hu\/wp-json\/wp\/v2\/pages\/4700\/revisions\/4701"}],"wp:attachment":[{"href":"https:\/\/machteret1944.org\/hu\/wp-json\/wp\/v2\/media?parent=4700"}],"curies":[{"name":"wp","href":"https:\/\/api.w.org\/{rel}","templated":true}]}}