{"id":4702,"date":"2020-12-31T06:26:18","date_gmt":"2020-12-31T06:26:18","guid":{"rendered":"https:\/\/machteret1944.org\/emissary-missions\/"},"modified":"2024-02-05T09:08:28","modified_gmt":"2024-02-05T09:08:28","slug":"kuldetesek","status":"publish","type":"page","link":"https:\/\/machteret1944.org\/hu\/kuldetesek\/","title":{"rendered":"K\u00fcldet\u00e9sek"},"content":{"rendered":"<p>Amint a n\u00e9metek 1944. m\u00e1rcius 19-\u00e9n elfoglalt\u00e1k Magyarorsz\u00e1got, a vid\u00e9ki v\u00e1rosok teljesen el voltak v\u00e1gva a k\u00fclvil\u00e1gt\u00f3l. A zsid\u00f3knak megtiltott\u00e1k, hogy villamoson, buszon \u00e9s vonaton utazzanak, \u00e9s l\u00e9p\u00e9seket tettek annak \u00e9rdek\u00e9ben, hogy az \u00f6sszes zsid\u00f3t a v\u00e1rosokba terelj\u00e9k, majd a megsemmis\u00edt\u0151 t\u00e1borokba deport\u00e1lj\u00e1k \u0151ket. A f\u00f6ldalatti Cionista Ifj\u00fas\u00e1gi Ellen\u00e1ll\u00e1si Mozgalom (CIEM) vezet\u0151s\u00e9ge mer\u00e9sz akci\u00f3ba kezdett, hogy felvegye a kapcsolatot a zsid\u00f3 k\u00f6z\u00f6ss\u00e9gekkel \u00e9s t\u00e1j\u00e9koztassa \u0151ket. Az ifj\u00fas\u00e1gi mozgalom tags\u00e1g\u00e1b\u00f3l \u00f6nk\u00e9nteseket k\u00fcldtek ki, akik hamis szem\u00e9lyazonoss\u00e1g alatt \u00e9s nagy kock\u00e1zatot v\u00e1llalva vitt\u00e9k az inform\u00e1ci\u00f3kat a gett\u00f3s\u00edt\u00e1s c\u00e9lj\u00e1r\u00f3l, a k\u00f6zelg\u0151 deport\u00e1l\u00e1sokr\u00f3l \u00e9s azok c\u00e9l\u00e1llom\u00e1s\u00e1r\u00f3l (a megsemmis\u00edt\u0151 t\u00e1borokr\u00f3l). Az \u00e1ltaluk felkeresett v\u00e1rosokban a k\u00fcld\u00f6ttek arra buzd\u00edtottak minden olyan fiatalt, aki erre hajland\u00f3 \u00e9s k\u00e9pes volt, hogy menek\u00fclj\u00f6n Budapestre. A fiatalokat utas\u00edt\u00e1sokkal, hamis dokumentumokkal, valamint p\u00e9nzzel l\u00e1tt\u00e1k el. Sajnos sok k\u00f6z\u00f6ss\u00e9gi vezet\u0151, akivel a k\u00fcld\u00f6ttek besz\u00e9ltek, nem volt hajland\u00f3 hinni a figyelmeztet\u00e9seknek, \u00e9s nem akartak azok alapj\u00e1n cselekedni. Voltak olyan vezet\u0151k is, akik, m\u00e9g ha hittek is a figyelmeztet\u00e9seknek, azzal fenyegettek, hogy h\u00edvj\u00e1k a rend\u0151rs\u00e9get \u00e9s letart\u00f3ztatj\u00e1k a k\u00fcld\u00f6tteket, ha azok tov\u00e1bb terjesztik az inform\u00e1ci\u00f3kat \u00e9s &#8222;p\u00e1nikot keltenek&#8221;. Sok fiatal, aki felismerte a k\u00f6zelg\u0151 katasztr\u00f3f\u00e1t, tudatosan \u00fagy d\u00f6nt\u00f6tt, hogy a vesz\u00e9lyt\u0151l f\u00fcggetlen\u00fcl a csal\u00e1dj\u00e1val marad.<\/p>\n<ol start=\"1944\">\n<li>1944. m\u00e1rcius 19. \u00e9s 1944. j\u00fanius 30. k\u00f6z\u00f6tt legal\u00e1bb 77 k\u00fcld\u00f6ttet k\u00fcldtek ki 141 k\u00fcldet\u00e9sre. A misszi\u00f3iknak sajnos minim\u00e1lis volt a visszhangja.<\/li>\n<\/ol>\n<p>A CIEM a magyarorsz\u00e1gi t\u00e1borokban l\u00e9v\u0151 katonai k\u00e9nyszermunkaegys\u00e9gekben l\u00e9v\u0151 zsid\u00f3kkal is felvette a kapcsolatot. A CIEM fiatal n\u0151i tagjai rendszeresen utaztak a t\u00e1borokba, hogy \u00fczeneteket, utas\u00edt\u00e1sokat, p\u00e9nzt \u00e9s dokumentumokat tov\u00e1bb\u00edtsanak. Ezek a m\u0171veletek az 1945. janu\u00e1r 18-i felszabadul\u00e1sig folytat\u00f3dtak.<\/p>\n","protected":false},"excerpt":{"rendered":"<p>Amint a n\u00e9metek 1944. m\u00e1rcius 19-\u00e9n elfoglalt\u00e1k Magyarorsz\u00e1got, a vid\u00e9ki v\u00e1rosok teljesen el voltak v\u00e1gva a k\u00fclvil\u00e1gt\u00f3l. A zsid\u00f3knak megtiltott\u00e1k, hogy villamoson, buszon \u00e9s vonaton utazzanak, \u00e9s l\u00e9p\u00e9seket tettek annak \u00e9rdek\u00e9ben, hogy az \u00f6sszes zsid\u00f3t a v\u00e1rosokba terelj\u00e9k, majd a megsemmis\u00edt\u0151 t\u00e1borokba deport\u00e1lj\u00e1k \u0151ket. A f\u00f6ldalatti Cionista Ifj\u00fas\u00e1gi Ellen\u00e1ll\u00e1si Mozgalom (CIEM) vezet\u0151s\u00e9ge mer\u00e9sz akci\u00f3ba kezdett, [&hellip;]<\/p>\n","protected":false},"author":1,"featured_media":4022,"parent":0,"menu_order":9,"comment_status":"closed","ping_status":"closed","template":"","meta":{"_acf_changed":false,"footnotes":""},"class_list":["post-4702","page","type-page","status-publish","has-post-thumbnail","hentry"],"acf":[],"yoast_head":"<!-- This site is optimized with the Yoast SEO plugin v27.3 - https:\/\/yoast.com\/product\/yoast-seo-wordpress\/ -->\n<title>K\u00fcldet\u00e9sek - \u05d4\u05e2\u05de\u05d5\u05ea\u05d4 \u05dc\u05d7\u05e7\u05e8 \u05ea\u05e0\u05d5\u05e2\u05d5\u05ea \u05d4\u05e0\u05d5\u05e2\u05e8 \u05d4\u05e6\u05d9\u05d5\u05e0\u05d9\u05d5\u05ea \u05d1\u05d4\u05d5\u05e0\u05d2\u05e8\u05d9\u05d4<\/title>\n<meta name=\"robots\" content=\"index, follow, max-snippet:-1, max-image-preview:large, max-video-preview:-1\" \/>\n<link rel=\"canonical\" href=\"https:\/\/machteret1944.org\/hu\/kuldetesek\/\" \/>\n<meta property=\"og:locale\" content=\"hu_HU\" \/>\n<meta property=\"og:type\" content=\"article\" \/>\n<meta property=\"og:title\" content=\"K\u00fcldet\u00e9sek - \u05d4\u05e2\u05de\u05d5\u05ea\u05d4 \u05dc\u05d7\u05e7\u05e8 \u05ea\u05e0\u05d5\u05e2\u05d5\u05ea \u05d4\u05e0\u05d5\u05e2\u05e8 \u05d4\u05e6\u05d9\u05d5\u05e0\u05d9\u05d5\u05ea \u05d1\u05d4\u05d5\u05e0\u05d2\u05e8\u05d9\u05d4\" \/>\n<meta property=\"og:description\" content=\"Amint a n\u00e9metek 1944. m\u00e1rcius 19-\u00e9n elfoglalt\u00e1k Magyarorsz\u00e1got, a vid\u00e9ki v\u00e1rosok teljesen el voltak v\u00e1gva a k\u00fclvil\u00e1gt\u00f3l. A zsid\u00f3knak megtiltott\u00e1k, hogy villamoson, buszon \u00e9s vonaton utazzanak, \u00e9s l\u00e9p\u00e9seket tettek annak \u00e9rdek\u00e9ben, hogy az \u00f6sszes zsid\u00f3t a v\u00e1rosokba terelj\u00e9k, majd a megsemmis\u00edt\u0151 t\u00e1borokba deport\u00e1lj\u00e1k \u0151ket. A f\u00f6ldalatti Cionista Ifj\u00fas\u00e1gi Ellen\u00e1ll\u00e1si Mozgalom (CIEM) vezet\u0151s\u00e9ge mer\u00e9sz akci\u00f3ba kezdett, [&hellip;]\" \/>\n<meta property=\"og:url\" content=\"https:\/\/machteret1944.org\/hu\/kuldetesek\/\" \/>\n<meta property=\"og:site_name\" content=\"\u05d4\u05e2\u05de\u05d5\u05ea\u05d4 \u05dc\u05d7\u05e7\u05e8 \u05ea\u05e0\u05d5\u05e2\u05d5\u05ea \u05d4\u05e0\u05d5\u05e2\u05e8 \u05d4\u05e6\u05d9\u05d5\u05e0\u05d9\u05d5\u05ea \u05d1\u05d4\u05d5\u05e0\u05d2\u05e8\u05d9\u05d4\" \/>\n<meta property=\"article:modified_time\" content=\"2024-02-05T09:08:28+00:00\" \/>\n<meta property=\"og:image\" content=\"https:\/\/machteret1944.org\/wp-content\/uploads\/2020\/12\/\u05e9\u05dc\u05d9\u05d7\u05d5\u05d9\u05d5\u05ea.jpg\" \/>\n\t<meta property=\"og:image:width\" content=\"1190\" \/>\n\t<meta property=\"og:image:height\" content=\"712\" \/>\n\t<meta property=\"og:image:type\" content=\"image\/jpeg\" \/>\n<meta name=\"twitter:card\" content=\"summary_large_image\" \/>\n<meta name=\"twitter:label1\" content=\"Becs\u00fclt olvas\u00e1si id\u0151\" \/>\n\t<meta name=\"twitter:data1\" content=\"2 perc\" \/>\n<script type=\"application\/ld+json\" class=\"yoast-schema-graph\">{\"@context\":\"https:\\\/\\\/schema.org\",\"@graph\":[{\"@type\":\"WebPage\",\"@id\":\"https:\\\/\\\/machteret1944.org\\\/hu\\\/kuldetesek\\\/\",\"url\":\"https:\\\/\\\/machteret1944.org\\\/hu\\\/kuldetesek\\\/\",\"name\":\"K\u00fcldet\u00e9sek - \u05d4\u05e2\u05de\u05d5\u05ea\u05d4 \u05dc\u05d7\u05e7\u05e8 \u05ea\u05e0\u05d5\u05e2\u05d5\u05ea \u05d4\u05e0\u05d5\u05e2\u05e8 \u05d4\u05e6\u05d9\u05d5\u05e0\u05d9\u05d5\u05ea \u05d1\u05d4\u05d5\u05e0\u05d2\u05e8\u05d9\u05d4\",\"isPartOf\":{\"@id\":\"https:\\\/\\\/machteret1944.org\\\/hu\\\/#website\"},\"primaryImageOfPage\":{\"@id\":\"https:\\\/\\\/machteret1944.org\\\/hu\\\/kuldetesek\\\/#primaryimage\"},\"image\":{\"@id\":\"https:\\\/\\\/machteret1944.org\\\/hu\\\/kuldetesek\\\/#primaryimage\"},\"thumbnailUrl\":\"https:\\\/\\\/machteret1944.org\\\/wp-content\\\/uploads\\\/2020\\\/12\\\/\u05e9\u05dc\u05d9\u05d7\u05d5\u05d9\u05d5\u05ea.jpg\",\"datePublished\":\"2020-12-31T06:26:18+00:00\",\"dateModified\":\"2024-02-05T09:08:28+00:00\",\"breadcrumb\":{\"@id\":\"https:\\\/\\\/machteret1944.org\\\/hu\\\/kuldetesek\\\/#breadcrumb\"},\"inLanguage\":\"hu\",\"potentialAction\":[{\"@type\":\"ReadAction\",\"target\":[\"https:\\\/\\\/machteret1944.org\\\/hu\\\/kuldetesek\\\/\"]}]},{\"@type\":\"ImageObject\",\"inLanguage\":\"hu\",\"@id\":\"https:\\\/\\\/machteret1944.org\\\/hu\\\/kuldetesek\\\/#primaryimage\",\"url\":\"https:\\\/\\\/machteret1944.org\\\/wp-content\\\/uploads\\\/2020\\\/12\\\/\u05e9\u05dc\u05d9\u05d7\u05d5\u05d9\u05d5\u05ea.jpg\",\"contentUrl\":\"https:\\\/\\\/machteret1944.org\\\/wp-content\\\/uploads\\\/2020\\\/12\\\/\u05e9\u05dc\u05d9\u05d7\u05d5\u05d9\u05d5\u05ea.jpg\",\"width\":1190,\"height\":712},{\"@type\":\"BreadcrumbList\",\"@id\":\"https:\\\/\\\/machteret1944.org\\\/hu\\\/kuldetesek\\\/#breadcrumb\",\"itemListElement\":[{\"@type\":\"ListItem\",\"position\":1,\"name\":\"Kezd\u0151lap\",\"item\":\"https:\\\/\\\/machteret1944.org\\\/hu\\\/\"},{\"@type\":\"ListItem\",\"position\":2,\"name\":\"K\u00fcldet\u00e9sek\"}]},{\"@type\":\"WebSite\",\"@id\":\"https:\\\/\\\/machteret1944.org\\\/hu\\\/#website\",\"url\":\"https:\\\/\\\/machteret1944.org\\\/hu\\\/\",\"name\":\"\u05d4\u05e2\u05de\u05d5\u05ea\u05d4 \u05dc\u05d7\u05e7\u05e8 \u05ea\u05e0\u05d5\u05e2\u05d5\u05ea \u05d4\u05e0\u05d5\u05e2\u05e8 \u05d4\u05e6\u05d9\u05d5\u05e0\u05d9\u05d5\u05ea \u05d1\u05d4\u05d5\u05e0\u05d2\u05e8\u05d9\u05d4\",\"description\":\"\u05d4\u05e2\u05de\u05d5\u05ea\u05d4 \u05dc\u05d7\u05e7\u05e8 \u05ea\u05e0\u05d5\u05e2\u05d5\u05ea \u05d4\u05e0\u05d5\u05e2\u05e8 \u05d4\u05e6\u05d9\u05d5\u05e0\u05d9\u05d5\u05ea \u05d1\u05d4\u05d5\u05e0\u05d2\u05e8\u05d9\u05d4\",\"publisher\":{\"@id\":\"https:\\\/\\\/machteret1944.org\\\/hu\\\/#organization\"},\"potentialAction\":[{\"@type\":\"SearchAction\",\"target\":{\"@type\":\"EntryPoint\",\"urlTemplate\":\"https:\\\/\\\/machteret1944.org\\\/hu\\\/?s={search_term_string}\"},\"query-input\":{\"@type\":\"PropertyValueSpecification\",\"valueRequired\":true,\"valueName\":\"search_term_string\"}}],\"inLanguage\":\"hu\"},{\"@type\":\"Organization\",\"@id\":\"https:\\\/\\\/machteret1944.org\\\/hu\\\/#organization\",\"name\":\"\u05d4\u05e2\u05de\u05d5\u05ea\u05d4 \u05dc\u05d7\u05e7\u05e8 \u05ea\u05e0\u05d5\u05e2\u05d5\u05ea \u05d4\u05e0\u05d5\u05e2\u05e8 \u05d4\u05e6\u05d9\u05d5\u05e0\u05d9\u05d5\u05ea \u05d1\u05d4\u05d5\u05e0\u05d2\u05e8\u05d9\u05d4\",\"url\":\"https:\\\/\\\/machteret1944.org\\\/hu\\\/\",\"logo\":{\"@type\":\"ImageObject\",\"inLanguage\":\"hu\",\"@id\":\"https:\\\/\\\/machteret1944.org\\\/hu\\\/#\\\/schema\\\/logo\\\/image\\\/\",\"url\":\"https:\\\/\\\/machteret1944.org\\\/wp-content\\\/uploads\\\/2020\\\/12\\\/\u05dc\u05d5\u05d2\u05d5-\u05dc\u05e2\u05de\u05d5\u05ea\u05d4.png\",\"contentUrl\":\"https:\\\/\\\/machteret1944.org\\\/wp-content\\\/uploads\\\/2020\\\/12\\\/\u05dc\u05d5\u05d2\u05d5-\u05dc\u05e2\u05de\u05d5\u05ea\u05d4.png\",\"width\":841,\"height\":290,\"caption\":\"\u05d4\u05e2\u05de\u05d5\u05ea\u05d4 \u05dc\u05d7\u05e7\u05e8 \u05ea\u05e0\u05d5\u05e2\u05d5\u05ea \u05d4\u05e0\u05d5\u05e2\u05e8 \u05d4\u05e6\u05d9\u05d5\u05e0\u05d9\u05d5\u05ea \u05d1\u05d4\u05d5\u05e0\u05d2\u05e8\u05d9\u05d4\"},\"image\":{\"@id\":\"https:\\\/\\\/machteret1944.org\\\/hu\\\/#\\\/schema\\\/logo\\\/image\\\/\"}}]}<\/script>\n<!-- \/ Yoast SEO plugin. -->","yoast_head_json":{"title":"K\u00fcldet\u00e9sek - \u05d4\u05e2\u05de\u05d5\u05ea\u05d4 \u05dc\u05d7\u05e7\u05e8 \u05ea\u05e0\u05d5\u05e2\u05d5\u05ea \u05d4\u05e0\u05d5\u05e2\u05e8 \u05d4\u05e6\u05d9\u05d5\u05e0\u05d9\u05d5\u05ea \u05d1\u05d4\u05d5\u05e0\u05d2\u05e8\u05d9\u05d4","robots":{"index":"index","follow":"follow","max-snippet":"max-snippet:-1","max-image-preview":"max-image-preview:large","max-video-preview":"max-video-preview:-1"},"canonical":"https:\/\/machteret1944.org\/hu\/kuldetesek\/","og_locale":"hu_HU","og_type":"article","og_title":"K\u00fcldet\u00e9sek - \u05d4\u05e2\u05de\u05d5\u05ea\u05d4 \u05dc\u05d7\u05e7\u05e8 \u05ea\u05e0\u05d5\u05e2\u05d5\u05ea \u05d4\u05e0\u05d5\u05e2\u05e8 \u05d4\u05e6\u05d9\u05d5\u05e0\u05d9\u05d5\u05ea \u05d1\u05d4\u05d5\u05e0\u05d2\u05e8\u05d9\u05d4","og_description":"Amint a n\u00e9metek 1944. m\u00e1rcius 19-\u00e9n elfoglalt\u00e1k Magyarorsz\u00e1got, a vid\u00e9ki v\u00e1rosok teljesen el voltak v\u00e1gva a k\u00fclvil\u00e1gt\u00f3l. A zsid\u00f3knak megtiltott\u00e1k, hogy villamoson, buszon \u00e9s vonaton utazzanak, \u00e9s l\u00e9p\u00e9seket tettek annak \u00e9rdek\u00e9ben, hogy az \u00f6sszes zsid\u00f3t a v\u00e1rosokba terelj\u00e9k, majd a megsemmis\u00edt\u0151 t\u00e1borokba deport\u00e1lj\u00e1k \u0151ket. A f\u00f6ldalatti Cionista Ifj\u00fas\u00e1gi Ellen\u00e1ll\u00e1si Mozgalom (CIEM) vezet\u0151s\u00e9ge mer\u00e9sz akci\u00f3ba kezdett, [&hellip;]","og_url":"https:\/\/machteret1944.org\/hu\/kuldetesek\/","og_site_name":"\u05d4\u05e2\u05de\u05d5\u05ea\u05d4 \u05dc\u05d7\u05e7\u05e8 \u05ea\u05e0\u05d5\u05e2\u05d5\u05ea \u05d4\u05e0\u05d5\u05e2\u05e8 \u05d4\u05e6\u05d9\u05d5\u05e0\u05d9\u05d5\u05ea \u05d1\u05d4\u05d5\u05e0\u05d2\u05e8\u05d9\u05d4","article_modified_time":"2024-02-05T09:08:28+00:00","og_image":[{"width":1190,"height":712,"url":"https:\/\/machteret1944.org\/wp-content\/uploads\/2020\/12\/\u05e9\u05dc\u05d9\u05d7\u05d5\u05d9\u05d5\u05ea.jpg","type":"image\/jpeg"}],"twitter_card":"summary_large_image","twitter_misc":{"Becs\u00fclt olvas\u00e1si id\u0151":"2 perc"},"schema":{"@context":"https:\/\/schema.org","@graph":[{"@type":"WebPage","@id":"https:\/\/machteret1944.org\/hu\/kuldetesek\/","url":"https:\/\/machteret1944.org\/hu\/kuldetesek\/","name":"K\u00fcldet\u00e9sek - \u05d4\u05e2\u05de\u05d5\u05ea\u05d4 \u05dc\u05d7\u05e7\u05e8 \u05ea\u05e0\u05d5\u05e2\u05d5\u05ea \u05d4\u05e0\u05d5\u05e2\u05e8 \u05d4\u05e6\u05d9\u05d5\u05e0\u05d9\u05d5\u05ea \u05d1\u05d4\u05d5\u05e0\u05d2\u05e8\u05d9\u05d4","isPartOf":{"@id":"https:\/\/machteret1944.org\/hu\/#website"},"primaryImageOfPage":{"@id":"https:\/\/machteret1944.org\/hu\/kuldetesek\/#primaryimage"},"image":{"@id":"https:\/\/machteret1944.org\/hu\/kuldetesek\/#primaryimage"},"thumbnailUrl":"https:\/\/machteret1944.org\/wp-content\/uploads\/2020\/12\/\u05e9\u05dc\u05d9\u05d7\u05d5\u05d9\u05d5\u05ea.jpg","datePublished":"2020-12-31T06:26:18+00:00","dateModified":"2024-02-05T09:08:28+00:00","breadcrumb":{"@id":"https:\/\/machteret1944.org\/hu\/kuldetesek\/#breadcrumb"},"inLanguage":"hu","potentialAction":[{"@type":"ReadAction","target":["https:\/\/machteret1944.org\/hu\/kuldetesek\/"]}]},{"@type":"ImageObject","inLanguage":"hu","@id":"https:\/\/machteret1944.org\/hu\/kuldetesek\/#primaryimage","url":"https:\/\/machteret1944.org\/wp-content\/uploads\/2020\/12\/\u05e9\u05dc\u05d9\u05d7\u05d5\u05d9\u05d5\u05ea.jpg","contentUrl":"https:\/\/machteret1944.org\/wp-content\/uploads\/2020\/12\/\u05e9\u05dc\u05d9\u05d7\u05d5\u05d9\u05d5\u05ea.jpg","width":1190,"height":712},{"@type":"BreadcrumbList","@id":"https:\/\/machteret1944.org\/hu\/kuldetesek\/#breadcrumb","itemListElement":[{"@type":"ListItem","position":1,"name":"Kezd\u0151lap","item":"https:\/\/machteret1944.org\/hu\/"},{"@type":"ListItem","position":2,"name":"K\u00fcldet\u00e9sek"}]},{"@type":"WebSite","@id":"https:\/\/machteret1944.org\/hu\/#website","url":"https:\/\/machteret1944.org\/hu\/","name":"\u05d4\u05e2\u05de\u05d5\u05ea\u05d4 \u05dc\u05d7\u05e7\u05e8 \u05ea\u05e0\u05d5\u05e2\u05d5\u05ea \u05d4\u05e0\u05d5\u05e2\u05e8 \u05d4\u05e6\u05d9\u05d5\u05e0\u05d9\u05d5\u05ea \u05d1\u05d4\u05d5\u05e0\u05d2\u05e8\u05d9\u05d4","description":"\u05d4\u05e2\u05de\u05d5\u05ea\u05d4 \u05dc\u05d7\u05e7\u05e8 \u05ea\u05e0\u05d5\u05e2\u05d5\u05ea \u05d4\u05e0\u05d5\u05e2\u05e8 \u05d4\u05e6\u05d9\u05d5\u05e0\u05d9\u05d5\u05ea \u05d1\u05d4\u05d5\u05e0\u05d2\u05e8\u05d9\u05d4","publisher":{"@id":"https:\/\/machteret1944.org\/hu\/#organization"},"potentialAction":[{"@type":"SearchAction","target":{"@type":"EntryPoint","urlTemplate":"https:\/\/machteret1944.org\/hu\/?s={search_term_string}"},"query-input":{"@type":"PropertyValueSpecification","valueRequired":true,"valueName":"search_term_string"}}],"inLanguage":"hu"},{"@type":"Organization","@id":"https:\/\/machteret1944.org\/hu\/#organization","name":"\u05d4\u05e2\u05de\u05d5\u05ea\u05d4 \u05dc\u05d7\u05e7\u05e8 \u05ea\u05e0\u05d5\u05e2\u05d5\u05ea \u05d4\u05e0\u05d5\u05e2\u05e8 \u05d4\u05e6\u05d9\u05d5\u05e0\u05d9\u05d5\u05ea \u05d1\u05d4\u05d5\u05e0\u05d2\u05e8\u05d9\u05d4","url":"https:\/\/machteret1944.org\/hu\/","logo":{"@type":"ImageObject","inLanguage":"hu","@id":"https:\/\/machteret1944.org\/hu\/#\/schema\/logo\/image\/","url":"https:\/\/machteret1944.org\/wp-content\/uploads\/2020\/12\/\u05dc\u05d5\u05d2\u05d5-\u05dc\u05e2\u05de\u05d5\u05ea\u05d4.png","contentUrl":"https:\/\/machteret1944.org\/wp-content\/uploads\/2020\/12\/\u05dc\u05d5\u05d2\u05d5-\u05dc\u05e2\u05de\u05d5\u05ea\u05d4.png","width":841,"height":290,"caption":"\u05d4\u05e2\u05de\u05d5\u05ea\u05d4 \u05dc\u05d7\u05e7\u05e8 \u05ea\u05e0\u05d5\u05e2\u05d5\u05ea \u05d4\u05e0\u05d5\u05e2\u05e8 \u05d4\u05e6\u05d9\u05d5\u05e0\u05d9\u05d5\u05ea \u05d1\u05d4\u05d5\u05e0\u05d2\u05e8\u05d9\u05d4"},"image":{"@id":"https:\/\/machteret1944.org\/hu\/#\/schema\/logo\/image\/"}}]}},"_links":{"self":[{"href":"https:\/\/machteret1944.org\/hu\/wp-json\/wp\/v2\/pages\/4702","targetHints":{"allow":["GET"]}}],"collection":[{"href":"https:\/\/machteret1944.org\/hu\/wp-json\/wp\/v2\/pages"}],"about":[{"href":"https:\/\/machteret1944.org\/hu\/wp-json\/wp\/v2\/types\/page"}],"author":[{"embeddable":true,"href":"https:\/\/machteret1944.org\/hu\/wp-json\/wp\/v2\/users\/1"}],"replies":[{"embeddable":true,"href":"https:\/\/machteret1944.org\/hu\/wp-json\/wp\/v2\/comments?post=4702"}],"version-history":[{"count":2,"href":"https:\/\/machteret1944.org\/hu\/wp-json\/wp\/v2\/pages\/4702\/revisions"}],"predecessor-version":[{"id":4704,"href":"https:\/\/machteret1944.org\/hu\/wp-json\/wp\/v2\/pages\/4702\/revisions\/4704"}],"wp:featuredmedia":[{"embeddable":true,"href":"https:\/\/machteret1944.org\/hu\/wp-json\/wp\/v2\/media\/4022"}],"wp:attachment":[{"href":"https:\/\/machteret1944.org\/hu\/wp-json\/wp\/v2\/media?parent=4702"}],"curies":[{"name":"wp","href":"https:\/\/api.w.org\/{rel}","templated":true}]}}