{"id":4705,"date":"2020-03-29T08:48:27","date_gmt":"2020-03-29T08:48:27","guid":{"rendered":"https:\/\/machteret1944.org\/forging-documents\/"},"modified":"2024-02-05T09:13:45","modified_gmt":"2024-02-05T09:13:45","slug":"hamis-iratok","status":"publish","type":"page","link":"https:\/\/machteret1944.org\/hu\/hamis-iratok\/","title":{"rendered":"Hamis iratok"},"content":{"rendered":"<p>Az \u00e9letment\u0151 dokumentumok ir\u00e1nti ig\u00e9ny 1942-ben mer\u00fclt fel, amikor a zsid\u00f3 menek\u00fcltek \u00e9rkeztek Csehszlov\u00e1ki\u00e1b\u00f3l \u00e9s Lengyelorsz\u00e1gb\u00f3l. K\u00fcl\u00f6nb\u00f6z\u0151 dokumentumokat, mint p\u00e9ld\u00e1ul sz\u00fclet\u00e9si anyak\u00f6nyvi kivonatokat \u00e9s szem\u00e9lyazonoss\u00e1gi okm\u00e1nyokat hamis\u00edtottak Budapesten k\u00fcl\u00f6nb\u00f6z\u0151 m\u00f3dokon. Az ifj\u00fas\u00e1gi mozgalmak t\u00f6k\u00e9letes\u00edtett\u00e9k a hamis dokumentumok gy\u00e1rt\u00e1s\u00e1t \u00e9s tagoknak val\u00f3 terjeszt\u00e9s\u00e9t, \u00e9s amikor a n\u00e9metek \u00e1tvett\u00e9k a hatalmat Magyarorsz\u00e1gon 1944. m\u00e1rcius 19-\u00e9n, az okm\u00e1nyok k\u00e9sz\u00edt\u00e9s\u00e9re szolg\u00e1l\u00f3 m\u0171hely k\u00e9szen \u00e1llt a f\u00f6ldalatti Cionista Ifj\u00fas\u00e1gi Ellen\u00e1ll\u00e1si Mozgalom (CIEM) sz\u00e1m\u00e1ra. A m\u0171helyt val\u00f3di gy\u00e1rt\u00f3\u00fczemm\u00e9 fejlesztett\u00e9k, amely k\u00e9pes volt el\u0151\u00e1ll\u00edtani szinte b\u00e1rmilyen hamis\u00edtott dokumentumot, b\u00e1rkinek, akinek sz\u00fcks\u00e9ge volt r\u00e1.<\/p>\n<p>Ezek az okm\u00e1nyok megk\u00f6nny\u00edtett\u00e9k a CIEM \u00fcgyn\u00f6keinek &#8222;\u00e1rj\u00e1s\u00edt\u00e1s\u00e1t&#8221;, \u00e9s lehet\u0151v\u00e9 tett\u00e9k sz\u00e1mukra a k\u00fcldet\u00e9s\u00fck v\u00e9grehajt\u00e1s\u00e1t.<\/p>\n<p>1944 folyam\u00e1n a hamis\u00edtott dokumentumok gy\u00e1rt\u00e1sa egyre fokoz\u00f3dott, \u00e9s ezzel egy\u00fctt a m\u0171helyre \u00e9s annak \u00fczemeltet\u0151ire leselked\u0151 vesz\u00e9ly is, amint azt az iratok \u00e9s a fel\u00e1ll\u00edtott m\u0171hely fontoss\u00e1g\u00e1r\u00f3l sz\u00f3l\u00f3 oldalon le\u00edrtuk.<\/p>\n","protected":false},"excerpt":{"rendered":"<p>Az \u00e9letment\u0151 dokumentumok ir\u00e1nti ig\u00e9ny 1942-ben mer\u00fclt fel, amikor a zsid\u00f3 menek\u00fcltek \u00e9rkeztek Csehszlov\u00e1ki\u00e1b\u00f3l \u00e9s Lengyelorsz\u00e1gb\u00f3l. K\u00fcl\u00f6nb\u00f6z\u0151 dokumentumokat, mint p\u00e9ld\u00e1ul sz\u00fclet\u00e9si anyak\u00f6nyvi kivonatokat \u00e9s szem\u00e9lyazonoss\u00e1gi okm\u00e1nyokat hamis\u00edtottak Budapesten k\u00fcl\u00f6nb\u00f6z\u0151 m\u00f3dokon. Az ifj\u00fas\u00e1gi mozgalmak t\u00f6k\u00e9letes\u00edtett\u00e9k a hamis dokumentumok gy\u00e1rt\u00e1s\u00e1t \u00e9s tagoknak val\u00f3 terjeszt\u00e9s\u00e9t, \u00e9s amikor a n\u00e9metek \u00e1tvett\u00e9k a hatalmat Magyarorsz\u00e1gon 1944. m\u00e1rcius 19-\u00e9n, az okm\u00e1nyok [&hellip;]<\/p>\n","protected":false},"author":1,"featured_media":0,"parent":0,"menu_order":5,"comment_status":"closed","ping_status":"closed","template":"","meta":{"_acf_changed":false,"footnotes":""},"class_list":["post-4705","page","type-page","status-publish","hentry"],"acf":[],"yoast_head":"<!-- This site is optimized with the Yoast SEO plugin v27.3 - https:\/\/yoast.com\/product\/yoast-seo-wordpress\/ -->\n<title>Hamis iratok - \u05d4\u05e2\u05de\u05d5\u05ea\u05d4 \u05dc\u05d7\u05e7\u05e8 \u05ea\u05e0\u05d5\u05e2\u05d5\u05ea \u05d4\u05e0\u05d5\u05e2\u05e8 \u05d4\u05e6\u05d9\u05d5\u05e0\u05d9\u05d5\u05ea \u05d1\u05d4\u05d5\u05e0\u05d2\u05e8\u05d9\u05d4<\/title>\n<meta name=\"robots\" content=\"index, follow, max-snippet:-1, max-image-preview:large, max-video-preview:-1\" \/>\n<link rel=\"canonical\" href=\"https:\/\/machteret1944.org\/hu\/hamis-iratok\/\" \/>\n<meta property=\"og:locale\" content=\"hu_HU\" \/>\n<meta property=\"og:type\" content=\"article\" \/>\n<meta property=\"og:title\" content=\"Hamis iratok - \u05d4\u05e2\u05de\u05d5\u05ea\u05d4 \u05dc\u05d7\u05e7\u05e8 \u05ea\u05e0\u05d5\u05e2\u05d5\u05ea \u05d4\u05e0\u05d5\u05e2\u05e8 \u05d4\u05e6\u05d9\u05d5\u05e0\u05d9\u05d5\u05ea \u05d1\u05d4\u05d5\u05e0\u05d2\u05e8\u05d9\u05d4\" \/>\n<meta property=\"og:description\" content=\"Az \u00e9letment\u0151 dokumentumok ir\u00e1nti ig\u00e9ny 1942-ben mer\u00fclt fel, amikor a zsid\u00f3 menek\u00fcltek \u00e9rkeztek Csehszlov\u00e1ki\u00e1b\u00f3l \u00e9s Lengyelorsz\u00e1gb\u00f3l. K\u00fcl\u00f6nb\u00f6z\u0151 dokumentumokat, mint p\u00e9ld\u00e1ul sz\u00fclet\u00e9si anyak\u00f6nyvi kivonatokat \u00e9s szem\u00e9lyazonoss\u00e1gi okm\u00e1nyokat hamis\u00edtottak Budapesten k\u00fcl\u00f6nb\u00f6z\u0151 m\u00f3dokon. Az ifj\u00fas\u00e1gi mozgalmak t\u00f6k\u00e9letes\u00edtett\u00e9k a hamis dokumentumok gy\u00e1rt\u00e1s\u00e1t \u00e9s tagoknak val\u00f3 terjeszt\u00e9s\u00e9t, \u00e9s amikor a n\u00e9metek \u00e1tvett\u00e9k a hatalmat Magyarorsz\u00e1gon 1944. m\u00e1rcius 19-\u00e9n, az okm\u00e1nyok [&hellip;]\" \/>\n<meta property=\"og:url\" content=\"https:\/\/machteret1944.org\/hu\/hamis-iratok\/\" \/>\n<meta property=\"og:site_name\" content=\"\u05d4\u05e2\u05de\u05d5\u05ea\u05d4 \u05dc\u05d7\u05e7\u05e8 \u05ea\u05e0\u05d5\u05e2\u05d5\u05ea \u05d4\u05e0\u05d5\u05e2\u05e8 \u05d4\u05e6\u05d9\u05d5\u05e0\u05d9\u05d5\u05ea \u05d1\u05d4\u05d5\u05e0\u05d2\u05e8\u05d9\u05d4\" \/>\n<meta property=\"article:modified_time\" content=\"2024-02-05T09:13:45+00:00\" \/>\n<meta name=\"twitter:card\" content=\"summary_large_image\" \/>\n<meta name=\"twitter:label1\" content=\"Becs\u00fclt olvas\u00e1si id\u0151\" \/>\n\t<meta name=\"twitter:data1\" content=\"1 perc\" \/>\n<script type=\"application\/ld+json\" class=\"yoast-schema-graph\">{\"@context\":\"https:\\\/\\\/schema.org\",\"@graph\":[{\"@type\":\"WebPage\",\"@id\":\"https:\\\/\\\/machteret1944.org\\\/hu\\\/hamis-iratok\\\/\",\"url\":\"https:\\\/\\\/machteret1944.org\\\/hu\\\/hamis-iratok\\\/\",\"name\":\"Hamis iratok - \u05d4\u05e2\u05de\u05d5\u05ea\u05d4 \u05dc\u05d7\u05e7\u05e8 \u05ea\u05e0\u05d5\u05e2\u05d5\u05ea \u05d4\u05e0\u05d5\u05e2\u05e8 \u05d4\u05e6\u05d9\u05d5\u05e0\u05d9\u05d5\u05ea \u05d1\u05d4\u05d5\u05e0\u05d2\u05e8\u05d9\u05d4\",\"isPartOf\":{\"@id\":\"https:\\\/\\\/machteret1944.org\\\/hu\\\/#website\"},\"datePublished\":\"2020-03-29T08:48:27+00:00\",\"dateModified\":\"2024-02-05T09:13:45+00:00\",\"breadcrumb\":{\"@id\":\"https:\\\/\\\/machteret1944.org\\\/hu\\\/hamis-iratok\\\/#breadcrumb\"},\"inLanguage\":\"hu\",\"potentialAction\":[{\"@type\":\"ReadAction\",\"target\":[\"https:\\\/\\\/machteret1944.org\\\/hu\\\/hamis-iratok\\\/\"]}]},{\"@type\":\"BreadcrumbList\",\"@id\":\"https:\\\/\\\/machteret1944.org\\\/hu\\\/hamis-iratok\\\/#breadcrumb\",\"itemListElement\":[{\"@type\":\"ListItem\",\"position\":1,\"name\":\"Kezd\u0151lap\",\"item\":\"https:\\\/\\\/machteret1944.org\\\/hu\\\/\"},{\"@type\":\"ListItem\",\"position\":2,\"name\":\"Hamis iratok\"}]},{\"@type\":\"WebSite\",\"@id\":\"https:\\\/\\\/machteret1944.org\\\/hu\\\/#website\",\"url\":\"https:\\\/\\\/machteret1944.org\\\/hu\\\/\",\"name\":\"\u05d4\u05e2\u05de\u05d5\u05ea\u05d4 \u05dc\u05d7\u05e7\u05e8 \u05ea\u05e0\u05d5\u05e2\u05d5\u05ea \u05d4\u05e0\u05d5\u05e2\u05e8 \u05d4\u05e6\u05d9\u05d5\u05e0\u05d9\u05d5\u05ea \u05d1\u05d4\u05d5\u05e0\u05d2\u05e8\u05d9\u05d4\",\"description\":\"\u05d4\u05e2\u05de\u05d5\u05ea\u05d4 \u05dc\u05d7\u05e7\u05e8 \u05ea\u05e0\u05d5\u05e2\u05d5\u05ea \u05d4\u05e0\u05d5\u05e2\u05e8 \u05d4\u05e6\u05d9\u05d5\u05e0\u05d9\u05d5\u05ea \u05d1\u05d4\u05d5\u05e0\u05d2\u05e8\u05d9\u05d4\",\"publisher\":{\"@id\":\"https:\\\/\\\/machteret1944.org\\\/hu\\\/#organization\"},\"potentialAction\":[{\"@type\":\"SearchAction\",\"target\":{\"@type\":\"EntryPoint\",\"urlTemplate\":\"https:\\\/\\\/machteret1944.org\\\/hu\\\/?s={search_term_string}\"},\"query-input\":{\"@type\":\"PropertyValueSpecification\",\"valueRequired\":true,\"valueName\":\"search_term_string\"}}],\"inLanguage\":\"hu\"},{\"@type\":\"Organization\",\"@id\":\"https:\\\/\\\/machteret1944.org\\\/hu\\\/#organization\",\"name\":\"\u05d4\u05e2\u05de\u05d5\u05ea\u05d4 \u05dc\u05d7\u05e7\u05e8 \u05ea\u05e0\u05d5\u05e2\u05d5\u05ea \u05d4\u05e0\u05d5\u05e2\u05e8 \u05d4\u05e6\u05d9\u05d5\u05e0\u05d9\u05d5\u05ea \u05d1\u05d4\u05d5\u05e0\u05d2\u05e8\u05d9\u05d4\",\"url\":\"https:\\\/\\\/machteret1944.org\\\/hu\\\/\",\"logo\":{\"@type\":\"ImageObject\",\"inLanguage\":\"hu\",\"@id\":\"https:\\\/\\\/machteret1944.org\\\/hu\\\/#\\\/schema\\\/logo\\\/image\\\/\",\"url\":\"https:\\\/\\\/machteret1944.org\\\/wp-content\\\/uploads\\\/2020\\\/12\\\/\u05dc\u05d5\u05d2\u05d5-\u05dc\u05e2\u05de\u05d5\u05ea\u05d4.png\",\"contentUrl\":\"https:\\\/\\\/machteret1944.org\\\/wp-content\\\/uploads\\\/2020\\\/12\\\/\u05dc\u05d5\u05d2\u05d5-\u05dc\u05e2\u05de\u05d5\u05ea\u05d4.png\",\"width\":841,\"height\":290,\"caption\":\"\u05d4\u05e2\u05de\u05d5\u05ea\u05d4 \u05dc\u05d7\u05e7\u05e8 \u05ea\u05e0\u05d5\u05e2\u05d5\u05ea \u05d4\u05e0\u05d5\u05e2\u05e8 \u05d4\u05e6\u05d9\u05d5\u05e0\u05d9\u05d5\u05ea \u05d1\u05d4\u05d5\u05e0\u05d2\u05e8\u05d9\u05d4\"},\"image\":{\"@id\":\"https:\\\/\\\/machteret1944.org\\\/hu\\\/#\\\/schema\\\/logo\\\/image\\\/\"}}]}<\/script>\n<!-- \/ Yoast SEO plugin. -->","yoast_head_json":{"title":"Hamis iratok - \u05d4\u05e2\u05de\u05d5\u05ea\u05d4 \u05dc\u05d7\u05e7\u05e8 \u05ea\u05e0\u05d5\u05e2\u05d5\u05ea \u05d4\u05e0\u05d5\u05e2\u05e8 \u05d4\u05e6\u05d9\u05d5\u05e0\u05d9\u05d5\u05ea \u05d1\u05d4\u05d5\u05e0\u05d2\u05e8\u05d9\u05d4","robots":{"index":"index","follow":"follow","max-snippet":"max-snippet:-1","max-image-preview":"max-image-preview:large","max-video-preview":"max-video-preview:-1"},"canonical":"https:\/\/machteret1944.org\/hu\/hamis-iratok\/","og_locale":"hu_HU","og_type":"article","og_title":"Hamis iratok - \u05d4\u05e2\u05de\u05d5\u05ea\u05d4 \u05dc\u05d7\u05e7\u05e8 \u05ea\u05e0\u05d5\u05e2\u05d5\u05ea \u05d4\u05e0\u05d5\u05e2\u05e8 \u05d4\u05e6\u05d9\u05d5\u05e0\u05d9\u05d5\u05ea \u05d1\u05d4\u05d5\u05e0\u05d2\u05e8\u05d9\u05d4","og_description":"Az \u00e9letment\u0151 dokumentumok ir\u00e1nti ig\u00e9ny 1942-ben mer\u00fclt fel, amikor a zsid\u00f3 menek\u00fcltek \u00e9rkeztek Csehszlov\u00e1ki\u00e1b\u00f3l \u00e9s Lengyelorsz\u00e1gb\u00f3l. K\u00fcl\u00f6nb\u00f6z\u0151 dokumentumokat, mint p\u00e9ld\u00e1ul sz\u00fclet\u00e9si anyak\u00f6nyvi kivonatokat \u00e9s szem\u00e9lyazonoss\u00e1gi okm\u00e1nyokat hamis\u00edtottak Budapesten k\u00fcl\u00f6nb\u00f6z\u0151 m\u00f3dokon. Az ifj\u00fas\u00e1gi mozgalmak t\u00f6k\u00e9letes\u00edtett\u00e9k a hamis dokumentumok gy\u00e1rt\u00e1s\u00e1t \u00e9s tagoknak val\u00f3 terjeszt\u00e9s\u00e9t, \u00e9s amikor a n\u00e9metek \u00e1tvett\u00e9k a hatalmat Magyarorsz\u00e1gon 1944. m\u00e1rcius 19-\u00e9n, az okm\u00e1nyok [&hellip;]","og_url":"https:\/\/machteret1944.org\/hu\/hamis-iratok\/","og_site_name":"\u05d4\u05e2\u05de\u05d5\u05ea\u05d4 \u05dc\u05d7\u05e7\u05e8 \u05ea\u05e0\u05d5\u05e2\u05d5\u05ea \u05d4\u05e0\u05d5\u05e2\u05e8 \u05d4\u05e6\u05d9\u05d5\u05e0\u05d9\u05d5\u05ea \u05d1\u05d4\u05d5\u05e0\u05d2\u05e8\u05d9\u05d4","article_modified_time":"2024-02-05T09:13:45+00:00","twitter_card":"summary_large_image","twitter_misc":{"Becs\u00fclt olvas\u00e1si id\u0151":"1 perc"},"schema":{"@context":"https:\/\/schema.org","@graph":[{"@type":"WebPage","@id":"https:\/\/machteret1944.org\/hu\/hamis-iratok\/","url":"https:\/\/machteret1944.org\/hu\/hamis-iratok\/","name":"Hamis iratok - \u05d4\u05e2\u05de\u05d5\u05ea\u05d4 \u05dc\u05d7\u05e7\u05e8 \u05ea\u05e0\u05d5\u05e2\u05d5\u05ea \u05d4\u05e0\u05d5\u05e2\u05e8 \u05d4\u05e6\u05d9\u05d5\u05e0\u05d9\u05d5\u05ea \u05d1\u05d4\u05d5\u05e0\u05d2\u05e8\u05d9\u05d4","isPartOf":{"@id":"https:\/\/machteret1944.org\/hu\/#website"},"datePublished":"2020-03-29T08:48:27+00:00","dateModified":"2024-02-05T09:13:45+00:00","breadcrumb":{"@id":"https:\/\/machteret1944.org\/hu\/hamis-iratok\/#breadcrumb"},"inLanguage":"hu","potentialAction":[{"@type":"ReadAction","target":["https:\/\/machteret1944.org\/hu\/hamis-iratok\/"]}]},{"@type":"BreadcrumbList","@id":"https:\/\/machteret1944.org\/hu\/hamis-iratok\/#breadcrumb","itemListElement":[{"@type":"ListItem","position":1,"name":"Kezd\u0151lap","item":"https:\/\/machteret1944.org\/hu\/"},{"@type":"ListItem","position":2,"name":"Hamis iratok"}]},{"@type":"WebSite","@id":"https:\/\/machteret1944.org\/hu\/#website","url":"https:\/\/machteret1944.org\/hu\/","name":"\u05d4\u05e2\u05de\u05d5\u05ea\u05d4 \u05dc\u05d7\u05e7\u05e8 \u05ea\u05e0\u05d5\u05e2\u05d5\u05ea \u05d4\u05e0\u05d5\u05e2\u05e8 \u05d4\u05e6\u05d9\u05d5\u05e0\u05d9\u05d5\u05ea \u05d1\u05d4\u05d5\u05e0\u05d2\u05e8\u05d9\u05d4","description":"\u05d4\u05e2\u05de\u05d5\u05ea\u05d4 \u05dc\u05d7\u05e7\u05e8 \u05ea\u05e0\u05d5\u05e2\u05d5\u05ea \u05d4\u05e0\u05d5\u05e2\u05e8 \u05d4\u05e6\u05d9\u05d5\u05e0\u05d9\u05d5\u05ea \u05d1\u05d4\u05d5\u05e0\u05d2\u05e8\u05d9\u05d4","publisher":{"@id":"https:\/\/machteret1944.org\/hu\/#organization"},"potentialAction":[{"@type":"SearchAction","target":{"@type":"EntryPoint","urlTemplate":"https:\/\/machteret1944.org\/hu\/?s={search_term_string}"},"query-input":{"@type":"PropertyValueSpecification","valueRequired":true,"valueName":"search_term_string"}}],"inLanguage":"hu"},{"@type":"Organization","@id":"https:\/\/machteret1944.org\/hu\/#organization","name":"\u05d4\u05e2\u05de\u05d5\u05ea\u05d4 \u05dc\u05d7\u05e7\u05e8 \u05ea\u05e0\u05d5\u05e2\u05d5\u05ea \u05d4\u05e0\u05d5\u05e2\u05e8 \u05d4\u05e6\u05d9\u05d5\u05e0\u05d9\u05d5\u05ea \u05d1\u05d4\u05d5\u05e0\u05d2\u05e8\u05d9\u05d4","url":"https:\/\/machteret1944.org\/hu\/","logo":{"@type":"ImageObject","inLanguage":"hu","@id":"https:\/\/machteret1944.org\/hu\/#\/schema\/logo\/image\/","url":"https:\/\/machteret1944.org\/wp-content\/uploads\/2020\/12\/\u05dc\u05d5\u05d2\u05d5-\u05dc\u05e2\u05de\u05d5\u05ea\u05d4.png","contentUrl":"https:\/\/machteret1944.org\/wp-content\/uploads\/2020\/12\/\u05dc\u05d5\u05d2\u05d5-\u05dc\u05e2\u05de\u05d5\u05ea\u05d4.png","width":841,"height":290,"caption":"\u05d4\u05e2\u05de\u05d5\u05ea\u05d4 \u05dc\u05d7\u05e7\u05e8 \u05ea\u05e0\u05d5\u05e2\u05d5\u05ea \u05d4\u05e0\u05d5\u05e2\u05e8 \u05d4\u05e6\u05d9\u05d5\u05e0\u05d9\u05d5\u05ea \u05d1\u05d4\u05d5\u05e0\u05d2\u05e8\u05d9\u05d4"},"image":{"@id":"https:\/\/machteret1944.org\/hu\/#\/schema\/logo\/image\/"}}]}},"_links":{"self":[{"href":"https:\/\/machteret1944.org\/hu\/wp-json\/wp\/v2\/pages\/4705","targetHints":{"allow":["GET"]}}],"collection":[{"href":"https:\/\/machteret1944.org\/hu\/wp-json\/wp\/v2\/pages"}],"about":[{"href":"https:\/\/machteret1944.org\/hu\/wp-json\/wp\/v2\/types\/page"}],"author":[{"embeddable":true,"href":"https:\/\/machteret1944.org\/hu\/wp-json\/wp\/v2\/users\/1"}],"replies":[{"embeddable":true,"href":"https:\/\/machteret1944.org\/hu\/wp-json\/wp\/v2\/comments?post=4705"}],"version-history":[{"count":2,"href":"https:\/\/machteret1944.org\/hu\/wp-json\/wp\/v2\/pages\/4705\/revisions"}],"predecessor-version":[{"id":4707,"href":"https:\/\/machteret1944.org\/hu\/wp-json\/wp\/v2\/pages\/4705\/revisions\/4707"}],"wp:attachment":[{"href":"https:\/\/machteret1944.org\/hu\/wp-json\/wp\/v2\/media?parent=4705"}],"curies":[{"name":"wp","href":"https:\/\/api.w.org\/{rel}","templated":true}]}}