{"id":4709,"date":"2021-03-04T14:47:20","date_gmt":"2021-03-04T14:47:20","guid":{"rendered":"https:\/\/machteret1944.org\/the-youth-movements\/"},"modified":"2024-02-05T13:55:14","modified_gmt":"2024-02-05T13:55:14","slug":"az-ifjusagi-szervezetek","status":"publish","type":"page","link":"https:\/\/machteret1944.org\/hu\/az-ifjusagi-szervezetek\/","title":{"rendered":"Az ifj\u00fas\u00e1gi szervezetek"},"content":{"rendered":"<p>Schutzpass<\/p>\n<p>1943 v\u00e9g\u00e9n v\u00e1ratlanul feloldott\u00e1k a cionista ifj\u00fas\u00e1gi mozgalmak magyarorsz\u00e1gi tev\u00e9kenys\u00e9g\u00e9re vonatkoz\u00f3 tilalmat. Az ifj\u00fas\u00e1gi mozgalmak kenim (csoportok) \u00e9s klubok: Hashomer Hatzair, Dror Habonim, Maccabi Hatzair, Hanoar Hatzioni \u00e9s Bnei Akiva \u00fajra \u00e9letre keltek.<\/p>\n<p>Az ifj\u00fas\u00e1gi mozgalmak &#8211; lengyel \u00e9s szlov\u00e1kiai &#8211; tagjai, akik Magyarorsz\u00e1gon tal\u00e1ltak mened\u00e9ket, minden lehets\u00e9ges f\u00f3rumon megkongatt\u00e1k a v\u00e9szharangot a kelet-eur\u00f3pai zsid\u00f3s\u00e1g sors\u00e1t illet\u0151en, \u00e9s figyelmeztettek, hogy ez a keserves sors a magyar zsid\u00f3s\u00e1got sem fogja elker\u00fclni.<\/p>\n<p>Az ifj\u00fas\u00e1gi mozgalmak vezet\u0151s\u00e9ge megk\u00e9rdezte, milyen tervvel k\u00e9sz\u00fclhetnek. Erd\u0151k \u00e9s hegyek n\u00e9lk\u00fcl a lengyelorsz\u00e1gi partiz\u00e1nok taktik\u00e1ja nem lenne haszn\u00e1lhat\u00f3. A megold\u00e1st a zsid\u00f3k megment\u00e9s\u00e9re ir\u00e1nyul\u00f3 ment\u0151akci\u00f3k jelenten\u00e9k, nem pedig a n\u00e1cik elleni &#8222;l\u00e1tv\u00e1nyos&#8221; bossz\u00fahadj\u00e1ratok.<\/p>\n<p>K\u00f6zvetlen\u00fcl Magyarorsz\u00e1g n\u00e9met megsz\u00e1ll\u00e1sa ut\u00e1n, 1944. m\u00e1rcius 19-\u00e9n a cionista Halutz mozgalom vezet\u0151s\u00e9ge elrendelte, hogy minden feln\u0151tt (17 \u00e9ves \u00e9s id\u0151sebb) ember vonuljon illegalit\u00e1sba, \u00e9s szerezzen hamis szem\u00e9lyazonoss\u00e1got. A cionista ifj\u00fas\u00e1gi mozgalmak teljes \u00f6sszhangban, k\u00f6z\u00f6s vezet\u00e9s alatt m\u0171k\u00f6dtek Magyarorsz\u00e1gon, egyetlen c\u00e9llal: megmenteni min\u00e9l t\u00f6bb zsid\u00f3t \u00e9s zsid\u00f3 sz\u00e1rmaz\u00e1s\u00fa embert. A h\u00e1bor\u00fa v\u00e9ge fel\u00e9, 1944 tel\u00e9n gyermekh\u00e1zakat hoztak l\u00e9tre, \u00e9s \u00e9lelemmel l\u00e1tt\u00e1k el a gett\u00f3kat, gyermekotthonokat \u00e9s mindenkit, aki r\u00e1szorult. Emellett t\u00f6bb t\u00edzezer hamis\u00edtott Shutzpass-t is kiosztottak. Mer\u00e9sz sz\u00f6ktet\u00e9sek sor\u00e1n beb\u00f6rt\u00f6nz\u00f6tt tagokat mentettek ki a Gestapo b\u00f6rt\u00f6neib\u0151l.<\/p>\n<p>A v\u00e9grehajtott ment\u0151int\u00e9zked\u00e9sek t\u00edpusair\u00f3l sz\u00f3l\u00f3 bels\u0151 zsid\u00f3 retorik\u00e1ban az ifj\u00fas\u00e1gi mozgalmak tev\u00e9kenys\u00e9g\u00e9t &#8222;a kis \u00fatnak&#8221; nevezt\u00e9k, m\u00edg a &#8222;nagy \u00fat&#8221; a bev\u00e1ndorl\u00e1si igazolv\u00e1nyok hivatalos sz\u00e9toszt\u00e1s\u00e1ra \u00e9s a Seg\u00e9ly- \u00e9s Ment\u0151bizotts\u00e1g t\u00e1rgyal\u00e1saira utalt. Ma m\u00e1r a t\u00f6rt\u00e9nelemb\u0151l kider\u00fcl, hogy a &#8222;kis \u00fat&#8221; val\u00f3j\u00e1ban a zsid\u00f3k \u00e1ltal v\u00e9grehajtott legnagyobb zsid\u00f3ment\u0151 akci\u00f3 volt a holokauszt sor\u00e1n.<\/p>\n","protected":false},"excerpt":{"rendered":"<p>Schutzpass 1943 v\u00e9g\u00e9n v\u00e1ratlanul feloldott\u00e1k a cionista ifj\u00fas\u00e1gi mozgalmak magyarorsz\u00e1gi tev\u00e9kenys\u00e9g\u00e9re vonatkoz\u00f3 tilalmat. Az ifj\u00fas\u00e1gi mozgalmak kenim (csoportok) \u00e9s klubok: Hashomer Hatzair, Dror Habonim, Maccabi Hatzair, Hanoar Hatzioni \u00e9s Bnei Akiva \u00fajra \u00e9letre keltek. Az ifj\u00fas\u00e1gi mozgalmak &#8211; lengyel \u00e9s szlov\u00e1kiai &#8211; tagjai, akik Magyarorsz\u00e1gon tal\u00e1ltak mened\u00e9ket, minden lehets\u00e9ges f\u00f3rumon megkongatt\u00e1k a v\u00e9szharangot a kelet-eur\u00f3pai [&hellip;]<\/p>\n","protected":false},"author":2,"featured_media":4065,"parent":0,"menu_order":8,"comment_status":"closed","ping_status":"closed","template":"","meta":{"_acf_changed":false,"footnotes":""},"class_list":["post-4709","page","type-page","status-publish","has-post-thumbnail","hentry"],"acf":[],"yoast_head":"<!-- This site is optimized with the Yoast SEO plugin v27.3 - https:\/\/yoast.com\/product\/yoast-seo-wordpress\/ -->\n<title>Az ifj\u00fas\u00e1gi szervezetek - \u05d4\u05e2\u05de\u05d5\u05ea\u05d4 \u05dc\u05d7\u05e7\u05e8 \u05ea\u05e0\u05d5\u05e2\u05d5\u05ea \u05d4\u05e0\u05d5\u05e2\u05e8 \u05d4\u05e6\u05d9\u05d5\u05e0\u05d9\u05d5\u05ea \u05d1\u05d4\u05d5\u05e0\u05d2\u05e8\u05d9\u05d4<\/title>\n<meta name=\"robots\" content=\"index, follow, max-snippet:-1, max-image-preview:large, max-video-preview:-1\" \/>\n<link rel=\"canonical\" href=\"https:\/\/machteret1944.org\/hu\/az-ifjusagi-szervezetek\/\" \/>\n<meta property=\"og:locale\" content=\"hu_HU\" \/>\n<meta property=\"og:type\" content=\"article\" \/>\n<meta property=\"og:title\" content=\"Az ifj\u00fas\u00e1gi szervezetek - \u05d4\u05e2\u05de\u05d5\u05ea\u05d4 \u05dc\u05d7\u05e7\u05e8 \u05ea\u05e0\u05d5\u05e2\u05d5\u05ea \u05d4\u05e0\u05d5\u05e2\u05e8 \u05d4\u05e6\u05d9\u05d5\u05e0\u05d9\u05d5\u05ea \u05d1\u05d4\u05d5\u05e0\u05d2\u05e8\u05d9\u05d4\" \/>\n<meta property=\"og:description\" content=\"Schutzpass 1943 v\u00e9g\u00e9n v\u00e1ratlanul feloldott\u00e1k a cionista ifj\u00fas\u00e1gi mozgalmak magyarorsz\u00e1gi tev\u00e9kenys\u00e9g\u00e9re vonatkoz\u00f3 tilalmat. Az ifj\u00fas\u00e1gi mozgalmak kenim (csoportok) \u00e9s klubok: Hashomer Hatzair, Dror Habonim, Maccabi Hatzair, Hanoar Hatzioni \u00e9s Bnei Akiva \u00fajra \u00e9letre keltek. Az ifj\u00fas\u00e1gi mozgalmak &#8211; lengyel \u00e9s szlov\u00e1kiai &#8211; tagjai, akik Magyarorsz\u00e1gon tal\u00e1ltak mened\u00e9ket, minden lehets\u00e9ges f\u00f3rumon megkongatt\u00e1k a v\u00e9szharangot a kelet-eur\u00f3pai [&hellip;]\" \/>\n<meta property=\"og:url\" content=\"https:\/\/machteret1944.org\/hu\/az-ifjusagi-szervezetek\/\" \/>\n<meta property=\"og:site_name\" content=\"\u05d4\u05e2\u05de\u05d5\u05ea\u05d4 \u05dc\u05d7\u05e7\u05e8 \u05ea\u05e0\u05d5\u05e2\u05d5\u05ea \u05d4\u05e0\u05d5\u05e2\u05e8 \u05d4\u05e6\u05d9\u05d5\u05e0\u05d9\u05d5\u05ea \u05d1\u05d4\u05d5\u05e0\u05d2\u05e8\u05d9\u05d4\" \/>\n<meta property=\"article:modified_time\" content=\"2024-02-05T13:55:14+00:00\" \/>\n<meta property=\"og:image\" content=\"https:\/\/machteret1944.org\/wp-content\/uploads\/2021\/03\/01.jpg\" \/>\n\t<meta property=\"og:image:width\" content=\"800\" \/>\n\t<meta property=\"og:image:height\" content=\"570\" \/>\n\t<meta property=\"og:image:type\" content=\"image\/jpeg\" \/>\n<meta name=\"twitter:card\" content=\"summary_large_image\" \/>\n<meta name=\"twitter:label1\" content=\"Becs\u00fclt olvas\u00e1si id\u0151\" \/>\n\t<meta name=\"twitter:data1\" content=\"2 perc\" \/>\n<script type=\"application\/ld+json\" class=\"yoast-schema-graph\">{\"@context\":\"https:\\\/\\\/schema.org\",\"@graph\":[{\"@type\":\"WebPage\",\"@id\":\"https:\\\/\\\/machteret1944.org\\\/hu\\\/az-ifjusagi-szervezetek\\\/\",\"url\":\"https:\\\/\\\/machteret1944.org\\\/hu\\\/az-ifjusagi-szervezetek\\\/\",\"name\":\"Az ifj\u00fas\u00e1gi szervezetek - \u05d4\u05e2\u05de\u05d5\u05ea\u05d4 \u05dc\u05d7\u05e7\u05e8 \u05ea\u05e0\u05d5\u05e2\u05d5\u05ea \u05d4\u05e0\u05d5\u05e2\u05e8 \u05d4\u05e6\u05d9\u05d5\u05e0\u05d9\u05d5\u05ea \u05d1\u05d4\u05d5\u05e0\u05d2\u05e8\u05d9\u05d4\",\"isPartOf\":{\"@id\":\"https:\\\/\\\/machteret1944.org\\\/hu\\\/#website\"},\"primaryImageOfPage\":{\"@id\":\"https:\\\/\\\/machteret1944.org\\\/hu\\\/az-ifjusagi-szervezetek\\\/#primaryimage\"},\"image\":{\"@id\":\"https:\\\/\\\/machteret1944.org\\\/hu\\\/az-ifjusagi-szervezetek\\\/#primaryimage\"},\"thumbnailUrl\":\"https:\\\/\\\/machteret1944.org\\\/wp-content\\\/uploads\\\/2021\\\/03\\\/01.jpg\",\"datePublished\":\"2021-03-04T14:47:20+00:00\",\"dateModified\":\"2024-02-05T13:55:14+00:00\",\"breadcrumb\":{\"@id\":\"https:\\\/\\\/machteret1944.org\\\/hu\\\/az-ifjusagi-szervezetek\\\/#breadcrumb\"},\"inLanguage\":\"hu\",\"potentialAction\":[{\"@type\":\"ReadAction\",\"target\":[\"https:\\\/\\\/machteret1944.org\\\/hu\\\/az-ifjusagi-szervezetek\\\/\"]}]},{\"@type\":\"ImageObject\",\"inLanguage\":\"hu\",\"@id\":\"https:\\\/\\\/machteret1944.org\\\/hu\\\/az-ifjusagi-szervezetek\\\/#primaryimage\",\"url\":\"https:\\\/\\\/machteret1944.org\\\/wp-content\\\/uploads\\\/2021\\\/03\\\/01.jpg\",\"contentUrl\":\"https:\\\/\\\/machteret1944.org\\\/wp-content\\\/uploads\\\/2021\\\/03\\\/01.jpg\",\"width\":800,\"height\":570},{\"@type\":\"BreadcrumbList\",\"@id\":\"https:\\\/\\\/machteret1944.org\\\/hu\\\/az-ifjusagi-szervezetek\\\/#breadcrumb\",\"itemListElement\":[{\"@type\":\"ListItem\",\"position\":1,\"name\":\"Kezd\u0151lap\",\"item\":\"https:\\\/\\\/machteret1944.org\\\/hu\\\/\"},{\"@type\":\"ListItem\",\"position\":2,\"name\":\"Az ifj\u00fas\u00e1gi szervezetek\"}]},{\"@type\":\"WebSite\",\"@id\":\"https:\\\/\\\/machteret1944.org\\\/hu\\\/#website\",\"url\":\"https:\\\/\\\/machteret1944.org\\\/hu\\\/\",\"name\":\"\u05d4\u05e2\u05de\u05d5\u05ea\u05d4 \u05dc\u05d7\u05e7\u05e8 \u05ea\u05e0\u05d5\u05e2\u05d5\u05ea \u05d4\u05e0\u05d5\u05e2\u05e8 \u05d4\u05e6\u05d9\u05d5\u05e0\u05d9\u05d5\u05ea \u05d1\u05d4\u05d5\u05e0\u05d2\u05e8\u05d9\u05d4\",\"description\":\"\u05d4\u05e2\u05de\u05d5\u05ea\u05d4 \u05dc\u05d7\u05e7\u05e8 \u05ea\u05e0\u05d5\u05e2\u05d5\u05ea \u05d4\u05e0\u05d5\u05e2\u05e8 \u05d4\u05e6\u05d9\u05d5\u05e0\u05d9\u05d5\u05ea \u05d1\u05d4\u05d5\u05e0\u05d2\u05e8\u05d9\u05d4\",\"publisher\":{\"@id\":\"https:\\\/\\\/machteret1944.org\\\/hu\\\/#organization\"},\"potentialAction\":[{\"@type\":\"SearchAction\",\"target\":{\"@type\":\"EntryPoint\",\"urlTemplate\":\"https:\\\/\\\/machteret1944.org\\\/hu\\\/?s={search_term_string}\"},\"query-input\":{\"@type\":\"PropertyValueSpecification\",\"valueRequired\":true,\"valueName\":\"search_term_string\"}}],\"inLanguage\":\"hu\"},{\"@type\":\"Organization\",\"@id\":\"https:\\\/\\\/machteret1944.org\\\/hu\\\/#organization\",\"name\":\"\u05d4\u05e2\u05de\u05d5\u05ea\u05d4 \u05dc\u05d7\u05e7\u05e8 \u05ea\u05e0\u05d5\u05e2\u05d5\u05ea \u05d4\u05e0\u05d5\u05e2\u05e8 \u05d4\u05e6\u05d9\u05d5\u05e0\u05d9\u05d5\u05ea \u05d1\u05d4\u05d5\u05e0\u05d2\u05e8\u05d9\u05d4\",\"url\":\"https:\\\/\\\/machteret1944.org\\\/hu\\\/\",\"logo\":{\"@type\":\"ImageObject\",\"inLanguage\":\"hu\",\"@id\":\"https:\\\/\\\/machteret1944.org\\\/hu\\\/#\\\/schema\\\/logo\\\/image\\\/\",\"url\":\"https:\\\/\\\/machteret1944.org\\\/wp-content\\\/uploads\\\/2020\\\/12\\\/\u05dc\u05d5\u05d2\u05d5-\u05dc\u05e2\u05de\u05d5\u05ea\u05d4.png\",\"contentUrl\":\"https:\\\/\\\/machteret1944.org\\\/wp-content\\\/uploads\\\/2020\\\/12\\\/\u05dc\u05d5\u05d2\u05d5-\u05dc\u05e2\u05de\u05d5\u05ea\u05d4.png\",\"width\":841,\"height\":290,\"caption\":\"\u05d4\u05e2\u05de\u05d5\u05ea\u05d4 \u05dc\u05d7\u05e7\u05e8 \u05ea\u05e0\u05d5\u05e2\u05d5\u05ea \u05d4\u05e0\u05d5\u05e2\u05e8 \u05d4\u05e6\u05d9\u05d5\u05e0\u05d9\u05d5\u05ea \u05d1\u05d4\u05d5\u05e0\u05d2\u05e8\u05d9\u05d4\"},\"image\":{\"@id\":\"https:\\\/\\\/machteret1944.org\\\/hu\\\/#\\\/schema\\\/logo\\\/image\\\/\"}}]}<\/script>\n<!-- \/ Yoast SEO plugin. -->","yoast_head_json":{"title":"Az ifj\u00fas\u00e1gi szervezetek - \u05d4\u05e2\u05de\u05d5\u05ea\u05d4 \u05dc\u05d7\u05e7\u05e8 \u05ea\u05e0\u05d5\u05e2\u05d5\u05ea \u05d4\u05e0\u05d5\u05e2\u05e8 \u05d4\u05e6\u05d9\u05d5\u05e0\u05d9\u05d5\u05ea \u05d1\u05d4\u05d5\u05e0\u05d2\u05e8\u05d9\u05d4","robots":{"index":"index","follow":"follow","max-snippet":"max-snippet:-1","max-image-preview":"max-image-preview:large","max-video-preview":"max-video-preview:-1"},"canonical":"https:\/\/machteret1944.org\/hu\/az-ifjusagi-szervezetek\/","og_locale":"hu_HU","og_type":"article","og_title":"Az ifj\u00fas\u00e1gi szervezetek - \u05d4\u05e2\u05de\u05d5\u05ea\u05d4 \u05dc\u05d7\u05e7\u05e8 \u05ea\u05e0\u05d5\u05e2\u05d5\u05ea \u05d4\u05e0\u05d5\u05e2\u05e8 \u05d4\u05e6\u05d9\u05d5\u05e0\u05d9\u05d5\u05ea \u05d1\u05d4\u05d5\u05e0\u05d2\u05e8\u05d9\u05d4","og_description":"Schutzpass 1943 v\u00e9g\u00e9n v\u00e1ratlanul feloldott\u00e1k a cionista ifj\u00fas\u00e1gi mozgalmak magyarorsz\u00e1gi tev\u00e9kenys\u00e9g\u00e9re vonatkoz\u00f3 tilalmat. Az ifj\u00fas\u00e1gi mozgalmak kenim (csoportok) \u00e9s klubok: Hashomer Hatzair, Dror Habonim, Maccabi Hatzair, Hanoar Hatzioni \u00e9s Bnei Akiva \u00fajra \u00e9letre keltek. Az ifj\u00fas\u00e1gi mozgalmak &#8211; lengyel \u00e9s szlov\u00e1kiai &#8211; tagjai, akik Magyarorsz\u00e1gon tal\u00e1ltak mened\u00e9ket, minden lehets\u00e9ges f\u00f3rumon megkongatt\u00e1k a v\u00e9szharangot a kelet-eur\u00f3pai [&hellip;]","og_url":"https:\/\/machteret1944.org\/hu\/az-ifjusagi-szervezetek\/","og_site_name":"\u05d4\u05e2\u05de\u05d5\u05ea\u05d4 \u05dc\u05d7\u05e7\u05e8 \u05ea\u05e0\u05d5\u05e2\u05d5\u05ea \u05d4\u05e0\u05d5\u05e2\u05e8 \u05d4\u05e6\u05d9\u05d5\u05e0\u05d9\u05d5\u05ea \u05d1\u05d4\u05d5\u05e0\u05d2\u05e8\u05d9\u05d4","article_modified_time":"2024-02-05T13:55:14+00:00","og_image":[{"width":800,"height":570,"url":"https:\/\/machteret1944.org\/wp-content\/uploads\/2021\/03\/01.jpg","type":"image\/jpeg"}],"twitter_card":"summary_large_image","twitter_misc":{"Becs\u00fclt olvas\u00e1si id\u0151":"2 perc"},"schema":{"@context":"https:\/\/schema.org","@graph":[{"@type":"WebPage","@id":"https:\/\/machteret1944.org\/hu\/az-ifjusagi-szervezetek\/","url":"https:\/\/machteret1944.org\/hu\/az-ifjusagi-szervezetek\/","name":"Az ifj\u00fas\u00e1gi szervezetek - \u05d4\u05e2\u05de\u05d5\u05ea\u05d4 \u05dc\u05d7\u05e7\u05e8 \u05ea\u05e0\u05d5\u05e2\u05d5\u05ea \u05d4\u05e0\u05d5\u05e2\u05e8 \u05d4\u05e6\u05d9\u05d5\u05e0\u05d9\u05d5\u05ea \u05d1\u05d4\u05d5\u05e0\u05d2\u05e8\u05d9\u05d4","isPartOf":{"@id":"https:\/\/machteret1944.org\/hu\/#website"},"primaryImageOfPage":{"@id":"https:\/\/machteret1944.org\/hu\/az-ifjusagi-szervezetek\/#primaryimage"},"image":{"@id":"https:\/\/machteret1944.org\/hu\/az-ifjusagi-szervezetek\/#primaryimage"},"thumbnailUrl":"https:\/\/machteret1944.org\/wp-content\/uploads\/2021\/03\/01.jpg","datePublished":"2021-03-04T14:47:20+00:00","dateModified":"2024-02-05T13:55:14+00:00","breadcrumb":{"@id":"https:\/\/machteret1944.org\/hu\/az-ifjusagi-szervezetek\/#breadcrumb"},"inLanguage":"hu","potentialAction":[{"@type":"ReadAction","target":["https:\/\/machteret1944.org\/hu\/az-ifjusagi-szervezetek\/"]}]},{"@type":"ImageObject","inLanguage":"hu","@id":"https:\/\/machteret1944.org\/hu\/az-ifjusagi-szervezetek\/#primaryimage","url":"https:\/\/machteret1944.org\/wp-content\/uploads\/2021\/03\/01.jpg","contentUrl":"https:\/\/machteret1944.org\/wp-content\/uploads\/2021\/03\/01.jpg","width":800,"height":570},{"@type":"BreadcrumbList","@id":"https:\/\/machteret1944.org\/hu\/az-ifjusagi-szervezetek\/#breadcrumb","itemListElement":[{"@type":"ListItem","position":1,"name":"Kezd\u0151lap","item":"https:\/\/machteret1944.org\/hu\/"},{"@type":"ListItem","position":2,"name":"Az ifj\u00fas\u00e1gi szervezetek"}]},{"@type":"WebSite","@id":"https:\/\/machteret1944.org\/hu\/#website","url":"https:\/\/machteret1944.org\/hu\/","name":"\u05d4\u05e2\u05de\u05d5\u05ea\u05d4 \u05dc\u05d7\u05e7\u05e8 \u05ea\u05e0\u05d5\u05e2\u05d5\u05ea \u05d4\u05e0\u05d5\u05e2\u05e8 \u05d4\u05e6\u05d9\u05d5\u05e0\u05d9\u05d5\u05ea \u05d1\u05d4\u05d5\u05e0\u05d2\u05e8\u05d9\u05d4","description":"\u05d4\u05e2\u05de\u05d5\u05ea\u05d4 \u05dc\u05d7\u05e7\u05e8 \u05ea\u05e0\u05d5\u05e2\u05d5\u05ea \u05d4\u05e0\u05d5\u05e2\u05e8 \u05d4\u05e6\u05d9\u05d5\u05e0\u05d9\u05d5\u05ea \u05d1\u05d4\u05d5\u05e0\u05d2\u05e8\u05d9\u05d4","publisher":{"@id":"https:\/\/machteret1944.org\/hu\/#organization"},"potentialAction":[{"@type":"SearchAction","target":{"@type":"EntryPoint","urlTemplate":"https:\/\/machteret1944.org\/hu\/?s={search_term_string}"},"query-input":{"@type":"PropertyValueSpecification","valueRequired":true,"valueName":"search_term_string"}}],"inLanguage":"hu"},{"@type":"Organization","@id":"https:\/\/machteret1944.org\/hu\/#organization","name":"\u05d4\u05e2\u05de\u05d5\u05ea\u05d4 \u05dc\u05d7\u05e7\u05e8 \u05ea\u05e0\u05d5\u05e2\u05d5\u05ea \u05d4\u05e0\u05d5\u05e2\u05e8 \u05d4\u05e6\u05d9\u05d5\u05e0\u05d9\u05d5\u05ea \u05d1\u05d4\u05d5\u05e0\u05d2\u05e8\u05d9\u05d4","url":"https:\/\/machteret1944.org\/hu\/","logo":{"@type":"ImageObject","inLanguage":"hu","@id":"https:\/\/machteret1944.org\/hu\/#\/schema\/logo\/image\/","url":"https:\/\/machteret1944.org\/wp-content\/uploads\/2020\/12\/\u05dc\u05d5\u05d2\u05d5-\u05dc\u05e2\u05de\u05d5\u05ea\u05d4.png","contentUrl":"https:\/\/machteret1944.org\/wp-content\/uploads\/2020\/12\/\u05dc\u05d5\u05d2\u05d5-\u05dc\u05e2\u05de\u05d5\u05ea\u05d4.png","width":841,"height":290,"caption":"\u05d4\u05e2\u05de\u05d5\u05ea\u05d4 \u05dc\u05d7\u05e7\u05e8 \u05ea\u05e0\u05d5\u05e2\u05d5\u05ea \u05d4\u05e0\u05d5\u05e2\u05e8 \u05d4\u05e6\u05d9\u05d5\u05e0\u05d9\u05d5\u05ea \u05d1\u05d4\u05d5\u05e0\u05d2\u05e8\u05d9\u05d4"},"image":{"@id":"https:\/\/machteret1944.org\/hu\/#\/schema\/logo\/image\/"}}]}},"_links":{"self":[{"href":"https:\/\/machteret1944.org\/hu\/wp-json\/wp\/v2\/pages\/4709","targetHints":{"allow":["GET"]}}],"collection":[{"href":"https:\/\/machteret1944.org\/hu\/wp-json\/wp\/v2\/pages"}],"about":[{"href":"https:\/\/machteret1944.org\/hu\/wp-json\/wp\/v2\/types\/page"}],"author":[{"embeddable":true,"href":"https:\/\/machteret1944.org\/hu\/wp-json\/wp\/v2\/users\/2"}],"replies":[{"embeddable":true,"href":"https:\/\/machteret1944.org\/hu\/wp-json\/wp\/v2\/comments?post=4709"}],"version-history":[{"count":2,"href":"https:\/\/machteret1944.org\/hu\/wp-json\/wp\/v2\/pages\/4709\/revisions"}],"predecessor-version":[{"id":4711,"href":"https:\/\/machteret1944.org\/hu\/wp-json\/wp\/v2\/pages\/4709\/revisions\/4711"}],"wp:featuredmedia":[{"embeddable":true,"href":"https:\/\/machteret1944.org\/hu\/wp-json\/wp\/v2\/media\/4065"}],"wp:attachment":[{"href":"https:\/\/machteret1944.org\/hu\/wp-json\/wp\/v2\/media?parent=4709"}],"curies":[{"name":"wp","href":"https:\/\/api.w.org\/{rel}","templated":true}]}}