{"id":4714,"date":"2021-04-08T08:49:03","date_gmt":"2021-04-08T08:49:03","guid":{"rendered":"https:\/\/machteret1944.org\/az-elelmiszer-eposz\/%d7%90%d7%a1%d7%a4%d7%a7%d7%aa-%d7%94%d7%9e%d7%96%d7%95%d7%9f-%d7%9e%d7%94-%d7%95%d7%9b%d7%9e%d7%94en\/"},"modified":"2024-03-16T09:19:02","modified_gmt":"2024-03-16T09:19:02","slug":"food-supply-what-and-how-much_hun","status":"publish","type":"page","link":"https:\/\/machteret1944.org\/hu\/az-elelmiszer-eposz\/food-supply-what-and-how-much_hun\/","title":{"rendered":"\u00c9lelmiszer-ell\u00e1t\u00e1s &#8211; Mit \u00e9s hogyan"},"content":{"rendered":"<p>Az ig\u00e9nyek dikt\u00e1lt\u00e1k a cselekv\u00e9st. A f\u00f6ldalattiak egym\u00e1s ut\u00e1n \u00e1ll\u00edtott\u00e1k fel a gyermekh\u00e1zakat, de az 5000 gyermeknek a tet\u0151n k\u00edv\u00fcl \u00e9telre is sz\u00fcks\u00e9ge volt!<\/p>\n<p>Ezt a feladatot a Gazdas\u00e1gi Oszt\u00e1ly l\u00e1tta el. Az oszt\u00e1ly irod\u00e1j\u00e1t a M\u00e9rleg utca 6. sz\u00e1m alatt rendezt\u00e9k be, a k\u00f6zponti rakt\u00e1r a Kolumbusz utc\u00e1ban volt. 20-25 dolgoz\u00f3ja volt az irod\u00e1nak, \u00e9s Ephraim (Ephra) Agmon vezette. Titk\u00e1ra G\u00f6r\u00f6g Vera volt. Az oszt\u00e1lyt kb. 20 felv\u00e1s\u00e1rl\u00f3 m\u0171k\u00f6dtette, akik mind tapasztalt \u00e9lelmiszer-nagykeresked\u0151k voltak. A felejthetetlen Soml\u00f3 b\u00e1csi is nagy seg\u00edts\u00e9g volt.<\/p>\n<p>A Gazdas\u00e1gi Oszt\u00e1lynak kellett ell\u00e1tnia a lak\u00f3otthonok, a k\u00f3rh\u00e1zak \u00e9s a mened\u00e9kh\u00e1zak minden sz\u00fcks\u00e9glet\u00e9t &#8211; az els\u0151 vekni keny\u00e9rt\u0151l kezdve az eg\u00e9sz rendszert ki kellett tal\u00e1lni. B\u00e1r a gett\u00f3 hivatalosan kapott ell\u00e1tm\u00e1nyt, mondani sem kell, hogy ez nem volt el\u00e9g, folyamatosan p\u00f3tolni kellett. A hivatalnak kellett ell\u00e1tnia \u00e9lelemmel Budapest \u00f6sszes zsid\u00f3 lakos\u00e1t. Emellett gyakran j\u00f6ttek a nyilas egys\u00e9gek \u00e9s m\u00e1s katonai alakulatok tagjai is, hogy &#8222;kieg\u00e9sz\u00edts\u00e9k&#8221; a saj\u00e1t fejadagjukat.<\/p>\n<p>Az al\u00e1bbiakban a Gazdas\u00e1gi Oszt\u00e1ly rakt\u00e1r\u00e1b\u00f3l 1944. november 28. \u00e9s december 23. k\u00f6z\u00f6tt feladott \u00e1ruk list\u00e1j\u00e1t k\u00f6z\u00f6lj\u00fck:<\/p>\n<p>44.11.28. 40 l\u00e1da paradicsomkonzerv &#8211; a gett\u00f3 rakt\u00e1r\u00e1ba<\/p>\n<p>44.11.30. 14 550 kg liszt &#8211; a gett\u00f3 rakt\u00e1r\u00e1ba<\/p>\n<p>44.11.30. 500 kg p\u00f3tk\u00e1v\u00e9 &#8211; a gett\u00f3 rakt\u00e1r\u00e1ba<\/p>\n<p>44.12.03. 4.000 kg bab &#8211; a gett\u00f3 rakt\u00e1r\u00e1ba<\/p>\n<p>44.12.03. 2.000 kg bab &#8211; a gett\u00f3 rakt\u00e1r\u00e1ba<\/p>\n<p>44.12.03. K\u00fcl\u00f6nb\u00f6z\u0151 \u00e9lelmiszerek &#8211; a gett\u00f3 rakt\u00e1r\u00e1ba<\/p>\n<p>44.12.07. 10.000 kg sz\u00e1razt\u00e9szta &#8211; a gett\u00f3 rakt\u00e1r\u00e1ba<\/p>\n<p>44.12.08. 20.000 kg s\u00fct\u0151t\u00f6k &#8211; a gett\u00f3 rakt\u00e1r\u00e1ba<\/p>\n<p>44.12.11. 9.000 kg zabpehely &#8211; a gett\u00f3 rakt\u00e1r\u00e1ba<\/p>\n<p>44.12.13. 500 kg kem\u00e9ny sajt &#8211; a gett\u00f3 rakt\u00e1r\u00e1ba<\/p>\n<p>44.12.15. K\u00fcl\u00f6nf\u00e9le term\u00e9kek &#8211; a gett\u00f3 rakt\u00e1r\u00e1ba<\/p>\n<p>44.12.15. 200 szalmamatrac &#8211; a gett\u00f3 rakt\u00e1r\u00e1ba<\/p>\n<p>44.12.15. 5.000 kg paradicsomkonzerv &#8211; a gett\u00f3 rakt\u00e1r\u00e1ba<\/p>\n<p>44.12.15. 5.000 kg liszt &#8211; a gett\u00f3 rakt\u00e1r\u00e1ba<\/p>\n<p>44.12.15. 10.000 kg liszt &#8211; a Holl\u00f3 utcai p\u00e9ks\u00e9gbe<a href=\"#_ftn1\" name=\"_ftnref1\">[1]<\/a><\/p>\n<p>44.12.15. 2,000 kiv\u00e1l\u00f3 min\u0151s\u00e9g\u0171 sz\u00e9n &#8211; a Hung\u00e1ria k\u00f6r\u00fati id\u0151sek otthon\u00e1ba<\/p>\n<p>44.12.16. 10.000 kg liszt &#8211; a gett\u00f3 rakt\u00e1r\u00e1ba<\/p>\n<p>44.12.16. 14.415 kg sz\u00e1r\u00edtott bors\u00f3 &#8211; a gett\u00f3 rakt\u00e1r\u00e1ba<\/p>\n<p>44.12.16. 20.000 kg bab &#8211; a gett\u00f3 rakt\u00e1r\u00e1ba<\/p>\n<p>44.12.18. Paradicsomsz\u00e1ll\u00edtm\u00e1ny &#8211; a gett\u00f3 rakt\u00e1r\u00e1ba<\/p>\n<p>44.12.19. 10.200 kg liszt (204 zs\u00e1k) &#8211; a gett\u00f3 p\u00e9ks\u00e9g\u00e9be<\/p>\n<p>44.12.19. 10 200 kg kukoricaliszt (120 zs\u00e1k) &#8211; a gett\u00f3 p\u00e9ks\u00e9g\u00e9be<\/p>\n<p>44.12.20. 1.100 toj\u00e1s &#8211; a gett\u00f3 rakt\u00e1r\u00e1ba<\/p>\n<p>44.12.20. 465 kg kem\u00e9ny sajt &#8211; a gett\u00f3 rakt\u00e1r\u00e1ba<\/p>\n<p>44.12.20. 10.000 kg feh\u00e9r bab &#8211; a gett\u00f3 rakt\u00e1r\u00e1ba<\/p>\n<p>44.12.21. 4.500 kg j\u00f3 min\u0151s\u00e9g\u0171 sz\u00e9n &#8211; a gett\u00f3 rakt\u00e1r\u00e1ba<\/p>\n<p>44.12.22. 100.000 kg cukkini &#8211; a gett\u00f3 rakt\u00e1r\u00e1ba<\/p>\n<p>44.12.22. Sz\u00e1r\u00edtott z\u00f6lds\u00e9gsz\u00e1ll\u00edtm\u00e1ny &#8211; a gett\u00f3 rakt\u00e1r\u00e1ba.<\/p>\n<p>44.12.22. 20.000 kg h\u00e1mozott sz\u00e1r\u00edtott bors\u00f3<\/p>\n<p>44.12.23. Z\u00f6ldbors\u00f3sz\u00e1ll\u00edtm\u00e1ny &#8211; a gett\u00f3 rakt\u00e1r\u00e1ba<\/p>\n<p>44.12.23. Tiszt\u00edt\u00f3szerek sz\u00e1ll\u00edt\u00e1sa a gett\u00f3 rakt\u00e1r\u00e1ba<\/p>\n<p>44.12.22. 200 szalmamatrac &#8211; a gett\u00f3 rakt\u00e1r\u00e1ba<\/p>\n<p>44.12.23. 10.000 kg s\u00f3 &#8211; a gett\u00f3 rakt\u00e1r\u00e1ba<\/p>\n<p><a href=\"#_ftnref1\" name=\"_ftn1\">[1]<\/a> A f\u0151v\u00e1ros VII. ker\u00fclet\u00e9ben. Itt volt a gett\u00f3 egyik p\u00e9ks\u00e9ge.<\/p>\n","protected":false},"excerpt":{"rendered":"<p>Az ig\u00e9nyek dikt\u00e1lt\u00e1k a cselekv\u00e9st. A f\u00f6ldalattiak egym\u00e1s ut\u00e1n \u00e1ll\u00edtott\u00e1k fel a gyermekh\u00e1zakat, de az 5000 gyermeknek a tet\u0151n k\u00edv\u00fcl \u00e9telre is sz\u00fcks\u00e9ge volt! Ezt a feladatot a Gazdas\u00e1gi Oszt\u00e1ly l\u00e1tta el. Az oszt\u00e1ly irod\u00e1j\u00e1t a M\u00e9rleg utca 6. sz\u00e1m alatt rendezt\u00e9k be, a k\u00f6zponti rakt\u00e1r a Kolumbusz utc\u00e1ban volt. 20-25 dolgoz\u00f3ja volt az irod\u00e1nak, [&hellip;]<\/p>\n","protected":false},"author":2,"featured_media":0,"parent":4712,"menu_order":2,"comment_status":"closed","ping_status":"closed","template":"","meta":{"_acf_changed":false,"footnotes":""},"class_list":["post-4714","page","type-page","status-publish","hentry"],"acf":[],"yoast_head":"<!-- This site is optimized with the Yoast SEO plugin v27.3 - https:\/\/yoast.com\/product\/yoast-seo-wordpress\/ -->\n<title>\u00c9lelmiszer-ell\u00e1t\u00e1s - Mit \u00e9s hogyan - \u05d4\u05e2\u05de\u05d5\u05ea\u05d4 \u05dc\u05d7\u05e7\u05e8 \u05ea\u05e0\u05d5\u05e2\u05d5\u05ea \u05d4\u05e0\u05d5\u05e2\u05e8 \u05d4\u05e6\u05d9\u05d5\u05e0\u05d9\u05d5\u05ea \u05d1\u05d4\u05d5\u05e0\u05d2\u05e8\u05d9\u05d4<\/title>\n<meta name=\"robots\" content=\"index, follow, max-snippet:-1, max-image-preview:large, max-video-preview:-1\" \/>\n<link rel=\"canonical\" href=\"https:\/\/machteret1944.org\/hu\/az-elelmiszer-eposz\/food-supply-what-and-how-much_hun\/\" \/>\n<meta property=\"og:locale\" content=\"hu_HU\" \/>\n<meta property=\"og:type\" content=\"article\" \/>\n<meta property=\"og:title\" content=\"\u00c9lelmiszer-ell\u00e1t\u00e1s - Mit \u00e9s hogyan - \u05d4\u05e2\u05de\u05d5\u05ea\u05d4 \u05dc\u05d7\u05e7\u05e8 \u05ea\u05e0\u05d5\u05e2\u05d5\u05ea \u05d4\u05e0\u05d5\u05e2\u05e8 \u05d4\u05e6\u05d9\u05d5\u05e0\u05d9\u05d5\u05ea \u05d1\u05d4\u05d5\u05e0\u05d2\u05e8\u05d9\u05d4\" \/>\n<meta property=\"og:description\" content=\"Az ig\u00e9nyek dikt\u00e1lt\u00e1k a cselekv\u00e9st. A f\u00f6ldalattiak egym\u00e1s ut\u00e1n \u00e1ll\u00edtott\u00e1k fel a gyermekh\u00e1zakat, de az 5000 gyermeknek a tet\u0151n k\u00edv\u00fcl \u00e9telre is sz\u00fcks\u00e9ge volt! Ezt a feladatot a Gazdas\u00e1gi Oszt\u00e1ly l\u00e1tta el. Az oszt\u00e1ly irod\u00e1j\u00e1t a M\u00e9rleg utca 6. sz\u00e1m alatt rendezt\u00e9k be, a k\u00f6zponti rakt\u00e1r a Kolumbusz utc\u00e1ban volt. 20-25 dolgoz\u00f3ja volt az irod\u00e1nak, [&hellip;]\" \/>\n<meta property=\"og:url\" content=\"https:\/\/machteret1944.org\/hu\/az-elelmiszer-eposz\/food-supply-what-and-how-much_hun\/\" \/>\n<meta property=\"og:site_name\" content=\"\u05d4\u05e2\u05de\u05d5\u05ea\u05d4 \u05dc\u05d7\u05e7\u05e8 \u05ea\u05e0\u05d5\u05e2\u05d5\u05ea \u05d4\u05e0\u05d5\u05e2\u05e8 \u05d4\u05e6\u05d9\u05d5\u05e0\u05d9\u05d5\u05ea \u05d1\u05d4\u05d5\u05e0\u05d2\u05e8\u05d9\u05d4\" \/>\n<meta property=\"article:modified_time\" content=\"2024-03-16T09:19:02+00:00\" \/>\n<meta name=\"twitter:card\" content=\"summary_large_image\" \/>\n<meta name=\"twitter:label1\" content=\"Becs\u00fclt olvas\u00e1si id\u0151\" \/>\n\t<meta name=\"twitter:data1\" content=\"3 perc\" \/>\n<script type=\"application\/ld+json\" class=\"yoast-schema-graph\">{\"@context\":\"https:\\\/\\\/schema.org\",\"@graph\":[{\"@type\":\"WebPage\",\"@id\":\"https:\\\/\\\/machteret1944.org\\\/hu\\\/az-elelmiszer-eposz\\\/food-supply-what-and-how-much_hun\\\/\",\"url\":\"https:\\\/\\\/machteret1944.org\\\/hu\\\/az-elelmiszer-eposz\\\/food-supply-what-and-how-much_hun\\\/\",\"name\":\"\u00c9lelmiszer-ell\u00e1t\u00e1s - Mit \u00e9s hogyan - \u05d4\u05e2\u05de\u05d5\u05ea\u05d4 \u05dc\u05d7\u05e7\u05e8 \u05ea\u05e0\u05d5\u05e2\u05d5\u05ea \u05d4\u05e0\u05d5\u05e2\u05e8 \u05d4\u05e6\u05d9\u05d5\u05e0\u05d9\u05d5\u05ea \u05d1\u05d4\u05d5\u05e0\u05d2\u05e8\u05d9\u05d4\",\"isPartOf\":{\"@id\":\"https:\\\/\\\/machteret1944.org\\\/hu\\\/#website\"},\"datePublished\":\"2021-04-08T08:49:03+00:00\",\"dateModified\":\"2024-03-16T09:19:02+00:00\",\"breadcrumb\":{\"@id\":\"https:\\\/\\\/machteret1944.org\\\/hu\\\/az-elelmiszer-eposz\\\/food-supply-what-and-how-much_hun\\\/#breadcrumb\"},\"inLanguage\":\"hu\",\"potentialAction\":[{\"@type\":\"ReadAction\",\"target\":[\"https:\\\/\\\/machteret1944.org\\\/hu\\\/az-elelmiszer-eposz\\\/food-supply-what-and-how-much_hun\\\/\"]}]},{\"@type\":\"BreadcrumbList\",\"@id\":\"https:\\\/\\\/machteret1944.org\\\/hu\\\/az-elelmiszer-eposz\\\/food-supply-what-and-how-much_hun\\\/#breadcrumb\",\"itemListElement\":[{\"@type\":\"ListItem\",\"position\":1,\"name\":\"Kezd\u0151lap\",\"item\":\"https:\\\/\\\/machteret1944.org\\\/hu\\\/\"},{\"@type\":\"ListItem\",\"position\":2,\"name\":\"Az \u00c9lelmiszer-Eposz\",\"item\":\"https:\\\/\\\/machteret1944.org\\\/hu\\\/az-elelmiszer-eposz\\\/\"},{\"@type\":\"ListItem\",\"position\":3,\"name\":\"\u00c9lelmiszer-ell\u00e1t\u00e1s &#8211; Mit \u00e9s hogyan\"}]},{\"@type\":\"WebSite\",\"@id\":\"https:\\\/\\\/machteret1944.org\\\/hu\\\/#website\",\"url\":\"https:\\\/\\\/machteret1944.org\\\/hu\\\/\",\"name\":\"\u05d4\u05e2\u05de\u05d5\u05ea\u05d4 \u05dc\u05d7\u05e7\u05e8 \u05ea\u05e0\u05d5\u05e2\u05d5\u05ea \u05d4\u05e0\u05d5\u05e2\u05e8 \u05d4\u05e6\u05d9\u05d5\u05e0\u05d9\u05d5\u05ea \u05d1\u05d4\u05d5\u05e0\u05d2\u05e8\u05d9\u05d4\",\"description\":\"\u05d4\u05e2\u05de\u05d5\u05ea\u05d4 \u05dc\u05d7\u05e7\u05e8 \u05ea\u05e0\u05d5\u05e2\u05d5\u05ea \u05d4\u05e0\u05d5\u05e2\u05e8 \u05d4\u05e6\u05d9\u05d5\u05e0\u05d9\u05d5\u05ea \u05d1\u05d4\u05d5\u05e0\u05d2\u05e8\u05d9\u05d4\",\"publisher\":{\"@id\":\"https:\\\/\\\/machteret1944.org\\\/hu\\\/#organization\"},\"potentialAction\":[{\"@type\":\"SearchAction\",\"target\":{\"@type\":\"EntryPoint\",\"urlTemplate\":\"https:\\\/\\\/machteret1944.org\\\/hu\\\/?s={search_term_string}\"},\"query-input\":{\"@type\":\"PropertyValueSpecification\",\"valueRequired\":true,\"valueName\":\"search_term_string\"}}],\"inLanguage\":\"hu\"},{\"@type\":\"Organization\",\"@id\":\"https:\\\/\\\/machteret1944.org\\\/hu\\\/#organization\",\"name\":\"\u05d4\u05e2\u05de\u05d5\u05ea\u05d4 \u05dc\u05d7\u05e7\u05e8 \u05ea\u05e0\u05d5\u05e2\u05d5\u05ea \u05d4\u05e0\u05d5\u05e2\u05e8 \u05d4\u05e6\u05d9\u05d5\u05e0\u05d9\u05d5\u05ea \u05d1\u05d4\u05d5\u05e0\u05d2\u05e8\u05d9\u05d4\",\"url\":\"https:\\\/\\\/machteret1944.org\\\/hu\\\/\",\"logo\":{\"@type\":\"ImageObject\",\"inLanguage\":\"hu\",\"@id\":\"https:\\\/\\\/machteret1944.org\\\/hu\\\/#\\\/schema\\\/logo\\\/image\\\/\",\"url\":\"https:\\\/\\\/machteret1944.org\\\/wp-content\\\/uploads\\\/2020\\\/12\\\/\u05dc\u05d5\u05d2\u05d5-\u05dc\u05e2\u05de\u05d5\u05ea\u05d4.png\",\"contentUrl\":\"https:\\\/\\\/machteret1944.org\\\/wp-content\\\/uploads\\\/2020\\\/12\\\/\u05dc\u05d5\u05d2\u05d5-\u05dc\u05e2\u05de\u05d5\u05ea\u05d4.png\",\"width\":841,\"height\":290,\"caption\":\"\u05d4\u05e2\u05de\u05d5\u05ea\u05d4 \u05dc\u05d7\u05e7\u05e8 \u05ea\u05e0\u05d5\u05e2\u05d5\u05ea \u05d4\u05e0\u05d5\u05e2\u05e8 \u05d4\u05e6\u05d9\u05d5\u05e0\u05d9\u05d5\u05ea \u05d1\u05d4\u05d5\u05e0\u05d2\u05e8\u05d9\u05d4\"},\"image\":{\"@id\":\"https:\\\/\\\/machteret1944.org\\\/hu\\\/#\\\/schema\\\/logo\\\/image\\\/\"}}]}<\/script>\n<!-- \/ Yoast SEO plugin. -->","yoast_head_json":{"title":"\u00c9lelmiszer-ell\u00e1t\u00e1s - Mit \u00e9s hogyan - \u05d4\u05e2\u05de\u05d5\u05ea\u05d4 \u05dc\u05d7\u05e7\u05e8 \u05ea\u05e0\u05d5\u05e2\u05d5\u05ea \u05d4\u05e0\u05d5\u05e2\u05e8 \u05d4\u05e6\u05d9\u05d5\u05e0\u05d9\u05d5\u05ea \u05d1\u05d4\u05d5\u05e0\u05d2\u05e8\u05d9\u05d4","robots":{"index":"index","follow":"follow","max-snippet":"max-snippet:-1","max-image-preview":"max-image-preview:large","max-video-preview":"max-video-preview:-1"},"canonical":"https:\/\/machteret1944.org\/hu\/az-elelmiszer-eposz\/food-supply-what-and-how-much_hun\/","og_locale":"hu_HU","og_type":"article","og_title":"\u00c9lelmiszer-ell\u00e1t\u00e1s - Mit \u00e9s hogyan - \u05d4\u05e2\u05de\u05d5\u05ea\u05d4 \u05dc\u05d7\u05e7\u05e8 \u05ea\u05e0\u05d5\u05e2\u05d5\u05ea \u05d4\u05e0\u05d5\u05e2\u05e8 \u05d4\u05e6\u05d9\u05d5\u05e0\u05d9\u05d5\u05ea \u05d1\u05d4\u05d5\u05e0\u05d2\u05e8\u05d9\u05d4","og_description":"Az ig\u00e9nyek dikt\u00e1lt\u00e1k a cselekv\u00e9st. A f\u00f6ldalattiak egym\u00e1s ut\u00e1n \u00e1ll\u00edtott\u00e1k fel a gyermekh\u00e1zakat, de az 5000 gyermeknek a tet\u0151n k\u00edv\u00fcl \u00e9telre is sz\u00fcks\u00e9ge volt! Ezt a feladatot a Gazdas\u00e1gi Oszt\u00e1ly l\u00e1tta el. Az oszt\u00e1ly irod\u00e1j\u00e1t a M\u00e9rleg utca 6. sz\u00e1m alatt rendezt\u00e9k be, a k\u00f6zponti rakt\u00e1r a Kolumbusz utc\u00e1ban volt. 20-25 dolgoz\u00f3ja volt az irod\u00e1nak, [&hellip;]","og_url":"https:\/\/machteret1944.org\/hu\/az-elelmiszer-eposz\/food-supply-what-and-how-much_hun\/","og_site_name":"\u05d4\u05e2\u05de\u05d5\u05ea\u05d4 \u05dc\u05d7\u05e7\u05e8 \u05ea\u05e0\u05d5\u05e2\u05d5\u05ea \u05d4\u05e0\u05d5\u05e2\u05e8 \u05d4\u05e6\u05d9\u05d5\u05e0\u05d9\u05d5\u05ea \u05d1\u05d4\u05d5\u05e0\u05d2\u05e8\u05d9\u05d4","article_modified_time":"2024-03-16T09:19:02+00:00","twitter_card":"summary_large_image","twitter_misc":{"Becs\u00fclt olvas\u00e1si id\u0151":"3 perc"},"schema":{"@context":"https:\/\/schema.org","@graph":[{"@type":"WebPage","@id":"https:\/\/machteret1944.org\/hu\/az-elelmiszer-eposz\/food-supply-what-and-how-much_hun\/","url":"https:\/\/machteret1944.org\/hu\/az-elelmiszer-eposz\/food-supply-what-and-how-much_hun\/","name":"\u00c9lelmiszer-ell\u00e1t\u00e1s - Mit \u00e9s hogyan - \u05d4\u05e2\u05de\u05d5\u05ea\u05d4 \u05dc\u05d7\u05e7\u05e8 \u05ea\u05e0\u05d5\u05e2\u05d5\u05ea \u05d4\u05e0\u05d5\u05e2\u05e8 \u05d4\u05e6\u05d9\u05d5\u05e0\u05d9\u05d5\u05ea \u05d1\u05d4\u05d5\u05e0\u05d2\u05e8\u05d9\u05d4","isPartOf":{"@id":"https:\/\/machteret1944.org\/hu\/#website"},"datePublished":"2021-04-08T08:49:03+00:00","dateModified":"2024-03-16T09:19:02+00:00","breadcrumb":{"@id":"https:\/\/machteret1944.org\/hu\/az-elelmiszer-eposz\/food-supply-what-and-how-much_hun\/#breadcrumb"},"inLanguage":"hu","potentialAction":[{"@type":"ReadAction","target":["https:\/\/machteret1944.org\/hu\/az-elelmiszer-eposz\/food-supply-what-and-how-much_hun\/"]}]},{"@type":"BreadcrumbList","@id":"https:\/\/machteret1944.org\/hu\/az-elelmiszer-eposz\/food-supply-what-and-how-much_hun\/#breadcrumb","itemListElement":[{"@type":"ListItem","position":1,"name":"Kezd\u0151lap","item":"https:\/\/machteret1944.org\/hu\/"},{"@type":"ListItem","position":2,"name":"Az \u00c9lelmiszer-Eposz","item":"https:\/\/machteret1944.org\/hu\/az-elelmiszer-eposz\/"},{"@type":"ListItem","position":3,"name":"\u00c9lelmiszer-ell\u00e1t\u00e1s &#8211; Mit \u00e9s hogyan"}]},{"@type":"WebSite","@id":"https:\/\/machteret1944.org\/hu\/#website","url":"https:\/\/machteret1944.org\/hu\/","name":"\u05d4\u05e2\u05de\u05d5\u05ea\u05d4 \u05dc\u05d7\u05e7\u05e8 \u05ea\u05e0\u05d5\u05e2\u05d5\u05ea \u05d4\u05e0\u05d5\u05e2\u05e8 \u05d4\u05e6\u05d9\u05d5\u05e0\u05d9\u05d5\u05ea \u05d1\u05d4\u05d5\u05e0\u05d2\u05e8\u05d9\u05d4","description":"\u05d4\u05e2\u05de\u05d5\u05ea\u05d4 \u05dc\u05d7\u05e7\u05e8 \u05ea\u05e0\u05d5\u05e2\u05d5\u05ea \u05d4\u05e0\u05d5\u05e2\u05e8 \u05d4\u05e6\u05d9\u05d5\u05e0\u05d9\u05d5\u05ea \u05d1\u05d4\u05d5\u05e0\u05d2\u05e8\u05d9\u05d4","publisher":{"@id":"https:\/\/machteret1944.org\/hu\/#organization"},"potentialAction":[{"@type":"SearchAction","target":{"@type":"EntryPoint","urlTemplate":"https:\/\/machteret1944.org\/hu\/?s={search_term_string}"},"query-input":{"@type":"PropertyValueSpecification","valueRequired":true,"valueName":"search_term_string"}}],"inLanguage":"hu"},{"@type":"Organization","@id":"https:\/\/machteret1944.org\/hu\/#organization","name":"\u05d4\u05e2\u05de\u05d5\u05ea\u05d4 \u05dc\u05d7\u05e7\u05e8 \u05ea\u05e0\u05d5\u05e2\u05d5\u05ea \u05d4\u05e0\u05d5\u05e2\u05e8 \u05d4\u05e6\u05d9\u05d5\u05e0\u05d9\u05d5\u05ea \u05d1\u05d4\u05d5\u05e0\u05d2\u05e8\u05d9\u05d4","url":"https:\/\/machteret1944.org\/hu\/","logo":{"@type":"ImageObject","inLanguage":"hu","@id":"https:\/\/machteret1944.org\/hu\/#\/schema\/logo\/image\/","url":"https:\/\/machteret1944.org\/wp-content\/uploads\/2020\/12\/\u05dc\u05d5\u05d2\u05d5-\u05dc\u05e2\u05de\u05d5\u05ea\u05d4.png","contentUrl":"https:\/\/machteret1944.org\/wp-content\/uploads\/2020\/12\/\u05dc\u05d5\u05d2\u05d5-\u05dc\u05e2\u05de\u05d5\u05ea\u05d4.png","width":841,"height":290,"caption":"\u05d4\u05e2\u05de\u05d5\u05ea\u05d4 \u05dc\u05d7\u05e7\u05e8 \u05ea\u05e0\u05d5\u05e2\u05d5\u05ea \u05d4\u05e0\u05d5\u05e2\u05e8 \u05d4\u05e6\u05d9\u05d5\u05e0\u05d9\u05d5\u05ea \u05d1\u05d4\u05d5\u05e0\u05d2\u05e8\u05d9\u05d4"},"image":{"@id":"https:\/\/machteret1944.org\/hu\/#\/schema\/logo\/image\/"}}]}},"_links":{"self":[{"href":"https:\/\/machteret1944.org\/hu\/wp-json\/wp\/v2\/pages\/4714","targetHints":{"allow":["GET"]}}],"collection":[{"href":"https:\/\/machteret1944.org\/hu\/wp-json\/wp\/v2\/pages"}],"about":[{"href":"https:\/\/machteret1944.org\/hu\/wp-json\/wp\/v2\/types\/page"}],"author":[{"embeddable":true,"href":"https:\/\/machteret1944.org\/hu\/wp-json\/wp\/v2\/users\/2"}],"replies":[{"embeddable":true,"href":"https:\/\/machteret1944.org\/hu\/wp-json\/wp\/v2\/comments?post=4714"}],"version-history":[{"count":4,"href":"https:\/\/machteret1944.org\/hu\/wp-json\/wp\/v2\/pages\/4714\/revisions"}],"predecessor-version":[{"id":4978,"href":"https:\/\/machteret1944.org\/hu\/wp-json\/wp\/v2\/pages\/4714\/revisions\/4978"}],"up":[{"embeddable":true,"href":"https:\/\/machteret1944.org\/hu\/wp-json\/wp\/v2\/pages\/4712"}],"wp:attachment":[{"href":"https:\/\/machteret1944.org\/hu\/wp-json\/wp\/v2\/media?parent=4714"}],"curies":[{"name":"wp","href":"https:\/\/api.w.org\/{rel}","templated":true}]}}