{"id":4718,"date":"2021-02-04T08:29:29","date_gmt":"2021-02-04T08:29:29","guid":{"rendered":"https:\/\/machteret1944.org\/the-tiyul\/peter-bacsi\/"},"modified":"2024-02-05T14:10:27","modified_gmt":"2024-02-05T14:10:27","slug":"peter-bacsi","status":"publish","type":"page","link":"https:\/\/machteret1944.org\/hu\/a-tiyul-muvelet\/peter-bacsi\/","title":{"rendered":"P\u00e9ter b\u00e1csi"},"content":{"rendered":"<p>&#8222;Pil&#8221;, ahogy Moshe Alpan-t a mozgalomban ismert\u00e9k, a peronon v\u00e1rta Chav\u00e1t a Budapestr\u0151l Nagyv\u00e1radra tart\u00f3 vonathoz. Chava vonz\u00f3, b\u00e1tor, az \u00fcgy ir\u00e1nt elk\u00f6telezett fiatal n\u0151 volt. Pil \u00fagy d\u00f6nt\u00f6tt, hogy a l\u00e1nyt is beveszi abba a csapatba, amelyik elk\u00eds\u00e9ri a csoportokat a hat\u00e1rv\u00e1rosba, \u00e9s onnan \u00e1tcsemp\u00e9szi \u0151ket a rom\u00e1n hat\u00e1ron, \u00fatban Eretz Izrael fel\u00e9. Ennek a m\u0171veletnek a fed\u0151neve &#8222;tiyul&#8221; volt (ez a h\u00e9ber sz\u00f3 kir\u00e1ndul\u00e1st vagy utaz\u00e1st jelent).<\/p>\n<p>Id\u0151ben meg\u00e9rkezett. Meg\u00f6lelt\u00e9k egym\u00e1st, mint egy szerelmesp\u00e1r, \u00e9s felsz\u00e1lltak a vonatra. Pil elmagyar\u00e1zta Chav\u00e1nak, hogy mit kell tennie, hogyan viselkedjen, mire sz\u00e1m\u00edtson; \u00e9s mikor kell k\u00f6zbel\u00e9pnie, ha egy\u00e1ltal\u00e1n k\u00f6zbel\u00e9p, amikor a titkosrend\u0151rs\u00e9g vagy a csend\u0151rs\u00e9g emberei felsz\u00e1llnak a vonatra, hogy ellen\u0151rizz\u00e9k az \u00fati okm\u00e1nyokat.<\/p>\n<p>A k\u00f6vetkez\u0151 volt az elj\u00e1r\u00e1s: Pil tal\u00e1lkozott a csemp\u00e9szend\u0151 jel\u00f6ltekkel egy nyilv\u00e1nos parkban vagy egy k\u00f6rny\u00e9kbeli k\u00e1v\u00e9z\u00f3ban, nagyon \u00fcgyelve arra, hogy ne k\u00f6vess\u00e9k. A mozgalom m\u0171helyb\u0151l kapott \u00fcres szem\u00e9lyazonoss\u00e1gi pap\u00edrokon kit\u00f6lt\u00f6tte az \u00faj szem\u00e9lyazonoss\u00e1guk adatait. Fel\u00e9p\u00edtett vel\u00fck egy fed\u0151sztorit, amelyet nagyon j\u00f3l meg kellett tanulniuk; elmagyar\u00e1zta nekik, hogyan viselkedjenek az utaz\u00e1s sor\u00e1n, hogy felt\u0171n\u00e9smentesek maradjanak; mit pakoljanak a magukkal vitt kis t\u00e1sk\u00e1ba, \u00e9s m\u00e9g azt is, hogyan vegy\u00e9k ki &#8222;laz\u00e1n&#8221; az irataikat a t\u00e1sk\u00e1b\u00f3l, amikor k\u00e9rik \u0151ket, an\u00e9lk\u00fcl, hogy remegne a kez\u00fck. Adott nekik egy kis p\u00e9nzt, \u00e9s megmutatta nekik, hogyan gy\u0171rj\u00e9k \u00f6ssze egy kicsit az irataikat, miut\u00e1n a tinta megsz\u00e1radt, hogy haszn\u00e1ltnak t\u0171njenek. Azt\u00e1n megmondta nekik, hogy mikor melyik peronon kell lenni\u00fck. Aznap este vonatvezet\u0151nek \u00f6lt\u00f6zve tal\u00e1lkozott vel\u00fck, \u00e9s elk\u00eds\u00e9rte \u0151ket az \u00fatjukon.<\/p>\n<p>Az el\u0151z\u0151 h\u00e9ten Pilnek k\u00fcl\u00f6n\u00f6sen neh\u00e9z megpr\u00f3b\u00e1ltat\u00e1ssal kellett szemben\u00e9znie. Nyomoz\u00f3k sz\u00e1lltak fel a vonatra igazoltat\u00e1s c\u00e9lj\u00e1b\u00f3l, \u00e9s a csoport egyik fiatalember\u00e9hez k\u00f6zeledtek. Pil, aki kiss\u00e9 k\u00e9sve \u00e9rkezett a helysz\u00ednre, l\u00e1tta, hogy a f\u00e9rfi, akit\u0151l az iratai bemutat\u00e1s\u00e1t k\u00e9rt\u00e9k, els\u00e1padt \u00e9s izzadt. Pil r\u00e1j\u00f6tt, hogy a f\u00e9rfi szerencs\u00e9je elsz\u00e1llt, \u00e9s \u00fagy d\u00f6nt\u00f6tt, hogy nem avatkozik k\u00f6zbe. A nyomoz\u00f3k felsz\u00f3l\u00edtott\u00e1k a fiatalembert, hogy dobja le a nadr\u00e1gj\u00e1t&#8230; \u00e9s a zsid\u00f3k\u00e9nt val\u00f3 azonos\u00edt\u00e1sa gyorsan k\u00f6vetkezett ezut\u00e1n. Ord\u00edtva \u00e9s sikoltozva sz\u00e1ll\u00edtott\u00e1k le a vonatr\u00f3l. A sorsa megpecs\u00e9tel\u0151d\u00f6tt.<\/p>\n<p>Nagyv\u00e1radon Pil \u00e9s Chava kocsit b\u00e9reltek, \u00e9s mint egy n\u00e1szutas p\u00e1r, elindultak a k\u00f6zeli falu fel\u00e9, ahol P\u00e9ter b\u00e1csi lakott. \u0150 vall\u00e1sos kereszt\u00e9ny volt, egy olyan rendhagy\u00f3 felekezet tagja, amely szerette a zsid\u00f3kat \u00e9s megtartotta a szombatot. P\u00e9ter minden este zsid\u00f3 csoportokat vitt \u00e1t a hat\u00e1ron. Hajnalban Pil \u00e9s P\u00e9ter egy\u00fctt \u00fcltek, forr\u00f3 te\u00e1t ittak \u00e9s besz\u00e9lgettek. P\u00e9ter im\u00e1dkozott, \u00e9s azt mondta, hogy Isten akarata, hogy megv\u00e9dje a zsid\u00f3kat, mivel &#8222;zsid\u00f3k n\u00e9lk\u00fcl nincs kereszt\u00e9nys\u00e9g, \u00e9s kereszt\u00e9nys\u00e9g n\u00e9lk\u00fcl nincs emberis\u00e9g&#8221;. Pil erre azt v\u00e1laszolta: &#8222;Sz\u00e1momra a zsid\u00f3s\u00e1g csak ott \u00e9s akkor l\u00e9tezik, ahol \u00e9s amikor zsid\u00f3k vannak. Az a zsid\u00f3 fi\u00fa, aki most l\u00e9pte \u00e1t a hat\u00e1rt, \u00e9s megmentette az \u00e9let\u00e9t, garant\u00e1lja a judaizmus l\u00e9tez\u00e9s\u00e9t&#8221;.<\/p>\n<p>Amikor Pil \u00e9s Chava k\u00f6zeledett P\u00e9ter b\u00e1csi h\u00e1z\u00e1hoz, az \u00e9desanyja kij\u00f6tt fel\u00e9j\u00fck, \u00e9s egy feh\u00e9r kend\u0151vel jelezte, hogy menek\u00fcljenek. Aznap este P\u00e9tert letart\u00f3ztatt\u00e1k \u00e9s kihallgat\u00e1sra vitt\u00e9k. Pil meg\u0151rizte a nyugalm\u00e1t, \u00e9s azt mondta a sof\u0151rnek, hogy menjen vissza a v\u00e1rosba.<\/p>\n<p>Amikor egy keresztez\u0151d\u00e9shez \u00e9rtek, egy f\u00e9rfi beugrott a kocsiba, \u00e9s le\u00fclt. Tipikus nyomoz\u00f3i sapk\u00e1t viselt. R\u00e1j\u00f6ttek, hogy lebuktak. A v\u00e1ros k\u00f6zpontj\u00e1ban volt egy rend\u0151r\u0151rs, amelyet a Gestapo \u0151rz\u00f6tt, \u00e9s a f\u00f6ldalatti cionista ellen\u00e1ll\u00e1s t\u00f6bb tagj\u00e1t m\u00e1r letart\u00f3ztatt\u00e1k, megk\u00ednozt\u00e1k \u00e9s meggyilkolt\u00e1k ott.<\/p>\n<p>Pil fej\u00e9ben a legrosszabb gondolatok cik\u00e1ztak, \u00e9s a lovak pat\u00e1inak hangja a macskak\u00f6v\u00f6n \u00fagy sz\u00f3lt, mint egy \u00f3ra, amely ketyegve mutatta a m\u00e1sodperceket a v\u00e9gig&#8230;<\/p>\n<p>Amikor meg\u00e9rkeztek a v\u00e1rosba, egy patak f\u00f6l\u00f6tt \u00e1tkeltek egy keskeny h\u00eddon. Hirtelen Pil megl\u00e1tott egy s\u00edr\u00f3, jajvesz\u00e9kel\u0151 asszonyt a foly\u00f3parton \u00e1llni. A kisfia a v\u00edzbe esett. Pil gondolkod\u00e1s n\u00e9lk\u00fcl leugrott a h\u00eddr\u00f3l a v\u00edzbe, kimentette a gyermeket, \u00e9s visszavitte az \u00e9desanyja v\u00e1rakoz\u00f3 karjaiba. Pil sz\u00f3 n\u00e9lk\u00fcl visszat\u00e9rt a kocsihoz, \u00e9s le\u00fclt.<\/p>\n<p>Ebben a pillanatban a nyomoz\u00f3 fel\u00e1llt, a szok\u00e1sos udvarias mozdulattal levette a kalapj\u00e1t, elmormolt n\u00e9h\u00e1ny sz\u00f3t, lesz\u00e1llt a kocsir\u00f3l \u00e9s elt\u0171nt, mintha azt akarn\u00e1 mondani: &#8222;Eddig azt hittem, hogy zsid\u00f3k vagytok, akik menek\u00fclni pr\u00f3b\u00e1lnak. \u00c9ppen le akartam tart\u00f3ztatni \u00f6n\u00f6ket. De nyilv\u00e1nval\u00f3, hogy egyetlen zsid\u00f3 sem ugrik a v\u00edzbe, hogy megmentsen egy kereszt\u00e9ny gyermeket. \u00c9s ha v\u00e9letlen\u00fcl zsid\u00f3k vagytok&#8230; akkor menjetek a pokolba&#8230;&#8221;.<\/p>\n","protected":false},"excerpt":{"rendered":"<p>&#8222;Pil&#8221;, ahogy Moshe Alpan-t a mozgalomban ismert\u00e9k, a peronon v\u00e1rta Chav\u00e1t a Budapestr\u0151l Nagyv\u00e1radra tart\u00f3 vonathoz. Chava vonz\u00f3, b\u00e1tor, az \u00fcgy ir\u00e1nt elk\u00f6telezett fiatal n\u0151 volt. Pil \u00fagy d\u00f6nt\u00f6tt, hogy a l\u00e1nyt is beveszi abba a csapatba, amelyik elk\u00eds\u00e9ri a csoportokat a hat\u00e1rv\u00e1rosba, \u00e9s onnan \u00e1tcsemp\u00e9szi \u0151ket a rom\u00e1n hat\u00e1ron, \u00fatban Eretz Izrael fel\u00e9. Ennek [&hellip;]<\/p>\n","protected":false},"author":3,"featured_media":0,"parent":4483,"menu_order":4,"comment_status":"closed","ping_status":"closed","template":"","meta":{"_acf_changed":false,"footnotes":""},"class_list":["post-4718","page","type-page","status-publish","hentry"],"acf":[],"yoast_head":"<!-- This site is optimized with the Yoast SEO plugin v27.4 - https:\/\/yoast.com\/product\/yoast-seo-wordpress\/ -->\n<title>P\u00e9ter b\u00e1csi - \u05d4\u05e2\u05de\u05d5\u05ea\u05d4 \u05dc\u05d7\u05e7\u05e8 \u05ea\u05e0\u05d5\u05e2\u05d5\u05ea \u05d4\u05e0\u05d5\u05e2\u05e8 \u05d4\u05e6\u05d9\u05d5\u05e0\u05d9\u05d5\u05ea \u05d1\u05d4\u05d5\u05e0\u05d2\u05e8\u05d9\u05d4<\/title>\n<meta name=\"robots\" content=\"index, follow, max-snippet:-1, max-image-preview:large, max-video-preview:-1\" \/>\n<link rel=\"canonical\" href=\"https:\/\/machteret1944.org\/hu\/a-tiyul-muvelet\/peter-bacsi\/\" \/>\n<meta property=\"og:locale\" content=\"hu_HU\" \/>\n<meta property=\"og:type\" content=\"article\" \/>\n<meta property=\"og:title\" content=\"P\u00e9ter b\u00e1csi - \u05d4\u05e2\u05de\u05d5\u05ea\u05d4 \u05dc\u05d7\u05e7\u05e8 \u05ea\u05e0\u05d5\u05e2\u05d5\u05ea \u05d4\u05e0\u05d5\u05e2\u05e8 \u05d4\u05e6\u05d9\u05d5\u05e0\u05d9\u05d5\u05ea \u05d1\u05d4\u05d5\u05e0\u05d2\u05e8\u05d9\u05d4\" \/>\n<meta property=\"og:description\" content=\"&#8222;Pil&#8221;, ahogy Moshe Alpan-t a mozgalomban ismert\u00e9k, a peronon v\u00e1rta Chav\u00e1t a Budapestr\u0151l Nagyv\u00e1radra tart\u00f3 vonathoz. Chava vonz\u00f3, b\u00e1tor, az \u00fcgy ir\u00e1nt elk\u00f6telezett fiatal n\u0151 volt. Pil \u00fagy d\u00f6nt\u00f6tt, hogy a l\u00e1nyt is beveszi abba a csapatba, amelyik elk\u00eds\u00e9ri a csoportokat a hat\u00e1rv\u00e1rosba, \u00e9s onnan \u00e1tcsemp\u00e9szi \u0151ket a rom\u00e1n hat\u00e1ron, \u00fatban Eretz Izrael fel\u00e9. Ennek [&hellip;]\" \/>\n<meta property=\"og:url\" content=\"https:\/\/machteret1944.org\/hu\/a-tiyul-muvelet\/peter-bacsi\/\" \/>\n<meta property=\"og:site_name\" content=\"\u05d4\u05e2\u05de\u05d5\u05ea\u05d4 \u05dc\u05d7\u05e7\u05e8 \u05ea\u05e0\u05d5\u05e2\u05d5\u05ea \u05d4\u05e0\u05d5\u05e2\u05e8 \u05d4\u05e6\u05d9\u05d5\u05e0\u05d9\u05d5\u05ea \u05d1\u05d4\u05d5\u05e0\u05d2\u05e8\u05d9\u05d4\" \/>\n<meta property=\"article:modified_time\" content=\"2024-02-05T14:10:27+00:00\" \/>\n<meta name=\"twitter:card\" content=\"summary_large_image\" \/>\n<meta name=\"twitter:label1\" content=\"Becs\u00fclt olvas\u00e1si id\u0151\" \/>\n\t<meta name=\"twitter:data1\" content=\"5 perc\" \/>\n<script type=\"application\/ld+json\" class=\"yoast-schema-graph\">{\"@context\":\"https:\\\/\\\/schema.org\",\"@graph\":[{\"@type\":\"WebPage\",\"@id\":\"https:\\\/\\\/machteret1944.org\\\/hu\\\/a-tiyul-muvelet\\\/peter-bacsi\\\/\",\"url\":\"https:\\\/\\\/machteret1944.org\\\/hu\\\/a-tiyul-muvelet\\\/peter-bacsi\\\/\",\"name\":\"P\u00e9ter b\u00e1csi - \u05d4\u05e2\u05de\u05d5\u05ea\u05d4 \u05dc\u05d7\u05e7\u05e8 \u05ea\u05e0\u05d5\u05e2\u05d5\u05ea \u05d4\u05e0\u05d5\u05e2\u05e8 \u05d4\u05e6\u05d9\u05d5\u05e0\u05d9\u05d5\u05ea \u05d1\u05d4\u05d5\u05e0\u05d2\u05e8\u05d9\u05d4\",\"isPartOf\":{\"@id\":\"https:\\\/\\\/machteret1944.org\\\/hu\\\/#website\"},\"datePublished\":\"2021-02-04T08:29:29+00:00\",\"dateModified\":\"2024-02-05T14:10:27+00:00\",\"breadcrumb\":{\"@id\":\"https:\\\/\\\/machteret1944.org\\\/hu\\\/a-tiyul-muvelet\\\/peter-bacsi\\\/#breadcrumb\"},\"inLanguage\":\"hu\",\"potentialAction\":[{\"@type\":\"ReadAction\",\"target\":[\"https:\\\/\\\/machteret1944.org\\\/hu\\\/a-tiyul-muvelet\\\/peter-bacsi\\\/\"]}]},{\"@type\":\"BreadcrumbList\",\"@id\":\"https:\\\/\\\/machteret1944.org\\\/hu\\\/a-tiyul-muvelet\\\/peter-bacsi\\\/#breadcrumb\",\"itemListElement\":[{\"@type\":\"ListItem\",\"position\":1,\"name\":\"Kezd\u0151lap\",\"item\":\"https:\\\/\\\/machteret1944.org\\\/hu\\\/\"},{\"@type\":\"ListItem\",\"position\":2,\"name\":\"A Tiyul-m\u0171velet\",\"item\":\"https:\\\/\\\/machteret1944.org\\\/hu\\\/a-tiyul-muvelet\\\/\"},{\"@type\":\"ListItem\",\"position\":3,\"name\":\"P\u00e9ter b\u00e1csi\"}]},{\"@type\":\"WebSite\",\"@id\":\"https:\\\/\\\/machteret1944.org\\\/hu\\\/#website\",\"url\":\"https:\\\/\\\/machteret1944.org\\\/hu\\\/\",\"name\":\"\u05d4\u05e2\u05de\u05d5\u05ea\u05d4 \u05dc\u05d7\u05e7\u05e8 \u05ea\u05e0\u05d5\u05e2\u05d5\u05ea \u05d4\u05e0\u05d5\u05e2\u05e8 \u05d4\u05e6\u05d9\u05d5\u05e0\u05d9\u05d5\u05ea \u05d1\u05d4\u05d5\u05e0\u05d2\u05e8\u05d9\u05d4\",\"description\":\"\u05d4\u05e2\u05de\u05d5\u05ea\u05d4 \u05dc\u05d7\u05e7\u05e8 \u05ea\u05e0\u05d5\u05e2\u05d5\u05ea \u05d4\u05e0\u05d5\u05e2\u05e8 \u05d4\u05e6\u05d9\u05d5\u05e0\u05d9\u05d5\u05ea \u05d1\u05d4\u05d5\u05e0\u05d2\u05e8\u05d9\u05d4\",\"publisher\":{\"@id\":\"https:\\\/\\\/machteret1944.org\\\/hu\\\/#organization\"},\"potentialAction\":[{\"@type\":\"SearchAction\",\"target\":{\"@type\":\"EntryPoint\",\"urlTemplate\":\"https:\\\/\\\/machteret1944.org\\\/hu\\\/?s={search_term_string}\"},\"query-input\":{\"@type\":\"PropertyValueSpecification\",\"valueRequired\":true,\"valueName\":\"search_term_string\"}}],\"inLanguage\":\"hu\"},{\"@type\":\"Organization\",\"@id\":\"https:\\\/\\\/machteret1944.org\\\/hu\\\/#organization\",\"name\":\"\u05d4\u05e2\u05de\u05d5\u05ea\u05d4 \u05dc\u05d7\u05e7\u05e8 \u05ea\u05e0\u05d5\u05e2\u05d5\u05ea \u05d4\u05e0\u05d5\u05e2\u05e8 \u05d4\u05e6\u05d9\u05d5\u05e0\u05d9\u05d5\u05ea \u05d1\u05d4\u05d5\u05e0\u05d2\u05e8\u05d9\u05d4\",\"url\":\"https:\\\/\\\/machteret1944.org\\\/hu\\\/\",\"logo\":{\"@type\":\"ImageObject\",\"inLanguage\":\"hu\",\"@id\":\"https:\\\/\\\/machteret1944.org\\\/hu\\\/#\\\/schema\\\/logo\\\/image\\\/\",\"url\":\"https:\\\/\\\/machteret1944.org\\\/wp-content\\\/uploads\\\/2020\\\/12\\\/\u05dc\u05d5\u05d2\u05d5-\u05dc\u05e2\u05de\u05d5\u05ea\u05d4.png\",\"contentUrl\":\"https:\\\/\\\/machteret1944.org\\\/wp-content\\\/uploads\\\/2020\\\/12\\\/\u05dc\u05d5\u05d2\u05d5-\u05dc\u05e2\u05de\u05d5\u05ea\u05d4.png\",\"width\":841,\"height\":290,\"caption\":\"\u05d4\u05e2\u05de\u05d5\u05ea\u05d4 \u05dc\u05d7\u05e7\u05e8 \u05ea\u05e0\u05d5\u05e2\u05d5\u05ea \u05d4\u05e0\u05d5\u05e2\u05e8 \u05d4\u05e6\u05d9\u05d5\u05e0\u05d9\u05d5\u05ea \u05d1\u05d4\u05d5\u05e0\u05d2\u05e8\u05d9\u05d4\"},\"image\":{\"@id\":\"https:\\\/\\\/machteret1944.org\\\/hu\\\/#\\\/schema\\\/logo\\\/image\\\/\"}}]}<\/script>\n<!-- \/ Yoast SEO plugin. -->","yoast_head_json":{"title":"P\u00e9ter b\u00e1csi - \u05d4\u05e2\u05de\u05d5\u05ea\u05d4 \u05dc\u05d7\u05e7\u05e8 \u05ea\u05e0\u05d5\u05e2\u05d5\u05ea \u05d4\u05e0\u05d5\u05e2\u05e8 \u05d4\u05e6\u05d9\u05d5\u05e0\u05d9\u05d5\u05ea \u05d1\u05d4\u05d5\u05e0\u05d2\u05e8\u05d9\u05d4","robots":{"index":"index","follow":"follow","max-snippet":"max-snippet:-1","max-image-preview":"max-image-preview:large","max-video-preview":"max-video-preview:-1"},"canonical":"https:\/\/machteret1944.org\/hu\/a-tiyul-muvelet\/peter-bacsi\/","og_locale":"hu_HU","og_type":"article","og_title":"P\u00e9ter b\u00e1csi - \u05d4\u05e2\u05de\u05d5\u05ea\u05d4 \u05dc\u05d7\u05e7\u05e8 \u05ea\u05e0\u05d5\u05e2\u05d5\u05ea \u05d4\u05e0\u05d5\u05e2\u05e8 \u05d4\u05e6\u05d9\u05d5\u05e0\u05d9\u05d5\u05ea \u05d1\u05d4\u05d5\u05e0\u05d2\u05e8\u05d9\u05d4","og_description":"&#8222;Pil&#8221;, ahogy Moshe Alpan-t a mozgalomban ismert\u00e9k, a peronon v\u00e1rta Chav\u00e1t a Budapestr\u0151l Nagyv\u00e1radra tart\u00f3 vonathoz. Chava vonz\u00f3, b\u00e1tor, az \u00fcgy ir\u00e1nt elk\u00f6telezett fiatal n\u0151 volt. Pil \u00fagy d\u00f6nt\u00f6tt, hogy a l\u00e1nyt is beveszi abba a csapatba, amelyik elk\u00eds\u00e9ri a csoportokat a hat\u00e1rv\u00e1rosba, \u00e9s onnan \u00e1tcsemp\u00e9szi \u0151ket a rom\u00e1n hat\u00e1ron, \u00fatban Eretz Izrael fel\u00e9. Ennek [&hellip;]","og_url":"https:\/\/machteret1944.org\/hu\/a-tiyul-muvelet\/peter-bacsi\/","og_site_name":"\u05d4\u05e2\u05de\u05d5\u05ea\u05d4 \u05dc\u05d7\u05e7\u05e8 \u05ea\u05e0\u05d5\u05e2\u05d5\u05ea \u05d4\u05e0\u05d5\u05e2\u05e8 \u05d4\u05e6\u05d9\u05d5\u05e0\u05d9\u05d5\u05ea \u05d1\u05d4\u05d5\u05e0\u05d2\u05e8\u05d9\u05d4","article_modified_time":"2024-02-05T14:10:27+00:00","twitter_card":"summary_large_image","twitter_misc":{"Becs\u00fclt olvas\u00e1si id\u0151":"5 perc"},"schema":{"@context":"https:\/\/schema.org","@graph":[{"@type":"WebPage","@id":"https:\/\/machteret1944.org\/hu\/a-tiyul-muvelet\/peter-bacsi\/","url":"https:\/\/machteret1944.org\/hu\/a-tiyul-muvelet\/peter-bacsi\/","name":"P\u00e9ter b\u00e1csi - \u05d4\u05e2\u05de\u05d5\u05ea\u05d4 \u05dc\u05d7\u05e7\u05e8 \u05ea\u05e0\u05d5\u05e2\u05d5\u05ea \u05d4\u05e0\u05d5\u05e2\u05e8 \u05d4\u05e6\u05d9\u05d5\u05e0\u05d9\u05d5\u05ea \u05d1\u05d4\u05d5\u05e0\u05d2\u05e8\u05d9\u05d4","isPartOf":{"@id":"https:\/\/machteret1944.org\/hu\/#website"},"datePublished":"2021-02-04T08:29:29+00:00","dateModified":"2024-02-05T14:10:27+00:00","breadcrumb":{"@id":"https:\/\/machteret1944.org\/hu\/a-tiyul-muvelet\/peter-bacsi\/#breadcrumb"},"inLanguage":"hu","potentialAction":[{"@type":"ReadAction","target":["https:\/\/machteret1944.org\/hu\/a-tiyul-muvelet\/peter-bacsi\/"]}]},{"@type":"BreadcrumbList","@id":"https:\/\/machteret1944.org\/hu\/a-tiyul-muvelet\/peter-bacsi\/#breadcrumb","itemListElement":[{"@type":"ListItem","position":1,"name":"Kezd\u0151lap","item":"https:\/\/machteret1944.org\/hu\/"},{"@type":"ListItem","position":2,"name":"A Tiyul-m\u0171velet","item":"https:\/\/machteret1944.org\/hu\/a-tiyul-muvelet\/"},{"@type":"ListItem","position":3,"name":"P\u00e9ter b\u00e1csi"}]},{"@type":"WebSite","@id":"https:\/\/machteret1944.org\/hu\/#website","url":"https:\/\/machteret1944.org\/hu\/","name":"\u05d4\u05e2\u05de\u05d5\u05ea\u05d4 \u05dc\u05d7\u05e7\u05e8 \u05ea\u05e0\u05d5\u05e2\u05d5\u05ea \u05d4\u05e0\u05d5\u05e2\u05e8 \u05d4\u05e6\u05d9\u05d5\u05e0\u05d9\u05d5\u05ea \u05d1\u05d4\u05d5\u05e0\u05d2\u05e8\u05d9\u05d4","description":"\u05d4\u05e2\u05de\u05d5\u05ea\u05d4 \u05dc\u05d7\u05e7\u05e8 \u05ea\u05e0\u05d5\u05e2\u05d5\u05ea \u05d4\u05e0\u05d5\u05e2\u05e8 \u05d4\u05e6\u05d9\u05d5\u05e0\u05d9\u05d5\u05ea \u05d1\u05d4\u05d5\u05e0\u05d2\u05e8\u05d9\u05d4","publisher":{"@id":"https:\/\/machteret1944.org\/hu\/#organization"},"potentialAction":[{"@type":"SearchAction","target":{"@type":"EntryPoint","urlTemplate":"https:\/\/machteret1944.org\/hu\/?s={search_term_string}"},"query-input":{"@type":"PropertyValueSpecification","valueRequired":true,"valueName":"search_term_string"}}],"inLanguage":"hu"},{"@type":"Organization","@id":"https:\/\/machteret1944.org\/hu\/#organization","name":"\u05d4\u05e2\u05de\u05d5\u05ea\u05d4 \u05dc\u05d7\u05e7\u05e8 \u05ea\u05e0\u05d5\u05e2\u05d5\u05ea \u05d4\u05e0\u05d5\u05e2\u05e8 \u05d4\u05e6\u05d9\u05d5\u05e0\u05d9\u05d5\u05ea \u05d1\u05d4\u05d5\u05e0\u05d2\u05e8\u05d9\u05d4","url":"https:\/\/machteret1944.org\/hu\/","logo":{"@type":"ImageObject","inLanguage":"hu","@id":"https:\/\/machteret1944.org\/hu\/#\/schema\/logo\/image\/","url":"https:\/\/machteret1944.org\/wp-content\/uploads\/2020\/12\/\u05dc\u05d5\u05d2\u05d5-\u05dc\u05e2\u05de\u05d5\u05ea\u05d4.png","contentUrl":"https:\/\/machteret1944.org\/wp-content\/uploads\/2020\/12\/\u05dc\u05d5\u05d2\u05d5-\u05dc\u05e2\u05de\u05d5\u05ea\u05d4.png","width":841,"height":290,"caption":"\u05d4\u05e2\u05de\u05d5\u05ea\u05d4 \u05dc\u05d7\u05e7\u05e8 \u05ea\u05e0\u05d5\u05e2\u05d5\u05ea \u05d4\u05e0\u05d5\u05e2\u05e8 \u05d4\u05e6\u05d9\u05d5\u05e0\u05d9\u05d5\u05ea \u05d1\u05d4\u05d5\u05e0\u05d2\u05e8\u05d9\u05d4"},"image":{"@id":"https:\/\/machteret1944.org\/hu\/#\/schema\/logo\/image\/"}}]}},"_links":{"self":[{"href":"https:\/\/machteret1944.org\/hu\/wp-json\/wp\/v2\/pages\/4718","targetHints":{"allow":["GET"]}}],"collection":[{"href":"https:\/\/machteret1944.org\/hu\/wp-json\/wp\/v2\/pages"}],"about":[{"href":"https:\/\/machteret1944.org\/hu\/wp-json\/wp\/v2\/types\/page"}],"author":[{"embeddable":true,"href":"https:\/\/machteret1944.org\/hu\/wp-json\/wp\/v2\/users\/3"}],"replies":[{"embeddable":true,"href":"https:\/\/machteret1944.org\/hu\/wp-json\/wp\/v2\/comments?post=4718"}],"version-history":[{"count":1,"href":"https:\/\/machteret1944.org\/hu\/wp-json\/wp\/v2\/pages\/4718\/revisions"}],"predecessor-version":[{"id":4719,"href":"https:\/\/machteret1944.org\/hu\/wp-json\/wp\/v2\/pages\/4718\/revisions\/4719"}],"up":[{"embeddable":true,"href":"https:\/\/machteret1944.org\/hu\/wp-json\/wp\/v2\/pages\/4483"}],"wp:attachment":[{"href":"https:\/\/machteret1944.org\/hu\/wp-json\/wp\/v2\/media?parent=4718"}],"curies":[{"name":"wp","href":"https:\/\/api.w.org\/{rel}","templated":true}]}}