{"id":4722,"date":"2021-07-01T08:10:48","date_gmt":"2021-07-01T08:10:48","guid":{"rendered":"https:\/\/machteret1944.org\/gyerekhazak\/list-of-childrens-homes\/"},"modified":"2024-04-24T13:26:49","modified_gmt":"2024-04-24T13:26:49","slug":"list-of-childrens-homes","status":"publish","type":"page","link":"https:\/\/machteret1944.org\/hu\/gyerekhazak\/list-of-childrens-homes\/","title":{"rendered":"A gyermekotthonok list\u00e1ja"},"content":{"rendered":"<table width=\"994\">\n<tbody>\n<tr>\n<td width=\"23\"><\/td>\n<td width=\"41\"><strong>Ker\u00fclet<\/strong><\/td>\n<td width=\"268\"><strong>C\u00edm<\/strong><\/td>\n<td width=\"281\"><strong>Jelenlegi c\u00edm<\/strong><\/td>\n<td width=\"381\"><strong>Oktat\u00e1si \u00e9s gondoz\u00e1si vezet\u0151k<\/strong><\/td>\n<\/tr>\n<tr>\n<td>1<\/td>\n<td>VII.<\/td>\n<td><a href=\"https:\/\/machteret1944.org\/wp-content\/uploads\/2021\/02\/Akacfa-UT-32.jpg\">Ak\u00e1cfa utca 32.<\/a><\/td>\n<td><\/td>\n<td width=\"381\">Ro\u00f3z Zolt\u00e1n, Friedmann Jen\u0151, Reich Mikl\u00f3s<\/td>\n<\/tr>\n<tr>\n<td>2<\/td>\n<td>XIV.<\/td>\n<td><a href=\"https:\/\/machteret1944.org\/wp-content\/uploads\/2021\/02\/Bacskai-UTca-58b.jpg\">B\u00e1cskai utca 58\/b.<\/a><\/td>\n<td><\/td>\n<td width=\"381\"><\/td>\n<\/tr>\n<tr>\n<td>3<\/td>\n<td>VI:<\/td>\n<td><a href=\"https:\/\/machteret1944.org\/wp-content\/uploads\/2021\/02\/Bencur-35.jpg\">Benczur utca 35.<\/a><\/td>\n<td><\/td>\n<td width=\"381\">Fischer Ern\u0151,Lefkovits Vera, K\u00e1rp\u00e1ti P\u00e1l<\/td>\n<\/tr>\n<tr>\n<td>4<\/td>\n<td>XII.<\/td>\n<td><a href=\"https:\/\/machteret1944.org\/wp-content\/uploads\/2021\/02\/Budakeszi-Ut-67.jpg\">Budakeszi \u00fat 67-69.<\/a><\/td>\n<td><\/td>\n<td width=\"381\">Rosenblum S\u00e1ndor, Mocs\u00e1ri Robi,Weinberger Jancsi, Fischer P\u00e9tern\u00e9, R\u00f3zsa, Spitzer Gyuri<\/td>\n<\/tr>\n<tr>\n<td>5<\/td>\n<td>XII.<\/td>\n<td><a href=\"https:\/\/machteret1944.org\/wp-content\/uploads\/2021\/02\/CSABA-UTCA-7a.jpg\">Csaba utca 7\/a.<\/a><\/td>\n<td><\/td>\n<td width=\"381\"><\/td>\n<\/tr>\n<tr>\n<td>6<\/td>\n<td>X.<\/td>\n<td><a href=\"https:\/\/machteret1944.org\/wp-content\/uploads\/2021\/02\/CSALAD-YTCA-58.jpg\">Csal\u00e1d utca 58<\/a><\/td>\n<td>VIII.Reguly Antal utca 58,<\/td>\n<td width=\"381\"><\/td>\n<\/tr>\n<tr>\n<td>7<\/td>\n<td>XIII.<\/td>\n<td><a href=\"https:\/\/machteret1944.org\/wp-content\/uploads\/2021\/02\/Csango-utca-6b.jpg\">Cs\u00e1ng\u00f3 utca 6\/b.<\/a><\/td>\n<td><\/td>\n<td width=\"381\"><\/td>\n<\/tr>\n<tr>\n<td>8<\/td>\n<td>II.<\/td>\n<td><a href=\"https:\/\/machteret1944.org\/wp-content\/uploads\/2021\/02\/Cdevi-Utca-24.jpg\">Cs\u00e9vy utca 24.<\/a><\/td>\n<td>II.Cs\u00e9vi utca 24<\/td>\n<td width=\"381\"><\/td>\n<\/tr>\n<tr>\n<td>9<\/td>\n<td>VII.<\/td>\n<td><a href=\"https:\/\/machteret1944.org\/wp-content\/uploads\/2021\/02\/Dob-utca-12.jpg\">Dob utca 12.<\/a><\/td>\n<td><\/td>\n<td width=\"381\"><\/td>\n<\/tr>\n<tr>\n<td>10<\/td>\n<td>VII.<\/td>\n<td><a href=\"https:\/\/machteret1944.org\/wp-content\/uploads\/2021\/02\/DOB-UTCA-90.jpg\">Dob utca 90.<\/a><\/td>\n<td><\/td>\n<td width=\"381\">Sch\u00f6nberger J\u00f3zsef, Weisz M\u00f3r, Hollander Jakab, Berger Andor, Fr\u00f6hlich S\u00e1ndor, Kert\u00e9sz Mikl\u00f3s, Dr. Antal L\u00e1szl\u00f3,<\/td>\n<\/tr>\n<tr>\n<td>11<\/td>\n<td>VII.<\/td>\n<td><a href=\"https:\/\/machteret1944.org\/wp-content\/uploads\/2021\/02\/Garay-utca-42.jpg\">Garay utca 42.<\/a><\/td>\n<td><\/td>\n<td width=\"381\">Lefkovits Vera<\/td>\n<\/tr>\n<tr>\n<td>12<\/td>\n<td>I.<\/td>\n<td><a href=\"https:\/\/machteret1944.org\/wp-content\/uploads\/2021\/02\/GABOR-ANDOR-FO-UTCA.jpg\">G\u00e1bor Andor utca<\/a><\/td>\n<td>G\u00e1bor \u00c1ron utca<\/td>\n<td width=\"381\">Szamosi<\/td>\n<\/tr>\n<tr>\n<td>13<\/td>\n<td>II.<\/td>\n<td><a href=\"https:\/\/machteret1944.org\/wp-content\/uploads\/2021\/02\/Harangvirag-utca-15.jpg\">Harangvir\u00e1g utca 15.<\/a><\/td>\n<td><\/td>\n<td width=\"381\"><\/td>\n<\/tr>\n<tr>\n<td>14<\/td>\n<td>VII.<\/td>\n<td><a href=\"https:\/\/machteret1944.org\/wp-content\/uploads\/2021\/02\/Harsfa-utca-38.jpg\">H\u00e1rsfa utca 38.<\/a><\/td>\n<td><\/td>\n<td width=\"381\"><\/td>\n<\/tr>\n<tr>\n<td>15<\/td>\n<td>XIV.<\/td>\n<td><a href=\"https:\/\/machteret1944.org\/wp-content\/uploads\/2021\/02\/HUngaria-Korut.jpg\">Hung\u00e1ria krt 167-169<\/a><\/td>\n<td><\/td>\n<td width=\"381\"><\/td>\n<\/tr>\n<tr>\n<td>16<\/td>\n<td><\/td>\n<td><a href=\"https:\/\/machteret1944.org\/wp-content\/uploads\/2021\/02\/Yokai-Mor.jpg\">J\u00f3kai M\u00f3r\u00a0 (M\u00e1ty\u00e1sf\u00f6ld)<\/a><\/td>\n<td>XVI.J\u00f3kai M\u00f3r utca<\/td>\n<td width=\"381\"><\/td>\n<\/tr>\n<tr>\n<td>17<\/td>\n<td>VIII.<\/td>\n<td><a href=\"https:\/\/machteret1944.org\/wp-content\/uploads\/2021\/02\/Jozsef-korut-31.jpg\">J\u00f3zsef k\u00f6r\u00fat 31\/b.<\/a><\/td>\n<td><\/td>\n<td width=\"381\"><\/td>\n<\/tr>\n<tr>\n<td>18<\/td>\n<td>VII.<\/td>\n<td><a href=\"https:\/\/machteret1944.org\/wp-content\/uploads\/2021\/02\/Jozsef-korut-58.jpg\">J\u00f3zsef k\u00f6r\u00fat 53.<\/a><\/td>\n<td><\/td>\n<td width=\"381\"><\/td>\n<\/tr>\n<tr>\n<td>19<\/td>\n<td>X.<\/td>\n<td><a href=\"https:\/\/machteret1944.org\/wp-content\/uploads\/2021\/02\/KELEMEN-UTCA-1.jpg\">Kelemen utca 1\/c.<\/a><\/td>\n<td><\/td>\n<td width=\"381\">Hermina n\u00e9ni,Lusztig Mose, Jafa<\/td>\n<\/tr>\n<tr>\n<td>20<\/td>\n<td>VII.<\/td>\n<td><a href=\"https:\/\/machteret1944.org\/wp-content\/uploads\/2021\/02\/Kiraly-utca-34.jpg\">Kir\u00e1ly utca 34.<\/a><\/td>\n<td><\/td>\n<td width=\"381\"><\/td>\n<\/tr>\n<tr>\n<td>21<\/td>\n<td>VII.<\/td>\n<td><a href=\"https:\/\/machteret1944.org\/wp-content\/uploads\/2021\/02\/Kiralyi-69.jpg\">Kir\u00e1ly utca 69.<\/a><\/td>\n<td><\/td>\n<td width=\"381\"><\/td>\n<\/tr>\n<tr>\n<td>22<\/td>\n<td>I.<\/td>\n<td><a href=\"https:\/\/machteret1944.org\/wp-content\/uploads\/2021\/02\/Kisfaludy-utca-9.jpg\">Kisfaludy utca 9.<\/a><\/td>\n<td>VIII.Kisfaludy utca 9<\/td>\n<td width=\"381\"><\/td>\n<\/tr>\n<tr>\n<td>23<\/td>\n<td>VII.<\/td>\n<td><a href=\"https:\/\/machteret1944.org\/wp-content\/uploads\/2021\/02\/Klauzal-utca-26.jpg\">Klauz\u00e1l utca 26.<\/a><\/td>\n<td><\/td>\n<td width=\"381\"><\/td>\n<\/tr>\n<tr>\n<td>24<\/td>\n<td>XIV:<\/td>\n<td><a href=\"https:\/\/machteret1944.org\/wp-content\/uploads\/2021\/02\/Kolumbusz-utca-60.jpg\">Kolumbusz utca 60.<\/a><\/td>\n<td><\/td>\n<td width=\"381\"><\/td>\n<\/tr>\n<tr>\n<td>25<\/td>\n<td>XIV.<\/td>\n<td><a href=\"https:\/\/machteret1944.org\/wp-content\/uploads\/2021\/02\/Kover-Lajos-utca-2.jpg\">K\u00f6v\u00e9r Lajos utca 2.<\/a><\/td>\n<td><\/td>\n<td width=\"381\">Kr\u00e1mer Alice<\/td>\n<\/tr>\n<tr>\n<td>26<\/td>\n<td>X.<\/td>\n<td><a href=\"https:\/\/machteret1944.org\/wp-content\/uploads\/2021\/02\/Kubanya-UT-51.jpg\">K\u0151b\u00e1nyai \u00fat 51.<\/a><\/td>\n<td><\/td>\n<td width=\"381\"><\/td>\n<\/tr>\n<tr>\n<td>27<\/td>\n<td>III.<\/td>\n<td><a href=\"https:\/\/machteret1944.org\/wp-content\/uploads\/2021\/02\/Lajos-22.jpg\">Lajos utca 22.<\/a><\/td>\n<td><\/td>\n<td width=\"381\">Dr. K\u0151r\u0151sy Ferenc, Gr\u00fcnwald Tibor,Gr\u00fcn-Gortvai Gy\u00f6rgy<\/td>\n<\/tr>\n<tr>\n<td>28<\/td>\n<td>VII.<\/td>\n<td>Magdolna utca 27-31.<\/td>\n<td><\/td>\n<td width=\"381\"><\/td>\n<\/tr>\n<tr>\n<td>29<\/td>\n<td>V.<\/td>\n<td><a href=\"https:\/\/machteret1944.org\/wp-content\/uploads\/2021\/02\/Merleg-utca-6.jpg\">M\u00e9rleg utca 6.<\/a><\/td>\n<td><\/td>\n<td width=\"381\"><\/td>\n<\/tr>\n<tr>\n<td>30<\/td>\n<td>V.<\/td>\n<td><a href=\"https:\/\/machteret1944.org\/wp-content\/uploads\/2021\/02\/Mexikoi-ut-60.jpg\">Mexik\u00f3i \u00fat 60.<\/a><\/td>\n<td>XIV.Mexik\u00f3i \u00fat 60<\/td>\n<td width=\"381\"><\/td>\n<\/tr>\n<tr>\n<td>31<\/td>\n<td>VI.<\/td>\n<td><a href=\"https:\/\/machteret1944.org\/wp-content\/uploads\/2021\/02\/Munkacsy-M-utca-5-7.jpg\">Munk\u00e1csy M utca 5-7<\/a><\/td>\n<td><\/td>\n<td width=\"381\">Leibovics Ferenc, Beck Dezs\u0151, Lakatos Ern\u0151, Lederer M\u00f3r, Csillag J\u00f3zsef<\/td>\n<\/tr>\n<tr>\n<td>32<\/td>\n<td>VI.<\/td>\n<td><a href=\"https:\/\/machteret1944.org\/wp-content\/uploads\/2021\/02\/Munkacsi-M-25.jpg\">Munk\u00e1csy M. utca 25.<\/a><\/td>\n<td><\/td>\n<td width=\"381\"><\/td>\n<\/tr>\n<tr>\n<td>33<\/td>\n<td>VIII.<\/td>\n<td><a href=\"https:\/\/machteret1944.org\/wp-content\/uploads\/2021\/02\/Nagyfuvaros-utca-4.jpg\">Nagyfuvaros utca 4.<\/a><\/td>\n<td><\/td>\n<td width=\"381\">Dr. Salg\u00f3 L\u00e1szl\u00f3<\/td>\n<\/tr>\n<tr>\n<td>34<\/td>\n<td>XIV:<\/td>\n<td><a href=\"https:\/\/machteret1944.org\/wp-content\/uploads\/2021\/02\/Nurnberg-utca-59.jpg\">N\u00fcrnberg utca 59.<\/a><\/td>\n<td>XIV.Ilka u. 59<\/td>\n<td width=\"381\"><\/td>\n<\/tr>\n<tr>\n<td>35<\/td>\n<td>II.<\/td>\n<td><a href=\"https:\/\/machteret1944.org\/wp-content\/uploads\/2021\/02\/Orso-utca-27.jpg\">Ors\u00f3 utca 27-29.<\/a><\/td>\n<td><\/td>\n<td width=\"381\">Dr. Friedmann Ign\u00e1c, Gr\u00fcnwald B\u00e9la, Szilasi Gyuri,Gl\u00fcck Zoli, L\u00f6wy Olga<\/td>\n<\/tr>\n<tr>\n<td>36<\/td>\n<td>V.<\/td>\n<td><a href=\"https:\/\/machteret1944.org\/wp-content\/uploads\/2021\/02\/Perczel-Mor-utca-2.jpg\">Perczel M\u00f3r utca 2-4.<\/a><\/td>\n<td><\/td>\n<td width=\"381\">(Lakatos lak\u00e1s) Junger Izs\u00e1k<\/td>\n<\/tr>\n<tr>\n<td>37<\/td>\n<td>V.<\/td>\n<td><a href=\"https:\/\/machteret1944.org\/wp-content\/uploads\/2021\/02\/Perczel-Mor-utca-4.jpg\">Perczel M\u00f3r utca 2-4.<\/a><\/td>\n<td><\/td>\n<td width=\"381\">(Grauer lak\u00e1s) Dr. Seer, Poll\u00e1k m\u00e9rn\u00f6k,Lefkovits Vera<\/td>\n<\/tr>\n<tr>\n<td>38<\/td>\n<td>VI.<\/td>\n<td><a href=\"https:\/\/machteret1944.org\/wp-content\/uploads\/2021\/02\/Rakoczy-ut-36.jpg\">R\u00e1k\u00f3czy \u00fat 36.<\/a><\/td>\n<td>VII. R\u00e1k\u00f3czi \u00fat 36<\/td>\n<td width=\"381\">Dr. Kotalba (Osterweil)<\/td>\n<\/tr>\n<tr>\n<td>39<\/td>\n<td>XIV.<\/td>\n<td><a href=\"https:\/\/machteret1944.org\/wp-content\/uploads\/2021\/02\/Rona-ut-112.jpg\">R\u00f3na \u00fat 112.<\/a><\/td>\n<td><\/td>\n<td width=\"381\">Dob\u00f3 Regina<\/td>\n<\/tr>\n<tr>\n<td>40<\/td>\n<td>VI.<\/td>\n<td><a href=\"https:\/\/machteret1944.org\/wp-content\/uploads\/2021\/02\/Szondi-utca-76.jpg\">Szondi utca 76.<\/a><\/td>\n<td><\/td>\n<td width=\"381\"><\/td>\n<\/tr>\n<tr>\n<td>41<\/td>\n<td>VIII.<\/td>\n<td><a href=\"https:\/\/machteret1944.org\/wp-content\/uploads\/2021\/02\/Szentkiralyi-utca-6.jpg\">Szentkir\u00e1lyi utca 6.<\/a><\/td>\n<td><\/td>\n<td width=\"381\"><\/td>\n<\/tr>\n<tr>\n<td>42<\/td>\n<td>XIV:<\/td>\n<td><a href=\"https:\/\/machteret1944.org\/wp-content\/uploads\/2021\/02\/Tanya-utca-13.jpg\">Tanya utca 13.<\/a><\/td>\n<td><\/td>\n<td width=\"381\"><\/td>\n<\/tr>\n<tr>\n<td>43<\/td>\n<td>V.<\/td>\n<td><a href=\"https:\/\/machteret1944.org\/wp-content\/uploads\/2021\/02\/Teleki-Pal-utca-16-18.jpg\">Teleki P\u00e1l utca 16-18.<\/a><\/td>\n<td>VIII.Teleki t\u00e9r 16-18<\/td>\n<td width=\"381\">Dr.Leffler, Weisz Hermann<\/td>\n<\/tr>\n<tr>\n<td>44<\/td>\n<td>XIV.<\/td>\n<td><a href=\"https:\/\/machteret1944.org\/wp-content\/uploads\/2021\/02\/Thokoly-ut-to-77-check.jpg\">Th\u00f6k\u00f6ly \u00fat 77.<\/a><\/td>\n<td><\/td>\n<td width=\"381\"><\/td>\n<\/tr>\n<tr>\n<td>45<\/td>\n<td>XIV.<\/td>\n<td><a href=\"https:\/\/machteret1944.org\/wp-content\/uploads\/2021\/02\/Thokoly-ut-83.jpg\">Th\u00f6k\u00f6ly \u00fat 83.<\/a><\/td>\n<td><\/td>\n<td width=\"381\"><\/td>\n<\/tr>\n<tr>\n<td>46<\/td>\n<td>XIV.<\/td>\n<td><a href=\"https:\/\/machteret1944.org\/wp-content\/uploads\/2021\/02\/Thokoly-ut-160.jpg\">Th\u00f6k\u00f6ly \u00fat 160.<\/a><\/td>\n<td><\/td>\n<td width=\"381\">Dr. Tischler S\u00e1ndor<\/td>\n<\/tr>\n<tr>\n<td>47<\/td>\n<td>XIV.<\/td>\n<td>T\u00f6r\u00f6k\u0151r utca 132.<\/td>\n<td><\/td>\n<td width=\"381\"><\/td>\n<\/tr>\n<tr>\n<td>48<\/td>\n<td>XIV.<\/td>\n<td><a href=\"https:\/\/machteret1944.org\/wp-content\/uploads\/2021\/02\/Torokor-utca-132.jpg\">T\u00f6r\u00f6k\u0151r utca 164\/b.<\/a><\/td>\n<td><\/td>\n<td width=\"381\"><\/td>\n<\/tr>\n<tr>\n<td>49<\/td>\n<td>II.<\/td>\n<td><a href=\"https:\/\/machteret1944.org\/wp-content\/uploads\/2021\/02\/Tovis-utca-3b-ver2.jpg\">T\u00f6vis utca 3\/b.<\/a><\/td>\n<td><\/td>\n<td width=\"381\"><\/td>\n<\/tr>\n<tr>\n<td>50<\/td>\n<td>IV.<\/td>\n<td><a href=\"https:\/\/machteret1944.org\/wp-content\/uploads\/2021\/02\/Veres-Palne-utca.jpg\">Veres P\u00e1ln\u00e9 utca<\/a><\/td>\n<td>V.Veres P\u00e1ln\u00e9 utca<\/td>\n<td width=\"381\"><\/td>\n<\/tr>\n<tr>\n<td>51<\/td>\n<td>VI.<\/td>\n<td><a href=\"https:\/\/machteret1944.org\/wp-content\/uploads\/2021\/02\/Varos-LIgeti-Fasor-Queen-Vilmaa-25.jpg\">Vilma kir\u00e1lyn\u0151 utca 25-27<\/a><\/td>\n<td>VI.V\u00e1rosligeti fasor 25-27<\/td>\n<td width=\"381\">Dr. Roboz Ott\u00f3, Kanizsai Dezs\u0151, \u00c1rkos P\u00e1l<\/td>\n<\/tr>\n<tr>\n<td>52<\/td>\n<td>IV.<\/td>\n<td><a href=\"https:\/\/machteret1944.org\/wp-content\/uploads\/2021\/02\/WEKERLA-UTCA.jpg\">Wekerle S\u00e1ndor utca<\/a><\/td>\n<td><\/td>\n<td width=\"381\">Elfer Kl\u00e1ri, Weisz Anti, Adler Gy\u00f6rgy<\/td>\n<\/tr>\n<tr>\n<td>53<\/td>\n<td>VI.<\/td>\n<td><a href=\"https:\/\/machteret1944.org\/wp-content\/uploads\/2021\/02\/Vorosmarty-utca-49.jpg\">V\u00f6r\u00f6smarty utca 49<\/a><\/td>\n<td><\/td>\n<td width=\"381\"><\/td>\n<\/tr>\n<tr>\n<td>54<\/td>\n<td>V.<\/td>\n<td><a href=\"https:\/\/machteret1944.org\/wp-content\/uploads\/2021\/02\/Zoltan-UTca-6.jpg\">Zolt\u00e1n\u00a0utca 6.<\/a><\/td>\n<td><\/td>\n<td width=\"381\">Kramer P\u00e1l<\/td>\n<\/tr>\n<tr>\n<td>55<\/td>\n<td>XII.<\/td>\n<td><a href=\"https:\/\/machteret1944.org\/wp-content\/uploads\/2021\/02\/Zugliget-Ut-61.jpg\">Zugligeti \u00fat 61.<\/a><\/td>\n<td><\/td>\n<td width=\"381\"><\/td>\n<\/tr>\n<\/tbody>\n<\/table>\n","protected":false},"excerpt":{"rendered":"<p>Ker\u00fclet C\u00edm Jelenlegi c\u00edm Oktat\u00e1si \u00e9s gondoz\u00e1si vezet\u0151k 1 VII. Ak\u00e1cfa utca 32. Ro\u00f3z Zolt\u00e1n, Friedmann Jen\u0151, Reich Mikl\u00f3s 2 XIV. B\u00e1cskai utca 58\/b. 3 VI: Benczur utca 35. Fischer Ern\u0151,Lefkovits Vera, K\u00e1rp\u00e1ti P\u00e1l 4 XII. Budakeszi \u00fat 67-69. Rosenblum S\u00e1ndor, Mocs\u00e1ri Robi,Weinberger Jancsi, Fischer P\u00e9tern\u00e9, R\u00f3zsa, Spitzer Gyuri 5 XII. Csaba utca 7\/a. 6 [&hellip;]<\/p>\n","protected":false},"author":2,"featured_media":0,"parent":4490,"menu_order":1,"comment_status":"closed","ping_status":"closed","template":"","meta":{"_acf_changed":false,"footnotes":""},"class_list":["post-4722","page","type-page","status-publish","hentry"],"acf":[],"yoast_head":"<!-- This site is optimized with the Yoast SEO plugin v27.3 - https:\/\/yoast.com\/product\/yoast-seo-wordpress\/ -->\n<title>A gyermekotthonok list\u00e1ja - \u05d4\u05e2\u05de\u05d5\u05ea\u05d4 \u05dc\u05d7\u05e7\u05e8 \u05ea\u05e0\u05d5\u05e2\u05d5\u05ea \u05d4\u05e0\u05d5\u05e2\u05e8 \u05d4\u05e6\u05d9\u05d5\u05e0\u05d9\u05d5\u05ea \u05d1\u05d4\u05d5\u05e0\u05d2\u05e8\u05d9\u05d4<\/title>\n<meta name=\"robots\" content=\"index, follow, max-snippet:-1, max-image-preview:large, max-video-preview:-1\" \/>\n<link rel=\"canonical\" href=\"https:\/\/machteret1944.org\/hu\/gyerekhazak\/list-of-childrens-homes\/\" \/>\n<meta property=\"og:locale\" content=\"hu_HU\" \/>\n<meta property=\"og:type\" content=\"article\" \/>\n<meta property=\"og:title\" content=\"A gyermekotthonok list\u00e1ja - \u05d4\u05e2\u05de\u05d5\u05ea\u05d4 \u05dc\u05d7\u05e7\u05e8 \u05ea\u05e0\u05d5\u05e2\u05d5\u05ea \u05d4\u05e0\u05d5\u05e2\u05e8 \u05d4\u05e6\u05d9\u05d5\u05e0\u05d9\u05d5\u05ea \u05d1\u05d4\u05d5\u05e0\u05d2\u05e8\u05d9\u05d4\" \/>\n<meta property=\"og:description\" content=\"Ker\u00fclet C\u00edm Jelenlegi c\u00edm Oktat\u00e1si \u00e9s gondoz\u00e1si vezet\u0151k 1 VII. Ak\u00e1cfa utca 32. Ro\u00f3z Zolt\u00e1n, Friedmann Jen\u0151, Reich Mikl\u00f3s 2 XIV. B\u00e1cskai utca 58\/b. 3 VI: Benczur utca 35. Fischer Ern\u0151,Lefkovits Vera, K\u00e1rp\u00e1ti P\u00e1l 4 XII. Budakeszi \u00fat 67-69. Rosenblum S\u00e1ndor, Mocs\u00e1ri Robi,Weinberger Jancsi, Fischer P\u00e9tern\u00e9, R\u00f3zsa, Spitzer Gyuri 5 XII. Csaba utca 7\/a. 6 [&hellip;]\" \/>\n<meta property=\"og:url\" content=\"https:\/\/machteret1944.org\/hu\/gyerekhazak\/list-of-childrens-homes\/\" \/>\n<meta property=\"og:site_name\" content=\"\u05d4\u05e2\u05de\u05d5\u05ea\u05d4 \u05dc\u05d7\u05e7\u05e8 \u05ea\u05e0\u05d5\u05e2\u05d5\u05ea \u05d4\u05e0\u05d5\u05e2\u05e8 \u05d4\u05e6\u05d9\u05d5\u05e0\u05d9\u05d5\u05ea \u05d1\u05d4\u05d5\u05e0\u05d2\u05e8\u05d9\u05d4\" \/>\n<meta property=\"article:modified_time\" content=\"2024-04-24T13:26:49+00:00\" \/>\n<meta name=\"twitter:card\" content=\"summary_large_image\" \/>\n<meta name=\"twitter:label1\" content=\"Becs\u00fclt olvas\u00e1si id\u0151\" \/>\n\t<meta name=\"twitter:data1\" content=\"3 perc\" \/>\n<script type=\"application\/ld+json\" class=\"yoast-schema-graph\">{\"@context\":\"https:\\\/\\\/schema.org\",\"@graph\":[{\"@type\":\"WebPage\",\"@id\":\"https:\\\/\\\/machteret1944.org\\\/hu\\\/gyerekhazak\\\/list-of-childrens-homes\\\/\",\"url\":\"https:\\\/\\\/machteret1944.org\\\/hu\\\/gyerekhazak\\\/list-of-childrens-homes\\\/\",\"name\":\"A gyermekotthonok list\u00e1ja - \u05d4\u05e2\u05de\u05d5\u05ea\u05d4 \u05dc\u05d7\u05e7\u05e8 \u05ea\u05e0\u05d5\u05e2\u05d5\u05ea \u05d4\u05e0\u05d5\u05e2\u05e8 \u05d4\u05e6\u05d9\u05d5\u05e0\u05d9\u05d5\u05ea \u05d1\u05d4\u05d5\u05e0\u05d2\u05e8\u05d9\u05d4\",\"isPartOf\":{\"@id\":\"https:\\\/\\\/machteret1944.org\\\/hu\\\/#website\"},\"datePublished\":\"2021-07-01T08:10:48+00:00\",\"dateModified\":\"2024-04-24T13:26:49+00:00\",\"breadcrumb\":{\"@id\":\"https:\\\/\\\/machteret1944.org\\\/hu\\\/gyerekhazak\\\/list-of-childrens-homes\\\/#breadcrumb\"},\"inLanguage\":\"hu\",\"potentialAction\":[{\"@type\":\"ReadAction\",\"target\":[\"https:\\\/\\\/machteret1944.org\\\/hu\\\/gyerekhazak\\\/list-of-childrens-homes\\\/\"]}]},{\"@type\":\"BreadcrumbList\",\"@id\":\"https:\\\/\\\/machteret1944.org\\\/hu\\\/gyerekhazak\\\/list-of-childrens-homes\\\/#breadcrumb\",\"itemListElement\":[{\"@type\":\"ListItem\",\"position\":1,\"name\":\"Kezd\u0151lap\",\"item\":\"https:\\\/\\\/machteret1944.org\\\/hu\\\/\"},{\"@type\":\"ListItem\",\"position\":2,\"name\":\"Gyerekh\u00e1zak\",\"item\":\"https:\\\/\\\/machteret1944.org\\\/hu\\\/gyerekhazak\\\/\"},{\"@type\":\"ListItem\",\"position\":3,\"name\":\"A gyermekotthonok list\u00e1ja\"}]},{\"@type\":\"WebSite\",\"@id\":\"https:\\\/\\\/machteret1944.org\\\/hu\\\/#website\",\"url\":\"https:\\\/\\\/machteret1944.org\\\/hu\\\/\",\"name\":\"\u05d4\u05e2\u05de\u05d5\u05ea\u05d4 \u05dc\u05d7\u05e7\u05e8 \u05ea\u05e0\u05d5\u05e2\u05d5\u05ea \u05d4\u05e0\u05d5\u05e2\u05e8 \u05d4\u05e6\u05d9\u05d5\u05e0\u05d9\u05d5\u05ea \u05d1\u05d4\u05d5\u05e0\u05d2\u05e8\u05d9\u05d4\",\"description\":\"\u05d4\u05e2\u05de\u05d5\u05ea\u05d4 \u05dc\u05d7\u05e7\u05e8 \u05ea\u05e0\u05d5\u05e2\u05d5\u05ea \u05d4\u05e0\u05d5\u05e2\u05e8 \u05d4\u05e6\u05d9\u05d5\u05e0\u05d9\u05d5\u05ea \u05d1\u05d4\u05d5\u05e0\u05d2\u05e8\u05d9\u05d4\",\"publisher\":{\"@id\":\"https:\\\/\\\/machteret1944.org\\\/hu\\\/#organization\"},\"potentialAction\":[{\"@type\":\"SearchAction\",\"target\":{\"@type\":\"EntryPoint\",\"urlTemplate\":\"https:\\\/\\\/machteret1944.org\\\/hu\\\/?s={search_term_string}\"},\"query-input\":{\"@type\":\"PropertyValueSpecification\",\"valueRequired\":true,\"valueName\":\"search_term_string\"}}],\"inLanguage\":\"hu\"},{\"@type\":\"Organization\",\"@id\":\"https:\\\/\\\/machteret1944.org\\\/hu\\\/#organization\",\"name\":\"\u05d4\u05e2\u05de\u05d5\u05ea\u05d4 \u05dc\u05d7\u05e7\u05e8 \u05ea\u05e0\u05d5\u05e2\u05d5\u05ea \u05d4\u05e0\u05d5\u05e2\u05e8 \u05d4\u05e6\u05d9\u05d5\u05e0\u05d9\u05d5\u05ea \u05d1\u05d4\u05d5\u05e0\u05d2\u05e8\u05d9\u05d4\",\"url\":\"https:\\\/\\\/machteret1944.org\\\/hu\\\/\",\"logo\":{\"@type\":\"ImageObject\",\"inLanguage\":\"hu\",\"@id\":\"https:\\\/\\\/machteret1944.org\\\/hu\\\/#\\\/schema\\\/logo\\\/image\\\/\",\"url\":\"https:\\\/\\\/machteret1944.org\\\/wp-content\\\/uploads\\\/2020\\\/12\\\/\u05dc\u05d5\u05d2\u05d5-\u05dc\u05e2\u05de\u05d5\u05ea\u05d4.png\",\"contentUrl\":\"https:\\\/\\\/machteret1944.org\\\/wp-content\\\/uploads\\\/2020\\\/12\\\/\u05dc\u05d5\u05d2\u05d5-\u05dc\u05e2\u05de\u05d5\u05ea\u05d4.png\",\"width\":841,\"height\":290,\"caption\":\"\u05d4\u05e2\u05de\u05d5\u05ea\u05d4 \u05dc\u05d7\u05e7\u05e8 \u05ea\u05e0\u05d5\u05e2\u05d5\u05ea \u05d4\u05e0\u05d5\u05e2\u05e8 \u05d4\u05e6\u05d9\u05d5\u05e0\u05d9\u05d5\u05ea \u05d1\u05d4\u05d5\u05e0\u05d2\u05e8\u05d9\u05d4\"},\"image\":{\"@id\":\"https:\\\/\\\/machteret1944.org\\\/hu\\\/#\\\/schema\\\/logo\\\/image\\\/\"}}]}<\/script>\n<!-- \/ Yoast SEO plugin. -->","yoast_head_json":{"title":"A gyermekotthonok list\u00e1ja - \u05d4\u05e2\u05de\u05d5\u05ea\u05d4 \u05dc\u05d7\u05e7\u05e8 \u05ea\u05e0\u05d5\u05e2\u05d5\u05ea \u05d4\u05e0\u05d5\u05e2\u05e8 \u05d4\u05e6\u05d9\u05d5\u05e0\u05d9\u05d5\u05ea \u05d1\u05d4\u05d5\u05e0\u05d2\u05e8\u05d9\u05d4","robots":{"index":"index","follow":"follow","max-snippet":"max-snippet:-1","max-image-preview":"max-image-preview:large","max-video-preview":"max-video-preview:-1"},"canonical":"https:\/\/machteret1944.org\/hu\/gyerekhazak\/list-of-childrens-homes\/","og_locale":"hu_HU","og_type":"article","og_title":"A gyermekotthonok list\u00e1ja - \u05d4\u05e2\u05de\u05d5\u05ea\u05d4 \u05dc\u05d7\u05e7\u05e8 \u05ea\u05e0\u05d5\u05e2\u05d5\u05ea \u05d4\u05e0\u05d5\u05e2\u05e8 \u05d4\u05e6\u05d9\u05d5\u05e0\u05d9\u05d5\u05ea \u05d1\u05d4\u05d5\u05e0\u05d2\u05e8\u05d9\u05d4","og_description":"Ker\u00fclet C\u00edm Jelenlegi c\u00edm Oktat\u00e1si \u00e9s gondoz\u00e1si vezet\u0151k 1 VII. Ak\u00e1cfa utca 32. Ro\u00f3z Zolt\u00e1n, Friedmann Jen\u0151, Reich Mikl\u00f3s 2 XIV. B\u00e1cskai utca 58\/b. 3 VI: Benczur utca 35. Fischer Ern\u0151,Lefkovits Vera, K\u00e1rp\u00e1ti P\u00e1l 4 XII. Budakeszi \u00fat 67-69. Rosenblum S\u00e1ndor, Mocs\u00e1ri Robi,Weinberger Jancsi, Fischer P\u00e9tern\u00e9, R\u00f3zsa, Spitzer Gyuri 5 XII. Csaba utca 7\/a. 6 [&hellip;]","og_url":"https:\/\/machteret1944.org\/hu\/gyerekhazak\/list-of-childrens-homes\/","og_site_name":"\u05d4\u05e2\u05de\u05d5\u05ea\u05d4 \u05dc\u05d7\u05e7\u05e8 \u05ea\u05e0\u05d5\u05e2\u05d5\u05ea \u05d4\u05e0\u05d5\u05e2\u05e8 \u05d4\u05e6\u05d9\u05d5\u05e0\u05d9\u05d5\u05ea \u05d1\u05d4\u05d5\u05e0\u05d2\u05e8\u05d9\u05d4","article_modified_time":"2024-04-24T13:26:49+00:00","twitter_card":"summary_large_image","twitter_misc":{"Becs\u00fclt olvas\u00e1si id\u0151":"3 perc"},"schema":{"@context":"https:\/\/schema.org","@graph":[{"@type":"WebPage","@id":"https:\/\/machteret1944.org\/hu\/gyerekhazak\/list-of-childrens-homes\/","url":"https:\/\/machteret1944.org\/hu\/gyerekhazak\/list-of-childrens-homes\/","name":"A gyermekotthonok list\u00e1ja - \u05d4\u05e2\u05de\u05d5\u05ea\u05d4 \u05dc\u05d7\u05e7\u05e8 \u05ea\u05e0\u05d5\u05e2\u05d5\u05ea \u05d4\u05e0\u05d5\u05e2\u05e8 \u05d4\u05e6\u05d9\u05d5\u05e0\u05d9\u05d5\u05ea \u05d1\u05d4\u05d5\u05e0\u05d2\u05e8\u05d9\u05d4","isPartOf":{"@id":"https:\/\/machteret1944.org\/hu\/#website"},"datePublished":"2021-07-01T08:10:48+00:00","dateModified":"2024-04-24T13:26:49+00:00","breadcrumb":{"@id":"https:\/\/machteret1944.org\/hu\/gyerekhazak\/list-of-childrens-homes\/#breadcrumb"},"inLanguage":"hu","potentialAction":[{"@type":"ReadAction","target":["https:\/\/machteret1944.org\/hu\/gyerekhazak\/list-of-childrens-homes\/"]}]},{"@type":"BreadcrumbList","@id":"https:\/\/machteret1944.org\/hu\/gyerekhazak\/list-of-childrens-homes\/#breadcrumb","itemListElement":[{"@type":"ListItem","position":1,"name":"Kezd\u0151lap","item":"https:\/\/machteret1944.org\/hu\/"},{"@type":"ListItem","position":2,"name":"Gyerekh\u00e1zak","item":"https:\/\/machteret1944.org\/hu\/gyerekhazak\/"},{"@type":"ListItem","position":3,"name":"A gyermekotthonok list\u00e1ja"}]},{"@type":"WebSite","@id":"https:\/\/machteret1944.org\/hu\/#website","url":"https:\/\/machteret1944.org\/hu\/","name":"\u05d4\u05e2\u05de\u05d5\u05ea\u05d4 \u05dc\u05d7\u05e7\u05e8 \u05ea\u05e0\u05d5\u05e2\u05d5\u05ea \u05d4\u05e0\u05d5\u05e2\u05e8 \u05d4\u05e6\u05d9\u05d5\u05e0\u05d9\u05d5\u05ea \u05d1\u05d4\u05d5\u05e0\u05d2\u05e8\u05d9\u05d4","description":"\u05d4\u05e2\u05de\u05d5\u05ea\u05d4 \u05dc\u05d7\u05e7\u05e8 \u05ea\u05e0\u05d5\u05e2\u05d5\u05ea \u05d4\u05e0\u05d5\u05e2\u05e8 \u05d4\u05e6\u05d9\u05d5\u05e0\u05d9\u05d5\u05ea \u05d1\u05d4\u05d5\u05e0\u05d2\u05e8\u05d9\u05d4","publisher":{"@id":"https:\/\/machteret1944.org\/hu\/#organization"},"potentialAction":[{"@type":"SearchAction","target":{"@type":"EntryPoint","urlTemplate":"https:\/\/machteret1944.org\/hu\/?s={search_term_string}"},"query-input":{"@type":"PropertyValueSpecification","valueRequired":true,"valueName":"search_term_string"}}],"inLanguage":"hu"},{"@type":"Organization","@id":"https:\/\/machteret1944.org\/hu\/#organization","name":"\u05d4\u05e2\u05de\u05d5\u05ea\u05d4 \u05dc\u05d7\u05e7\u05e8 \u05ea\u05e0\u05d5\u05e2\u05d5\u05ea \u05d4\u05e0\u05d5\u05e2\u05e8 \u05d4\u05e6\u05d9\u05d5\u05e0\u05d9\u05d5\u05ea \u05d1\u05d4\u05d5\u05e0\u05d2\u05e8\u05d9\u05d4","url":"https:\/\/machteret1944.org\/hu\/","logo":{"@type":"ImageObject","inLanguage":"hu","@id":"https:\/\/machteret1944.org\/hu\/#\/schema\/logo\/image\/","url":"https:\/\/machteret1944.org\/wp-content\/uploads\/2020\/12\/\u05dc\u05d5\u05d2\u05d5-\u05dc\u05e2\u05de\u05d5\u05ea\u05d4.png","contentUrl":"https:\/\/machteret1944.org\/wp-content\/uploads\/2020\/12\/\u05dc\u05d5\u05d2\u05d5-\u05dc\u05e2\u05de\u05d5\u05ea\u05d4.png","width":841,"height":290,"caption":"\u05d4\u05e2\u05de\u05d5\u05ea\u05d4 \u05dc\u05d7\u05e7\u05e8 \u05ea\u05e0\u05d5\u05e2\u05d5\u05ea \u05d4\u05e0\u05d5\u05e2\u05e8 \u05d4\u05e6\u05d9\u05d5\u05e0\u05d9\u05d5\u05ea \u05d1\u05d4\u05d5\u05e0\u05d2\u05e8\u05d9\u05d4"},"image":{"@id":"https:\/\/machteret1944.org\/hu\/#\/schema\/logo\/image\/"}}]}},"_links":{"self":[{"href":"https:\/\/machteret1944.org\/hu\/wp-json\/wp\/v2\/pages\/4722","targetHints":{"allow":["GET"]}}],"collection":[{"href":"https:\/\/machteret1944.org\/hu\/wp-json\/wp\/v2\/pages"}],"about":[{"href":"https:\/\/machteret1944.org\/hu\/wp-json\/wp\/v2\/types\/page"}],"author":[{"embeddable":true,"href":"https:\/\/machteret1944.org\/hu\/wp-json\/wp\/v2\/users\/2"}],"replies":[{"embeddable":true,"href":"https:\/\/machteret1944.org\/hu\/wp-json\/wp\/v2\/comments?post=4722"}],"version-history":[{"count":3,"href":"https:\/\/machteret1944.org\/hu\/wp-json\/wp\/v2\/pages\/4722\/revisions"}],"predecessor-version":[{"id":5001,"href":"https:\/\/machteret1944.org\/hu\/wp-json\/wp\/v2\/pages\/4722\/revisions\/5001"}],"up":[{"embeddable":true,"href":"https:\/\/machteret1944.org\/hu\/wp-json\/wp\/v2\/pages\/4490"}],"wp:attachment":[{"href":"https:\/\/machteret1944.org\/hu\/wp-json\/wp\/v2\/media?parent=4722"}],"curies":[{"name":"wp","href":"https:\/\/api.w.org\/{rel}","templated":true}]}}