{"id":4723,"date":"2021-02-17T14:19:42","date_gmt":"2021-02-17T14:19:42","guid":{"rendered":"https:\/\/machteret1944.org\/gyerekhazak\/kepes-kadmon-saves-the-childrens-house\/"},"modified":"2024-02-05T14:15:32","modified_gmt":"2024-02-05T14:15:32","slug":"kepes-kadmon-megmenti-a-gyerekhazat","status":"publish","type":"page","link":"https:\/\/machteret1944.org\/hu\/gyerekhazak\/kepes-kadmon-megmenti-a-gyerekhazat\/","title":{"rendered":"Kepes-Kadmon megmenti a gyerekh\u00e1zat"},"content":{"rendered":"<p>A Nemzetk\u00f6zi V\u00f6r\u00f6skereszt egyik irod\u00e1ja, amely a f\u00f6ldalatti Cionista Ifj\u00fas\u00e1gi Ellen\u00e1ll\u00e1si Mozgalomnak (CIEM) &#8222;otthont adott&#8221;, Budapesten, a Baross utc\u00e1ban volt. A munkat\u00e1rsak 1944. december v\u00e9ge fel\u00e9 egy megr\u00e1z\u00f3 telefonh\u00edv\u00e1st kaptak: a Nagyfuvaros utcai gyermekh\u00e1zat a nyilasok ki\u00fcr\u00edtik.<\/p>\n<p>A CIEM munkat\u00e1rsai tan\u00e1cstalanok voltak. Mit tehettek volna? Kepes L\u00e1szl\u00f3 (a k\u00e9s\u0151bbi Eliezer Kadmon) volt az els\u0151, aki mag\u00e1hoz t\u00e9rt a sz\u00f6rny\u0171 h\u00edr okozta sokkb\u00f3l, \u00e9s egy tervvel \u00e1llt el\u0151. Megk\u00e9rte David Gr\u00fcnwaldot (&#8222;Coca&#8221;), hogy adja k\u00f6lcs\u00f6n neki a b\u0151rkab\u00e1tj\u00e1t, hogy L\u00e1szl\u00f3 val\u00f3di nem zsid\u00f3nak t\u0171nj\u00f6n, \u00e9s sietve elhagyta az irod\u00e1t. Bar\u00e1tai izgatottan v\u00e1rt\u00e1k a visszat\u00e9r\u00e9s\u00e9t. Nem hitt\u00e9k, hogy \u00e9lve t\u00e9r vissza.<\/p>\n<p>L\u00e1szl\u00f3 egyenesen a Nagyfuvaros utcai gyermekh\u00e1zhoz ment, a kapuban egy nyilas \u0151r \u00e1llt, egy Sten pisztollyal felfegyverkezve. A megd\u00f6bbent gyerekek Dr. Salg\u00f3 L\u00e1szl\u00f3 vezet\u00e9s\u00e9vel az udvaron \u00e1lltak. Kepes, aki tudott n\u00e9met\u00fcl, felh\u00e1borodottan kiab\u00e1lni kezdett a n\u00e1ci \u0151r\u00f6kre: &#8222;Hogy mer\u00e9szelik betenni a l\u00e1bukat a Nemzetk\u00f6zi V\u00f6r\u00f6skereszt \u00e1ltal v\u00e9dett ter\u00fcletre!&#8221;. D\u00e1vid b\u0151rkab\u00e1tja \u00e9s az aranykeretes szem\u00fcveg, amit viselt, impon\u00e1lt a n\u00e1ciknak. Az \u0151r odasz\u00f3lt a parancsnok\u00e1nak, aki szint\u00e9n kapott egy f\u00fclest Kepest\u0151l. &#8222;Csak parancsot teljes\u00edt\u00fcnk &#8211; mondta a r\u00e9m\u00fclt tiszt. &#8222;Mutassa meg a parancsot &#8211; k\u00f6vetelte Kepes. \u00cdr\u00e1sos parancs nem volt, de a tiszt egy lengyel nevet eml\u00edtett. Kepes tov\u00e1bb kiab\u00e1lt, \u00e9s azzal fenyeget\u0151z\u00f6tt, hogy felh\u00edvja Kem\u00e9ny magyar bel\u00fcgyminisztert, aki letart\u00f3ztatja a f\u00e9rfiakat. Ez a fenyeget\u00e9s megr\u00e9m\u00edtette \u0151ket, \u00e9s a n\u00e1cik eg\u00e9sz csoportja megfordult, \u00e9s gyorsan kivonult a t\u00e1borb\u00f3l, &#8222;uram&#8221;-hoz k\u00f6ny\u00f6r\u00f6gve, hogy bocs\u00e1sson meg nekik, mert \u0151k csak parancsot teljes\u00edtettek, \u00e9s nem volt rossz sz\u00e1nd\u00e9kuk&#8230; \u00cdgy mentette meg a 20 \u00e9ves Halutz a Nagyfuvaros utcai gyerekeket a keserves sorst\u00f3l, ami a Duna parton v\u00e1rta \u0151ket.<\/p>\n","protected":false},"excerpt":{"rendered":"<p>A Nemzetk\u00f6zi V\u00f6r\u00f6skereszt egyik irod\u00e1ja, amely a f\u00f6ldalatti Cionista Ifj\u00fas\u00e1gi Ellen\u00e1ll\u00e1si Mozgalomnak (CIEM) &#8222;otthont adott&#8221;, Budapesten, a Baross utc\u00e1ban volt. A munkat\u00e1rsak 1944. december v\u00e9ge fel\u00e9 egy megr\u00e1z\u00f3 telefonh\u00edv\u00e1st kaptak: a Nagyfuvaros utcai gyermekh\u00e1zat a nyilasok ki\u00fcr\u00edtik. A CIEM munkat\u00e1rsai tan\u00e1cstalanok voltak. Mit tehettek volna? Kepes L\u00e1szl\u00f3 (a k\u00e9s\u0151bbi Eliezer Kadmon) volt az els\u0151, aki [&hellip;]<\/p>\n","protected":false},"author":2,"featured_media":0,"parent":4490,"menu_order":3,"comment_status":"closed","ping_status":"closed","template":"","meta":{"_acf_changed":false,"footnotes":""},"class_list":["post-4723","page","type-page","status-publish","hentry"],"acf":[],"yoast_head":"<!-- This site is optimized with the Yoast SEO plugin v27.4 - https:\/\/yoast.com\/product\/yoast-seo-wordpress\/ -->\n<title>Kepes-Kadmon megmenti a gyerekh\u00e1zat - \u05d4\u05e2\u05de\u05d5\u05ea\u05d4 \u05dc\u05d7\u05e7\u05e8 \u05ea\u05e0\u05d5\u05e2\u05d5\u05ea \u05d4\u05e0\u05d5\u05e2\u05e8 \u05d4\u05e6\u05d9\u05d5\u05e0\u05d9\u05d5\u05ea \u05d1\u05d4\u05d5\u05e0\u05d2\u05e8\u05d9\u05d4<\/title>\n<meta name=\"robots\" content=\"index, follow, max-snippet:-1, max-image-preview:large, max-video-preview:-1\" \/>\n<link rel=\"canonical\" href=\"https:\/\/machteret1944.org\/hu\/gyerekhazak\/kepes-kadmon-megmenti-a-gyerekhazat\/\" \/>\n<meta property=\"og:locale\" content=\"hu_HU\" \/>\n<meta property=\"og:type\" content=\"article\" \/>\n<meta property=\"og:title\" content=\"Kepes-Kadmon megmenti a gyerekh\u00e1zat - \u05d4\u05e2\u05de\u05d5\u05ea\u05d4 \u05dc\u05d7\u05e7\u05e8 \u05ea\u05e0\u05d5\u05e2\u05d5\u05ea \u05d4\u05e0\u05d5\u05e2\u05e8 \u05d4\u05e6\u05d9\u05d5\u05e0\u05d9\u05d5\u05ea \u05d1\u05d4\u05d5\u05e0\u05d2\u05e8\u05d9\u05d4\" \/>\n<meta property=\"og:description\" content=\"A Nemzetk\u00f6zi V\u00f6r\u00f6skereszt egyik irod\u00e1ja, amely a f\u00f6ldalatti Cionista Ifj\u00fas\u00e1gi Ellen\u00e1ll\u00e1si Mozgalomnak (CIEM) &#8222;otthont adott&#8221;, Budapesten, a Baross utc\u00e1ban volt. A munkat\u00e1rsak 1944. december v\u00e9ge fel\u00e9 egy megr\u00e1z\u00f3 telefonh\u00edv\u00e1st kaptak: a Nagyfuvaros utcai gyermekh\u00e1zat a nyilasok ki\u00fcr\u00edtik. A CIEM munkat\u00e1rsai tan\u00e1cstalanok voltak. Mit tehettek volna? Kepes L\u00e1szl\u00f3 (a k\u00e9s\u0151bbi Eliezer Kadmon) volt az els\u0151, aki [&hellip;]\" \/>\n<meta property=\"og:url\" content=\"https:\/\/machteret1944.org\/hu\/gyerekhazak\/kepes-kadmon-megmenti-a-gyerekhazat\/\" \/>\n<meta property=\"og:site_name\" content=\"\u05d4\u05e2\u05de\u05d5\u05ea\u05d4 \u05dc\u05d7\u05e7\u05e8 \u05ea\u05e0\u05d5\u05e2\u05d5\u05ea \u05d4\u05e0\u05d5\u05e2\u05e8 \u05d4\u05e6\u05d9\u05d5\u05e0\u05d9\u05d5\u05ea \u05d1\u05d4\u05d5\u05e0\u05d2\u05e8\u05d9\u05d4\" \/>\n<meta property=\"article:modified_time\" content=\"2024-02-05T14:15:32+00:00\" \/>\n<meta name=\"twitter:card\" content=\"summary_large_image\" \/>\n<meta name=\"twitter:label1\" content=\"Becs\u00fclt olvas\u00e1si id\u0151\" \/>\n\t<meta name=\"twitter:data1\" content=\"2 perc\" \/>\n<script type=\"application\/ld+json\" class=\"yoast-schema-graph\">{\"@context\":\"https:\\\/\\\/schema.org\",\"@graph\":[{\"@type\":\"WebPage\",\"@id\":\"https:\\\/\\\/machteret1944.org\\\/hu\\\/gyerekhazak\\\/kepes-kadmon-megmenti-a-gyerekhazat\\\/\",\"url\":\"https:\\\/\\\/machteret1944.org\\\/hu\\\/gyerekhazak\\\/kepes-kadmon-megmenti-a-gyerekhazat\\\/\",\"name\":\"Kepes-Kadmon megmenti a gyerekh\u00e1zat - \u05d4\u05e2\u05de\u05d5\u05ea\u05d4 \u05dc\u05d7\u05e7\u05e8 \u05ea\u05e0\u05d5\u05e2\u05d5\u05ea \u05d4\u05e0\u05d5\u05e2\u05e8 \u05d4\u05e6\u05d9\u05d5\u05e0\u05d9\u05d5\u05ea \u05d1\u05d4\u05d5\u05e0\u05d2\u05e8\u05d9\u05d4\",\"isPartOf\":{\"@id\":\"https:\\\/\\\/machteret1944.org\\\/hu\\\/#website\"},\"datePublished\":\"2021-02-17T14:19:42+00:00\",\"dateModified\":\"2024-02-05T14:15:32+00:00\",\"breadcrumb\":{\"@id\":\"https:\\\/\\\/machteret1944.org\\\/hu\\\/gyerekhazak\\\/kepes-kadmon-megmenti-a-gyerekhazat\\\/#breadcrumb\"},\"inLanguage\":\"hu\",\"potentialAction\":[{\"@type\":\"ReadAction\",\"target\":[\"https:\\\/\\\/machteret1944.org\\\/hu\\\/gyerekhazak\\\/kepes-kadmon-megmenti-a-gyerekhazat\\\/\"]}]},{\"@type\":\"BreadcrumbList\",\"@id\":\"https:\\\/\\\/machteret1944.org\\\/hu\\\/gyerekhazak\\\/kepes-kadmon-megmenti-a-gyerekhazat\\\/#breadcrumb\",\"itemListElement\":[{\"@type\":\"ListItem\",\"position\":1,\"name\":\"Kezd\u0151lap\",\"item\":\"https:\\\/\\\/machteret1944.org\\\/hu\\\/\"},{\"@type\":\"ListItem\",\"position\":2,\"name\":\"Gyerekh\u00e1zak\",\"item\":\"https:\\\/\\\/machteret1944.org\\\/hu\\\/gyerekhazak\\\/\"},{\"@type\":\"ListItem\",\"position\":3,\"name\":\"Kepes-Kadmon megmenti a gyerekh\u00e1zat\"}]},{\"@type\":\"WebSite\",\"@id\":\"https:\\\/\\\/machteret1944.org\\\/hu\\\/#website\",\"url\":\"https:\\\/\\\/machteret1944.org\\\/hu\\\/\",\"name\":\"\u05d4\u05e2\u05de\u05d5\u05ea\u05d4 \u05dc\u05d7\u05e7\u05e8 \u05ea\u05e0\u05d5\u05e2\u05d5\u05ea \u05d4\u05e0\u05d5\u05e2\u05e8 \u05d4\u05e6\u05d9\u05d5\u05e0\u05d9\u05d5\u05ea \u05d1\u05d4\u05d5\u05e0\u05d2\u05e8\u05d9\u05d4\",\"description\":\"\u05d4\u05e2\u05de\u05d5\u05ea\u05d4 \u05dc\u05d7\u05e7\u05e8 \u05ea\u05e0\u05d5\u05e2\u05d5\u05ea \u05d4\u05e0\u05d5\u05e2\u05e8 \u05d4\u05e6\u05d9\u05d5\u05e0\u05d9\u05d5\u05ea \u05d1\u05d4\u05d5\u05e0\u05d2\u05e8\u05d9\u05d4\",\"publisher\":{\"@id\":\"https:\\\/\\\/machteret1944.org\\\/hu\\\/#organization\"},\"potentialAction\":[{\"@type\":\"SearchAction\",\"target\":{\"@type\":\"EntryPoint\",\"urlTemplate\":\"https:\\\/\\\/machteret1944.org\\\/hu\\\/?s={search_term_string}\"},\"query-input\":{\"@type\":\"PropertyValueSpecification\",\"valueRequired\":true,\"valueName\":\"search_term_string\"}}],\"inLanguage\":\"hu\"},{\"@type\":\"Organization\",\"@id\":\"https:\\\/\\\/machteret1944.org\\\/hu\\\/#organization\",\"name\":\"\u05d4\u05e2\u05de\u05d5\u05ea\u05d4 \u05dc\u05d7\u05e7\u05e8 \u05ea\u05e0\u05d5\u05e2\u05d5\u05ea \u05d4\u05e0\u05d5\u05e2\u05e8 \u05d4\u05e6\u05d9\u05d5\u05e0\u05d9\u05d5\u05ea \u05d1\u05d4\u05d5\u05e0\u05d2\u05e8\u05d9\u05d4\",\"url\":\"https:\\\/\\\/machteret1944.org\\\/hu\\\/\",\"logo\":{\"@type\":\"ImageObject\",\"inLanguage\":\"hu\",\"@id\":\"https:\\\/\\\/machteret1944.org\\\/hu\\\/#\\\/schema\\\/logo\\\/image\\\/\",\"url\":\"https:\\\/\\\/machteret1944.org\\\/wp-content\\\/uploads\\\/2020\\\/12\\\/\u05dc\u05d5\u05d2\u05d5-\u05dc\u05e2\u05de\u05d5\u05ea\u05d4.png\",\"contentUrl\":\"https:\\\/\\\/machteret1944.org\\\/wp-content\\\/uploads\\\/2020\\\/12\\\/\u05dc\u05d5\u05d2\u05d5-\u05dc\u05e2\u05de\u05d5\u05ea\u05d4.png\",\"width\":841,\"height\":290,\"caption\":\"\u05d4\u05e2\u05de\u05d5\u05ea\u05d4 \u05dc\u05d7\u05e7\u05e8 \u05ea\u05e0\u05d5\u05e2\u05d5\u05ea \u05d4\u05e0\u05d5\u05e2\u05e8 \u05d4\u05e6\u05d9\u05d5\u05e0\u05d9\u05d5\u05ea \u05d1\u05d4\u05d5\u05e0\u05d2\u05e8\u05d9\u05d4\"},\"image\":{\"@id\":\"https:\\\/\\\/machteret1944.org\\\/hu\\\/#\\\/schema\\\/logo\\\/image\\\/\"}}]}<\/script>\n<!-- \/ Yoast SEO plugin. -->","yoast_head_json":{"title":"Kepes-Kadmon megmenti a gyerekh\u00e1zat - \u05d4\u05e2\u05de\u05d5\u05ea\u05d4 \u05dc\u05d7\u05e7\u05e8 \u05ea\u05e0\u05d5\u05e2\u05d5\u05ea \u05d4\u05e0\u05d5\u05e2\u05e8 \u05d4\u05e6\u05d9\u05d5\u05e0\u05d9\u05d5\u05ea \u05d1\u05d4\u05d5\u05e0\u05d2\u05e8\u05d9\u05d4","robots":{"index":"index","follow":"follow","max-snippet":"max-snippet:-1","max-image-preview":"max-image-preview:large","max-video-preview":"max-video-preview:-1"},"canonical":"https:\/\/machteret1944.org\/hu\/gyerekhazak\/kepes-kadmon-megmenti-a-gyerekhazat\/","og_locale":"hu_HU","og_type":"article","og_title":"Kepes-Kadmon megmenti a gyerekh\u00e1zat - \u05d4\u05e2\u05de\u05d5\u05ea\u05d4 \u05dc\u05d7\u05e7\u05e8 \u05ea\u05e0\u05d5\u05e2\u05d5\u05ea \u05d4\u05e0\u05d5\u05e2\u05e8 \u05d4\u05e6\u05d9\u05d5\u05e0\u05d9\u05d5\u05ea \u05d1\u05d4\u05d5\u05e0\u05d2\u05e8\u05d9\u05d4","og_description":"A Nemzetk\u00f6zi V\u00f6r\u00f6skereszt egyik irod\u00e1ja, amely a f\u00f6ldalatti Cionista Ifj\u00fas\u00e1gi Ellen\u00e1ll\u00e1si Mozgalomnak (CIEM) &#8222;otthont adott&#8221;, Budapesten, a Baross utc\u00e1ban volt. A munkat\u00e1rsak 1944. december v\u00e9ge fel\u00e9 egy megr\u00e1z\u00f3 telefonh\u00edv\u00e1st kaptak: a Nagyfuvaros utcai gyermekh\u00e1zat a nyilasok ki\u00fcr\u00edtik. A CIEM munkat\u00e1rsai tan\u00e1cstalanok voltak. Mit tehettek volna? Kepes L\u00e1szl\u00f3 (a k\u00e9s\u0151bbi Eliezer Kadmon) volt az els\u0151, aki [&hellip;]","og_url":"https:\/\/machteret1944.org\/hu\/gyerekhazak\/kepes-kadmon-megmenti-a-gyerekhazat\/","og_site_name":"\u05d4\u05e2\u05de\u05d5\u05ea\u05d4 \u05dc\u05d7\u05e7\u05e8 \u05ea\u05e0\u05d5\u05e2\u05d5\u05ea \u05d4\u05e0\u05d5\u05e2\u05e8 \u05d4\u05e6\u05d9\u05d5\u05e0\u05d9\u05d5\u05ea \u05d1\u05d4\u05d5\u05e0\u05d2\u05e8\u05d9\u05d4","article_modified_time":"2024-02-05T14:15:32+00:00","twitter_card":"summary_large_image","twitter_misc":{"Becs\u00fclt olvas\u00e1si id\u0151":"2 perc"},"schema":{"@context":"https:\/\/schema.org","@graph":[{"@type":"WebPage","@id":"https:\/\/machteret1944.org\/hu\/gyerekhazak\/kepes-kadmon-megmenti-a-gyerekhazat\/","url":"https:\/\/machteret1944.org\/hu\/gyerekhazak\/kepes-kadmon-megmenti-a-gyerekhazat\/","name":"Kepes-Kadmon megmenti a gyerekh\u00e1zat - \u05d4\u05e2\u05de\u05d5\u05ea\u05d4 \u05dc\u05d7\u05e7\u05e8 \u05ea\u05e0\u05d5\u05e2\u05d5\u05ea \u05d4\u05e0\u05d5\u05e2\u05e8 \u05d4\u05e6\u05d9\u05d5\u05e0\u05d9\u05d5\u05ea \u05d1\u05d4\u05d5\u05e0\u05d2\u05e8\u05d9\u05d4","isPartOf":{"@id":"https:\/\/machteret1944.org\/hu\/#website"},"datePublished":"2021-02-17T14:19:42+00:00","dateModified":"2024-02-05T14:15:32+00:00","breadcrumb":{"@id":"https:\/\/machteret1944.org\/hu\/gyerekhazak\/kepes-kadmon-megmenti-a-gyerekhazat\/#breadcrumb"},"inLanguage":"hu","potentialAction":[{"@type":"ReadAction","target":["https:\/\/machteret1944.org\/hu\/gyerekhazak\/kepes-kadmon-megmenti-a-gyerekhazat\/"]}]},{"@type":"BreadcrumbList","@id":"https:\/\/machteret1944.org\/hu\/gyerekhazak\/kepes-kadmon-megmenti-a-gyerekhazat\/#breadcrumb","itemListElement":[{"@type":"ListItem","position":1,"name":"Kezd\u0151lap","item":"https:\/\/machteret1944.org\/hu\/"},{"@type":"ListItem","position":2,"name":"Gyerekh\u00e1zak","item":"https:\/\/machteret1944.org\/hu\/gyerekhazak\/"},{"@type":"ListItem","position":3,"name":"Kepes-Kadmon megmenti a gyerekh\u00e1zat"}]},{"@type":"WebSite","@id":"https:\/\/machteret1944.org\/hu\/#website","url":"https:\/\/machteret1944.org\/hu\/","name":"\u05d4\u05e2\u05de\u05d5\u05ea\u05d4 \u05dc\u05d7\u05e7\u05e8 \u05ea\u05e0\u05d5\u05e2\u05d5\u05ea \u05d4\u05e0\u05d5\u05e2\u05e8 \u05d4\u05e6\u05d9\u05d5\u05e0\u05d9\u05d5\u05ea \u05d1\u05d4\u05d5\u05e0\u05d2\u05e8\u05d9\u05d4","description":"\u05d4\u05e2\u05de\u05d5\u05ea\u05d4 \u05dc\u05d7\u05e7\u05e8 \u05ea\u05e0\u05d5\u05e2\u05d5\u05ea \u05d4\u05e0\u05d5\u05e2\u05e8 \u05d4\u05e6\u05d9\u05d5\u05e0\u05d9\u05d5\u05ea \u05d1\u05d4\u05d5\u05e0\u05d2\u05e8\u05d9\u05d4","publisher":{"@id":"https:\/\/machteret1944.org\/hu\/#organization"},"potentialAction":[{"@type":"SearchAction","target":{"@type":"EntryPoint","urlTemplate":"https:\/\/machteret1944.org\/hu\/?s={search_term_string}"},"query-input":{"@type":"PropertyValueSpecification","valueRequired":true,"valueName":"search_term_string"}}],"inLanguage":"hu"},{"@type":"Organization","@id":"https:\/\/machteret1944.org\/hu\/#organization","name":"\u05d4\u05e2\u05de\u05d5\u05ea\u05d4 \u05dc\u05d7\u05e7\u05e8 \u05ea\u05e0\u05d5\u05e2\u05d5\u05ea \u05d4\u05e0\u05d5\u05e2\u05e8 \u05d4\u05e6\u05d9\u05d5\u05e0\u05d9\u05d5\u05ea \u05d1\u05d4\u05d5\u05e0\u05d2\u05e8\u05d9\u05d4","url":"https:\/\/machteret1944.org\/hu\/","logo":{"@type":"ImageObject","inLanguage":"hu","@id":"https:\/\/machteret1944.org\/hu\/#\/schema\/logo\/image\/","url":"https:\/\/machteret1944.org\/wp-content\/uploads\/2020\/12\/\u05dc\u05d5\u05d2\u05d5-\u05dc\u05e2\u05de\u05d5\u05ea\u05d4.png","contentUrl":"https:\/\/machteret1944.org\/wp-content\/uploads\/2020\/12\/\u05dc\u05d5\u05d2\u05d5-\u05dc\u05e2\u05de\u05d5\u05ea\u05d4.png","width":841,"height":290,"caption":"\u05d4\u05e2\u05de\u05d5\u05ea\u05d4 \u05dc\u05d7\u05e7\u05e8 \u05ea\u05e0\u05d5\u05e2\u05d5\u05ea \u05d4\u05e0\u05d5\u05e2\u05e8 \u05d4\u05e6\u05d9\u05d5\u05e0\u05d9\u05d5\u05ea \u05d1\u05d4\u05d5\u05e0\u05d2\u05e8\u05d9\u05d4"},"image":{"@id":"https:\/\/machteret1944.org\/hu\/#\/schema\/logo\/image\/"}}]}},"_links":{"self":[{"href":"https:\/\/machteret1944.org\/hu\/wp-json\/wp\/v2\/pages\/4723","targetHints":{"allow":["GET"]}}],"collection":[{"href":"https:\/\/machteret1944.org\/hu\/wp-json\/wp\/v2\/pages"}],"about":[{"href":"https:\/\/machteret1944.org\/hu\/wp-json\/wp\/v2\/types\/page"}],"author":[{"embeddable":true,"href":"https:\/\/machteret1944.org\/hu\/wp-json\/wp\/v2\/users\/2"}],"replies":[{"embeddable":true,"href":"https:\/\/machteret1944.org\/hu\/wp-json\/wp\/v2\/comments?post=4723"}],"version-history":[{"count":1,"href":"https:\/\/machteret1944.org\/hu\/wp-json\/wp\/v2\/pages\/4723\/revisions"}],"predecessor-version":[{"id":4724,"href":"https:\/\/machteret1944.org\/hu\/wp-json\/wp\/v2\/pages\/4723\/revisions\/4724"}],"up":[{"embeddable":true,"href":"https:\/\/machteret1944.org\/hu\/wp-json\/wp\/v2\/pages\/4490"}],"wp:attachment":[{"href":"https:\/\/machteret1944.org\/hu\/wp-json\/wp\/v2\/media?parent=4723"}],"curies":[{"name":"wp","href":"https:\/\/api.w.org\/{rel}","templated":true}]}}