{"id":4725,"date":"2021-04-15T21:21:46","date_gmt":"2021-04-15T21:21:46","guid":{"rendered":"https:\/\/machteret1944.org\/hamis-iratok\/%d7%a9%d7%99%d7%98%d7%95%d7%aa-%d7%94%d7%a2%d7%91%d7%95%d7%93%d7%94-%d7%91%d7%91%d7%99%d7%aa-%d7%94%d7%9e%d7%9c%d7%90%d7%9b%d7%94-%d7%9c%d7%96%d7%99%d7%95%d7%a3en\/"},"modified":"2024-02-05T14:32:35","modified_gmt":"2024-02-05T14:32:35","slug":"modi-operandi-in-the-forgery-lab","status":"publish","type":"page","link":"https:\/\/machteret1944.org\/hu\/hamis-iratok\/modi-operandi-in-the-forgery-lab\/","title":{"rendered":"Modi Operandi In the Forgery Lab"},"content":{"rendered":"<p><strong>Rajzol\u00e1s<\/strong><\/p>\n<p>N\u00e9h\u00e1ny pecs\u00e9tet k\u00e9zzel rajzoltak k\u00f6zvetlen\u00fcl az iratokra, filctollal vagy pecs\u00e9ttint\u00e1val. Ez a kezdeti id\u0151szakban t\u00f6rt\u00e9nt, amikor csak n\u00e9h\u00e1ny dokumentumra volt sz\u00fcks\u00e9g.<\/p>\n<p>&nbsp;<\/p>\n<p><strong>A rajz m\u00e1sol\u00e1sa szepiogr\u00e1ffal<\/strong><\/p>\n<p>M\u00e1sol\u00e1s k\u00e9miai tint\u00e1val \u00e1tl\u00e1tsz\u00f3 pap\u00edrra. A mint\u00e1t egy megszil\u00e1rdult k\u00f6zegre &#8211; a szepiogr\u00e1f-lemezre &#8211; helyezt\u00e9k, amely 24 \u00f3r\u00e1n kereszt\u00fcl 20-50 dokumentum pecs\u00e9tj\u00e9nek elk\u00e9sz\u00edt\u00e9s\u00e9hez volt haszn\u00e1lhat\u00f3. Az els\u0151 szepiogr\u00e1fot Szlov\u00e1ki\u00e1b\u00f3l szerezt\u00e9k be. R\u00f6vid id\u0151n bel\u00fcl a pecs\u00e9t lebomlott, \u00e9s \u00e1rny\u00e9kot vetett. Ez a kih\u00edv\u00e1s vezetett a szepiogr\u00e1f g\u00e9l reproduk\u00e1l\u00e1s\u00e1ra tett k\u00eds\u00e9rletekhez, meleg zselatin \u00e9s glicerin kombin\u00e1l\u00e1s\u00e1val. Ezzel a m\u00f3dszerrel olyan pecs\u00e9teket lehetett k\u00e9sz\u00edteni, amelyekre nem nagy mennyis\u00e9g\u0171 dokumentumhoz volt sz\u00fcks\u00e9g.<\/p>\n<p>&nbsp;<\/p>\n<p><strong>Pecs\u00e9tek rendel\u00e9se<\/strong><\/p>\n<p>A szepiogr\u00e1ffal k\u00e9sz\u00edtett pecs\u00e9tet egy megrendel\u0151lapon haszn\u00e1lt\u00e1k, amelyet egy b\u00e9lyegz\u0151m\u0171helynek k\u00fcldtek, amely gumib\u00e9lyeget k\u00e9sz\u00edtett.<\/p>\n<p>&nbsp;<\/p>\n<p><strong>V\u00e1g\u00e1s \u00e9s \u00f6sszeszerel\u00e9s<\/strong><\/p>\n<p>Ha nem \u00e1llt rendelkez\u00e9sre megfelel\u0151 megrendel\u0151lap, vagy a megrendel\u00e9s elk\u00e9sz\u00edt\u00e9se t\u00fal kock\u00e1zatos volt &#8211; p\u00e9ld\u00e1ul korm\u00e1nyzati vagy katonai b\u00e9lyegz\u0151k eset\u00e9ben (amelyek egyik eleme a korona \u00e9s a magyar c\u00edmer. Voltak olyan pecs\u00e9tek is, amelyeken a magyar c\u00edmer szerepelt &#8211; k\u00e9t angyallal, n\u00e9ha t\u00f6lgyfa\u00e1gakkal kieg\u00e9sz\u00edtve. Mindezek a &#8222;d\u00edsz\u00edt\u00e9sek&#8221; megnehez\u00edtett\u00e9k a pecs\u00e9tek reproduk\u00e1l\u00e1s\u00e1t). Ilyen pecs\u00e9teket rendes civil nem rendelhetett.<\/p>\n<p>A megold\u00e1s \u00f6sszetett \u00e9s bonyolult volt. Rendeltek \u00e1ltal\u00e1nos sz\u00f6veg\u0171 pecs\u00e9teket, amelyekb\u0151l a sz\u00fcks\u00e9ges sz\u00f6vegez\u00e9st \u00fagy \u00e1ll\u00edtott\u00e1k \u00f6ssze, hogy a szavakat egyes bet\u0171kre v\u00e1gt\u00e1k \u00e9s visszaragasztott\u00e1k. A munka nemcsak f\u00fcrge ujjakat, hanem a sz\u00f6vegez\u00e9s \u00e9s az \u00f6sszerak\u00e1s ismeret\u00e9t is ig\u00e9nyelte. Langer Miki volt ennek a mesters\u00e9gnek a szak\u00e9rt\u0151je.<\/p>\n<p>A f\u00f6ldalatti Cionista Ifj\u00fas\u00e1gi Ellen\u00e1ll\u00e1si Mozgalom (CIEM) ezzel a m\u00f3dszerrel 150-170 k\u00fcl\u00f6nb\u00f6z\u0151 pecs\u00e9tet rendelt \u00e9s &#8222;rakott \u00f6ssze&#8221;, amelyeket annyiszor lehetett haszn\u00e1lni, ah\u00e1nyszor csak sz\u00fcks\u00e9ges volt.<\/p>\n<p>&nbsp;<\/p>\n<p><strong>\u00d3lom bet\u0171k f\u00e9mkeretben<\/strong><\/p>\n<p>Ez a m\u00f3dszer t\u00fal neh\u00e9zkesnek bizonyult. Az eredm\u00e9nyek nem \u00e1llt\u00e1k ki az eredetivel val\u00f3 pontos \u00f6sszehasonl\u00edt\u00e1s pr\u00f3b\u00e1j\u00e1t. A tart\u00f3zkod\u00e1si enged\u00e9lyek t\u00f6meges el\u0151\u00e1ll\u00edt\u00e1s\u00e1hoz azonban elker\u00fclhetetlen volt ennek a m\u00f3dszernek az alkalmaz\u00e1sa, k\u00fcl\u00f6n\u00f6sen 1944 \u00e1prilis\u00e1ban \u00e9s m\u00e1jus\u00e1ban. Okt\u00f3ber-novemberben a CIEM-nek hasonl\u00f3an nagy mennyis\u00e9g\u0171 hamis\u00edtott okm\u00e1nyra volt sz\u00fcks\u00e9ge, mivel Budapestet el\u00e1rasztott\u00e1k mind a Kelet-Magyarorsz\u00e1gr\u00f3l \u00e9rkez\u0151 menek\u00fcltek, akik az el\u0151renyomul\u00f3 orosz hadsereg el\u0151l menek\u00fcltek, mind pedig a Budapestr\u0151l nyugatra, B\u00e9csbe tart\u00f3 hal\u00e1lmenetek el\u0151l menek\u00fcl\u0151 zsid\u00f3k. A vid\u00e9ki v\u00e1rosokb\u00f3l sz\u00e1rmaz\u00f3nak mondott igazol\u00e1sok el\u0151\u00e1ll\u00edt\u00e1sakor a hamis\u00edt\u00f3k szabadj\u00e1ra engedhett\u00e9k fant\u00e1zi\u00e1jukat, mert a budapesti csend\u0151rs\u00e9gnek nem volt elegend\u0151 embere az adatok hiteless\u00e9g\u00e9nek ellen\u0151rz\u00e9s\u00e9re.<\/p>\n<p>&nbsp;<\/p>\n<p><strong>Eredeti, hiteles bizony\u00edtv\u00e1nyok \u00e9s nyomtatv\u00e1nyok<\/strong><\/p>\n<p>Bizonyos t\u00edpus\u00fa nyomtatv\u00e1nyokhoz a &#8222;szabadpiacon&#8221; lehetett hozz\u00e1jutni, mert a nem zsid\u00f3 lakoss\u00e1gnak is sz\u00fcks\u00e9ge volt oklev\u00e9lnyomtatv\u00e1nyokra, \u00e9s a CIEM ezeket t\u00f6megesen tudta megv\u00e1s\u00e1rolni a k\u00fcl\u00f6nb\u00f6z\u0151 \u00e1rus\u00edt\u00f3helyeken. Egy m\u00e1sik t\u00edpus\u00fa nyomtatv\u00e1nyt\u00edpust, amelyet nem szabadon \u00e1rultak, a CIEM-nek &#8222;bar\u00e1tok&#8221;, p\u00e9ld\u00e1ul a zsid\u00f3 sz\u00e1rmaz\u00e1s\u00fa reform\u00e1tus lelk\u00e9sz, a n\u00e9pess\u00e9g-nyilv\u00e1ntart\u00f3 hivatalnok, akinek volt f\u00e9rje zsid\u00f3 volt stb. \u00e9s a nem zsid\u00f3 ellen\u00e1ll\u00f3 csoportok sz\u00e1ll\u00edtottak.<\/p>\n<p>&nbsp;<\/p>\n<p><strong>Eredeti bizony\u00edtv\u00e1nyok megv\u00e1ltoztat\u00e1sa<\/strong><\/p>\n<p>K\u00fcl\u00f6nleges esetekben az eredeti okm\u00e1nyok k\u00e9zzel \u00edrt adatait k\u00e9miai oldattal let\u00f6r\u00f6lt\u00e9k, \u00e9s a k\u00edv\u00e1nt \u00faj szem\u00e9lyazonoss\u00e1gi adatokkal helyettes\u00edtett\u00e9k.<\/p>\n<p>&nbsp;<\/p>\n<p><strong>H\u00e1zi sokszoros\u00edt\u00e1s<\/strong><\/p>\n<p>Az igazol\u00e1sok egy r\u00e9sz\u00e9t a m\u0171helyben sokszoros\u00edtott nyomtatv\u00e1nyon \u00e1ll\u00edtott\u00e1k el\u0151. Ezek k\u00f6z\u00e9 tartoztak a lengyel sz\u00fclet\u00e9si anyak\u00f6nyvi kivonatok, a k\u00fclf\u00f6ldieket fel\u00fcgyel\u0151 hat\u00f3s\u00e1g, a menek\u00fclt\u00fcgyi hivatal stb. \u00e1ltal ki\u00e1ll\u00edtott k\u00fcl\u00f6nb\u00f6z\u0151 dokumentumok.<\/p>\n<p>&nbsp;<\/p>\n<p><em>(David Gur besz\u00e1mol\u00f3ja alapj\u00e1n)<\/em><\/p>\n","protected":false},"excerpt":{"rendered":"<p>Rajzol\u00e1s N\u00e9h\u00e1ny pecs\u00e9tet k\u00e9zzel rajzoltak k\u00f6zvetlen\u00fcl az iratokra, filctollal vagy pecs\u00e9ttint\u00e1val. Ez a kezdeti id\u0151szakban t\u00f6rt\u00e9nt, amikor csak n\u00e9h\u00e1ny dokumentumra volt sz\u00fcks\u00e9g. &nbsp; A rajz m\u00e1sol\u00e1sa szepiogr\u00e1ffal M\u00e1sol\u00e1s k\u00e9miai tint\u00e1val \u00e1tl\u00e1tsz\u00f3 pap\u00edrra. A mint\u00e1t egy megszil\u00e1rdult k\u00f6zegre &#8211; a szepiogr\u00e1f-lemezre &#8211; helyezt\u00e9k, amely 24 \u00f3r\u00e1n kereszt\u00fcl 20-50 dokumentum pecs\u00e9tj\u00e9nek elk\u00e9sz\u00edt\u00e9s\u00e9hez volt haszn\u00e1lhat\u00f3. Az els\u0151 szepiogr\u00e1fot [&hellip;]<\/p>\n","protected":false},"author":2,"featured_media":4238,"parent":4705,"menu_order":7,"comment_status":"closed","ping_status":"closed","template":"","meta":{"_acf_changed":false,"footnotes":""},"class_list":["post-4725","page","type-page","status-publish","has-post-thumbnail","hentry"],"acf":[],"yoast_head":"<!-- This site is optimized with the Yoast SEO plugin v27.3 - https:\/\/yoast.com\/product\/yoast-seo-wordpress\/ -->\n<title>Modi Operandi In the Forgery Lab - \u05d4\u05e2\u05de\u05d5\u05ea\u05d4 \u05dc\u05d7\u05e7\u05e8 \u05ea\u05e0\u05d5\u05e2\u05d5\u05ea \u05d4\u05e0\u05d5\u05e2\u05e8 \u05d4\u05e6\u05d9\u05d5\u05e0\u05d9\u05d5\u05ea \u05d1\u05d4\u05d5\u05e0\u05d2\u05e8\u05d9\u05d4<\/title>\n<meta name=\"robots\" content=\"index, follow, max-snippet:-1, max-image-preview:large, max-video-preview:-1\" \/>\n<link rel=\"canonical\" href=\"https:\/\/machteret1944.org\/hu\/hamis-iratok\/modi-operandi-in-the-forgery-lab\/\" \/>\n<meta property=\"og:locale\" content=\"hu_HU\" \/>\n<meta property=\"og:type\" content=\"article\" \/>\n<meta property=\"og:title\" content=\"Modi Operandi In the Forgery Lab - \u05d4\u05e2\u05de\u05d5\u05ea\u05d4 \u05dc\u05d7\u05e7\u05e8 \u05ea\u05e0\u05d5\u05e2\u05d5\u05ea \u05d4\u05e0\u05d5\u05e2\u05e8 \u05d4\u05e6\u05d9\u05d5\u05e0\u05d9\u05d5\u05ea \u05d1\u05d4\u05d5\u05e0\u05d2\u05e8\u05d9\u05d4\" \/>\n<meta property=\"og:description\" content=\"Rajzol\u00e1s N\u00e9h\u00e1ny pecs\u00e9tet k\u00e9zzel rajzoltak k\u00f6zvetlen\u00fcl az iratokra, filctollal vagy pecs\u00e9ttint\u00e1val. Ez a kezdeti id\u0151szakban t\u00f6rt\u00e9nt, amikor csak n\u00e9h\u00e1ny dokumentumra volt sz\u00fcks\u00e9g. &nbsp; A rajz m\u00e1sol\u00e1sa szepiogr\u00e1ffal M\u00e1sol\u00e1s k\u00e9miai tint\u00e1val \u00e1tl\u00e1tsz\u00f3 pap\u00edrra. A mint\u00e1t egy megszil\u00e1rdult k\u00f6zegre &#8211; a szepiogr\u00e1f-lemezre &#8211; helyezt\u00e9k, amely 24 \u00f3r\u00e1n kereszt\u00fcl 20-50 dokumentum pecs\u00e9tj\u00e9nek elk\u00e9sz\u00edt\u00e9s\u00e9hez volt haszn\u00e1lhat\u00f3. Az els\u0151 szepiogr\u00e1fot [&hellip;]\" \/>\n<meta property=\"og:url\" content=\"https:\/\/machteret1944.org\/hu\/hamis-iratok\/modi-operandi-in-the-forgery-lab\/\" \/>\n<meta property=\"og:site_name\" content=\"\u05d4\u05e2\u05de\u05d5\u05ea\u05d4 \u05dc\u05d7\u05e7\u05e8 \u05ea\u05e0\u05d5\u05e2\u05d5\u05ea \u05d4\u05e0\u05d5\u05e2\u05e8 \u05d4\u05e6\u05d9\u05d5\u05e0\u05d9\u05d5\u05ea \u05d1\u05d4\u05d5\u05e0\u05d2\u05e8\u05d9\u05d4\" \/>\n<meta property=\"article:modified_time\" content=\"2024-02-05T14:32:35+00:00\" \/>\n<meta property=\"og:image\" content=\"https:\/\/machteret1944.org\/wp-content\/uploads\/2021\/04\/stamp-1415724_640@2x.jpg\" \/>\n\t<meta property=\"og:image:width\" content=\"640\" \/>\n\t<meta property=\"og:image:height\" content=\"490\" \/>\n\t<meta property=\"og:image:type\" content=\"image\/jpeg\" \/>\n<meta name=\"twitter:card\" content=\"summary_large_image\" \/>\n<meta name=\"twitter:label1\" content=\"Becs\u00fclt olvas\u00e1si id\u0151\" \/>\n\t<meta name=\"twitter:data1\" content=\"3 perc\" \/>\n<script type=\"application\/ld+json\" class=\"yoast-schema-graph\">{\"@context\":\"https:\\\/\\\/schema.org\",\"@graph\":[{\"@type\":\"WebPage\",\"@id\":\"https:\\\/\\\/machteret1944.org\\\/hu\\\/hamis-iratok\\\/modi-operandi-in-the-forgery-lab\\\/\",\"url\":\"https:\\\/\\\/machteret1944.org\\\/hu\\\/hamis-iratok\\\/modi-operandi-in-the-forgery-lab\\\/\",\"name\":\"Modi Operandi In the Forgery Lab - \u05d4\u05e2\u05de\u05d5\u05ea\u05d4 \u05dc\u05d7\u05e7\u05e8 \u05ea\u05e0\u05d5\u05e2\u05d5\u05ea \u05d4\u05e0\u05d5\u05e2\u05e8 \u05d4\u05e6\u05d9\u05d5\u05e0\u05d9\u05d5\u05ea \u05d1\u05d4\u05d5\u05e0\u05d2\u05e8\u05d9\u05d4\",\"isPartOf\":{\"@id\":\"https:\\\/\\\/machteret1944.org\\\/hu\\\/#website\"},\"primaryImageOfPage\":{\"@id\":\"https:\\\/\\\/machteret1944.org\\\/hu\\\/hamis-iratok\\\/modi-operandi-in-the-forgery-lab\\\/#primaryimage\"},\"image\":{\"@id\":\"https:\\\/\\\/machteret1944.org\\\/hu\\\/hamis-iratok\\\/modi-operandi-in-the-forgery-lab\\\/#primaryimage\"},\"thumbnailUrl\":\"https:\\\/\\\/machteret1944.org\\\/wp-content\\\/uploads\\\/2021\\\/04\\\/stamp-1415724_640@2x.jpg\",\"datePublished\":\"2021-04-15T21:21:46+00:00\",\"dateModified\":\"2024-02-05T14:32:35+00:00\",\"breadcrumb\":{\"@id\":\"https:\\\/\\\/machteret1944.org\\\/hu\\\/hamis-iratok\\\/modi-operandi-in-the-forgery-lab\\\/#breadcrumb\"},\"inLanguage\":\"hu\",\"potentialAction\":[{\"@type\":\"ReadAction\",\"target\":[\"https:\\\/\\\/machteret1944.org\\\/hu\\\/hamis-iratok\\\/modi-operandi-in-the-forgery-lab\\\/\"]}]},{\"@type\":\"ImageObject\",\"inLanguage\":\"hu\",\"@id\":\"https:\\\/\\\/machteret1944.org\\\/hu\\\/hamis-iratok\\\/modi-operandi-in-the-forgery-lab\\\/#primaryimage\",\"url\":\"https:\\\/\\\/machteret1944.org\\\/wp-content\\\/uploads\\\/2021\\\/04\\\/stamp-1415724_640@2x.jpg\",\"contentUrl\":\"https:\\\/\\\/machteret1944.org\\\/wp-content\\\/uploads\\\/2021\\\/04\\\/stamp-1415724_640@2x.jpg\",\"width\":640,\"height\":490},{\"@type\":\"BreadcrumbList\",\"@id\":\"https:\\\/\\\/machteret1944.org\\\/hu\\\/hamis-iratok\\\/modi-operandi-in-the-forgery-lab\\\/#breadcrumb\",\"itemListElement\":[{\"@type\":\"ListItem\",\"position\":1,\"name\":\"Kezd\u0151lap\",\"item\":\"https:\\\/\\\/machteret1944.org\\\/hu\\\/\"},{\"@type\":\"ListItem\",\"position\":2,\"name\":\"Hamis iratok\",\"item\":\"https:\\\/\\\/machteret1944.org\\\/hu\\\/hamis-iratok\\\/\"},{\"@type\":\"ListItem\",\"position\":3,\"name\":\"Modi Operandi In the Forgery Lab\"}]},{\"@type\":\"WebSite\",\"@id\":\"https:\\\/\\\/machteret1944.org\\\/hu\\\/#website\",\"url\":\"https:\\\/\\\/machteret1944.org\\\/hu\\\/\",\"name\":\"\u05d4\u05e2\u05de\u05d5\u05ea\u05d4 \u05dc\u05d7\u05e7\u05e8 \u05ea\u05e0\u05d5\u05e2\u05d5\u05ea \u05d4\u05e0\u05d5\u05e2\u05e8 \u05d4\u05e6\u05d9\u05d5\u05e0\u05d9\u05d5\u05ea \u05d1\u05d4\u05d5\u05e0\u05d2\u05e8\u05d9\u05d4\",\"description\":\"\u05d4\u05e2\u05de\u05d5\u05ea\u05d4 \u05dc\u05d7\u05e7\u05e8 \u05ea\u05e0\u05d5\u05e2\u05d5\u05ea \u05d4\u05e0\u05d5\u05e2\u05e8 \u05d4\u05e6\u05d9\u05d5\u05e0\u05d9\u05d5\u05ea \u05d1\u05d4\u05d5\u05e0\u05d2\u05e8\u05d9\u05d4\",\"publisher\":{\"@id\":\"https:\\\/\\\/machteret1944.org\\\/hu\\\/#organization\"},\"potentialAction\":[{\"@type\":\"SearchAction\",\"target\":{\"@type\":\"EntryPoint\",\"urlTemplate\":\"https:\\\/\\\/machteret1944.org\\\/hu\\\/?s={search_term_string}\"},\"query-input\":{\"@type\":\"PropertyValueSpecification\",\"valueRequired\":true,\"valueName\":\"search_term_string\"}}],\"inLanguage\":\"hu\"},{\"@type\":\"Organization\",\"@id\":\"https:\\\/\\\/machteret1944.org\\\/hu\\\/#organization\",\"name\":\"\u05d4\u05e2\u05de\u05d5\u05ea\u05d4 \u05dc\u05d7\u05e7\u05e8 \u05ea\u05e0\u05d5\u05e2\u05d5\u05ea \u05d4\u05e0\u05d5\u05e2\u05e8 \u05d4\u05e6\u05d9\u05d5\u05e0\u05d9\u05d5\u05ea \u05d1\u05d4\u05d5\u05e0\u05d2\u05e8\u05d9\u05d4\",\"url\":\"https:\\\/\\\/machteret1944.org\\\/hu\\\/\",\"logo\":{\"@type\":\"ImageObject\",\"inLanguage\":\"hu\",\"@id\":\"https:\\\/\\\/machteret1944.org\\\/hu\\\/#\\\/schema\\\/logo\\\/image\\\/\",\"url\":\"https:\\\/\\\/machteret1944.org\\\/wp-content\\\/uploads\\\/2020\\\/12\\\/\u05dc\u05d5\u05d2\u05d5-\u05dc\u05e2\u05de\u05d5\u05ea\u05d4.png\",\"contentUrl\":\"https:\\\/\\\/machteret1944.org\\\/wp-content\\\/uploads\\\/2020\\\/12\\\/\u05dc\u05d5\u05d2\u05d5-\u05dc\u05e2\u05de\u05d5\u05ea\u05d4.png\",\"width\":841,\"height\":290,\"caption\":\"\u05d4\u05e2\u05de\u05d5\u05ea\u05d4 \u05dc\u05d7\u05e7\u05e8 \u05ea\u05e0\u05d5\u05e2\u05d5\u05ea \u05d4\u05e0\u05d5\u05e2\u05e8 \u05d4\u05e6\u05d9\u05d5\u05e0\u05d9\u05d5\u05ea \u05d1\u05d4\u05d5\u05e0\u05d2\u05e8\u05d9\u05d4\"},\"image\":{\"@id\":\"https:\\\/\\\/machteret1944.org\\\/hu\\\/#\\\/schema\\\/logo\\\/image\\\/\"}}]}<\/script>\n<!-- \/ Yoast SEO plugin. -->","yoast_head_json":{"title":"Modi Operandi In the Forgery Lab - \u05d4\u05e2\u05de\u05d5\u05ea\u05d4 \u05dc\u05d7\u05e7\u05e8 \u05ea\u05e0\u05d5\u05e2\u05d5\u05ea \u05d4\u05e0\u05d5\u05e2\u05e8 \u05d4\u05e6\u05d9\u05d5\u05e0\u05d9\u05d5\u05ea \u05d1\u05d4\u05d5\u05e0\u05d2\u05e8\u05d9\u05d4","robots":{"index":"index","follow":"follow","max-snippet":"max-snippet:-1","max-image-preview":"max-image-preview:large","max-video-preview":"max-video-preview:-1"},"canonical":"https:\/\/machteret1944.org\/hu\/hamis-iratok\/modi-operandi-in-the-forgery-lab\/","og_locale":"hu_HU","og_type":"article","og_title":"Modi Operandi In the Forgery Lab - \u05d4\u05e2\u05de\u05d5\u05ea\u05d4 \u05dc\u05d7\u05e7\u05e8 \u05ea\u05e0\u05d5\u05e2\u05d5\u05ea \u05d4\u05e0\u05d5\u05e2\u05e8 \u05d4\u05e6\u05d9\u05d5\u05e0\u05d9\u05d5\u05ea \u05d1\u05d4\u05d5\u05e0\u05d2\u05e8\u05d9\u05d4","og_description":"Rajzol\u00e1s N\u00e9h\u00e1ny pecs\u00e9tet k\u00e9zzel rajzoltak k\u00f6zvetlen\u00fcl az iratokra, filctollal vagy pecs\u00e9ttint\u00e1val. Ez a kezdeti id\u0151szakban t\u00f6rt\u00e9nt, amikor csak n\u00e9h\u00e1ny dokumentumra volt sz\u00fcks\u00e9g. &nbsp; A rajz m\u00e1sol\u00e1sa szepiogr\u00e1ffal M\u00e1sol\u00e1s k\u00e9miai tint\u00e1val \u00e1tl\u00e1tsz\u00f3 pap\u00edrra. A mint\u00e1t egy megszil\u00e1rdult k\u00f6zegre &#8211; a szepiogr\u00e1f-lemezre &#8211; helyezt\u00e9k, amely 24 \u00f3r\u00e1n kereszt\u00fcl 20-50 dokumentum pecs\u00e9tj\u00e9nek elk\u00e9sz\u00edt\u00e9s\u00e9hez volt haszn\u00e1lhat\u00f3. Az els\u0151 szepiogr\u00e1fot [&hellip;]","og_url":"https:\/\/machteret1944.org\/hu\/hamis-iratok\/modi-operandi-in-the-forgery-lab\/","og_site_name":"\u05d4\u05e2\u05de\u05d5\u05ea\u05d4 \u05dc\u05d7\u05e7\u05e8 \u05ea\u05e0\u05d5\u05e2\u05d5\u05ea \u05d4\u05e0\u05d5\u05e2\u05e8 \u05d4\u05e6\u05d9\u05d5\u05e0\u05d9\u05d5\u05ea \u05d1\u05d4\u05d5\u05e0\u05d2\u05e8\u05d9\u05d4","article_modified_time":"2024-02-05T14:32:35+00:00","og_image":[{"width":640,"height":490,"url":"https:\/\/machteret1944.org\/wp-content\/uploads\/2021\/04\/stamp-1415724_640@2x.jpg","type":"image\/jpeg"}],"twitter_card":"summary_large_image","twitter_misc":{"Becs\u00fclt olvas\u00e1si id\u0151":"3 perc"},"schema":{"@context":"https:\/\/schema.org","@graph":[{"@type":"WebPage","@id":"https:\/\/machteret1944.org\/hu\/hamis-iratok\/modi-operandi-in-the-forgery-lab\/","url":"https:\/\/machteret1944.org\/hu\/hamis-iratok\/modi-operandi-in-the-forgery-lab\/","name":"Modi Operandi In the Forgery Lab - \u05d4\u05e2\u05de\u05d5\u05ea\u05d4 \u05dc\u05d7\u05e7\u05e8 \u05ea\u05e0\u05d5\u05e2\u05d5\u05ea \u05d4\u05e0\u05d5\u05e2\u05e8 \u05d4\u05e6\u05d9\u05d5\u05e0\u05d9\u05d5\u05ea \u05d1\u05d4\u05d5\u05e0\u05d2\u05e8\u05d9\u05d4","isPartOf":{"@id":"https:\/\/machteret1944.org\/hu\/#website"},"primaryImageOfPage":{"@id":"https:\/\/machteret1944.org\/hu\/hamis-iratok\/modi-operandi-in-the-forgery-lab\/#primaryimage"},"image":{"@id":"https:\/\/machteret1944.org\/hu\/hamis-iratok\/modi-operandi-in-the-forgery-lab\/#primaryimage"},"thumbnailUrl":"https:\/\/machteret1944.org\/wp-content\/uploads\/2021\/04\/stamp-1415724_640@2x.jpg","datePublished":"2021-04-15T21:21:46+00:00","dateModified":"2024-02-05T14:32:35+00:00","breadcrumb":{"@id":"https:\/\/machteret1944.org\/hu\/hamis-iratok\/modi-operandi-in-the-forgery-lab\/#breadcrumb"},"inLanguage":"hu","potentialAction":[{"@type":"ReadAction","target":["https:\/\/machteret1944.org\/hu\/hamis-iratok\/modi-operandi-in-the-forgery-lab\/"]}]},{"@type":"ImageObject","inLanguage":"hu","@id":"https:\/\/machteret1944.org\/hu\/hamis-iratok\/modi-operandi-in-the-forgery-lab\/#primaryimage","url":"https:\/\/machteret1944.org\/wp-content\/uploads\/2021\/04\/stamp-1415724_640@2x.jpg","contentUrl":"https:\/\/machteret1944.org\/wp-content\/uploads\/2021\/04\/stamp-1415724_640@2x.jpg","width":640,"height":490},{"@type":"BreadcrumbList","@id":"https:\/\/machteret1944.org\/hu\/hamis-iratok\/modi-operandi-in-the-forgery-lab\/#breadcrumb","itemListElement":[{"@type":"ListItem","position":1,"name":"Kezd\u0151lap","item":"https:\/\/machteret1944.org\/hu\/"},{"@type":"ListItem","position":2,"name":"Hamis iratok","item":"https:\/\/machteret1944.org\/hu\/hamis-iratok\/"},{"@type":"ListItem","position":3,"name":"Modi Operandi In the Forgery Lab"}]},{"@type":"WebSite","@id":"https:\/\/machteret1944.org\/hu\/#website","url":"https:\/\/machteret1944.org\/hu\/","name":"\u05d4\u05e2\u05de\u05d5\u05ea\u05d4 \u05dc\u05d7\u05e7\u05e8 \u05ea\u05e0\u05d5\u05e2\u05d5\u05ea \u05d4\u05e0\u05d5\u05e2\u05e8 \u05d4\u05e6\u05d9\u05d5\u05e0\u05d9\u05d5\u05ea \u05d1\u05d4\u05d5\u05e0\u05d2\u05e8\u05d9\u05d4","description":"\u05d4\u05e2\u05de\u05d5\u05ea\u05d4 \u05dc\u05d7\u05e7\u05e8 \u05ea\u05e0\u05d5\u05e2\u05d5\u05ea \u05d4\u05e0\u05d5\u05e2\u05e8 \u05d4\u05e6\u05d9\u05d5\u05e0\u05d9\u05d5\u05ea \u05d1\u05d4\u05d5\u05e0\u05d2\u05e8\u05d9\u05d4","publisher":{"@id":"https:\/\/machteret1944.org\/hu\/#organization"},"potentialAction":[{"@type":"SearchAction","target":{"@type":"EntryPoint","urlTemplate":"https:\/\/machteret1944.org\/hu\/?s={search_term_string}"},"query-input":{"@type":"PropertyValueSpecification","valueRequired":true,"valueName":"search_term_string"}}],"inLanguage":"hu"},{"@type":"Organization","@id":"https:\/\/machteret1944.org\/hu\/#organization","name":"\u05d4\u05e2\u05de\u05d5\u05ea\u05d4 \u05dc\u05d7\u05e7\u05e8 \u05ea\u05e0\u05d5\u05e2\u05d5\u05ea \u05d4\u05e0\u05d5\u05e2\u05e8 \u05d4\u05e6\u05d9\u05d5\u05e0\u05d9\u05d5\u05ea \u05d1\u05d4\u05d5\u05e0\u05d2\u05e8\u05d9\u05d4","url":"https:\/\/machteret1944.org\/hu\/","logo":{"@type":"ImageObject","inLanguage":"hu","@id":"https:\/\/machteret1944.org\/hu\/#\/schema\/logo\/image\/","url":"https:\/\/machteret1944.org\/wp-content\/uploads\/2020\/12\/\u05dc\u05d5\u05d2\u05d5-\u05dc\u05e2\u05de\u05d5\u05ea\u05d4.png","contentUrl":"https:\/\/machteret1944.org\/wp-content\/uploads\/2020\/12\/\u05dc\u05d5\u05d2\u05d5-\u05dc\u05e2\u05de\u05d5\u05ea\u05d4.png","width":841,"height":290,"caption":"\u05d4\u05e2\u05de\u05d5\u05ea\u05d4 \u05dc\u05d7\u05e7\u05e8 \u05ea\u05e0\u05d5\u05e2\u05d5\u05ea \u05d4\u05e0\u05d5\u05e2\u05e8 \u05d4\u05e6\u05d9\u05d5\u05e0\u05d9\u05d5\u05ea \u05d1\u05d4\u05d5\u05e0\u05d2\u05e8\u05d9\u05d4"},"image":{"@id":"https:\/\/machteret1944.org\/hu\/#\/schema\/logo\/image\/"}}]}},"_links":{"self":[{"href":"https:\/\/machteret1944.org\/hu\/wp-json\/wp\/v2\/pages\/4725","targetHints":{"allow":["GET"]}}],"collection":[{"href":"https:\/\/machteret1944.org\/hu\/wp-json\/wp\/v2\/pages"}],"about":[{"href":"https:\/\/machteret1944.org\/hu\/wp-json\/wp\/v2\/types\/page"}],"author":[{"embeddable":true,"href":"https:\/\/machteret1944.org\/hu\/wp-json\/wp\/v2\/users\/2"}],"replies":[{"embeddable":true,"href":"https:\/\/machteret1944.org\/hu\/wp-json\/wp\/v2\/comments?post=4725"}],"version-history":[{"count":1,"href":"https:\/\/machteret1944.org\/hu\/wp-json\/wp\/v2\/pages\/4725\/revisions"}],"predecessor-version":[{"id":4726,"href":"https:\/\/machteret1944.org\/hu\/wp-json\/wp\/v2\/pages\/4725\/revisions\/4726"}],"up":[{"embeddable":true,"href":"https:\/\/machteret1944.org\/hu\/wp-json\/wp\/v2\/pages\/4705"}],"wp:featuredmedia":[{"embeddable":true,"href":"https:\/\/machteret1944.org\/hu\/wp-json\/wp\/v2\/media\/4238"}],"wp:attachment":[{"href":"https:\/\/machteret1944.org\/hu\/wp-json\/wp\/v2\/media?parent=4725"}],"curies":[{"name":"wp","href":"https:\/\/api.w.org\/{rel}","templated":true}]}}