{"id":4727,"date":"2021-02-25T13:41:41","date_gmt":"2021-02-25T13:41:41","guid":{"rendered":"https:\/\/machteret1944.org\/hamis-iratok\/the-need-for-documents\/"},"modified":"2024-02-05T14:36:09","modified_gmt":"2024-02-05T14:36:09","slug":"az-iratok-fontossaga","status":"publish","type":"page","link":"https:\/\/machteret1944.org\/hu\/hamis-iratok\/az-iratok-fontossaga\/","title":{"rendered":"Az iratok fontoss\u00e1ga"},"content":{"rendered":"<p>Budapesten kezdtek gy\u00fclekezni a cionista ifj\u00fas\u00e1gi mozgalmak peremv\u00e1rosokb\u00f3l \u00e9rkez\u0151 tagjai \u00e9s m\u00e1s fiatalok, akik mindannyian igyekeztek elhagyni Magyarorsz\u00e1got, hogy megments\u00e9k az \u00e9let\u00fcket. Ebben az id\u0151szakban azonban mindenkinek \u00e1lland\u00f3an mag\u00e1n\u00e1l kellett tartania k\u00fcl\u00f6nf\u00e9le okm\u00e1nyokat: sz\u00fclet\u00e9si anyak\u00f6nyvi kivonatot, a helyi rend\u0151rkapit\u00e1nys\u00e1gon val\u00f3 bejelentkez\u00e9sr\u0151l sz\u00f3l\u00f3 igazol\u00e1st (az \u00e1lland\u00f3 lakc\u00edm igazol\u00e1sa), \u00e9lelmiszerjegyet \u00e9s a hadsereg igazol\u00e1s\u00e1t. Aki ezek b\u00e1rmelyik\u00e9t nem mutatta be, azt letart\u00f3ztatt\u00e1k \u00e9s beb\u00f6rt\u00f6n\u00f6zt\u00e9k. \u00cdgy felmer\u00fclt az ig\u00e9ny, hogy hamis\u00edtott dokumentumokkal l\u00e1ss\u00e1k el mindazokat, akik sz\u00f6kni pr\u00f3b\u00e1ltak vagy bujk\u00e1ltak.<\/p>\n<p>Az els\u0151, akik ilyen dokumentumokat haszn\u00e1ltak, maguk az ifj\u00fas\u00e1gi mozgalmak tagjai voltak, akik hamis\u00edtott dokumentumokkal rendelkeztek, hogy a ment\u0151akci\u00f3k sor\u00e1n elrejts\u00e9k szem\u00e9lyazonoss\u00e1gukat, hogy m\u00e1sokat megmentsenek. A f\u00f6ldalatti Cionista Ifj\u00fas\u00e1gi Ellen\u00e1ll\u00e1si Mozgalom (CIEM) tagjai nagy tapasztalatot szereztek az ideiglenes dokumentumok hamis\u00edt\u00e1s\u00e1ban, \u00e9s kidolgozt\u00e1k a munkam\u00f3dszereket.<\/p>\n<p>A CIEM \u00fcgyn\u00f6keinek t\u00f6bb mint 60 k\u00fcl\u00f6nb\u00f6z\u0151 t\u00edpus\u00fa igazolv\u00e1nyt kellett hamis\u00edtaniuk, \u00e9s mindegyiket az adott szem\u00e9ly ig\u00e9nyeihez igaz\u00edtott\u00e1k.<\/p>\n<p>&nbsp;<\/p>\n<p><strong>A gy\u00e1rt\u00e1si folyamat<\/strong><\/p>\n<p>A CIEM megb\u00edzhat\u00f3 nyomd\u00e1kat tal\u00e1lt, amelyek az \u00fcres bizony\u00edtv\u00e1nyokat sz\u00e1ll\u00edtott\u00e1k. N\u00e9h\u00e1ny nyomda m\u00e9g a korm\u00e1nyhivataloknak is sz\u00e1ll\u00edtott. A f\u00f6ldalatti ellen\u00e1ll\u00e1shoz tartoz\u00f3 szakemberek t\u00f6lt\u00f6tt\u00e9k ki az igazol\u00e1sokat az akkori divatos k\u00e9z\u00edr\u00e1sos st\u00edlusban. Az igazol\u00e1sokat a f\u00f6ldalattiak \u00e1ltal k\u00e9sz\u00edtett pecs\u00e9tekkel l\u00e1tt\u00e1k el. Egy grafikusm\u0171v\u00e9sz k\u00e9miai tint\u00e1val \u00e9s \u00e1tl\u00e1tsz\u00f3 pap\u00edrral k\u00e9sz\u00edtette el a pecs\u00e9t m\u00e1solat\u00e1t. A pecs\u00e9tet ezut\u00e1n megrendelt\u00e9k egy pecs\u00e9tk\u00e9sz\u00edt\u0151t\u0151l. A hamis\u00edt\u00f3k \u00f3lombet\u0171ket is k\u00e9sz\u00edtettek, \u00e9s azokat vaskeretbe foglalt\u00e1k. A ZYRM \u00fcgyn\u00f6kei a feketepiacon szereztek be eredeti dokumentumokat, megv\u00e1ltoztatt\u00e1k azokat, \u00e9s m\u00e9g m\u00e1solatokat is k\u00e9sz\u00edtettek r\u00f3luk.<\/p>\n<p>A leggyakoribb dokumentumok (z\u00e1r\u00f3jelben a &#8222;ki\u00e1ll\u00edtott&#8221; mennyis\u00e9ggel) a k\u00f6vetkez\u0151k voltak:<\/p>\n<p>Reform\u00e1tus keresztel\u00e9si bizony\u00edtv\u00e1ny (1 200).<\/p>\n<p>menek\u00fcltigazolv\u00e1ny (2 000)<\/p>\n<p>A V\u00f6r\u00f6s Hadseregb\u0151l (az orosz hadseregb\u0151l) &#8222;dezert\u00e1l\u00f3&#8221; fiatalemberek okm\u00e1nyai:<\/p>\n<p>A katonai beh\u00edv\u00f3 al\u00f3l val\u00f3 felment\u00e9si igazol\u00e1s, f\u00e9nyk\u00e9pekkel egy\u00fctt (5.400)<\/p>\n<p>Lakoss\u00e1gi igazol\u00e1s, bele\u00e9rtve a feddhetetlens\u00e9gi bizony\u00edtv\u00e1nyt \u00e9s a befizetett ad\u00f3kr\u00f3l sz\u00f3l\u00f3 igazol\u00e1st (4 000)<\/p>\n<p>V\u00e9delmi igazol\u00e1s a sv\u00e1jci korm\u00e1nyt\u00f3l (120 000)<\/p>\n<p>&#8222;Diplom\u00e1ciai&#8221; (b\u00e1r els\u0151sorban politikai) okokb\u00f3l a magyar korm\u00e1ny tiszteletben tartotta a k\u00fclf\u00f6ldi \u00e1llampolg\u00e1rok szabads\u00e1g\u00e1t. \u00cdgy a v\u00e9dlevelek hamis\u00edt\u00e1sa \u00e9letment\u0151 eszk\u00f6z volt. Az okirat-hamis\u00edt\u00e1sban r\u00e9szt vev\u0151 CIEM-tagok nagy mennyis\u00e9gben \u00e1ll\u00edtottak el\u0151 sv\u00e1jci v\u00e9dleveleket.<\/p>\n<p>&nbsp;<\/p>\n<p>A m\u0171hely biztons\u00e1g\u00e1t fenyeget\u0151 vesz\u00e9lyek \u00e9s a megval\u00f3s\u00edt\u00e1suk<\/p>\n<p>A hamis\u00edt\u00f3 egys\u00e9geknek rendk\u00edv\u00fcl \u00f3vatosnak kellett lenni\u00fck, hogy elker\u00fclj\u00e9k a lebuk\u00e1st, ami felszerel\u00e9s\u00fck elkobz\u00e1s\u00e1hoz \u00e9s tagjaik letart\u00f3ztat\u00e1s\u00e1hoz vezetett volna. A hamis\u00edt\u00e1si m\u0171veletek mag\u00e1nlak\u00e1sokban zajlottak, \u00e9s fenn\u00e1llt a vesz\u00e9lye annak, hogy a szomsz\u00e9dok sz\u00f3lnak a hat\u00f3s\u00e1goknak. Az \u00f6sszes felszerel\u00e9s mozgathat\u00f3 volt, \u00e9s minden egys\u00e9gben voltak b\u0151r\u00f6nd\u00f6k. Abban a pillanatban, amikor felmer\u00fclt a gyan\u00fa, hogy lebuknak, mindent \u00f6sszepakoltak, \u00e9s a lak\u00e1st elhagyt\u00e1k. Ha valamelyik tag t\u00f6bb mint f\u00e9l \u00f3r\u00e1t k\u00e9sett a munk\u00e1b\u00f3l, a m\u0171helyt \u00f6sszepakolt\u00e1k \u00e9s m\u00e1shov\u00e1 vitt\u00e9k, arra az esetre, ha a tagot letart\u00f3ztatt\u00e1k volna, \u00e9s esetleg nem b\u00edrta volna elviselni, hogy a kihallgat\u00e1sa sor\u00e1n megk\u00ednozz\u00e1k.<\/p>\n<p>1944 november\u00e9ben a m\u0171helynek siker\u00fclt berendezkednie a Fasiszta Di\u00e1ksz\u00f6vets\u00e9g (Bajt\u00e1rsi Csaba Egyes\u00fclet) k\u00f6nyvt\u00e1r\u00e9p\u00fclet\u00e9ben, K\u00e1d\u00e1r Iv\u00e1n CIEM-tagnak k\u00f6sz\u00f6nhet\u0151en, aki magyar tisztk\u00e9nt is szolg\u00e1lt, f\u0151hadnagyk\u00e9nt a Kiseg\u00edt\u0151 Karhatalmi Alakulatban (KISKA), a Semmelweis Egyetem mil\u00edci\u00e1j\u00e1ban a budapesti Baross utc\u00e1ban.<\/p>\n<p>A CIEM n\u00e9gyf\u0151s csapata naponta 9-10 \u00f3r\u00e1t dolgozott a k\u00f6nyvt\u00e1r \u00e9p\u00fclet\u00e9ben. A k\u00fclvil\u00e1ggal Baruch Eizinger \u00f6sszek\u00f6t\u0151n kereszt\u00fcl kommunik\u00e1ltak, aki minden reggel hozta a napi &#8222;rendel\u00e9st&#8221;, \u00e9s minden d\u00e9lut\u00e1n elhozta az &#8222;\u00e1rut&#8221;.<\/p>\n<p>December 10-\u00e9n Baruch sem reggel, sem d\u00e9lut\u00e1n nem \u00e9rkezett meg. A csapat az \u00f6sszes felszerel\u00e9st hat b\u0151r\u00f6ndbe pakolta, \u00e9s David Gur egy feln\u0151tt triciklin vitte \u0151ket K\u0151b\u00e1ny\u00e1ra, k\u00f6zel 10 kilom\u00e9teres t\u00e1vols\u00e1gra, h\u00e1rom n\u0151i CIEM-tag (Goldstein Erzsi, Hava Barmat \u00e9s Braha H\u0151nig) b\u00e9relt lak\u00e1s\u00e1ba, akik ott \u00e9ltek, kereszt\u00e9nynek \u00e1lc\u00e1zva magukat. A hamis\u00edt\u00f3 egys\u00e9g &#8222;kincs\u00e9t&#8221; a n\u0151k \u00e1gya al\u00e1 rejtett\u00e9k.<\/p>\n<ol start=\"1944\">\n<li>december 21-\u00e9n hajnali f\u00e9l h\u00e1romkor a csapat a m\u0171hely felszerel\u00e9s\u00e9t a budapesti V\u00e1rosi M\u00e9rn\u00f6ki Hivatal Erzs\u00e9bet k\u00f6r\u00fat 13. sz\u00e1m alatti irod\u00e1j\u00e1ba vitte. A Hashomer Hatzair h\u00e1rom tagja &#8211; Langer Miki, Feigenbaum Endre (Andrei Fabry) \u00e9s Gur D\u00e1vid (Grosz Endre) voltak ennek a m\u0171helynek a szem\u00e9lyzete. N\u00e9h\u00e1ny perccel azut\u00e1n, hogy bel\u00e9ptek az \u00e9p\u00fcletbe, k\u00e9t civil ruh\u00e1s detekt\u00edv kopogtatott az ajt\u00f3n, kivont pisztollyal. \u0150k &#8222;csak zsid\u00f3kat kerestek&#8221;, \u00e9s megtal\u00e1lt\u00e1k a csapatot. Miut\u00e1n felfedezt\u00e9k a b\u0151r\u00f6nd\u00f6k tartalm\u00e1t, a nyomoz\u00f3k r\u00e1j\u00f6ttek, hogy az \u00e9p\u00fcletet a rendszer elleni f\u00f6ldalatti m\u0171veletek k\u00f6zpontjak\u00e9nt haszn\u00e1lt\u00e1k. Reggel 8 \u00f3rakor, miut\u00e1n t\u00f6bb ver\u0151leg\u00e9ny is meg\u00e9rkezett \u00e9s az \u00e9p\u00fclet \u00f6sszes lak\u00f3j\u00e1t megverte, a hamis\u00edt\u00f3 csapatot a k\u00f6zeli, Ter\u00e9z k\u00f6r\u00fat 6. sz\u00e1m alatti nyilas ker\u00fcleti sz\u00e9kh\u00e1zba vonultatt\u00e1k. A h\u00e1rom csapattagnak siker\u00fclt kommunik\u00e1lniuk egym\u00e1ssal, hogy nyelj\u00e9k le az \u00f6sszes olyan (hamis\u00edtott) dokumentumot, amely jelzi, hogy hol laknak, vagy b\u00e1rmilyen m\u00e1s dokumentumot, amely a CIEM \u00fcgyn\u00f6keinek leleplez\u00e9s\u00e9hez vezethet.<\/li>\n<\/ol>\n<p>A nyilas f\u0151hadisz\u00e1ll\u00e1son eg\u00e9sz \u00e9jjel brut\u00e1lisan &#8222;vallatt\u00e1k&#8221; \u0151ket a helyi &#8222;lelkes&#8221; \u00e9s v\u00e9letlen\u00fcl arra j\u00e1r\u00f3 15-16 \u00e9ves tizen\u00e9ves fi\u00fak. A b\u0151r\u00f6nd\u00f6k tartalm\u00e1t kidobt\u00e1k, \u00e9s a csapatot arra k\u00e9rt\u00e9k, hogy v\u00e1logass\u00e1k sz\u00e9t a felszerel\u00e9st. A felszerel\u00e9s &#8222;rendszerez\u00e9se&#8221; k\u00f6zben siker\u00fclt elrejteni\u00fck a k\u00f3dokkal, f\u00e9nyk\u00e9pekkel \u00e9s k\u00fcl\u00f6nb\u00f6z\u0151 \u00edr\u00e1sos k\u00e9r\u00e9sekkel ell\u00e1tott megrendel\u00e9seket tartalmaz\u00f3 bor\u00edt\u00e9kokat.<\/p>\n<p>Langer Mikinek t\u00fal sok volt a k\u00ednz\u00e1s, \u00e9s m\u00e1snap meghalt, de D\u00e1vidot \u00e9s Endr\u00e9t a Margit k\u00f6r\u00fati k\u00f6zponti katonai b\u00f6rt\u00f6nbe vitt\u00e9k, ahol sok m\u00e1s CIEM-taggal egy\u00fctt (\u00e9s ahonnan a CIEM egy mer\u00e9sz akci\u00f3 keret\u00e9ben szabad\u00edtotta ki \u0151ket).<\/p>\n","protected":false},"excerpt":{"rendered":"<p>Budapesten kezdtek gy\u00fclekezni a cionista ifj\u00fas\u00e1gi mozgalmak peremv\u00e1rosokb\u00f3l \u00e9rkez\u0151 tagjai \u00e9s m\u00e1s fiatalok, akik mindannyian igyekeztek elhagyni Magyarorsz\u00e1got, hogy megments\u00e9k az \u00e9let\u00fcket. Ebben az id\u0151szakban azonban mindenkinek \u00e1lland\u00f3an mag\u00e1n\u00e1l kellett tartania k\u00fcl\u00f6nf\u00e9le okm\u00e1nyokat: sz\u00fclet\u00e9si anyak\u00f6nyvi kivonatot, a helyi rend\u0151rkapit\u00e1nys\u00e1gon val\u00f3 bejelentkez\u00e9sr\u0151l sz\u00f3l\u00f3 igazol\u00e1st (az \u00e1lland\u00f3 lakc\u00edm igazol\u00e1sa), \u00e9lelmiszerjegyet \u00e9s a hadsereg igazol\u00e1s\u00e1t. Aki ezek b\u00e1rmelyik\u00e9t [&hellip;]<\/p>\n","protected":false},"author":2,"featured_media":4030,"parent":4705,"menu_order":1,"comment_status":"closed","ping_status":"closed","template":"","meta":{"_acf_changed":false,"footnotes":""},"class_list":["post-4727","page","type-page","status-publish","has-post-thumbnail","hentry"],"acf":[],"yoast_head":"<!-- This site is optimized with the Yoast SEO plugin v27.3 - https:\/\/yoast.com\/product\/yoast-seo-wordpress\/ -->\n<title>Az iratok fontoss\u00e1ga - \u05d4\u05e2\u05de\u05d5\u05ea\u05d4 \u05dc\u05d7\u05e7\u05e8 \u05ea\u05e0\u05d5\u05e2\u05d5\u05ea \u05d4\u05e0\u05d5\u05e2\u05e8 \u05d4\u05e6\u05d9\u05d5\u05e0\u05d9\u05d5\u05ea \u05d1\u05d4\u05d5\u05e0\u05d2\u05e8\u05d9\u05d4<\/title>\n<meta name=\"robots\" content=\"index, follow, max-snippet:-1, max-image-preview:large, max-video-preview:-1\" \/>\n<link rel=\"canonical\" href=\"https:\/\/machteret1944.org\/hu\/hamis-iratok\/az-iratok-fontossaga\/\" \/>\n<meta property=\"og:locale\" content=\"hu_HU\" \/>\n<meta property=\"og:type\" content=\"article\" \/>\n<meta property=\"og:title\" content=\"Az iratok fontoss\u00e1ga - \u05d4\u05e2\u05de\u05d5\u05ea\u05d4 \u05dc\u05d7\u05e7\u05e8 \u05ea\u05e0\u05d5\u05e2\u05d5\u05ea \u05d4\u05e0\u05d5\u05e2\u05e8 \u05d4\u05e6\u05d9\u05d5\u05e0\u05d9\u05d5\u05ea \u05d1\u05d4\u05d5\u05e0\u05d2\u05e8\u05d9\u05d4\" \/>\n<meta property=\"og:description\" content=\"Budapesten kezdtek gy\u00fclekezni a cionista ifj\u00fas\u00e1gi mozgalmak peremv\u00e1rosokb\u00f3l \u00e9rkez\u0151 tagjai \u00e9s m\u00e1s fiatalok, akik mindannyian igyekeztek elhagyni Magyarorsz\u00e1got, hogy megments\u00e9k az \u00e9let\u00fcket. Ebben az id\u0151szakban azonban mindenkinek \u00e1lland\u00f3an mag\u00e1n\u00e1l kellett tartania k\u00fcl\u00f6nf\u00e9le okm\u00e1nyokat: sz\u00fclet\u00e9si anyak\u00f6nyvi kivonatot, a helyi rend\u0151rkapit\u00e1nys\u00e1gon val\u00f3 bejelentkez\u00e9sr\u0151l sz\u00f3l\u00f3 igazol\u00e1st (az \u00e1lland\u00f3 lakc\u00edm igazol\u00e1sa), \u00e9lelmiszerjegyet \u00e9s a hadsereg igazol\u00e1s\u00e1t. Aki ezek b\u00e1rmelyik\u00e9t [&hellip;]\" \/>\n<meta property=\"og:url\" content=\"https:\/\/machteret1944.org\/hu\/hamis-iratok\/az-iratok-fontossaga\/\" \/>\n<meta property=\"og:site_name\" content=\"\u05d4\u05e2\u05de\u05d5\u05ea\u05d4 \u05dc\u05d7\u05e7\u05e8 \u05ea\u05e0\u05d5\u05e2\u05d5\u05ea \u05d4\u05e0\u05d5\u05e2\u05e8 \u05d4\u05e6\u05d9\u05d5\u05e0\u05d9\u05d5\u05ea \u05d1\u05d4\u05d5\u05e0\u05d2\u05e8\u05d9\u05d4\" \/>\n<meta property=\"article:modified_time\" content=\"2024-02-05T14:36:09+00:00\" \/>\n<meta property=\"og:image\" content=\"https:\/\/machteret1944.org\/wp-content\/uploads\/2021\/02\/SCHUTZPASS.jpg\" \/>\n\t<meta property=\"og:image:width\" content=\"697\" \/>\n\t<meta property=\"og:image:height\" content=\"1024\" \/>\n\t<meta property=\"og:image:type\" content=\"image\/jpeg\" \/>\n<meta name=\"twitter:card\" content=\"summary_large_image\" \/>\n<meta name=\"twitter:label1\" content=\"Becs\u00fclt olvas\u00e1si id\u0151\" \/>\n\t<meta name=\"twitter:data1\" content=\"5 perc\" \/>\n<script type=\"application\/ld+json\" class=\"yoast-schema-graph\">{\"@context\":\"https:\\\/\\\/schema.org\",\"@graph\":[{\"@type\":\"WebPage\",\"@id\":\"https:\\\/\\\/machteret1944.org\\\/hu\\\/hamis-iratok\\\/az-iratok-fontossaga\\\/\",\"url\":\"https:\\\/\\\/machteret1944.org\\\/hu\\\/hamis-iratok\\\/az-iratok-fontossaga\\\/\",\"name\":\"Az iratok fontoss\u00e1ga - \u05d4\u05e2\u05de\u05d5\u05ea\u05d4 \u05dc\u05d7\u05e7\u05e8 \u05ea\u05e0\u05d5\u05e2\u05d5\u05ea \u05d4\u05e0\u05d5\u05e2\u05e8 \u05d4\u05e6\u05d9\u05d5\u05e0\u05d9\u05d5\u05ea \u05d1\u05d4\u05d5\u05e0\u05d2\u05e8\u05d9\u05d4\",\"isPartOf\":{\"@id\":\"https:\\\/\\\/machteret1944.org\\\/hu\\\/#website\"},\"primaryImageOfPage\":{\"@id\":\"https:\\\/\\\/machteret1944.org\\\/hu\\\/hamis-iratok\\\/az-iratok-fontossaga\\\/#primaryimage\"},\"image\":{\"@id\":\"https:\\\/\\\/machteret1944.org\\\/hu\\\/hamis-iratok\\\/az-iratok-fontossaga\\\/#primaryimage\"},\"thumbnailUrl\":\"https:\\\/\\\/machteret1944.org\\\/wp-content\\\/uploads\\\/2021\\\/02\\\/SCHUTZPASS.jpg\",\"datePublished\":\"2021-02-25T13:41:41+00:00\",\"dateModified\":\"2024-02-05T14:36:09+00:00\",\"breadcrumb\":{\"@id\":\"https:\\\/\\\/machteret1944.org\\\/hu\\\/hamis-iratok\\\/az-iratok-fontossaga\\\/#breadcrumb\"},\"inLanguage\":\"hu\",\"potentialAction\":[{\"@type\":\"ReadAction\",\"target\":[\"https:\\\/\\\/machteret1944.org\\\/hu\\\/hamis-iratok\\\/az-iratok-fontossaga\\\/\"]}]},{\"@type\":\"ImageObject\",\"inLanguage\":\"hu\",\"@id\":\"https:\\\/\\\/machteret1944.org\\\/hu\\\/hamis-iratok\\\/az-iratok-fontossaga\\\/#primaryimage\",\"url\":\"https:\\\/\\\/machteret1944.org\\\/wp-content\\\/uploads\\\/2021\\\/02\\\/SCHUTZPASS.jpg\",\"contentUrl\":\"https:\\\/\\\/machteret1944.org\\\/wp-content\\\/uploads\\\/2021\\\/02\\\/SCHUTZPASS.jpg\",\"width\":697,\"height\":1024},{\"@type\":\"BreadcrumbList\",\"@id\":\"https:\\\/\\\/machteret1944.org\\\/hu\\\/hamis-iratok\\\/az-iratok-fontossaga\\\/#breadcrumb\",\"itemListElement\":[{\"@type\":\"ListItem\",\"position\":1,\"name\":\"Kezd\u0151lap\",\"item\":\"https:\\\/\\\/machteret1944.org\\\/hu\\\/\"},{\"@type\":\"ListItem\",\"position\":2,\"name\":\"Hamis iratok\",\"item\":\"https:\\\/\\\/machteret1944.org\\\/hu\\\/hamis-iratok\\\/\"},{\"@type\":\"ListItem\",\"position\":3,\"name\":\"Az iratok fontoss\u00e1ga\"}]},{\"@type\":\"WebSite\",\"@id\":\"https:\\\/\\\/machteret1944.org\\\/hu\\\/#website\",\"url\":\"https:\\\/\\\/machteret1944.org\\\/hu\\\/\",\"name\":\"\u05d4\u05e2\u05de\u05d5\u05ea\u05d4 \u05dc\u05d7\u05e7\u05e8 \u05ea\u05e0\u05d5\u05e2\u05d5\u05ea \u05d4\u05e0\u05d5\u05e2\u05e8 \u05d4\u05e6\u05d9\u05d5\u05e0\u05d9\u05d5\u05ea \u05d1\u05d4\u05d5\u05e0\u05d2\u05e8\u05d9\u05d4\",\"description\":\"\u05d4\u05e2\u05de\u05d5\u05ea\u05d4 \u05dc\u05d7\u05e7\u05e8 \u05ea\u05e0\u05d5\u05e2\u05d5\u05ea \u05d4\u05e0\u05d5\u05e2\u05e8 \u05d4\u05e6\u05d9\u05d5\u05e0\u05d9\u05d5\u05ea \u05d1\u05d4\u05d5\u05e0\u05d2\u05e8\u05d9\u05d4\",\"publisher\":{\"@id\":\"https:\\\/\\\/machteret1944.org\\\/hu\\\/#organization\"},\"potentialAction\":[{\"@type\":\"SearchAction\",\"target\":{\"@type\":\"EntryPoint\",\"urlTemplate\":\"https:\\\/\\\/machteret1944.org\\\/hu\\\/?s={search_term_string}\"},\"query-input\":{\"@type\":\"PropertyValueSpecification\",\"valueRequired\":true,\"valueName\":\"search_term_string\"}}],\"inLanguage\":\"hu\"},{\"@type\":\"Organization\",\"@id\":\"https:\\\/\\\/machteret1944.org\\\/hu\\\/#organization\",\"name\":\"\u05d4\u05e2\u05de\u05d5\u05ea\u05d4 \u05dc\u05d7\u05e7\u05e8 \u05ea\u05e0\u05d5\u05e2\u05d5\u05ea \u05d4\u05e0\u05d5\u05e2\u05e8 \u05d4\u05e6\u05d9\u05d5\u05e0\u05d9\u05d5\u05ea \u05d1\u05d4\u05d5\u05e0\u05d2\u05e8\u05d9\u05d4\",\"url\":\"https:\\\/\\\/machteret1944.org\\\/hu\\\/\",\"logo\":{\"@type\":\"ImageObject\",\"inLanguage\":\"hu\",\"@id\":\"https:\\\/\\\/machteret1944.org\\\/hu\\\/#\\\/schema\\\/logo\\\/image\\\/\",\"url\":\"https:\\\/\\\/machteret1944.org\\\/wp-content\\\/uploads\\\/2020\\\/12\\\/\u05dc\u05d5\u05d2\u05d5-\u05dc\u05e2\u05de\u05d5\u05ea\u05d4.png\",\"contentUrl\":\"https:\\\/\\\/machteret1944.org\\\/wp-content\\\/uploads\\\/2020\\\/12\\\/\u05dc\u05d5\u05d2\u05d5-\u05dc\u05e2\u05de\u05d5\u05ea\u05d4.png\",\"width\":841,\"height\":290,\"caption\":\"\u05d4\u05e2\u05de\u05d5\u05ea\u05d4 \u05dc\u05d7\u05e7\u05e8 \u05ea\u05e0\u05d5\u05e2\u05d5\u05ea \u05d4\u05e0\u05d5\u05e2\u05e8 \u05d4\u05e6\u05d9\u05d5\u05e0\u05d9\u05d5\u05ea \u05d1\u05d4\u05d5\u05e0\u05d2\u05e8\u05d9\u05d4\"},\"image\":{\"@id\":\"https:\\\/\\\/machteret1944.org\\\/hu\\\/#\\\/schema\\\/logo\\\/image\\\/\"}}]}<\/script>\n<!-- \/ Yoast SEO plugin. -->","yoast_head_json":{"title":"Az iratok fontoss\u00e1ga - \u05d4\u05e2\u05de\u05d5\u05ea\u05d4 \u05dc\u05d7\u05e7\u05e8 \u05ea\u05e0\u05d5\u05e2\u05d5\u05ea \u05d4\u05e0\u05d5\u05e2\u05e8 \u05d4\u05e6\u05d9\u05d5\u05e0\u05d9\u05d5\u05ea \u05d1\u05d4\u05d5\u05e0\u05d2\u05e8\u05d9\u05d4","robots":{"index":"index","follow":"follow","max-snippet":"max-snippet:-1","max-image-preview":"max-image-preview:large","max-video-preview":"max-video-preview:-1"},"canonical":"https:\/\/machteret1944.org\/hu\/hamis-iratok\/az-iratok-fontossaga\/","og_locale":"hu_HU","og_type":"article","og_title":"Az iratok fontoss\u00e1ga - \u05d4\u05e2\u05de\u05d5\u05ea\u05d4 \u05dc\u05d7\u05e7\u05e8 \u05ea\u05e0\u05d5\u05e2\u05d5\u05ea \u05d4\u05e0\u05d5\u05e2\u05e8 \u05d4\u05e6\u05d9\u05d5\u05e0\u05d9\u05d5\u05ea \u05d1\u05d4\u05d5\u05e0\u05d2\u05e8\u05d9\u05d4","og_description":"Budapesten kezdtek gy\u00fclekezni a cionista ifj\u00fas\u00e1gi mozgalmak peremv\u00e1rosokb\u00f3l \u00e9rkez\u0151 tagjai \u00e9s m\u00e1s fiatalok, akik mindannyian igyekeztek elhagyni Magyarorsz\u00e1got, hogy megments\u00e9k az \u00e9let\u00fcket. Ebben az id\u0151szakban azonban mindenkinek \u00e1lland\u00f3an mag\u00e1n\u00e1l kellett tartania k\u00fcl\u00f6nf\u00e9le okm\u00e1nyokat: sz\u00fclet\u00e9si anyak\u00f6nyvi kivonatot, a helyi rend\u0151rkapit\u00e1nys\u00e1gon val\u00f3 bejelentkez\u00e9sr\u0151l sz\u00f3l\u00f3 igazol\u00e1st (az \u00e1lland\u00f3 lakc\u00edm igazol\u00e1sa), \u00e9lelmiszerjegyet \u00e9s a hadsereg igazol\u00e1s\u00e1t. Aki ezek b\u00e1rmelyik\u00e9t [&hellip;]","og_url":"https:\/\/machteret1944.org\/hu\/hamis-iratok\/az-iratok-fontossaga\/","og_site_name":"\u05d4\u05e2\u05de\u05d5\u05ea\u05d4 \u05dc\u05d7\u05e7\u05e8 \u05ea\u05e0\u05d5\u05e2\u05d5\u05ea \u05d4\u05e0\u05d5\u05e2\u05e8 \u05d4\u05e6\u05d9\u05d5\u05e0\u05d9\u05d5\u05ea \u05d1\u05d4\u05d5\u05e0\u05d2\u05e8\u05d9\u05d4","article_modified_time":"2024-02-05T14:36:09+00:00","og_image":[{"width":697,"height":1024,"url":"https:\/\/machteret1944.org\/wp-content\/uploads\/2021\/02\/SCHUTZPASS.jpg","type":"image\/jpeg"}],"twitter_card":"summary_large_image","twitter_misc":{"Becs\u00fclt olvas\u00e1si id\u0151":"5 perc"},"schema":{"@context":"https:\/\/schema.org","@graph":[{"@type":"WebPage","@id":"https:\/\/machteret1944.org\/hu\/hamis-iratok\/az-iratok-fontossaga\/","url":"https:\/\/machteret1944.org\/hu\/hamis-iratok\/az-iratok-fontossaga\/","name":"Az iratok fontoss\u00e1ga - \u05d4\u05e2\u05de\u05d5\u05ea\u05d4 \u05dc\u05d7\u05e7\u05e8 \u05ea\u05e0\u05d5\u05e2\u05d5\u05ea \u05d4\u05e0\u05d5\u05e2\u05e8 \u05d4\u05e6\u05d9\u05d5\u05e0\u05d9\u05d5\u05ea \u05d1\u05d4\u05d5\u05e0\u05d2\u05e8\u05d9\u05d4","isPartOf":{"@id":"https:\/\/machteret1944.org\/hu\/#website"},"primaryImageOfPage":{"@id":"https:\/\/machteret1944.org\/hu\/hamis-iratok\/az-iratok-fontossaga\/#primaryimage"},"image":{"@id":"https:\/\/machteret1944.org\/hu\/hamis-iratok\/az-iratok-fontossaga\/#primaryimage"},"thumbnailUrl":"https:\/\/machteret1944.org\/wp-content\/uploads\/2021\/02\/SCHUTZPASS.jpg","datePublished":"2021-02-25T13:41:41+00:00","dateModified":"2024-02-05T14:36:09+00:00","breadcrumb":{"@id":"https:\/\/machteret1944.org\/hu\/hamis-iratok\/az-iratok-fontossaga\/#breadcrumb"},"inLanguage":"hu","potentialAction":[{"@type":"ReadAction","target":["https:\/\/machteret1944.org\/hu\/hamis-iratok\/az-iratok-fontossaga\/"]}]},{"@type":"ImageObject","inLanguage":"hu","@id":"https:\/\/machteret1944.org\/hu\/hamis-iratok\/az-iratok-fontossaga\/#primaryimage","url":"https:\/\/machteret1944.org\/wp-content\/uploads\/2021\/02\/SCHUTZPASS.jpg","contentUrl":"https:\/\/machteret1944.org\/wp-content\/uploads\/2021\/02\/SCHUTZPASS.jpg","width":697,"height":1024},{"@type":"BreadcrumbList","@id":"https:\/\/machteret1944.org\/hu\/hamis-iratok\/az-iratok-fontossaga\/#breadcrumb","itemListElement":[{"@type":"ListItem","position":1,"name":"Kezd\u0151lap","item":"https:\/\/machteret1944.org\/hu\/"},{"@type":"ListItem","position":2,"name":"Hamis iratok","item":"https:\/\/machteret1944.org\/hu\/hamis-iratok\/"},{"@type":"ListItem","position":3,"name":"Az iratok fontoss\u00e1ga"}]},{"@type":"WebSite","@id":"https:\/\/machteret1944.org\/hu\/#website","url":"https:\/\/machteret1944.org\/hu\/","name":"\u05d4\u05e2\u05de\u05d5\u05ea\u05d4 \u05dc\u05d7\u05e7\u05e8 \u05ea\u05e0\u05d5\u05e2\u05d5\u05ea \u05d4\u05e0\u05d5\u05e2\u05e8 \u05d4\u05e6\u05d9\u05d5\u05e0\u05d9\u05d5\u05ea \u05d1\u05d4\u05d5\u05e0\u05d2\u05e8\u05d9\u05d4","description":"\u05d4\u05e2\u05de\u05d5\u05ea\u05d4 \u05dc\u05d7\u05e7\u05e8 \u05ea\u05e0\u05d5\u05e2\u05d5\u05ea \u05d4\u05e0\u05d5\u05e2\u05e8 \u05d4\u05e6\u05d9\u05d5\u05e0\u05d9\u05d5\u05ea \u05d1\u05d4\u05d5\u05e0\u05d2\u05e8\u05d9\u05d4","publisher":{"@id":"https:\/\/machteret1944.org\/hu\/#organization"},"potentialAction":[{"@type":"SearchAction","target":{"@type":"EntryPoint","urlTemplate":"https:\/\/machteret1944.org\/hu\/?s={search_term_string}"},"query-input":{"@type":"PropertyValueSpecification","valueRequired":true,"valueName":"search_term_string"}}],"inLanguage":"hu"},{"@type":"Organization","@id":"https:\/\/machteret1944.org\/hu\/#organization","name":"\u05d4\u05e2\u05de\u05d5\u05ea\u05d4 \u05dc\u05d7\u05e7\u05e8 \u05ea\u05e0\u05d5\u05e2\u05d5\u05ea \u05d4\u05e0\u05d5\u05e2\u05e8 \u05d4\u05e6\u05d9\u05d5\u05e0\u05d9\u05d5\u05ea \u05d1\u05d4\u05d5\u05e0\u05d2\u05e8\u05d9\u05d4","url":"https:\/\/machteret1944.org\/hu\/","logo":{"@type":"ImageObject","inLanguage":"hu","@id":"https:\/\/machteret1944.org\/hu\/#\/schema\/logo\/image\/","url":"https:\/\/machteret1944.org\/wp-content\/uploads\/2020\/12\/\u05dc\u05d5\u05d2\u05d5-\u05dc\u05e2\u05de\u05d5\u05ea\u05d4.png","contentUrl":"https:\/\/machteret1944.org\/wp-content\/uploads\/2020\/12\/\u05dc\u05d5\u05d2\u05d5-\u05dc\u05e2\u05de\u05d5\u05ea\u05d4.png","width":841,"height":290,"caption":"\u05d4\u05e2\u05de\u05d5\u05ea\u05d4 \u05dc\u05d7\u05e7\u05e8 \u05ea\u05e0\u05d5\u05e2\u05d5\u05ea \u05d4\u05e0\u05d5\u05e2\u05e8 \u05d4\u05e6\u05d9\u05d5\u05e0\u05d9\u05d5\u05ea \u05d1\u05d4\u05d5\u05e0\u05d2\u05e8\u05d9\u05d4"},"image":{"@id":"https:\/\/machteret1944.org\/hu\/#\/schema\/logo\/image\/"}}]}},"_links":{"self":[{"href":"https:\/\/machteret1944.org\/hu\/wp-json\/wp\/v2\/pages\/4727","targetHints":{"allow":["GET"]}}],"collection":[{"href":"https:\/\/machteret1944.org\/hu\/wp-json\/wp\/v2\/pages"}],"about":[{"href":"https:\/\/machteret1944.org\/hu\/wp-json\/wp\/v2\/types\/page"}],"author":[{"embeddable":true,"href":"https:\/\/machteret1944.org\/hu\/wp-json\/wp\/v2\/users\/2"}],"replies":[{"embeddable":true,"href":"https:\/\/machteret1944.org\/hu\/wp-json\/wp\/v2\/comments?post=4727"}],"version-history":[{"count":2,"href":"https:\/\/machteret1944.org\/hu\/wp-json\/wp\/v2\/pages\/4727\/revisions"}],"predecessor-version":[{"id":4729,"href":"https:\/\/machteret1944.org\/hu\/wp-json\/wp\/v2\/pages\/4727\/revisions\/4729"}],"up":[{"embeddable":true,"href":"https:\/\/machteret1944.org\/hu\/wp-json\/wp\/v2\/pages\/4705"}],"wp:featuredmedia":[{"embeddable":true,"href":"https:\/\/machteret1944.org\/hu\/wp-json\/wp\/v2\/media\/4030"}],"wp:attachment":[{"href":"https:\/\/machteret1944.org\/hu\/wp-json\/wp\/v2\/media?parent=4727"}],"curies":[{"name":"wp","href":"https:\/\/api.w.org\/{rel}","templated":true}]}}