{"id":4730,"date":"2021-04-06T12:37:20","date_gmt":"2021-04-06T12:37:20","guid":{"rendered":"https:\/\/machteret1944.org\/hamis-iratok\/the-various-certificate-produced-at-the-lab\/"},"modified":"2024-03-16T09:13:49","modified_gmt":"2024-03-16T09:13:49","slug":"the-various-certificate-produced-at-the-lab","status":"publish","type":"page","link":"https:\/\/machteret1944.org\/hu\/hamis-iratok\/the-various-certificate-produced-at-the-lab\/","title":{"rendered":"A m\u0171helyben el\u0151\u00e1ll\u00edtott k\u00fcl\u00f6nb\u00f6z\u0151 igazol\u00e1sok"},"content":{"rendered":"<p>&nbsp;<\/p>\n<table width=\"557\">\n<tbody>\n<tr>\n<td width=\"93\"><strong>Quantity<\/strong><\/td>\n<td width=\"464\"><strong>Type of Certificate<\/strong><\/td>\n<\/tr>\n<tr>\n<td>10,500<\/td>\n<td>Birth Certificate<\/td>\n<\/tr>\n<tr>\n<td>8,300<\/td>\n<td>Marriage Certificate<\/td>\n<\/tr>\n<tr>\n<td>10,150<\/td>\n<td>Identity Card<\/td>\n<\/tr>\n<tr>\n<td>3,300<\/td>\n<td>Catholic Baptism<\/td>\n<\/tr>\n<tr>\n<td>1,600<\/td>\n<td>Catholic Marriage<\/td>\n<\/tr>\n<tr>\n<td>1,200<\/td>\n<td>Protestant Baptism<\/td>\n<\/tr>\n<tr>\n<td>750<\/td>\n<td>Protestant Marriage<\/td>\n<\/tr>\n<tr>\n<td>50<\/td>\n<td>Unitaroan Baptism<\/td>\n<\/tr>\n<tr>\n<td>50<\/td>\n<td>Unitarian Marriage<\/td>\n<\/tr>\n<tr>\n<td>300<\/td>\n<td>Birth certificate &#8211; Poland (Printed)<\/td>\n<\/tr>\n<tr>\n<td>300<\/td>\n<td>Birth certificate &#8211; Poland (Duplocated))<\/td>\n<\/tr>\n<tr>\n<td>150<\/td>\n<td>Birth certificate &#8211; Poland (Typewritten)<\/td>\n<\/tr>\n<tr>\n<td>80<\/td>\n<td>Birth certificate &#8211; Slovakia<\/td>\n<\/tr>\n<tr>\n<td>80<\/td>\n<td>Baptism &#8211; Slovakia<\/td>\n<\/tr>\n<tr>\n<td>200<\/td>\n<td>Residence permit &#8211; Slovakia<\/td>\n<\/tr>\n<tr>\n<td>5<\/td>\n<td>Baptism &#8211; Croatia<\/td>\n<\/tr>\n<tr>\n<td>5<\/td>\n<td>Birth Certificate &#8211; Swiss<\/td>\n<\/tr>\n<tr>\n<td>80<\/td>\n<td>Death Certificate<\/td>\n<\/tr>\n<tr>\n<td>25<\/td>\n<td>Sdudent&#8217;s Index (Imckuding<\/td>\n<\/tr>\n<tr>\n<td>7<\/td>\n<td>Matriculalation<\/td>\n<\/tr>\n<tr>\n<td>2<\/td>\n<td>Graduating grammer school<\/td>\n<\/tr>\n<tr>\n<td>10<\/td>\n<td>Student certificate Technical Academy<\/td>\n<\/tr>\n<tr>\n<td>20<\/td>\n<td>Membership &#8222;Szent Imre&#8221; Catholic praternity<\/td>\n<\/tr>\n<tr>\n<td><\/td>\n<td><\/td>\n<\/tr>\n<tr>\n<td><\/td>\n<td><strong>Exemption from military to employees of selected industries (With Photo)<\/strong><\/td>\n<\/tr>\n<tr>\n<td>2,500<\/td>\n<td>Hungarian Wolfram Factory, Kremenetzky<\/td>\n<\/tr>\n<tr>\n<td>1,500<\/td>\n<td>Hungarian Steel Co. Ltd.<\/td>\n<\/tr>\n<tr>\n<td>600<\/td>\n<td>Haverland<\/td>\n<\/tr>\n<tr>\n<td>800<\/td>\n<td>Weisz Manfred, Atheneum, Terla, Mikron, Karpat Furniture, Weltzl, etc.<\/td>\n<\/tr>\n<tr>\n<td>2,000<\/td>\n<td>1.0 Card of VI-XII District Police H.Q<\/td>\n<\/tr>\n<tr>\n<td><\/td>\n<td><\/td>\n<\/tr>\n<tr>\n<td><\/td>\n<td><strong>Exemption from military to employees of selected industries<\/strong> <strong>(With Photo)<\/strong><\/td>\n<\/tr>\n<tr>\n<td>30<\/td>\n<td>Mabi (health insurance)<\/td>\n<\/tr>\n<tr>\n<td>60<\/td>\n<td>Fortuna Commercial Co. Ltd.<\/td>\n<\/tr>\n<tr>\n<td>30<\/td>\n<td>Sevics Luggage Shop<\/td>\n<\/tr>\n<tr>\n<td>40<\/td>\n<td>Terla Pharmaceutical Co<\/td>\n<\/tr>\n<tr>\n<td>25<\/td>\n<td>Hungarian Foreign Ministry<\/td>\n<\/tr>\n<tr>\n<td><\/td>\n<td><\/td>\n<\/tr>\n<tr>\n<td><\/td>\n<td><strong>Diplomatic certificates<\/strong><\/td>\n<\/tr>\n<tr>\n<td>50<\/td>\n<td>San Salvador Consulate<\/td>\n<\/tr>\n<tr>\n<td>50<\/td>\n<td>Paraguay Consulate<\/td>\n<\/tr>\n<tr>\n<td>120<\/td>\n<td>Swiss Consulate<\/td>\n<\/tr>\n<tr>\n<td><\/td>\n<td><\/td>\n<\/tr>\n<tr>\n<td><\/td>\n<td><strong>Refugee (fron the Red Army) without photo<\/strong><\/td>\n<\/tr>\n<tr>\n<td>2,000<\/td>\n<td>Distributed by request<\/td>\n<\/tr>\n<tr>\n<td>30<\/td>\n<td>Swedish Shutzpass<\/td>\n<\/tr>\n<tr>\n<td>450<\/td>\n<td>he Vatikan\u00a0 Shutzpass<\/td>\n<\/tr>\n<tr>\n<td>15<\/td>\n<td>USA citizenship<\/td>\n<\/tr>\n<tr>\n<td>25<\/td>\n<td>Same with Permit to redode in Szeged<\/td>\n<\/tr>\n<tr>\n<td><\/td>\n<td><\/td>\n<\/tr>\n<tr>\n<td><\/td>\n<td><strong>Slovak certificates for Slovaks who cant speak Hungarian<\/strong><\/td>\n<\/tr>\n<tr>\n<td>30<\/td>\n<td>Slovak citizemship<\/td>\n<\/tr>\n<tr>\n<td>80<\/td>\n<td>Slovak citizemship with permit tostay in Budapest<\/td>\n<\/tr>\n<tr>\n<td>12<\/td>\n<td>Slovak Passport<\/td>\n<\/tr>\n<tr>\n<td>20<\/td>\n<td>Slovak and Bullgarian Visas<\/td>\n<\/tr>\n<tr>\n<td><\/td>\n<td><\/td>\n<\/tr>\n<tr>\n<td><\/td>\n<td><strong>Certification by the authority controilling Foreigners<\/strong><\/td>\n<\/tr>\n<tr>\n<td><\/td>\n<td><strong>Jugoslav Citizenship<\/strong><\/td>\n<\/tr>\n<tr>\n<td>45<\/td>\n<td>For non-Hungarian speakers.<\/td>\n<\/tr>\n<tr>\n<td>300<\/td>\n<td>Polish Citizenship by authority in Szent Endre<\/td>\n<\/tr>\n<tr>\n<td>200<\/td>\n<td>Same from Tabi district<\/td>\n<\/tr>\n<tr>\n<td>50<\/td>\n<td>Travel permit to Satumare<\/td>\n<\/tr>\n<tr>\n<td>200<\/td>\n<td>Hungarian Citizenship<\/td>\n<\/tr>\n<tr>\n<td>4,000<\/td>\n<td>residence Permit (Cert of good character+residence+employment+tax records)<\/td>\n<\/tr>\n<tr>\n<td>20<\/td>\n<td>Certificate of Gestapo<\/td>\n<\/tr>\n<tr>\n<td>170<\/td>\n<td>Membership in Cross\u00a0 Arrow<\/td>\n<\/tr>\n<tr>\n<td>250<\/td>\n<td>&#8222;Open&#8221; writs of Cross Arrow<\/td>\n<\/tr>\n<tr>\n<td><\/td>\n<td><\/td>\n<\/tr>\n<tr>\n<td><\/td>\n<td><\/td>\n<\/tr>\n<tr>\n<td><\/td>\n<td><strong>Periodic stamp and signing of proper authorities<\/strong><\/td>\n<\/tr>\n<tr>\n<td>7,000<\/td>\n<td>Food tickets<\/td>\n<\/tr>\n<tr>\n<td>60,000-80,000<\/td>\n<td>Police registration of residence<\/td>\n<\/tr>\n<tr>\n<td>450<\/td>\n<td>LEVENTE membership<\/td>\n<\/tr>\n<tr>\n<td>70<\/td>\n<td>GI (Military) Ceertificate<\/td>\n<\/tr>\n<tr>\n<td>120<\/td>\n<td>Military payment booklet<\/td>\n<\/tr>\n<tr>\n<td>180<\/td>\n<td>Military release from service<\/td>\n<\/tr>\n<tr>\n<td>50<\/td>\n<td>Military Emergency summmons<\/td>\n<\/tr>\n<tr>\n<td>25<\/td>\n<td>Military passage permit<\/td>\n<\/tr>\n<tr>\n<td>700<\/td>\n<td>Military leave<\/td>\n<\/tr>\n<tr>\n<td>400<\/td>\n<td>Military summons &#8211; form without details<\/td>\n<\/tr>\n<tr>\n<td>3,500<\/td>\n<td>Exemption from Military due incompetence<\/td>\n<\/tr>\n<tr>\n<td><\/td>\n<td><\/td>\n<\/tr>\n<tr>\n<td><\/td>\n<td><\/td>\n<\/tr>\n<tr>\n<td><\/td>\n<td><strong>Produced in the Glass House under Alexender Grossman<\/strong><\/td>\n<\/tr>\n<tr>\n<td>120,000<\/td>\n<td>Swiss Schutzpass<\/td>\n<\/tr>\n<\/tbody>\n<\/table>\n","protected":false},"excerpt":{"rendered":"<p>&nbsp; Quantity Type of Certificate 10,500 Birth Certificate 8,300 Marriage Certificate 10,150 Identity Card 3,300 Catholic Baptism 1,600 Catholic Marriage 1,200 Protestant Baptism 750 Protestant Marriage 50 Unitaroan Baptism 50 Unitarian Marriage 300 Birth certificate &#8211; Poland (Printed) 300 Birth certificate &#8211; Poland (Duplocated)) 150 Birth certificate &#8211; Poland (Typewritten) 80 Birth certificate &#8211; Slovakia [&hellip;]<\/p>\n","protected":false},"author":2,"featured_media":4232,"parent":4705,"menu_order":6,"comment_status":"closed","ping_status":"closed","template":"","meta":{"_acf_changed":false,"footnotes":""},"class_list":["post-4730","page","type-page","status-publish","has-post-thumbnail","hentry"],"acf":[],"yoast_head":"<!-- This site is optimized with the Yoast SEO plugin v27.4 - https:\/\/yoast.com\/product\/yoast-seo-wordpress\/ -->\n<title>A m\u0171helyben el\u0151\u00e1ll\u00edtott k\u00fcl\u00f6nb\u00f6z\u0151 igazol\u00e1sok - \u05d4\u05e2\u05de\u05d5\u05ea\u05d4 \u05dc\u05d7\u05e7\u05e8 \u05ea\u05e0\u05d5\u05e2\u05d5\u05ea \u05d4\u05e0\u05d5\u05e2\u05e8 \u05d4\u05e6\u05d9\u05d5\u05e0\u05d9\u05d5\u05ea \u05d1\u05d4\u05d5\u05e0\u05d2\u05e8\u05d9\u05d4<\/title>\n<meta name=\"robots\" content=\"index, follow, max-snippet:-1, max-image-preview:large, max-video-preview:-1\" \/>\n<link rel=\"canonical\" href=\"https:\/\/machteret1944.org\/hu\/hamis-iratok\/the-various-certificate-produced-at-the-lab\/\" \/>\n<meta property=\"og:locale\" content=\"hu_HU\" \/>\n<meta property=\"og:type\" content=\"article\" \/>\n<meta property=\"og:title\" content=\"A m\u0171helyben el\u0151\u00e1ll\u00edtott k\u00fcl\u00f6nb\u00f6z\u0151 igazol\u00e1sok - \u05d4\u05e2\u05de\u05d5\u05ea\u05d4 \u05dc\u05d7\u05e7\u05e8 \u05ea\u05e0\u05d5\u05e2\u05d5\u05ea \u05d4\u05e0\u05d5\u05e2\u05e8 \u05d4\u05e6\u05d9\u05d5\u05e0\u05d9\u05d5\u05ea \u05d1\u05d4\u05d5\u05e0\u05d2\u05e8\u05d9\u05d4\" \/>\n<meta property=\"og:description\" content=\"&nbsp; Quantity Type of Certificate 10,500 Birth Certificate 8,300 Marriage Certificate 10,150 Identity Card 3,300 Catholic Baptism 1,600 Catholic Marriage 1,200 Protestant Baptism 750 Protestant Marriage 50 Unitaroan Baptism 50 Unitarian Marriage 300 Birth certificate &#8211; Poland (Printed) 300 Birth certificate &#8211; Poland (Duplocated)) 150 Birth certificate &#8211; Poland (Typewritten) 80 Birth certificate &#8211; Slovakia [&hellip;]\" \/>\n<meta property=\"og:url\" content=\"https:\/\/machteret1944.org\/hu\/hamis-iratok\/the-various-certificate-produced-at-the-lab\/\" \/>\n<meta property=\"og:site_name\" content=\"\u05d4\u05e2\u05de\u05d5\u05ea\u05d4 \u05dc\u05d7\u05e7\u05e8 \u05ea\u05e0\u05d5\u05e2\u05d5\u05ea \u05d4\u05e0\u05d5\u05e2\u05e8 \u05d4\u05e6\u05d9\u05d5\u05e0\u05d9\u05d5\u05ea \u05d1\u05d4\u05d5\u05e0\u05d2\u05e8\u05d9\u05d4\" \/>\n<meta property=\"article:modified_time\" content=\"2024-03-16T09:13:49+00:00\" \/>\n<meta property=\"og:image\" content=\"https:\/\/machteret1944.org\/wp-content\/uploads\/2021\/04\/TEUDOT.jpg\" \/>\n\t<meta property=\"og:image:width\" content=\"896\" \/>\n\t<meta property=\"og:image:height\" content=\"575\" \/>\n\t<meta property=\"og:image:type\" content=\"image\/jpeg\" \/>\n<meta name=\"twitter:card\" content=\"summary_large_image\" \/>\n<meta name=\"twitter:label1\" content=\"Becs\u00fclt olvas\u00e1si id\u0151\" \/>\n\t<meta name=\"twitter:data1\" content=\"3 perc\" \/>\n<script type=\"application\/ld+json\" class=\"yoast-schema-graph\">{\"@context\":\"https:\\\/\\\/schema.org\",\"@graph\":[{\"@type\":\"WebPage\",\"@id\":\"https:\\\/\\\/machteret1944.org\\\/hu\\\/hamis-iratok\\\/the-various-certificate-produced-at-the-lab\\\/\",\"url\":\"https:\\\/\\\/machteret1944.org\\\/hu\\\/hamis-iratok\\\/the-various-certificate-produced-at-the-lab\\\/\",\"name\":\"A m\u0171helyben el\u0151\u00e1ll\u00edtott k\u00fcl\u00f6nb\u00f6z\u0151 igazol\u00e1sok - \u05d4\u05e2\u05de\u05d5\u05ea\u05d4 \u05dc\u05d7\u05e7\u05e8 \u05ea\u05e0\u05d5\u05e2\u05d5\u05ea \u05d4\u05e0\u05d5\u05e2\u05e8 \u05d4\u05e6\u05d9\u05d5\u05e0\u05d9\u05d5\u05ea \u05d1\u05d4\u05d5\u05e0\u05d2\u05e8\u05d9\u05d4\",\"isPartOf\":{\"@id\":\"https:\\\/\\\/machteret1944.org\\\/hu\\\/#website\"},\"primaryImageOfPage\":{\"@id\":\"https:\\\/\\\/machteret1944.org\\\/hu\\\/hamis-iratok\\\/the-various-certificate-produced-at-the-lab\\\/#primaryimage\"},\"image\":{\"@id\":\"https:\\\/\\\/machteret1944.org\\\/hu\\\/hamis-iratok\\\/the-various-certificate-produced-at-the-lab\\\/#primaryimage\"},\"thumbnailUrl\":\"https:\\\/\\\/machteret1944.org\\\/wp-content\\\/uploads\\\/2021\\\/04\\\/TEUDOT.jpg\",\"datePublished\":\"2021-04-06T12:37:20+00:00\",\"dateModified\":\"2024-03-16T09:13:49+00:00\",\"breadcrumb\":{\"@id\":\"https:\\\/\\\/machteret1944.org\\\/hu\\\/hamis-iratok\\\/the-various-certificate-produced-at-the-lab\\\/#breadcrumb\"},\"inLanguage\":\"hu\",\"potentialAction\":[{\"@type\":\"ReadAction\",\"target\":[\"https:\\\/\\\/machteret1944.org\\\/hu\\\/hamis-iratok\\\/the-various-certificate-produced-at-the-lab\\\/\"]}]},{\"@type\":\"ImageObject\",\"inLanguage\":\"hu\",\"@id\":\"https:\\\/\\\/machteret1944.org\\\/hu\\\/hamis-iratok\\\/the-various-certificate-produced-at-the-lab\\\/#primaryimage\",\"url\":\"https:\\\/\\\/machteret1944.org\\\/wp-content\\\/uploads\\\/2021\\\/04\\\/TEUDOT.jpg\",\"contentUrl\":\"https:\\\/\\\/machteret1944.org\\\/wp-content\\\/uploads\\\/2021\\\/04\\\/TEUDOT.jpg\",\"width\":896,\"height\":575},{\"@type\":\"BreadcrumbList\",\"@id\":\"https:\\\/\\\/machteret1944.org\\\/hu\\\/hamis-iratok\\\/the-various-certificate-produced-at-the-lab\\\/#breadcrumb\",\"itemListElement\":[{\"@type\":\"ListItem\",\"position\":1,\"name\":\"Kezd\u0151lap\",\"item\":\"https:\\\/\\\/machteret1944.org\\\/hu\\\/\"},{\"@type\":\"ListItem\",\"position\":2,\"name\":\"Hamis iratok\",\"item\":\"https:\\\/\\\/machteret1944.org\\\/hu\\\/hamis-iratok\\\/\"},{\"@type\":\"ListItem\",\"position\":3,\"name\":\"A m\u0171helyben el\u0151\u00e1ll\u00edtott k\u00fcl\u00f6nb\u00f6z\u0151 igazol\u00e1sok\"}]},{\"@type\":\"WebSite\",\"@id\":\"https:\\\/\\\/machteret1944.org\\\/hu\\\/#website\",\"url\":\"https:\\\/\\\/machteret1944.org\\\/hu\\\/\",\"name\":\"\u05d4\u05e2\u05de\u05d5\u05ea\u05d4 \u05dc\u05d7\u05e7\u05e8 \u05ea\u05e0\u05d5\u05e2\u05d5\u05ea \u05d4\u05e0\u05d5\u05e2\u05e8 \u05d4\u05e6\u05d9\u05d5\u05e0\u05d9\u05d5\u05ea \u05d1\u05d4\u05d5\u05e0\u05d2\u05e8\u05d9\u05d4\",\"description\":\"\u05d4\u05e2\u05de\u05d5\u05ea\u05d4 \u05dc\u05d7\u05e7\u05e8 \u05ea\u05e0\u05d5\u05e2\u05d5\u05ea \u05d4\u05e0\u05d5\u05e2\u05e8 \u05d4\u05e6\u05d9\u05d5\u05e0\u05d9\u05d5\u05ea \u05d1\u05d4\u05d5\u05e0\u05d2\u05e8\u05d9\u05d4\",\"publisher\":{\"@id\":\"https:\\\/\\\/machteret1944.org\\\/hu\\\/#organization\"},\"potentialAction\":[{\"@type\":\"SearchAction\",\"target\":{\"@type\":\"EntryPoint\",\"urlTemplate\":\"https:\\\/\\\/machteret1944.org\\\/hu\\\/?s={search_term_string}\"},\"query-input\":{\"@type\":\"PropertyValueSpecification\",\"valueRequired\":true,\"valueName\":\"search_term_string\"}}],\"inLanguage\":\"hu\"},{\"@type\":\"Organization\",\"@id\":\"https:\\\/\\\/machteret1944.org\\\/hu\\\/#organization\",\"name\":\"\u05d4\u05e2\u05de\u05d5\u05ea\u05d4 \u05dc\u05d7\u05e7\u05e8 \u05ea\u05e0\u05d5\u05e2\u05d5\u05ea \u05d4\u05e0\u05d5\u05e2\u05e8 \u05d4\u05e6\u05d9\u05d5\u05e0\u05d9\u05d5\u05ea \u05d1\u05d4\u05d5\u05e0\u05d2\u05e8\u05d9\u05d4\",\"url\":\"https:\\\/\\\/machteret1944.org\\\/hu\\\/\",\"logo\":{\"@type\":\"ImageObject\",\"inLanguage\":\"hu\",\"@id\":\"https:\\\/\\\/machteret1944.org\\\/hu\\\/#\\\/schema\\\/logo\\\/image\\\/\",\"url\":\"https:\\\/\\\/machteret1944.org\\\/wp-content\\\/uploads\\\/2020\\\/12\\\/\u05dc\u05d5\u05d2\u05d5-\u05dc\u05e2\u05de\u05d5\u05ea\u05d4.png\",\"contentUrl\":\"https:\\\/\\\/machteret1944.org\\\/wp-content\\\/uploads\\\/2020\\\/12\\\/\u05dc\u05d5\u05d2\u05d5-\u05dc\u05e2\u05de\u05d5\u05ea\u05d4.png\",\"width\":841,\"height\":290,\"caption\":\"\u05d4\u05e2\u05de\u05d5\u05ea\u05d4 \u05dc\u05d7\u05e7\u05e8 \u05ea\u05e0\u05d5\u05e2\u05d5\u05ea \u05d4\u05e0\u05d5\u05e2\u05e8 \u05d4\u05e6\u05d9\u05d5\u05e0\u05d9\u05d5\u05ea \u05d1\u05d4\u05d5\u05e0\u05d2\u05e8\u05d9\u05d4\"},\"image\":{\"@id\":\"https:\\\/\\\/machteret1944.org\\\/hu\\\/#\\\/schema\\\/logo\\\/image\\\/\"}}]}<\/script>\n<!-- \/ Yoast SEO plugin. -->","yoast_head_json":{"title":"A m\u0171helyben el\u0151\u00e1ll\u00edtott k\u00fcl\u00f6nb\u00f6z\u0151 igazol\u00e1sok - \u05d4\u05e2\u05de\u05d5\u05ea\u05d4 \u05dc\u05d7\u05e7\u05e8 \u05ea\u05e0\u05d5\u05e2\u05d5\u05ea \u05d4\u05e0\u05d5\u05e2\u05e8 \u05d4\u05e6\u05d9\u05d5\u05e0\u05d9\u05d5\u05ea \u05d1\u05d4\u05d5\u05e0\u05d2\u05e8\u05d9\u05d4","robots":{"index":"index","follow":"follow","max-snippet":"max-snippet:-1","max-image-preview":"max-image-preview:large","max-video-preview":"max-video-preview:-1"},"canonical":"https:\/\/machteret1944.org\/hu\/hamis-iratok\/the-various-certificate-produced-at-the-lab\/","og_locale":"hu_HU","og_type":"article","og_title":"A m\u0171helyben el\u0151\u00e1ll\u00edtott k\u00fcl\u00f6nb\u00f6z\u0151 igazol\u00e1sok - \u05d4\u05e2\u05de\u05d5\u05ea\u05d4 \u05dc\u05d7\u05e7\u05e8 \u05ea\u05e0\u05d5\u05e2\u05d5\u05ea \u05d4\u05e0\u05d5\u05e2\u05e8 \u05d4\u05e6\u05d9\u05d5\u05e0\u05d9\u05d5\u05ea \u05d1\u05d4\u05d5\u05e0\u05d2\u05e8\u05d9\u05d4","og_description":"&nbsp; Quantity Type of Certificate 10,500 Birth Certificate 8,300 Marriage Certificate 10,150 Identity Card 3,300 Catholic Baptism 1,600 Catholic Marriage 1,200 Protestant Baptism 750 Protestant Marriage 50 Unitaroan Baptism 50 Unitarian Marriage 300 Birth certificate &#8211; Poland (Printed) 300 Birth certificate &#8211; Poland (Duplocated)) 150 Birth certificate &#8211; Poland (Typewritten) 80 Birth certificate &#8211; Slovakia [&hellip;]","og_url":"https:\/\/machteret1944.org\/hu\/hamis-iratok\/the-various-certificate-produced-at-the-lab\/","og_site_name":"\u05d4\u05e2\u05de\u05d5\u05ea\u05d4 \u05dc\u05d7\u05e7\u05e8 \u05ea\u05e0\u05d5\u05e2\u05d5\u05ea \u05d4\u05e0\u05d5\u05e2\u05e8 \u05d4\u05e6\u05d9\u05d5\u05e0\u05d9\u05d5\u05ea \u05d1\u05d4\u05d5\u05e0\u05d2\u05e8\u05d9\u05d4","article_modified_time":"2024-03-16T09:13:49+00:00","og_image":[{"width":896,"height":575,"url":"https:\/\/machteret1944.org\/wp-content\/uploads\/2021\/04\/TEUDOT.jpg","type":"image\/jpeg"}],"twitter_card":"summary_large_image","twitter_misc":{"Becs\u00fclt olvas\u00e1si id\u0151":"3 perc"},"schema":{"@context":"https:\/\/schema.org","@graph":[{"@type":"WebPage","@id":"https:\/\/machteret1944.org\/hu\/hamis-iratok\/the-various-certificate-produced-at-the-lab\/","url":"https:\/\/machteret1944.org\/hu\/hamis-iratok\/the-various-certificate-produced-at-the-lab\/","name":"A m\u0171helyben el\u0151\u00e1ll\u00edtott k\u00fcl\u00f6nb\u00f6z\u0151 igazol\u00e1sok - \u05d4\u05e2\u05de\u05d5\u05ea\u05d4 \u05dc\u05d7\u05e7\u05e8 \u05ea\u05e0\u05d5\u05e2\u05d5\u05ea \u05d4\u05e0\u05d5\u05e2\u05e8 \u05d4\u05e6\u05d9\u05d5\u05e0\u05d9\u05d5\u05ea \u05d1\u05d4\u05d5\u05e0\u05d2\u05e8\u05d9\u05d4","isPartOf":{"@id":"https:\/\/machteret1944.org\/hu\/#website"},"primaryImageOfPage":{"@id":"https:\/\/machteret1944.org\/hu\/hamis-iratok\/the-various-certificate-produced-at-the-lab\/#primaryimage"},"image":{"@id":"https:\/\/machteret1944.org\/hu\/hamis-iratok\/the-various-certificate-produced-at-the-lab\/#primaryimage"},"thumbnailUrl":"https:\/\/machteret1944.org\/wp-content\/uploads\/2021\/04\/TEUDOT.jpg","datePublished":"2021-04-06T12:37:20+00:00","dateModified":"2024-03-16T09:13:49+00:00","breadcrumb":{"@id":"https:\/\/machteret1944.org\/hu\/hamis-iratok\/the-various-certificate-produced-at-the-lab\/#breadcrumb"},"inLanguage":"hu","potentialAction":[{"@type":"ReadAction","target":["https:\/\/machteret1944.org\/hu\/hamis-iratok\/the-various-certificate-produced-at-the-lab\/"]}]},{"@type":"ImageObject","inLanguage":"hu","@id":"https:\/\/machteret1944.org\/hu\/hamis-iratok\/the-various-certificate-produced-at-the-lab\/#primaryimage","url":"https:\/\/machteret1944.org\/wp-content\/uploads\/2021\/04\/TEUDOT.jpg","contentUrl":"https:\/\/machteret1944.org\/wp-content\/uploads\/2021\/04\/TEUDOT.jpg","width":896,"height":575},{"@type":"BreadcrumbList","@id":"https:\/\/machteret1944.org\/hu\/hamis-iratok\/the-various-certificate-produced-at-the-lab\/#breadcrumb","itemListElement":[{"@type":"ListItem","position":1,"name":"Kezd\u0151lap","item":"https:\/\/machteret1944.org\/hu\/"},{"@type":"ListItem","position":2,"name":"Hamis iratok","item":"https:\/\/machteret1944.org\/hu\/hamis-iratok\/"},{"@type":"ListItem","position":3,"name":"A m\u0171helyben el\u0151\u00e1ll\u00edtott k\u00fcl\u00f6nb\u00f6z\u0151 igazol\u00e1sok"}]},{"@type":"WebSite","@id":"https:\/\/machteret1944.org\/hu\/#website","url":"https:\/\/machteret1944.org\/hu\/","name":"\u05d4\u05e2\u05de\u05d5\u05ea\u05d4 \u05dc\u05d7\u05e7\u05e8 \u05ea\u05e0\u05d5\u05e2\u05d5\u05ea \u05d4\u05e0\u05d5\u05e2\u05e8 \u05d4\u05e6\u05d9\u05d5\u05e0\u05d9\u05d5\u05ea \u05d1\u05d4\u05d5\u05e0\u05d2\u05e8\u05d9\u05d4","description":"\u05d4\u05e2\u05de\u05d5\u05ea\u05d4 \u05dc\u05d7\u05e7\u05e8 \u05ea\u05e0\u05d5\u05e2\u05d5\u05ea \u05d4\u05e0\u05d5\u05e2\u05e8 \u05d4\u05e6\u05d9\u05d5\u05e0\u05d9\u05d5\u05ea \u05d1\u05d4\u05d5\u05e0\u05d2\u05e8\u05d9\u05d4","publisher":{"@id":"https:\/\/machteret1944.org\/hu\/#organization"},"potentialAction":[{"@type":"SearchAction","target":{"@type":"EntryPoint","urlTemplate":"https:\/\/machteret1944.org\/hu\/?s={search_term_string}"},"query-input":{"@type":"PropertyValueSpecification","valueRequired":true,"valueName":"search_term_string"}}],"inLanguage":"hu"},{"@type":"Organization","@id":"https:\/\/machteret1944.org\/hu\/#organization","name":"\u05d4\u05e2\u05de\u05d5\u05ea\u05d4 \u05dc\u05d7\u05e7\u05e8 \u05ea\u05e0\u05d5\u05e2\u05d5\u05ea \u05d4\u05e0\u05d5\u05e2\u05e8 \u05d4\u05e6\u05d9\u05d5\u05e0\u05d9\u05d5\u05ea \u05d1\u05d4\u05d5\u05e0\u05d2\u05e8\u05d9\u05d4","url":"https:\/\/machteret1944.org\/hu\/","logo":{"@type":"ImageObject","inLanguage":"hu","@id":"https:\/\/machteret1944.org\/hu\/#\/schema\/logo\/image\/","url":"https:\/\/machteret1944.org\/wp-content\/uploads\/2020\/12\/\u05dc\u05d5\u05d2\u05d5-\u05dc\u05e2\u05de\u05d5\u05ea\u05d4.png","contentUrl":"https:\/\/machteret1944.org\/wp-content\/uploads\/2020\/12\/\u05dc\u05d5\u05d2\u05d5-\u05dc\u05e2\u05de\u05d5\u05ea\u05d4.png","width":841,"height":290,"caption":"\u05d4\u05e2\u05de\u05d5\u05ea\u05d4 \u05dc\u05d7\u05e7\u05e8 \u05ea\u05e0\u05d5\u05e2\u05d5\u05ea \u05d4\u05e0\u05d5\u05e2\u05e8 \u05d4\u05e6\u05d9\u05d5\u05e0\u05d9\u05d5\u05ea \u05d1\u05d4\u05d5\u05e0\u05d2\u05e8\u05d9\u05d4"},"image":{"@id":"https:\/\/machteret1944.org\/hu\/#\/schema\/logo\/image\/"}}]}},"_links":{"self":[{"href":"https:\/\/machteret1944.org\/hu\/wp-json\/wp\/v2\/pages\/4730","targetHints":{"allow":["GET"]}}],"collection":[{"href":"https:\/\/machteret1944.org\/hu\/wp-json\/wp\/v2\/pages"}],"about":[{"href":"https:\/\/machteret1944.org\/hu\/wp-json\/wp\/v2\/types\/page"}],"author":[{"embeddable":true,"href":"https:\/\/machteret1944.org\/hu\/wp-json\/wp\/v2\/users\/2"}],"replies":[{"embeddable":true,"href":"https:\/\/machteret1944.org\/hu\/wp-json\/wp\/v2\/comments?post=4730"}],"version-history":[{"count":3,"href":"https:\/\/machteret1944.org\/hu\/wp-json\/wp\/v2\/pages\/4730\/revisions"}],"predecessor-version":[{"id":4975,"href":"https:\/\/machteret1944.org\/hu\/wp-json\/wp\/v2\/pages\/4730\/revisions\/4975"}],"up":[{"embeddable":true,"href":"https:\/\/machteret1944.org\/hu\/wp-json\/wp\/v2\/pages\/4705"}],"wp:featuredmedia":[{"embeddable":true,"href":"https:\/\/machteret1944.org\/hu\/wp-json\/wp\/v2\/media\/4232"}],"wp:attachment":[{"href":"https:\/\/machteret1944.org\/hu\/wp-json\/wp\/v2\/media?parent=4730"}],"curies":[{"name":"wp","href":"https:\/\/api.w.org\/{rel}","templated":true}]}}