{"id":4735,"date":"2021-04-27T12:38:25","date_gmt":"2021-04-27T12:38:25","guid":{"rendered":"https:\/\/machteret1944.org\/mentoakciok\/the-liberation-of-120-underground\/"},"modified":"2024-02-05T14:46:41","modified_gmt":"2024-02-05T14:46:41","slug":"120-foldalatti-tag-kiszabaditasa-a-margit-koruti-foghazbol","status":"publish","type":"page","link":"https:\/\/machteret1944.org\/hu\/mentoakciok\/120-foldalatti-tag-kiszabaditasa-a-margit-koruti-foghazbol\/","title":{"rendered":"120 f\u00f6ldalatti tag kiszabad\u00edt\u00e1sa a Margit k\u00f6r\u00fati fogh\u00e1zb\u00f3l"},"content":{"rendered":"<ol start=\"1944\">\n<li>1944. december v\u00e9ge fel\u00e9 elfogt\u00e1k David Gurt, Miki Langert \u00e9s Andrej F\u00e1bryt, az okm\u00e1nyhamis\u00edt\u00f3 m\u0171hely h\u00e1rom m\u0171k\u00f6dtet\u0151j\u00e9t. Megpr\u00f3b\u00e1ltak \u00faj helyet tal\u00e1lni m\u0171k\u00f6d\u00e9s\u00fcknek, \u00e9s a budapesti egyetem v\u00e1rosi f\u0151\u00e9p\u00edt\u00e9sz\u00e9nek irod\u00e1iban rendezkedtek be. A gyanakv\u00f3 szomsz\u00e9dok nyilv\u00e1nval\u00f3an \u00e9rtes\u00edtett\u00e9k a hat\u00f3s\u00e1gokat, \u00e9s a nyomoz\u00f3k nem sokkal k\u00e9s\u0151bb meg\u00e9rkeztek.<\/li>\n<\/ol>\n<p>A h\u00e1rom f\u00e9rfit letart\u00f3ztat\u00f3 nyomoz\u00f3k nem ismert\u00e9k fel a f\u00e9rfiakn\u00e1l lefoglalt felszerel\u00e9s fontoss\u00e1g\u00e1t, illetve annak c\u00e9lj\u00e1t. Mindh\u00e1rmukat kihallgatt\u00e1k, j\u00e1tszottak a pecs\u00e9tekkel, \u00e9s felsz\u00f3l\u00edtott\u00e1k a f\u00e9rfiakat, hogy v\u00e1logass\u00e1k sz\u00e9t a b\u0151r\u00f6nd\u00f6k tartalm\u00e1t. D\u00e1vid \u00e9s t\u00e1rsai kihaszn\u00e1lt\u00e1k az alkalmat, hogy let\u00e9pj\u00e9k a f\u00e9nyk\u00e9peket az iratokr\u00f3l, \u00e9s megsemmis\u00edts\u00e9k a f\u00f6ldalatti Cionista Ifj\u00fas\u00e1gi Ellen\u00e1ll\u00e1si Mozgalom (CIEM) \u00e9s k\u00fcl\u00f6nb\u00f6z\u0151 szervezetek \u00e1ltal haszn\u00e1lt k\u00f3dokat, \u00e9s megr\u00e1gt\u00e1k a saj\u00e1t hamis\u00edtott dokumentumaikat.<\/p>\n<p>David Gur abban az id\u0151ben Moshe Alpan (Pil), a CIEM egyik vezet\u0151j\u00e9vel \u00e9lt egy\u00fctt, \u00e9s az \u00e1ltala haszn\u00e1lt hamis\u00edtott dokumentumokban Pil testv\u00e9rek\u00e9nt, Raposk\u00e9nt szerepelt. Amikor D\u00e1vid aznap este nem t\u00e9rt vissza a m\u0171helyb\u0151l, Pil r\u00e1j\u00f6tt, hogy valami sz\u00f6rny\u0171s\u00e9g t\u00f6rt\u00e9nt. \u0150, a bar\u00e1tn\u0151je \u00e9s a testv\u00e9rei, valamint a CIEM t\u00f6bbi vezet\u0151je azonnal elhagyta a lak\u00e1s\u00e1t az ilyen forgat\u00f3k\u00f6nyvekre el\u0151re megbesz\u00e9lt elj\u00e1r\u00e1soknak megfelel\u0151en.<\/p>\n<p>Aznap este a h\u00e1rom m\u0171helyvezet\u0151t \u00e1tadt\u00e1k a nyilasoknak, akik egy bizonyos ponton r\u00e1j\u00f6ttek, hogy &#8222;nagy halat&#8221; fogtak. A h\u00e1rmas azonban semmilyen inform\u00e1ci\u00f3t nem \u00e1rult el. Levetk\u0151ztett\u00e9k \u0151ket \u00e9s megk\u00ednozt\u00e1k, s\u00falyosan megvert\u00e9k \u00e9s \u00e1rammal sokkolt\u00e1k \u0151ket. Langer Miki nem \u00e9lte t\u00fal az \u00e9jszak\u00e1t.<\/p>\n<p>David Gur \u00e9s Andrej F\u00e1bry an\u00e9lk\u00fcl v\u00e9szelt\u00e9k \u00e1t az \u00e9jszak\u00e1t, hogy egy sz\u00f3t is sz\u00f3ltak volna. Ezut\u00e1n a k\u00f6zponti b\u00f6rt\u00f6nbe vitt\u00e9k \u0151ket, ahol tal\u00e1lkoztak a kor\u00e1bban elfogott \u00e9s hal\u00e1lra \u00edt\u00e9lt t\u00e1rsaikkal.<\/p>\n<p>December 22-r\u0151l 23-ra virrad\u00f3 \u00e9jszaka a V\u00f6r\u00f6s Hadsereg tankjai el\u00e9rt\u00e9k a Sz\u00e9l K\u00e1lm\u00e1n teret, mintegy 200 m\u00e9terre a b\u00f6rt\u00f6nt\u0151l. A n\u00e9met-magyar er\u0151knek siker\u00fclt egy kicsit visszaszor\u00edtaniuk az oroszokat.<\/p>\n<p>K\u00f6zben az okm\u00e1nym\u0171hely elfoglal\u00e1s\u00e1nak f\u00e9ny\u00e9ben az \u00fcvegh\u00e1zban \u00f6ssze\u00fcltek az ellen\u00e1ll\u00e1s vezet\u0151i, k\u00f6zt\u00fck Alexander Grossmann, Rafi Benshalom, Moshe Alpan (Pil), Efra Agmon, Mimish Herbst \u00e9s Peretz R\u00e9v\u00e9sz. Azt a h\u00edrt kapt\u00e1k, hogy az alvil\u00e1gi tagokat megk\u00ednozz\u00e1k, hogy megpr\u00f3b\u00e1ljanak inform\u00e1ci\u00f3kat kicsikarni bel\u0151l\u00fck a CIEM-r\u0151l, \u00e9s hogy a nyilasok n\u00e9h\u00e1ny napon bel\u00fcl ki akarj\u00e1k v\u00e9gezni \u0151ket. A f\u00f6ldalatti vezet\u00e9s nagyon agg\u00f3dott a foglyok \u00e9let\u00e9\u00e9rt. Gyors megold\u00e1sra volt sz\u00fcks\u00e9g, hogy megments\u00e9k az \u00e9let\u00fcket, \u00e9s megakad\u00e1lyozz\u00e1k a kritikus inform\u00e1ci\u00f3k kisziv\u00e1rg\u00e1s\u00e1t. Komolyan agg\u00f3dtak az eg\u00e9sz CIEM \u00e9s a nem cionista f\u00f6ldalatti szervezet buk\u00e1s\u00e1t\u00f3l egyar\u00e1nt.<\/p>\n<p>Herbst \u00e9s Alpan tal\u00e1ltak egy magyar tisztet, aki hajland\u00f3 volt &#8211; hatalmas \u00f6sszeg\u00e9rt cser\u00e9be &#8211; seg\u00edteni a foglyok kiszabad\u00edt\u00e1s\u00e1ban. December 25-\u00e9n k\u00e9t katona k\u00eds\u00e9ret\u00e9ben megjelent a b\u00f6rt\u00f6nben, \u00e9s utas\u00edtotta a b\u00f6rt\u00f6n\u0151r\u00f6ket, hogy a foglyokat, a CIEM-tagokat sorakoztass\u00e1k fel odakint. A tiszt egy list\u00e1r\u00f3l neveket mondott, \u00e9s a megnevezett f\u00e9rfiaknak parancsba adta, hogy l\u00e9pjenek el\u0151re. Egy\u00e9rtelm\u0171 volt, hogy akit sz\u00f3l\u00edtanak, azt a Dun\u00e1hoz vez\u00e9nylik, hogy a foly\u00f3ba l\u0151j\u00e9k. A magyar tiszt furcsa neveket ki\u00e1ltott, \u00e9s a f\u00e9rfiak kezdtek r\u00e1j\u00f6nni, hogy valaki a f\u00f6ldalattiban haszn\u00e1lt fed\u0151nevek alapj\u00e1n k\u00e9sz\u00edtette a list\u00e1t. Senki sem l\u00e9pett el\u0151. Azt\u00e1n a tiszt a Farkas-Rapos Tibor-Grosz nevet ki\u00e1ltotta. Ez volt a v\u00e9gsz\u00f3! Gur D\u00e1vid a kihallgat\u00e1sa sor\u00e1n az igazi (magyar) nev\u00e9n, Grosz Endr\u00e9n\u00e9l azonos\u00edtotta mag\u00e1t, \u00e9s a Rapos n\u00e9v, amelyet neki tal\u00e1ltak ki, ugyanakkor, mint Pil, Moshe Alpan sz\u00e1m\u00e1ra, soha nem hangzott el. D\u00e1vid r\u00e1j\u00f6tt, hogy a lista szerz\u0151je Pil, \u00e9s jelezte t\u00e1rsainak, hogy l\u00e9pjenek el\u0151re, hiszen a CIEM \u00e1ll a t\u00f6rt\u00e9ntek m\u00f6g\u00f6tt. Mintha csak ezt a k\u00f6vetkeztet\u00e9st akarn\u00e1 meger\u0151s\u00edteni, a tiszt a foglyok k\u00f6z\u00fcl Vili Eisikovics nev\u00e9t ki\u00e1ltotta, aki a Dror Habonim ifj\u00fas\u00e1gi mozgalomhoz tartozott, b\u00e1r \u0151 mag\u00e1t Slomovicsk\u00e9nt azonos\u00edtotta.<\/p>\n<p>Az a 17 f\u00e9rfi, akinek a nev\u00e9t kimondt\u00e1k, el\u0151rel\u00e9pett, \u00e9s \u00e1tadt\u00e1k \u0151ket a tisztnek, aki kivezette \u0151ket a b\u00f6rt\u00f6n ter\u00fclet\u00e9r\u0151l. Az eg\u00e9szet megrendezt\u00e9k. El\u00e9rt\u00e9k a Dun\u00e1t, \u00e9s a h\u00edd\u0151r\u00f6k meg\u00e1ll\u00edtott\u00e1k \u0151ket. Azt mondt\u00e1k a tisztnek, hogy gyorsan fusson, mert a h\u00edd alatt robban\u00f3anyagot helyeztek el, \u00e9s b\u00e1rmelyik percben felrobbanhat. Az \u0151r\u00f6kkel egy\u00fctt mindannyian \u00e1trohantak a h\u00eddon, \u00e9s a magyar tiszt a Wekerle utca 17-be vezette az embereket, a CIEM egyik m\u0171veleti k\u00f6zpontj\u00e1ba, amely a sv\u00e1jci k\u00f6vets\u00e9g v\u00e9delme alatt \u00e1llt.<\/p>\n<p>M\u00e9g aznap elk\u00e9sz\u00fclt egy m\u00e1sik n\u00e9vsor, amely a b\u00f6rt\u00f6nben maradt CIEM tagok marad\u00e9k\u00e1b\u00f3l \u00e1llt. Ez\u00fattal a list\u00e1t k\u00f6nnyebb volt \u00f6ssze\u00e1ll\u00edtani, mert a kiszabadult f\u00e9rfiak pontosan tudt\u00e1k, hogy kik maradtak. K\u00f6zben a foglyokat a Margit k\u00f6r\u00fatr\u00f3l a F\u0151 utcai b\u00f6rt\u00f6nbe sz\u00e1ll\u00edtott\u00e1k. M\u00e1snap a magyar tiszt megl\u00e1togatta a b\u00f6rt\u00f6nt, \u00e9s megism\u00e9telte a felsorol\u00e1st. 103 ember helyes nev\u00e9t mondta ki, akik mind el\u0151\u00e1lltak, \u00e9s kivezett\u00e9k \u0151ket a b\u00f6rt\u00f6n kapuj\u00e1n, ahol bajt\u00e1rsaik m\u00e1r v\u00e1rt\u00e1k \u0151ket. Ebben a zseni\u00e1lisan mer\u00e9sz akci\u00f3ban 120 CIEM \u00fcgyn\u00f6k\u00f6t szabad\u00edtottak ki a Margit k\u00f6r\u00fati h\u00edrhedt katonai b\u00f6rt\u00f6nb\u0151l.<\/p>\n<p>Az akci\u00f3 az operat\u00edv siker mellett komoly anyagi v\u00e1llalkoz\u00e1s is volt, \u00e9rdemes megeml\u00edteni, hogyan siker\u00fclt \u00f6sszegy\u0171jteni a kalandv\u00e1gy\u00f3 magyar tiszt \u00e1ltal k\u00f6vetelt elk\u00e9peszt\u0151 \u00f6sszeget, 300 &#8222;Nap\u00f3leon-aranyat&#8221;. Az \u00e9rintett kulcsszerepl\u0151k szerint Moshe Alpan n\u00e9hai \u00e9desapja vagyon\u00e1nak marad\u00e9k\u00e1t adom\u00e1nyozta (\u0151 fogorvos volt, aki aranyat haszn\u00e1lt koron\u00e1k \u00e9s t\u00f6m\u00e9sek k\u00e9sz\u00edt\u00e9s\u00e9hez), \u00e9s a Seg\u00e9ly- \u00e9s Ment\u0151bizotts\u00e1g (Offenbach) is hozz\u00e1j\u00e1rult. Alexander Grossmann jelent\u0151s \u00f6sszeget kapott egy magyar nemest\u0151l, akinek a testv\u00e9re szint\u00e9n a Margit k\u00f6r\u00fati b\u00f6rt\u00f6nben volt. Mimish a bolhapiacon t\u00e1rgyalt az \u00e9rm\u00e9k megszerz\u00e9s\u00e9r\u0151l. Peretz R\u00e9v\u00e9sz tal\u00e1lt egy zsid\u00f3 \u00fcgyv\u00e9det, akinek az \u00f6sszeget az akci\u00f3 befejez\u00e9s\u00e9ig meg\u0151rz\u00e9sre \u00e1tadt\u00e1k.<\/p>\n","protected":false},"excerpt":{"rendered":"<p>1944. december v\u00e9ge fel\u00e9 elfogt\u00e1k David Gurt, Miki Langert \u00e9s Andrej F\u00e1bryt, az okm\u00e1nyhamis\u00edt\u00f3 m\u0171hely h\u00e1rom m\u0171k\u00f6dtet\u0151j\u00e9t. Megpr\u00f3b\u00e1ltak \u00faj helyet tal\u00e1lni m\u0171k\u00f6d\u00e9s\u00fcknek, \u00e9s a budapesti egyetem v\u00e1rosi f\u0151\u00e9p\u00edt\u00e9sz\u00e9nek irod\u00e1iban rendezkedtek be. A gyanakv\u00f3 szomsz\u00e9dok nyilv\u00e1nval\u00f3an \u00e9rtes\u00edtett\u00e9k a hat\u00f3s\u00e1gokat, \u00e9s a nyomoz\u00f3k nem sokkal k\u00e9s\u0151bb meg\u00e9rkeztek. A h\u00e1rom f\u00e9rfit letart\u00f3ztat\u00f3 nyomoz\u00f3k nem ismert\u00e9k fel a f\u00e9rfiakn\u00e1l [&hellip;]<\/p>\n","protected":false},"author":2,"featured_media":0,"parent":4487,"menu_order":1,"comment_status":"closed","ping_status":"closed","template":"","meta":{"_acf_changed":false,"footnotes":""},"class_list":["post-4735","page","type-page","status-publish","hentry"],"acf":[],"yoast_head":"<!-- This site is optimized with the Yoast SEO plugin v27.4 - https:\/\/yoast.com\/product\/yoast-seo-wordpress\/ -->\n<title>120 f\u00f6ldalatti tag kiszabad\u00edt\u00e1sa a Margit k\u00f6r\u00fati fogh\u00e1zb\u00f3l - \u05d4\u05e2\u05de\u05d5\u05ea\u05d4 \u05dc\u05d7\u05e7\u05e8 \u05ea\u05e0\u05d5\u05e2\u05d5\u05ea \u05d4\u05e0\u05d5\u05e2\u05e8 \u05d4\u05e6\u05d9\u05d5\u05e0\u05d9\u05d5\u05ea \u05d1\u05d4\u05d5\u05e0\u05d2\u05e8\u05d9\u05d4<\/title>\n<meta name=\"robots\" content=\"index, follow, max-snippet:-1, max-image-preview:large, max-video-preview:-1\" \/>\n<link rel=\"canonical\" href=\"https:\/\/machteret1944.org\/hu\/mentoakciok\/120-foldalatti-tag-kiszabaditasa-a-margit-koruti-foghazbol\/\" \/>\n<meta property=\"og:locale\" content=\"hu_HU\" \/>\n<meta property=\"og:type\" content=\"article\" \/>\n<meta property=\"og:title\" content=\"120 f\u00f6ldalatti tag kiszabad\u00edt\u00e1sa a Margit k\u00f6r\u00fati fogh\u00e1zb\u00f3l - \u05d4\u05e2\u05de\u05d5\u05ea\u05d4 \u05dc\u05d7\u05e7\u05e8 \u05ea\u05e0\u05d5\u05e2\u05d5\u05ea \u05d4\u05e0\u05d5\u05e2\u05e8 \u05d4\u05e6\u05d9\u05d5\u05e0\u05d9\u05d5\u05ea \u05d1\u05d4\u05d5\u05e0\u05d2\u05e8\u05d9\u05d4\" \/>\n<meta property=\"og:description\" content=\"1944. december v\u00e9ge fel\u00e9 elfogt\u00e1k David Gurt, Miki Langert \u00e9s Andrej F\u00e1bryt, az okm\u00e1nyhamis\u00edt\u00f3 m\u0171hely h\u00e1rom m\u0171k\u00f6dtet\u0151j\u00e9t. Megpr\u00f3b\u00e1ltak \u00faj helyet tal\u00e1lni m\u0171k\u00f6d\u00e9s\u00fcknek, \u00e9s a budapesti egyetem v\u00e1rosi f\u0151\u00e9p\u00edt\u00e9sz\u00e9nek irod\u00e1iban rendezkedtek be. A gyanakv\u00f3 szomsz\u00e9dok nyilv\u00e1nval\u00f3an \u00e9rtes\u00edtett\u00e9k a hat\u00f3s\u00e1gokat, \u00e9s a nyomoz\u00f3k nem sokkal k\u00e9s\u0151bb meg\u00e9rkeztek. A h\u00e1rom f\u00e9rfit letart\u00f3ztat\u00f3 nyomoz\u00f3k nem ismert\u00e9k fel a f\u00e9rfiakn\u00e1l [&hellip;]\" \/>\n<meta property=\"og:url\" content=\"https:\/\/machteret1944.org\/hu\/mentoakciok\/120-foldalatti-tag-kiszabaditasa-a-margit-koruti-foghazbol\/\" \/>\n<meta property=\"og:site_name\" content=\"\u05d4\u05e2\u05de\u05d5\u05ea\u05d4 \u05dc\u05d7\u05e7\u05e8 \u05ea\u05e0\u05d5\u05e2\u05d5\u05ea \u05d4\u05e0\u05d5\u05e2\u05e8 \u05d4\u05e6\u05d9\u05d5\u05e0\u05d9\u05d5\u05ea \u05d1\u05d4\u05d5\u05e0\u05d2\u05e8\u05d9\u05d4\" \/>\n<meta property=\"article:modified_time\" content=\"2024-02-05T14:46:41+00:00\" \/>\n<meta name=\"twitter:card\" content=\"summary_large_image\" \/>\n<meta name=\"twitter:label1\" content=\"Becs\u00fclt olvas\u00e1si id\u0151\" \/>\n\t<meta name=\"twitter:data1\" content=\"5 perc\" \/>\n<script type=\"application\/ld+json\" class=\"yoast-schema-graph\">{\"@context\":\"https:\\\/\\\/schema.org\",\"@graph\":[{\"@type\":\"WebPage\",\"@id\":\"https:\\\/\\\/machteret1944.org\\\/hu\\\/mentoakciok\\\/120-foldalatti-tag-kiszabaditasa-a-margit-koruti-foghazbol\\\/\",\"url\":\"https:\\\/\\\/machteret1944.org\\\/hu\\\/mentoakciok\\\/120-foldalatti-tag-kiszabaditasa-a-margit-koruti-foghazbol\\\/\",\"name\":\"120 f\u00f6ldalatti tag kiszabad\u00edt\u00e1sa a Margit k\u00f6r\u00fati fogh\u00e1zb\u00f3l - \u05d4\u05e2\u05de\u05d5\u05ea\u05d4 \u05dc\u05d7\u05e7\u05e8 \u05ea\u05e0\u05d5\u05e2\u05d5\u05ea \u05d4\u05e0\u05d5\u05e2\u05e8 \u05d4\u05e6\u05d9\u05d5\u05e0\u05d9\u05d5\u05ea \u05d1\u05d4\u05d5\u05e0\u05d2\u05e8\u05d9\u05d4\",\"isPartOf\":{\"@id\":\"https:\\\/\\\/machteret1944.org\\\/hu\\\/#website\"},\"datePublished\":\"2021-04-27T12:38:25+00:00\",\"dateModified\":\"2024-02-05T14:46:41+00:00\",\"breadcrumb\":{\"@id\":\"https:\\\/\\\/machteret1944.org\\\/hu\\\/mentoakciok\\\/120-foldalatti-tag-kiszabaditasa-a-margit-koruti-foghazbol\\\/#breadcrumb\"},\"inLanguage\":\"hu\",\"potentialAction\":[{\"@type\":\"ReadAction\",\"target\":[\"https:\\\/\\\/machteret1944.org\\\/hu\\\/mentoakciok\\\/120-foldalatti-tag-kiszabaditasa-a-margit-koruti-foghazbol\\\/\"]}]},{\"@type\":\"BreadcrumbList\",\"@id\":\"https:\\\/\\\/machteret1944.org\\\/hu\\\/mentoakciok\\\/120-foldalatti-tag-kiszabaditasa-a-margit-koruti-foghazbol\\\/#breadcrumb\",\"itemListElement\":[{\"@type\":\"ListItem\",\"position\":1,\"name\":\"Kezd\u0151lap\",\"item\":\"https:\\\/\\\/machteret1944.org\\\/hu\\\/\"},{\"@type\":\"ListItem\",\"position\":2,\"name\":\"Ment\u0151akci\u00f3k\",\"item\":\"https:\\\/\\\/machteret1944.org\\\/hu\\\/mentoakciok\\\/\"},{\"@type\":\"ListItem\",\"position\":3,\"name\":\"120 f\u00f6ldalatti tag kiszabad\u00edt\u00e1sa a Margit k\u00f6r\u00fati fogh\u00e1zb\u00f3l\"}]},{\"@type\":\"WebSite\",\"@id\":\"https:\\\/\\\/machteret1944.org\\\/hu\\\/#website\",\"url\":\"https:\\\/\\\/machteret1944.org\\\/hu\\\/\",\"name\":\"\u05d4\u05e2\u05de\u05d5\u05ea\u05d4 \u05dc\u05d7\u05e7\u05e8 \u05ea\u05e0\u05d5\u05e2\u05d5\u05ea \u05d4\u05e0\u05d5\u05e2\u05e8 \u05d4\u05e6\u05d9\u05d5\u05e0\u05d9\u05d5\u05ea \u05d1\u05d4\u05d5\u05e0\u05d2\u05e8\u05d9\u05d4\",\"description\":\"\u05d4\u05e2\u05de\u05d5\u05ea\u05d4 \u05dc\u05d7\u05e7\u05e8 \u05ea\u05e0\u05d5\u05e2\u05d5\u05ea \u05d4\u05e0\u05d5\u05e2\u05e8 \u05d4\u05e6\u05d9\u05d5\u05e0\u05d9\u05d5\u05ea \u05d1\u05d4\u05d5\u05e0\u05d2\u05e8\u05d9\u05d4\",\"publisher\":{\"@id\":\"https:\\\/\\\/machteret1944.org\\\/hu\\\/#organization\"},\"potentialAction\":[{\"@type\":\"SearchAction\",\"target\":{\"@type\":\"EntryPoint\",\"urlTemplate\":\"https:\\\/\\\/machteret1944.org\\\/hu\\\/?s={search_term_string}\"},\"query-input\":{\"@type\":\"PropertyValueSpecification\",\"valueRequired\":true,\"valueName\":\"search_term_string\"}}],\"inLanguage\":\"hu\"},{\"@type\":\"Organization\",\"@id\":\"https:\\\/\\\/machteret1944.org\\\/hu\\\/#organization\",\"name\":\"\u05d4\u05e2\u05de\u05d5\u05ea\u05d4 \u05dc\u05d7\u05e7\u05e8 \u05ea\u05e0\u05d5\u05e2\u05d5\u05ea \u05d4\u05e0\u05d5\u05e2\u05e8 \u05d4\u05e6\u05d9\u05d5\u05e0\u05d9\u05d5\u05ea \u05d1\u05d4\u05d5\u05e0\u05d2\u05e8\u05d9\u05d4\",\"url\":\"https:\\\/\\\/machteret1944.org\\\/hu\\\/\",\"logo\":{\"@type\":\"ImageObject\",\"inLanguage\":\"hu\",\"@id\":\"https:\\\/\\\/machteret1944.org\\\/hu\\\/#\\\/schema\\\/logo\\\/image\\\/\",\"url\":\"https:\\\/\\\/machteret1944.org\\\/wp-content\\\/uploads\\\/2020\\\/12\\\/\u05dc\u05d5\u05d2\u05d5-\u05dc\u05e2\u05de\u05d5\u05ea\u05d4.png\",\"contentUrl\":\"https:\\\/\\\/machteret1944.org\\\/wp-content\\\/uploads\\\/2020\\\/12\\\/\u05dc\u05d5\u05d2\u05d5-\u05dc\u05e2\u05de\u05d5\u05ea\u05d4.png\",\"width\":841,\"height\":290,\"caption\":\"\u05d4\u05e2\u05de\u05d5\u05ea\u05d4 \u05dc\u05d7\u05e7\u05e8 \u05ea\u05e0\u05d5\u05e2\u05d5\u05ea \u05d4\u05e0\u05d5\u05e2\u05e8 \u05d4\u05e6\u05d9\u05d5\u05e0\u05d9\u05d5\u05ea \u05d1\u05d4\u05d5\u05e0\u05d2\u05e8\u05d9\u05d4\"},\"image\":{\"@id\":\"https:\\\/\\\/machteret1944.org\\\/hu\\\/#\\\/schema\\\/logo\\\/image\\\/\"}}]}<\/script>\n<!-- \/ Yoast SEO plugin. -->","yoast_head_json":{"title":"120 f\u00f6ldalatti tag kiszabad\u00edt\u00e1sa a Margit k\u00f6r\u00fati fogh\u00e1zb\u00f3l - \u05d4\u05e2\u05de\u05d5\u05ea\u05d4 \u05dc\u05d7\u05e7\u05e8 \u05ea\u05e0\u05d5\u05e2\u05d5\u05ea \u05d4\u05e0\u05d5\u05e2\u05e8 \u05d4\u05e6\u05d9\u05d5\u05e0\u05d9\u05d5\u05ea \u05d1\u05d4\u05d5\u05e0\u05d2\u05e8\u05d9\u05d4","robots":{"index":"index","follow":"follow","max-snippet":"max-snippet:-1","max-image-preview":"max-image-preview:large","max-video-preview":"max-video-preview:-1"},"canonical":"https:\/\/machteret1944.org\/hu\/mentoakciok\/120-foldalatti-tag-kiszabaditasa-a-margit-koruti-foghazbol\/","og_locale":"hu_HU","og_type":"article","og_title":"120 f\u00f6ldalatti tag kiszabad\u00edt\u00e1sa a Margit k\u00f6r\u00fati fogh\u00e1zb\u00f3l - \u05d4\u05e2\u05de\u05d5\u05ea\u05d4 \u05dc\u05d7\u05e7\u05e8 \u05ea\u05e0\u05d5\u05e2\u05d5\u05ea \u05d4\u05e0\u05d5\u05e2\u05e8 \u05d4\u05e6\u05d9\u05d5\u05e0\u05d9\u05d5\u05ea \u05d1\u05d4\u05d5\u05e0\u05d2\u05e8\u05d9\u05d4","og_description":"1944. december v\u00e9ge fel\u00e9 elfogt\u00e1k David Gurt, Miki Langert \u00e9s Andrej F\u00e1bryt, az okm\u00e1nyhamis\u00edt\u00f3 m\u0171hely h\u00e1rom m\u0171k\u00f6dtet\u0151j\u00e9t. Megpr\u00f3b\u00e1ltak \u00faj helyet tal\u00e1lni m\u0171k\u00f6d\u00e9s\u00fcknek, \u00e9s a budapesti egyetem v\u00e1rosi f\u0151\u00e9p\u00edt\u00e9sz\u00e9nek irod\u00e1iban rendezkedtek be. A gyanakv\u00f3 szomsz\u00e9dok nyilv\u00e1nval\u00f3an \u00e9rtes\u00edtett\u00e9k a hat\u00f3s\u00e1gokat, \u00e9s a nyomoz\u00f3k nem sokkal k\u00e9s\u0151bb meg\u00e9rkeztek. A h\u00e1rom f\u00e9rfit letart\u00f3ztat\u00f3 nyomoz\u00f3k nem ismert\u00e9k fel a f\u00e9rfiakn\u00e1l [&hellip;]","og_url":"https:\/\/machteret1944.org\/hu\/mentoakciok\/120-foldalatti-tag-kiszabaditasa-a-margit-koruti-foghazbol\/","og_site_name":"\u05d4\u05e2\u05de\u05d5\u05ea\u05d4 \u05dc\u05d7\u05e7\u05e8 \u05ea\u05e0\u05d5\u05e2\u05d5\u05ea \u05d4\u05e0\u05d5\u05e2\u05e8 \u05d4\u05e6\u05d9\u05d5\u05e0\u05d9\u05d5\u05ea \u05d1\u05d4\u05d5\u05e0\u05d2\u05e8\u05d9\u05d4","article_modified_time":"2024-02-05T14:46:41+00:00","twitter_card":"summary_large_image","twitter_misc":{"Becs\u00fclt olvas\u00e1si id\u0151":"5 perc"},"schema":{"@context":"https:\/\/schema.org","@graph":[{"@type":"WebPage","@id":"https:\/\/machteret1944.org\/hu\/mentoakciok\/120-foldalatti-tag-kiszabaditasa-a-margit-koruti-foghazbol\/","url":"https:\/\/machteret1944.org\/hu\/mentoakciok\/120-foldalatti-tag-kiszabaditasa-a-margit-koruti-foghazbol\/","name":"120 f\u00f6ldalatti tag kiszabad\u00edt\u00e1sa a Margit k\u00f6r\u00fati fogh\u00e1zb\u00f3l - \u05d4\u05e2\u05de\u05d5\u05ea\u05d4 \u05dc\u05d7\u05e7\u05e8 \u05ea\u05e0\u05d5\u05e2\u05d5\u05ea \u05d4\u05e0\u05d5\u05e2\u05e8 \u05d4\u05e6\u05d9\u05d5\u05e0\u05d9\u05d5\u05ea \u05d1\u05d4\u05d5\u05e0\u05d2\u05e8\u05d9\u05d4","isPartOf":{"@id":"https:\/\/machteret1944.org\/hu\/#website"},"datePublished":"2021-04-27T12:38:25+00:00","dateModified":"2024-02-05T14:46:41+00:00","breadcrumb":{"@id":"https:\/\/machteret1944.org\/hu\/mentoakciok\/120-foldalatti-tag-kiszabaditasa-a-margit-koruti-foghazbol\/#breadcrumb"},"inLanguage":"hu","potentialAction":[{"@type":"ReadAction","target":["https:\/\/machteret1944.org\/hu\/mentoakciok\/120-foldalatti-tag-kiszabaditasa-a-margit-koruti-foghazbol\/"]}]},{"@type":"BreadcrumbList","@id":"https:\/\/machteret1944.org\/hu\/mentoakciok\/120-foldalatti-tag-kiszabaditasa-a-margit-koruti-foghazbol\/#breadcrumb","itemListElement":[{"@type":"ListItem","position":1,"name":"Kezd\u0151lap","item":"https:\/\/machteret1944.org\/hu\/"},{"@type":"ListItem","position":2,"name":"Ment\u0151akci\u00f3k","item":"https:\/\/machteret1944.org\/hu\/mentoakciok\/"},{"@type":"ListItem","position":3,"name":"120 f\u00f6ldalatti tag kiszabad\u00edt\u00e1sa a Margit k\u00f6r\u00fati fogh\u00e1zb\u00f3l"}]},{"@type":"WebSite","@id":"https:\/\/machteret1944.org\/hu\/#website","url":"https:\/\/machteret1944.org\/hu\/","name":"\u05d4\u05e2\u05de\u05d5\u05ea\u05d4 \u05dc\u05d7\u05e7\u05e8 \u05ea\u05e0\u05d5\u05e2\u05d5\u05ea \u05d4\u05e0\u05d5\u05e2\u05e8 \u05d4\u05e6\u05d9\u05d5\u05e0\u05d9\u05d5\u05ea \u05d1\u05d4\u05d5\u05e0\u05d2\u05e8\u05d9\u05d4","description":"\u05d4\u05e2\u05de\u05d5\u05ea\u05d4 \u05dc\u05d7\u05e7\u05e8 \u05ea\u05e0\u05d5\u05e2\u05d5\u05ea \u05d4\u05e0\u05d5\u05e2\u05e8 \u05d4\u05e6\u05d9\u05d5\u05e0\u05d9\u05d5\u05ea \u05d1\u05d4\u05d5\u05e0\u05d2\u05e8\u05d9\u05d4","publisher":{"@id":"https:\/\/machteret1944.org\/hu\/#organization"},"potentialAction":[{"@type":"SearchAction","target":{"@type":"EntryPoint","urlTemplate":"https:\/\/machteret1944.org\/hu\/?s={search_term_string}"},"query-input":{"@type":"PropertyValueSpecification","valueRequired":true,"valueName":"search_term_string"}}],"inLanguage":"hu"},{"@type":"Organization","@id":"https:\/\/machteret1944.org\/hu\/#organization","name":"\u05d4\u05e2\u05de\u05d5\u05ea\u05d4 \u05dc\u05d7\u05e7\u05e8 \u05ea\u05e0\u05d5\u05e2\u05d5\u05ea \u05d4\u05e0\u05d5\u05e2\u05e8 \u05d4\u05e6\u05d9\u05d5\u05e0\u05d9\u05d5\u05ea \u05d1\u05d4\u05d5\u05e0\u05d2\u05e8\u05d9\u05d4","url":"https:\/\/machteret1944.org\/hu\/","logo":{"@type":"ImageObject","inLanguage":"hu","@id":"https:\/\/machteret1944.org\/hu\/#\/schema\/logo\/image\/","url":"https:\/\/machteret1944.org\/wp-content\/uploads\/2020\/12\/\u05dc\u05d5\u05d2\u05d5-\u05dc\u05e2\u05de\u05d5\u05ea\u05d4.png","contentUrl":"https:\/\/machteret1944.org\/wp-content\/uploads\/2020\/12\/\u05dc\u05d5\u05d2\u05d5-\u05dc\u05e2\u05de\u05d5\u05ea\u05d4.png","width":841,"height":290,"caption":"\u05d4\u05e2\u05de\u05d5\u05ea\u05d4 \u05dc\u05d7\u05e7\u05e8 \u05ea\u05e0\u05d5\u05e2\u05d5\u05ea \u05d4\u05e0\u05d5\u05e2\u05e8 \u05d4\u05e6\u05d9\u05d5\u05e0\u05d9\u05d5\u05ea \u05d1\u05d4\u05d5\u05e0\u05d2\u05e8\u05d9\u05d4"},"image":{"@id":"https:\/\/machteret1944.org\/hu\/#\/schema\/logo\/image\/"}}]}},"_links":{"self":[{"href":"https:\/\/machteret1944.org\/hu\/wp-json\/wp\/v2\/pages\/4735","targetHints":{"allow":["GET"]}}],"collection":[{"href":"https:\/\/machteret1944.org\/hu\/wp-json\/wp\/v2\/pages"}],"about":[{"href":"https:\/\/machteret1944.org\/hu\/wp-json\/wp\/v2\/types\/page"}],"author":[{"embeddable":true,"href":"https:\/\/machteret1944.org\/hu\/wp-json\/wp\/v2\/users\/2"}],"replies":[{"embeddable":true,"href":"https:\/\/machteret1944.org\/hu\/wp-json\/wp\/v2\/comments?post=4735"}],"version-history":[{"count":1,"href":"https:\/\/machteret1944.org\/hu\/wp-json\/wp\/v2\/pages\/4735\/revisions"}],"predecessor-version":[{"id":4736,"href":"https:\/\/machteret1944.org\/hu\/wp-json\/wp\/v2\/pages\/4735\/revisions\/4736"}],"up":[{"embeddable":true,"href":"https:\/\/machteret1944.org\/hu\/wp-json\/wp\/v2\/pages\/4487"}],"wp:attachment":[{"href":"https:\/\/machteret1944.org\/hu\/wp-json\/wp\/v2\/media?parent=4735"}],"curies":[{"name":"wp","href":"https:\/\/api.w.org\/{rel}","templated":true}]}}