{"id":4739,"date":"2022-09-20T09:57:14","date_gmt":"2022-09-20T09:57:14","guid":{"rendered":"https:\/\/machteret1944.org\/az-ifjusagi-szervezetek\/beitar\/"},"modified":"2024-02-05T15:03:38","modified_gmt":"2024-02-05T15:03:38","slug":"beitar","status":"publish","type":"page","link":"https:\/\/machteret1944.org\/hu\/az-ifjusagi-szervezetek\/beitar\/","title":{"rendered":"Beitar"},"content":{"rendered":"<p class=\"Arial12\" style=\"text-align: justify; line-height: 115%;\"><b>Beitar (Brit Yosef Trumpeldor)<\/b><\/p>\n<p>Cionista-aktivista ifj\u00fas\u00e1gi mozgalom, amely jobboldali ideol\u00f3gi\u00e1t k\u00e9pviselt. 1923-ban alakult a lettorsz\u00e1gi Rig\u00e1ban, a Cionista Revizionist\u00e1k Sz\u00f6vets\u00e9g\u00e9nek (UZR) ifj\u00fas\u00e1gi mozgalmak\u00e9nt, amely 1935-ben \u00daj Cionista Szervezett\u00e9 (NZO) alakult. Ez a mozgalom Lengyelorsz\u00e1gban \u00e9s m\u00e1s eur\u00f3pai orsz\u00e1gokban is elterjedt, vezet\u0151je Ze&#8217;ev Jabotinsky volt. A mozgalom h\u00e1rom alapelv alapj\u00e1n m\u0171k\u00f6d\u00f6tt: a zsid\u00f3 \u00e1llam l\u00e9trehoz\u00e1sa, az akt\u00edv v\u00e9delem \u00e9s a <em>halutziut<\/em>.<a href=\"#_ftn1\" name=\"_ftnref1\">[1]<\/a> &#8211; A cionizmust alapvet\u0151en &#8222;egalit\u00e1riusnak&#8221; tekintett\u00e9k, \u00e9s a Beitar elutas\u00edtotta a szocialista cionizmust, ehelyett a parancsnoki poz\u00edci\u00f3k hierarchi\u00e1j\u00e1t t\u00e1mogatta a soraiban. A Beitar telep\u00fcl\u00e9seket alap\u00edtott Eretz Izraelben (Palesztin\u00e1ban), \u00e9s t\u00e1mogatta az illeg\u00e1lis alij\u00e1z\u00e1st, valamint a brit mand\u00e1tummal szembeni akt\u00edv ellen\u00e1ll\u00e1st Palesztin\u00e1ban. A Beitar az 1930-as \u00e9vek elej\u00e9n kezdett el tagozatokat alap\u00edtani Magyarorsz\u00e1gon, \u00e9s 1935-re a Cionista Szervezeten bel\u00fcli sportegyes\u00fclet lett, am\u00edg a szervezet ki nem szor\u00edtotta a Beitart a soraib\u00f3l. 1935-ben a Beitar f\u00fcggetlen ifj\u00fas\u00e1gi mozgalomk\u00e9nt m\u0171k\u00f6d\u00f6tt, \u00e9s tagozatokat alap\u00edtott Budapesten \u00e9s az orsz\u00e1g m\u00e1s v\u00e1rosaiban. A Beitar oktat\u00e1si egys\u00e9geit Tzrornak nevezt\u00e9k, \u00e9s mindegyiknek volt egy oktat\u00f3ja \u00e9s 10-12 tagja. A mozgalomba csak olyan fiatalembereket vettek fel, akik megfeleltek az &#8222;\u00fajoncvizsg\u00e1n&#8221;, \u00e9s id\u0151sebb tagjai is r\u00e9szt vettek a katonai kik\u00e9pz\u00e9sben.<\/p>\n<p>A m\u00e1sodik vil\u00e1gh\u00e1bor\u00fa alatt a Beitar r\u00e9szt vett v\u00e9delmi \u00e9s ment\u00e9si tev\u00e9kenys\u00e9gekben, t\u00f6bbek k\u00f6z\u00f6tt \u00f6t bunkert l\u00e9tes\u00edtett Budapesten. Ezek k\u00f6z\u00fcl az egyiket, a f\u0151v\u00e1ros egyik k\u00fclv\u00e1ros\u00e1ban, a fasiszt\u00e1k felfedezt\u00e9k, \u00e9s a benne mened\u00e9ket keres\u0151ket egy l\u00f6v\u00f6ld\u00f6z\u00e9sben meg\u00f6lt\u00e9k. A v\u00e1ros felszabadul\u00e1sa ut\u00e1n, 1945-ben a Beitar nagyon akt\u00edv volt a t\u00fal\u00e9l\u0151 fiatalok k\u00f6r\u00e9ben, \u00e9s arra \u00f6szt\u00f6n\u00f6zte tagjait, hogy alij\u00e1zzanak. A mozgalom \u00e1lland\u00f3 konfront\u00e1ci\u00f3ban \u00e1llt a Magyarorsz\u00e1gon m\u0171k\u00f6d\u0151 cionista int\u00e9zm\u00e9nyekkel, n\u00e9ha egy\u00fcttm\u0171k\u00f6d\u00f6tt vel\u00fck, de t\u00f6bbnyire \u00f6n\u00e1ll\u00f3an m\u0171k\u00f6d\u00f6tt. 1948-ban a Beitar egyik k\u00fcld\u00f6ttj\u00e9t letart\u00f3ztatta a kommunista korm\u00e1ny, \u00e9s a mozgalom besz\u00fcntette ny\u00edlt tev\u00e9kenys\u00e9g\u00e9t, de a f\u00f6ld alatt tov\u00e1bb m\u0171k\u00f6d\u00f6tt.<\/p>\n<p><a href=\"#_ftnref1\" name=\"_ftn1\">[1]<\/a> \u00a0A Halutz egy eszm\u00e9nyk\u00e9p, az emberis\u00e9g \u00faj t\u00edpus\u00e1t testes\u00edti meg, k\u00e9tkezi, lehet\u0151s\u00e9g szerint mez\u0151gazdas\u00e1gi munk\u00e1s, sz\u00e9les k\u00f6rben olvasott, t\u00e1j\u00e9kozott, m\u0171velt, \u00e9rdekl\u0151d\u0151, a k\u00f6z\u00f6ss\u00e9g politikai, szellemi \u00e9s kultur\u00e1lis \u00e9let\u00e9ben akt\u00edv. Mindent megtesz a k\u00f6z\u00f6ss\u00e9gi \u00e9let megteremt\u00e9s\u00e9\u00e9rt, m\u00e9g szem\u00e9lyes \u00e9rdekeit is feladva. A halutz nem az az &#8222;\u00fatt\u00f6r\u0151&#8221;, aki a Komszomol, a Szovjetuni\u00f3 kommunista p\u00e1rtja ifj\u00fas\u00e1gi mozgalm\u00e1nak tagja. Nem is az az &#8222;\u00fatt\u00f6r\u0151&#8221;, aki megh\u00f3d\u00edtotta a vadnyugatot Amerik\u00e1ban \u00e9s lem\u00e9sz\u00e1rolta az \u0151slakos indi\u00e1nokat.<\/p>\n","protected":false},"excerpt":{"rendered":"<p>Beitar (Brit Yosef Trumpeldor) Cionista-aktivista ifj\u00fas\u00e1gi mozgalom, amely jobboldali ideol\u00f3gi\u00e1t k\u00e9pviselt. 1923-ban alakult a lettorsz\u00e1gi Rig\u00e1ban, a Cionista Revizionist\u00e1k Sz\u00f6vets\u00e9g\u00e9nek (UZR) ifj\u00fas\u00e1gi mozgalmak\u00e9nt, amely 1935-ben \u00daj Cionista Szervezett\u00e9 (NZO) alakult. Ez a mozgalom Lengyelorsz\u00e1gban \u00e9s m\u00e1s eur\u00f3pai orsz\u00e1gokban is elterjedt, vezet\u0151je Ze&#8217;ev Jabotinsky volt. A mozgalom h\u00e1rom alapelv alapj\u00e1n m\u0171k\u00f6d\u00f6tt: a zsid\u00f3 \u00e1llam l\u00e9trehoz\u00e1sa, az [&hellip;]<\/p>\n","protected":false},"author":2,"featured_media":4457,"parent":4709,"menu_order":14,"comment_status":"closed","ping_status":"closed","template":"","meta":{"_acf_changed":false,"footnotes":""},"class_list":["post-4739","page","type-page","status-publish","has-post-thumbnail","hentry"],"acf":[],"yoast_head":"<!-- This site is optimized with the Yoast SEO plugin v27.4 - https:\/\/yoast.com\/product\/yoast-seo-wordpress\/ -->\n<title>Beitar - \u05d4\u05e2\u05de\u05d5\u05ea\u05d4 \u05dc\u05d7\u05e7\u05e8 \u05ea\u05e0\u05d5\u05e2\u05d5\u05ea \u05d4\u05e0\u05d5\u05e2\u05e8 \u05d4\u05e6\u05d9\u05d5\u05e0\u05d9\u05d5\u05ea \u05d1\u05d4\u05d5\u05e0\u05d2\u05e8\u05d9\u05d4<\/title>\n<meta name=\"robots\" content=\"index, follow, max-snippet:-1, max-image-preview:large, max-video-preview:-1\" \/>\n<link rel=\"canonical\" href=\"https:\/\/machteret1944.org\/hu\/az-ifjusagi-szervezetek\/beitar\/\" \/>\n<meta property=\"og:locale\" content=\"hu_HU\" \/>\n<meta property=\"og:type\" content=\"article\" \/>\n<meta property=\"og:title\" content=\"Beitar - \u05d4\u05e2\u05de\u05d5\u05ea\u05d4 \u05dc\u05d7\u05e7\u05e8 \u05ea\u05e0\u05d5\u05e2\u05d5\u05ea \u05d4\u05e0\u05d5\u05e2\u05e8 \u05d4\u05e6\u05d9\u05d5\u05e0\u05d9\u05d5\u05ea \u05d1\u05d4\u05d5\u05e0\u05d2\u05e8\u05d9\u05d4\" \/>\n<meta property=\"og:description\" content=\"Beitar (Brit Yosef Trumpeldor) Cionista-aktivista ifj\u00fas\u00e1gi mozgalom, amely jobboldali ideol\u00f3gi\u00e1t k\u00e9pviselt. 1923-ban alakult a lettorsz\u00e1gi Rig\u00e1ban, a Cionista Revizionist\u00e1k Sz\u00f6vets\u00e9g\u00e9nek (UZR) ifj\u00fas\u00e1gi mozgalmak\u00e9nt, amely 1935-ben \u00daj Cionista Szervezett\u00e9 (NZO) alakult. Ez a mozgalom Lengyelorsz\u00e1gban \u00e9s m\u00e1s eur\u00f3pai orsz\u00e1gokban is elterjedt, vezet\u0151je Ze&#8217;ev Jabotinsky volt. A mozgalom h\u00e1rom alapelv alapj\u00e1n m\u0171k\u00f6d\u00f6tt: a zsid\u00f3 \u00e1llam l\u00e9trehoz\u00e1sa, az [&hellip;]\" \/>\n<meta property=\"og:url\" content=\"https:\/\/machteret1944.org\/hu\/az-ifjusagi-szervezetek\/beitar\/\" \/>\n<meta property=\"og:site_name\" content=\"\u05d4\u05e2\u05de\u05d5\u05ea\u05d4 \u05dc\u05d7\u05e7\u05e8 \u05ea\u05e0\u05d5\u05e2\u05d5\u05ea \u05d4\u05e0\u05d5\u05e2\u05e8 \u05d4\u05e6\u05d9\u05d5\u05e0\u05d9\u05d5\u05ea \u05d1\u05d4\u05d5\u05e0\u05d2\u05e8\u05d9\u05d4\" \/>\n<meta property=\"article:modified_time\" content=\"2024-02-05T15:03:38+00:00\" \/>\n<meta property=\"og:image\" content=\"https:\/\/machteret1944.org\/wp-content\/uploads\/2022\/09\/BEITAR-LOGO.jpg\" \/>\n\t<meta property=\"og:image:width\" content=\"200\" \/>\n\t<meta property=\"og:image:height\" content=\"178\" \/>\n\t<meta property=\"og:image:type\" content=\"image\/jpeg\" \/>\n<meta name=\"twitter:card\" content=\"summary_large_image\" \/>\n<meta name=\"twitter:label1\" content=\"Becs\u00fclt olvas\u00e1si id\u0151\" \/>\n\t<meta name=\"twitter:data1\" content=\"3 perc\" \/>\n<script type=\"application\/ld+json\" class=\"yoast-schema-graph\">{\"@context\":\"https:\\\/\\\/schema.org\",\"@graph\":[{\"@type\":\"WebPage\",\"@id\":\"https:\\\/\\\/machteret1944.org\\\/hu\\\/az-ifjusagi-szervezetek\\\/beitar\\\/\",\"url\":\"https:\\\/\\\/machteret1944.org\\\/hu\\\/az-ifjusagi-szervezetek\\\/beitar\\\/\",\"name\":\"Beitar - \u05d4\u05e2\u05de\u05d5\u05ea\u05d4 \u05dc\u05d7\u05e7\u05e8 \u05ea\u05e0\u05d5\u05e2\u05d5\u05ea \u05d4\u05e0\u05d5\u05e2\u05e8 \u05d4\u05e6\u05d9\u05d5\u05e0\u05d9\u05d5\u05ea \u05d1\u05d4\u05d5\u05e0\u05d2\u05e8\u05d9\u05d4\",\"isPartOf\":{\"@id\":\"https:\\\/\\\/machteret1944.org\\\/hu\\\/#website\"},\"primaryImageOfPage\":{\"@id\":\"https:\\\/\\\/machteret1944.org\\\/hu\\\/az-ifjusagi-szervezetek\\\/beitar\\\/#primaryimage\"},\"image\":{\"@id\":\"https:\\\/\\\/machteret1944.org\\\/hu\\\/az-ifjusagi-szervezetek\\\/beitar\\\/#primaryimage\"},\"thumbnailUrl\":\"https:\\\/\\\/machteret1944.org\\\/wp-content\\\/uploads\\\/2022\\\/09\\\/BEITAR-LOGO.jpg\",\"datePublished\":\"2022-09-20T09:57:14+00:00\",\"dateModified\":\"2024-02-05T15:03:38+00:00\",\"breadcrumb\":{\"@id\":\"https:\\\/\\\/machteret1944.org\\\/hu\\\/az-ifjusagi-szervezetek\\\/beitar\\\/#breadcrumb\"},\"inLanguage\":\"hu\",\"potentialAction\":[{\"@type\":\"ReadAction\",\"target\":[\"https:\\\/\\\/machteret1944.org\\\/hu\\\/az-ifjusagi-szervezetek\\\/beitar\\\/\"]}]},{\"@type\":\"ImageObject\",\"inLanguage\":\"hu\",\"@id\":\"https:\\\/\\\/machteret1944.org\\\/hu\\\/az-ifjusagi-szervezetek\\\/beitar\\\/#primaryimage\",\"url\":\"https:\\\/\\\/machteret1944.org\\\/wp-content\\\/uploads\\\/2022\\\/09\\\/BEITAR-LOGO.jpg\",\"contentUrl\":\"https:\\\/\\\/machteret1944.org\\\/wp-content\\\/uploads\\\/2022\\\/09\\\/BEITAR-LOGO.jpg\",\"width\":200,\"height\":178},{\"@type\":\"BreadcrumbList\",\"@id\":\"https:\\\/\\\/machteret1944.org\\\/hu\\\/az-ifjusagi-szervezetek\\\/beitar\\\/#breadcrumb\",\"itemListElement\":[{\"@type\":\"ListItem\",\"position\":1,\"name\":\"Kezd\u0151lap\",\"item\":\"https:\\\/\\\/machteret1944.org\\\/hu\\\/\"},{\"@type\":\"ListItem\",\"position\":2,\"name\":\"Az ifj\u00fas\u00e1gi szervezetek\",\"item\":\"https:\\\/\\\/machteret1944.org\\\/hu\\\/az-ifjusagi-szervezetek\\\/\"},{\"@type\":\"ListItem\",\"position\":3,\"name\":\"Beitar\"}]},{\"@type\":\"WebSite\",\"@id\":\"https:\\\/\\\/machteret1944.org\\\/hu\\\/#website\",\"url\":\"https:\\\/\\\/machteret1944.org\\\/hu\\\/\",\"name\":\"\u05d4\u05e2\u05de\u05d5\u05ea\u05d4 \u05dc\u05d7\u05e7\u05e8 \u05ea\u05e0\u05d5\u05e2\u05d5\u05ea \u05d4\u05e0\u05d5\u05e2\u05e8 \u05d4\u05e6\u05d9\u05d5\u05e0\u05d9\u05d5\u05ea \u05d1\u05d4\u05d5\u05e0\u05d2\u05e8\u05d9\u05d4\",\"description\":\"\u05d4\u05e2\u05de\u05d5\u05ea\u05d4 \u05dc\u05d7\u05e7\u05e8 \u05ea\u05e0\u05d5\u05e2\u05d5\u05ea \u05d4\u05e0\u05d5\u05e2\u05e8 \u05d4\u05e6\u05d9\u05d5\u05e0\u05d9\u05d5\u05ea \u05d1\u05d4\u05d5\u05e0\u05d2\u05e8\u05d9\u05d4\",\"publisher\":{\"@id\":\"https:\\\/\\\/machteret1944.org\\\/hu\\\/#organization\"},\"potentialAction\":[{\"@type\":\"SearchAction\",\"target\":{\"@type\":\"EntryPoint\",\"urlTemplate\":\"https:\\\/\\\/machteret1944.org\\\/hu\\\/?s={search_term_string}\"},\"query-input\":{\"@type\":\"PropertyValueSpecification\",\"valueRequired\":true,\"valueName\":\"search_term_string\"}}],\"inLanguage\":\"hu\"},{\"@type\":\"Organization\",\"@id\":\"https:\\\/\\\/machteret1944.org\\\/hu\\\/#organization\",\"name\":\"\u05d4\u05e2\u05de\u05d5\u05ea\u05d4 \u05dc\u05d7\u05e7\u05e8 \u05ea\u05e0\u05d5\u05e2\u05d5\u05ea \u05d4\u05e0\u05d5\u05e2\u05e8 \u05d4\u05e6\u05d9\u05d5\u05e0\u05d9\u05d5\u05ea \u05d1\u05d4\u05d5\u05e0\u05d2\u05e8\u05d9\u05d4\",\"url\":\"https:\\\/\\\/machteret1944.org\\\/hu\\\/\",\"logo\":{\"@type\":\"ImageObject\",\"inLanguage\":\"hu\",\"@id\":\"https:\\\/\\\/machteret1944.org\\\/hu\\\/#\\\/schema\\\/logo\\\/image\\\/\",\"url\":\"https:\\\/\\\/machteret1944.org\\\/wp-content\\\/uploads\\\/2020\\\/12\\\/\u05dc\u05d5\u05d2\u05d5-\u05dc\u05e2\u05de\u05d5\u05ea\u05d4.png\",\"contentUrl\":\"https:\\\/\\\/machteret1944.org\\\/wp-content\\\/uploads\\\/2020\\\/12\\\/\u05dc\u05d5\u05d2\u05d5-\u05dc\u05e2\u05de\u05d5\u05ea\u05d4.png\",\"width\":841,\"height\":290,\"caption\":\"\u05d4\u05e2\u05de\u05d5\u05ea\u05d4 \u05dc\u05d7\u05e7\u05e8 \u05ea\u05e0\u05d5\u05e2\u05d5\u05ea \u05d4\u05e0\u05d5\u05e2\u05e8 \u05d4\u05e6\u05d9\u05d5\u05e0\u05d9\u05d5\u05ea \u05d1\u05d4\u05d5\u05e0\u05d2\u05e8\u05d9\u05d4\"},\"image\":{\"@id\":\"https:\\\/\\\/machteret1944.org\\\/hu\\\/#\\\/schema\\\/logo\\\/image\\\/\"}}]}<\/script>\n<!-- \/ Yoast SEO plugin. -->","yoast_head_json":{"title":"Beitar - \u05d4\u05e2\u05de\u05d5\u05ea\u05d4 \u05dc\u05d7\u05e7\u05e8 \u05ea\u05e0\u05d5\u05e2\u05d5\u05ea \u05d4\u05e0\u05d5\u05e2\u05e8 \u05d4\u05e6\u05d9\u05d5\u05e0\u05d9\u05d5\u05ea \u05d1\u05d4\u05d5\u05e0\u05d2\u05e8\u05d9\u05d4","robots":{"index":"index","follow":"follow","max-snippet":"max-snippet:-1","max-image-preview":"max-image-preview:large","max-video-preview":"max-video-preview:-1"},"canonical":"https:\/\/machteret1944.org\/hu\/az-ifjusagi-szervezetek\/beitar\/","og_locale":"hu_HU","og_type":"article","og_title":"Beitar - \u05d4\u05e2\u05de\u05d5\u05ea\u05d4 \u05dc\u05d7\u05e7\u05e8 \u05ea\u05e0\u05d5\u05e2\u05d5\u05ea \u05d4\u05e0\u05d5\u05e2\u05e8 \u05d4\u05e6\u05d9\u05d5\u05e0\u05d9\u05d5\u05ea \u05d1\u05d4\u05d5\u05e0\u05d2\u05e8\u05d9\u05d4","og_description":"Beitar (Brit Yosef Trumpeldor) Cionista-aktivista ifj\u00fas\u00e1gi mozgalom, amely jobboldali ideol\u00f3gi\u00e1t k\u00e9pviselt. 1923-ban alakult a lettorsz\u00e1gi Rig\u00e1ban, a Cionista Revizionist\u00e1k Sz\u00f6vets\u00e9g\u00e9nek (UZR) ifj\u00fas\u00e1gi mozgalmak\u00e9nt, amely 1935-ben \u00daj Cionista Szervezett\u00e9 (NZO) alakult. Ez a mozgalom Lengyelorsz\u00e1gban \u00e9s m\u00e1s eur\u00f3pai orsz\u00e1gokban is elterjedt, vezet\u0151je Ze&#8217;ev Jabotinsky volt. A mozgalom h\u00e1rom alapelv alapj\u00e1n m\u0171k\u00f6d\u00f6tt: a zsid\u00f3 \u00e1llam l\u00e9trehoz\u00e1sa, az [&hellip;]","og_url":"https:\/\/machteret1944.org\/hu\/az-ifjusagi-szervezetek\/beitar\/","og_site_name":"\u05d4\u05e2\u05de\u05d5\u05ea\u05d4 \u05dc\u05d7\u05e7\u05e8 \u05ea\u05e0\u05d5\u05e2\u05d5\u05ea \u05d4\u05e0\u05d5\u05e2\u05e8 \u05d4\u05e6\u05d9\u05d5\u05e0\u05d9\u05d5\u05ea \u05d1\u05d4\u05d5\u05e0\u05d2\u05e8\u05d9\u05d4","article_modified_time":"2024-02-05T15:03:38+00:00","og_image":[{"width":200,"height":178,"url":"https:\/\/machteret1944.org\/wp-content\/uploads\/2022\/09\/BEITAR-LOGO.jpg","type":"image\/jpeg"}],"twitter_card":"summary_large_image","twitter_misc":{"Becs\u00fclt olvas\u00e1si id\u0151":"3 perc"},"schema":{"@context":"https:\/\/schema.org","@graph":[{"@type":"WebPage","@id":"https:\/\/machteret1944.org\/hu\/az-ifjusagi-szervezetek\/beitar\/","url":"https:\/\/machteret1944.org\/hu\/az-ifjusagi-szervezetek\/beitar\/","name":"Beitar - \u05d4\u05e2\u05de\u05d5\u05ea\u05d4 \u05dc\u05d7\u05e7\u05e8 \u05ea\u05e0\u05d5\u05e2\u05d5\u05ea \u05d4\u05e0\u05d5\u05e2\u05e8 \u05d4\u05e6\u05d9\u05d5\u05e0\u05d9\u05d5\u05ea \u05d1\u05d4\u05d5\u05e0\u05d2\u05e8\u05d9\u05d4","isPartOf":{"@id":"https:\/\/machteret1944.org\/hu\/#website"},"primaryImageOfPage":{"@id":"https:\/\/machteret1944.org\/hu\/az-ifjusagi-szervezetek\/beitar\/#primaryimage"},"image":{"@id":"https:\/\/machteret1944.org\/hu\/az-ifjusagi-szervezetek\/beitar\/#primaryimage"},"thumbnailUrl":"https:\/\/machteret1944.org\/wp-content\/uploads\/2022\/09\/BEITAR-LOGO.jpg","datePublished":"2022-09-20T09:57:14+00:00","dateModified":"2024-02-05T15:03:38+00:00","breadcrumb":{"@id":"https:\/\/machteret1944.org\/hu\/az-ifjusagi-szervezetek\/beitar\/#breadcrumb"},"inLanguage":"hu","potentialAction":[{"@type":"ReadAction","target":["https:\/\/machteret1944.org\/hu\/az-ifjusagi-szervezetek\/beitar\/"]}]},{"@type":"ImageObject","inLanguage":"hu","@id":"https:\/\/machteret1944.org\/hu\/az-ifjusagi-szervezetek\/beitar\/#primaryimage","url":"https:\/\/machteret1944.org\/wp-content\/uploads\/2022\/09\/BEITAR-LOGO.jpg","contentUrl":"https:\/\/machteret1944.org\/wp-content\/uploads\/2022\/09\/BEITAR-LOGO.jpg","width":200,"height":178},{"@type":"BreadcrumbList","@id":"https:\/\/machteret1944.org\/hu\/az-ifjusagi-szervezetek\/beitar\/#breadcrumb","itemListElement":[{"@type":"ListItem","position":1,"name":"Kezd\u0151lap","item":"https:\/\/machteret1944.org\/hu\/"},{"@type":"ListItem","position":2,"name":"Az ifj\u00fas\u00e1gi szervezetek","item":"https:\/\/machteret1944.org\/hu\/az-ifjusagi-szervezetek\/"},{"@type":"ListItem","position":3,"name":"Beitar"}]},{"@type":"WebSite","@id":"https:\/\/machteret1944.org\/hu\/#website","url":"https:\/\/machteret1944.org\/hu\/","name":"\u05d4\u05e2\u05de\u05d5\u05ea\u05d4 \u05dc\u05d7\u05e7\u05e8 \u05ea\u05e0\u05d5\u05e2\u05d5\u05ea \u05d4\u05e0\u05d5\u05e2\u05e8 \u05d4\u05e6\u05d9\u05d5\u05e0\u05d9\u05d5\u05ea \u05d1\u05d4\u05d5\u05e0\u05d2\u05e8\u05d9\u05d4","description":"\u05d4\u05e2\u05de\u05d5\u05ea\u05d4 \u05dc\u05d7\u05e7\u05e8 \u05ea\u05e0\u05d5\u05e2\u05d5\u05ea \u05d4\u05e0\u05d5\u05e2\u05e8 \u05d4\u05e6\u05d9\u05d5\u05e0\u05d9\u05d5\u05ea \u05d1\u05d4\u05d5\u05e0\u05d2\u05e8\u05d9\u05d4","publisher":{"@id":"https:\/\/machteret1944.org\/hu\/#organization"},"potentialAction":[{"@type":"SearchAction","target":{"@type":"EntryPoint","urlTemplate":"https:\/\/machteret1944.org\/hu\/?s={search_term_string}"},"query-input":{"@type":"PropertyValueSpecification","valueRequired":true,"valueName":"search_term_string"}}],"inLanguage":"hu"},{"@type":"Organization","@id":"https:\/\/machteret1944.org\/hu\/#organization","name":"\u05d4\u05e2\u05de\u05d5\u05ea\u05d4 \u05dc\u05d7\u05e7\u05e8 \u05ea\u05e0\u05d5\u05e2\u05d5\u05ea \u05d4\u05e0\u05d5\u05e2\u05e8 \u05d4\u05e6\u05d9\u05d5\u05e0\u05d9\u05d5\u05ea \u05d1\u05d4\u05d5\u05e0\u05d2\u05e8\u05d9\u05d4","url":"https:\/\/machteret1944.org\/hu\/","logo":{"@type":"ImageObject","inLanguage":"hu","@id":"https:\/\/machteret1944.org\/hu\/#\/schema\/logo\/image\/","url":"https:\/\/machteret1944.org\/wp-content\/uploads\/2020\/12\/\u05dc\u05d5\u05d2\u05d5-\u05dc\u05e2\u05de\u05d5\u05ea\u05d4.png","contentUrl":"https:\/\/machteret1944.org\/wp-content\/uploads\/2020\/12\/\u05dc\u05d5\u05d2\u05d5-\u05dc\u05e2\u05de\u05d5\u05ea\u05d4.png","width":841,"height":290,"caption":"\u05d4\u05e2\u05de\u05d5\u05ea\u05d4 \u05dc\u05d7\u05e7\u05e8 \u05ea\u05e0\u05d5\u05e2\u05d5\u05ea \u05d4\u05e0\u05d5\u05e2\u05e8 \u05d4\u05e6\u05d9\u05d5\u05e0\u05d9\u05d5\u05ea \u05d1\u05d4\u05d5\u05e0\u05d2\u05e8\u05d9\u05d4"},"image":{"@id":"https:\/\/machteret1944.org\/hu\/#\/schema\/logo\/image\/"}}]}},"_links":{"self":[{"href":"https:\/\/machteret1944.org\/hu\/wp-json\/wp\/v2\/pages\/4739","targetHints":{"allow":["GET"]}}],"collection":[{"href":"https:\/\/machteret1944.org\/hu\/wp-json\/wp\/v2\/pages"}],"about":[{"href":"https:\/\/machteret1944.org\/hu\/wp-json\/wp\/v2\/types\/page"}],"author":[{"embeddable":true,"href":"https:\/\/machteret1944.org\/hu\/wp-json\/wp\/v2\/users\/2"}],"replies":[{"embeddable":true,"href":"https:\/\/machteret1944.org\/hu\/wp-json\/wp\/v2\/comments?post=4739"}],"version-history":[{"count":1,"href":"https:\/\/machteret1944.org\/hu\/wp-json\/wp\/v2\/pages\/4739\/revisions"}],"predecessor-version":[{"id":4740,"href":"https:\/\/machteret1944.org\/hu\/wp-json\/wp\/v2\/pages\/4739\/revisions\/4740"}],"up":[{"embeddable":true,"href":"https:\/\/machteret1944.org\/hu\/wp-json\/wp\/v2\/pages\/4709"}],"wp:featuredmedia":[{"embeddable":true,"href":"https:\/\/machteret1944.org\/hu\/wp-json\/wp\/v2\/media\/4457"}],"wp:attachment":[{"href":"https:\/\/machteret1944.org\/hu\/wp-json\/wp\/v2\/media?parent=4739"}],"curies":[{"name":"wp","href":"https:\/\/api.w.org\/{rel}","templated":true}]}}