{"id":4742,"date":"2021-03-04T15:15:05","date_gmt":"2021-03-04T15:15:05","guid":{"rendered":"https:\/\/machteret1944.org\/az-ifjusagi-szervezetek\/bnei-akiva\/"},"modified":"2024-02-05T15:05:20","modified_gmt":"2024-02-05T15:05:20","slug":"bnei-akiva","status":"publish","type":"page","link":"https:\/\/machteret1944.org\/hu\/az-ifjusagi-szervezetek\/bnei-akiva\/","title":{"rendered":"Bnei Akiva"},"content":{"rendered":"<p class=\"Arial12\" style=\"text-align: justify; line-height: 115%;\"><b>Bnei Akiva<\/b><\/p>\n<p class=\"Arial12\" style=\"text-align: justify; line-height: 115%;\"><b>\u00a0<\/b>A HaPoel Hamizrahi ifj\u00fas\u00e1gi mozgalmat 1929-ben alap\u00edtott\u00e1k Jeruzs\u00e1lemben, \u00e9s a vall\u00e1s \u00e9s a halutziut elvein alapult. A Bnei Akiva csoportokat alap\u00edtott Eretz Izraelben \u00e9s szerte a vil\u00e1gon. Az izraeli tagozatok kibucokat \u00e9s mosavokat alap\u00edtottak. Ez a mozgalom Magyarorsz\u00e1gon Hasomer Hadati n\u00e9ven indult 1930-ban. Egy 1932-es konferenci\u00e1n a szervezet nev\u00e9t Bnei Akiva-ra v\u00e1ltoztatt\u00e1k, \u00e9s a legakt\u00edvabb \u00e9vei 1939-40-re esnek, amikor Magyarorsz\u00e1g-szerte alap\u00edtottak tagozatokat, \u00e9s sok tag mez\u0151gazdas\u00e1gi vagy v\u00e1rosi H\u00e1chshara-k\u00e9pz\u00e9sbe kezdett. 1942-ben a Bnei Akiva t\u00f6bb tucat, f\u0151k\u00e9nt magyarul besz\u00e9l\u0151 tagot telep\u00edtett \u00e1t Szlov\u00e1ki\u00e1b\u00f3l Magyarorsz\u00e1gra. Az 1944. m\u00e1rcius 19-i magyarorsz\u00e1gi n\u00e9met bevonul\u00e1st k\u00f6vet\u0151en a mozgalom ment\u0151akci\u00f3kat kezdett, bele\u00e9rtve az okm\u00e1nyhamis\u00edt\u00e1st \u00e9s a &#8222;v\u00e9dett h\u00e1zak&#8221; l\u00e9trehoz\u00e1s\u00e1t. A mozgalom n\u00e9h\u00e1ny tagja fegyvert viselt, de v\u00e9delmi c\u00e9llal, nem pedig milit\u00e1ns tev\u00e9kenys\u00e9g c\u00e9lj\u00e1b\u00f3l. A Bnei Akiva az \u00dcvegh\u00e1z egyik tagszervezete volt, \u00e9s a padl\u00e1son kapott helyet, amelyet Bnei Akiva padl\u00e1snak neveztek el. 1944 nyar\u00e1t\u00f3l kezdve a ment\u0151tev\u00e9kenys\u00e9gek k\u00f6z\u00e9 tartoztak a &#8222;turistautak&#8221;, amelyek a zsid\u00f3k Rom\u00e1ni\u00e1ba t\u00f6rt\u00e9n\u0151 hat\u00e1r\u00e1tl\u00e9p\u00e9s\u00e9nek \u00e1lc\u00e1z\u00e1s\u00e1ra szolg\u00e1ltak. A Bnei Akiva \u00e9lelmiszert \u00e9s p\u00e9nzt is osztott az \u00e9hez\u0151 budapesti zsid\u00f3knak. A mozgalom sz\u00e1mos tagj\u00e1t elfogt\u00e1k, megk\u00ednozt\u00e1k \u00e9s beb\u00f6rt\u00f6n\u00f6zt\u00e9k, n\u00e9h\u00e1nyukat pedig meggyilkolt\u00e1k a fasiszt\u00e1k.<\/p>\n<p><img fetchpriority=\"high\" decoding=\"async\" class=\"alignnone size-medium wp-image-1157\" src=\"https:\/\/machteret1944.org\/wp-content\/uploads\/2021\/03\/Bne-Akiva-300x196.jpg\" alt=\"\" width=\"300\" height=\"196\" srcset=\"https:\/\/machteret1944.org\/wp-content\/uploads\/2021\/03\/Bne-Akiva-300x196.jpg 300w, https:\/\/machteret1944.org\/wp-content\/uploads\/2021\/03\/Bne-Akiva-768x501.jpg 768w, https:\/\/machteret1944.org\/wp-content\/uploads\/2021\/03\/Bne-Akiva.jpg 789w\" sizes=\"(max-width: 300px) 100vw, 300px\" \/><\/p>\n<p>&nbsp;<\/p>\n<p class=\"Arial12\" style=\"text-align: justify; line-height: 115%;\"><b>HaMizrahi<\/b><\/p>\n<p class=\"Arial12\" style=\"text-align: justify; line-height: 115%;\"><b>\u00a0<\/b>A HaMizrahi n\u00e9ven ismert vall\u00e1sos cionizmus szellemi k\u00f6zpontnak tekintette mag\u00e1t. Ez a mozgalom 1902-ben B\u00e9csben tartotta els\u0151 kongresszus\u00e1nak el\u0151k\u00e9sz\u00edt\u0151 \u00fcl\u00e9s\u00e9t. Az els\u0151 HaMizrahi vil\u00e1gkongresszust 1904-ben Pozsonyban tartott\u00e1k. A HaMizrahi k\u00f6zpontja N\u00e9metorsz\u00e1gba k\u00f6lt\u00f6z\u00f6tt, \u00e9s Meir Berlin rabbi, Fischman rabbi \u00e9s Moshe Schapira rabbi vezette. 1922-ben Jeruzs\u00e1lemben megalap\u00edtott\u00e1k a HaPoel HaMizrahit, amelynek ifj\u00fas\u00e1gi mozgalma a Bnei Akiva. A vall\u00e1sos cionizmus, \u00e9l\u00e9n a HaMizrahival, jelent\u0151s helyet foglalt el a magyarorsz\u00e1gi cionista mozgalmak k\u00f6z\u00f6tt, \u00e9s k\u00fcl\u00f6nb\u00f6z\u0151 id\u0151szakokban a tags\u00e1guk egyharmad\u00e1t tette ki. Az ortodox vezet\u00e9s m\u00e1r 1902-ben tilalmat rendelt el a vall\u00e1sos cionista tev\u00e9kenys\u00e9g ellen. Ezt a tilalmat 1927-ben meg\u00faj\u00edtott\u00e1k, de a cionista eszme nyitott f\u00fclekre tal\u00e1lt a vall\u00e1sos k\u00f6r\u00f6kben. A HaMizrahi f\u0151 magyarorsz\u00e1gi aktivist\u00e1i, valamint a mozgalom k\u00e9pvisel\u0151i a hitk\u00f6zs\u00e9gben \u00e9s a cionista szervezetekben Salamon Mih\u00e1ly, Frankel Jen\u0151 \u00e9s Dr. Ung\u00e1r B\u00e9la voltak. A HaMizrahi 1949-ig m\u0171k\u00f6d\u00f6tt Magyarorsz\u00e1gon.<\/p>\n<p>&nbsp;<\/p>\n","protected":false},"excerpt":{"rendered":"<p>Bnei Akiva \u00a0A HaPoel Hamizrahi ifj\u00fas\u00e1gi mozgalmat 1929-ben alap\u00edtott\u00e1k Jeruzs\u00e1lemben, \u00e9s a vall\u00e1s \u00e9s a halutziut elvein alapult. A Bnei Akiva csoportokat alap\u00edtott Eretz Izraelben \u00e9s szerte a vil\u00e1gon. Az izraeli tagozatok kibucokat \u00e9s mosavokat alap\u00edtottak. Ez a mozgalom Magyarorsz\u00e1gon Hasomer Hadati n\u00e9ven indult 1930-ban. Egy 1932-es konferenci\u00e1n a szervezet nev\u00e9t Bnei Akiva-ra v\u00e1ltoztatt\u00e1k, \u00e9s [&hellip;]<\/p>\n","protected":false},"author":2,"featured_media":4066,"parent":4709,"menu_order":8,"comment_status":"closed","ping_status":"closed","template":"","meta":{"_acf_changed":false,"footnotes":""},"class_list":["post-4742","page","type-page","status-publish","has-post-thumbnail","hentry"],"acf":[],"yoast_head":"<!-- This site is optimized with the Yoast SEO plugin v27.3 - https:\/\/yoast.com\/product\/yoast-seo-wordpress\/ -->\n<title>Bnei Akiva - \u05d4\u05e2\u05de\u05d5\u05ea\u05d4 \u05dc\u05d7\u05e7\u05e8 \u05ea\u05e0\u05d5\u05e2\u05d5\u05ea \u05d4\u05e0\u05d5\u05e2\u05e8 \u05d4\u05e6\u05d9\u05d5\u05e0\u05d9\u05d5\u05ea \u05d1\u05d4\u05d5\u05e0\u05d2\u05e8\u05d9\u05d4<\/title>\n<meta name=\"robots\" content=\"index, follow, max-snippet:-1, max-image-preview:large, max-video-preview:-1\" \/>\n<link rel=\"canonical\" href=\"https:\/\/machteret1944.org\/hu\/az-ifjusagi-szervezetek\/bnei-akiva\/\" \/>\n<meta property=\"og:locale\" content=\"hu_HU\" \/>\n<meta property=\"og:type\" content=\"article\" \/>\n<meta property=\"og:title\" content=\"Bnei Akiva - \u05d4\u05e2\u05de\u05d5\u05ea\u05d4 \u05dc\u05d7\u05e7\u05e8 \u05ea\u05e0\u05d5\u05e2\u05d5\u05ea \u05d4\u05e0\u05d5\u05e2\u05e8 \u05d4\u05e6\u05d9\u05d5\u05e0\u05d9\u05d5\u05ea \u05d1\u05d4\u05d5\u05e0\u05d2\u05e8\u05d9\u05d4\" \/>\n<meta property=\"og:description\" content=\"Bnei Akiva \u00a0A HaPoel Hamizrahi ifj\u00fas\u00e1gi mozgalmat 1929-ben alap\u00edtott\u00e1k Jeruzs\u00e1lemben, \u00e9s a vall\u00e1s \u00e9s a halutziut elvein alapult. A Bnei Akiva csoportokat alap\u00edtott Eretz Izraelben \u00e9s szerte a vil\u00e1gon. Az izraeli tagozatok kibucokat \u00e9s mosavokat alap\u00edtottak. Ez a mozgalom Magyarorsz\u00e1gon Hasomer Hadati n\u00e9ven indult 1930-ban. Egy 1932-es konferenci\u00e1n a szervezet nev\u00e9t Bnei Akiva-ra v\u00e1ltoztatt\u00e1k, \u00e9s [&hellip;]\" \/>\n<meta property=\"og:url\" content=\"https:\/\/machteret1944.org\/hu\/az-ifjusagi-szervezetek\/bnei-akiva\/\" \/>\n<meta property=\"og:site_name\" content=\"\u05d4\u05e2\u05de\u05d5\u05ea\u05d4 \u05dc\u05d7\u05e7\u05e8 \u05ea\u05e0\u05d5\u05e2\u05d5\u05ea \u05d4\u05e0\u05d5\u05e2\u05e8 \u05d4\u05e6\u05d9\u05d5\u05e0\u05d9\u05d5\u05ea \u05d1\u05d4\u05d5\u05e0\u05d2\u05e8\u05d9\u05d4\" \/>\n<meta property=\"article:modified_time\" content=\"2024-02-05T15:05:20+00:00\" \/>\n<meta property=\"og:image\" content=\"https:\/\/machteret1944.org\/wp-content\/uploads\/2021\/03\/\u05d1\u05e0\u05d9-\u05e2\u05e7\u05d9\u05d1\u05d0.png\" \/>\n\t<meta property=\"og:image:width\" content=\"100\" \/>\n\t<meta property=\"og:image:height\" content=\"124\" \/>\n\t<meta property=\"og:image:type\" content=\"image\/png\" \/>\n<meta name=\"twitter:card\" content=\"summary_large_image\" \/>\n<meta name=\"twitter:label1\" content=\"Becs\u00fclt olvas\u00e1si id\u0151\" \/>\n\t<meta name=\"twitter:data1\" content=\"3 perc\" \/>\n<script type=\"application\/ld+json\" class=\"yoast-schema-graph\">{\"@context\":\"https:\\\/\\\/schema.org\",\"@graph\":[{\"@type\":\"WebPage\",\"@id\":\"https:\\\/\\\/machteret1944.org\\\/hu\\\/az-ifjusagi-szervezetek\\\/bnei-akiva\\\/\",\"url\":\"https:\\\/\\\/machteret1944.org\\\/hu\\\/az-ifjusagi-szervezetek\\\/bnei-akiva\\\/\",\"name\":\"Bnei Akiva - \u05d4\u05e2\u05de\u05d5\u05ea\u05d4 \u05dc\u05d7\u05e7\u05e8 \u05ea\u05e0\u05d5\u05e2\u05d5\u05ea \u05d4\u05e0\u05d5\u05e2\u05e8 \u05d4\u05e6\u05d9\u05d5\u05e0\u05d9\u05d5\u05ea \u05d1\u05d4\u05d5\u05e0\u05d2\u05e8\u05d9\u05d4\",\"isPartOf\":{\"@id\":\"https:\\\/\\\/machteret1944.org\\\/hu\\\/#website\"},\"primaryImageOfPage\":{\"@id\":\"https:\\\/\\\/machteret1944.org\\\/hu\\\/az-ifjusagi-szervezetek\\\/bnei-akiva\\\/#primaryimage\"},\"image\":{\"@id\":\"https:\\\/\\\/machteret1944.org\\\/hu\\\/az-ifjusagi-szervezetek\\\/bnei-akiva\\\/#primaryimage\"},\"thumbnailUrl\":\"https:\\\/\\\/machteret1944.org\\\/wp-content\\\/uploads\\\/2021\\\/03\\\/\u05d1\u05e0\u05d9-\u05e2\u05e7\u05d9\u05d1\u05d0.png\",\"datePublished\":\"2021-03-04T15:15:05+00:00\",\"dateModified\":\"2024-02-05T15:05:20+00:00\",\"breadcrumb\":{\"@id\":\"https:\\\/\\\/machteret1944.org\\\/hu\\\/az-ifjusagi-szervezetek\\\/bnei-akiva\\\/#breadcrumb\"},\"inLanguage\":\"hu\",\"potentialAction\":[{\"@type\":\"ReadAction\",\"target\":[\"https:\\\/\\\/machteret1944.org\\\/hu\\\/az-ifjusagi-szervezetek\\\/bnei-akiva\\\/\"]}]},{\"@type\":\"ImageObject\",\"inLanguage\":\"hu\",\"@id\":\"https:\\\/\\\/machteret1944.org\\\/hu\\\/az-ifjusagi-szervezetek\\\/bnei-akiva\\\/#primaryimage\",\"url\":\"https:\\\/\\\/machteret1944.org\\\/wp-content\\\/uploads\\\/2021\\\/03\\\/\u05d1\u05e0\u05d9-\u05e2\u05e7\u05d9\u05d1\u05d0.png\",\"contentUrl\":\"https:\\\/\\\/machteret1944.org\\\/wp-content\\\/uploads\\\/2021\\\/03\\\/\u05d1\u05e0\u05d9-\u05e2\u05e7\u05d9\u05d1\u05d0.png\",\"width\":100,\"height\":124},{\"@type\":\"BreadcrumbList\",\"@id\":\"https:\\\/\\\/machteret1944.org\\\/hu\\\/az-ifjusagi-szervezetek\\\/bnei-akiva\\\/#breadcrumb\",\"itemListElement\":[{\"@type\":\"ListItem\",\"position\":1,\"name\":\"Kezd\u0151lap\",\"item\":\"https:\\\/\\\/machteret1944.org\\\/hu\\\/\"},{\"@type\":\"ListItem\",\"position\":2,\"name\":\"Az ifj\u00fas\u00e1gi szervezetek\",\"item\":\"https:\\\/\\\/machteret1944.org\\\/hu\\\/az-ifjusagi-szervezetek\\\/\"},{\"@type\":\"ListItem\",\"position\":3,\"name\":\"Bnei Akiva\"}]},{\"@type\":\"WebSite\",\"@id\":\"https:\\\/\\\/machteret1944.org\\\/hu\\\/#website\",\"url\":\"https:\\\/\\\/machteret1944.org\\\/hu\\\/\",\"name\":\"\u05d4\u05e2\u05de\u05d5\u05ea\u05d4 \u05dc\u05d7\u05e7\u05e8 \u05ea\u05e0\u05d5\u05e2\u05d5\u05ea \u05d4\u05e0\u05d5\u05e2\u05e8 \u05d4\u05e6\u05d9\u05d5\u05e0\u05d9\u05d5\u05ea \u05d1\u05d4\u05d5\u05e0\u05d2\u05e8\u05d9\u05d4\",\"description\":\"\u05d4\u05e2\u05de\u05d5\u05ea\u05d4 \u05dc\u05d7\u05e7\u05e8 \u05ea\u05e0\u05d5\u05e2\u05d5\u05ea \u05d4\u05e0\u05d5\u05e2\u05e8 \u05d4\u05e6\u05d9\u05d5\u05e0\u05d9\u05d5\u05ea \u05d1\u05d4\u05d5\u05e0\u05d2\u05e8\u05d9\u05d4\",\"publisher\":{\"@id\":\"https:\\\/\\\/machteret1944.org\\\/hu\\\/#organization\"},\"potentialAction\":[{\"@type\":\"SearchAction\",\"target\":{\"@type\":\"EntryPoint\",\"urlTemplate\":\"https:\\\/\\\/machteret1944.org\\\/hu\\\/?s={search_term_string}\"},\"query-input\":{\"@type\":\"PropertyValueSpecification\",\"valueRequired\":true,\"valueName\":\"search_term_string\"}}],\"inLanguage\":\"hu\"},{\"@type\":\"Organization\",\"@id\":\"https:\\\/\\\/machteret1944.org\\\/hu\\\/#organization\",\"name\":\"\u05d4\u05e2\u05de\u05d5\u05ea\u05d4 \u05dc\u05d7\u05e7\u05e8 \u05ea\u05e0\u05d5\u05e2\u05d5\u05ea \u05d4\u05e0\u05d5\u05e2\u05e8 \u05d4\u05e6\u05d9\u05d5\u05e0\u05d9\u05d5\u05ea \u05d1\u05d4\u05d5\u05e0\u05d2\u05e8\u05d9\u05d4\",\"url\":\"https:\\\/\\\/machteret1944.org\\\/hu\\\/\",\"logo\":{\"@type\":\"ImageObject\",\"inLanguage\":\"hu\",\"@id\":\"https:\\\/\\\/machteret1944.org\\\/hu\\\/#\\\/schema\\\/logo\\\/image\\\/\",\"url\":\"https:\\\/\\\/machteret1944.org\\\/wp-content\\\/uploads\\\/2020\\\/12\\\/\u05dc\u05d5\u05d2\u05d5-\u05dc\u05e2\u05de\u05d5\u05ea\u05d4.png\",\"contentUrl\":\"https:\\\/\\\/machteret1944.org\\\/wp-content\\\/uploads\\\/2020\\\/12\\\/\u05dc\u05d5\u05d2\u05d5-\u05dc\u05e2\u05de\u05d5\u05ea\u05d4.png\",\"width\":841,\"height\":290,\"caption\":\"\u05d4\u05e2\u05de\u05d5\u05ea\u05d4 \u05dc\u05d7\u05e7\u05e8 \u05ea\u05e0\u05d5\u05e2\u05d5\u05ea \u05d4\u05e0\u05d5\u05e2\u05e8 \u05d4\u05e6\u05d9\u05d5\u05e0\u05d9\u05d5\u05ea \u05d1\u05d4\u05d5\u05e0\u05d2\u05e8\u05d9\u05d4\"},\"image\":{\"@id\":\"https:\\\/\\\/machteret1944.org\\\/hu\\\/#\\\/schema\\\/logo\\\/image\\\/\"}}]}<\/script>\n<!-- \/ Yoast SEO plugin. -->","yoast_head_json":{"title":"Bnei Akiva - \u05d4\u05e2\u05de\u05d5\u05ea\u05d4 \u05dc\u05d7\u05e7\u05e8 \u05ea\u05e0\u05d5\u05e2\u05d5\u05ea \u05d4\u05e0\u05d5\u05e2\u05e8 \u05d4\u05e6\u05d9\u05d5\u05e0\u05d9\u05d5\u05ea \u05d1\u05d4\u05d5\u05e0\u05d2\u05e8\u05d9\u05d4","robots":{"index":"index","follow":"follow","max-snippet":"max-snippet:-1","max-image-preview":"max-image-preview:large","max-video-preview":"max-video-preview:-1"},"canonical":"https:\/\/machteret1944.org\/hu\/az-ifjusagi-szervezetek\/bnei-akiva\/","og_locale":"hu_HU","og_type":"article","og_title":"Bnei Akiva - \u05d4\u05e2\u05de\u05d5\u05ea\u05d4 \u05dc\u05d7\u05e7\u05e8 \u05ea\u05e0\u05d5\u05e2\u05d5\u05ea \u05d4\u05e0\u05d5\u05e2\u05e8 \u05d4\u05e6\u05d9\u05d5\u05e0\u05d9\u05d5\u05ea \u05d1\u05d4\u05d5\u05e0\u05d2\u05e8\u05d9\u05d4","og_description":"Bnei Akiva \u00a0A HaPoel Hamizrahi ifj\u00fas\u00e1gi mozgalmat 1929-ben alap\u00edtott\u00e1k Jeruzs\u00e1lemben, \u00e9s a vall\u00e1s \u00e9s a halutziut elvein alapult. A Bnei Akiva csoportokat alap\u00edtott Eretz Izraelben \u00e9s szerte a vil\u00e1gon. Az izraeli tagozatok kibucokat \u00e9s mosavokat alap\u00edtottak. Ez a mozgalom Magyarorsz\u00e1gon Hasomer Hadati n\u00e9ven indult 1930-ban. Egy 1932-es konferenci\u00e1n a szervezet nev\u00e9t Bnei Akiva-ra v\u00e1ltoztatt\u00e1k, \u00e9s [&hellip;]","og_url":"https:\/\/machteret1944.org\/hu\/az-ifjusagi-szervezetek\/bnei-akiva\/","og_site_name":"\u05d4\u05e2\u05de\u05d5\u05ea\u05d4 \u05dc\u05d7\u05e7\u05e8 \u05ea\u05e0\u05d5\u05e2\u05d5\u05ea \u05d4\u05e0\u05d5\u05e2\u05e8 \u05d4\u05e6\u05d9\u05d5\u05e0\u05d9\u05d5\u05ea \u05d1\u05d4\u05d5\u05e0\u05d2\u05e8\u05d9\u05d4","article_modified_time":"2024-02-05T15:05:20+00:00","og_image":[{"width":100,"height":124,"url":"https:\/\/machteret1944.org\/wp-content\/uploads\/2021\/03\/\u05d1\u05e0\u05d9-\u05e2\u05e7\u05d9\u05d1\u05d0.png","type":"image\/png"}],"twitter_card":"summary_large_image","twitter_misc":{"Becs\u00fclt olvas\u00e1si id\u0151":"3 perc"},"schema":{"@context":"https:\/\/schema.org","@graph":[{"@type":"WebPage","@id":"https:\/\/machteret1944.org\/hu\/az-ifjusagi-szervezetek\/bnei-akiva\/","url":"https:\/\/machteret1944.org\/hu\/az-ifjusagi-szervezetek\/bnei-akiva\/","name":"Bnei Akiva - \u05d4\u05e2\u05de\u05d5\u05ea\u05d4 \u05dc\u05d7\u05e7\u05e8 \u05ea\u05e0\u05d5\u05e2\u05d5\u05ea \u05d4\u05e0\u05d5\u05e2\u05e8 \u05d4\u05e6\u05d9\u05d5\u05e0\u05d9\u05d5\u05ea \u05d1\u05d4\u05d5\u05e0\u05d2\u05e8\u05d9\u05d4","isPartOf":{"@id":"https:\/\/machteret1944.org\/hu\/#website"},"primaryImageOfPage":{"@id":"https:\/\/machteret1944.org\/hu\/az-ifjusagi-szervezetek\/bnei-akiva\/#primaryimage"},"image":{"@id":"https:\/\/machteret1944.org\/hu\/az-ifjusagi-szervezetek\/bnei-akiva\/#primaryimage"},"thumbnailUrl":"https:\/\/machteret1944.org\/wp-content\/uploads\/2021\/03\/\u05d1\u05e0\u05d9-\u05e2\u05e7\u05d9\u05d1\u05d0.png","datePublished":"2021-03-04T15:15:05+00:00","dateModified":"2024-02-05T15:05:20+00:00","breadcrumb":{"@id":"https:\/\/machteret1944.org\/hu\/az-ifjusagi-szervezetek\/bnei-akiva\/#breadcrumb"},"inLanguage":"hu","potentialAction":[{"@type":"ReadAction","target":["https:\/\/machteret1944.org\/hu\/az-ifjusagi-szervezetek\/bnei-akiva\/"]}]},{"@type":"ImageObject","inLanguage":"hu","@id":"https:\/\/machteret1944.org\/hu\/az-ifjusagi-szervezetek\/bnei-akiva\/#primaryimage","url":"https:\/\/machteret1944.org\/wp-content\/uploads\/2021\/03\/\u05d1\u05e0\u05d9-\u05e2\u05e7\u05d9\u05d1\u05d0.png","contentUrl":"https:\/\/machteret1944.org\/wp-content\/uploads\/2021\/03\/\u05d1\u05e0\u05d9-\u05e2\u05e7\u05d9\u05d1\u05d0.png","width":100,"height":124},{"@type":"BreadcrumbList","@id":"https:\/\/machteret1944.org\/hu\/az-ifjusagi-szervezetek\/bnei-akiva\/#breadcrumb","itemListElement":[{"@type":"ListItem","position":1,"name":"Kezd\u0151lap","item":"https:\/\/machteret1944.org\/hu\/"},{"@type":"ListItem","position":2,"name":"Az ifj\u00fas\u00e1gi szervezetek","item":"https:\/\/machteret1944.org\/hu\/az-ifjusagi-szervezetek\/"},{"@type":"ListItem","position":3,"name":"Bnei Akiva"}]},{"@type":"WebSite","@id":"https:\/\/machteret1944.org\/hu\/#website","url":"https:\/\/machteret1944.org\/hu\/","name":"\u05d4\u05e2\u05de\u05d5\u05ea\u05d4 \u05dc\u05d7\u05e7\u05e8 \u05ea\u05e0\u05d5\u05e2\u05d5\u05ea \u05d4\u05e0\u05d5\u05e2\u05e8 \u05d4\u05e6\u05d9\u05d5\u05e0\u05d9\u05d5\u05ea \u05d1\u05d4\u05d5\u05e0\u05d2\u05e8\u05d9\u05d4","description":"\u05d4\u05e2\u05de\u05d5\u05ea\u05d4 \u05dc\u05d7\u05e7\u05e8 \u05ea\u05e0\u05d5\u05e2\u05d5\u05ea \u05d4\u05e0\u05d5\u05e2\u05e8 \u05d4\u05e6\u05d9\u05d5\u05e0\u05d9\u05d5\u05ea \u05d1\u05d4\u05d5\u05e0\u05d2\u05e8\u05d9\u05d4","publisher":{"@id":"https:\/\/machteret1944.org\/hu\/#organization"},"potentialAction":[{"@type":"SearchAction","target":{"@type":"EntryPoint","urlTemplate":"https:\/\/machteret1944.org\/hu\/?s={search_term_string}"},"query-input":{"@type":"PropertyValueSpecification","valueRequired":true,"valueName":"search_term_string"}}],"inLanguage":"hu"},{"@type":"Organization","@id":"https:\/\/machteret1944.org\/hu\/#organization","name":"\u05d4\u05e2\u05de\u05d5\u05ea\u05d4 \u05dc\u05d7\u05e7\u05e8 \u05ea\u05e0\u05d5\u05e2\u05d5\u05ea \u05d4\u05e0\u05d5\u05e2\u05e8 \u05d4\u05e6\u05d9\u05d5\u05e0\u05d9\u05d5\u05ea \u05d1\u05d4\u05d5\u05e0\u05d2\u05e8\u05d9\u05d4","url":"https:\/\/machteret1944.org\/hu\/","logo":{"@type":"ImageObject","inLanguage":"hu","@id":"https:\/\/machteret1944.org\/hu\/#\/schema\/logo\/image\/","url":"https:\/\/machteret1944.org\/wp-content\/uploads\/2020\/12\/\u05dc\u05d5\u05d2\u05d5-\u05dc\u05e2\u05de\u05d5\u05ea\u05d4.png","contentUrl":"https:\/\/machteret1944.org\/wp-content\/uploads\/2020\/12\/\u05dc\u05d5\u05d2\u05d5-\u05dc\u05e2\u05de\u05d5\u05ea\u05d4.png","width":841,"height":290,"caption":"\u05d4\u05e2\u05de\u05d5\u05ea\u05d4 \u05dc\u05d7\u05e7\u05e8 \u05ea\u05e0\u05d5\u05e2\u05d5\u05ea \u05d4\u05e0\u05d5\u05e2\u05e8 \u05d4\u05e6\u05d9\u05d5\u05e0\u05d9\u05d5\u05ea \u05d1\u05d4\u05d5\u05e0\u05d2\u05e8\u05d9\u05d4"},"image":{"@id":"https:\/\/machteret1944.org\/hu\/#\/schema\/logo\/image\/"}}]}},"_links":{"self":[{"href":"https:\/\/machteret1944.org\/hu\/wp-json\/wp\/v2\/pages\/4742","targetHints":{"allow":["GET"]}}],"collection":[{"href":"https:\/\/machteret1944.org\/hu\/wp-json\/wp\/v2\/pages"}],"about":[{"href":"https:\/\/machteret1944.org\/hu\/wp-json\/wp\/v2\/types\/page"}],"author":[{"embeddable":true,"href":"https:\/\/machteret1944.org\/hu\/wp-json\/wp\/v2\/users\/2"}],"replies":[{"embeddable":true,"href":"https:\/\/machteret1944.org\/hu\/wp-json\/wp\/v2\/comments?post=4742"}],"version-history":[{"count":1,"href":"https:\/\/machteret1944.org\/hu\/wp-json\/wp\/v2\/pages\/4742\/revisions"}],"predecessor-version":[{"id":4743,"href":"https:\/\/machteret1944.org\/hu\/wp-json\/wp\/v2\/pages\/4742\/revisions\/4743"}],"up":[{"embeddable":true,"href":"https:\/\/machteret1944.org\/hu\/wp-json\/wp\/v2\/pages\/4709"}],"wp:featuredmedia":[{"embeddable":true,"href":"https:\/\/machteret1944.org\/hu\/wp-json\/wp\/v2\/media\/4066"}],"wp:attachment":[{"href":"https:\/\/machteret1944.org\/hu\/wp-json\/wp\/v2\/media?parent=4742"}],"curies":[{"name":"wp","href":"https:\/\/api.w.org\/{rel}","templated":true}]}}