{"id":4744,"date":"2021-03-04T15:19:51","date_gmt":"2021-03-04T15:19:51","guid":{"rendered":"https:\/\/machteret1944.org\/az-ifjusagi-szervezetek\/dror-habonim\/"},"modified":"2024-02-05T15:06:21","modified_gmt":"2024-02-05T15:06:21","slug":"dror-habonim","status":"publish","type":"page","link":"https:\/\/machteret1944.org\/hu\/az-ifjusagi-szervezetek\/dror-habonim\/","title":{"rendered":"Dror Habonim"},"content":{"rendered":"<p class=\"Arial12\" style=\"text-align: justify; line-height: 115%;\"><b>Dror Habonim<\/b><\/p>\n<p class=\"Arial12\" style=\"text-align: justify; line-height: 115%;\"><b>\u00a0<\/b><\/p>\n<p class=\"Arial12\" style=\"text-align: justify; line-height: 115%;\">Az els\u0151 vil\u00e1gh\u00e1bor\u00fa el\u0151tt Oroszorsz\u00e1gban alap\u00edtott cionista szocialista mozgalom. Els\u0151sorban az \u00f6nv\u00e9delemben vett r\u00e9szt. A bolsevik forradalom ut\u00e1n a Dror Habonim k\u00f6zpontja Lengyelorsz\u00e1gba k\u00f6lt\u00f6z\u00f6tt, \u00e9s 1925-ben csatlakozott a Baloldali Poalei Cionhoz. A mozgalom t\u00f6bb orsz\u00e1gban alap\u00edtott tagozatot, \u00e9s sz\u00e1mos telep\u00fcl\u00e9st alap\u00edtott Eretz Izraelben. Magyarorsz\u00e1gon a Dror Habonim 1939-ben alakult meg a Dror \u00e9s a Hahalutz Hatzair egyes\u00fcl\u00e9s\u00e9b\u0151l, b\u00e1r tagjai m\u00e1r az 1930-as \u00e9vek eleje \u00f3ta akt\u00edvak voltak, k\u00fcl\u00f6nb\u00f6z\u0151 neveken. 1944 elej\u00e9n \u00fajabb h\u00e1rom mozgalom &#8211; a Dror, a Hahalutz Hatzair \u00e9s a Habonim &#8211; egyes\u00fcl\u00e9s\u00e9re ker\u00fclt sor. A Dror Habonim 1946 ut\u00e1n, egy szakad\u00e1st k\u00f6vet\u0151en csatlakozott az Ahdut Ha&#8217;avodah-hoz, a Netzach Habonim pedig a Mapai-hoz.<\/p>\n<p><img decoding=\"async\" class=\"alignnone size-medium wp-image-1161\" src=\"https:\/\/machteret1944.org\/wp-content\/uploads\/2021\/03\/DROR-300x165.jpg\" alt=\"\" width=\"300\" height=\"165\" srcset=\"https:\/\/machteret1944.org\/wp-content\/uploads\/2021\/03\/DROR-300x165.jpg 300w, https:\/\/machteret1944.org\/wp-content\/uploads\/2021\/03\/DROR.jpg 649w\" sizes=\"(max-width: 300px) 100vw, 300px\" \/><\/p>\n<p>&nbsp;<\/p>\n<p><strong>\u00a0<\/strong><\/p>\n","protected":false},"excerpt":{"rendered":"<p>Dror Habonim \u00a0 Az els\u0151 vil\u00e1gh\u00e1bor\u00fa el\u0151tt Oroszorsz\u00e1gban alap\u00edtott cionista szocialista mozgalom. Els\u0151sorban az \u00f6nv\u00e9delemben vett r\u00e9szt. A bolsevik forradalom ut\u00e1n a Dror Habonim k\u00f6zpontja Lengyelorsz\u00e1gba k\u00f6lt\u00f6z\u00f6tt, \u00e9s 1925-ben csatlakozott a Baloldali Poalei Cionhoz. A mozgalom t\u00f6bb orsz\u00e1gban alap\u00edtott tagozatot, \u00e9s sz\u00e1mos telep\u00fcl\u00e9st alap\u00edtott Eretz Izraelben. Magyarorsz\u00e1gon a Dror Habonim 1939-ben alakult meg a Dror [&hellip;]<\/p>\n","protected":false},"author":2,"featured_media":4067,"parent":4709,"menu_order":10,"comment_status":"closed","ping_status":"closed","template":"","meta":{"_acf_changed":false,"footnotes":""},"class_list":["post-4744","page","type-page","status-publish","has-post-thumbnail","hentry"],"acf":[],"yoast_head":"<!-- This site is optimized with the Yoast SEO plugin v27.3 - https:\/\/yoast.com\/product\/yoast-seo-wordpress\/ -->\n<title>Dror Habonim - \u05d4\u05e2\u05de\u05d5\u05ea\u05d4 \u05dc\u05d7\u05e7\u05e8 \u05ea\u05e0\u05d5\u05e2\u05d5\u05ea \u05d4\u05e0\u05d5\u05e2\u05e8 \u05d4\u05e6\u05d9\u05d5\u05e0\u05d9\u05d5\u05ea \u05d1\u05d4\u05d5\u05e0\u05d2\u05e8\u05d9\u05d4<\/title>\n<meta name=\"robots\" content=\"index, follow, max-snippet:-1, max-image-preview:large, max-video-preview:-1\" \/>\n<link rel=\"canonical\" href=\"https:\/\/machteret1944.org\/hu\/az-ifjusagi-szervezetek\/dror-habonim\/\" \/>\n<meta property=\"og:locale\" content=\"hu_HU\" \/>\n<meta property=\"og:type\" content=\"article\" \/>\n<meta property=\"og:title\" content=\"Dror Habonim - \u05d4\u05e2\u05de\u05d5\u05ea\u05d4 \u05dc\u05d7\u05e7\u05e8 \u05ea\u05e0\u05d5\u05e2\u05d5\u05ea \u05d4\u05e0\u05d5\u05e2\u05e8 \u05d4\u05e6\u05d9\u05d5\u05e0\u05d9\u05d5\u05ea \u05d1\u05d4\u05d5\u05e0\u05d2\u05e8\u05d9\u05d4\" \/>\n<meta property=\"og:description\" content=\"Dror Habonim \u00a0 Az els\u0151 vil\u00e1gh\u00e1bor\u00fa el\u0151tt Oroszorsz\u00e1gban alap\u00edtott cionista szocialista mozgalom. Els\u0151sorban az \u00f6nv\u00e9delemben vett r\u00e9szt. A bolsevik forradalom ut\u00e1n a Dror Habonim k\u00f6zpontja Lengyelorsz\u00e1gba k\u00f6lt\u00f6z\u00f6tt, \u00e9s 1925-ben csatlakozott a Baloldali Poalei Cionhoz. A mozgalom t\u00f6bb orsz\u00e1gban alap\u00edtott tagozatot, \u00e9s sz\u00e1mos telep\u00fcl\u00e9st alap\u00edtott Eretz Izraelben. Magyarorsz\u00e1gon a Dror Habonim 1939-ben alakult meg a Dror [&hellip;]\" \/>\n<meta property=\"og:url\" content=\"https:\/\/machteret1944.org\/hu\/az-ifjusagi-szervezetek\/dror-habonim\/\" \/>\n<meta property=\"og:site_name\" content=\"\u05d4\u05e2\u05de\u05d5\u05ea\u05d4 \u05dc\u05d7\u05e7\u05e8 \u05ea\u05e0\u05d5\u05e2\u05d5\u05ea \u05d4\u05e0\u05d5\u05e2\u05e8 \u05d4\u05e6\u05d9\u05d5\u05e0\u05d9\u05d5\u05ea \u05d1\u05d4\u05d5\u05e0\u05d2\u05e8\u05d9\u05d4\" \/>\n<meta property=\"article:modified_time\" content=\"2024-02-05T15:06:21+00:00\" \/>\n<meta property=\"og:image\" content=\"https:\/\/machteret1944.org\/wp-content\/uploads\/2021\/03\/\u05d3\u05e8\u05d5\u05e8-\u05d4\u05d1\u05d5\u05e0\u05d9\u05dd.png\" \/>\n\t<meta property=\"og:image:width\" content=\"200\" \/>\n\t<meta property=\"og:image:height\" content=\"200\" \/>\n\t<meta property=\"og:image:type\" content=\"image\/png\" \/>\n<meta name=\"twitter:card\" content=\"summary_large_image\" \/>\n<meta name=\"twitter:label1\" content=\"Becs\u00fclt olvas\u00e1si id\u0151\" \/>\n\t<meta name=\"twitter:data1\" content=\"1 perc\" \/>\n<script type=\"application\/ld+json\" class=\"yoast-schema-graph\">{\"@context\":\"https:\\\/\\\/schema.org\",\"@graph\":[{\"@type\":\"WebPage\",\"@id\":\"https:\\\/\\\/machteret1944.org\\\/hu\\\/az-ifjusagi-szervezetek\\\/dror-habonim\\\/\",\"url\":\"https:\\\/\\\/machteret1944.org\\\/hu\\\/az-ifjusagi-szervezetek\\\/dror-habonim\\\/\",\"name\":\"Dror Habonim - \u05d4\u05e2\u05de\u05d5\u05ea\u05d4 \u05dc\u05d7\u05e7\u05e8 \u05ea\u05e0\u05d5\u05e2\u05d5\u05ea \u05d4\u05e0\u05d5\u05e2\u05e8 \u05d4\u05e6\u05d9\u05d5\u05e0\u05d9\u05d5\u05ea \u05d1\u05d4\u05d5\u05e0\u05d2\u05e8\u05d9\u05d4\",\"isPartOf\":{\"@id\":\"https:\\\/\\\/machteret1944.org\\\/hu\\\/#website\"},\"primaryImageOfPage\":{\"@id\":\"https:\\\/\\\/machteret1944.org\\\/hu\\\/az-ifjusagi-szervezetek\\\/dror-habonim\\\/#primaryimage\"},\"image\":{\"@id\":\"https:\\\/\\\/machteret1944.org\\\/hu\\\/az-ifjusagi-szervezetek\\\/dror-habonim\\\/#primaryimage\"},\"thumbnailUrl\":\"https:\\\/\\\/machteret1944.org\\\/wp-content\\\/uploads\\\/2021\\\/03\\\/\u05d3\u05e8\u05d5\u05e8-\u05d4\u05d1\u05d5\u05e0\u05d9\u05dd.png\",\"datePublished\":\"2021-03-04T15:19:51+00:00\",\"dateModified\":\"2024-02-05T15:06:21+00:00\",\"breadcrumb\":{\"@id\":\"https:\\\/\\\/machteret1944.org\\\/hu\\\/az-ifjusagi-szervezetek\\\/dror-habonim\\\/#breadcrumb\"},\"inLanguage\":\"hu\",\"potentialAction\":[{\"@type\":\"ReadAction\",\"target\":[\"https:\\\/\\\/machteret1944.org\\\/hu\\\/az-ifjusagi-szervezetek\\\/dror-habonim\\\/\"]}]},{\"@type\":\"ImageObject\",\"inLanguage\":\"hu\",\"@id\":\"https:\\\/\\\/machteret1944.org\\\/hu\\\/az-ifjusagi-szervezetek\\\/dror-habonim\\\/#primaryimage\",\"url\":\"https:\\\/\\\/machteret1944.org\\\/wp-content\\\/uploads\\\/2021\\\/03\\\/\u05d3\u05e8\u05d5\u05e8-\u05d4\u05d1\u05d5\u05e0\u05d9\u05dd.png\",\"contentUrl\":\"https:\\\/\\\/machteret1944.org\\\/wp-content\\\/uploads\\\/2021\\\/03\\\/\u05d3\u05e8\u05d5\u05e8-\u05d4\u05d1\u05d5\u05e0\u05d9\u05dd.png\",\"width\":200,\"height\":200},{\"@type\":\"BreadcrumbList\",\"@id\":\"https:\\\/\\\/machteret1944.org\\\/hu\\\/az-ifjusagi-szervezetek\\\/dror-habonim\\\/#breadcrumb\",\"itemListElement\":[{\"@type\":\"ListItem\",\"position\":1,\"name\":\"Kezd\u0151lap\",\"item\":\"https:\\\/\\\/machteret1944.org\\\/hu\\\/\"},{\"@type\":\"ListItem\",\"position\":2,\"name\":\"Az ifj\u00fas\u00e1gi szervezetek\",\"item\":\"https:\\\/\\\/machteret1944.org\\\/hu\\\/az-ifjusagi-szervezetek\\\/\"},{\"@type\":\"ListItem\",\"position\":3,\"name\":\"Dror Habonim\"}]},{\"@type\":\"WebSite\",\"@id\":\"https:\\\/\\\/machteret1944.org\\\/hu\\\/#website\",\"url\":\"https:\\\/\\\/machteret1944.org\\\/hu\\\/\",\"name\":\"\u05d4\u05e2\u05de\u05d5\u05ea\u05d4 \u05dc\u05d7\u05e7\u05e8 \u05ea\u05e0\u05d5\u05e2\u05d5\u05ea \u05d4\u05e0\u05d5\u05e2\u05e8 \u05d4\u05e6\u05d9\u05d5\u05e0\u05d9\u05d5\u05ea \u05d1\u05d4\u05d5\u05e0\u05d2\u05e8\u05d9\u05d4\",\"description\":\"\u05d4\u05e2\u05de\u05d5\u05ea\u05d4 \u05dc\u05d7\u05e7\u05e8 \u05ea\u05e0\u05d5\u05e2\u05d5\u05ea \u05d4\u05e0\u05d5\u05e2\u05e8 \u05d4\u05e6\u05d9\u05d5\u05e0\u05d9\u05d5\u05ea \u05d1\u05d4\u05d5\u05e0\u05d2\u05e8\u05d9\u05d4\",\"publisher\":{\"@id\":\"https:\\\/\\\/machteret1944.org\\\/hu\\\/#organization\"},\"potentialAction\":[{\"@type\":\"SearchAction\",\"target\":{\"@type\":\"EntryPoint\",\"urlTemplate\":\"https:\\\/\\\/machteret1944.org\\\/hu\\\/?s={search_term_string}\"},\"query-input\":{\"@type\":\"PropertyValueSpecification\",\"valueRequired\":true,\"valueName\":\"search_term_string\"}}],\"inLanguage\":\"hu\"},{\"@type\":\"Organization\",\"@id\":\"https:\\\/\\\/machteret1944.org\\\/hu\\\/#organization\",\"name\":\"\u05d4\u05e2\u05de\u05d5\u05ea\u05d4 \u05dc\u05d7\u05e7\u05e8 \u05ea\u05e0\u05d5\u05e2\u05d5\u05ea \u05d4\u05e0\u05d5\u05e2\u05e8 \u05d4\u05e6\u05d9\u05d5\u05e0\u05d9\u05d5\u05ea \u05d1\u05d4\u05d5\u05e0\u05d2\u05e8\u05d9\u05d4\",\"url\":\"https:\\\/\\\/machteret1944.org\\\/hu\\\/\",\"logo\":{\"@type\":\"ImageObject\",\"inLanguage\":\"hu\",\"@id\":\"https:\\\/\\\/machteret1944.org\\\/hu\\\/#\\\/schema\\\/logo\\\/image\\\/\",\"url\":\"https:\\\/\\\/machteret1944.org\\\/wp-content\\\/uploads\\\/2020\\\/12\\\/\u05dc\u05d5\u05d2\u05d5-\u05dc\u05e2\u05de\u05d5\u05ea\u05d4.png\",\"contentUrl\":\"https:\\\/\\\/machteret1944.org\\\/wp-content\\\/uploads\\\/2020\\\/12\\\/\u05dc\u05d5\u05d2\u05d5-\u05dc\u05e2\u05de\u05d5\u05ea\u05d4.png\",\"width\":841,\"height\":290,\"caption\":\"\u05d4\u05e2\u05de\u05d5\u05ea\u05d4 \u05dc\u05d7\u05e7\u05e8 \u05ea\u05e0\u05d5\u05e2\u05d5\u05ea \u05d4\u05e0\u05d5\u05e2\u05e8 \u05d4\u05e6\u05d9\u05d5\u05e0\u05d9\u05d5\u05ea \u05d1\u05d4\u05d5\u05e0\u05d2\u05e8\u05d9\u05d4\"},\"image\":{\"@id\":\"https:\\\/\\\/machteret1944.org\\\/hu\\\/#\\\/schema\\\/logo\\\/image\\\/\"}}]}<\/script>\n<!-- \/ Yoast SEO plugin. -->","yoast_head_json":{"title":"Dror Habonim - \u05d4\u05e2\u05de\u05d5\u05ea\u05d4 \u05dc\u05d7\u05e7\u05e8 \u05ea\u05e0\u05d5\u05e2\u05d5\u05ea \u05d4\u05e0\u05d5\u05e2\u05e8 \u05d4\u05e6\u05d9\u05d5\u05e0\u05d9\u05d5\u05ea \u05d1\u05d4\u05d5\u05e0\u05d2\u05e8\u05d9\u05d4","robots":{"index":"index","follow":"follow","max-snippet":"max-snippet:-1","max-image-preview":"max-image-preview:large","max-video-preview":"max-video-preview:-1"},"canonical":"https:\/\/machteret1944.org\/hu\/az-ifjusagi-szervezetek\/dror-habonim\/","og_locale":"hu_HU","og_type":"article","og_title":"Dror Habonim - \u05d4\u05e2\u05de\u05d5\u05ea\u05d4 \u05dc\u05d7\u05e7\u05e8 \u05ea\u05e0\u05d5\u05e2\u05d5\u05ea \u05d4\u05e0\u05d5\u05e2\u05e8 \u05d4\u05e6\u05d9\u05d5\u05e0\u05d9\u05d5\u05ea \u05d1\u05d4\u05d5\u05e0\u05d2\u05e8\u05d9\u05d4","og_description":"Dror Habonim \u00a0 Az els\u0151 vil\u00e1gh\u00e1bor\u00fa el\u0151tt Oroszorsz\u00e1gban alap\u00edtott cionista szocialista mozgalom. Els\u0151sorban az \u00f6nv\u00e9delemben vett r\u00e9szt. A bolsevik forradalom ut\u00e1n a Dror Habonim k\u00f6zpontja Lengyelorsz\u00e1gba k\u00f6lt\u00f6z\u00f6tt, \u00e9s 1925-ben csatlakozott a Baloldali Poalei Cionhoz. A mozgalom t\u00f6bb orsz\u00e1gban alap\u00edtott tagozatot, \u00e9s sz\u00e1mos telep\u00fcl\u00e9st alap\u00edtott Eretz Izraelben. Magyarorsz\u00e1gon a Dror Habonim 1939-ben alakult meg a Dror [&hellip;]","og_url":"https:\/\/machteret1944.org\/hu\/az-ifjusagi-szervezetek\/dror-habonim\/","og_site_name":"\u05d4\u05e2\u05de\u05d5\u05ea\u05d4 \u05dc\u05d7\u05e7\u05e8 \u05ea\u05e0\u05d5\u05e2\u05d5\u05ea \u05d4\u05e0\u05d5\u05e2\u05e8 \u05d4\u05e6\u05d9\u05d5\u05e0\u05d9\u05d5\u05ea \u05d1\u05d4\u05d5\u05e0\u05d2\u05e8\u05d9\u05d4","article_modified_time":"2024-02-05T15:06:21+00:00","og_image":[{"width":200,"height":200,"url":"https:\/\/machteret1944.org\/wp-content\/uploads\/2021\/03\/\u05d3\u05e8\u05d5\u05e8-\u05d4\u05d1\u05d5\u05e0\u05d9\u05dd.png","type":"image\/png"}],"twitter_card":"summary_large_image","twitter_misc":{"Becs\u00fclt olvas\u00e1si id\u0151":"1 perc"},"schema":{"@context":"https:\/\/schema.org","@graph":[{"@type":"WebPage","@id":"https:\/\/machteret1944.org\/hu\/az-ifjusagi-szervezetek\/dror-habonim\/","url":"https:\/\/machteret1944.org\/hu\/az-ifjusagi-szervezetek\/dror-habonim\/","name":"Dror Habonim - \u05d4\u05e2\u05de\u05d5\u05ea\u05d4 \u05dc\u05d7\u05e7\u05e8 \u05ea\u05e0\u05d5\u05e2\u05d5\u05ea \u05d4\u05e0\u05d5\u05e2\u05e8 \u05d4\u05e6\u05d9\u05d5\u05e0\u05d9\u05d5\u05ea \u05d1\u05d4\u05d5\u05e0\u05d2\u05e8\u05d9\u05d4","isPartOf":{"@id":"https:\/\/machteret1944.org\/hu\/#website"},"primaryImageOfPage":{"@id":"https:\/\/machteret1944.org\/hu\/az-ifjusagi-szervezetek\/dror-habonim\/#primaryimage"},"image":{"@id":"https:\/\/machteret1944.org\/hu\/az-ifjusagi-szervezetek\/dror-habonim\/#primaryimage"},"thumbnailUrl":"https:\/\/machteret1944.org\/wp-content\/uploads\/2021\/03\/\u05d3\u05e8\u05d5\u05e8-\u05d4\u05d1\u05d5\u05e0\u05d9\u05dd.png","datePublished":"2021-03-04T15:19:51+00:00","dateModified":"2024-02-05T15:06:21+00:00","breadcrumb":{"@id":"https:\/\/machteret1944.org\/hu\/az-ifjusagi-szervezetek\/dror-habonim\/#breadcrumb"},"inLanguage":"hu","potentialAction":[{"@type":"ReadAction","target":["https:\/\/machteret1944.org\/hu\/az-ifjusagi-szervezetek\/dror-habonim\/"]}]},{"@type":"ImageObject","inLanguage":"hu","@id":"https:\/\/machteret1944.org\/hu\/az-ifjusagi-szervezetek\/dror-habonim\/#primaryimage","url":"https:\/\/machteret1944.org\/wp-content\/uploads\/2021\/03\/\u05d3\u05e8\u05d5\u05e8-\u05d4\u05d1\u05d5\u05e0\u05d9\u05dd.png","contentUrl":"https:\/\/machteret1944.org\/wp-content\/uploads\/2021\/03\/\u05d3\u05e8\u05d5\u05e8-\u05d4\u05d1\u05d5\u05e0\u05d9\u05dd.png","width":200,"height":200},{"@type":"BreadcrumbList","@id":"https:\/\/machteret1944.org\/hu\/az-ifjusagi-szervezetek\/dror-habonim\/#breadcrumb","itemListElement":[{"@type":"ListItem","position":1,"name":"Kezd\u0151lap","item":"https:\/\/machteret1944.org\/hu\/"},{"@type":"ListItem","position":2,"name":"Az ifj\u00fas\u00e1gi szervezetek","item":"https:\/\/machteret1944.org\/hu\/az-ifjusagi-szervezetek\/"},{"@type":"ListItem","position":3,"name":"Dror Habonim"}]},{"@type":"WebSite","@id":"https:\/\/machteret1944.org\/hu\/#website","url":"https:\/\/machteret1944.org\/hu\/","name":"\u05d4\u05e2\u05de\u05d5\u05ea\u05d4 \u05dc\u05d7\u05e7\u05e8 \u05ea\u05e0\u05d5\u05e2\u05d5\u05ea \u05d4\u05e0\u05d5\u05e2\u05e8 \u05d4\u05e6\u05d9\u05d5\u05e0\u05d9\u05d5\u05ea \u05d1\u05d4\u05d5\u05e0\u05d2\u05e8\u05d9\u05d4","description":"\u05d4\u05e2\u05de\u05d5\u05ea\u05d4 \u05dc\u05d7\u05e7\u05e8 \u05ea\u05e0\u05d5\u05e2\u05d5\u05ea \u05d4\u05e0\u05d5\u05e2\u05e8 \u05d4\u05e6\u05d9\u05d5\u05e0\u05d9\u05d5\u05ea \u05d1\u05d4\u05d5\u05e0\u05d2\u05e8\u05d9\u05d4","publisher":{"@id":"https:\/\/machteret1944.org\/hu\/#organization"},"potentialAction":[{"@type":"SearchAction","target":{"@type":"EntryPoint","urlTemplate":"https:\/\/machteret1944.org\/hu\/?s={search_term_string}"},"query-input":{"@type":"PropertyValueSpecification","valueRequired":true,"valueName":"search_term_string"}}],"inLanguage":"hu"},{"@type":"Organization","@id":"https:\/\/machteret1944.org\/hu\/#organization","name":"\u05d4\u05e2\u05de\u05d5\u05ea\u05d4 \u05dc\u05d7\u05e7\u05e8 \u05ea\u05e0\u05d5\u05e2\u05d5\u05ea \u05d4\u05e0\u05d5\u05e2\u05e8 \u05d4\u05e6\u05d9\u05d5\u05e0\u05d9\u05d5\u05ea \u05d1\u05d4\u05d5\u05e0\u05d2\u05e8\u05d9\u05d4","url":"https:\/\/machteret1944.org\/hu\/","logo":{"@type":"ImageObject","inLanguage":"hu","@id":"https:\/\/machteret1944.org\/hu\/#\/schema\/logo\/image\/","url":"https:\/\/machteret1944.org\/wp-content\/uploads\/2020\/12\/\u05dc\u05d5\u05d2\u05d5-\u05dc\u05e2\u05de\u05d5\u05ea\u05d4.png","contentUrl":"https:\/\/machteret1944.org\/wp-content\/uploads\/2020\/12\/\u05dc\u05d5\u05d2\u05d5-\u05dc\u05e2\u05de\u05d5\u05ea\u05d4.png","width":841,"height":290,"caption":"\u05d4\u05e2\u05de\u05d5\u05ea\u05d4 \u05dc\u05d7\u05e7\u05e8 \u05ea\u05e0\u05d5\u05e2\u05d5\u05ea \u05d4\u05e0\u05d5\u05e2\u05e8 \u05d4\u05e6\u05d9\u05d5\u05e0\u05d9\u05d5\u05ea \u05d1\u05d4\u05d5\u05e0\u05d2\u05e8\u05d9\u05d4"},"image":{"@id":"https:\/\/machteret1944.org\/hu\/#\/schema\/logo\/image\/"}}]}},"_links":{"self":[{"href":"https:\/\/machteret1944.org\/hu\/wp-json\/wp\/v2\/pages\/4744","targetHints":{"allow":["GET"]}}],"collection":[{"href":"https:\/\/machteret1944.org\/hu\/wp-json\/wp\/v2\/pages"}],"about":[{"href":"https:\/\/machteret1944.org\/hu\/wp-json\/wp\/v2\/types\/page"}],"author":[{"embeddable":true,"href":"https:\/\/machteret1944.org\/hu\/wp-json\/wp\/v2\/users\/2"}],"replies":[{"embeddable":true,"href":"https:\/\/machteret1944.org\/hu\/wp-json\/wp\/v2\/comments?post=4744"}],"version-history":[{"count":1,"href":"https:\/\/machteret1944.org\/hu\/wp-json\/wp\/v2\/pages\/4744\/revisions"}],"predecessor-version":[{"id":4745,"href":"https:\/\/machteret1944.org\/hu\/wp-json\/wp\/v2\/pages\/4744\/revisions\/4745"}],"up":[{"embeddable":true,"href":"https:\/\/machteret1944.org\/hu\/wp-json\/wp\/v2\/pages\/4709"}],"wp:featuredmedia":[{"embeddable":true,"href":"https:\/\/machteret1944.org\/hu\/wp-json\/wp\/v2\/media\/4067"}],"wp:attachment":[{"href":"https:\/\/machteret1944.org\/hu\/wp-json\/wp\/v2\/media?parent=4744"}],"curies":[{"name":"wp","href":"https:\/\/api.w.org\/{rel}","templated":true}]}}