{"id":4754,"date":"2021-03-04T15:09:07","date_gmt":"2021-03-04T15:09:07","guid":{"rendered":"https:\/\/machteret1944.org\/az-ifjusagi-szervezetek\/hanoar-hatzioni\/"},"modified":"2024-02-05T15:13:28","modified_gmt":"2024-02-05T15:13:28","slug":"hanoar-hatzioni","status":"publish","type":"page","link":"https:\/\/machteret1944.org\/hu\/az-ifjusagi-szervezetek\/hanoar-hatzioni\/","title":{"rendered":"Hanoar Hatzioni"},"content":{"rendered":"<p><strong>Hanoar Hatzioni<\/strong><\/p>\n<p>A Halutz ifj\u00fas\u00e1gi mozgalom, amely az \u00c1ltal\u00e1nos Cionista Uni\u00f3hoz tartozott, 1930-ban alap\u00edtott\u00e1k Lengyelorsz\u00e1gban. Ez a mozgalom kibucokat \u00e9s mez\u0151gazdas\u00e1gi k\u00f6z\u00f6ss\u00e9geket hozott l\u00e9tre Eretz Izraelben, valamint a Ha&#8217;oved Ha&#8217;Tzioni mozgalmat, amelynek voltak csoportjai Eretz Izraelben \u00e9s k\u00fclf\u00f6ld\u00f6n.\u00a0 Magyarorsz\u00e1gon ez az ifj\u00fas\u00e1gi mozgalom a demokratikus cionista blokk r\u00e9szek\u00e9nt igen befoly\u00e1sos volt a zsid\u00f3 fiatalok k\u00f6r\u00e9ben, \u00e9s Budapesten \u00e9s m\u00e1s v\u00e1rosokban is voltak tagozatai \u00e9s k\u00e9pz\u00e9si programjai. A Ha&#8217;oved Ha&#8217;Tzioni, amelynek 40 \u00e9ves korig voltak tagjai, m\u00e1r a m\u00e1sodik vil\u00e1gh\u00e1bor\u00fa el\u0151tt is m\u0171k\u00f6d\u00f6tt Magyarorsz\u00e1gon, de f\u0151leg ut\u00e1na. A mozgalom vezet\u0151i 1944-ben Dr. Sigfried Roth, Mordehai Weisz \u00e9s Dr. Adonyahu Bilitzer voltak.<\/p>\n<p><img decoding=\"async\" class=\"alignnone size-medium wp-image-1156\" src=\"https:\/\/machteret1944.org\/wp-content\/uploads\/2021\/03\/HANOAR-VZIONI-BALATON-BOGLAR-300x165.jpg\" alt=\"\" width=\"300\" height=\"165\" srcset=\"https:\/\/machteret1944.org\/wp-content\/uploads\/2021\/03\/HANOAR-VZIONI-BALATON-BOGLAR-300x165.jpg 300w, https:\/\/machteret1944.org\/wp-content\/uploads\/2021\/03\/HANOAR-VZIONI-BALATON-BOGLAR-768x423.jpg 768w, https:\/\/machteret1944.org\/wp-content\/uploads\/2021\/03\/HANOAR-VZIONI-BALATON-BOGLAR.jpg 808w\" sizes=\"(max-width: 300px) 100vw, 300px\" \/><\/p>\n<p>&nbsp;<\/p>\n<div class=\"wonderplugin-video\" style=\"width:600px;height:400px;position:relative;background-color:#000;overflow:hidden;max-width:100%;margin:0 auto\" data-aspectratio=\"1.5\"><iframe class=\"wpve-iframe\" width=\"100%\" height=\"100%\" src=\"https:\/\/www.youtube.com\/embed\/hCjjXo0xU9s\" frameborder=\"0\" allowfullscreen><\/iframe><\/div>\n<p>&nbsp;<\/p>\n<p><strong>Hatzionim Haclali\u2019im<\/strong><\/p>\n<p>A Klal-Tzioni mozgalom 1907-ben alakult, \u00e9s t\u00e1mogatta a Cionista Szervezet \u00e1ltal meghirdetett B\u00e1zeli Tervet. A p\u00e1rt 1935-ben tartotta els\u0151 kongresszus\u00e1t a lengyelorsz\u00e1gi Krakk\u00f3ban.<\/p>\n<p>Magyarorsz\u00e1gon a p\u00e1rt a m\u00e1sodik vil\u00e1gh\u00e1bor\u00fa el\u0151tt, alatt \u00e9s ut\u00e1n is akt\u00edv volt. A h\u00e1bor\u00fa ut\u00e1n az \u00c1ltal\u00e1nos Demokratikus Cionist\u00e1k Blokkja nevet viselte, \u00e9s k\u00fcl\u00f6nb\u00f6z\u0151 szervezeteket egyes\u00edtett, k\u00f6zt\u00fck a Hanoar Hatzionit. A p\u00e1rt f\u0151 aktivist\u00e1i Dr. Nagy L\u00e1szl\u00f3, Schwarz B\u00e9la \u00e9s Dr. Datan S\u00e1ndor-Alexander, a magyarorsz\u00e1gi cionista f\u00f6ldalatti mozgalom egyik f\u0151 aktivist\u00e1ja, voltak. A p\u00e1rt 1949-ig volt tev\u00e9keny Magyarorsz\u00e1gon.<\/p>\n<p>&nbsp;<\/p>\n","protected":false},"excerpt":{"rendered":"<p>Hanoar Hatzioni A Halutz ifj\u00fas\u00e1gi mozgalom, amely az \u00c1ltal\u00e1nos Cionista Uni\u00f3hoz tartozott, 1930-ban alap\u00edtott\u00e1k Lengyelorsz\u00e1gban. Ez a mozgalom kibucokat \u00e9s mez\u0151gazdas\u00e1gi k\u00f6z\u00f6ss\u00e9geket hozott l\u00e9tre Eretz Izraelben, valamint a Ha&#8217;oved Ha&#8217;Tzioni mozgalmat, amelynek voltak csoportjai Eretz Izraelben \u00e9s k\u00fclf\u00f6ld\u00f6n.\u00a0 Magyarorsz\u00e1gon ez az ifj\u00fas\u00e1gi mozgalom a demokratikus cionista blokk r\u00e9szek\u00e9nt igen befoly\u00e1sos volt a zsid\u00f3 fiatalok k\u00f6r\u00e9ben, [&hellip;]<\/p>\n","protected":false},"author":2,"featured_media":4752,"parent":4709,"menu_order":5,"comment_status":"closed","ping_status":"closed","template":"","meta":{"_acf_changed":false,"footnotes":""},"class_list":["post-4754","page","type-page","status-publish","has-post-thumbnail","hentry"],"acf":[],"yoast_head":"<!-- This site is optimized with the Yoast SEO plugin v27.4 - https:\/\/yoast.com\/product\/yoast-seo-wordpress\/ -->\n<title>Hanoar Hatzioni - \u05d4\u05e2\u05de\u05d5\u05ea\u05d4 \u05dc\u05d7\u05e7\u05e8 \u05ea\u05e0\u05d5\u05e2\u05d5\u05ea \u05d4\u05e0\u05d5\u05e2\u05e8 \u05d4\u05e6\u05d9\u05d5\u05e0\u05d9\u05d5\u05ea \u05d1\u05d4\u05d5\u05e0\u05d2\u05e8\u05d9\u05d4<\/title>\n<meta name=\"robots\" content=\"index, follow, max-snippet:-1, max-image-preview:large, max-video-preview:-1\" \/>\n<link rel=\"canonical\" href=\"https:\/\/machteret1944.org\/hu\/az-ifjusagi-szervezetek\/hanoar-hatzioni\/\" \/>\n<meta property=\"og:locale\" content=\"hu_HU\" \/>\n<meta property=\"og:type\" content=\"article\" \/>\n<meta property=\"og:title\" content=\"Hanoar Hatzioni - \u05d4\u05e2\u05de\u05d5\u05ea\u05d4 \u05dc\u05d7\u05e7\u05e8 \u05ea\u05e0\u05d5\u05e2\u05d5\u05ea \u05d4\u05e0\u05d5\u05e2\u05e8 \u05d4\u05e6\u05d9\u05d5\u05e0\u05d9\u05d5\u05ea \u05d1\u05d4\u05d5\u05e0\u05d2\u05e8\u05d9\u05d4\" \/>\n<meta property=\"og:description\" content=\"Hanoar Hatzioni A Halutz ifj\u00fas\u00e1gi mozgalom, amely az \u00c1ltal\u00e1nos Cionista Uni\u00f3hoz tartozott, 1930-ban alap\u00edtott\u00e1k Lengyelorsz\u00e1gban. Ez a mozgalom kibucokat \u00e9s mez\u0151gazdas\u00e1gi k\u00f6z\u00f6ss\u00e9geket hozott l\u00e9tre Eretz Izraelben, valamint a Ha&#8217;oved Ha&#8217;Tzioni mozgalmat, amelynek voltak csoportjai Eretz Izraelben \u00e9s k\u00fclf\u00f6ld\u00f6n.\u00a0 Magyarorsz\u00e1gon ez az ifj\u00fas\u00e1gi mozgalom a demokratikus cionista blokk r\u00e9szek\u00e9nt igen befoly\u00e1sos volt a zsid\u00f3 fiatalok k\u00f6r\u00e9ben, [&hellip;]\" \/>\n<meta property=\"og:url\" content=\"https:\/\/machteret1944.org\/hu\/az-ifjusagi-szervezetek\/hanoar-hatzioni\/\" \/>\n<meta property=\"og:site_name\" content=\"\u05d4\u05e2\u05de\u05d5\u05ea\u05d4 \u05dc\u05d7\u05e7\u05e8 \u05ea\u05e0\u05d5\u05e2\u05d5\u05ea \u05d4\u05e0\u05d5\u05e2\u05e8 \u05d4\u05e6\u05d9\u05d5\u05e0\u05d9\u05d5\u05ea \u05d1\u05d4\u05d5\u05e0\u05d2\u05e8\u05d9\u05d4\" \/>\n<meta property=\"article:modified_time\" content=\"2024-02-05T15:13:28+00:00\" \/>\n<meta property=\"og:image\" content=\"https:\/\/machteret1944.org\/wp-content\/uploads\/2024\/02\/Hanoar-Hatzioni.jpg\" \/>\n\t<meta property=\"og:image:width\" content=\"240\" \/>\n\t<meta property=\"og:image:height\" content=\"240\" \/>\n\t<meta property=\"og:image:type\" content=\"image\/jpeg\" \/>\n<meta name=\"twitter:card\" content=\"summary_large_image\" \/>\n<meta name=\"twitter:label1\" content=\"Becs\u00fclt olvas\u00e1si id\u0151\" \/>\n\t<meta name=\"twitter:data1\" content=\"2 perc\" \/>\n<script type=\"application\/ld+json\" class=\"yoast-schema-graph\">{\"@context\":\"https:\\\/\\\/schema.org\",\"@graph\":[{\"@type\":\"WebPage\",\"@id\":\"https:\\\/\\\/machteret1944.org\\\/hu\\\/az-ifjusagi-szervezetek\\\/hanoar-hatzioni\\\/\",\"url\":\"https:\\\/\\\/machteret1944.org\\\/hu\\\/az-ifjusagi-szervezetek\\\/hanoar-hatzioni\\\/\",\"name\":\"Hanoar Hatzioni - \u05d4\u05e2\u05de\u05d5\u05ea\u05d4 \u05dc\u05d7\u05e7\u05e8 \u05ea\u05e0\u05d5\u05e2\u05d5\u05ea \u05d4\u05e0\u05d5\u05e2\u05e8 \u05d4\u05e6\u05d9\u05d5\u05e0\u05d9\u05d5\u05ea \u05d1\u05d4\u05d5\u05e0\u05d2\u05e8\u05d9\u05d4\",\"isPartOf\":{\"@id\":\"https:\\\/\\\/machteret1944.org\\\/hu\\\/#website\"},\"primaryImageOfPage\":{\"@id\":\"https:\\\/\\\/machteret1944.org\\\/hu\\\/az-ifjusagi-szervezetek\\\/hanoar-hatzioni\\\/#primaryimage\"},\"image\":{\"@id\":\"https:\\\/\\\/machteret1944.org\\\/hu\\\/az-ifjusagi-szervezetek\\\/hanoar-hatzioni\\\/#primaryimage\"},\"thumbnailUrl\":\"https:\\\/\\\/machteret1944.org\\\/wp-content\\\/uploads\\\/2024\\\/02\\\/Hanoar-Hatzioni.jpg\",\"datePublished\":\"2021-03-04T15:09:07+00:00\",\"dateModified\":\"2024-02-05T15:13:28+00:00\",\"breadcrumb\":{\"@id\":\"https:\\\/\\\/machteret1944.org\\\/hu\\\/az-ifjusagi-szervezetek\\\/hanoar-hatzioni\\\/#breadcrumb\"},\"inLanguage\":\"hu\",\"potentialAction\":[{\"@type\":\"ReadAction\",\"target\":[\"https:\\\/\\\/machteret1944.org\\\/hu\\\/az-ifjusagi-szervezetek\\\/hanoar-hatzioni\\\/\"]}]},{\"@type\":\"ImageObject\",\"inLanguage\":\"hu\",\"@id\":\"https:\\\/\\\/machteret1944.org\\\/hu\\\/az-ifjusagi-szervezetek\\\/hanoar-hatzioni\\\/#primaryimage\",\"url\":\"https:\\\/\\\/machteret1944.org\\\/wp-content\\\/uploads\\\/2024\\\/02\\\/Hanoar-Hatzioni.jpg\",\"contentUrl\":\"https:\\\/\\\/machteret1944.org\\\/wp-content\\\/uploads\\\/2024\\\/02\\\/Hanoar-Hatzioni.jpg\",\"width\":240,\"height\":240},{\"@type\":\"BreadcrumbList\",\"@id\":\"https:\\\/\\\/machteret1944.org\\\/hu\\\/az-ifjusagi-szervezetek\\\/hanoar-hatzioni\\\/#breadcrumb\",\"itemListElement\":[{\"@type\":\"ListItem\",\"position\":1,\"name\":\"Kezd\u0151lap\",\"item\":\"https:\\\/\\\/machteret1944.org\\\/hu\\\/\"},{\"@type\":\"ListItem\",\"position\":2,\"name\":\"Az ifj\u00fas\u00e1gi szervezetek\",\"item\":\"https:\\\/\\\/machteret1944.org\\\/hu\\\/az-ifjusagi-szervezetek\\\/\"},{\"@type\":\"ListItem\",\"position\":3,\"name\":\"Hanoar Hatzioni\"}]},{\"@type\":\"WebSite\",\"@id\":\"https:\\\/\\\/machteret1944.org\\\/hu\\\/#website\",\"url\":\"https:\\\/\\\/machteret1944.org\\\/hu\\\/\",\"name\":\"\u05d4\u05e2\u05de\u05d5\u05ea\u05d4 \u05dc\u05d7\u05e7\u05e8 \u05ea\u05e0\u05d5\u05e2\u05d5\u05ea \u05d4\u05e0\u05d5\u05e2\u05e8 \u05d4\u05e6\u05d9\u05d5\u05e0\u05d9\u05d5\u05ea \u05d1\u05d4\u05d5\u05e0\u05d2\u05e8\u05d9\u05d4\",\"description\":\"\u05d4\u05e2\u05de\u05d5\u05ea\u05d4 \u05dc\u05d7\u05e7\u05e8 \u05ea\u05e0\u05d5\u05e2\u05d5\u05ea \u05d4\u05e0\u05d5\u05e2\u05e8 \u05d4\u05e6\u05d9\u05d5\u05e0\u05d9\u05d5\u05ea \u05d1\u05d4\u05d5\u05e0\u05d2\u05e8\u05d9\u05d4\",\"publisher\":{\"@id\":\"https:\\\/\\\/machteret1944.org\\\/hu\\\/#organization\"},\"potentialAction\":[{\"@type\":\"SearchAction\",\"target\":{\"@type\":\"EntryPoint\",\"urlTemplate\":\"https:\\\/\\\/machteret1944.org\\\/hu\\\/?s={search_term_string}\"},\"query-input\":{\"@type\":\"PropertyValueSpecification\",\"valueRequired\":true,\"valueName\":\"search_term_string\"}}],\"inLanguage\":\"hu\"},{\"@type\":\"Organization\",\"@id\":\"https:\\\/\\\/machteret1944.org\\\/hu\\\/#organization\",\"name\":\"\u05d4\u05e2\u05de\u05d5\u05ea\u05d4 \u05dc\u05d7\u05e7\u05e8 \u05ea\u05e0\u05d5\u05e2\u05d5\u05ea \u05d4\u05e0\u05d5\u05e2\u05e8 \u05d4\u05e6\u05d9\u05d5\u05e0\u05d9\u05d5\u05ea \u05d1\u05d4\u05d5\u05e0\u05d2\u05e8\u05d9\u05d4\",\"url\":\"https:\\\/\\\/machteret1944.org\\\/hu\\\/\",\"logo\":{\"@type\":\"ImageObject\",\"inLanguage\":\"hu\",\"@id\":\"https:\\\/\\\/machteret1944.org\\\/hu\\\/#\\\/schema\\\/logo\\\/image\\\/\",\"url\":\"https:\\\/\\\/machteret1944.org\\\/wp-content\\\/uploads\\\/2020\\\/12\\\/\u05dc\u05d5\u05d2\u05d5-\u05dc\u05e2\u05de\u05d5\u05ea\u05d4.png\",\"contentUrl\":\"https:\\\/\\\/machteret1944.org\\\/wp-content\\\/uploads\\\/2020\\\/12\\\/\u05dc\u05d5\u05d2\u05d5-\u05dc\u05e2\u05de\u05d5\u05ea\u05d4.png\",\"width\":841,\"height\":290,\"caption\":\"\u05d4\u05e2\u05de\u05d5\u05ea\u05d4 \u05dc\u05d7\u05e7\u05e8 \u05ea\u05e0\u05d5\u05e2\u05d5\u05ea \u05d4\u05e0\u05d5\u05e2\u05e8 \u05d4\u05e6\u05d9\u05d5\u05e0\u05d9\u05d5\u05ea \u05d1\u05d4\u05d5\u05e0\u05d2\u05e8\u05d9\u05d4\"},\"image\":{\"@id\":\"https:\\\/\\\/machteret1944.org\\\/hu\\\/#\\\/schema\\\/logo\\\/image\\\/\"}}]}<\/script>\n<!-- \/ Yoast SEO plugin. -->","yoast_head_json":{"title":"Hanoar Hatzioni - \u05d4\u05e2\u05de\u05d5\u05ea\u05d4 \u05dc\u05d7\u05e7\u05e8 \u05ea\u05e0\u05d5\u05e2\u05d5\u05ea \u05d4\u05e0\u05d5\u05e2\u05e8 \u05d4\u05e6\u05d9\u05d5\u05e0\u05d9\u05d5\u05ea \u05d1\u05d4\u05d5\u05e0\u05d2\u05e8\u05d9\u05d4","robots":{"index":"index","follow":"follow","max-snippet":"max-snippet:-1","max-image-preview":"max-image-preview:large","max-video-preview":"max-video-preview:-1"},"canonical":"https:\/\/machteret1944.org\/hu\/az-ifjusagi-szervezetek\/hanoar-hatzioni\/","og_locale":"hu_HU","og_type":"article","og_title":"Hanoar Hatzioni - \u05d4\u05e2\u05de\u05d5\u05ea\u05d4 \u05dc\u05d7\u05e7\u05e8 \u05ea\u05e0\u05d5\u05e2\u05d5\u05ea \u05d4\u05e0\u05d5\u05e2\u05e8 \u05d4\u05e6\u05d9\u05d5\u05e0\u05d9\u05d5\u05ea \u05d1\u05d4\u05d5\u05e0\u05d2\u05e8\u05d9\u05d4","og_description":"Hanoar Hatzioni A Halutz ifj\u00fas\u00e1gi mozgalom, amely az \u00c1ltal\u00e1nos Cionista Uni\u00f3hoz tartozott, 1930-ban alap\u00edtott\u00e1k Lengyelorsz\u00e1gban. Ez a mozgalom kibucokat \u00e9s mez\u0151gazdas\u00e1gi k\u00f6z\u00f6ss\u00e9geket hozott l\u00e9tre Eretz Izraelben, valamint a Ha&#8217;oved Ha&#8217;Tzioni mozgalmat, amelynek voltak csoportjai Eretz Izraelben \u00e9s k\u00fclf\u00f6ld\u00f6n.\u00a0 Magyarorsz\u00e1gon ez az ifj\u00fas\u00e1gi mozgalom a demokratikus cionista blokk r\u00e9szek\u00e9nt igen befoly\u00e1sos volt a zsid\u00f3 fiatalok k\u00f6r\u00e9ben, [&hellip;]","og_url":"https:\/\/machteret1944.org\/hu\/az-ifjusagi-szervezetek\/hanoar-hatzioni\/","og_site_name":"\u05d4\u05e2\u05de\u05d5\u05ea\u05d4 \u05dc\u05d7\u05e7\u05e8 \u05ea\u05e0\u05d5\u05e2\u05d5\u05ea \u05d4\u05e0\u05d5\u05e2\u05e8 \u05d4\u05e6\u05d9\u05d5\u05e0\u05d9\u05d5\u05ea \u05d1\u05d4\u05d5\u05e0\u05d2\u05e8\u05d9\u05d4","article_modified_time":"2024-02-05T15:13:28+00:00","og_image":[{"width":240,"height":240,"url":"https:\/\/machteret1944.org\/wp-content\/uploads\/2024\/02\/Hanoar-Hatzioni.jpg","type":"image\/jpeg"}],"twitter_card":"summary_large_image","twitter_misc":{"Becs\u00fclt olvas\u00e1si id\u0151":"2 perc"},"schema":{"@context":"https:\/\/schema.org","@graph":[{"@type":"WebPage","@id":"https:\/\/machteret1944.org\/hu\/az-ifjusagi-szervezetek\/hanoar-hatzioni\/","url":"https:\/\/machteret1944.org\/hu\/az-ifjusagi-szervezetek\/hanoar-hatzioni\/","name":"Hanoar Hatzioni - \u05d4\u05e2\u05de\u05d5\u05ea\u05d4 \u05dc\u05d7\u05e7\u05e8 \u05ea\u05e0\u05d5\u05e2\u05d5\u05ea \u05d4\u05e0\u05d5\u05e2\u05e8 \u05d4\u05e6\u05d9\u05d5\u05e0\u05d9\u05d5\u05ea \u05d1\u05d4\u05d5\u05e0\u05d2\u05e8\u05d9\u05d4","isPartOf":{"@id":"https:\/\/machteret1944.org\/hu\/#website"},"primaryImageOfPage":{"@id":"https:\/\/machteret1944.org\/hu\/az-ifjusagi-szervezetek\/hanoar-hatzioni\/#primaryimage"},"image":{"@id":"https:\/\/machteret1944.org\/hu\/az-ifjusagi-szervezetek\/hanoar-hatzioni\/#primaryimage"},"thumbnailUrl":"https:\/\/machteret1944.org\/wp-content\/uploads\/2024\/02\/Hanoar-Hatzioni.jpg","datePublished":"2021-03-04T15:09:07+00:00","dateModified":"2024-02-05T15:13:28+00:00","breadcrumb":{"@id":"https:\/\/machteret1944.org\/hu\/az-ifjusagi-szervezetek\/hanoar-hatzioni\/#breadcrumb"},"inLanguage":"hu","potentialAction":[{"@type":"ReadAction","target":["https:\/\/machteret1944.org\/hu\/az-ifjusagi-szervezetek\/hanoar-hatzioni\/"]}]},{"@type":"ImageObject","inLanguage":"hu","@id":"https:\/\/machteret1944.org\/hu\/az-ifjusagi-szervezetek\/hanoar-hatzioni\/#primaryimage","url":"https:\/\/machteret1944.org\/wp-content\/uploads\/2024\/02\/Hanoar-Hatzioni.jpg","contentUrl":"https:\/\/machteret1944.org\/wp-content\/uploads\/2024\/02\/Hanoar-Hatzioni.jpg","width":240,"height":240},{"@type":"BreadcrumbList","@id":"https:\/\/machteret1944.org\/hu\/az-ifjusagi-szervezetek\/hanoar-hatzioni\/#breadcrumb","itemListElement":[{"@type":"ListItem","position":1,"name":"Kezd\u0151lap","item":"https:\/\/machteret1944.org\/hu\/"},{"@type":"ListItem","position":2,"name":"Az ifj\u00fas\u00e1gi szervezetek","item":"https:\/\/machteret1944.org\/hu\/az-ifjusagi-szervezetek\/"},{"@type":"ListItem","position":3,"name":"Hanoar Hatzioni"}]},{"@type":"WebSite","@id":"https:\/\/machteret1944.org\/hu\/#website","url":"https:\/\/machteret1944.org\/hu\/","name":"\u05d4\u05e2\u05de\u05d5\u05ea\u05d4 \u05dc\u05d7\u05e7\u05e8 \u05ea\u05e0\u05d5\u05e2\u05d5\u05ea \u05d4\u05e0\u05d5\u05e2\u05e8 \u05d4\u05e6\u05d9\u05d5\u05e0\u05d9\u05d5\u05ea \u05d1\u05d4\u05d5\u05e0\u05d2\u05e8\u05d9\u05d4","description":"\u05d4\u05e2\u05de\u05d5\u05ea\u05d4 \u05dc\u05d7\u05e7\u05e8 \u05ea\u05e0\u05d5\u05e2\u05d5\u05ea \u05d4\u05e0\u05d5\u05e2\u05e8 \u05d4\u05e6\u05d9\u05d5\u05e0\u05d9\u05d5\u05ea \u05d1\u05d4\u05d5\u05e0\u05d2\u05e8\u05d9\u05d4","publisher":{"@id":"https:\/\/machteret1944.org\/hu\/#organization"},"potentialAction":[{"@type":"SearchAction","target":{"@type":"EntryPoint","urlTemplate":"https:\/\/machteret1944.org\/hu\/?s={search_term_string}"},"query-input":{"@type":"PropertyValueSpecification","valueRequired":true,"valueName":"search_term_string"}}],"inLanguage":"hu"},{"@type":"Organization","@id":"https:\/\/machteret1944.org\/hu\/#organization","name":"\u05d4\u05e2\u05de\u05d5\u05ea\u05d4 \u05dc\u05d7\u05e7\u05e8 \u05ea\u05e0\u05d5\u05e2\u05d5\u05ea \u05d4\u05e0\u05d5\u05e2\u05e8 \u05d4\u05e6\u05d9\u05d5\u05e0\u05d9\u05d5\u05ea \u05d1\u05d4\u05d5\u05e0\u05d2\u05e8\u05d9\u05d4","url":"https:\/\/machteret1944.org\/hu\/","logo":{"@type":"ImageObject","inLanguage":"hu","@id":"https:\/\/machteret1944.org\/hu\/#\/schema\/logo\/image\/","url":"https:\/\/machteret1944.org\/wp-content\/uploads\/2020\/12\/\u05dc\u05d5\u05d2\u05d5-\u05dc\u05e2\u05de\u05d5\u05ea\u05d4.png","contentUrl":"https:\/\/machteret1944.org\/wp-content\/uploads\/2020\/12\/\u05dc\u05d5\u05d2\u05d5-\u05dc\u05e2\u05de\u05d5\u05ea\u05d4.png","width":841,"height":290,"caption":"\u05d4\u05e2\u05de\u05d5\u05ea\u05d4 \u05dc\u05d7\u05e7\u05e8 \u05ea\u05e0\u05d5\u05e2\u05d5\u05ea \u05d4\u05e0\u05d5\u05e2\u05e8 \u05d4\u05e6\u05d9\u05d5\u05e0\u05d9\u05d5\u05ea \u05d1\u05d4\u05d5\u05e0\u05d2\u05e8\u05d9\u05d4"},"image":{"@id":"https:\/\/machteret1944.org\/hu\/#\/schema\/logo\/image\/"}}]}},"_links":{"self":[{"href":"https:\/\/machteret1944.org\/hu\/wp-json\/wp\/v2\/pages\/4754","targetHints":{"allow":["GET"]}}],"collection":[{"href":"https:\/\/machteret1944.org\/hu\/wp-json\/wp\/v2\/pages"}],"about":[{"href":"https:\/\/machteret1944.org\/hu\/wp-json\/wp\/v2\/types\/page"}],"author":[{"embeddable":true,"href":"https:\/\/machteret1944.org\/hu\/wp-json\/wp\/v2\/users\/2"}],"replies":[{"embeddable":true,"href":"https:\/\/machteret1944.org\/hu\/wp-json\/wp\/v2\/comments?post=4754"}],"version-history":[{"count":1,"href":"https:\/\/machteret1944.org\/hu\/wp-json\/wp\/v2\/pages\/4754\/revisions"}],"predecessor-version":[{"id":4755,"href":"https:\/\/machteret1944.org\/hu\/wp-json\/wp\/v2\/pages\/4754\/revisions\/4755"}],"up":[{"embeddable":true,"href":"https:\/\/machteret1944.org\/hu\/wp-json\/wp\/v2\/pages\/4709"}],"wp:featuredmedia":[{"embeddable":true,"href":"https:\/\/machteret1944.org\/hu\/wp-json\/wp\/v2\/media\/4752"}],"wp:attachment":[{"href":"https:\/\/machteret1944.org\/hu\/wp-json\/wp\/v2\/media?parent=4754"}],"curies":[{"name":"wp","href":"https:\/\/api.w.org\/{rel}","templated":true}]}}