{"id":4756,"date":"2021-03-04T15:05:18","date_gmt":"2021-03-04T15:05:18","guid":{"rendered":"https:\/\/machteret1944.org\/az-ifjusagi-szervezetek\/hashomer-hatzair\/"},"modified":"2024-02-05T15:15:54","modified_gmt":"2024-02-05T15:15:54","slug":"hashomer-hatzair","status":"publish","type":"page","link":"https:\/\/machteret1944.org\/hu\/az-ifjusagi-szervezetek\/hashomer-hatzair\/","title":{"rendered":"Hashomer Hatzair"},"content":{"rendered":"<p><strong>Hashomer Hatzair<\/strong><\/p>\n<p><strong>\u00a0<\/strong>A Hasomer Hacair 1913-ban alakult Gal\u00edci\u00e1ban \u00e9s B\u00e9csben. Ez a mozgalom a zsid\u00f3 fiatalok k\u00f6r\u00e9ben cserk\u00e9szmozgalomk\u00e9nt m\u0171k\u00f6d\u00f6tt, de ideol\u00f3gi\u00e1ja h\u00e1rom alapelvre \u00e9p\u00fclt: t\u00e1rsadalmi egyenl\u0151s\u00e9g, nemzeti f\u00fcggetlens\u00e9g \u00e9s kultur\u00e1lis meg\u00fajul\u00e1s. A mozgalom eg\u00e9sz Eur\u00f3p\u00e1ban elterjedt, \u00e9s a tengerent\u00falon is alap\u00edtottak tagozatokat. A Hasomer Hacair tagjait arra nevelt\u00e9k, hogy a sz\u00f6vetkezeti \u00e9letet egy kibucban, Eretz Izraelben val\u00f3ra v\u00e1lts\u00e1k. A mozgalom marxista ideol\u00f3gi\u00e1t vallott, \u00e9s azonosult a vil\u00e1g munk\u00e1smozgalmainak k\u00fczdelm\u00e9vel. A Hasomer Hacair k\u00fcl\u00f6n\u00f6sen elk\u00f6telezett volt az oktat\u00e1si tev\u00e9kenys\u00e9gek ir\u00e1nt, \u00e9s innovat\u00edv oktat\u00e1si m\u00f3dszereket dolgozott ki. A vez\u00e9rfonalak a k\u00f6vetkez\u0151k voltak: A zsid\u00f3s\u00e1g nemcsak vall\u00e1s, hanem nemzetis\u00e9g is; a zsid\u00f3 fiatalnak t\u00e1rsadalmi felel\u0151ss\u00e9ge van; \u00e9s a mozgalom ideol\u00f3gi\u00e1ja a kibuci \u00e9letben fejez\u0151dik ki a legjobban. Minden egyes tagozatot f\u00e9szeknek neveztek. A mozgalom tagjait korcsoportokra osztott\u00e1k, \u00e9s minden csoportnak munkaterve volt, amely mag\u00e1ban foglalta a zsid\u00f3 t\u00f6rt\u00e9nelmet, az irodalmat, Eretz Izrael megismer\u00e9s\u00e9t, a cionista t\u00f6rt\u00e9nelmet \u00e9s a munk\u00e1soszt\u00e1ly t\u00f6rt\u00e9net\u00e9nek kiv\u00e1lasztott fejezeteit.<\/p>\n<p>Magyarorsz\u00e1gon a Hasomer Hacairt 1927-ben alap\u00edtotta Dr. Havas, aki Erd\u00e9lyb\u0151l \u00e9rkezett Budapestre. Az els\u0151 f\u00e9szek nyolc tagot sz\u00e1ml\u00e1lt. A kezdeti hat tag\u00fa csoport 1930-ban a Maabarot Kibbutz r\u00e9szek\u00e9nt alij\u00e1zott. A Hasomer Hacairnak 1932-re 1000 tagja volt Magyarorsz\u00e1gon, \u00e9s 15 Hachshara programmal rendelkezett. 1931-ben egy m\u00e1sodik csoport szervez\u0151d\u00f6tt, hogy megalap\u00edtsa Ramat Hashofet kibucot. A Hasomer Hacairnak magyarorsz\u00e1gi fenn\u00e1ll\u00e1sa alatt t\u00f6bb ezer tagja volt t\u00f6bb tucat f\u00e9szekben \u00e9s Hachshara-csoportban szerte az orsz\u00e1gban. Tagok sz\u00e1zai tettek alij\u00e1ztak, alap\u00edtottak \u00faj kibucokat vagy csatlakoztak m\u00e1r megl\u00e9v\u0151 kibucokhoz. A m\u00e1sodik vil\u00e1gh\u00e1bor\u00fa alatt a Hasomer Hacair sz\u00e1mos ment\u00e9si \u00e9s \u00f6nv\u00e9delmi tev\u00e9kenys\u00e9gben vett r\u00e9szt. A magyarorsz\u00e1gi kommunista rendszer 1989-es buk\u00e1s\u00e1val a Hasomer Hacair \u00fajra megalakult Magyarorsz\u00e1gon, \u00e9s a mai napig m\u0171k\u00f6dik.<\/p>\n<p><img fetchpriority=\"high\" decoding=\"async\" class=\"alignnone size-medium wp-image-1160\" src=\"https:\/\/machteret1944.org\/wp-content\/uploads\/2021\/03\/Hashomer-Hatzair-300x236.jpg\" alt=\"\" width=\"300\" height=\"236\" srcset=\"https:\/\/machteret1944.org\/wp-content\/uploads\/2021\/03\/Hashomer-Hatzair-300x236.jpg 300w, https:\/\/machteret1944.org\/wp-content\/uploads\/2021\/03\/Hashomer-Hatzair.jpg 621w\" sizes=\"(max-width: 300px) 100vw, 300px\" \/><\/p>\n<p><strong>A Gordon K\u00f6r<\/strong><\/p>\n<p><strong>\u00a0<\/strong>A Gordon K\u00f6r egy feln\u0151ttekb\u0151l \u00e1ll\u00f3 csoport volt, amely ideol\u00f3giailag a Hasomer Hacairhoz kapcsol\u00f3dott. Ez a csoport csak Magyarorsz\u00e1gon l\u00e9tezett, \u00e9s a m\u00e1sodik vil\u00e1gh\u00e1bor\u00fa el\u0151tt \u00e9s alatt volt akt\u00edv. Tev\u00e9kenys\u00e9gei k\u00f6z\u00e9ppontj\u00e1ban a t\u00e1rsadalmi \u00f6sszej\u00f6vetelek \u00e9s a cionizmus n\u00e9pszer\u0171s\u00edt\u00e9se \u00e1llt. A csoportot A. D. Gordonr\u00f3l nevezt\u00e9k el, aki a cionista munk\u00e1smozgalom egyik t\u00e1mogat\u00f3ja volt, \u00e9s mez\u0151gazdas\u00e1gi munk\u00e1sk\u00e9nt \u00e9lt a Deganya Kibbutzban. Oroszorsz\u00e1gban sz\u00fcletett 1856-ban. A csoport tagjai k\u00e9pviselt\u00e9k a Hasomer Hacairt a cionista int\u00e9zm\u00e9nyek fel\u00e9, \u00e9s prominens alakjai k\u00f6z\u00e9 tartozott Fodor Lajos, Szilagyi Cvi Ern\u0151, Kolb Jen\u0151, Moshe Rosenberg \u00e9s Weiner Zolt\u00e1n.<\/p>\n<p>&nbsp;<\/p>\n<p><strong>The Borochov K\u00f6r<\/strong><\/p>\n<p><strong>\u00a0<\/strong>30-35 \u00e9v k\u00f6z\u00f6tti fiatal zsid\u00f3k csoportja, akik ideol\u00f3giailag a Hasomer Hacairhoz k\u00f6t\u0151dnek. A csoport csak Magyarorsz\u00e1gon l\u00e9tezett, \u00e9s hivatalosan a m\u00e1sodik vil\u00e1gh\u00e1bor\u00fa ut\u00e1n alakult, gyakorlatilag a Gordon K\u00f6r hely\u00e9be l\u00e9pve. A csoportot a marxista-cionista ideol\u00f3gusr\u00f3l, Dov Ber Borochovr\u00f3l (1881-1919) nevezt\u00e9k el, aki Ukrajn\u00e1b\u00f3l sz\u00e1rmazott \u00e9s a Poalei Cion egyik alap\u00edt\u00f3ja volt. A csoport el\u0151ad\u00e1sokat, szemin\u00e1riumokat, vitaesteket \u00e9s kultur\u00e1lis tev\u00e9kenys\u00e9geket tartott, \u00e9s tagjai k\u00e9pviselt\u00e9k a Hasomer Hacairt a cionista int\u00e9zm\u00e9nyekben. A Borochov K\u00f6r kiemelked\u0151 szem\u00e9lyis\u00e9gei Dr. Kulcs\u00e1r Istv\u00e1n \u00e9s Dr. N\u00f3gr\u00e1di Frigyes voltak.<\/p>\n<p>&nbsp;<\/p>\n<p>&nbsp;<\/p>\n","protected":false},"excerpt":{"rendered":"<p>Hashomer Hatzair \u00a0A Hasomer Hacair 1913-ban alakult Gal\u00edci\u00e1ban \u00e9s B\u00e9csben. Ez a mozgalom a zsid\u00f3 fiatalok k\u00f6r\u00e9ben cserk\u00e9szmozgalomk\u00e9nt m\u0171k\u00f6d\u00f6tt, de ideol\u00f3gi\u00e1ja h\u00e1rom alapelvre \u00e9p\u00fclt: t\u00e1rsadalmi egyenl\u0151s\u00e9g, nemzeti f\u00fcggetlens\u00e9g \u00e9s kultur\u00e1lis meg\u00fajul\u00e1s. A mozgalom eg\u00e9sz Eur\u00f3p\u00e1ban elterjedt, \u00e9s a tengerent\u00falon is alap\u00edtottak tagozatokat. A Hasomer Hacair tagjait arra nevelt\u00e9k, hogy a sz\u00f6vetkezeti \u00e9letet egy kibucban, Eretz [&hellip;]<\/p>\n","protected":false},"author":2,"featured_media":4071,"parent":4709,"menu_order":2,"comment_status":"closed","ping_status":"closed","template":"","meta":{"_acf_changed":false,"footnotes":""},"class_list":["post-4756","page","type-page","status-publish","has-post-thumbnail","hentry"],"acf":[],"yoast_head":"<!-- This site is optimized with the Yoast SEO plugin v27.4 - https:\/\/yoast.com\/product\/yoast-seo-wordpress\/ -->\n<title>Hashomer Hatzair - \u05d4\u05e2\u05de\u05d5\u05ea\u05d4 \u05dc\u05d7\u05e7\u05e8 \u05ea\u05e0\u05d5\u05e2\u05d5\u05ea \u05d4\u05e0\u05d5\u05e2\u05e8 \u05d4\u05e6\u05d9\u05d5\u05e0\u05d9\u05d5\u05ea \u05d1\u05d4\u05d5\u05e0\u05d2\u05e8\u05d9\u05d4<\/title>\n<meta name=\"robots\" content=\"index, follow, max-snippet:-1, max-image-preview:large, max-video-preview:-1\" \/>\n<link rel=\"canonical\" href=\"https:\/\/machteret1944.org\/hu\/az-ifjusagi-szervezetek\/hashomer-hatzair\/\" \/>\n<meta property=\"og:locale\" content=\"hu_HU\" \/>\n<meta property=\"og:type\" content=\"article\" \/>\n<meta property=\"og:title\" content=\"Hashomer Hatzair - \u05d4\u05e2\u05de\u05d5\u05ea\u05d4 \u05dc\u05d7\u05e7\u05e8 \u05ea\u05e0\u05d5\u05e2\u05d5\u05ea \u05d4\u05e0\u05d5\u05e2\u05e8 \u05d4\u05e6\u05d9\u05d5\u05e0\u05d9\u05d5\u05ea \u05d1\u05d4\u05d5\u05e0\u05d2\u05e8\u05d9\u05d4\" \/>\n<meta property=\"og:description\" content=\"Hashomer Hatzair \u00a0A Hasomer Hacair 1913-ban alakult Gal\u00edci\u00e1ban \u00e9s B\u00e9csben. Ez a mozgalom a zsid\u00f3 fiatalok k\u00f6r\u00e9ben cserk\u00e9szmozgalomk\u00e9nt m\u0171k\u00f6d\u00f6tt, de ideol\u00f3gi\u00e1ja h\u00e1rom alapelvre \u00e9p\u00fclt: t\u00e1rsadalmi egyenl\u0151s\u00e9g, nemzeti f\u00fcggetlens\u00e9g \u00e9s kultur\u00e1lis meg\u00fajul\u00e1s. A mozgalom eg\u00e9sz Eur\u00f3p\u00e1ban elterjedt, \u00e9s a tengerent\u00falon is alap\u00edtottak tagozatokat. A Hasomer Hacair tagjait arra nevelt\u00e9k, hogy a sz\u00f6vetkezeti \u00e9letet egy kibucban, Eretz [&hellip;]\" \/>\n<meta property=\"og:url\" content=\"https:\/\/machteret1944.org\/hu\/az-ifjusagi-szervezetek\/hashomer-hatzair\/\" \/>\n<meta property=\"og:site_name\" content=\"\u05d4\u05e2\u05de\u05d5\u05ea\u05d4 \u05dc\u05d7\u05e7\u05e8 \u05ea\u05e0\u05d5\u05e2\u05d5\u05ea \u05d4\u05e0\u05d5\u05e2\u05e8 \u05d4\u05e6\u05d9\u05d5\u05e0\u05d9\u05d5\u05ea \u05d1\u05d4\u05d5\u05e0\u05d2\u05e8\u05d9\u05d4\" \/>\n<meta property=\"article:modified_time\" content=\"2024-02-05T15:15:54+00:00\" \/>\n<meta property=\"og:image\" content=\"https:\/\/machteret1944.org\/wp-content\/uploads\/2021\/03\/SOHATZ-LOGO.jpg\" \/>\n\t<meta property=\"og:image:width\" content=\"481\" \/>\n\t<meta property=\"og:image:height\" content=\"512\" \/>\n\t<meta property=\"og:image:type\" content=\"image\/jpeg\" \/>\n<meta name=\"twitter:card\" content=\"summary_large_image\" \/>\n<meta name=\"twitter:label1\" content=\"Becs\u00fclt olvas\u00e1si id\u0151\" \/>\n\t<meta name=\"twitter:data1\" content=\"3 perc\" \/>\n<script type=\"application\/ld+json\" class=\"yoast-schema-graph\">{\"@context\":\"https:\\\/\\\/schema.org\",\"@graph\":[{\"@type\":\"WebPage\",\"@id\":\"https:\\\/\\\/machteret1944.org\\\/hu\\\/az-ifjusagi-szervezetek\\\/hashomer-hatzair\\\/\",\"url\":\"https:\\\/\\\/machteret1944.org\\\/hu\\\/az-ifjusagi-szervezetek\\\/hashomer-hatzair\\\/\",\"name\":\"Hashomer Hatzair - \u05d4\u05e2\u05de\u05d5\u05ea\u05d4 \u05dc\u05d7\u05e7\u05e8 \u05ea\u05e0\u05d5\u05e2\u05d5\u05ea \u05d4\u05e0\u05d5\u05e2\u05e8 \u05d4\u05e6\u05d9\u05d5\u05e0\u05d9\u05d5\u05ea \u05d1\u05d4\u05d5\u05e0\u05d2\u05e8\u05d9\u05d4\",\"isPartOf\":{\"@id\":\"https:\\\/\\\/machteret1944.org\\\/hu\\\/#website\"},\"primaryImageOfPage\":{\"@id\":\"https:\\\/\\\/machteret1944.org\\\/hu\\\/az-ifjusagi-szervezetek\\\/hashomer-hatzair\\\/#primaryimage\"},\"image\":{\"@id\":\"https:\\\/\\\/machteret1944.org\\\/hu\\\/az-ifjusagi-szervezetek\\\/hashomer-hatzair\\\/#primaryimage\"},\"thumbnailUrl\":\"https:\\\/\\\/machteret1944.org\\\/wp-content\\\/uploads\\\/2021\\\/03\\\/SOHATZ-LOGO.jpg\",\"datePublished\":\"2021-03-04T15:05:18+00:00\",\"dateModified\":\"2024-02-05T15:15:54+00:00\",\"breadcrumb\":{\"@id\":\"https:\\\/\\\/machteret1944.org\\\/hu\\\/az-ifjusagi-szervezetek\\\/hashomer-hatzair\\\/#breadcrumb\"},\"inLanguage\":\"hu\",\"potentialAction\":[{\"@type\":\"ReadAction\",\"target\":[\"https:\\\/\\\/machteret1944.org\\\/hu\\\/az-ifjusagi-szervezetek\\\/hashomer-hatzair\\\/\"]}]},{\"@type\":\"ImageObject\",\"inLanguage\":\"hu\",\"@id\":\"https:\\\/\\\/machteret1944.org\\\/hu\\\/az-ifjusagi-szervezetek\\\/hashomer-hatzair\\\/#primaryimage\",\"url\":\"https:\\\/\\\/machteret1944.org\\\/wp-content\\\/uploads\\\/2021\\\/03\\\/SOHATZ-LOGO.jpg\",\"contentUrl\":\"https:\\\/\\\/machteret1944.org\\\/wp-content\\\/uploads\\\/2021\\\/03\\\/SOHATZ-LOGO.jpg\",\"width\":481,\"height\":512},{\"@type\":\"BreadcrumbList\",\"@id\":\"https:\\\/\\\/machteret1944.org\\\/hu\\\/az-ifjusagi-szervezetek\\\/hashomer-hatzair\\\/#breadcrumb\",\"itemListElement\":[{\"@type\":\"ListItem\",\"position\":1,\"name\":\"Kezd\u0151lap\",\"item\":\"https:\\\/\\\/machteret1944.org\\\/hu\\\/\"},{\"@type\":\"ListItem\",\"position\":2,\"name\":\"Az ifj\u00fas\u00e1gi szervezetek\",\"item\":\"https:\\\/\\\/machteret1944.org\\\/hu\\\/az-ifjusagi-szervezetek\\\/\"},{\"@type\":\"ListItem\",\"position\":3,\"name\":\"Hashomer Hatzair\"}]},{\"@type\":\"WebSite\",\"@id\":\"https:\\\/\\\/machteret1944.org\\\/hu\\\/#website\",\"url\":\"https:\\\/\\\/machteret1944.org\\\/hu\\\/\",\"name\":\"\u05d4\u05e2\u05de\u05d5\u05ea\u05d4 \u05dc\u05d7\u05e7\u05e8 \u05ea\u05e0\u05d5\u05e2\u05d5\u05ea \u05d4\u05e0\u05d5\u05e2\u05e8 \u05d4\u05e6\u05d9\u05d5\u05e0\u05d9\u05d5\u05ea \u05d1\u05d4\u05d5\u05e0\u05d2\u05e8\u05d9\u05d4\",\"description\":\"\u05d4\u05e2\u05de\u05d5\u05ea\u05d4 \u05dc\u05d7\u05e7\u05e8 \u05ea\u05e0\u05d5\u05e2\u05d5\u05ea \u05d4\u05e0\u05d5\u05e2\u05e8 \u05d4\u05e6\u05d9\u05d5\u05e0\u05d9\u05d5\u05ea \u05d1\u05d4\u05d5\u05e0\u05d2\u05e8\u05d9\u05d4\",\"publisher\":{\"@id\":\"https:\\\/\\\/machteret1944.org\\\/hu\\\/#organization\"},\"potentialAction\":[{\"@type\":\"SearchAction\",\"target\":{\"@type\":\"EntryPoint\",\"urlTemplate\":\"https:\\\/\\\/machteret1944.org\\\/hu\\\/?s={search_term_string}\"},\"query-input\":{\"@type\":\"PropertyValueSpecification\",\"valueRequired\":true,\"valueName\":\"search_term_string\"}}],\"inLanguage\":\"hu\"},{\"@type\":\"Organization\",\"@id\":\"https:\\\/\\\/machteret1944.org\\\/hu\\\/#organization\",\"name\":\"\u05d4\u05e2\u05de\u05d5\u05ea\u05d4 \u05dc\u05d7\u05e7\u05e8 \u05ea\u05e0\u05d5\u05e2\u05d5\u05ea \u05d4\u05e0\u05d5\u05e2\u05e8 \u05d4\u05e6\u05d9\u05d5\u05e0\u05d9\u05d5\u05ea \u05d1\u05d4\u05d5\u05e0\u05d2\u05e8\u05d9\u05d4\",\"url\":\"https:\\\/\\\/machteret1944.org\\\/hu\\\/\",\"logo\":{\"@type\":\"ImageObject\",\"inLanguage\":\"hu\",\"@id\":\"https:\\\/\\\/machteret1944.org\\\/hu\\\/#\\\/schema\\\/logo\\\/image\\\/\",\"url\":\"https:\\\/\\\/machteret1944.org\\\/wp-content\\\/uploads\\\/2020\\\/12\\\/\u05dc\u05d5\u05d2\u05d5-\u05dc\u05e2\u05de\u05d5\u05ea\u05d4.png\",\"contentUrl\":\"https:\\\/\\\/machteret1944.org\\\/wp-content\\\/uploads\\\/2020\\\/12\\\/\u05dc\u05d5\u05d2\u05d5-\u05dc\u05e2\u05de\u05d5\u05ea\u05d4.png\",\"width\":841,\"height\":290,\"caption\":\"\u05d4\u05e2\u05de\u05d5\u05ea\u05d4 \u05dc\u05d7\u05e7\u05e8 \u05ea\u05e0\u05d5\u05e2\u05d5\u05ea \u05d4\u05e0\u05d5\u05e2\u05e8 \u05d4\u05e6\u05d9\u05d5\u05e0\u05d9\u05d5\u05ea \u05d1\u05d4\u05d5\u05e0\u05d2\u05e8\u05d9\u05d4\"},\"image\":{\"@id\":\"https:\\\/\\\/machteret1944.org\\\/hu\\\/#\\\/schema\\\/logo\\\/image\\\/\"}}]}<\/script>\n<!-- \/ Yoast SEO plugin. -->","yoast_head_json":{"title":"Hashomer Hatzair - \u05d4\u05e2\u05de\u05d5\u05ea\u05d4 \u05dc\u05d7\u05e7\u05e8 \u05ea\u05e0\u05d5\u05e2\u05d5\u05ea \u05d4\u05e0\u05d5\u05e2\u05e8 \u05d4\u05e6\u05d9\u05d5\u05e0\u05d9\u05d5\u05ea \u05d1\u05d4\u05d5\u05e0\u05d2\u05e8\u05d9\u05d4","robots":{"index":"index","follow":"follow","max-snippet":"max-snippet:-1","max-image-preview":"max-image-preview:large","max-video-preview":"max-video-preview:-1"},"canonical":"https:\/\/machteret1944.org\/hu\/az-ifjusagi-szervezetek\/hashomer-hatzair\/","og_locale":"hu_HU","og_type":"article","og_title":"Hashomer Hatzair - \u05d4\u05e2\u05de\u05d5\u05ea\u05d4 \u05dc\u05d7\u05e7\u05e8 \u05ea\u05e0\u05d5\u05e2\u05d5\u05ea \u05d4\u05e0\u05d5\u05e2\u05e8 \u05d4\u05e6\u05d9\u05d5\u05e0\u05d9\u05d5\u05ea \u05d1\u05d4\u05d5\u05e0\u05d2\u05e8\u05d9\u05d4","og_description":"Hashomer Hatzair \u00a0A Hasomer Hacair 1913-ban alakult Gal\u00edci\u00e1ban \u00e9s B\u00e9csben. Ez a mozgalom a zsid\u00f3 fiatalok k\u00f6r\u00e9ben cserk\u00e9szmozgalomk\u00e9nt m\u0171k\u00f6d\u00f6tt, de ideol\u00f3gi\u00e1ja h\u00e1rom alapelvre \u00e9p\u00fclt: t\u00e1rsadalmi egyenl\u0151s\u00e9g, nemzeti f\u00fcggetlens\u00e9g \u00e9s kultur\u00e1lis meg\u00fajul\u00e1s. A mozgalom eg\u00e9sz Eur\u00f3p\u00e1ban elterjedt, \u00e9s a tengerent\u00falon is alap\u00edtottak tagozatokat. A Hasomer Hacair tagjait arra nevelt\u00e9k, hogy a sz\u00f6vetkezeti \u00e9letet egy kibucban, Eretz [&hellip;]","og_url":"https:\/\/machteret1944.org\/hu\/az-ifjusagi-szervezetek\/hashomer-hatzair\/","og_site_name":"\u05d4\u05e2\u05de\u05d5\u05ea\u05d4 \u05dc\u05d7\u05e7\u05e8 \u05ea\u05e0\u05d5\u05e2\u05d5\u05ea \u05d4\u05e0\u05d5\u05e2\u05e8 \u05d4\u05e6\u05d9\u05d5\u05e0\u05d9\u05d5\u05ea \u05d1\u05d4\u05d5\u05e0\u05d2\u05e8\u05d9\u05d4","article_modified_time":"2024-02-05T15:15:54+00:00","og_image":[{"width":481,"height":512,"url":"https:\/\/machteret1944.org\/wp-content\/uploads\/2021\/03\/SOHATZ-LOGO.jpg","type":"image\/jpeg"}],"twitter_card":"summary_large_image","twitter_misc":{"Becs\u00fclt olvas\u00e1si id\u0151":"3 perc"},"schema":{"@context":"https:\/\/schema.org","@graph":[{"@type":"WebPage","@id":"https:\/\/machteret1944.org\/hu\/az-ifjusagi-szervezetek\/hashomer-hatzair\/","url":"https:\/\/machteret1944.org\/hu\/az-ifjusagi-szervezetek\/hashomer-hatzair\/","name":"Hashomer Hatzair - \u05d4\u05e2\u05de\u05d5\u05ea\u05d4 \u05dc\u05d7\u05e7\u05e8 \u05ea\u05e0\u05d5\u05e2\u05d5\u05ea \u05d4\u05e0\u05d5\u05e2\u05e8 \u05d4\u05e6\u05d9\u05d5\u05e0\u05d9\u05d5\u05ea \u05d1\u05d4\u05d5\u05e0\u05d2\u05e8\u05d9\u05d4","isPartOf":{"@id":"https:\/\/machteret1944.org\/hu\/#website"},"primaryImageOfPage":{"@id":"https:\/\/machteret1944.org\/hu\/az-ifjusagi-szervezetek\/hashomer-hatzair\/#primaryimage"},"image":{"@id":"https:\/\/machteret1944.org\/hu\/az-ifjusagi-szervezetek\/hashomer-hatzair\/#primaryimage"},"thumbnailUrl":"https:\/\/machteret1944.org\/wp-content\/uploads\/2021\/03\/SOHATZ-LOGO.jpg","datePublished":"2021-03-04T15:05:18+00:00","dateModified":"2024-02-05T15:15:54+00:00","breadcrumb":{"@id":"https:\/\/machteret1944.org\/hu\/az-ifjusagi-szervezetek\/hashomer-hatzair\/#breadcrumb"},"inLanguage":"hu","potentialAction":[{"@type":"ReadAction","target":["https:\/\/machteret1944.org\/hu\/az-ifjusagi-szervezetek\/hashomer-hatzair\/"]}]},{"@type":"ImageObject","inLanguage":"hu","@id":"https:\/\/machteret1944.org\/hu\/az-ifjusagi-szervezetek\/hashomer-hatzair\/#primaryimage","url":"https:\/\/machteret1944.org\/wp-content\/uploads\/2021\/03\/SOHATZ-LOGO.jpg","contentUrl":"https:\/\/machteret1944.org\/wp-content\/uploads\/2021\/03\/SOHATZ-LOGO.jpg","width":481,"height":512},{"@type":"BreadcrumbList","@id":"https:\/\/machteret1944.org\/hu\/az-ifjusagi-szervezetek\/hashomer-hatzair\/#breadcrumb","itemListElement":[{"@type":"ListItem","position":1,"name":"Kezd\u0151lap","item":"https:\/\/machteret1944.org\/hu\/"},{"@type":"ListItem","position":2,"name":"Az ifj\u00fas\u00e1gi szervezetek","item":"https:\/\/machteret1944.org\/hu\/az-ifjusagi-szervezetek\/"},{"@type":"ListItem","position":3,"name":"Hashomer Hatzair"}]},{"@type":"WebSite","@id":"https:\/\/machteret1944.org\/hu\/#website","url":"https:\/\/machteret1944.org\/hu\/","name":"\u05d4\u05e2\u05de\u05d5\u05ea\u05d4 \u05dc\u05d7\u05e7\u05e8 \u05ea\u05e0\u05d5\u05e2\u05d5\u05ea \u05d4\u05e0\u05d5\u05e2\u05e8 \u05d4\u05e6\u05d9\u05d5\u05e0\u05d9\u05d5\u05ea \u05d1\u05d4\u05d5\u05e0\u05d2\u05e8\u05d9\u05d4","description":"\u05d4\u05e2\u05de\u05d5\u05ea\u05d4 \u05dc\u05d7\u05e7\u05e8 \u05ea\u05e0\u05d5\u05e2\u05d5\u05ea \u05d4\u05e0\u05d5\u05e2\u05e8 \u05d4\u05e6\u05d9\u05d5\u05e0\u05d9\u05d5\u05ea \u05d1\u05d4\u05d5\u05e0\u05d2\u05e8\u05d9\u05d4","publisher":{"@id":"https:\/\/machteret1944.org\/hu\/#organization"},"potentialAction":[{"@type":"SearchAction","target":{"@type":"EntryPoint","urlTemplate":"https:\/\/machteret1944.org\/hu\/?s={search_term_string}"},"query-input":{"@type":"PropertyValueSpecification","valueRequired":true,"valueName":"search_term_string"}}],"inLanguage":"hu"},{"@type":"Organization","@id":"https:\/\/machteret1944.org\/hu\/#organization","name":"\u05d4\u05e2\u05de\u05d5\u05ea\u05d4 \u05dc\u05d7\u05e7\u05e8 \u05ea\u05e0\u05d5\u05e2\u05d5\u05ea \u05d4\u05e0\u05d5\u05e2\u05e8 \u05d4\u05e6\u05d9\u05d5\u05e0\u05d9\u05d5\u05ea \u05d1\u05d4\u05d5\u05e0\u05d2\u05e8\u05d9\u05d4","url":"https:\/\/machteret1944.org\/hu\/","logo":{"@type":"ImageObject","inLanguage":"hu","@id":"https:\/\/machteret1944.org\/hu\/#\/schema\/logo\/image\/","url":"https:\/\/machteret1944.org\/wp-content\/uploads\/2020\/12\/\u05dc\u05d5\u05d2\u05d5-\u05dc\u05e2\u05de\u05d5\u05ea\u05d4.png","contentUrl":"https:\/\/machteret1944.org\/wp-content\/uploads\/2020\/12\/\u05dc\u05d5\u05d2\u05d5-\u05dc\u05e2\u05de\u05d5\u05ea\u05d4.png","width":841,"height":290,"caption":"\u05d4\u05e2\u05de\u05d5\u05ea\u05d4 \u05dc\u05d7\u05e7\u05e8 \u05ea\u05e0\u05d5\u05e2\u05d5\u05ea \u05d4\u05e0\u05d5\u05e2\u05e8 \u05d4\u05e6\u05d9\u05d5\u05e0\u05d9\u05d5\u05ea \u05d1\u05d4\u05d5\u05e0\u05d2\u05e8\u05d9\u05d4"},"image":{"@id":"https:\/\/machteret1944.org\/hu\/#\/schema\/logo\/image\/"}}]}},"_links":{"self":[{"href":"https:\/\/machteret1944.org\/hu\/wp-json\/wp\/v2\/pages\/4756","targetHints":{"allow":["GET"]}}],"collection":[{"href":"https:\/\/machteret1944.org\/hu\/wp-json\/wp\/v2\/pages"}],"about":[{"href":"https:\/\/machteret1944.org\/hu\/wp-json\/wp\/v2\/types\/page"}],"author":[{"embeddable":true,"href":"https:\/\/machteret1944.org\/hu\/wp-json\/wp\/v2\/users\/2"}],"replies":[{"embeddable":true,"href":"https:\/\/machteret1944.org\/hu\/wp-json\/wp\/v2\/comments?post=4756"}],"version-history":[{"count":1,"href":"https:\/\/machteret1944.org\/hu\/wp-json\/wp\/v2\/pages\/4756\/revisions"}],"predecessor-version":[{"id":4757,"href":"https:\/\/machteret1944.org\/hu\/wp-json\/wp\/v2\/pages\/4756\/revisions\/4757"}],"up":[{"embeddable":true,"href":"https:\/\/machteret1944.org\/hu\/wp-json\/wp\/v2\/pages\/4709"}],"wp:featuredmedia":[{"embeddable":true,"href":"https:\/\/machteret1944.org\/hu\/wp-json\/wp\/v2\/media\/4071"}],"wp:attachment":[{"href":"https:\/\/machteret1944.org\/hu\/wp-json\/wp\/v2\/media?parent=4756"}],"curies":[{"name":"wp","href":"https:\/\/api.w.org\/{rel}","templated":true}]}}