{"id":4758,"date":"2021-03-04T15:25:06","date_gmt":"2021-03-04T15:25:06","guid":{"rendered":"https:\/\/machteret1944.org\/az-ifjusagi-szervezetek\/different-groups\/"},"modified":"2024-02-05T15:17:10","modified_gmt":"2024-02-05T15:17:10","slug":"mas-csoportok","status":"publish","type":"page","link":"https:\/\/machteret1944.org\/hu\/az-ifjusagi-szervezetek\/mas-csoportok\/","title":{"rendered":"M\u00e1s csoportok"},"content":{"rendered":"<p><strong>Ejt\u0151erny\u0151s\u00f6k<\/strong><\/p>\n<p>1942-re a Hagana azt tervezte, hogy harcosokat sziv\u00e1rogtat be Eretz Izraelb\u0151l a megsz\u00e1llt n\u00e9met ter\u00fcletekre Eur\u00f3p\u00e1ban, kifejezetten az ellen\u00e1ll\u00e1s megszervez\u00e9se \u00e9s az alij\u00e1z\u00e1s el\u0151seg\u00edt\u00e9se \u00e9rdek\u00e9ben. A kibucmozgalom int\u00e9zm\u00e9nyei m\u00e9g jel\u00f6lteket is aj\u00e1nlottak erre a k\u00fcldet\u00e9sre. Azonban csak 1944-ben k\u00fcldtek ejt\u0151erny\u0151s\u00f6ket Eretz Izraelb\u0151l Eur\u00f3p\u00e1ba, miut\u00e1n a brit hadseregben kik\u00e9pz\u00e9st kaptak. Az egyik terv az volt, hogy az ejt\u0151erny\u0151s\u00f6k egy r\u00e9sz\u00e9t Rom\u00e1ni\u00e1ba \u00e9s Jugoszl\u00e1vi\u00e1ba dobj\u00e1k le, ahonnan a hat\u00e1ron \u00e1t Magyarorsz\u00e1gra jutnak. Eretz Izrael zsid\u00f3 vezet\u0151i a zsid\u00f3k megment\u00e9s\u00e9t tekintett\u00e9k els\u0151dleges priorit\u00e1snak, m\u00edg a britek k\u00e9mked\u00e9si m\u0171veleteket terveztek, \u00e9s a c\u00e9lorsz\u00e1gok nyelv\u00e9t besz\u00e9l\u0151 ejt\u0151erny\u0151s\u00f6kkel akart\u00e1k seg\u00edteni a hadifoglyaikat.<\/p>\n<p>&nbsp;<\/p>\n<p><strong>The Shimoni csoport<\/strong><\/p>\n<p>Ezt a csoportot Dov Shimoni k\u00f3rh\u00e1zi hivatalnokr\u00f3l \u00e9s szervez\u0151r\u0151l nevezt\u00e9k el, \u00e9s 1944. november 16-t\u00f3l a gett\u00f3n k\u00edv\u00fcl, a R\u00e1k\u00f3czi \u00fat 14. sz\u00e1m alatt m\u0171k\u00f6dtettek k\u00f3rh\u00e1zat. A k\u00f3rh\u00e1z sz\u00e1mos zsid\u00f3, beteg, eg\u00e9szs\u00e9g\u00fcgyi szem\u00e9lyzet \u00e9s seg\u00e9dszem\u00e9lyzet &#8211; akik ugyanabban a munkaszolg\u00e1latos z\u00e1szl\u00f3aljban szolg\u00e1ltak, mint Shimoni -, valamint k\u00fclf\u00f6ldi \u00e1llampolg\u00e1rs\u00e1g\u00fa \u00fajoncok sz\u00e1m\u00e1ra is mened\u00e9ket ny\u00fajtott.<\/p>\n<p>&nbsp;<\/p>\n<p><strong>Kommunist\u00e1k<\/strong><\/p>\n<p>A magyar kommunist\u00e1k \u00e9s a szakszervezeti tagok kapcsolatot tartottak a cionista f\u00f6ldalatti szervezettel, els\u0151sorban a Hasomer Hacair tagjaival. Kommunik\u00e1ltak a Dem\u00e9ny-csoporttal, a Moszkv\u00e1hoz h\u0171 kommunista p\u00e1rtcsoportokkal \u00e9s liber\u00e1lis csoportokkal (F\u00e1bry). Joseph Meir, a Hasomer Hacair tagja, a m\u00e1sodik vil\u00e1gh\u00e1bor\u00fa elej\u00e9t\u0151l kezdve kapcsolatot tartott fenn a munk\u00e1scsoportokkal, \u00e9s Sz\u00e1lasi hatalomra ker\u00fcl\u00e9se ut\u00e1n l\u00e9trehozta a Megyeri nev\u0171 k\u00fcl\u00f6nleges m\u0171veleti csoportot, Shimoni f\u00f6ldalatti mozgalmi nev\u00e9t k\u00f6lcs\u00f6n\u00f6zve. A cionista alvil\u00e1g a magyar rezsim ellenfeleinek hamis\u00edtott dokumentumokat adott, m\u00edg a magyar ellen\u00e1ll\u00f3k a cionista ellen\u00e1ll\u00f3knak a budapesti munk\u00e1snegyedekben biztos\u00edtottak sz\u00e1ll\u00e1st. A fegyverek beszerz\u00e9s\u00e9ben \u00e9s a k\u00fcl\u00f6nb\u00f6z\u0151 fegyveres akci\u00f3k megtervez\u00e9s\u00e9ben is egy\u00fcttm\u0171k\u00f6dtek.<\/p>\n","protected":false},"excerpt":{"rendered":"<p>Ejt\u0151erny\u0151s\u00f6k 1942-re a Hagana azt tervezte, hogy harcosokat sziv\u00e1rogtat be Eretz Izraelb\u0151l a megsz\u00e1llt n\u00e9met ter\u00fcletekre Eur\u00f3p\u00e1ban, kifejezetten az ellen\u00e1ll\u00e1s megszervez\u00e9se \u00e9s az alij\u00e1z\u00e1s el\u0151seg\u00edt\u00e9se \u00e9rdek\u00e9ben. A kibucmozgalom int\u00e9zm\u00e9nyei m\u00e9g jel\u00f6lteket is aj\u00e1nlottak erre a k\u00fcldet\u00e9sre. Azonban csak 1944-ben k\u00fcldtek ejt\u0151erny\u0151s\u00f6ket Eretz Izraelb\u0151l Eur\u00f3p\u00e1ba, miut\u00e1n a brit hadseregben kik\u00e9pz\u00e9st kaptak. Az egyik terv az volt, [&hellip;]<\/p>\n","protected":false},"author":2,"featured_media":4459,"parent":4709,"menu_order":16,"comment_status":"closed","ping_status":"closed","template":"","meta":{"_acf_changed":false,"footnotes":""},"class_list":["post-4758","page","type-page","status-publish","has-post-thumbnail","hentry"],"acf":[],"yoast_head":"<!-- This site is optimized with the Yoast SEO plugin v27.4 - https:\/\/yoast.com\/product\/yoast-seo-wordpress\/ -->\n<title>M\u00e1s csoportok - \u05d4\u05e2\u05de\u05d5\u05ea\u05d4 \u05dc\u05d7\u05e7\u05e8 \u05ea\u05e0\u05d5\u05e2\u05d5\u05ea \u05d4\u05e0\u05d5\u05e2\u05e8 \u05d4\u05e6\u05d9\u05d5\u05e0\u05d9\u05d5\u05ea \u05d1\u05d4\u05d5\u05e0\u05d2\u05e8\u05d9\u05d4<\/title>\n<meta name=\"robots\" content=\"index, follow, max-snippet:-1, max-image-preview:large, max-video-preview:-1\" \/>\n<link rel=\"canonical\" href=\"https:\/\/machteret1944.org\/hu\/az-ifjusagi-szervezetek\/mas-csoportok\/\" \/>\n<meta property=\"og:locale\" content=\"hu_HU\" \/>\n<meta property=\"og:type\" content=\"article\" \/>\n<meta property=\"og:title\" content=\"M\u00e1s csoportok - \u05d4\u05e2\u05de\u05d5\u05ea\u05d4 \u05dc\u05d7\u05e7\u05e8 \u05ea\u05e0\u05d5\u05e2\u05d5\u05ea \u05d4\u05e0\u05d5\u05e2\u05e8 \u05d4\u05e6\u05d9\u05d5\u05e0\u05d9\u05d5\u05ea \u05d1\u05d4\u05d5\u05e0\u05d2\u05e8\u05d9\u05d4\" \/>\n<meta property=\"og:description\" content=\"Ejt\u0151erny\u0151s\u00f6k 1942-re a Hagana azt tervezte, hogy harcosokat sziv\u00e1rogtat be Eretz Izraelb\u0151l a megsz\u00e1llt n\u00e9met ter\u00fcletekre Eur\u00f3p\u00e1ban, kifejezetten az ellen\u00e1ll\u00e1s megszervez\u00e9se \u00e9s az alij\u00e1z\u00e1s el\u0151seg\u00edt\u00e9se \u00e9rdek\u00e9ben. A kibucmozgalom int\u00e9zm\u00e9nyei m\u00e9g jel\u00f6lteket is aj\u00e1nlottak erre a k\u00fcldet\u00e9sre. Azonban csak 1944-ben k\u00fcldtek ejt\u0151erny\u0151s\u00f6ket Eretz Izraelb\u0151l Eur\u00f3p\u00e1ba, miut\u00e1n a brit hadseregben kik\u00e9pz\u00e9st kaptak. Az egyik terv az volt, [&hellip;]\" \/>\n<meta property=\"og:url\" content=\"https:\/\/machteret1944.org\/hu\/az-ifjusagi-szervezetek\/mas-csoportok\/\" \/>\n<meta property=\"og:site_name\" content=\"\u05d4\u05e2\u05de\u05d5\u05ea\u05d4 \u05dc\u05d7\u05e7\u05e8 \u05ea\u05e0\u05d5\u05e2\u05d5\u05ea \u05d4\u05e0\u05d5\u05e2\u05e8 \u05d4\u05e6\u05d9\u05d5\u05e0\u05d9\u05d5\u05ea \u05d1\u05d4\u05d5\u05e0\u05d2\u05e8\u05d9\u05d4\" \/>\n<meta property=\"article:modified_time\" content=\"2024-02-05T15:17:10+00:00\" \/>\n<meta property=\"og:image\" content=\"https:\/\/machteret1944.org\/wp-content\/uploads\/2022\/09\/20-09-2022-13-06-49.png\" \/>\n\t<meta property=\"og:image:width\" content=\"126\" \/>\n\t<meta property=\"og:image:height\" content=\"89\" \/>\n\t<meta property=\"og:image:type\" content=\"image\/png\" \/>\n<meta name=\"twitter:card\" content=\"summary_large_image\" \/>\n<meta name=\"twitter:label1\" content=\"Becs\u00fclt olvas\u00e1si id\u0151\" \/>\n\t<meta name=\"twitter:data1\" content=\"2 perc\" \/>\n<script type=\"application\/ld+json\" class=\"yoast-schema-graph\">{\"@context\":\"https:\\\/\\\/schema.org\",\"@graph\":[{\"@type\":\"WebPage\",\"@id\":\"https:\\\/\\\/machteret1944.org\\\/hu\\\/az-ifjusagi-szervezetek\\\/mas-csoportok\\\/\",\"url\":\"https:\\\/\\\/machteret1944.org\\\/hu\\\/az-ifjusagi-szervezetek\\\/mas-csoportok\\\/\",\"name\":\"M\u00e1s csoportok - \u05d4\u05e2\u05de\u05d5\u05ea\u05d4 \u05dc\u05d7\u05e7\u05e8 \u05ea\u05e0\u05d5\u05e2\u05d5\u05ea \u05d4\u05e0\u05d5\u05e2\u05e8 \u05d4\u05e6\u05d9\u05d5\u05e0\u05d9\u05d5\u05ea \u05d1\u05d4\u05d5\u05e0\u05d2\u05e8\u05d9\u05d4\",\"isPartOf\":{\"@id\":\"https:\\\/\\\/machteret1944.org\\\/hu\\\/#website\"},\"primaryImageOfPage\":{\"@id\":\"https:\\\/\\\/machteret1944.org\\\/hu\\\/az-ifjusagi-szervezetek\\\/mas-csoportok\\\/#primaryimage\"},\"image\":{\"@id\":\"https:\\\/\\\/machteret1944.org\\\/hu\\\/az-ifjusagi-szervezetek\\\/mas-csoportok\\\/#primaryimage\"},\"thumbnailUrl\":\"https:\\\/\\\/machteret1944.org\\\/wp-content\\\/uploads\\\/2022\\\/09\\\/20-09-2022-13-06-49.png\",\"datePublished\":\"2021-03-04T15:25:06+00:00\",\"dateModified\":\"2024-02-05T15:17:10+00:00\",\"breadcrumb\":{\"@id\":\"https:\\\/\\\/machteret1944.org\\\/hu\\\/az-ifjusagi-szervezetek\\\/mas-csoportok\\\/#breadcrumb\"},\"inLanguage\":\"hu\",\"potentialAction\":[{\"@type\":\"ReadAction\",\"target\":[\"https:\\\/\\\/machteret1944.org\\\/hu\\\/az-ifjusagi-szervezetek\\\/mas-csoportok\\\/\"]}]},{\"@type\":\"ImageObject\",\"inLanguage\":\"hu\",\"@id\":\"https:\\\/\\\/machteret1944.org\\\/hu\\\/az-ifjusagi-szervezetek\\\/mas-csoportok\\\/#primaryimage\",\"url\":\"https:\\\/\\\/machteret1944.org\\\/wp-content\\\/uploads\\\/2022\\\/09\\\/20-09-2022-13-06-49.png\",\"contentUrl\":\"https:\\\/\\\/machteret1944.org\\\/wp-content\\\/uploads\\\/2022\\\/09\\\/20-09-2022-13-06-49.png\",\"width\":126,\"height\":89},{\"@type\":\"BreadcrumbList\",\"@id\":\"https:\\\/\\\/machteret1944.org\\\/hu\\\/az-ifjusagi-szervezetek\\\/mas-csoportok\\\/#breadcrumb\",\"itemListElement\":[{\"@type\":\"ListItem\",\"position\":1,\"name\":\"Kezd\u0151lap\",\"item\":\"https:\\\/\\\/machteret1944.org\\\/hu\\\/\"},{\"@type\":\"ListItem\",\"position\":2,\"name\":\"Az ifj\u00fas\u00e1gi szervezetek\",\"item\":\"https:\\\/\\\/machteret1944.org\\\/hu\\\/az-ifjusagi-szervezetek\\\/\"},{\"@type\":\"ListItem\",\"position\":3,\"name\":\"M\u00e1s csoportok\"}]},{\"@type\":\"WebSite\",\"@id\":\"https:\\\/\\\/machteret1944.org\\\/hu\\\/#website\",\"url\":\"https:\\\/\\\/machteret1944.org\\\/hu\\\/\",\"name\":\"\u05d4\u05e2\u05de\u05d5\u05ea\u05d4 \u05dc\u05d7\u05e7\u05e8 \u05ea\u05e0\u05d5\u05e2\u05d5\u05ea \u05d4\u05e0\u05d5\u05e2\u05e8 \u05d4\u05e6\u05d9\u05d5\u05e0\u05d9\u05d5\u05ea \u05d1\u05d4\u05d5\u05e0\u05d2\u05e8\u05d9\u05d4\",\"description\":\"\u05d4\u05e2\u05de\u05d5\u05ea\u05d4 \u05dc\u05d7\u05e7\u05e8 \u05ea\u05e0\u05d5\u05e2\u05d5\u05ea \u05d4\u05e0\u05d5\u05e2\u05e8 \u05d4\u05e6\u05d9\u05d5\u05e0\u05d9\u05d5\u05ea \u05d1\u05d4\u05d5\u05e0\u05d2\u05e8\u05d9\u05d4\",\"publisher\":{\"@id\":\"https:\\\/\\\/machteret1944.org\\\/hu\\\/#organization\"},\"potentialAction\":[{\"@type\":\"SearchAction\",\"target\":{\"@type\":\"EntryPoint\",\"urlTemplate\":\"https:\\\/\\\/machteret1944.org\\\/hu\\\/?s={search_term_string}\"},\"query-input\":{\"@type\":\"PropertyValueSpecification\",\"valueRequired\":true,\"valueName\":\"search_term_string\"}}],\"inLanguage\":\"hu\"},{\"@type\":\"Organization\",\"@id\":\"https:\\\/\\\/machteret1944.org\\\/hu\\\/#organization\",\"name\":\"\u05d4\u05e2\u05de\u05d5\u05ea\u05d4 \u05dc\u05d7\u05e7\u05e8 \u05ea\u05e0\u05d5\u05e2\u05d5\u05ea \u05d4\u05e0\u05d5\u05e2\u05e8 \u05d4\u05e6\u05d9\u05d5\u05e0\u05d9\u05d5\u05ea \u05d1\u05d4\u05d5\u05e0\u05d2\u05e8\u05d9\u05d4\",\"url\":\"https:\\\/\\\/machteret1944.org\\\/hu\\\/\",\"logo\":{\"@type\":\"ImageObject\",\"inLanguage\":\"hu\",\"@id\":\"https:\\\/\\\/machteret1944.org\\\/hu\\\/#\\\/schema\\\/logo\\\/image\\\/\",\"url\":\"https:\\\/\\\/machteret1944.org\\\/wp-content\\\/uploads\\\/2020\\\/12\\\/\u05dc\u05d5\u05d2\u05d5-\u05dc\u05e2\u05de\u05d5\u05ea\u05d4.png\",\"contentUrl\":\"https:\\\/\\\/machteret1944.org\\\/wp-content\\\/uploads\\\/2020\\\/12\\\/\u05dc\u05d5\u05d2\u05d5-\u05dc\u05e2\u05de\u05d5\u05ea\u05d4.png\",\"width\":841,\"height\":290,\"caption\":\"\u05d4\u05e2\u05de\u05d5\u05ea\u05d4 \u05dc\u05d7\u05e7\u05e8 \u05ea\u05e0\u05d5\u05e2\u05d5\u05ea \u05d4\u05e0\u05d5\u05e2\u05e8 \u05d4\u05e6\u05d9\u05d5\u05e0\u05d9\u05d5\u05ea \u05d1\u05d4\u05d5\u05e0\u05d2\u05e8\u05d9\u05d4\"},\"image\":{\"@id\":\"https:\\\/\\\/machteret1944.org\\\/hu\\\/#\\\/schema\\\/logo\\\/image\\\/\"}}]}<\/script>\n<!-- \/ Yoast SEO plugin. -->","yoast_head_json":{"title":"M\u00e1s csoportok - \u05d4\u05e2\u05de\u05d5\u05ea\u05d4 \u05dc\u05d7\u05e7\u05e8 \u05ea\u05e0\u05d5\u05e2\u05d5\u05ea \u05d4\u05e0\u05d5\u05e2\u05e8 \u05d4\u05e6\u05d9\u05d5\u05e0\u05d9\u05d5\u05ea \u05d1\u05d4\u05d5\u05e0\u05d2\u05e8\u05d9\u05d4","robots":{"index":"index","follow":"follow","max-snippet":"max-snippet:-1","max-image-preview":"max-image-preview:large","max-video-preview":"max-video-preview:-1"},"canonical":"https:\/\/machteret1944.org\/hu\/az-ifjusagi-szervezetek\/mas-csoportok\/","og_locale":"hu_HU","og_type":"article","og_title":"M\u00e1s csoportok - \u05d4\u05e2\u05de\u05d5\u05ea\u05d4 \u05dc\u05d7\u05e7\u05e8 \u05ea\u05e0\u05d5\u05e2\u05d5\u05ea \u05d4\u05e0\u05d5\u05e2\u05e8 \u05d4\u05e6\u05d9\u05d5\u05e0\u05d9\u05d5\u05ea \u05d1\u05d4\u05d5\u05e0\u05d2\u05e8\u05d9\u05d4","og_description":"Ejt\u0151erny\u0151s\u00f6k 1942-re a Hagana azt tervezte, hogy harcosokat sziv\u00e1rogtat be Eretz Izraelb\u0151l a megsz\u00e1llt n\u00e9met ter\u00fcletekre Eur\u00f3p\u00e1ban, kifejezetten az ellen\u00e1ll\u00e1s megszervez\u00e9se \u00e9s az alij\u00e1z\u00e1s el\u0151seg\u00edt\u00e9se \u00e9rdek\u00e9ben. A kibucmozgalom int\u00e9zm\u00e9nyei m\u00e9g jel\u00f6lteket is aj\u00e1nlottak erre a k\u00fcldet\u00e9sre. Azonban csak 1944-ben k\u00fcldtek ejt\u0151erny\u0151s\u00f6ket Eretz Izraelb\u0151l Eur\u00f3p\u00e1ba, miut\u00e1n a brit hadseregben kik\u00e9pz\u00e9st kaptak. Az egyik terv az volt, [&hellip;]","og_url":"https:\/\/machteret1944.org\/hu\/az-ifjusagi-szervezetek\/mas-csoportok\/","og_site_name":"\u05d4\u05e2\u05de\u05d5\u05ea\u05d4 \u05dc\u05d7\u05e7\u05e8 \u05ea\u05e0\u05d5\u05e2\u05d5\u05ea \u05d4\u05e0\u05d5\u05e2\u05e8 \u05d4\u05e6\u05d9\u05d5\u05e0\u05d9\u05d5\u05ea \u05d1\u05d4\u05d5\u05e0\u05d2\u05e8\u05d9\u05d4","article_modified_time":"2024-02-05T15:17:10+00:00","og_image":[{"width":126,"height":89,"url":"https:\/\/machteret1944.org\/wp-content\/uploads\/2022\/09\/20-09-2022-13-06-49.png","type":"image\/png"}],"twitter_card":"summary_large_image","twitter_misc":{"Becs\u00fclt olvas\u00e1si id\u0151":"2 perc"},"schema":{"@context":"https:\/\/schema.org","@graph":[{"@type":"WebPage","@id":"https:\/\/machteret1944.org\/hu\/az-ifjusagi-szervezetek\/mas-csoportok\/","url":"https:\/\/machteret1944.org\/hu\/az-ifjusagi-szervezetek\/mas-csoportok\/","name":"M\u00e1s csoportok - \u05d4\u05e2\u05de\u05d5\u05ea\u05d4 \u05dc\u05d7\u05e7\u05e8 \u05ea\u05e0\u05d5\u05e2\u05d5\u05ea \u05d4\u05e0\u05d5\u05e2\u05e8 \u05d4\u05e6\u05d9\u05d5\u05e0\u05d9\u05d5\u05ea \u05d1\u05d4\u05d5\u05e0\u05d2\u05e8\u05d9\u05d4","isPartOf":{"@id":"https:\/\/machteret1944.org\/hu\/#website"},"primaryImageOfPage":{"@id":"https:\/\/machteret1944.org\/hu\/az-ifjusagi-szervezetek\/mas-csoportok\/#primaryimage"},"image":{"@id":"https:\/\/machteret1944.org\/hu\/az-ifjusagi-szervezetek\/mas-csoportok\/#primaryimage"},"thumbnailUrl":"https:\/\/machteret1944.org\/wp-content\/uploads\/2022\/09\/20-09-2022-13-06-49.png","datePublished":"2021-03-04T15:25:06+00:00","dateModified":"2024-02-05T15:17:10+00:00","breadcrumb":{"@id":"https:\/\/machteret1944.org\/hu\/az-ifjusagi-szervezetek\/mas-csoportok\/#breadcrumb"},"inLanguage":"hu","potentialAction":[{"@type":"ReadAction","target":["https:\/\/machteret1944.org\/hu\/az-ifjusagi-szervezetek\/mas-csoportok\/"]}]},{"@type":"ImageObject","inLanguage":"hu","@id":"https:\/\/machteret1944.org\/hu\/az-ifjusagi-szervezetek\/mas-csoportok\/#primaryimage","url":"https:\/\/machteret1944.org\/wp-content\/uploads\/2022\/09\/20-09-2022-13-06-49.png","contentUrl":"https:\/\/machteret1944.org\/wp-content\/uploads\/2022\/09\/20-09-2022-13-06-49.png","width":126,"height":89},{"@type":"BreadcrumbList","@id":"https:\/\/machteret1944.org\/hu\/az-ifjusagi-szervezetek\/mas-csoportok\/#breadcrumb","itemListElement":[{"@type":"ListItem","position":1,"name":"Kezd\u0151lap","item":"https:\/\/machteret1944.org\/hu\/"},{"@type":"ListItem","position":2,"name":"Az ifj\u00fas\u00e1gi szervezetek","item":"https:\/\/machteret1944.org\/hu\/az-ifjusagi-szervezetek\/"},{"@type":"ListItem","position":3,"name":"M\u00e1s csoportok"}]},{"@type":"WebSite","@id":"https:\/\/machteret1944.org\/hu\/#website","url":"https:\/\/machteret1944.org\/hu\/","name":"\u05d4\u05e2\u05de\u05d5\u05ea\u05d4 \u05dc\u05d7\u05e7\u05e8 \u05ea\u05e0\u05d5\u05e2\u05d5\u05ea \u05d4\u05e0\u05d5\u05e2\u05e8 \u05d4\u05e6\u05d9\u05d5\u05e0\u05d9\u05d5\u05ea \u05d1\u05d4\u05d5\u05e0\u05d2\u05e8\u05d9\u05d4","description":"\u05d4\u05e2\u05de\u05d5\u05ea\u05d4 \u05dc\u05d7\u05e7\u05e8 \u05ea\u05e0\u05d5\u05e2\u05d5\u05ea \u05d4\u05e0\u05d5\u05e2\u05e8 \u05d4\u05e6\u05d9\u05d5\u05e0\u05d9\u05d5\u05ea \u05d1\u05d4\u05d5\u05e0\u05d2\u05e8\u05d9\u05d4","publisher":{"@id":"https:\/\/machteret1944.org\/hu\/#organization"},"potentialAction":[{"@type":"SearchAction","target":{"@type":"EntryPoint","urlTemplate":"https:\/\/machteret1944.org\/hu\/?s={search_term_string}"},"query-input":{"@type":"PropertyValueSpecification","valueRequired":true,"valueName":"search_term_string"}}],"inLanguage":"hu"},{"@type":"Organization","@id":"https:\/\/machteret1944.org\/hu\/#organization","name":"\u05d4\u05e2\u05de\u05d5\u05ea\u05d4 \u05dc\u05d7\u05e7\u05e8 \u05ea\u05e0\u05d5\u05e2\u05d5\u05ea \u05d4\u05e0\u05d5\u05e2\u05e8 \u05d4\u05e6\u05d9\u05d5\u05e0\u05d9\u05d5\u05ea \u05d1\u05d4\u05d5\u05e0\u05d2\u05e8\u05d9\u05d4","url":"https:\/\/machteret1944.org\/hu\/","logo":{"@type":"ImageObject","inLanguage":"hu","@id":"https:\/\/machteret1944.org\/hu\/#\/schema\/logo\/image\/","url":"https:\/\/machteret1944.org\/wp-content\/uploads\/2020\/12\/\u05dc\u05d5\u05d2\u05d5-\u05dc\u05e2\u05de\u05d5\u05ea\u05d4.png","contentUrl":"https:\/\/machteret1944.org\/wp-content\/uploads\/2020\/12\/\u05dc\u05d5\u05d2\u05d5-\u05dc\u05e2\u05de\u05d5\u05ea\u05d4.png","width":841,"height":290,"caption":"\u05d4\u05e2\u05de\u05d5\u05ea\u05d4 \u05dc\u05d7\u05e7\u05e8 \u05ea\u05e0\u05d5\u05e2\u05d5\u05ea \u05d4\u05e0\u05d5\u05e2\u05e8 \u05d4\u05e6\u05d9\u05d5\u05e0\u05d9\u05d5\u05ea \u05d1\u05d4\u05d5\u05e0\u05d2\u05e8\u05d9\u05d4"},"image":{"@id":"https:\/\/machteret1944.org\/hu\/#\/schema\/logo\/image\/"}}]}},"_links":{"self":[{"href":"https:\/\/machteret1944.org\/hu\/wp-json\/wp\/v2\/pages\/4758","targetHints":{"allow":["GET"]}}],"collection":[{"href":"https:\/\/machteret1944.org\/hu\/wp-json\/wp\/v2\/pages"}],"about":[{"href":"https:\/\/machteret1944.org\/hu\/wp-json\/wp\/v2\/types\/page"}],"author":[{"embeddable":true,"href":"https:\/\/machteret1944.org\/hu\/wp-json\/wp\/v2\/users\/2"}],"replies":[{"embeddable":true,"href":"https:\/\/machteret1944.org\/hu\/wp-json\/wp\/v2\/comments?post=4758"}],"version-history":[{"count":1,"href":"https:\/\/machteret1944.org\/hu\/wp-json\/wp\/v2\/pages\/4758\/revisions"}],"predecessor-version":[{"id":4759,"href":"https:\/\/machteret1944.org\/hu\/wp-json\/wp\/v2\/pages\/4758\/revisions\/4759"}],"up":[{"embeddable":true,"href":"https:\/\/machteret1944.org\/hu\/wp-json\/wp\/v2\/pages\/4709"}],"wp:featuredmedia":[{"embeddable":true,"href":"https:\/\/machteret1944.org\/hu\/wp-json\/wp\/v2\/media\/4459"}],"wp:attachment":[{"href":"https:\/\/machteret1944.org\/hu\/wp-json\/wp\/v2\/media?parent=4758"}],"curies":[{"name":"wp","href":"https:\/\/api.w.org\/{rel}","templated":true}]}}