{"id":4764,"date":"2021-04-05T13:42:17","date_gmt":"2021-04-05T13:42:17","guid":{"rendered":"https:\/\/machteret1944.org\/kuldetesek\/%d7%a9%d7%9c%d7%99%d7%97%d7%95%d7%aa%d7%94-%d7%a9%d7%9c-%d7%aa%d7%9e%d7%a8-%d7%91%d7%a0%d7%a9%d7%9c%d7%95%d7%9d-%d7%9c%d7%a9%d7%98%d7%a8%d7%a1%d7%94%d7%95%d7%a3en\/"},"modified":"2024-03-16T09:17:17","modified_gmt":"2024-03-16T09:17:17","slug":"tamar-benshaloms-missioon-to-strasshof","status":"publish","type":"page","link":"https:\/\/machteret1944.org\/hu\/kuldetesek\/tamar-benshaloms-missioon-to-strasshof\/","title":{"rendered":"Tamar Benshalom strasshofi k\u00fcldet\u00e9sef"},"content":{"rendered":"<p>1944 j\u00falius\u00e1nak els\u0151 napjaiban, a Seg\u00e9ly- \u00e9s Ment\u0151bizotts\u00e1g \u00e1ltal szervezett vonat indul\u00e1sa ut\u00e1n Budapestre nem \u00e9rkezett t\u00f6bb h\u00edr az \u00fatvonal\u00e1r\u00f3l \u00e9s holl\u00e9t\u00e9r\u0151l. Tekintettel a vonat utasainak sorsa miatti komoly aggodalomra, a f\u00f6ldalatti Cionista Ifj\u00fas\u00e1gi Ellen\u00e1ll\u00e1si Mozgalom (CIEM) \u00fagy d\u00f6nt\u00f6tt, hogy kik\u00fcld valakit, aki pontos inform\u00e1ci\u00f3kat hoz a vonat \u00fatvonal\u00e1r\u00f3l \u00e9s halad\u00e1s\u00e1r\u00f3l. A terv szerint a vonat els\u0151 \u00e1llom\u00e1sa a B\u00e9cs melletti Strasshof t\u00e1bor lett volna.<\/p>\n<p>Tamar Benshalom az al\u00e1bbi tan\u00favallom\u00e1st adta k\u00fcldet\u00e9s\u00e9r\u0151l:<\/p>\n<p><em>&#8222;B\u00e9csbe ment\u00fcnk, mert a Strasshof t\u00e1bor a k\u00f6zelben volt, \u00e9s a vonat utasainak ott kellett volna lenni\u00fck. Meg\u00e9rkezt\u00fcnk a Gestapo \u00e9p\u00fclet\u00e9hez, amely nagy \u00e9s impoz\u00e1ns volt. Bement\u00fcnk, \u00e9s \u00e9n azt mondtam a Gestapo embereinek, hogy egy zsid\u00f3t keresek, aki tartozik nekem egy nagy \u00f6sszeggel&#8230; ez nagyon szemtelen volt t\u0151lem&#8230; Az egyik hivatalnok, civil ruh\u00e1ban, egy nyitott tetej\u0171 aut\u00f3ban elvitt Strasshofba. Ott azt mondta nekem: &#8222;Menj, \u00e9s most keresd meg a zsid\u00f3dat, de ne menj be a h\u00e1zakba, mert ott bolh\u00e1k vannak&#8221;. Ez nagyon megterhel\u0151 \u00e9lm\u00e9ny volt sz\u00e1momra. Borzalmas l\u00e1tv\u00e1nyt l\u00e1ttam ott&#8230; Bementem, tal\u00e1lkoztam az emberekkel. Mondtam nekik, hogy \u00edrjanak k\u00e9peslapokat, amiket majd hazaviszek magammal. A csoportot nem tal\u00e1ltam meg a vonatr\u00f3l. A Gestapo embere vitt ki onnan. Nagyon udvarias ember volt. Visszafel\u00e9 [Budapestre] vonaton utaztunk, n\u00e9met katon\u00e1kkal, de nem volt semmi gondom &#8211; foly\u00e9konyan besz\u00e9lek n\u00e9met\u00fcl.&#8221;<\/em><\/p>\n<p>Ez a k\u00fcldet\u00e9s v\u00e9g\u00fcl is nem v\u00e9gz\u0151d\u00f6tt eredm\u00e9nytelen\u00fcl. Tamar<\/p>\n","protected":false},"excerpt":{"rendered":"<p>1944 j\u00falius\u00e1nak els\u0151 napjaiban, a Seg\u00e9ly- \u00e9s Ment\u0151bizotts\u00e1g \u00e1ltal szervezett vonat indul\u00e1sa ut\u00e1n Budapestre nem \u00e9rkezett t\u00f6bb h\u00edr az \u00fatvonal\u00e1r\u00f3l \u00e9s holl\u00e9t\u00e9r\u0151l. Tekintettel a vonat utasainak sorsa miatti komoly aggodalomra, a f\u00f6ldalatti Cionista Ifj\u00fas\u00e1gi Ellen\u00e1ll\u00e1si Mozgalom (CIEM) \u00fagy d\u00f6nt\u00f6tt, hogy kik\u00fcld valakit, aki pontos inform\u00e1ci\u00f3kat hoz a vonat \u00fatvonal\u00e1r\u00f3l \u00e9s halad\u00e1s\u00e1r\u00f3l. A terv szerint a [&hellip;]<\/p>\n","protected":false},"author":2,"featured_media":0,"parent":4702,"menu_order":16,"comment_status":"closed","ping_status":"closed","template":"","meta":{"_acf_changed":false,"footnotes":""},"class_list":["post-4764","page","type-page","status-publish","hentry"],"acf":[],"yoast_head":"<!-- This site is optimized with the Yoast SEO plugin v27.3 - https:\/\/yoast.com\/product\/yoast-seo-wordpress\/ -->\n<title>Tamar Benshalom strasshofi k\u00fcldet\u00e9sef - \u05d4\u05e2\u05de\u05d5\u05ea\u05d4 \u05dc\u05d7\u05e7\u05e8 \u05ea\u05e0\u05d5\u05e2\u05d5\u05ea \u05d4\u05e0\u05d5\u05e2\u05e8 \u05d4\u05e6\u05d9\u05d5\u05e0\u05d9\u05d5\u05ea \u05d1\u05d4\u05d5\u05e0\u05d2\u05e8\u05d9\u05d4<\/title>\n<meta name=\"robots\" content=\"index, follow, max-snippet:-1, max-image-preview:large, max-video-preview:-1\" \/>\n<link rel=\"canonical\" href=\"https:\/\/machteret1944.org\/hu\/kuldetesek\/tamar-benshaloms-missioon-to-strasshof\/\" \/>\n<meta property=\"og:locale\" content=\"hu_HU\" \/>\n<meta property=\"og:type\" content=\"article\" \/>\n<meta property=\"og:title\" content=\"Tamar Benshalom strasshofi k\u00fcldet\u00e9sef - \u05d4\u05e2\u05de\u05d5\u05ea\u05d4 \u05dc\u05d7\u05e7\u05e8 \u05ea\u05e0\u05d5\u05e2\u05d5\u05ea \u05d4\u05e0\u05d5\u05e2\u05e8 \u05d4\u05e6\u05d9\u05d5\u05e0\u05d9\u05d5\u05ea \u05d1\u05d4\u05d5\u05e0\u05d2\u05e8\u05d9\u05d4\" \/>\n<meta property=\"og:description\" content=\"1944 j\u00falius\u00e1nak els\u0151 napjaiban, a Seg\u00e9ly- \u00e9s Ment\u0151bizotts\u00e1g \u00e1ltal szervezett vonat indul\u00e1sa ut\u00e1n Budapestre nem \u00e9rkezett t\u00f6bb h\u00edr az \u00fatvonal\u00e1r\u00f3l \u00e9s holl\u00e9t\u00e9r\u0151l. Tekintettel a vonat utasainak sorsa miatti komoly aggodalomra, a f\u00f6ldalatti Cionista Ifj\u00fas\u00e1gi Ellen\u00e1ll\u00e1si Mozgalom (CIEM) \u00fagy d\u00f6nt\u00f6tt, hogy kik\u00fcld valakit, aki pontos inform\u00e1ci\u00f3kat hoz a vonat \u00fatvonal\u00e1r\u00f3l \u00e9s halad\u00e1s\u00e1r\u00f3l. A terv szerint a [&hellip;]\" \/>\n<meta property=\"og:url\" content=\"https:\/\/machteret1944.org\/hu\/kuldetesek\/tamar-benshaloms-missioon-to-strasshof\/\" \/>\n<meta property=\"og:site_name\" content=\"\u05d4\u05e2\u05de\u05d5\u05ea\u05d4 \u05dc\u05d7\u05e7\u05e8 \u05ea\u05e0\u05d5\u05e2\u05d5\u05ea \u05d4\u05e0\u05d5\u05e2\u05e8 \u05d4\u05e6\u05d9\u05d5\u05e0\u05d9\u05d5\u05ea \u05d1\u05d4\u05d5\u05e0\u05d2\u05e8\u05d9\u05d4\" \/>\n<meta property=\"article:modified_time\" content=\"2024-03-16T09:17:17+00:00\" \/>\n<meta name=\"twitter:card\" content=\"summary_large_image\" \/>\n<meta name=\"twitter:label1\" content=\"Becs\u00fclt olvas\u00e1si id\u0151\" \/>\n\t<meta name=\"twitter:data1\" content=\"2 perc\" \/>\n<script type=\"application\/ld+json\" class=\"yoast-schema-graph\">{\"@context\":\"https:\\\/\\\/schema.org\",\"@graph\":[{\"@type\":\"WebPage\",\"@id\":\"https:\\\/\\\/machteret1944.org\\\/hu\\\/kuldetesek\\\/tamar-benshaloms-missioon-to-strasshof\\\/\",\"url\":\"https:\\\/\\\/machteret1944.org\\\/hu\\\/kuldetesek\\\/tamar-benshaloms-missioon-to-strasshof\\\/\",\"name\":\"Tamar Benshalom strasshofi k\u00fcldet\u00e9sef - \u05d4\u05e2\u05de\u05d5\u05ea\u05d4 \u05dc\u05d7\u05e7\u05e8 \u05ea\u05e0\u05d5\u05e2\u05d5\u05ea \u05d4\u05e0\u05d5\u05e2\u05e8 \u05d4\u05e6\u05d9\u05d5\u05e0\u05d9\u05d5\u05ea \u05d1\u05d4\u05d5\u05e0\u05d2\u05e8\u05d9\u05d4\",\"isPartOf\":{\"@id\":\"https:\\\/\\\/machteret1944.org\\\/hu\\\/#website\"},\"datePublished\":\"2021-04-05T13:42:17+00:00\",\"dateModified\":\"2024-03-16T09:17:17+00:00\",\"breadcrumb\":{\"@id\":\"https:\\\/\\\/machteret1944.org\\\/hu\\\/kuldetesek\\\/tamar-benshaloms-missioon-to-strasshof\\\/#breadcrumb\"},\"inLanguage\":\"hu\",\"potentialAction\":[{\"@type\":\"ReadAction\",\"target\":[\"https:\\\/\\\/machteret1944.org\\\/hu\\\/kuldetesek\\\/tamar-benshaloms-missioon-to-strasshof\\\/\"]}]},{\"@type\":\"BreadcrumbList\",\"@id\":\"https:\\\/\\\/machteret1944.org\\\/hu\\\/kuldetesek\\\/tamar-benshaloms-missioon-to-strasshof\\\/#breadcrumb\",\"itemListElement\":[{\"@type\":\"ListItem\",\"position\":1,\"name\":\"Kezd\u0151lap\",\"item\":\"https:\\\/\\\/machteret1944.org\\\/hu\\\/\"},{\"@type\":\"ListItem\",\"position\":2,\"name\":\"K\u00fcldet\u00e9sek\",\"item\":\"https:\\\/\\\/machteret1944.org\\\/hu\\\/kuldetesek\\\/\"},{\"@type\":\"ListItem\",\"position\":3,\"name\":\"Tamar Benshalom strasshofi k\u00fcldet\u00e9sef\"}]},{\"@type\":\"WebSite\",\"@id\":\"https:\\\/\\\/machteret1944.org\\\/hu\\\/#website\",\"url\":\"https:\\\/\\\/machteret1944.org\\\/hu\\\/\",\"name\":\"\u05d4\u05e2\u05de\u05d5\u05ea\u05d4 \u05dc\u05d7\u05e7\u05e8 \u05ea\u05e0\u05d5\u05e2\u05d5\u05ea \u05d4\u05e0\u05d5\u05e2\u05e8 \u05d4\u05e6\u05d9\u05d5\u05e0\u05d9\u05d5\u05ea \u05d1\u05d4\u05d5\u05e0\u05d2\u05e8\u05d9\u05d4\",\"description\":\"\u05d4\u05e2\u05de\u05d5\u05ea\u05d4 \u05dc\u05d7\u05e7\u05e8 \u05ea\u05e0\u05d5\u05e2\u05d5\u05ea \u05d4\u05e0\u05d5\u05e2\u05e8 \u05d4\u05e6\u05d9\u05d5\u05e0\u05d9\u05d5\u05ea \u05d1\u05d4\u05d5\u05e0\u05d2\u05e8\u05d9\u05d4\",\"publisher\":{\"@id\":\"https:\\\/\\\/machteret1944.org\\\/hu\\\/#organization\"},\"potentialAction\":[{\"@type\":\"SearchAction\",\"target\":{\"@type\":\"EntryPoint\",\"urlTemplate\":\"https:\\\/\\\/machteret1944.org\\\/hu\\\/?s={search_term_string}\"},\"query-input\":{\"@type\":\"PropertyValueSpecification\",\"valueRequired\":true,\"valueName\":\"search_term_string\"}}],\"inLanguage\":\"hu\"},{\"@type\":\"Organization\",\"@id\":\"https:\\\/\\\/machteret1944.org\\\/hu\\\/#organization\",\"name\":\"\u05d4\u05e2\u05de\u05d5\u05ea\u05d4 \u05dc\u05d7\u05e7\u05e8 \u05ea\u05e0\u05d5\u05e2\u05d5\u05ea \u05d4\u05e0\u05d5\u05e2\u05e8 \u05d4\u05e6\u05d9\u05d5\u05e0\u05d9\u05d5\u05ea \u05d1\u05d4\u05d5\u05e0\u05d2\u05e8\u05d9\u05d4\",\"url\":\"https:\\\/\\\/machteret1944.org\\\/hu\\\/\",\"logo\":{\"@type\":\"ImageObject\",\"inLanguage\":\"hu\",\"@id\":\"https:\\\/\\\/machteret1944.org\\\/hu\\\/#\\\/schema\\\/logo\\\/image\\\/\",\"url\":\"https:\\\/\\\/machteret1944.org\\\/wp-content\\\/uploads\\\/2020\\\/12\\\/\u05dc\u05d5\u05d2\u05d5-\u05dc\u05e2\u05de\u05d5\u05ea\u05d4.png\",\"contentUrl\":\"https:\\\/\\\/machteret1944.org\\\/wp-content\\\/uploads\\\/2020\\\/12\\\/\u05dc\u05d5\u05d2\u05d5-\u05dc\u05e2\u05de\u05d5\u05ea\u05d4.png\",\"width\":841,\"height\":290,\"caption\":\"\u05d4\u05e2\u05de\u05d5\u05ea\u05d4 \u05dc\u05d7\u05e7\u05e8 \u05ea\u05e0\u05d5\u05e2\u05d5\u05ea \u05d4\u05e0\u05d5\u05e2\u05e8 \u05d4\u05e6\u05d9\u05d5\u05e0\u05d9\u05d5\u05ea \u05d1\u05d4\u05d5\u05e0\u05d2\u05e8\u05d9\u05d4\"},\"image\":{\"@id\":\"https:\\\/\\\/machteret1944.org\\\/hu\\\/#\\\/schema\\\/logo\\\/image\\\/\"}}]}<\/script>\n<!-- \/ Yoast SEO plugin. -->","yoast_head_json":{"title":"Tamar Benshalom strasshofi k\u00fcldet\u00e9sef - \u05d4\u05e2\u05de\u05d5\u05ea\u05d4 \u05dc\u05d7\u05e7\u05e8 \u05ea\u05e0\u05d5\u05e2\u05d5\u05ea \u05d4\u05e0\u05d5\u05e2\u05e8 \u05d4\u05e6\u05d9\u05d5\u05e0\u05d9\u05d5\u05ea \u05d1\u05d4\u05d5\u05e0\u05d2\u05e8\u05d9\u05d4","robots":{"index":"index","follow":"follow","max-snippet":"max-snippet:-1","max-image-preview":"max-image-preview:large","max-video-preview":"max-video-preview:-1"},"canonical":"https:\/\/machteret1944.org\/hu\/kuldetesek\/tamar-benshaloms-missioon-to-strasshof\/","og_locale":"hu_HU","og_type":"article","og_title":"Tamar Benshalom strasshofi k\u00fcldet\u00e9sef - \u05d4\u05e2\u05de\u05d5\u05ea\u05d4 \u05dc\u05d7\u05e7\u05e8 \u05ea\u05e0\u05d5\u05e2\u05d5\u05ea \u05d4\u05e0\u05d5\u05e2\u05e8 \u05d4\u05e6\u05d9\u05d5\u05e0\u05d9\u05d5\u05ea \u05d1\u05d4\u05d5\u05e0\u05d2\u05e8\u05d9\u05d4","og_description":"1944 j\u00falius\u00e1nak els\u0151 napjaiban, a Seg\u00e9ly- \u00e9s Ment\u0151bizotts\u00e1g \u00e1ltal szervezett vonat indul\u00e1sa ut\u00e1n Budapestre nem \u00e9rkezett t\u00f6bb h\u00edr az \u00fatvonal\u00e1r\u00f3l \u00e9s holl\u00e9t\u00e9r\u0151l. Tekintettel a vonat utasainak sorsa miatti komoly aggodalomra, a f\u00f6ldalatti Cionista Ifj\u00fas\u00e1gi Ellen\u00e1ll\u00e1si Mozgalom (CIEM) \u00fagy d\u00f6nt\u00f6tt, hogy kik\u00fcld valakit, aki pontos inform\u00e1ci\u00f3kat hoz a vonat \u00fatvonal\u00e1r\u00f3l \u00e9s halad\u00e1s\u00e1r\u00f3l. A terv szerint a [&hellip;]","og_url":"https:\/\/machteret1944.org\/hu\/kuldetesek\/tamar-benshaloms-missioon-to-strasshof\/","og_site_name":"\u05d4\u05e2\u05de\u05d5\u05ea\u05d4 \u05dc\u05d7\u05e7\u05e8 \u05ea\u05e0\u05d5\u05e2\u05d5\u05ea \u05d4\u05e0\u05d5\u05e2\u05e8 \u05d4\u05e6\u05d9\u05d5\u05e0\u05d9\u05d5\u05ea \u05d1\u05d4\u05d5\u05e0\u05d2\u05e8\u05d9\u05d4","article_modified_time":"2024-03-16T09:17:17+00:00","twitter_card":"summary_large_image","twitter_misc":{"Becs\u00fclt olvas\u00e1si id\u0151":"2 perc"},"schema":{"@context":"https:\/\/schema.org","@graph":[{"@type":"WebPage","@id":"https:\/\/machteret1944.org\/hu\/kuldetesek\/tamar-benshaloms-missioon-to-strasshof\/","url":"https:\/\/machteret1944.org\/hu\/kuldetesek\/tamar-benshaloms-missioon-to-strasshof\/","name":"Tamar Benshalom strasshofi k\u00fcldet\u00e9sef - \u05d4\u05e2\u05de\u05d5\u05ea\u05d4 \u05dc\u05d7\u05e7\u05e8 \u05ea\u05e0\u05d5\u05e2\u05d5\u05ea \u05d4\u05e0\u05d5\u05e2\u05e8 \u05d4\u05e6\u05d9\u05d5\u05e0\u05d9\u05d5\u05ea \u05d1\u05d4\u05d5\u05e0\u05d2\u05e8\u05d9\u05d4","isPartOf":{"@id":"https:\/\/machteret1944.org\/hu\/#website"},"datePublished":"2021-04-05T13:42:17+00:00","dateModified":"2024-03-16T09:17:17+00:00","breadcrumb":{"@id":"https:\/\/machteret1944.org\/hu\/kuldetesek\/tamar-benshaloms-missioon-to-strasshof\/#breadcrumb"},"inLanguage":"hu","potentialAction":[{"@type":"ReadAction","target":["https:\/\/machteret1944.org\/hu\/kuldetesek\/tamar-benshaloms-missioon-to-strasshof\/"]}]},{"@type":"BreadcrumbList","@id":"https:\/\/machteret1944.org\/hu\/kuldetesek\/tamar-benshaloms-missioon-to-strasshof\/#breadcrumb","itemListElement":[{"@type":"ListItem","position":1,"name":"Kezd\u0151lap","item":"https:\/\/machteret1944.org\/hu\/"},{"@type":"ListItem","position":2,"name":"K\u00fcldet\u00e9sek","item":"https:\/\/machteret1944.org\/hu\/kuldetesek\/"},{"@type":"ListItem","position":3,"name":"Tamar Benshalom strasshofi k\u00fcldet\u00e9sef"}]},{"@type":"WebSite","@id":"https:\/\/machteret1944.org\/hu\/#website","url":"https:\/\/machteret1944.org\/hu\/","name":"\u05d4\u05e2\u05de\u05d5\u05ea\u05d4 \u05dc\u05d7\u05e7\u05e8 \u05ea\u05e0\u05d5\u05e2\u05d5\u05ea \u05d4\u05e0\u05d5\u05e2\u05e8 \u05d4\u05e6\u05d9\u05d5\u05e0\u05d9\u05d5\u05ea \u05d1\u05d4\u05d5\u05e0\u05d2\u05e8\u05d9\u05d4","description":"\u05d4\u05e2\u05de\u05d5\u05ea\u05d4 \u05dc\u05d7\u05e7\u05e8 \u05ea\u05e0\u05d5\u05e2\u05d5\u05ea \u05d4\u05e0\u05d5\u05e2\u05e8 \u05d4\u05e6\u05d9\u05d5\u05e0\u05d9\u05d5\u05ea \u05d1\u05d4\u05d5\u05e0\u05d2\u05e8\u05d9\u05d4","publisher":{"@id":"https:\/\/machteret1944.org\/hu\/#organization"},"potentialAction":[{"@type":"SearchAction","target":{"@type":"EntryPoint","urlTemplate":"https:\/\/machteret1944.org\/hu\/?s={search_term_string}"},"query-input":{"@type":"PropertyValueSpecification","valueRequired":true,"valueName":"search_term_string"}}],"inLanguage":"hu"},{"@type":"Organization","@id":"https:\/\/machteret1944.org\/hu\/#organization","name":"\u05d4\u05e2\u05de\u05d5\u05ea\u05d4 \u05dc\u05d7\u05e7\u05e8 \u05ea\u05e0\u05d5\u05e2\u05d5\u05ea \u05d4\u05e0\u05d5\u05e2\u05e8 \u05d4\u05e6\u05d9\u05d5\u05e0\u05d9\u05d5\u05ea \u05d1\u05d4\u05d5\u05e0\u05d2\u05e8\u05d9\u05d4","url":"https:\/\/machteret1944.org\/hu\/","logo":{"@type":"ImageObject","inLanguage":"hu","@id":"https:\/\/machteret1944.org\/hu\/#\/schema\/logo\/image\/","url":"https:\/\/machteret1944.org\/wp-content\/uploads\/2020\/12\/\u05dc\u05d5\u05d2\u05d5-\u05dc\u05e2\u05de\u05d5\u05ea\u05d4.png","contentUrl":"https:\/\/machteret1944.org\/wp-content\/uploads\/2020\/12\/\u05dc\u05d5\u05d2\u05d5-\u05dc\u05e2\u05de\u05d5\u05ea\u05d4.png","width":841,"height":290,"caption":"\u05d4\u05e2\u05de\u05d5\u05ea\u05d4 \u05dc\u05d7\u05e7\u05e8 \u05ea\u05e0\u05d5\u05e2\u05d5\u05ea \u05d4\u05e0\u05d5\u05e2\u05e8 \u05d4\u05e6\u05d9\u05d5\u05e0\u05d9\u05d5\u05ea \u05d1\u05d4\u05d5\u05e0\u05d2\u05e8\u05d9\u05d4"},"image":{"@id":"https:\/\/machteret1944.org\/hu\/#\/schema\/logo\/image\/"}}]}},"_links":{"self":[{"href":"https:\/\/machteret1944.org\/hu\/wp-json\/wp\/v2\/pages\/4764","targetHints":{"allow":["GET"]}}],"collection":[{"href":"https:\/\/machteret1944.org\/hu\/wp-json\/wp\/v2\/pages"}],"about":[{"href":"https:\/\/machteret1944.org\/hu\/wp-json\/wp\/v2\/types\/page"}],"author":[{"embeddable":true,"href":"https:\/\/machteret1944.org\/hu\/wp-json\/wp\/v2\/users\/2"}],"replies":[{"embeddable":true,"href":"https:\/\/machteret1944.org\/hu\/wp-json\/wp\/v2\/comments?post=4764"}],"version-history":[{"count":2,"href":"https:\/\/machteret1944.org\/hu\/wp-json\/wp\/v2\/pages\/4764\/revisions"}],"predecessor-version":[{"id":4977,"href":"https:\/\/machteret1944.org\/hu\/wp-json\/wp\/v2\/pages\/4764\/revisions\/4977"}],"up":[{"embeddable":true,"href":"https:\/\/machteret1944.org\/hu\/wp-json\/wp\/v2\/pages\/4702"}],"wp:attachment":[{"href":"https:\/\/machteret1944.org\/hu\/wp-json\/wp\/v2\/media?parent=4764"}],"curies":[{"name":"wp","href":"https:\/\/api.w.org\/{rel}","templated":true}]}}