{"id":4766,"date":"2021-02-07T09:40:53","date_gmt":"2021-02-07T09:40:53","guid":{"rendered":"https:\/\/machteret1944.org\/kuldetesek\/emissary-missions-from-july-1-december-23-1944\/"},"modified":"2024-02-12T08:15:41","modified_gmt":"2024-02-12T08:15:41","slug":"kuldetesek-1944-julius-1-es-december-23-kozott","status":"publish","type":"page","link":"https:\/\/machteret1944.org\/hu\/kuldetesek\/kuldetesek-1944-julius-1-es-december-23-kozott\/","title":{"rendered":"K\u00fcldet\u00e9sek 1944. j\u00falius 1. \u00e9s december 23. k\u00f6z\u00f6tt"},"content":{"rendered":"<p><strong>K\u00fcldet\u00e9sek Budapest ostroma alatt<\/strong><\/p>\n<p>Ekkorra m\u00e1r befejez\u0151d\u00f6tt a vid\u00e9ki v\u00e1rosokb\u00f3l a zsid\u00f3k Auschwitzba val\u00f3 deport\u00e1l\u00e1sa. A misszi\u00f3k f\u0151 c\u00e9lja az volt, hogy a Magyarorsz\u00e1gon m\u00e9g megmaradt k\u00e9nyszermunkat\u00e1borokban a k\u00fcl\u00f6nb\u00f6z\u0151 ifj\u00fas\u00e1gi mozgalmak tagjait felkutass\u00e1k a sz\u00e9tsz\u00f3rt egys\u00e9gekben. A k\u00fcld\u00f6ttek ell\u00e1tt\u00e1k \u0151ket a megfelel\u0151 hamis\u00edtott okm\u00e1nyokkal, v\u00e1lt\u00f3ruh\u00e1val, p\u00e9nzzel \u00e9s utas\u00edt\u00e1sokkal arra vonatkoz\u00f3an, hogy mik\u00e9nt lehet a t\u00e1borb\u00f3l elsz\u00f6kni \u00e9s Budapestre jutni. Ott a menek\u00fclteket beolvasztott\u00e1k az ifj\u00fas\u00e1gi mozgalmak soraiba, \u00e9s csatlakoztak a f\u00f6ldalatti Cionista Ifj\u00fas\u00e1gi Ellen\u00e1ll\u00e1si Mozgalom k\u00fcl\u00f6nb\u00f6z\u0151 ment\u0151akci\u00f3ihoz.<\/p>\n<p>Az egyik ilyen &#8222;csoportos dezert\u00e1l\u00e1st&#8221; 20 fiatal, k\u00f6zt\u00fck Joseph Scheffer a Gordonia-Maccabi Hatzair, Joseph Meir a Hashomer Hatzair \u00e9s Sz\u00e1nt\u00f3 Shmuel a Dror Habonim, a Moh\u00e1cs melletti 4\/3-as munkat\u00e1borb\u00f3l szervezt\u00e9k meg. A &#8222;dezert\u0151r\u00f6k&#8221; mindegyike azonnal beilleszkedett a Halutz f\u00f6ldalatti szervezet k\u00fcl\u00f6nb\u00f6z\u0151 m\u0171veleteibe, \u00e9s elk\u00f6telezte mag\u00e1t a siker mellett.<\/p>\n<p>December v\u00e9ge fel\u00e9 a k\u00fcld\u00f6ttek a Nemzetk\u00f6zi V\u00f6r\u00f6skereszt irataival \u00e9s &#8222;Schutzpass&#8221; sv\u00e1jci v\u00e9dlevelekkel a kez\u00fckben elindultak, hogy zsid\u00f3kat mentsenek ki a t\u00e9glagy\u00e1rb\u00f3l \u00e9s az Ausztri\u00e1ba tart\u00f3 hal\u00e1lmenetb\u0151l.<\/p>\n<p>Ebben az id\u0151szakban minimum 29 k\u00fcld\u00f6tt legkevesebb 39 k\u00fcldet\u00e9st v\u00e1llalt.<\/p>\n","protected":false},"excerpt":{"rendered":"<p>K\u00fcldet\u00e9sek Budapest ostroma alatt Ekkorra m\u00e1r befejez\u0151d\u00f6tt a vid\u00e9ki v\u00e1rosokb\u00f3l a zsid\u00f3k Auschwitzba val\u00f3 deport\u00e1l\u00e1sa. A misszi\u00f3k f\u0151 c\u00e9lja az volt, hogy a Magyarorsz\u00e1gon m\u00e9g megmaradt k\u00e9nyszermunkat\u00e1borokban a k\u00fcl\u00f6nb\u00f6z\u0151 ifj\u00fas\u00e1gi mozgalmak tagjait felkutass\u00e1k a sz\u00e9tsz\u00f3rt egys\u00e9gekben. A k\u00fcld\u00f6ttek ell\u00e1tt\u00e1k \u0151ket a megfelel\u0151 hamis\u00edtott okm\u00e1nyokkal, v\u00e1lt\u00f3ruh\u00e1val, p\u00e9nzzel \u00e9s utas\u00edt\u00e1sokkal arra vonatkoz\u00f3an, hogy mik\u00e9nt lehet a t\u00e1borb\u00f3l [&hellip;]<\/p>\n","protected":false},"author":2,"featured_media":0,"parent":4702,"menu_order":6,"comment_status":"closed","ping_status":"closed","template":"","meta":{"_acf_changed":false,"footnotes":""},"class_list":["post-4766","page","type-page","status-publish","hentry"],"acf":[],"yoast_head":"<!-- This site is optimized with the Yoast SEO plugin v27.3 - https:\/\/yoast.com\/product\/yoast-seo-wordpress\/ -->\n<title>K\u00fcldet\u00e9sek 1944. j\u00falius 1. \u00e9s december 23. k\u00f6z\u00f6tt - \u05d4\u05e2\u05de\u05d5\u05ea\u05d4 \u05dc\u05d7\u05e7\u05e8 \u05ea\u05e0\u05d5\u05e2\u05d5\u05ea \u05d4\u05e0\u05d5\u05e2\u05e8 \u05d4\u05e6\u05d9\u05d5\u05e0\u05d9\u05d5\u05ea \u05d1\u05d4\u05d5\u05e0\u05d2\u05e8\u05d9\u05d4<\/title>\n<meta name=\"robots\" content=\"index, follow, max-snippet:-1, max-image-preview:large, max-video-preview:-1\" \/>\n<link rel=\"canonical\" href=\"https:\/\/machteret1944.org\/hu\/kuldetesek\/kuldetesek-1944-julius-1-es-december-23-kozott\/\" \/>\n<meta property=\"og:locale\" content=\"hu_HU\" \/>\n<meta property=\"og:type\" content=\"article\" \/>\n<meta property=\"og:title\" content=\"K\u00fcldet\u00e9sek 1944. j\u00falius 1. \u00e9s december 23. k\u00f6z\u00f6tt - \u05d4\u05e2\u05de\u05d5\u05ea\u05d4 \u05dc\u05d7\u05e7\u05e8 \u05ea\u05e0\u05d5\u05e2\u05d5\u05ea \u05d4\u05e0\u05d5\u05e2\u05e8 \u05d4\u05e6\u05d9\u05d5\u05e0\u05d9\u05d5\u05ea \u05d1\u05d4\u05d5\u05e0\u05d2\u05e8\u05d9\u05d4\" \/>\n<meta property=\"og:description\" content=\"K\u00fcldet\u00e9sek Budapest ostroma alatt Ekkorra m\u00e1r befejez\u0151d\u00f6tt a vid\u00e9ki v\u00e1rosokb\u00f3l a zsid\u00f3k Auschwitzba val\u00f3 deport\u00e1l\u00e1sa. A misszi\u00f3k f\u0151 c\u00e9lja az volt, hogy a Magyarorsz\u00e1gon m\u00e9g megmaradt k\u00e9nyszermunkat\u00e1borokban a k\u00fcl\u00f6nb\u00f6z\u0151 ifj\u00fas\u00e1gi mozgalmak tagjait felkutass\u00e1k a sz\u00e9tsz\u00f3rt egys\u00e9gekben. A k\u00fcld\u00f6ttek ell\u00e1tt\u00e1k \u0151ket a megfelel\u0151 hamis\u00edtott okm\u00e1nyokkal, v\u00e1lt\u00f3ruh\u00e1val, p\u00e9nzzel \u00e9s utas\u00edt\u00e1sokkal arra vonatkoz\u00f3an, hogy mik\u00e9nt lehet a t\u00e1borb\u00f3l [&hellip;]\" \/>\n<meta property=\"og:url\" content=\"https:\/\/machteret1944.org\/hu\/kuldetesek\/kuldetesek-1944-julius-1-es-december-23-kozott\/\" \/>\n<meta property=\"og:site_name\" content=\"\u05d4\u05e2\u05de\u05d5\u05ea\u05d4 \u05dc\u05d7\u05e7\u05e8 \u05ea\u05e0\u05d5\u05e2\u05d5\u05ea \u05d4\u05e0\u05d5\u05e2\u05e8 \u05d4\u05e6\u05d9\u05d5\u05e0\u05d9\u05d5\u05ea \u05d1\u05d4\u05d5\u05e0\u05d2\u05e8\u05d9\u05d4\" \/>\n<meta property=\"article:modified_time\" content=\"2024-02-12T08:15:41+00:00\" \/>\n<meta name=\"twitter:card\" content=\"summary_large_image\" \/>\n<meta name=\"twitter:label1\" content=\"Becs\u00fclt olvas\u00e1si id\u0151\" \/>\n\t<meta name=\"twitter:data1\" content=\"1 perc\" \/>\n<script type=\"application\/ld+json\" class=\"yoast-schema-graph\">{\"@context\":\"https:\\\/\\\/schema.org\",\"@graph\":[{\"@type\":\"WebPage\",\"@id\":\"https:\\\/\\\/machteret1944.org\\\/hu\\\/kuldetesek\\\/kuldetesek-1944-julius-1-es-december-23-kozott\\\/\",\"url\":\"https:\\\/\\\/machteret1944.org\\\/hu\\\/kuldetesek\\\/kuldetesek-1944-julius-1-es-december-23-kozott\\\/\",\"name\":\"K\u00fcldet\u00e9sek 1944. j\u00falius 1. \u00e9s december 23. k\u00f6z\u00f6tt - \u05d4\u05e2\u05de\u05d5\u05ea\u05d4 \u05dc\u05d7\u05e7\u05e8 \u05ea\u05e0\u05d5\u05e2\u05d5\u05ea \u05d4\u05e0\u05d5\u05e2\u05e8 \u05d4\u05e6\u05d9\u05d5\u05e0\u05d9\u05d5\u05ea \u05d1\u05d4\u05d5\u05e0\u05d2\u05e8\u05d9\u05d4\",\"isPartOf\":{\"@id\":\"https:\\\/\\\/machteret1944.org\\\/hu\\\/#website\"},\"datePublished\":\"2021-02-07T09:40:53+00:00\",\"dateModified\":\"2024-02-12T08:15:41+00:00\",\"breadcrumb\":{\"@id\":\"https:\\\/\\\/machteret1944.org\\\/hu\\\/kuldetesek\\\/kuldetesek-1944-julius-1-es-december-23-kozott\\\/#breadcrumb\"},\"inLanguage\":\"hu\",\"potentialAction\":[{\"@type\":\"ReadAction\",\"target\":[\"https:\\\/\\\/machteret1944.org\\\/hu\\\/kuldetesek\\\/kuldetesek-1944-julius-1-es-december-23-kozott\\\/\"]}]},{\"@type\":\"BreadcrumbList\",\"@id\":\"https:\\\/\\\/machteret1944.org\\\/hu\\\/kuldetesek\\\/kuldetesek-1944-julius-1-es-december-23-kozott\\\/#breadcrumb\",\"itemListElement\":[{\"@type\":\"ListItem\",\"position\":1,\"name\":\"Kezd\u0151lap\",\"item\":\"https:\\\/\\\/machteret1944.org\\\/hu\\\/\"},{\"@type\":\"ListItem\",\"position\":2,\"name\":\"K\u00fcldet\u00e9sek\",\"item\":\"https:\\\/\\\/machteret1944.org\\\/hu\\\/kuldetesek\\\/\"},{\"@type\":\"ListItem\",\"position\":3,\"name\":\"K\u00fcldet\u00e9sek 1944. j\u00falius 1. \u00e9s december 23. k\u00f6z\u00f6tt\"}]},{\"@type\":\"WebSite\",\"@id\":\"https:\\\/\\\/machteret1944.org\\\/hu\\\/#website\",\"url\":\"https:\\\/\\\/machteret1944.org\\\/hu\\\/\",\"name\":\"\u05d4\u05e2\u05de\u05d5\u05ea\u05d4 \u05dc\u05d7\u05e7\u05e8 \u05ea\u05e0\u05d5\u05e2\u05d5\u05ea \u05d4\u05e0\u05d5\u05e2\u05e8 \u05d4\u05e6\u05d9\u05d5\u05e0\u05d9\u05d5\u05ea \u05d1\u05d4\u05d5\u05e0\u05d2\u05e8\u05d9\u05d4\",\"description\":\"\u05d4\u05e2\u05de\u05d5\u05ea\u05d4 \u05dc\u05d7\u05e7\u05e8 \u05ea\u05e0\u05d5\u05e2\u05d5\u05ea \u05d4\u05e0\u05d5\u05e2\u05e8 \u05d4\u05e6\u05d9\u05d5\u05e0\u05d9\u05d5\u05ea \u05d1\u05d4\u05d5\u05e0\u05d2\u05e8\u05d9\u05d4\",\"publisher\":{\"@id\":\"https:\\\/\\\/machteret1944.org\\\/hu\\\/#organization\"},\"potentialAction\":[{\"@type\":\"SearchAction\",\"target\":{\"@type\":\"EntryPoint\",\"urlTemplate\":\"https:\\\/\\\/machteret1944.org\\\/hu\\\/?s={search_term_string}\"},\"query-input\":{\"@type\":\"PropertyValueSpecification\",\"valueRequired\":true,\"valueName\":\"search_term_string\"}}],\"inLanguage\":\"hu\"},{\"@type\":\"Organization\",\"@id\":\"https:\\\/\\\/machteret1944.org\\\/hu\\\/#organization\",\"name\":\"\u05d4\u05e2\u05de\u05d5\u05ea\u05d4 \u05dc\u05d7\u05e7\u05e8 \u05ea\u05e0\u05d5\u05e2\u05d5\u05ea \u05d4\u05e0\u05d5\u05e2\u05e8 \u05d4\u05e6\u05d9\u05d5\u05e0\u05d9\u05d5\u05ea \u05d1\u05d4\u05d5\u05e0\u05d2\u05e8\u05d9\u05d4\",\"url\":\"https:\\\/\\\/machteret1944.org\\\/hu\\\/\",\"logo\":{\"@type\":\"ImageObject\",\"inLanguage\":\"hu\",\"@id\":\"https:\\\/\\\/machteret1944.org\\\/hu\\\/#\\\/schema\\\/logo\\\/image\\\/\",\"url\":\"https:\\\/\\\/machteret1944.org\\\/wp-content\\\/uploads\\\/2020\\\/12\\\/\u05dc\u05d5\u05d2\u05d5-\u05dc\u05e2\u05de\u05d5\u05ea\u05d4.png\",\"contentUrl\":\"https:\\\/\\\/machteret1944.org\\\/wp-content\\\/uploads\\\/2020\\\/12\\\/\u05dc\u05d5\u05d2\u05d5-\u05dc\u05e2\u05de\u05d5\u05ea\u05d4.png\",\"width\":841,\"height\":290,\"caption\":\"\u05d4\u05e2\u05de\u05d5\u05ea\u05d4 \u05dc\u05d7\u05e7\u05e8 \u05ea\u05e0\u05d5\u05e2\u05d5\u05ea \u05d4\u05e0\u05d5\u05e2\u05e8 \u05d4\u05e6\u05d9\u05d5\u05e0\u05d9\u05d5\u05ea \u05d1\u05d4\u05d5\u05e0\u05d2\u05e8\u05d9\u05d4\"},\"image\":{\"@id\":\"https:\\\/\\\/machteret1944.org\\\/hu\\\/#\\\/schema\\\/logo\\\/image\\\/\"}}]}<\/script>\n<!-- \/ Yoast SEO plugin. -->","yoast_head_json":{"title":"K\u00fcldet\u00e9sek 1944. j\u00falius 1. \u00e9s december 23. k\u00f6z\u00f6tt - \u05d4\u05e2\u05de\u05d5\u05ea\u05d4 \u05dc\u05d7\u05e7\u05e8 \u05ea\u05e0\u05d5\u05e2\u05d5\u05ea \u05d4\u05e0\u05d5\u05e2\u05e8 \u05d4\u05e6\u05d9\u05d5\u05e0\u05d9\u05d5\u05ea \u05d1\u05d4\u05d5\u05e0\u05d2\u05e8\u05d9\u05d4","robots":{"index":"index","follow":"follow","max-snippet":"max-snippet:-1","max-image-preview":"max-image-preview:large","max-video-preview":"max-video-preview:-1"},"canonical":"https:\/\/machteret1944.org\/hu\/kuldetesek\/kuldetesek-1944-julius-1-es-december-23-kozott\/","og_locale":"hu_HU","og_type":"article","og_title":"K\u00fcldet\u00e9sek 1944. j\u00falius 1. \u00e9s december 23. k\u00f6z\u00f6tt - \u05d4\u05e2\u05de\u05d5\u05ea\u05d4 \u05dc\u05d7\u05e7\u05e8 \u05ea\u05e0\u05d5\u05e2\u05d5\u05ea \u05d4\u05e0\u05d5\u05e2\u05e8 \u05d4\u05e6\u05d9\u05d5\u05e0\u05d9\u05d5\u05ea \u05d1\u05d4\u05d5\u05e0\u05d2\u05e8\u05d9\u05d4","og_description":"K\u00fcldet\u00e9sek Budapest ostroma alatt Ekkorra m\u00e1r befejez\u0151d\u00f6tt a vid\u00e9ki v\u00e1rosokb\u00f3l a zsid\u00f3k Auschwitzba val\u00f3 deport\u00e1l\u00e1sa. A misszi\u00f3k f\u0151 c\u00e9lja az volt, hogy a Magyarorsz\u00e1gon m\u00e9g megmaradt k\u00e9nyszermunkat\u00e1borokban a k\u00fcl\u00f6nb\u00f6z\u0151 ifj\u00fas\u00e1gi mozgalmak tagjait felkutass\u00e1k a sz\u00e9tsz\u00f3rt egys\u00e9gekben. A k\u00fcld\u00f6ttek ell\u00e1tt\u00e1k \u0151ket a megfelel\u0151 hamis\u00edtott okm\u00e1nyokkal, v\u00e1lt\u00f3ruh\u00e1val, p\u00e9nzzel \u00e9s utas\u00edt\u00e1sokkal arra vonatkoz\u00f3an, hogy mik\u00e9nt lehet a t\u00e1borb\u00f3l [&hellip;]","og_url":"https:\/\/machteret1944.org\/hu\/kuldetesek\/kuldetesek-1944-julius-1-es-december-23-kozott\/","og_site_name":"\u05d4\u05e2\u05de\u05d5\u05ea\u05d4 \u05dc\u05d7\u05e7\u05e8 \u05ea\u05e0\u05d5\u05e2\u05d5\u05ea \u05d4\u05e0\u05d5\u05e2\u05e8 \u05d4\u05e6\u05d9\u05d5\u05e0\u05d9\u05d5\u05ea \u05d1\u05d4\u05d5\u05e0\u05d2\u05e8\u05d9\u05d4","article_modified_time":"2024-02-12T08:15:41+00:00","twitter_card":"summary_large_image","twitter_misc":{"Becs\u00fclt olvas\u00e1si id\u0151":"1 perc"},"schema":{"@context":"https:\/\/schema.org","@graph":[{"@type":"WebPage","@id":"https:\/\/machteret1944.org\/hu\/kuldetesek\/kuldetesek-1944-julius-1-es-december-23-kozott\/","url":"https:\/\/machteret1944.org\/hu\/kuldetesek\/kuldetesek-1944-julius-1-es-december-23-kozott\/","name":"K\u00fcldet\u00e9sek 1944. j\u00falius 1. \u00e9s december 23. k\u00f6z\u00f6tt - \u05d4\u05e2\u05de\u05d5\u05ea\u05d4 \u05dc\u05d7\u05e7\u05e8 \u05ea\u05e0\u05d5\u05e2\u05d5\u05ea \u05d4\u05e0\u05d5\u05e2\u05e8 \u05d4\u05e6\u05d9\u05d5\u05e0\u05d9\u05d5\u05ea \u05d1\u05d4\u05d5\u05e0\u05d2\u05e8\u05d9\u05d4","isPartOf":{"@id":"https:\/\/machteret1944.org\/hu\/#website"},"datePublished":"2021-02-07T09:40:53+00:00","dateModified":"2024-02-12T08:15:41+00:00","breadcrumb":{"@id":"https:\/\/machteret1944.org\/hu\/kuldetesek\/kuldetesek-1944-julius-1-es-december-23-kozott\/#breadcrumb"},"inLanguage":"hu","potentialAction":[{"@type":"ReadAction","target":["https:\/\/machteret1944.org\/hu\/kuldetesek\/kuldetesek-1944-julius-1-es-december-23-kozott\/"]}]},{"@type":"BreadcrumbList","@id":"https:\/\/machteret1944.org\/hu\/kuldetesek\/kuldetesek-1944-julius-1-es-december-23-kozott\/#breadcrumb","itemListElement":[{"@type":"ListItem","position":1,"name":"Kezd\u0151lap","item":"https:\/\/machteret1944.org\/hu\/"},{"@type":"ListItem","position":2,"name":"K\u00fcldet\u00e9sek","item":"https:\/\/machteret1944.org\/hu\/kuldetesek\/"},{"@type":"ListItem","position":3,"name":"K\u00fcldet\u00e9sek 1944. j\u00falius 1. \u00e9s december 23. k\u00f6z\u00f6tt"}]},{"@type":"WebSite","@id":"https:\/\/machteret1944.org\/hu\/#website","url":"https:\/\/machteret1944.org\/hu\/","name":"\u05d4\u05e2\u05de\u05d5\u05ea\u05d4 \u05dc\u05d7\u05e7\u05e8 \u05ea\u05e0\u05d5\u05e2\u05d5\u05ea \u05d4\u05e0\u05d5\u05e2\u05e8 \u05d4\u05e6\u05d9\u05d5\u05e0\u05d9\u05d5\u05ea \u05d1\u05d4\u05d5\u05e0\u05d2\u05e8\u05d9\u05d4","description":"\u05d4\u05e2\u05de\u05d5\u05ea\u05d4 \u05dc\u05d7\u05e7\u05e8 \u05ea\u05e0\u05d5\u05e2\u05d5\u05ea \u05d4\u05e0\u05d5\u05e2\u05e8 \u05d4\u05e6\u05d9\u05d5\u05e0\u05d9\u05d5\u05ea \u05d1\u05d4\u05d5\u05e0\u05d2\u05e8\u05d9\u05d4","publisher":{"@id":"https:\/\/machteret1944.org\/hu\/#organization"},"potentialAction":[{"@type":"SearchAction","target":{"@type":"EntryPoint","urlTemplate":"https:\/\/machteret1944.org\/hu\/?s={search_term_string}"},"query-input":{"@type":"PropertyValueSpecification","valueRequired":true,"valueName":"search_term_string"}}],"inLanguage":"hu"},{"@type":"Organization","@id":"https:\/\/machteret1944.org\/hu\/#organization","name":"\u05d4\u05e2\u05de\u05d5\u05ea\u05d4 \u05dc\u05d7\u05e7\u05e8 \u05ea\u05e0\u05d5\u05e2\u05d5\u05ea \u05d4\u05e0\u05d5\u05e2\u05e8 \u05d4\u05e6\u05d9\u05d5\u05e0\u05d9\u05d5\u05ea \u05d1\u05d4\u05d5\u05e0\u05d2\u05e8\u05d9\u05d4","url":"https:\/\/machteret1944.org\/hu\/","logo":{"@type":"ImageObject","inLanguage":"hu","@id":"https:\/\/machteret1944.org\/hu\/#\/schema\/logo\/image\/","url":"https:\/\/machteret1944.org\/wp-content\/uploads\/2020\/12\/\u05dc\u05d5\u05d2\u05d5-\u05dc\u05e2\u05de\u05d5\u05ea\u05d4.png","contentUrl":"https:\/\/machteret1944.org\/wp-content\/uploads\/2020\/12\/\u05dc\u05d5\u05d2\u05d5-\u05dc\u05e2\u05de\u05d5\u05ea\u05d4.png","width":841,"height":290,"caption":"\u05d4\u05e2\u05de\u05d5\u05ea\u05d4 \u05dc\u05d7\u05e7\u05e8 \u05ea\u05e0\u05d5\u05e2\u05d5\u05ea \u05d4\u05e0\u05d5\u05e2\u05e8 \u05d4\u05e6\u05d9\u05d5\u05e0\u05d9\u05d5\u05ea \u05d1\u05d4\u05d5\u05e0\u05d2\u05e8\u05d9\u05d4"},"image":{"@id":"https:\/\/machteret1944.org\/hu\/#\/schema\/logo\/image\/"}}]}},"_links":{"self":[{"href":"https:\/\/machteret1944.org\/hu\/wp-json\/wp\/v2\/pages\/4766","targetHints":{"allow":["GET"]}}],"collection":[{"href":"https:\/\/machteret1944.org\/hu\/wp-json\/wp\/v2\/pages"}],"about":[{"href":"https:\/\/machteret1944.org\/hu\/wp-json\/wp\/v2\/types\/page"}],"author":[{"embeddable":true,"href":"https:\/\/machteret1944.org\/hu\/wp-json\/wp\/v2\/users\/2"}],"replies":[{"embeddable":true,"href":"https:\/\/machteret1944.org\/hu\/wp-json\/wp\/v2\/comments?post=4766"}],"version-history":[{"count":1,"href":"https:\/\/machteret1944.org\/hu\/wp-json\/wp\/v2\/pages\/4766\/revisions"}],"predecessor-version":[{"id":4767,"href":"https:\/\/machteret1944.org\/hu\/wp-json\/wp\/v2\/pages\/4766\/revisions\/4767"}],"up":[{"embeddable":true,"href":"https:\/\/machteret1944.org\/hu\/wp-json\/wp\/v2\/pages\/4702"}],"wp:attachment":[{"href":"https:\/\/machteret1944.org\/hu\/wp-json\/wp\/v2\/media?parent=4766"}],"curies":[{"name":"wp","href":"https:\/\/api.w.org\/{rel}","templated":true}]}}