{"id":4768,"date":"2022-02-27T09:19:22","date_gmt":"2022-02-27T09:19:22","guid":{"rendered":"https:\/\/machteret1944.org\/kuldetesek\/david-grunwald-coca-and-his-parents\/"},"modified":"2024-02-12T13:31:03","modified_gmt":"2024-02-12T13:31:03","slug":"grunwald-david-coca-es-szulei","status":"publish","type":"page","link":"https:\/\/machteret1944.org\/hu\/kuldetesek\/grunwald-david-coca-es-szulei\/","title":{"rendered":"Gr\u00fcnwald D\u00e1vid (&#8222;Coca&#8221;) \u00e9s sz\u00fclei"},"content":{"rendered":"<p>1944 \u00e1prilis\u00e1nak m\u00e1sodik fel\u00e9ben a magyar katonai rezsim \u00fajabb toborz\u00e1st rendelt el a munkaszolg\u00e1latos egys\u00e9gekbe. D\u00e1vid \u00e1prilis 16-\u00e1n kapta meg a beh\u00edv\u00f3j\u00e1t. Simon Levi \u00e1tadott D\u00e1vidnak egy k\u00f6teg hamis szem\u00e9lyazonoss\u00e1gi pap\u00edrt, \u00e9s k\u00f6z\u00f6lte vele, hogy tal\u00e1lt egy b\u00fav\u00f3helyet D\u00e1vid sz\u00fcleinek egy nyugat-magyarorsz\u00e1gi tany\u00e1n, a Duna t\u00faloldal\u00e1n.<\/p>\n<p>D\u00e1vid fogta a hamis pap\u00edrokat, \u00e9s elment a sz\u00fclei h\u00e1z\u00e1ba, hogy megmentse \u0151ket a gett\u00f3ba val\u00f3 deport\u00e1l\u00e1st\u00f3l. Amikor D\u00e1vid meg\u00e9rkezett Ny\u00edregyh\u00e1za v\u00e1ros\u00e1ba, felvette a s\u00e1rga csillagot, mert a v\u00e1rosban sokan tudt\u00e1k, hogy ki \u0151. A beh\u00edv\u00f3levelet a zseb\u00e9ben hordta. Ny\u00edregyh\u00e1z\u00e1r\u00f3l folytatta \u00fatj\u00e1t sz\u00fcl\u0151faluj\u00e1ba, Vencsell\u0151re, \u00e9s eljutott sz\u00fclei h\u00e1z\u00e1ba.<\/p>\n<p>D\u00e1vid sz\u00fclei egyenesen elutas\u00edtott\u00e1k az eg\u00e9sz terv\u00e9t, hogy biztons\u00e1gos helyre k\u00f6lt\u00f6zzenek, messze, Nyugat-Magyarorsz\u00e1gra. G\u00fanyosan megdorg\u00e1lt\u00e1k, hogy &#8222;a lengyelek h\u00fclyes\u00e9gekkel t\u00f6mt\u00e9k tele a fej\u00e9t&#8221;, \u00e9s ragaszkodtak hozz\u00e1, hogy nem mennek sehov\u00e1. M\u00e9lys\u00e9gesen csal\u00f3dottan \u00e9s teljes k\u00e9ts\u00e9gbees\u00e9sben D\u00e1vid r\u00e1j\u00f6tt, hogy \u0151, mint a fiuk, tehetetlen abban, hogy megmentse a sz\u00fcleit a r\u00e1juk v\u00e1r\u00f3 keserves sorst\u00f3l. Teljesen elvetett\u00e9k a bujk\u00e1l\u00e1s gondolat\u00e1t.<\/p>\n<p>Ekkor D\u00e1vid elhat\u00e1rozta, hogy minden tud\u00e1s\u00e1t latba veti: az elk\u00f6vetkez\u0151 napokban a k\u00f6zeli v\u00e1rosban gett\u00f3t alak\u00edtanak ki, \u00e9s minden zsid\u00f3t bezs\u00fafolnak oda. A sz\u00fclei ezt sem voltak hajland\u00f3k elhinni. D\u00e1vid \u00f6sszet\u00f6rt sz\u00edvvel ismerte be a veres\u00e9get, \u00e9s belet\u00f6r\u0151d\u00f6tt a sors\u00e1ba. N\u00e9h\u00e1ny napon bel\u00fcl a sz\u00fclei a saj\u00e1t szem\u00fckkel gy\u0151z\u0151dhettek meg arr\u00f3l, hogy egyetlen fiuk igazat mondott, \u00e9s csak a javukat akarta. Ez a gondolat m\u00e9g jobban f\u00e1jt D\u00e1vid sz\u00edv\u00e9nek.<\/p>\n<p>Az esem\u00e9nyek gyorsan kibontakoztak. \u00c1prilis 16-\u00e1n D\u00e1vid \u00e9desapj\u00e1t, Gr\u00fcnwald J\u00f3zsefet a falusi tan\u00e1cs \u00e9p\u00fclet\u00e9be id\u00e9zt\u00e9k, \u00e9s feles\u00e9g\u00e9vel egy\u00fctt felsz\u00f3l\u00edtott\u00e1k, hogy hagyj\u00e1k el otthonukat. Amikor visszat\u00e9rt a h\u00e1z\u00e1ba, az ajt\u00f3ban m\u00e1r pusk\u00e1kkal felfegyverzett fiatalemberek \u00e1lltak. A csend\u0151r\u00f6k n\u00e9h\u00e1ny perc m\u00falva megjelentek, kifosztott\u00e1k a h\u00e1zasp\u00e1r minden \u00e9rt\u00e9k\u00e9t, \u00e9s D\u00e1vid sz\u00fcleit a ny\u00edregyh\u00e1zi gett\u00f3ba vitt\u00e9k. D\u00e1vid l\u00e1tta a d\u00f6bbent \u00e9s elk\u00e9pedt sz\u00fcleit, \u00e9s megszakadt a sz\u00edve a gy\u00e1szt\u00f3l, hogy nem tudta megmenteni \u0151ket. \u00d6sszeszedte az erej\u00e9t, \u00e9s elhat\u00e1rozta, hogy \u00fajra megpr\u00f3b\u00e1lja. Nem sokkal k\u00e9s\u0151bb megl\u00e1togatta \u0151ket a gett\u00f3ban, egyszer\u0171 parasztruh\u00e1t vitt mag\u00e1val. K\u00f6ny\u00f6rg\u00f6tt nekik, hogy vegy\u00e9k fel a ruh\u00e1t, \u00e9s k\u00f6vess\u00e9k \u0151t a gett\u00f3b\u00f3l. A sz\u00fclei elutas\u00edtott\u00e1k ezt a javaslatot, \u00e9s \u0151r\u00fcltnek nevezt\u00e9k a fiukat.<\/p>\n<p>Sz\u00fclei e v\u00e1lasza jelezte D\u00e1vid sz\u00e1m\u00e1ra a magyar zsid\u00f3s\u00e1got s\u00fajt\u00f3 trag\u00e9dia m\u00e9lys\u00e9g\u00e9t, amely m\u00e9g a gondolat\u00e1t sem volt hajland\u00f3 felfogni a r\u00e1juk leselked\u0151 vesz\u00e9ly nagys\u00e1g\u00e1nak, m\u00e9g akkor sem, amikor a szakad\u00e9k sz\u00e9l\u00e9n \u00e1lltak. M\u00e9g egy olyan f\u00e9lelmetes helyen is, mint a gett\u00f3, nem voltak hajland\u00f3k bel\u00e1tni a val\u00f3s\u00e1guk igazs\u00e1g\u00e1t, mert arra tan\u00edtott\u00e1k \u0151ket, hogy b\u00edzzanak a hat\u00f3s\u00e1gokban. Ahogyan D\u00e1vid sz\u00fclei azt hitt\u00e9k, hogy a gett\u00f3ban t\u00fal\u00e9lhetnek, a zsid\u00f3k szerte Magyarorsz\u00e1gon ugyan\u00edgy becsapt\u00e1k magukat. A gett\u00f3ban a zsid\u00f3k tov\u00e1bbra is azt hitt\u00e9k, hogy csup\u00e1n ideiglenesen evaku\u00e1lt\u00e1k \u0151ket a falujukb\u00f3l, \u00e9s csak addig maradnak a gett\u00f3kban, am\u00edg a h\u00e1bor\u00fa v\u00e9get nem \u00e9r.<\/p>\n<p>Mik\u00f6zben D\u00e1vid a sz\u00fcleit pr\u00f3b\u00e1lta meggy\u0151zni, Budapestr\u0151l egy fiatalember \u00e9rkezett, aki szint\u00e9n CIEM-tag volt, \u00faj, teljes, t\u00f6k\u00e9letesen hamis\u00edtott okm\u00e1nyokkal, megsz\u00f6khessen onnan. Amikor D\u00e1vid \u00e9desanyja megtudta, hogy el akar sz\u00f6kni a gett\u00f3b\u00f3l, s\u00edrva fakadt, \u00e9s k\u00f6ny\u00f6rg\u00f6tt neki, hogy ne hagyja el \u0151ket. D\u00e1vid el\u00e9gette a pap\u00edrokat, amelyek megmenthett\u00e9k volna \u0151t. K\u00f6zben a gett\u00f3parancsnokok bejelentett\u00e9k, hogy mindenkinek, aki beh\u00edv\u00f3t kapott katonai munkaszolg\u00e1latos egys\u00e9gbe, el kell hagynia a gett\u00f3t. Ennek a parancsnak eleget t\u00e9ve D\u00e1vid m\u00e1jus 2-\u00e1n elhagyta a gett\u00f3t, \u00e9s bar\u00e1taival Kass\u00e1ra utazott. Ekkor l\u00e1tta utolj\u00e1ra sz\u00fcleit, akiket a gett\u00f3b\u00f3l Auschwitzba sz\u00e1ll\u00edtottak.<\/p>\n<p>&nbsp;<\/p>\n<p>Ezt a t\u00f6rt\u00e9netet Gr\u00fcnwald D\u00e1vid jegyezte fel, \u00e9s a debreceni zsid\u00f3 gimn\u00e1ziumban tan\u00e1r\u00e1nak, Dr. Moshe Eliahu (L\u00e1szl\u00f3) Gond\u00e1nak mes\u00e9lte el.<\/p>\n","protected":false},"excerpt":{"rendered":"<p>1944 \u00e1prilis\u00e1nak m\u00e1sodik fel\u00e9ben a magyar katonai rezsim \u00fajabb toborz\u00e1st rendelt el a munkaszolg\u00e1latos egys\u00e9gekbe. D\u00e1vid \u00e1prilis 16-\u00e1n kapta meg a beh\u00edv\u00f3j\u00e1t. Simon Levi \u00e1tadott D\u00e1vidnak egy k\u00f6teg hamis szem\u00e9lyazonoss\u00e1gi pap\u00edrt, \u00e9s k\u00f6z\u00f6lte vele, hogy tal\u00e1lt egy b\u00fav\u00f3helyet D\u00e1vid sz\u00fcleinek egy nyugat-magyarorsz\u00e1gi tany\u00e1n, a Duna t\u00faloldal\u00e1n. D\u00e1vid fogta a hamis pap\u00edrokat, \u00e9s elment a sz\u00fclei [&hellip;]<\/p>\n","protected":false},"author":2,"featured_media":0,"parent":4702,"menu_order":20,"comment_status":"closed","ping_status":"closed","template":"","meta":{"_acf_changed":false,"footnotes":""},"class_list":["post-4768","page","type-page","status-publish","hentry"],"acf":[],"yoast_head":"<!-- This site is optimized with the Yoast SEO plugin v27.3 - https:\/\/yoast.com\/product\/yoast-seo-wordpress\/ -->\n<title>Gr\u00fcnwald D\u00e1vid (&quot;Coca&quot;) \u00e9s sz\u00fclei - \u05d4\u05e2\u05de\u05d5\u05ea\u05d4 \u05dc\u05d7\u05e7\u05e8 \u05ea\u05e0\u05d5\u05e2\u05d5\u05ea \u05d4\u05e0\u05d5\u05e2\u05e8 \u05d4\u05e6\u05d9\u05d5\u05e0\u05d9\u05d5\u05ea \u05d1\u05d4\u05d5\u05e0\u05d2\u05e8\u05d9\u05d4<\/title>\n<meta name=\"robots\" content=\"index, follow, max-snippet:-1, max-image-preview:large, max-video-preview:-1\" \/>\n<link rel=\"canonical\" href=\"https:\/\/machteret1944.org\/hu\/kuldetesek\/grunwald-david-coca-es-szulei\/\" \/>\n<meta property=\"og:locale\" content=\"hu_HU\" \/>\n<meta property=\"og:type\" content=\"article\" \/>\n<meta property=\"og:title\" content=\"Gr\u00fcnwald D\u00e1vid (&quot;Coca&quot;) \u00e9s sz\u00fclei - \u05d4\u05e2\u05de\u05d5\u05ea\u05d4 \u05dc\u05d7\u05e7\u05e8 \u05ea\u05e0\u05d5\u05e2\u05d5\u05ea \u05d4\u05e0\u05d5\u05e2\u05e8 \u05d4\u05e6\u05d9\u05d5\u05e0\u05d9\u05d5\u05ea \u05d1\u05d4\u05d5\u05e0\u05d2\u05e8\u05d9\u05d4\" \/>\n<meta property=\"og:description\" content=\"1944 \u00e1prilis\u00e1nak m\u00e1sodik fel\u00e9ben a magyar katonai rezsim \u00fajabb toborz\u00e1st rendelt el a munkaszolg\u00e1latos egys\u00e9gekbe. D\u00e1vid \u00e1prilis 16-\u00e1n kapta meg a beh\u00edv\u00f3j\u00e1t. Simon Levi \u00e1tadott D\u00e1vidnak egy k\u00f6teg hamis szem\u00e9lyazonoss\u00e1gi pap\u00edrt, \u00e9s k\u00f6z\u00f6lte vele, hogy tal\u00e1lt egy b\u00fav\u00f3helyet D\u00e1vid sz\u00fcleinek egy nyugat-magyarorsz\u00e1gi tany\u00e1n, a Duna t\u00faloldal\u00e1n. D\u00e1vid fogta a hamis pap\u00edrokat, \u00e9s elment a sz\u00fclei [&hellip;]\" \/>\n<meta property=\"og:url\" content=\"https:\/\/machteret1944.org\/hu\/kuldetesek\/grunwald-david-coca-es-szulei\/\" \/>\n<meta property=\"og:site_name\" content=\"\u05d4\u05e2\u05de\u05d5\u05ea\u05d4 \u05dc\u05d7\u05e7\u05e8 \u05ea\u05e0\u05d5\u05e2\u05d5\u05ea \u05d4\u05e0\u05d5\u05e2\u05e8 \u05d4\u05e6\u05d9\u05d5\u05e0\u05d9\u05d5\u05ea \u05d1\u05d4\u05d5\u05e0\u05d2\u05e8\u05d9\u05d4\" \/>\n<meta property=\"article:modified_time\" content=\"2024-02-12T13:31:03+00:00\" \/>\n<meta name=\"twitter:card\" content=\"summary_large_image\" \/>\n<meta name=\"twitter:label1\" content=\"Becs\u00fclt olvas\u00e1si id\u0151\" \/>\n\t<meta name=\"twitter:data1\" content=\"3 perc\" \/>\n<script type=\"application\/ld+json\" class=\"yoast-schema-graph\">{\"@context\":\"https:\\\/\\\/schema.org\",\"@graph\":[{\"@type\":\"WebPage\",\"@id\":\"https:\\\/\\\/machteret1944.org\\\/hu\\\/kuldetesek\\\/grunwald-david-coca-es-szulei\\\/\",\"url\":\"https:\\\/\\\/machteret1944.org\\\/hu\\\/kuldetesek\\\/grunwald-david-coca-es-szulei\\\/\",\"name\":\"Gr\u00fcnwald D\u00e1vid (\\\"Coca\\\") \u00e9s sz\u00fclei - \u05d4\u05e2\u05de\u05d5\u05ea\u05d4 \u05dc\u05d7\u05e7\u05e8 \u05ea\u05e0\u05d5\u05e2\u05d5\u05ea \u05d4\u05e0\u05d5\u05e2\u05e8 \u05d4\u05e6\u05d9\u05d5\u05e0\u05d9\u05d5\u05ea \u05d1\u05d4\u05d5\u05e0\u05d2\u05e8\u05d9\u05d4\",\"isPartOf\":{\"@id\":\"https:\\\/\\\/machteret1944.org\\\/hu\\\/#website\"},\"datePublished\":\"2022-02-27T09:19:22+00:00\",\"dateModified\":\"2024-02-12T13:31:03+00:00\",\"breadcrumb\":{\"@id\":\"https:\\\/\\\/machteret1944.org\\\/hu\\\/kuldetesek\\\/grunwald-david-coca-es-szulei\\\/#breadcrumb\"},\"inLanguage\":\"hu\",\"potentialAction\":[{\"@type\":\"ReadAction\",\"target\":[\"https:\\\/\\\/machteret1944.org\\\/hu\\\/kuldetesek\\\/grunwald-david-coca-es-szulei\\\/\"]}]},{\"@type\":\"BreadcrumbList\",\"@id\":\"https:\\\/\\\/machteret1944.org\\\/hu\\\/kuldetesek\\\/grunwald-david-coca-es-szulei\\\/#breadcrumb\",\"itemListElement\":[{\"@type\":\"ListItem\",\"position\":1,\"name\":\"Kezd\u0151lap\",\"item\":\"https:\\\/\\\/machteret1944.org\\\/hu\\\/\"},{\"@type\":\"ListItem\",\"position\":2,\"name\":\"K\u00fcldet\u00e9sek\",\"item\":\"https:\\\/\\\/machteret1944.org\\\/hu\\\/kuldetesek\\\/\"},{\"@type\":\"ListItem\",\"position\":3,\"name\":\"Gr\u00fcnwald D\u00e1vid (&quot;Coca&quot;) \u00e9s sz\u00fclei\"}]},{\"@type\":\"WebSite\",\"@id\":\"https:\\\/\\\/machteret1944.org\\\/hu\\\/#website\",\"url\":\"https:\\\/\\\/machteret1944.org\\\/hu\\\/\",\"name\":\"\u05d4\u05e2\u05de\u05d5\u05ea\u05d4 \u05dc\u05d7\u05e7\u05e8 \u05ea\u05e0\u05d5\u05e2\u05d5\u05ea \u05d4\u05e0\u05d5\u05e2\u05e8 \u05d4\u05e6\u05d9\u05d5\u05e0\u05d9\u05d5\u05ea \u05d1\u05d4\u05d5\u05e0\u05d2\u05e8\u05d9\u05d4\",\"description\":\"\u05d4\u05e2\u05de\u05d5\u05ea\u05d4 \u05dc\u05d7\u05e7\u05e8 \u05ea\u05e0\u05d5\u05e2\u05d5\u05ea \u05d4\u05e0\u05d5\u05e2\u05e8 \u05d4\u05e6\u05d9\u05d5\u05e0\u05d9\u05d5\u05ea \u05d1\u05d4\u05d5\u05e0\u05d2\u05e8\u05d9\u05d4\",\"publisher\":{\"@id\":\"https:\\\/\\\/machteret1944.org\\\/hu\\\/#organization\"},\"potentialAction\":[{\"@type\":\"SearchAction\",\"target\":{\"@type\":\"EntryPoint\",\"urlTemplate\":\"https:\\\/\\\/machteret1944.org\\\/hu\\\/?s={search_term_string}\"},\"query-input\":{\"@type\":\"PropertyValueSpecification\",\"valueRequired\":true,\"valueName\":\"search_term_string\"}}],\"inLanguage\":\"hu\"},{\"@type\":\"Organization\",\"@id\":\"https:\\\/\\\/machteret1944.org\\\/hu\\\/#organization\",\"name\":\"\u05d4\u05e2\u05de\u05d5\u05ea\u05d4 \u05dc\u05d7\u05e7\u05e8 \u05ea\u05e0\u05d5\u05e2\u05d5\u05ea \u05d4\u05e0\u05d5\u05e2\u05e8 \u05d4\u05e6\u05d9\u05d5\u05e0\u05d9\u05d5\u05ea \u05d1\u05d4\u05d5\u05e0\u05d2\u05e8\u05d9\u05d4\",\"url\":\"https:\\\/\\\/machteret1944.org\\\/hu\\\/\",\"logo\":{\"@type\":\"ImageObject\",\"inLanguage\":\"hu\",\"@id\":\"https:\\\/\\\/machteret1944.org\\\/hu\\\/#\\\/schema\\\/logo\\\/image\\\/\",\"url\":\"https:\\\/\\\/machteret1944.org\\\/wp-content\\\/uploads\\\/2020\\\/12\\\/\u05dc\u05d5\u05d2\u05d5-\u05dc\u05e2\u05de\u05d5\u05ea\u05d4.png\",\"contentUrl\":\"https:\\\/\\\/machteret1944.org\\\/wp-content\\\/uploads\\\/2020\\\/12\\\/\u05dc\u05d5\u05d2\u05d5-\u05dc\u05e2\u05de\u05d5\u05ea\u05d4.png\",\"width\":841,\"height\":290,\"caption\":\"\u05d4\u05e2\u05de\u05d5\u05ea\u05d4 \u05dc\u05d7\u05e7\u05e8 \u05ea\u05e0\u05d5\u05e2\u05d5\u05ea \u05d4\u05e0\u05d5\u05e2\u05e8 \u05d4\u05e6\u05d9\u05d5\u05e0\u05d9\u05d5\u05ea \u05d1\u05d4\u05d5\u05e0\u05d2\u05e8\u05d9\u05d4\"},\"image\":{\"@id\":\"https:\\\/\\\/machteret1944.org\\\/hu\\\/#\\\/schema\\\/logo\\\/image\\\/\"}}]}<\/script>\n<!-- \/ Yoast SEO plugin. -->","yoast_head_json":{"title":"Gr\u00fcnwald D\u00e1vid (\"Coca\") \u00e9s sz\u00fclei - \u05d4\u05e2\u05de\u05d5\u05ea\u05d4 \u05dc\u05d7\u05e7\u05e8 \u05ea\u05e0\u05d5\u05e2\u05d5\u05ea \u05d4\u05e0\u05d5\u05e2\u05e8 \u05d4\u05e6\u05d9\u05d5\u05e0\u05d9\u05d5\u05ea \u05d1\u05d4\u05d5\u05e0\u05d2\u05e8\u05d9\u05d4","robots":{"index":"index","follow":"follow","max-snippet":"max-snippet:-1","max-image-preview":"max-image-preview:large","max-video-preview":"max-video-preview:-1"},"canonical":"https:\/\/machteret1944.org\/hu\/kuldetesek\/grunwald-david-coca-es-szulei\/","og_locale":"hu_HU","og_type":"article","og_title":"Gr\u00fcnwald D\u00e1vid (\"Coca\") \u00e9s sz\u00fclei - \u05d4\u05e2\u05de\u05d5\u05ea\u05d4 \u05dc\u05d7\u05e7\u05e8 \u05ea\u05e0\u05d5\u05e2\u05d5\u05ea \u05d4\u05e0\u05d5\u05e2\u05e8 \u05d4\u05e6\u05d9\u05d5\u05e0\u05d9\u05d5\u05ea \u05d1\u05d4\u05d5\u05e0\u05d2\u05e8\u05d9\u05d4","og_description":"1944 \u00e1prilis\u00e1nak m\u00e1sodik fel\u00e9ben a magyar katonai rezsim \u00fajabb toborz\u00e1st rendelt el a munkaszolg\u00e1latos egys\u00e9gekbe. D\u00e1vid \u00e1prilis 16-\u00e1n kapta meg a beh\u00edv\u00f3j\u00e1t. Simon Levi \u00e1tadott D\u00e1vidnak egy k\u00f6teg hamis szem\u00e9lyazonoss\u00e1gi pap\u00edrt, \u00e9s k\u00f6z\u00f6lte vele, hogy tal\u00e1lt egy b\u00fav\u00f3helyet D\u00e1vid sz\u00fcleinek egy nyugat-magyarorsz\u00e1gi tany\u00e1n, a Duna t\u00faloldal\u00e1n. D\u00e1vid fogta a hamis pap\u00edrokat, \u00e9s elment a sz\u00fclei [&hellip;]","og_url":"https:\/\/machteret1944.org\/hu\/kuldetesek\/grunwald-david-coca-es-szulei\/","og_site_name":"\u05d4\u05e2\u05de\u05d5\u05ea\u05d4 \u05dc\u05d7\u05e7\u05e8 \u05ea\u05e0\u05d5\u05e2\u05d5\u05ea \u05d4\u05e0\u05d5\u05e2\u05e8 \u05d4\u05e6\u05d9\u05d5\u05e0\u05d9\u05d5\u05ea \u05d1\u05d4\u05d5\u05e0\u05d2\u05e8\u05d9\u05d4","article_modified_time":"2024-02-12T13:31:03+00:00","twitter_card":"summary_large_image","twitter_misc":{"Becs\u00fclt olvas\u00e1si id\u0151":"3 perc"},"schema":{"@context":"https:\/\/schema.org","@graph":[{"@type":"WebPage","@id":"https:\/\/machteret1944.org\/hu\/kuldetesek\/grunwald-david-coca-es-szulei\/","url":"https:\/\/machteret1944.org\/hu\/kuldetesek\/grunwald-david-coca-es-szulei\/","name":"Gr\u00fcnwald D\u00e1vid (\"Coca\") \u00e9s sz\u00fclei - \u05d4\u05e2\u05de\u05d5\u05ea\u05d4 \u05dc\u05d7\u05e7\u05e8 \u05ea\u05e0\u05d5\u05e2\u05d5\u05ea \u05d4\u05e0\u05d5\u05e2\u05e8 \u05d4\u05e6\u05d9\u05d5\u05e0\u05d9\u05d5\u05ea \u05d1\u05d4\u05d5\u05e0\u05d2\u05e8\u05d9\u05d4","isPartOf":{"@id":"https:\/\/machteret1944.org\/hu\/#website"},"datePublished":"2022-02-27T09:19:22+00:00","dateModified":"2024-02-12T13:31:03+00:00","breadcrumb":{"@id":"https:\/\/machteret1944.org\/hu\/kuldetesek\/grunwald-david-coca-es-szulei\/#breadcrumb"},"inLanguage":"hu","potentialAction":[{"@type":"ReadAction","target":["https:\/\/machteret1944.org\/hu\/kuldetesek\/grunwald-david-coca-es-szulei\/"]}]},{"@type":"BreadcrumbList","@id":"https:\/\/machteret1944.org\/hu\/kuldetesek\/grunwald-david-coca-es-szulei\/#breadcrumb","itemListElement":[{"@type":"ListItem","position":1,"name":"Kezd\u0151lap","item":"https:\/\/machteret1944.org\/hu\/"},{"@type":"ListItem","position":2,"name":"K\u00fcldet\u00e9sek","item":"https:\/\/machteret1944.org\/hu\/kuldetesek\/"},{"@type":"ListItem","position":3,"name":"Gr\u00fcnwald D\u00e1vid (&quot;Coca&quot;) \u00e9s sz\u00fclei"}]},{"@type":"WebSite","@id":"https:\/\/machteret1944.org\/hu\/#website","url":"https:\/\/machteret1944.org\/hu\/","name":"\u05d4\u05e2\u05de\u05d5\u05ea\u05d4 \u05dc\u05d7\u05e7\u05e8 \u05ea\u05e0\u05d5\u05e2\u05d5\u05ea \u05d4\u05e0\u05d5\u05e2\u05e8 \u05d4\u05e6\u05d9\u05d5\u05e0\u05d9\u05d5\u05ea \u05d1\u05d4\u05d5\u05e0\u05d2\u05e8\u05d9\u05d4","description":"\u05d4\u05e2\u05de\u05d5\u05ea\u05d4 \u05dc\u05d7\u05e7\u05e8 \u05ea\u05e0\u05d5\u05e2\u05d5\u05ea \u05d4\u05e0\u05d5\u05e2\u05e8 \u05d4\u05e6\u05d9\u05d5\u05e0\u05d9\u05d5\u05ea \u05d1\u05d4\u05d5\u05e0\u05d2\u05e8\u05d9\u05d4","publisher":{"@id":"https:\/\/machteret1944.org\/hu\/#organization"},"potentialAction":[{"@type":"SearchAction","target":{"@type":"EntryPoint","urlTemplate":"https:\/\/machteret1944.org\/hu\/?s={search_term_string}"},"query-input":{"@type":"PropertyValueSpecification","valueRequired":true,"valueName":"search_term_string"}}],"inLanguage":"hu"},{"@type":"Organization","@id":"https:\/\/machteret1944.org\/hu\/#organization","name":"\u05d4\u05e2\u05de\u05d5\u05ea\u05d4 \u05dc\u05d7\u05e7\u05e8 \u05ea\u05e0\u05d5\u05e2\u05d5\u05ea \u05d4\u05e0\u05d5\u05e2\u05e8 \u05d4\u05e6\u05d9\u05d5\u05e0\u05d9\u05d5\u05ea \u05d1\u05d4\u05d5\u05e0\u05d2\u05e8\u05d9\u05d4","url":"https:\/\/machteret1944.org\/hu\/","logo":{"@type":"ImageObject","inLanguage":"hu","@id":"https:\/\/machteret1944.org\/hu\/#\/schema\/logo\/image\/","url":"https:\/\/machteret1944.org\/wp-content\/uploads\/2020\/12\/\u05dc\u05d5\u05d2\u05d5-\u05dc\u05e2\u05de\u05d5\u05ea\u05d4.png","contentUrl":"https:\/\/machteret1944.org\/wp-content\/uploads\/2020\/12\/\u05dc\u05d5\u05d2\u05d5-\u05dc\u05e2\u05de\u05d5\u05ea\u05d4.png","width":841,"height":290,"caption":"\u05d4\u05e2\u05de\u05d5\u05ea\u05d4 \u05dc\u05d7\u05e7\u05e8 \u05ea\u05e0\u05d5\u05e2\u05d5\u05ea \u05d4\u05e0\u05d5\u05e2\u05e8 \u05d4\u05e6\u05d9\u05d5\u05e0\u05d9\u05d5\u05ea \u05d1\u05d4\u05d5\u05e0\u05d2\u05e8\u05d9\u05d4"},"image":{"@id":"https:\/\/machteret1944.org\/hu\/#\/schema\/logo\/image\/"}}]}},"_links":{"self":[{"href":"https:\/\/machteret1944.org\/hu\/wp-json\/wp\/v2\/pages\/4768","targetHints":{"allow":["GET"]}}],"collection":[{"href":"https:\/\/machteret1944.org\/hu\/wp-json\/wp\/v2\/pages"}],"about":[{"href":"https:\/\/machteret1944.org\/hu\/wp-json\/wp\/v2\/types\/page"}],"author":[{"embeddable":true,"href":"https:\/\/machteret1944.org\/hu\/wp-json\/wp\/v2\/users\/2"}],"replies":[{"embeddable":true,"href":"https:\/\/machteret1944.org\/hu\/wp-json\/wp\/v2\/comments?post=4768"}],"version-history":[{"count":1,"href":"https:\/\/machteret1944.org\/hu\/wp-json\/wp\/v2\/pages\/4768\/revisions"}],"predecessor-version":[{"id":4769,"href":"https:\/\/machteret1944.org\/hu\/wp-json\/wp\/v2\/pages\/4768\/revisions\/4769"}],"up":[{"embeddable":true,"href":"https:\/\/machteret1944.org\/hu\/wp-json\/wp\/v2\/pages\/4702"}],"wp:attachment":[{"href":"https:\/\/machteret1944.org\/hu\/wp-json\/wp\/v2\/media?parent=4768"}],"curies":[{"name":"wp","href":"https:\/\/api.w.org\/{rel}","templated":true}]}}