{"id":4770,"date":"2021-02-05T15:51:04","date_gmt":"2021-02-05T15:51:04","guid":{"rendered":"https:\/\/machteret1944.org\/kuldetesek\/the-early-errands\/"},"modified":"2024-03-16T09:15:06","modified_gmt":"2024-03-16T09:15:06","slug":"the-early-errands","status":"publish","type":"page","link":"https:\/\/machteret1944.org\/hu\/kuldetesek\/the-early-errands\/","title":{"rendered":"Az els\u0151 k\u00fcldet\u00e9sek"},"content":{"rendered":"<p><strong>K\u00fcldet\u00e9sek a vid\u00e9ki v\u00e1rosokban az 1944. m\u00e1rcius 19-i n\u00e9met megsz\u00e1ll\u00e1s el\u0151tt.<\/strong><\/p>\n<p>Az ifj\u00fas\u00e1gi mozgalmak m\u00e1r a n\u00e9met hatalom\u00e1tv\u00e9tel el\u0151tt k\u00fcld\u00f6tteket kezdtek el kik\u00fcldeni, hogy figyelmeztess\u00e9k a zsid\u00f3kat a k\u00f6zelg\u0151 vesz\u00e9lyre.<\/p>\n<p>Az 1944. m\u00e1rcius 19-\u00e9t megel\u0151z\u0151 h\u00f3napokban kilenc k\u00fcld\u00f6tt 34 v\u00e1rosba \u00e9s faluba l\u00e1togatott el.<\/p>\n<p>A k\u00fcld\u00f6ttek besz\u00e1mol\u00f3ikban feljegyzik, hogy milyen esem\u00e9ny miatt indultak el a vid\u00e9ki v\u00e1rosok zsid\u00f3 k\u00f6z\u00f6ss\u00e9geihez, hogy elhozz\u00e1k nekik a keser\u0171 h\u00edreket a gett\u00f3k l\u00e9trehoz\u00e1s\u00e1r\u00f3l, a koncentr\u00e1ci\u00f3s t\u00e1borokr\u00f3l \u00e9s a zsid\u00f3k Eur\u00f3pa-szerte zajl\u00f3 kiirt\u00e1s\u00e1r\u00f3l. A k\u00fcld\u00f6ttek c\u00e9lja az volt, hogy t\u00e1j\u00e9koztass\u00e1k a k\u00f6z\u00f6ss\u00e9geket arr\u00f3l, hogy mi k\u00f6vetkezik. A mozgalmak k\u00f6z\u00f6tti tal\u00e1lkoz\u00f3t 1943 nyar\u00e1n tartott\u00e1k Csilleb\u00e9rcen, Budapest egyik dombvid\u00e9ki k\u00fclv\u00e1ros\u00e1ban. A tagok el\u0151ad\u00e1sokat hallgattak meg a zsid\u00f3k helyzet\u00e9r\u0151l a k\u00f6rnyez\u0151 orsz\u00e1gokban, a zsid\u00f3k kiirt\u00e1s\u00e1nak kezdet\u00e9r\u0151l. A Hanoar Hatzioni tagjait a mozgalom balatonbogl\u00e1ri t\u00e9li t\u00e1bor\u00e1ban 1943 december\u00e9ben szerzett tapasztalatok sarkallt\u00e1k cselekv\u00e9sre. Ott tal\u00e1lkoztak a Hanoar Hatzioni tagjainak olyan csoportjaival, akiknek siker\u00fclt elmenek\u00fclni\u00fck a n\u00e9metek karmai k\u00f6z\u00fcl Szil\u00e9zi\u00e1ban. A szil\u00e9ziai csoport hosszasan besz\u00e9lgetett a t\u00e1bor r\u00e9sztvev\u0151ivel, elmagyar\u00e1zva, mi t\u00f6rt\u00e9nt a zsid\u00f3kkal a gett\u00f3kban, a szisztematikus \u00fcld\u00f6ztet\u00e9s, a zsid\u00f3k elleni megsemmis\u00edt\u00e9si folyamat Lengyelorsz\u00e1g m\u00e1s r\u00e9szein. Besz\u00e9ltek a vars\u00f3i gett\u00f3ban \u00e9s m\u00e1s lengyelorsz\u00e1gi v\u00e1rosokban kifejtett ellen\u00e1ll\u00e1sr\u00f3l is. Ebben a t\u00e1borban a magyar ifj\u00fas\u00e1gi csoport tagjai megtanult\u00e1k a k\u00e9zifegyverek haszn\u00e1lat\u00e1t is.<\/p>\n<p>Az ifj\u00fas\u00e1gi csoport tagjait m\u00e9lyen megr\u00e1zt\u00e1k a hallottak, \u00e9s minden erej\u00fckkel azon voltak, hogy tegyenek a magyar zsid\u00f3s\u00e1g megment\u00e9s\u00e9\u00e9rt. \u00d6nk\u00e9nt jelentkeztek, hogy elmondj\u00e1k a hallottakat a zsid\u00f3 k\u00f6z\u00f6ss\u00e9geknek, mert az a meggy\u0151z\u0151d\u00e9s vez\u00e9relte \u0151ket, hogy m\u00e1sokat is t\u00e1j\u00e9koztatni kell a t\u00f6rt\u00e9ntekr\u0151l. A k\u00f6z\u00f6ss\u00e9gi vezet\u0151kkel \u00e9s k\u00f6z\u00e9leti szem\u00e9lyis\u00e9gekkel val\u00f3 tal\u00e1lkoz\u00e1saik sor\u00e1n a v\u00e1laszok igen v\u00e1ltozatosak voltak: udvarias meghallgat\u00e1s, meg\u00e9rt\u00e9s \u00e9s egyet\u00e9rt\u00e9s, a hitetlenked\u00e9s, a tagad\u00e1s, s\u0151t a felh\u00e1borod\u00e1s kifejez\u00e9se a &#8222;felel\u0151tlen fiatalok&#8221; miatt, akik usz\u00edtanak \u00e9s megzavarj\u00e1k a k\u00f6z\u00f6ss\u00e9gek b\u00e9k\u00e9j\u00e9t \u00e9s j\u00f3szomsz\u00e9di viszonyukat a nem zsid\u00f3 lakoss\u00e1ggal \u00e9s a helyi hat\u00f3s\u00e1gokkal. Voltak olyan esetek is, amikor azonnali t\u00e1voz\u00e1sra sz\u00f3l\u00edtottak fel, \u00e9s azzal fenyegettek, hogy t\u00e1j\u00e9koztatj\u00e1k a hat\u00f3s\u00e1gokat a fiatalok tev\u00e9kenys\u00e9g\u00e9r\u0151l.<\/p>\n<p>Ezeket a le\u00edr\u00e1sokat \u00e9s tan\u00favallom\u00e1sokat olvasva ma m\u00e1r lehetetlen nem csod\u00e1lkozni az \u00f6nk\u00e9ntess\u00e9gen; az ifj\u00fas\u00e1gi mozgalom tagjainak \u00e9s \u00f6regdi\u00e1kjainak elk\u00f6telezetts\u00e9g\u00e9n; \u00e9s azon a h\u00e1l\u00e1tlan pr\u00f3b\u00e1lkoz\u00e1sukon, hogy a keser\u0171 h\u00edreket eljuttass\u00e1k a vid\u00e9ki v\u00e1rosok \u00f6nel\u00e9g\u00fclt zsid\u00f3 k\u00f6z\u00f6ss\u00e9geihez. A h\u0171v\u00f6s \u00e9s ellens\u00e9ges fogadtat\u00e1s ellen\u00e9re a legt\u00f6bb k\u00fcld\u00f6tt nem adta fel a pr\u00f3b\u00e1lkoz\u00e1st.<\/p>\n","protected":false},"excerpt":{"rendered":"<p>K\u00fcldet\u00e9sek a vid\u00e9ki v\u00e1rosokban az 1944. m\u00e1rcius 19-i n\u00e9met megsz\u00e1ll\u00e1s el\u0151tt. Az ifj\u00fas\u00e1gi mozgalmak m\u00e1r a n\u00e9met hatalom\u00e1tv\u00e9tel el\u0151tt k\u00fcld\u00f6tteket kezdtek el kik\u00fcldeni, hogy figyelmeztess\u00e9k a zsid\u00f3kat a k\u00f6zelg\u0151 vesz\u00e9lyre. Az 1944. m\u00e1rcius 19-\u00e9t megel\u0151z\u0151 h\u00f3napokban kilenc k\u00fcld\u00f6tt 34 v\u00e1rosba \u00e9s faluba l\u00e1togatott el. A k\u00fcld\u00f6ttek besz\u00e1mol\u00f3ikban feljegyzik, hogy milyen esem\u00e9ny miatt indultak el a [&hellip;]<\/p>\n","protected":false},"author":2,"featured_media":0,"parent":4702,"menu_order":1,"comment_status":"closed","ping_status":"closed","template":"","meta":{"_acf_changed":false,"footnotes":""},"class_list":["post-4770","page","type-page","status-publish","hentry"],"acf":[],"yoast_head":"<!-- This site is optimized with the Yoast SEO plugin v27.4 - https:\/\/yoast.com\/product\/yoast-seo-wordpress\/ -->\n<title>Az els\u0151 k\u00fcldet\u00e9sek - \u05d4\u05e2\u05de\u05d5\u05ea\u05d4 \u05dc\u05d7\u05e7\u05e8 \u05ea\u05e0\u05d5\u05e2\u05d5\u05ea \u05d4\u05e0\u05d5\u05e2\u05e8 \u05d4\u05e6\u05d9\u05d5\u05e0\u05d9\u05d5\u05ea \u05d1\u05d4\u05d5\u05e0\u05d2\u05e8\u05d9\u05d4<\/title>\n<meta name=\"robots\" content=\"index, follow, max-snippet:-1, max-image-preview:large, max-video-preview:-1\" \/>\n<link rel=\"canonical\" href=\"https:\/\/machteret1944.org\/hu\/kuldetesek\/the-early-errands\/\" \/>\n<meta property=\"og:locale\" content=\"hu_HU\" \/>\n<meta property=\"og:type\" content=\"article\" \/>\n<meta property=\"og:title\" content=\"Az els\u0151 k\u00fcldet\u00e9sek - \u05d4\u05e2\u05de\u05d5\u05ea\u05d4 \u05dc\u05d7\u05e7\u05e8 \u05ea\u05e0\u05d5\u05e2\u05d5\u05ea \u05d4\u05e0\u05d5\u05e2\u05e8 \u05d4\u05e6\u05d9\u05d5\u05e0\u05d9\u05d5\u05ea \u05d1\u05d4\u05d5\u05e0\u05d2\u05e8\u05d9\u05d4\" \/>\n<meta property=\"og:description\" content=\"K\u00fcldet\u00e9sek a vid\u00e9ki v\u00e1rosokban az 1944. m\u00e1rcius 19-i n\u00e9met megsz\u00e1ll\u00e1s el\u0151tt. Az ifj\u00fas\u00e1gi mozgalmak m\u00e1r a n\u00e9met hatalom\u00e1tv\u00e9tel el\u0151tt k\u00fcld\u00f6tteket kezdtek el kik\u00fcldeni, hogy figyelmeztess\u00e9k a zsid\u00f3kat a k\u00f6zelg\u0151 vesz\u00e9lyre. Az 1944. m\u00e1rcius 19-\u00e9t megel\u0151z\u0151 h\u00f3napokban kilenc k\u00fcld\u00f6tt 34 v\u00e1rosba \u00e9s faluba l\u00e1togatott el. A k\u00fcld\u00f6ttek besz\u00e1mol\u00f3ikban feljegyzik, hogy milyen esem\u00e9ny miatt indultak el a [&hellip;]\" \/>\n<meta property=\"og:url\" content=\"https:\/\/machteret1944.org\/hu\/kuldetesek\/the-early-errands\/\" \/>\n<meta property=\"og:site_name\" content=\"\u05d4\u05e2\u05de\u05d5\u05ea\u05d4 \u05dc\u05d7\u05e7\u05e8 \u05ea\u05e0\u05d5\u05e2\u05d5\u05ea \u05d4\u05e0\u05d5\u05e2\u05e8 \u05d4\u05e6\u05d9\u05d5\u05e0\u05d9\u05d5\u05ea \u05d1\u05d4\u05d5\u05e0\u05d2\u05e8\u05d9\u05d4\" \/>\n<meta property=\"article:modified_time\" content=\"2024-03-16T09:15:06+00:00\" \/>\n<meta name=\"twitter:card\" content=\"summary_large_image\" \/>\n<meta name=\"twitter:label1\" content=\"Becs\u00fclt olvas\u00e1si id\u0151\" \/>\n\t<meta name=\"twitter:data1\" content=\"2 perc\" \/>\n<script type=\"application\/ld+json\" class=\"yoast-schema-graph\">{\"@context\":\"https:\\\/\\\/schema.org\",\"@graph\":[{\"@type\":\"WebPage\",\"@id\":\"https:\\\/\\\/machteret1944.org\\\/hu\\\/kuldetesek\\\/the-early-errands\\\/\",\"url\":\"https:\\\/\\\/machteret1944.org\\\/hu\\\/kuldetesek\\\/the-early-errands\\\/\",\"name\":\"Az els\u0151 k\u00fcldet\u00e9sek - \u05d4\u05e2\u05de\u05d5\u05ea\u05d4 \u05dc\u05d7\u05e7\u05e8 \u05ea\u05e0\u05d5\u05e2\u05d5\u05ea \u05d4\u05e0\u05d5\u05e2\u05e8 \u05d4\u05e6\u05d9\u05d5\u05e0\u05d9\u05d5\u05ea \u05d1\u05d4\u05d5\u05e0\u05d2\u05e8\u05d9\u05d4\",\"isPartOf\":{\"@id\":\"https:\\\/\\\/machteret1944.org\\\/hu\\\/#website\"},\"datePublished\":\"2021-02-05T15:51:04+00:00\",\"dateModified\":\"2024-03-16T09:15:06+00:00\",\"breadcrumb\":{\"@id\":\"https:\\\/\\\/machteret1944.org\\\/hu\\\/kuldetesek\\\/the-early-errands\\\/#breadcrumb\"},\"inLanguage\":\"hu\",\"potentialAction\":[{\"@type\":\"ReadAction\",\"target\":[\"https:\\\/\\\/machteret1944.org\\\/hu\\\/kuldetesek\\\/the-early-errands\\\/\"]}]},{\"@type\":\"BreadcrumbList\",\"@id\":\"https:\\\/\\\/machteret1944.org\\\/hu\\\/kuldetesek\\\/the-early-errands\\\/#breadcrumb\",\"itemListElement\":[{\"@type\":\"ListItem\",\"position\":1,\"name\":\"Kezd\u0151lap\",\"item\":\"https:\\\/\\\/machteret1944.org\\\/hu\\\/\"},{\"@type\":\"ListItem\",\"position\":2,\"name\":\"K\u00fcldet\u00e9sek\",\"item\":\"https:\\\/\\\/machteret1944.org\\\/hu\\\/kuldetesek\\\/\"},{\"@type\":\"ListItem\",\"position\":3,\"name\":\"Az els\u0151 k\u00fcldet\u00e9sek\"}]},{\"@type\":\"WebSite\",\"@id\":\"https:\\\/\\\/machteret1944.org\\\/hu\\\/#website\",\"url\":\"https:\\\/\\\/machteret1944.org\\\/hu\\\/\",\"name\":\"\u05d4\u05e2\u05de\u05d5\u05ea\u05d4 \u05dc\u05d7\u05e7\u05e8 \u05ea\u05e0\u05d5\u05e2\u05d5\u05ea \u05d4\u05e0\u05d5\u05e2\u05e8 \u05d4\u05e6\u05d9\u05d5\u05e0\u05d9\u05d5\u05ea \u05d1\u05d4\u05d5\u05e0\u05d2\u05e8\u05d9\u05d4\",\"description\":\"\u05d4\u05e2\u05de\u05d5\u05ea\u05d4 \u05dc\u05d7\u05e7\u05e8 \u05ea\u05e0\u05d5\u05e2\u05d5\u05ea \u05d4\u05e0\u05d5\u05e2\u05e8 \u05d4\u05e6\u05d9\u05d5\u05e0\u05d9\u05d5\u05ea \u05d1\u05d4\u05d5\u05e0\u05d2\u05e8\u05d9\u05d4\",\"publisher\":{\"@id\":\"https:\\\/\\\/machteret1944.org\\\/hu\\\/#organization\"},\"potentialAction\":[{\"@type\":\"SearchAction\",\"target\":{\"@type\":\"EntryPoint\",\"urlTemplate\":\"https:\\\/\\\/machteret1944.org\\\/hu\\\/?s={search_term_string}\"},\"query-input\":{\"@type\":\"PropertyValueSpecification\",\"valueRequired\":true,\"valueName\":\"search_term_string\"}}],\"inLanguage\":\"hu\"},{\"@type\":\"Organization\",\"@id\":\"https:\\\/\\\/machteret1944.org\\\/hu\\\/#organization\",\"name\":\"\u05d4\u05e2\u05de\u05d5\u05ea\u05d4 \u05dc\u05d7\u05e7\u05e8 \u05ea\u05e0\u05d5\u05e2\u05d5\u05ea \u05d4\u05e0\u05d5\u05e2\u05e8 \u05d4\u05e6\u05d9\u05d5\u05e0\u05d9\u05d5\u05ea \u05d1\u05d4\u05d5\u05e0\u05d2\u05e8\u05d9\u05d4\",\"url\":\"https:\\\/\\\/machteret1944.org\\\/hu\\\/\",\"logo\":{\"@type\":\"ImageObject\",\"inLanguage\":\"hu\",\"@id\":\"https:\\\/\\\/machteret1944.org\\\/hu\\\/#\\\/schema\\\/logo\\\/image\\\/\",\"url\":\"https:\\\/\\\/machteret1944.org\\\/wp-content\\\/uploads\\\/2020\\\/12\\\/\u05dc\u05d5\u05d2\u05d5-\u05dc\u05e2\u05de\u05d5\u05ea\u05d4.png\",\"contentUrl\":\"https:\\\/\\\/machteret1944.org\\\/wp-content\\\/uploads\\\/2020\\\/12\\\/\u05dc\u05d5\u05d2\u05d5-\u05dc\u05e2\u05de\u05d5\u05ea\u05d4.png\",\"width\":841,\"height\":290,\"caption\":\"\u05d4\u05e2\u05de\u05d5\u05ea\u05d4 \u05dc\u05d7\u05e7\u05e8 \u05ea\u05e0\u05d5\u05e2\u05d5\u05ea \u05d4\u05e0\u05d5\u05e2\u05e8 \u05d4\u05e6\u05d9\u05d5\u05e0\u05d9\u05d5\u05ea \u05d1\u05d4\u05d5\u05e0\u05d2\u05e8\u05d9\u05d4\"},\"image\":{\"@id\":\"https:\\\/\\\/machteret1944.org\\\/hu\\\/#\\\/schema\\\/logo\\\/image\\\/\"}}]}<\/script>\n<!-- \/ Yoast SEO plugin. -->","yoast_head_json":{"title":"Az els\u0151 k\u00fcldet\u00e9sek - \u05d4\u05e2\u05de\u05d5\u05ea\u05d4 \u05dc\u05d7\u05e7\u05e8 \u05ea\u05e0\u05d5\u05e2\u05d5\u05ea \u05d4\u05e0\u05d5\u05e2\u05e8 \u05d4\u05e6\u05d9\u05d5\u05e0\u05d9\u05d5\u05ea \u05d1\u05d4\u05d5\u05e0\u05d2\u05e8\u05d9\u05d4","robots":{"index":"index","follow":"follow","max-snippet":"max-snippet:-1","max-image-preview":"max-image-preview:large","max-video-preview":"max-video-preview:-1"},"canonical":"https:\/\/machteret1944.org\/hu\/kuldetesek\/the-early-errands\/","og_locale":"hu_HU","og_type":"article","og_title":"Az els\u0151 k\u00fcldet\u00e9sek - \u05d4\u05e2\u05de\u05d5\u05ea\u05d4 \u05dc\u05d7\u05e7\u05e8 \u05ea\u05e0\u05d5\u05e2\u05d5\u05ea \u05d4\u05e0\u05d5\u05e2\u05e8 \u05d4\u05e6\u05d9\u05d5\u05e0\u05d9\u05d5\u05ea \u05d1\u05d4\u05d5\u05e0\u05d2\u05e8\u05d9\u05d4","og_description":"K\u00fcldet\u00e9sek a vid\u00e9ki v\u00e1rosokban az 1944. m\u00e1rcius 19-i n\u00e9met megsz\u00e1ll\u00e1s el\u0151tt. Az ifj\u00fas\u00e1gi mozgalmak m\u00e1r a n\u00e9met hatalom\u00e1tv\u00e9tel el\u0151tt k\u00fcld\u00f6tteket kezdtek el kik\u00fcldeni, hogy figyelmeztess\u00e9k a zsid\u00f3kat a k\u00f6zelg\u0151 vesz\u00e9lyre. Az 1944. m\u00e1rcius 19-\u00e9t megel\u0151z\u0151 h\u00f3napokban kilenc k\u00fcld\u00f6tt 34 v\u00e1rosba \u00e9s faluba l\u00e1togatott el. A k\u00fcld\u00f6ttek besz\u00e1mol\u00f3ikban feljegyzik, hogy milyen esem\u00e9ny miatt indultak el a [&hellip;]","og_url":"https:\/\/machteret1944.org\/hu\/kuldetesek\/the-early-errands\/","og_site_name":"\u05d4\u05e2\u05de\u05d5\u05ea\u05d4 \u05dc\u05d7\u05e7\u05e8 \u05ea\u05e0\u05d5\u05e2\u05d5\u05ea \u05d4\u05e0\u05d5\u05e2\u05e8 \u05d4\u05e6\u05d9\u05d5\u05e0\u05d9\u05d5\u05ea \u05d1\u05d4\u05d5\u05e0\u05d2\u05e8\u05d9\u05d4","article_modified_time":"2024-03-16T09:15:06+00:00","twitter_card":"summary_large_image","twitter_misc":{"Becs\u00fclt olvas\u00e1si id\u0151":"2 perc"},"schema":{"@context":"https:\/\/schema.org","@graph":[{"@type":"WebPage","@id":"https:\/\/machteret1944.org\/hu\/kuldetesek\/the-early-errands\/","url":"https:\/\/machteret1944.org\/hu\/kuldetesek\/the-early-errands\/","name":"Az els\u0151 k\u00fcldet\u00e9sek - \u05d4\u05e2\u05de\u05d5\u05ea\u05d4 \u05dc\u05d7\u05e7\u05e8 \u05ea\u05e0\u05d5\u05e2\u05d5\u05ea \u05d4\u05e0\u05d5\u05e2\u05e8 \u05d4\u05e6\u05d9\u05d5\u05e0\u05d9\u05d5\u05ea \u05d1\u05d4\u05d5\u05e0\u05d2\u05e8\u05d9\u05d4","isPartOf":{"@id":"https:\/\/machteret1944.org\/hu\/#website"},"datePublished":"2021-02-05T15:51:04+00:00","dateModified":"2024-03-16T09:15:06+00:00","breadcrumb":{"@id":"https:\/\/machteret1944.org\/hu\/kuldetesek\/the-early-errands\/#breadcrumb"},"inLanguage":"hu","potentialAction":[{"@type":"ReadAction","target":["https:\/\/machteret1944.org\/hu\/kuldetesek\/the-early-errands\/"]}]},{"@type":"BreadcrumbList","@id":"https:\/\/machteret1944.org\/hu\/kuldetesek\/the-early-errands\/#breadcrumb","itemListElement":[{"@type":"ListItem","position":1,"name":"Kezd\u0151lap","item":"https:\/\/machteret1944.org\/hu\/"},{"@type":"ListItem","position":2,"name":"K\u00fcldet\u00e9sek","item":"https:\/\/machteret1944.org\/hu\/kuldetesek\/"},{"@type":"ListItem","position":3,"name":"Az els\u0151 k\u00fcldet\u00e9sek"}]},{"@type":"WebSite","@id":"https:\/\/machteret1944.org\/hu\/#website","url":"https:\/\/machteret1944.org\/hu\/","name":"\u05d4\u05e2\u05de\u05d5\u05ea\u05d4 \u05dc\u05d7\u05e7\u05e8 \u05ea\u05e0\u05d5\u05e2\u05d5\u05ea \u05d4\u05e0\u05d5\u05e2\u05e8 \u05d4\u05e6\u05d9\u05d5\u05e0\u05d9\u05d5\u05ea \u05d1\u05d4\u05d5\u05e0\u05d2\u05e8\u05d9\u05d4","description":"\u05d4\u05e2\u05de\u05d5\u05ea\u05d4 \u05dc\u05d7\u05e7\u05e8 \u05ea\u05e0\u05d5\u05e2\u05d5\u05ea \u05d4\u05e0\u05d5\u05e2\u05e8 \u05d4\u05e6\u05d9\u05d5\u05e0\u05d9\u05d5\u05ea \u05d1\u05d4\u05d5\u05e0\u05d2\u05e8\u05d9\u05d4","publisher":{"@id":"https:\/\/machteret1944.org\/hu\/#organization"},"potentialAction":[{"@type":"SearchAction","target":{"@type":"EntryPoint","urlTemplate":"https:\/\/machteret1944.org\/hu\/?s={search_term_string}"},"query-input":{"@type":"PropertyValueSpecification","valueRequired":true,"valueName":"search_term_string"}}],"inLanguage":"hu"},{"@type":"Organization","@id":"https:\/\/machteret1944.org\/hu\/#organization","name":"\u05d4\u05e2\u05de\u05d5\u05ea\u05d4 \u05dc\u05d7\u05e7\u05e8 \u05ea\u05e0\u05d5\u05e2\u05d5\u05ea \u05d4\u05e0\u05d5\u05e2\u05e8 \u05d4\u05e6\u05d9\u05d5\u05e0\u05d9\u05d5\u05ea \u05d1\u05d4\u05d5\u05e0\u05d2\u05e8\u05d9\u05d4","url":"https:\/\/machteret1944.org\/hu\/","logo":{"@type":"ImageObject","inLanguage":"hu","@id":"https:\/\/machteret1944.org\/hu\/#\/schema\/logo\/image\/","url":"https:\/\/machteret1944.org\/wp-content\/uploads\/2020\/12\/\u05dc\u05d5\u05d2\u05d5-\u05dc\u05e2\u05de\u05d5\u05ea\u05d4.png","contentUrl":"https:\/\/machteret1944.org\/wp-content\/uploads\/2020\/12\/\u05dc\u05d5\u05d2\u05d5-\u05dc\u05e2\u05de\u05d5\u05ea\u05d4.png","width":841,"height":290,"caption":"\u05d4\u05e2\u05de\u05d5\u05ea\u05d4 \u05dc\u05d7\u05e7\u05e8 \u05ea\u05e0\u05d5\u05e2\u05d5\u05ea \u05d4\u05e0\u05d5\u05e2\u05e8 \u05d4\u05e6\u05d9\u05d5\u05e0\u05d9\u05d5\u05ea \u05d1\u05d4\u05d5\u05e0\u05d2\u05e8\u05d9\u05d4"},"image":{"@id":"https:\/\/machteret1944.org\/hu\/#\/schema\/logo\/image\/"}}]}},"_links":{"self":[{"href":"https:\/\/machteret1944.org\/hu\/wp-json\/wp\/v2\/pages\/4770","targetHints":{"allow":["GET"]}}],"collection":[{"href":"https:\/\/machteret1944.org\/hu\/wp-json\/wp\/v2\/pages"}],"about":[{"href":"https:\/\/machteret1944.org\/hu\/wp-json\/wp\/v2\/types\/page"}],"author":[{"embeddable":true,"href":"https:\/\/machteret1944.org\/hu\/wp-json\/wp\/v2\/users\/2"}],"replies":[{"embeddable":true,"href":"https:\/\/machteret1944.org\/hu\/wp-json\/wp\/v2\/comments?post=4770"}],"version-history":[{"count":2,"href":"https:\/\/machteret1944.org\/hu\/wp-json\/wp\/v2\/pages\/4770\/revisions"}],"predecessor-version":[{"id":4976,"href":"https:\/\/machteret1944.org\/hu\/wp-json\/wp\/v2\/pages\/4770\/revisions\/4976"}],"up":[{"embeddable":true,"href":"https:\/\/machteret1944.org\/hu\/wp-json\/wp\/v2\/pages\/4702"}],"wp:attachment":[{"href":"https:\/\/machteret1944.org\/hu\/wp-json\/wp\/v2\/media?parent=4770"}],"curies":[{"name":"wp","href":"https:\/\/api.w.org\/{rel}","templated":true}]}}