{"id":4772,"date":"2022-02-17T12:24:41","date_gmt":"2022-02-17T12:24:41","guid":{"rendered":"https:\/\/machteret1944.org\/az-elelmiszer-eposz\/two-uncles-that-procured-and-distributed-food\/"},"modified":"2024-03-16T09:20:49","modified_gmt":"2024-03-16T09:20:49","slug":"two-uncles-that-procured-and-distributed-food","status":"publish","type":"page","link":"https:\/\/machteret1944.org\/hu\/az-elelmiszer-eposz\/two-uncles-that-procured-and-distributed-food\/","title":{"rendered":"K\u00e9t &#8222;nagyb\u00e1csi&#8221;, akik \u00e9lelmet szereztek \u00e9s juttattak el a r\u00e1szorul\u00f3knak"},"content":{"rendered":"<p><strong>&#8216;Rudi b\u00e1csi \u00e9s Soml\u00f3 b\u00e1csi&#8217;<\/strong><\/p>\n<p>A gett\u00f3ba zs\u00fafolt budapesti zsid\u00f3k \u00e1llapot\u00e1nak roml\u00e1s\u00e1val megalakult a Etesd a gett\u00f3t akci\u00f3. Tev\u00e9kenys\u00e9ge kiterjedt a gyermekotthonok, majd k\u00e9s\u0151bb \u00e1ltal\u00e1ban a gett\u00f3 sz\u00e1m\u00e1ra sz\u00fcks\u00e9ges felszerel\u00e9sek, \u00e1gyak, matracok, ruh\u00e1k \u00e9s gy\u00f3gyszerek beszerz\u00e9s\u00e9re. A Nemzetk\u00f6zi V\u00f6r\u00f6skereszt A Oszt\u00e1lya orvosi r\u00e9szleg\u00e9nek igazgat\u00f3ja, Dr. Osterweil Koterba elkezdte a v\u00e9szhelyzetekre sz\u00e1nt gy\u00f3gyszerek felhalmoz\u00e1s\u00e1t. A gy\u00f3gyszereket nagy mennyis\u00e9gben a feketepiacon v\u00e1s\u00e1rolt\u00e1k.<\/p>\n<p>A gazdas\u00e1gi oszt\u00e1lyt Hansi Brand, Weiner Zolt\u00e1n \u00e9s Efra Agmon vezette. Weis Rudolf, akit Rudi b\u00e1csinak (Rudi b\u00e1csi) bec\u00e9ztek, az \u00e9lelmiszerek sz\u00e1ll\u00edt\u00e1s\u00e1\u00e9rt felelt. A Budapesti Ment\u0151bizotts\u00e1gnak hatalmas p\u00e9nz\u00f6sszegek \u00e1lltak rendelkez\u00e9s\u00e9re, bels\u0151 zsid\u00f3 k\u00f6z\u00f6ss\u00e9gi forr\u00e1sokb\u00f3l \u00e9s olyan p\u00e9nzekb\u0151l, amelyek augusztus v\u00e9g\u00e9ig fut\u00e1rok \u00fatj\u00e1n \u00e9rkeztek Isztambulb\u00f3l \u00e9s Genfb\u0151l.<\/p>\n<p>Az \u00e9lelmiszer beszerz\u00e9se herkulesi feladat volt. Budapesten vir\u00e1gzott a feketepiac, \u00e9s a f\u00f6ldalatti \u00fcgyn\u00f6k\u00f6k illeg\u00e1lis \u00fczleteket kezdtek k\u00f6tni az \u00e9lelmiszerv\u00e1s\u00e1rl\u00e1s \u00e9rdek\u00e9ben. Ehhez szakembereket toboroztak a budapesti zsid\u00f3 \u00fczletemberek k\u00f6z\u00fcl &#8211; az orsz\u00e1g legnagyobb nagykeresked\u0151i k\u00f6z\u00fcl, akik tudt\u00e1k, hogyan lehet szinte b\u00e1rmit beszerezni, \u00e9s mindezt a V\u00f6r\u00f6skereszt v\u00e9delme alatt. Ezeket az \u00e9lelmiszerbeszerz\u0151ket Soml\u00f3 S\u00e1ndor, becenev\u00e9n Soml\u00f3 b\u00e1csi (Soml\u00f3 b\u00e1csi) vezette.<\/p>\n<p>Soml\u00f3 b\u00e1csi rakt\u00e1rai tele voltak \u00e9lelmiszerekkel, f\u0151leg olyanokkal, amelyek sok\u00e1ig t\u00e1rolhat\u00f3k: h\u00fcvelyesek, liszt, t\u00e9sztaf\u00e9l\u00e9k, konzervek, kem\u00e9ny sajtok stb. Rudi b\u00e1csi a sz\u00e1ll\u00edtm\u00e1nyok nyilv\u00e1ntart\u00e1s\u00e1t int\u00e9zte. Az \u00e9lelmiszereket el\u00e9g gyakran ellopt\u00e1k a nyilasok. Sok esetben az \u00e9lelmiszersz\u00e1ll\u00edt\u00f3 teheraut\u00f3 sof\u0151rjeinek meg kellett vesztegetni\u00fck a nyilasokat az \u00e9lelmiszerek egy r\u00e9sz\u00e9vel, hogy a marad\u00e9kot megmenthess\u00e9k. December v\u00e9g\u00e9n, amikor az orosz hadsereg Budapest k\u00fclv\u00e1ros\u00e1hoz k\u00f6zeledett, a nyilasok, s\u0151t m\u00e9g az SS-ek is hajland\u00f3ak voltak seg\u00edteni az \u00e9lelmiszer-sz\u00e1ll\u00edtm\u00e1nyok \u0151rz\u00e9s\u00e9ben, abban a rem\u00e9nyben, hogy ezzel megmenthetik a saj\u00e1t b\u0151r\u00fcket.<\/p>\n<p>Rudi b\u00e1csi n\u00e9h\u00e1ny list\u00e1ja fennmaradt, \u00e9s jelzi az \u00e9lelmiszerell\u00e1t\u00e1s nagys\u00e1grendj\u00e9t \u00e9s annak szab\u00e1lyoz\u00e1s\u00e1t:<\/p>\n<p>44.11.28. 40 l\u00e1da paradicsomkonzerv &#8211; a gett\u00f3 rakt\u00e1r\u00e1ba.<\/p>\n<p>44.11.30. 14 550 kg liszt &#8211; a gett\u00f3 rakt\u00e1r\u00e1ba.<\/p>\n<p>44.11.30. 500 kg p\u00f3tk\u00e1v\u00e9 &#8211; a gett\u00f3 rakt\u00e1r\u00e1ba.<\/p>\n<p>44.12.03. 4.000 kg bab &#8211; a gett\u00f3 rakt\u00e1r\u00e1ba<\/p>\n<p>44.12.03 2.000 kg bab &#8211; a gett\u00f3 rakt\u00e1r\u00e1ba<\/p>\n<p>44.12.03. K\u00fcl\u00f6nb\u00f6z\u0151 \u00e9lelmiszerek &#8211; a gett\u00f3 rakt\u00e1r\u00e1ba.<\/p>\n<p>44.12.07. 10.000 kg sz\u00e1razt\u00e9szta &#8211; a gett\u00f3 rakt\u00e1r\u00e1ba<\/p>\n<p>44.12.08. 20.000 kg s\u00fct\u0151t\u00f6k &#8211; a gett\u00f3 rakt\u00e1r\u00e1ba<\/p>\n<p>44.12.11. 9.000 kg zabpehely &#8211; a gett\u00f3 rakt\u00e1r\u00e1ba<\/p>\n<p>44.12.13. 500 kg kem\u00e9ny sajt &#8211; a gett\u00f3 rakt\u00e1r\u00e1ba<\/p>\n<p>44.12.15. K\u00fcl\u00f6nf\u00e9le term\u00e9kek &#8211; a gett\u00f3 rakt\u00e1r\u00e1ba<\/p>\n<p>44.12.15. 200 szalmamatrac &#8211; a gett\u00f3 rakt\u00e1r\u00e1ba<\/p>\n<p>44.12.15. 5.000 kg paradicsomkonzerv &#8211; a gett\u00f3 rakt\u00e1r\u00e1ba<\/p>\n<p>44.12.15. 5.000 kg liszt &#8211; a gett\u00f3 rakt\u00e1r\u00e1ba<\/p>\n<p>44.12.15. 10.000 kg liszt &#8211; a Holl\u00f3 utcai p\u00e9ks\u00e9gbe.<\/p>\n<p>44.12.15. 2.000 db j\u00f3 min\u0151s\u00e9g\u0171 sz\u00e9n &#8211; a Hung\u00e1ria k\u00f6r\u00fati id\u0151sek otthon\u00e1ba.<\/p>\n<p>&nbsp;<\/p>\n<p><a href=\"http:\/\/www.gal-ed.co.il\/zfat-shoa\/Info\/hi_show.aspx?id=19516\">http:\/\/www.gal-ed.co.il\/zfat-shoa\/Info\/hi_show.aspx?id=19516<\/a><\/p>\n","protected":false},"excerpt":{"rendered":"<p>&#8216;Rudi b\u00e1csi \u00e9s Soml\u00f3 b\u00e1csi&#8217; A gett\u00f3ba zs\u00fafolt budapesti zsid\u00f3k \u00e1llapot\u00e1nak roml\u00e1s\u00e1val megalakult a Etesd a gett\u00f3t akci\u00f3. Tev\u00e9kenys\u00e9ge kiterjedt a gyermekotthonok, majd k\u00e9s\u0151bb \u00e1ltal\u00e1ban a gett\u00f3 sz\u00e1m\u00e1ra sz\u00fcks\u00e9ges felszerel\u00e9sek, \u00e1gyak, matracok, ruh\u00e1k \u00e9s gy\u00f3gyszerek beszerz\u00e9s\u00e9re. A Nemzetk\u00f6zi V\u00f6r\u00f6skereszt A Oszt\u00e1lya orvosi r\u00e9szleg\u00e9nek igazgat\u00f3ja, Dr. Osterweil Koterba elkezdte a v\u00e9szhelyzetekre sz\u00e1nt gy\u00f3gyszerek felhalmoz\u00e1s\u00e1t. A gy\u00f3gyszereket [&hellip;]<\/p>\n","protected":false},"author":2,"featured_media":0,"parent":4712,"menu_order":4,"comment_status":"closed","ping_status":"closed","template":"","meta":{"_acf_changed":false,"footnotes":""},"class_list":["post-4772","page","type-page","status-publish","hentry"],"acf":[],"yoast_head":"<!-- This site is optimized with the Yoast SEO plugin v27.3 - https:\/\/yoast.com\/product\/yoast-seo-wordpress\/ -->\n<title>K\u00e9t &quot;nagyb\u00e1csi&quot;, akik \u00e9lelmet szereztek \u00e9s juttattak el a r\u00e1szorul\u00f3knak - \u05d4\u05e2\u05de\u05d5\u05ea\u05d4 \u05dc\u05d7\u05e7\u05e8 \u05ea\u05e0\u05d5\u05e2\u05d5\u05ea \u05d4\u05e0\u05d5\u05e2\u05e8 \u05d4\u05e6\u05d9\u05d5\u05e0\u05d9\u05d5\u05ea \u05d1\u05d4\u05d5\u05e0\u05d2\u05e8\u05d9\u05d4<\/title>\n<meta name=\"robots\" content=\"index, follow, max-snippet:-1, max-image-preview:large, max-video-preview:-1\" \/>\n<link rel=\"canonical\" href=\"https:\/\/machteret1944.org\/hu\/az-elelmiszer-eposz\/two-uncles-that-procured-and-distributed-food\/\" \/>\n<meta property=\"og:locale\" content=\"hu_HU\" \/>\n<meta property=\"og:type\" content=\"article\" \/>\n<meta property=\"og:title\" content=\"K\u00e9t &quot;nagyb\u00e1csi&quot;, akik \u00e9lelmet szereztek \u00e9s juttattak el a r\u00e1szorul\u00f3knak - \u05d4\u05e2\u05de\u05d5\u05ea\u05d4 \u05dc\u05d7\u05e7\u05e8 \u05ea\u05e0\u05d5\u05e2\u05d5\u05ea \u05d4\u05e0\u05d5\u05e2\u05e8 \u05d4\u05e6\u05d9\u05d5\u05e0\u05d9\u05d5\u05ea \u05d1\u05d4\u05d5\u05e0\u05d2\u05e8\u05d9\u05d4\" \/>\n<meta property=\"og:description\" content=\"&#8216;Rudi b\u00e1csi \u00e9s Soml\u00f3 b\u00e1csi&#8217; A gett\u00f3ba zs\u00fafolt budapesti zsid\u00f3k \u00e1llapot\u00e1nak roml\u00e1s\u00e1val megalakult a Etesd a gett\u00f3t akci\u00f3. Tev\u00e9kenys\u00e9ge kiterjedt a gyermekotthonok, majd k\u00e9s\u0151bb \u00e1ltal\u00e1ban a gett\u00f3 sz\u00e1m\u00e1ra sz\u00fcks\u00e9ges felszerel\u00e9sek, \u00e1gyak, matracok, ruh\u00e1k \u00e9s gy\u00f3gyszerek beszerz\u00e9s\u00e9re. A Nemzetk\u00f6zi V\u00f6r\u00f6skereszt A Oszt\u00e1lya orvosi r\u00e9szleg\u00e9nek igazgat\u00f3ja, Dr. Osterweil Koterba elkezdte a v\u00e9szhelyzetekre sz\u00e1nt gy\u00f3gyszerek felhalmoz\u00e1s\u00e1t. A gy\u00f3gyszereket [&hellip;]\" \/>\n<meta property=\"og:url\" content=\"https:\/\/machteret1944.org\/hu\/az-elelmiszer-eposz\/two-uncles-that-procured-and-distributed-food\/\" \/>\n<meta property=\"og:site_name\" content=\"\u05d4\u05e2\u05de\u05d5\u05ea\u05d4 \u05dc\u05d7\u05e7\u05e8 \u05ea\u05e0\u05d5\u05e2\u05d5\u05ea \u05d4\u05e0\u05d5\u05e2\u05e8 \u05d4\u05e6\u05d9\u05d5\u05e0\u05d9\u05d5\u05ea \u05d1\u05d4\u05d5\u05e0\u05d2\u05e8\u05d9\u05d4\" \/>\n<meta property=\"article:modified_time\" content=\"2024-03-16T09:20:49+00:00\" \/>\n<meta name=\"twitter:card\" content=\"summary_large_image\" \/>\n<meta name=\"twitter:label1\" content=\"Becs\u00fclt olvas\u00e1si id\u0151\" \/>\n\t<meta name=\"twitter:data1\" content=\"3 perc\" \/>\n<script type=\"application\/ld+json\" class=\"yoast-schema-graph\">{\"@context\":\"https:\\\/\\\/schema.org\",\"@graph\":[{\"@type\":\"WebPage\",\"@id\":\"https:\\\/\\\/machteret1944.org\\\/hu\\\/az-elelmiszer-eposz\\\/two-uncles-that-procured-and-distributed-food\\\/\",\"url\":\"https:\\\/\\\/machteret1944.org\\\/hu\\\/az-elelmiszer-eposz\\\/two-uncles-that-procured-and-distributed-food\\\/\",\"name\":\"K\u00e9t \\\"nagyb\u00e1csi\\\", akik \u00e9lelmet szereztek \u00e9s juttattak el a r\u00e1szorul\u00f3knak - \u05d4\u05e2\u05de\u05d5\u05ea\u05d4 \u05dc\u05d7\u05e7\u05e8 \u05ea\u05e0\u05d5\u05e2\u05d5\u05ea \u05d4\u05e0\u05d5\u05e2\u05e8 \u05d4\u05e6\u05d9\u05d5\u05e0\u05d9\u05d5\u05ea \u05d1\u05d4\u05d5\u05e0\u05d2\u05e8\u05d9\u05d4\",\"isPartOf\":{\"@id\":\"https:\\\/\\\/machteret1944.org\\\/hu\\\/#website\"},\"datePublished\":\"2022-02-17T12:24:41+00:00\",\"dateModified\":\"2024-03-16T09:20:49+00:00\",\"breadcrumb\":{\"@id\":\"https:\\\/\\\/machteret1944.org\\\/hu\\\/az-elelmiszer-eposz\\\/two-uncles-that-procured-and-distributed-food\\\/#breadcrumb\"},\"inLanguage\":\"hu\",\"potentialAction\":[{\"@type\":\"ReadAction\",\"target\":[\"https:\\\/\\\/machteret1944.org\\\/hu\\\/az-elelmiszer-eposz\\\/two-uncles-that-procured-and-distributed-food\\\/\"]}]},{\"@type\":\"BreadcrumbList\",\"@id\":\"https:\\\/\\\/machteret1944.org\\\/hu\\\/az-elelmiszer-eposz\\\/two-uncles-that-procured-and-distributed-food\\\/#breadcrumb\",\"itemListElement\":[{\"@type\":\"ListItem\",\"position\":1,\"name\":\"Kezd\u0151lap\",\"item\":\"https:\\\/\\\/machteret1944.org\\\/hu\\\/\"},{\"@type\":\"ListItem\",\"position\":2,\"name\":\"Az \u00c9lelmiszer-Eposz\",\"item\":\"https:\\\/\\\/machteret1944.org\\\/hu\\\/az-elelmiszer-eposz\\\/\"},{\"@type\":\"ListItem\",\"position\":3,\"name\":\"K\u00e9t &quot;nagyb\u00e1csi&quot;, akik \u00e9lelmet szereztek \u00e9s juttattak el a r\u00e1szorul\u00f3knak\"}]},{\"@type\":\"WebSite\",\"@id\":\"https:\\\/\\\/machteret1944.org\\\/hu\\\/#website\",\"url\":\"https:\\\/\\\/machteret1944.org\\\/hu\\\/\",\"name\":\"\u05d4\u05e2\u05de\u05d5\u05ea\u05d4 \u05dc\u05d7\u05e7\u05e8 \u05ea\u05e0\u05d5\u05e2\u05d5\u05ea \u05d4\u05e0\u05d5\u05e2\u05e8 \u05d4\u05e6\u05d9\u05d5\u05e0\u05d9\u05d5\u05ea \u05d1\u05d4\u05d5\u05e0\u05d2\u05e8\u05d9\u05d4\",\"description\":\"\u05d4\u05e2\u05de\u05d5\u05ea\u05d4 \u05dc\u05d7\u05e7\u05e8 \u05ea\u05e0\u05d5\u05e2\u05d5\u05ea \u05d4\u05e0\u05d5\u05e2\u05e8 \u05d4\u05e6\u05d9\u05d5\u05e0\u05d9\u05d5\u05ea \u05d1\u05d4\u05d5\u05e0\u05d2\u05e8\u05d9\u05d4\",\"publisher\":{\"@id\":\"https:\\\/\\\/machteret1944.org\\\/hu\\\/#organization\"},\"potentialAction\":[{\"@type\":\"SearchAction\",\"target\":{\"@type\":\"EntryPoint\",\"urlTemplate\":\"https:\\\/\\\/machteret1944.org\\\/hu\\\/?s={search_term_string}\"},\"query-input\":{\"@type\":\"PropertyValueSpecification\",\"valueRequired\":true,\"valueName\":\"search_term_string\"}}],\"inLanguage\":\"hu\"},{\"@type\":\"Organization\",\"@id\":\"https:\\\/\\\/machteret1944.org\\\/hu\\\/#organization\",\"name\":\"\u05d4\u05e2\u05de\u05d5\u05ea\u05d4 \u05dc\u05d7\u05e7\u05e8 \u05ea\u05e0\u05d5\u05e2\u05d5\u05ea \u05d4\u05e0\u05d5\u05e2\u05e8 \u05d4\u05e6\u05d9\u05d5\u05e0\u05d9\u05d5\u05ea \u05d1\u05d4\u05d5\u05e0\u05d2\u05e8\u05d9\u05d4\",\"url\":\"https:\\\/\\\/machteret1944.org\\\/hu\\\/\",\"logo\":{\"@type\":\"ImageObject\",\"inLanguage\":\"hu\",\"@id\":\"https:\\\/\\\/machteret1944.org\\\/hu\\\/#\\\/schema\\\/logo\\\/image\\\/\",\"url\":\"https:\\\/\\\/machteret1944.org\\\/wp-content\\\/uploads\\\/2020\\\/12\\\/\u05dc\u05d5\u05d2\u05d5-\u05dc\u05e2\u05de\u05d5\u05ea\u05d4.png\",\"contentUrl\":\"https:\\\/\\\/machteret1944.org\\\/wp-content\\\/uploads\\\/2020\\\/12\\\/\u05dc\u05d5\u05d2\u05d5-\u05dc\u05e2\u05de\u05d5\u05ea\u05d4.png\",\"width\":841,\"height\":290,\"caption\":\"\u05d4\u05e2\u05de\u05d5\u05ea\u05d4 \u05dc\u05d7\u05e7\u05e8 \u05ea\u05e0\u05d5\u05e2\u05d5\u05ea \u05d4\u05e0\u05d5\u05e2\u05e8 \u05d4\u05e6\u05d9\u05d5\u05e0\u05d9\u05d5\u05ea \u05d1\u05d4\u05d5\u05e0\u05d2\u05e8\u05d9\u05d4\"},\"image\":{\"@id\":\"https:\\\/\\\/machteret1944.org\\\/hu\\\/#\\\/schema\\\/logo\\\/image\\\/\"}}]}<\/script>\n<!-- \/ Yoast SEO plugin. -->","yoast_head_json":{"title":"K\u00e9t \"nagyb\u00e1csi\", akik \u00e9lelmet szereztek \u00e9s juttattak el a r\u00e1szorul\u00f3knak - \u05d4\u05e2\u05de\u05d5\u05ea\u05d4 \u05dc\u05d7\u05e7\u05e8 \u05ea\u05e0\u05d5\u05e2\u05d5\u05ea \u05d4\u05e0\u05d5\u05e2\u05e8 \u05d4\u05e6\u05d9\u05d5\u05e0\u05d9\u05d5\u05ea \u05d1\u05d4\u05d5\u05e0\u05d2\u05e8\u05d9\u05d4","robots":{"index":"index","follow":"follow","max-snippet":"max-snippet:-1","max-image-preview":"max-image-preview:large","max-video-preview":"max-video-preview:-1"},"canonical":"https:\/\/machteret1944.org\/hu\/az-elelmiszer-eposz\/two-uncles-that-procured-and-distributed-food\/","og_locale":"hu_HU","og_type":"article","og_title":"K\u00e9t \"nagyb\u00e1csi\", akik \u00e9lelmet szereztek \u00e9s juttattak el a r\u00e1szorul\u00f3knak - \u05d4\u05e2\u05de\u05d5\u05ea\u05d4 \u05dc\u05d7\u05e7\u05e8 \u05ea\u05e0\u05d5\u05e2\u05d5\u05ea \u05d4\u05e0\u05d5\u05e2\u05e8 \u05d4\u05e6\u05d9\u05d5\u05e0\u05d9\u05d5\u05ea \u05d1\u05d4\u05d5\u05e0\u05d2\u05e8\u05d9\u05d4","og_description":"&#8216;Rudi b\u00e1csi \u00e9s Soml\u00f3 b\u00e1csi&#8217; A gett\u00f3ba zs\u00fafolt budapesti zsid\u00f3k \u00e1llapot\u00e1nak roml\u00e1s\u00e1val megalakult a Etesd a gett\u00f3t akci\u00f3. Tev\u00e9kenys\u00e9ge kiterjedt a gyermekotthonok, majd k\u00e9s\u0151bb \u00e1ltal\u00e1ban a gett\u00f3 sz\u00e1m\u00e1ra sz\u00fcks\u00e9ges felszerel\u00e9sek, \u00e1gyak, matracok, ruh\u00e1k \u00e9s gy\u00f3gyszerek beszerz\u00e9s\u00e9re. A Nemzetk\u00f6zi V\u00f6r\u00f6skereszt A Oszt\u00e1lya orvosi r\u00e9szleg\u00e9nek igazgat\u00f3ja, Dr. Osterweil Koterba elkezdte a v\u00e9szhelyzetekre sz\u00e1nt gy\u00f3gyszerek felhalmoz\u00e1s\u00e1t. A gy\u00f3gyszereket [&hellip;]","og_url":"https:\/\/machteret1944.org\/hu\/az-elelmiszer-eposz\/two-uncles-that-procured-and-distributed-food\/","og_site_name":"\u05d4\u05e2\u05de\u05d5\u05ea\u05d4 \u05dc\u05d7\u05e7\u05e8 \u05ea\u05e0\u05d5\u05e2\u05d5\u05ea \u05d4\u05e0\u05d5\u05e2\u05e8 \u05d4\u05e6\u05d9\u05d5\u05e0\u05d9\u05d5\u05ea \u05d1\u05d4\u05d5\u05e0\u05d2\u05e8\u05d9\u05d4","article_modified_time":"2024-03-16T09:20:49+00:00","twitter_card":"summary_large_image","twitter_misc":{"Becs\u00fclt olvas\u00e1si id\u0151":"3 perc"},"schema":{"@context":"https:\/\/schema.org","@graph":[{"@type":"WebPage","@id":"https:\/\/machteret1944.org\/hu\/az-elelmiszer-eposz\/two-uncles-that-procured-and-distributed-food\/","url":"https:\/\/machteret1944.org\/hu\/az-elelmiszer-eposz\/two-uncles-that-procured-and-distributed-food\/","name":"K\u00e9t \"nagyb\u00e1csi\", akik \u00e9lelmet szereztek \u00e9s juttattak el a r\u00e1szorul\u00f3knak - \u05d4\u05e2\u05de\u05d5\u05ea\u05d4 \u05dc\u05d7\u05e7\u05e8 \u05ea\u05e0\u05d5\u05e2\u05d5\u05ea \u05d4\u05e0\u05d5\u05e2\u05e8 \u05d4\u05e6\u05d9\u05d5\u05e0\u05d9\u05d5\u05ea \u05d1\u05d4\u05d5\u05e0\u05d2\u05e8\u05d9\u05d4","isPartOf":{"@id":"https:\/\/machteret1944.org\/hu\/#website"},"datePublished":"2022-02-17T12:24:41+00:00","dateModified":"2024-03-16T09:20:49+00:00","breadcrumb":{"@id":"https:\/\/machteret1944.org\/hu\/az-elelmiszer-eposz\/two-uncles-that-procured-and-distributed-food\/#breadcrumb"},"inLanguage":"hu","potentialAction":[{"@type":"ReadAction","target":["https:\/\/machteret1944.org\/hu\/az-elelmiszer-eposz\/two-uncles-that-procured-and-distributed-food\/"]}]},{"@type":"BreadcrumbList","@id":"https:\/\/machteret1944.org\/hu\/az-elelmiszer-eposz\/two-uncles-that-procured-and-distributed-food\/#breadcrumb","itemListElement":[{"@type":"ListItem","position":1,"name":"Kezd\u0151lap","item":"https:\/\/machteret1944.org\/hu\/"},{"@type":"ListItem","position":2,"name":"Az \u00c9lelmiszer-Eposz","item":"https:\/\/machteret1944.org\/hu\/az-elelmiszer-eposz\/"},{"@type":"ListItem","position":3,"name":"K\u00e9t &quot;nagyb\u00e1csi&quot;, akik \u00e9lelmet szereztek \u00e9s juttattak el a r\u00e1szorul\u00f3knak"}]},{"@type":"WebSite","@id":"https:\/\/machteret1944.org\/hu\/#website","url":"https:\/\/machteret1944.org\/hu\/","name":"\u05d4\u05e2\u05de\u05d5\u05ea\u05d4 \u05dc\u05d7\u05e7\u05e8 \u05ea\u05e0\u05d5\u05e2\u05d5\u05ea \u05d4\u05e0\u05d5\u05e2\u05e8 \u05d4\u05e6\u05d9\u05d5\u05e0\u05d9\u05d5\u05ea \u05d1\u05d4\u05d5\u05e0\u05d2\u05e8\u05d9\u05d4","description":"\u05d4\u05e2\u05de\u05d5\u05ea\u05d4 \u05dc\u05d7\u05e7\u05e8 \u05ea\u05e0\u05d5\u05e2\u05d5\u05ea \u05d4\u05e0\u05d5\u05e2\u05e8 \u05d4\u05e6\u05d9\u05d5\u05e0\u05d9\u05d5\u05ea \u05d1\u05d4\u05d5\u05e0\u05d2\u05e8\u05d9\u05d4","publisher":{"@id":"https:\/\/machteret1944.org\/hu\/#organization"},"potentialAction":[{"@type":"SearchAction","target":{"@type":"EntryPoint","urlTemplate":"https:\/\/machteret1944.org\/hu\/?s={search_term_string}"},"query-input":{"@type":"PropertyValueSpecification","valueRequired":true,"valueName":"search_term_string"}}],"inLanguage":"hu"},{"@type":"Organization","@id":"https:\/\/machteret1944.org\/hu\/#organization","name":"\u05d4\u05e2\u05de\u05d5\u05ea\u05d4 \u05dc\u05d7\u05e7\u05e8 \u05ea\u05e0\u05d5\u05e2\u05d5\u05ea \u05d4\u05e0\u05d5\u05e2\u05e8 \u05d4\u05e6\u05d9\u05d5\u05e0\u05d9\u05d5\u05ea \u05d1\u05d4\u05d5\u05e0\u05d2\u05e8\u05d9\u05d4","url":"https:\/\/machteret1944.org\/hu\/","logo":{"@type":"ImageObject","inLanguage":"hu","@id":"https:\/\/machteret1944.org\/hu\/#\/schema\/logo\/image\/","url":"https:\/\/machteret1944.org\/wp-content\/uploads\/2020\/12\/\u05dc\u05d5\u05d2\u05d5-\u05dc\u05e2\u05de\u05d5\u05ea\u05d4.png","contentUrl":"https:\/\/machteret1944.org\/wp-content\/uploads\/2020\/12\/\u05dc\u05d5\u05d2\u05d5-\u05dc\u05e2\u05de\u05d5\u05ea\u05d4.png","width":841,"height":290,"caption":"\u05d4\u05e2\u05de\u05d5\u05ea\u05d4 \u05dc\u05d7\u05e7\u05e8 \u05ea\u05e0\u05d5\u05e2\u05d5\u05ea \u05d4\u05e0\u05d5\u05e2\u05e8 \u05d4\u05e6\u05d9\u05d5\u05e0\u05d9\u05d5\u05ea \u05d1\u05d4\u05d5\u05e0\u05d2\u05e8\u05d9\u05d4"},"image":{"@id":"https:\/\/machteret1944.org\/hu\/#\/schema\/logo\/image\/"}}]}},"_links":{"self":[{"href":"https:\/\/machteret1944.org\/hu\/wp-json\/wp\/v2\/pages\/4772","targetHints":{"allow":["GET"]}}],"collection":[{"href":"https:\/\/machteret1944.org\/hu\/wp-json\/wp\/v2\/pages"}],"about":[{"href":"https:\/\/machteret1944.org\/hu\/wp-json\/wp\/v2\/types\/page"}],"author":[{"embeddable":true,"href":"https:\/\/machteret1944.org\/hu\/wp-json\/wp\/v2\/users\/2"}],"replies":[{"embeddable":true,"href":"https:\/\/machteret1944.org\/hu\/wp-json\/wp\/v2\/comments?post=4772"}],"version-history":[{"count":3,"href":"https:\/\/machteret1944.org\/hu\/wp-json\/wp\/v2\/pages\/4772\/revisions"}],"predecessor-version":[{"id":4979,"href":"https:\/\/machteret1944.org\/hu\/wp-json\/wp\/v2\/pages\/4772\/revisions\/4979"}],"up":[{"embeddable":true,"href":"https:\/\/machteret1944.org\/hu\/wp-json\/wp\/v2\/pages\/4712"}],"wp:attachment":[{"href":"https:\/\/machteret1944.org\/hu\/wp-json\/wp\/v2\/media?parent=4772"}],"curies":[{"name":"wp","href":"https:\/\/api.w.org\/{rel}","templated":true}]}}