{"id":4775,"date":"2020-03-29T08:06:59","date_gmt":"2020-03-29T08:06:59","guid":{"rendered":"https:\/\/machteret1944.org\/the-society\/"},"modified":"2024-02-12T14:09:45","modified_gmt":"2024-02-12T14:09:45","slug":"a-tarsulat","status":"publish","type":"page","link":"https:\/\/machteret1944.org\/hu\/a-tarsulat\/","title":{"rendered":"A T\u00e1rsulat"},"content":{"rendered":"<p><strong>A Magyarorsz\u00e1gi Cionista Ifj\u00fas\u00e1gi Mozgalmak T\u00f6rt\u00e9net\u00e9t Kutat\u00f3 T\u00e1rsulat<\/strong><\/p>\n<p>1984-ben, miut\u00e1n 40 \u00e9vig hallgattak a k\u00fcl\u00f6nb\u00f6z\u0151 int\u00e9zm\u00e9nyek, a magyarorsz\u00e1gi f\u00f6ldalatti Cionista Ifj\u00fas\u00e1gi Ellen\u00e1ll\u00e1si Mozgalom (CIEM) veter\u00e1njai elhat\u00e1rozt\u00e1k, hogy l\u00e9trehoznak egy olyan test\u00fcletet, amely az \u00f6sszes magyarorsz\u00e1gi haluc ifj\u00fas\u00e1gi mozgalom (Hasomer Hacair, Dror Habonim, Maccabi Hacair, Bnei Akiva \u00e9s Hanoar Hacioni) szervezet\u00e9nek eml\u00e9k\u00e9t \u0151rzi.<\/p>\n<p>A CIEM tagjai \u00e9let\u00fcket kock\u00e1ztatt\u00e1k a m\u0171veletekben, hogy megments\u00e9k a magyar zsid\u00f3s\u00e1got \u00e1ltal\u00e1ban \u00e9s a mozgalom tagjait k\u00fcl\u00f6n\u00f6sen, f\u0151leg azokat, akik 1944-ben, a m\u00e1sodik vil\u00e1gh\u00e1bor\u00fa utols\u00f3 \u00e9veiben Budapesten \u00e9ltek. A CIEM minden szempontb\u00f3l tagoltan, ravaszul, f\u00f6ldalatti szervezetk\u00e9nt m\u0171k\u00f6d\u00f6tt. Tagjai szem\u00e9lyazonoss\u00e1gukat megv\u00e1ltoztatva, teljes koordin\u00e1ci\u00f3ban, egy\u00fctt dolgoztak, \u00e9s sok ezer zsid\u00f3t mentettek meg sikeresen. A CIEM k\u00fcl\u00f6nb\u00f6z\u0151 ment\u0151akci\u00f3kat kezdem\u00e9nyezett, \u00e9s felel\u0151ss\u00e9get v\u00e1llalt a budapesti zsid\u00f3k sors\u00e1\u00e9rt, amikor m\u00e1s szervezetek ezt nem tett\u00e9k vagy nem tudt\u00e1k megtenni.<\/p>\n<p>A CIEM az \u00e9let megszentel\u00e9s\u00e9\u00e9rt k\u00fczd\u00f6tt.<\/p>\n<p>Mag\u00e1\u00e9rt az \u00e9let\u00e9rt harcoltak.<\/p>\n<p>M\u0171veleteik voltak a legnagyobb szervezett &#8222;zsid\u00f3k zsid\u00f3k \u00e1ltali ment\u00e9se&#8221; a holokauszt idej\u00e9n.<\/p>\n<p>A t\u00e1rsas\u00e1g el\u0151seg\u00edti az akci\u00f3k elismer\u00e9s\u00e9t azoknak a fiatal f\u00e9rfiaknak \u00e9s n\u0151knek, a zsid\u00f3 n\u00e9p h\u0151seinek, akik \u00e9let\u00fcket kock\u00e1ztatt\u00e1k, hogy az izraeli \u00e9s a vil\u00e1g k\u00f6zv\u00e9lem\u00e9nye megismerje a CIEM \u00e9letment\u0151 tetteit.<\/p>\n<p>Email: <a href=\"mailto:machteret1944@gmail.com\">machteret1944@gmail.com<\/a><\/p>\n","protected":false},"excerpt":{"rendered":"<p>A Magyarorsz\u00e1gi Cionista Ifj\u00fas\u00e1gi Mozgalmak T\u00f6rt\u00e9net\u00e9t Kutat\u00f3 T\u00e1rsulat 1984-ben, miut\u00e1n 40 \u00e9vig hallgattak a k\u00fcl\u00f6nb\u00f6z\u0151 int\u00e9zm\u00e9nyek, a magyarorsz\u00e1gi f\u00f6ldalatti Cionista Ifj\u00fas\u00e1gi Ellen\u00e1ll\u00e1si Mozgalom (CIEM) veter\u00e1njai elhat\u00e1rozt\u00e1k, hogy l\u00e9trehoznak egy olyan test\u00fcletet, amely az \u00f6sszes magyarorsz\u00e1gi haluc ifj\u00fas\u00e1gi mozgalom (Hasomer Hacair, Dror Habonim, Maccabi Hacair, Bnei Akiva \u00e9s Hanoar Hacioni) szervezet\u00e9nek eml\u00e9k\u00e9t \u0151rzi. A CIEM tagjai [&hellip;]<\/p>\n","protected":false},"author":1,"featured_media":0,"parent":0,"menu_order":11,"comment_status":"closed","ping_status":"closed","template":"","meta":{"_acf_changed":false,"footnotes":""},"class_list":["post-4775","page","type-page","status-publish","hentry"],"acf":[],"yoast_head":"<!-- This site is optimized with the Yoast SEO plugin v27.4 - https:\/\/yoast.com\/product\/yoast-seo-wordpress\/ -->\n<title>A T\u00e1rsulat - \u05d4\u05e2\u05de\u05d5\u05ea\u05d4 \u05dc\u05d7\u05e7\u05e8 \u05ea\u05e0\u05d5\u05e2\u05d5\u05ea \u05d4\u05e0\u05d5\u05e2\u05e8 \u05d4\u05e6\u05d9\u05d5\u05e0\u05d9\u05d5\u05ea \u05d1\u05d4\u05d5\u05e0\u05d2\u05e8\u05d9\u05d4<\/title>\n<meta name=\"robots\" content=\"index, follow, max-snippet:-1, max-image-preview:large, max-video-preview:-1\" \/>\n<link rel=\"canonical\" href=\"https:\/\/machteret1944.org\/hu\/a-tarsulat\/\" \/>\n<meta property=\"og:locale\" content=\"hu_HU\" \/>\n<meta property=\"og:type\" content=\"article\" \/>\n<meta property=\"og:title\" content=\"A T\u00e1rsulat - \u05d4\u05e2\u05de\u05d5\u05ea\u05d4 \u05dc\u05d7\u05e7\u05e8 \u05ea\u05e0\u05d5\u05e2\u05d5\u05ea \u05d4\u05e0\u05d5\u05e2\u05e8 \u05d4\u05e6\u05d9\u05d5\u05e0\u05d9\u05d5\u05ea \u05d1\u05d4\u05d5\u05e0\u05d2\u05e8\u05d9\u05d4\" \/>\n<meta property=\"og:description\" content=\"A Magyarorsz\u00e1gi Cionista Ifj\u00fas\u00e1gi Mozgalmak T\u00f6rt\u00e9net\u00e9t Kutat\u00f3 T\u00e1rsulat 1984-ben, miut\u00e1n 40 \u00e9vig hallgattak a k\u00fcl\u00f6nb\u00f6z\u0151 int\u00e9zm\u00e9nyek, a magyarorsz\u00e1gi f\u00f6ldalatti Cionista Ifj\u00fas\u00e1gi Ellen\u00e1ll\u00e1si Mozgalom (CIEM) veter\u00e1njai elhat\u00e1rozt\u00e1k, hogy l\u00e9trehoznak egy olyan test\u00fcletet, amely az \u00f6sszes magyarorsz\u00e1gi haluc ifj\u00fas\u00e1gi mozgalom (Hasomer Hacair, Dror Habonim, Maccabi Hacair, Bnei Akiva \u00e9s Hanoar Hacioni) szervezet\u00e9nek eml\u00e9k\u00e9t \u0151rzi. A CIEM tagjai [&hellip;]\" \/>\n<meta property=\"og:url\" content=\"https:\/\/machteret1944.org\/hu\/a-tarsulat\/\" \/>\n<meta property=\"og:site_name\" content=\"\u05d4\u05e2\u05de\u05d5\u05ea\u05d4 \u05dc\u05d7\u05e7\u05e8 \u05ea\u05e0\u05d5\u05e2\u05d5\u05ea \u05d4\u05e0\u05d5\u05e2\u05e8 \u05d4\u05e6\u05d9\u05d5\u05e0\u05d9\u05d5\u05ea \u05d1\u05d4\u05d5\u05e0\u05d2\u05e8\u05d9\u05d4\" \/>\n<meta property=\"article:modified_time\" content=\"2024-02-12T14:09:45+00:00\" \/>\n<meta name=\"twitter:card\" content=\"summary_large_image\" \/>\n<meta name=\"twitter:label1\" content=\"Becs\u00fclt olvas\u00e1si id\u0151\" \/>\n\t<meta name=\"twitter:data1\" content=\"1 perc\" \/>\n<script type=\"application\/ld+json\" class=\"yoast-schema-graph\">{\"@context\":\"https:\\\/\\\/schema.org\",\"@graph\":[{\"@type\":\"WebPage\",\"@id\":\"https:\\\/\\\/machteret1944.org\\\/hu\\\/a-tarsulat\\\/\",\"url\":\"https:\\\/\\\/machteret1944.org\\\/hu\\\/a-tarsulat\\\/\",\"name\":\"A T\u00e1rsulat - \u05d4\u05e2\u05de\u05d5\u05ea\u05d4 \u05dc\u05d7\u05e7\u05e8 \u05ea\u05e0\u05d5\u05e2\u05d5\u05ea \u05d4\u05e0\u05d5\u05e2\u05e8 \u05d4\u05e6\u05d9\u05d5\u05e0\u05d9\u05d5\u05ea \u05d1\u05d4\u05d5\u05e0\u05d2\u05e8\u05d9\u05d4\",\"isPartOf\":{\"@id\":\"https:\\\/\\\/machteret1944.org\\\/hu\\\/#website\"},\"datePublished\":\"2020-03-29T08:06:59+00:00\",\"dateModified\":\"2024-02-12T14:09:45+00:00\",\"breadcrumb\":{\"@id\":\"https:\\\/\\\/machteret1944.org\\\/hu\\\/a-tarsulat\\\/#breadcrumb\"},\"inLanguage\":\"hu\",\"potentialAction\":[{\"@type\":\"ReadAction\",\"target\":[\"https:\\\/\\\/machteret1944.org\\\/hu\\\/a-tarsulat\\\/\"]}]},{\"@type\":\"BreadcrumbList\",\"@id\":\"https:\\\/\\\/machteret1944.org\\\/hu\\\/a-tarsulat\\\/#breadcrumb\",\"itemListElement\":[{\"@type\":\"ListItem\",\"position\":1,\"name\":\"Kezd\u0151lap\",\"item\":\"https:\\\/\\\/machteret1944.org\\\/hu\\\/\"},{\"@type\":\"ListItem\",\"position\":2,\"name\":\"A T\u00e1rsulat\"}]},{\"@type\":\"WebSite\",\"@id\":\"https:\\\/\\\/machteret1944.org\\\/hu\\\/#website\",\"url\":\"https:\\\/\\\/machteret1944.org\\\/hu\\\/\",\"name\":\"\u05d4\u05e2\u05de\u05d5\u05ea\u05d4 \u05dc\u05d7\u05e7\u05e8 \u05ea\u05e0\u05d5\u05e2\u05d5\u05ea \u05d4\u05e0\u05d5\u05e2\u05e8 \u05d4\u05e6\u05d9\u05d5\u05e0\u05d9\u05d5\u05ea \u05d1\u05d4\u05d5\u05e0\u05d2\u05e8\u05d9\u05d4\",\"description\":\"\u05d4\u05e2\u05de\u05d5\u05ea\u05d4 \u05dc\u05d7\u05e7\u05e8 \u05ea\u05e0\u05d5\u05e2\u05d5\u05ea \u05d4\u05e0\u05d5\u05e2\u05e8 \u05d4\u05e6\u05d9\u05d5\u05e0\u05d9\u05d5\u05ea \u05d1\u05d4\u05d5\u05e0\u05d2\u05e8\u05d9\u05d4\",\"publisher\":{\"@id\":\"https:\\\/\\\/machteret1944.org\\\/hu\\\/#organization\"},\"potentialAction\":[{\"@type\":\"SearchAction\",\"target\":{\"@type\":\"EntryPoint\",\"urlTemplate\":\"https:\\\/\\\/machteret1944.org\\\/hu\\\/?s={search_term_string}\"},\"query-input\":{\"@type\":\"PropertyValueSpecification\",\"valueRequired\":true,\"valueName\":\"search_term_string\"}}],\"inLanguage\":\"hu\"},{\"@type\":\"Organization\",\"@id\":\"https:\\\/\\\/machteret1944.org\\\/hu\\\/#organization\",\"name\":\"\u05d4\u05e2\u05de\u05d5\u05ea\u05d4 \u05dc\u05d7\u05e7\u05e8 \u05ea\u05e0\u05d5\u05e2\u05d5\u05ea \u05d4\u05e0\u05d5\u05e2\u05e8 \u05d4\u05e6\u05d9\u05d5\u05e0\u05d9\u05d5\u05ea \u05d1\u05d4\u05d5\u05e0\u05d2\u05e8\u05d9\u05d4\",\"url\":\"https:\\\/\\\/machteret1944.org\\\/hu\\\/\",\"logo\":{\"@type\":\"ImageObject\",\"inLanguage\":\"hu\",\"@id\":\"https:\\\/\\\/machteret1944.org\\\/hu\\\/#\\\/schema\\\/logo\\\/image\\\/\",\"url\":\"https:\\\/\\\/machteret1944.org\\\/wp-content\\\/uploads\\\/2020\\\/12\\\/\u05dc\u05d5\u05d2\u05d5-\u05dc\u05e2\u05de\u05d5\u05ea\u05d4.png\",\"contentUrl\":\"https:\\\/\\\/machteret1944.org\\\/wp-content\\\/uploads\\\/2020\\\/12\\\/\u05dc\u05d5\u05d2\u05d5-\u05dc\u05e2\u05de\u05d5\u05ea\u05d4.png\",\"width\":841,\"height\":290,\"caption\":\"\u05d4\u05e2\u05de\u05d5\u05ea\u05d4 \u05dc\u05d7\u05e7\u05e8 \u05ea\u05e0\u05d5\u05e2\u05d5\u05ea \u05d4\u05e0\u05d5\u05e2\u05e8 \u05d4\u05e6\u05d9\u05d5\u05e0\u05d9\u05d5\u05ea \u05d1\u05d4\u05d5\u05e0\u05d2\u05e8\u05d9\u05d4\"},\"image\":{\"@id\":\"https:\\\/\\\/machteret1944.org\\\/hu\\\/#\\\/schema\\\/logo\\\/image\\\/\"}}]}<\/script>\n<!-- \/ Yoast SEO plugin. -->","yoast_head_json":{"title":"A T\u00e1rsulat - \u05d4\u05e2\u05de\u05d5\u05ea\u05d4 \u05dc\u05d7\u05e7\u05e8 \u05ea\u05e0\u05d5\u05e2\u05d5\u05ea \u05d4\u05e0\u05d5\u05e2\u05e8 \u05d4\u05e6\u05d9\u05d5\u05e0\u05d9\u05d5\u05ea \u05d1\u05d4\u05d5\u05e0\u05d2\u05e8\u05d9\u05d4","robots":{"index":"index","follow":"follow","max-snippet":"max-snippet:-1","max-image-preview":"max-image-preview:large","max-video-preview":"max-video-preview:-1"},"canonical":"https:\/\/machteret1944.org\/hu\/a-tarsulat\/","og_locale":"hu_HU","og_type":"article","og_title":"A T\u00e1rsulat - \u05d4\u05e2\u05de\u05d5\u05ea\u05d4 \u05dc\u05d7\u05e7\u05e8 \u05ea\u05e0\u05d5\u05e2\u05d5\u05ea \u05d4\u05e0\u05d5\u05e2\u05e8 \u05d4\u05e6\u05d9\u05d5\u05e0\u05d9\u05d5\u05ea \u05d1\u05d4\u05d5\u05e0\u05d2\u05e8\u05d9\u05d4","og_description":"A Magyarorsz\u00e1gi Cionista Ifj\u00fas\u00e1gi Mozgalmak T\u00f6rt\u00e9net\u00e9t Kutat\u00f3 T\u00e1rsulat 1984-ben, miut\u00e1n 40 \u00e9vig hallgattak a k\u00fcl\u00f6nb\u00f6z\u0151 int\u00e9zm\u00e9nyek, a magyarorsz\u00e1gi f\u00f6ldalatti Cionista Ifj\u00fas\u00e1gi Ellen\u00e1ll\u00e1si Mozgalom (CIEM) veter\u00e1njai elhat\u00e1rozt\u00e1k, hogy l\u00e9trehoznak egy olyan test\u00fcletet, amely az \u00f6sszes magyarorsz\u00e1gi haluc ifj\u00fas\u00e1gi mozgalom (Hasomer Hacair, Dror Habonim, Maccabi Hacair, Bnei Akiva \u00e9s Hanoar Hacioni) szervezet\u00e9nek eml\u00e9k\u00e9t \u0151rzi. A CIEM tagjai [&hellip;]","og_url":"https:\/\/machteret1944.org\/hu\/a-tarsulat\/","og_site_name":"\u05d4\u05e2\u05de\u05d5\u05ea\u05d4 \u05dc\u05d7\u05e7\u05e8 \u05ea\u05e0\u05d5\u05e2\u05d5\u05ea \u05d4\u05e0\u05d5\u05e2\u05e8 \u05d4\u05e6\u05d9\u05d5\u05e0\u05d9\u05d5\u05ea \u05d1\u05d4\u05d5\u05e0\u05d2\u05e8\u05d9\u05d4","article_modified_time":"2024-02-12T14:09:45+00:00","twitter_card":"summary_large_image","twitter_misc":{"Becs\u00fclt olvas\u00e1si id\u0151":"1 perc"},"schema":{"@context":"https:\/\/schema.org","@graph":[{"@type":"WebPage","@id":"https:\/\/machteret1944.org\/hu\/a-tarsulat\/","url":"https:\/\/machteret1944.org\/hu\/a-tarsulat\/","name":"A T\u00e1rsulat - \u05d4\u05e2\u05de\u05d5\u05ea\u05d4 \u05dc\u05d7\u05e7\u05e8 \u05ea\u05e0\u05d5\u05e2\u05d5\u05ea \u05d4\u05e0\u05d5\u05e2\u05e8 \u05d4\u05e6\u05d9\u05d5\u05e0\u05d9\u05d5\u05ea \u05d1\u05d4\u05d5\u05e0\u05d2\u05e8\u05d9\u05d4","isPartOf":{"@id":"https:\/\/machteret1944.org\/hu\/#website"},"datePublished":"2020-03-29T08:06:59+00:00","dateModified":"2024-02-12T14:09:45+00:00","breadcrumb":{"@id":"https:\/\/machteret1944.org\/hu\/a-tarsulat\/#breadcrumb"},"inLanguage":"hu","potentialAction":[{"@type":"ReadAction","target":["https:\/\/machteret1944.org\/hu\/a-tarsulat\/"]}]},{"@type":"BreadcrumbList","@id":"https:\/\/machteret1944.org\/hu\/a-tarsulat\/#breadcrumb","itemListElement":[{"@type":"ListItem","position":1,"name":"Kezd\u0151lap","item":"https:\/\/machteret1944.org\/hu\/"},{"@type":"ListItem","position":2,"name":"A T\u00e1rsulat"}]},{"@type":"WebSite","@id":"https:\/\/machteret1944.org\/hu\/#website","url":"https:\/\/machteret1944.org\/hu\/","name":"\u05d4\u05e2\u05de\u05d5\u05ea\u05d4 \u05dc\u05d7\u05e7\u05e8 \u05ea\u05e0\u05d5\u05e2\u05d5\u05ea \u05d4\u05e0\u05d5\u05e2\u05e8 \u05d4\u05e6\u05d9\u05d5\u05e0\u05d9\u05d5\u05ea \u05d1\u05d4\u05d5\u05e0\u05d2\u05e8\u05d9\u05d4","description":"\u05d4\u05e2\u05de\u05d5\u05ea\u05d4 \u05dc\u05d7\u05e7\u05e8 \u05ea\u05e0\u05d5\u05e2\u05d5\u05ea \u05d4\u05e0\u05d5\u05e2\u05e8 \u05d4\u05e6\u05d9\u05d5\u05e0\u05d9\u05d5\u05ea \u05d1\u05d4\u05d5\u05e0\u05d2\u05e8\u05d9\u05d4","publisher":{"@id":"https:\/\/machteret1944.org\/hu\/#organization"},"potentialAction":[{"@type":"SearchAction","target":{"@type":"EntryPoint","urlTemplate":"https:\/\/machteret1944.org\/hu\/?s={search_term_string}"},"query-input":{"@type":"PropertyValueSpecification","valueRequired":true,"valueName":"search_term_string"}}],"inLanguage":"hu"},{"@type":"Organization","@id":"https:\/\/machteret1944.org\/hu\/#organization","name":"\u05d4\u05e2\u05de\u05d5\u05ea\u05d4 \u05dc\u05d7\u05e7\u05e8 \u05ea\u05e0\u05d5\u05e2\u05d5\u05ea \u05d4\u05e0\u05d5\u05e2\u05e8 \u05d4\u05e6\u05d9\u05d5\u05e0\u05d9\u05d5\u05ea \u05d1\u05d4\u05d5\u05e0\u05d2\u05e8\u05d9\u05d4","url":"https:\/\/machteret1944.org\/hu\/","logo":{"@type":"ImageObject","inLanguage":"hu","@id":"https:\/\/machteret1944.org\/hu\/#\/schema\/logo\/image\/","url":"https:\/\/machteret1944.org\/wp-content\/uploads\/2020\/12\/\u05dc\u05d5\u05d2\u05d5-\u05dc\u05e2\u05de\u05d5\u05ea\u05d4.png","contentUrl":"https:\/\/machteret1944.org\/wp-content\/uploads\/2020\/12\/\u05dc\u05d5\u05d2\u05d5-\u05dc\u05e2\u05de\u05d5\u05ea\u05d4.png","width":841,"height":290,"caption":"\u05d4\u05e2\u05de\u05d5\u05ea\u05d4 \u05dc\u05d7\u05e7\u05e8 \u05ea\u05e0\u05d5\u05e2\u05d5\u05ea \u05d4\u05e0\u05d5\u05e2\u05e8 \u05d4\u05e6\u05d9\u05d5\u05e0\u05d9\u05d5\u05ea \u05d1\u05d4\u05d5\u05e0\u05d2\u05e8\u05d9\u05d4"},"image":{"@id":"https:\/\/machteret1944.org\/hu\/#\/schema\/logo\/image\/"}}]}},"_links":{"self":[{"href":"https:\/\/machteret1944.org\/hu\/wp-json\/wp\/v2\/pages\/4775","targetHints":{"allow":["GET"]}}],"collection":[{"href":"https:\/\/machteret1944.org\/hu\/wp-json\/wp\/v2\/pages"}],"about":[{"href":"https:\/\/machteret1944.org\/hu\/wp-json\/wp\/v2\/types\/page"}],"author":[{"embeddable":true,"href":"https:\/\/machteret1944.org\/hu\/wp-json\/wp\/v2\/users\/1"}],"replies":[{"embeddable":true,"href":"https:\/\/machteret1944.org\/hu\/wp-json\/wp\/v2\/comments?post=4775"}],"version-history":[{"count":1,"href":"https:\/\/machteret1944.org\/hu\/wp-json\/wp\/v2\/pages\/4775\/revisions"}],"predecessor-version":[{"id":4776,"href":"https:\/\/machteret1944.org\/hu\/wp-json\/wp\/v2\/pages\/4775\/revisions\/4776"}],"wp:attachment":[{"href":"https:\/\/machteret1944.org\/hu\/wp-json\/wp\/v2\/media?parent=4775"}],"curies":[{"name":"wp","href":"https:\/\/api.w.org\/{rel}","templated":true}]}}