{"id":4780,"date":"2021-03-30T11:50:31","date_gmt":"2021-03-30T11:50:31","guid":{"rendered":"https:\/\/machteret1944.org\/a-tarsulat\/moshe-alpans-speech-in-yad-mordechai-holocaust-memorial-ceremony\/"},"modified":"2024-04-24T13:32:56","modified_gmt":"2024-04-24T13:32:56","slug":"moshe-alpans-speech-in-yad-mordechai-holocaust-memorial-ceremony","status":"publish","type":"page","link":"https:\/\/machteret1944.org\/hu\/a-tarsulat\/moshe-alpans-speech-in-yad-mordechai-holocaust-memorial-ceremony\/","title":{"rendered":"Mose Alpan besz\u00e9de a Jad Mordech\u00e1jban tartott Holokauszt megeml\u00e9kez\u00e9sen"},"content":{"rendered":"<p>N\u00e9h\u00e1ny nap m\u00falva szer\u00e9ny \u00fcnneps\u00e9gre ker\u00fcl sor a Duna partj\u00e1n, Budapesten, Magyarorsz\u00e1g f\u0151v\u00e1ros\u00e1ban.<\/p>\n<p>A cionista ifj\u00fas\u00e1gi mozgalmak tagjai egym\u00e1s ut\u00e1n helyeznek el egy-egy k\u00f6vet, \u00e9s az eg\u00e9sz halom egy eml\u00e9km\u0171vet alkot majd azoknak a zsid\u00f3 f\u00e9rfiaknak \u00e9s n\u0151knek az eml\u00e9k\u00e9re, akiket 1944 tel\u00e9n magyar ver\u0151leg\u00e9nyek agyonl\u0151ttek \u00e9s a Duna jeges viz\u00e9be dobtak.<\/p>\n<p>Az \u00e9n nevemben \u00e9s az itt jelenl\u00e9v\u0151 sok r\u00e9sztvev\u0151 nev\u00e9ben szeretn\u00e9k m\u00e9g egy k\u00f6vet elhelyezni ezen az eml\u00e9km\u0171v\u00f6n, azoknak a meg nem nevezett zsid\u00f3knak az eml\u00e9k\u00e9re, akik csak napokkal az ostromlott Budapestr\u0151l val\u00f3 n\u00e9met kivonul\u00e1s el\u0151tt vesztett\u00e9k \u00e9let\u00fcket.<\/p>\n<p>\u00c9ppen azokban a napokban, a felszabadul\u00e1s el\u0151est\u00e9j\u00e9n a Hasomer Hacair t\u00f6bb tagja h\u0151sk\u00e9nt halt meg. Csak n\u00e9h\u00e1nyat eml\u00edtek. Miki Langer, a csod\u00e1latos fiatalember, akit f\u00f6ldalatti tev\u00e9kenys\u00e9ge miatt addig k\u00ednoztak, am\u00edg a lelke el nem t\u00e1vozott; Mark Gott, akit egy akci\u00f3 sor\u00e1n elfogtak, \u00e9s nem t\u00e9rt vissza; Simha Hunwald, akit lel\u0151ttek, mik\u00f6zben egy fiatal zsid\u00f3 fi\u00fat pr\u00f3b\u00e1lt megmenteni a nyilas fasiszta p\u00e1rt \u00e1tkozott magyarorsz\u00e1gi csapatait\u00f3l; \u00e9s Dr. Komoly Ott\u00f3, a magyarorsz\u00e1gi Cionista Sz\u00f6vets\u00e9g eln\u00f6ke, egy kiv\u00e1l\u00f3 ember, akit mindenki szeretett, \u00e9s aki nyomtalanul t\u0171nt el.<\/p>\n<p>Bocs\u00e1natot \u00e9s egy\u00fctt\u00e9rz\u00e9st k\u00e9rek minden harcost\u00f3l, a magyarorsz\u00e1gi haluci ifj\u00fas\u00e1gi mozgalmak t\u00f6bbi operat\u00edv tagj\u00e1t\u00f3l, akik harcban haltak meg, elpusztultak vagy koncentr\u00e1ci\u00f3s t\u00e1borokba deport\u00e1lt\u00e1k \u0151ket, ami\u00e9rt nem tudom mindannyiuk nev\u00e9t megeml\u00edteni.<\/p>\n<p>\u0150k a f\u00f6ldalatti ment\u0151- \u00e9s ellen\u00e1ll\u00e1si mozgalmak tagjai voltak, \u00e9s \u00f6r\u00f6kre a sz\u00edv\u00fcnkbe v\u00e9s\u0151dtek.<\/p>\n<p>1944 tavasz\u00e1n t\u00f6bb mint n\u00e9gysz\u00e1zezer zsid\u00f3t deport\u00e1ltak Magyarorsz\u00e1gr\u00f3l egy nyolchetes vill\u00e1mgyors akci\u00f3 keret\u00e9ben.<\/p>\n<p>L\u00e1tlak benneteket lelki szemeim el\u0151tt &#8211; a vall\u00e1sosokat, a h\u00e1szidokat, a neol\u00f3gokat, az ortodoxokat, az asszimil\u00e1ltakat, a cionist\u00e1kat, a k\u00e9zm\u0171veseket, a m\u0171velteket, az orvosokat, a professzorokat, a tud\u00f3sokat, a m\u0171v\u00e9szeket, a sz\u00edn\u00e9szeket, a sportol\u00f3kat \u00e9s m\u00e9g sokakat. A j\u00e1mbor n\u0151k, a csod\u00e1latos fiatal l\u00e1nyok, az any\u00e1k, a nagymam\u00e1k, a nagypap\u00e1k \u00e9s k\u00fcl\u00f6n\u00f6sen a gyerekek. Azok a t\u00e1gra ny\u00edlt szem\u0171 gyerekek, akik nem \u00e9rtett\u00e9k, mit \u00e9s mi\u00e9rt.<\/p>\n<p>Senki sem volt el\u00e9g er\u0151s ahhoz, hogy megmentse \u0151ket. De mindegyik\u00fcknek van neve.<\/p>\n<p>A n\u00e9metek, a magyarok &#8222;nemes&#8221; seg\u00edts\u00e9g\u00e9vel, elsz\u00e1ntak voltak, hogy elt\u00f6r\u00f6lj\u00e9k a zsid\u00f3 n\u00e9pet a f\u00f6ld sz\u00edn\u00e9r\u0151l. Ez\u00fattal az ellens\u00e9g nem az\u00e9rt j\u00f6tt, hogy elpuszt\u00edtsa hit\u00fcnket, vall\u00e1sunkat, hagyom\u00e1nyainkat. Az ellens\u00e9g nem az\u00e9rt j\u00f6tt, hogy elrabolja gyermekeinket \u00e9s kereszt\u00e9nynek nevelje \u0151ket. Ez\u00fattal az\u00e9rt j\u00f6ttek, hogy megsemmis\u00edtsenek minket, hogy elt\u00fcntessenek a f\u00f6ld sz\u00edn\u00e9r\u0151l. Mindannyiunkat.<\/p>\n<p>A fasiszta gyilkosok lem\u00e9sz\u00e1rolt\u00e1k m\u00e1s nemzetek tagjait is. Nem csak zsid\u00f3kat. T\u00edzezreket sz\u00e1ll\u00edtottak marhavagonokban, \u00e9s koncentr\u00e1ci\u00f3s t\u00e1borokban tartott\u00e1k \u0151ket. Tal\u00e1n t\u00f6bb milli\u00f3 embert m\u00e1s nemzetekb\u0151l. L\u00e1ttam f\u00e9nyk\u00e9peket foglyok ezreir\u0151l, er\u0151s fiatal f\u00e9rfiakr\u00f3l, akik csal\u00e1djuk n\u00e9lk\u00fcl, tehetetlen\u00fcl meneteltek keser\u0171 sorsuk fel\u00e9. Nem tiltakoztak, nem l\u00e1zadtak, \u00e9s senki sem j\u00f6tt, hogy megmentse \u0151ket.<\/p>\n<p>Csak egy maroknyi cionista \u00e9s a cionista ifj\u00fas\u00e1gi mozgalmi tag volt el\u00e9g elsz\u00e1nt ahhoz, hogy magasra emelje az ellen\u00e1ll\u00e1s \u00e9s a l\u00e1zad\u00e1s z\u00e1szlaj\u00e1t, hogy meghi\u00fas\u00edts\u00e1k az ellens\u00e9g gonosz terv\u00e9t. Ez t\u00f6rt\u00e9nt az \u00f6sszes megsz\u00e1llt orsz\u00e1gban, mindez a kor \u00e9s a hely adotts\u00e1gainak megfelel\u0151en.<\/p>\n<p>\u00cdgy t\u00f6rt\u00e9nt a vars\u00f3i gett\u00f3felkel\u00e9s, amelyet Mordechaj Anielewicz vezetett, akir\u0151l ez a kibuc a nev\u00e9t kapta. Lengyelorsz\u00e1g \u00e9s Litv\u00e1nia sz\u00e1mos gett\u00f3j\u00e1ban voltak hasonl\u00f3 felkel\u00e9sek, \u00e9s a partiz\u00e1nok csatlakoztak a szlov\u00e1kiai felkel\u00e9shez, valamint a megsz\u00e1llt Eur\u00f3pa legt\u00f6bb orsz\u00e1g\u00e1ban a ment\u0151mozgalmakhoz.<\/p>\n<p>Senkinek sem volt ereje t\u00e9tlen\u00fcl n\u00e9zni. Eg\u00e9sz Eur\u00f3p\u00e1t, hatalmas hadseregeivel \u00e9s er\u0151forr\u00e1saival, orsz\u00e1gr\u00f3l orsz\u00e1gra megh\u00f3d\u00edtott\u00e1k.<\/p>\n<p>\u00dagy d\u00f6nt\u00f6tt\u00fcnk, hogy cseleksz\u00fcnk. Hogy b\u00e1rmit megtesz\u00fcnk, hogy meg\u00e1ll\u00edtsuk, ami t\u00f6rt\u00e9nik.<\/p>\n<p>Tudtuk, hogy a zsid\u00f3 n\u00e9p nem l\u00e9tezhet zsid\u00f3k n\u00e9lk\u00fcl! Meg kellett menten\u00fcnk minden egyes zsid\u00f3 lelket, ki kellett szabad\u00edtanunk minden zsid\u00f3t a gonosz fenevad karmai k\u00f6z\u00fcl. Minden\u00e1ron \u00e9s minden lehets\u00e9ges m\u00f3don. Egyszer\u0171 szavakkal: ez nem a Kidus Hasem (Isten nev\u00e9nek megszentel\u00e9se) ideje, hanem a Kidus Ha&#8217;haim (az \u00e9let megszentel\u00e9se) ideje.<\/p>\n<p>A h\u00e9ten olvastam egy cikket, amelyet egy hadseregt\u00e1bornok \u00e9s kiv\u00e1l\u00f3 v\u00e9delmi miniszter \u00edrt. Az egyik kijelent\u00e9se csod\u00e1lattal t\u00f6lt\u00f6tt el: &#8222;A cionizmus els\u0151sorban az\u00e9rt j\u00f6tt a vil\u00e1gra, hogy visszahozzon minket Jeruzs\u00e1lembe, Hebronba, Sil\u00f3ba, Beit Elbe, Sekembe \u00e9s Betlehembe. Csak akkor lehet\u00fcnk szabad zsid\u00f3 nemzet, ha visszat\u00e9r\u00fcnk ezekre a helyekre&#8221;. Az id\u00e9zet v\u00e9ge.<\/p>\n<p>Nem sz\u00e9gyellem nyilv\u00e1nosan bevallani, hogy azokban a sz\u00f6rny\u0171 id\u0151kben a cionist\u00e1k nem v\u00e1gytak e szent helyek egyik\u00e9re sem. Egyetlen c\u00e9lt tartottak szem el\u0151tt &#8211; a zsid\u00f3k megment\u00e9s\u00e9t. Tudt\u00e1k, ahogy mi is tudjuk ma, hogy zsid\u00f3k n\u00e9lk\u00fcl nincs zsid\u00f3 nemzet &#8211; hogy a n\u00e9p\u00fcnk elleni \u00f6rd\u00f6gi \u00f6sszeesk\u00fcv\u00e9s c\u00e9lja az volt, hogy egyetlen zsid\u00f3t se hagyjanak \u00e9letben, egyetlen t\u00fal\u00e9l\u0151t vagy a zsid\u00f3 n\u00e9p egyetlen morzs\u00e1j\u00e1t se.<\/p>\n<p>Ez\u00e9rt mondjuk: a mi v\u00e1laszunk Eichmannra \u00e9s gonosz kollabor\u00e1nsaira nem helyek, szimb\u00f3lumok, zsinag\u00f3g\u00e1k vagy temet\u0151k. Nem akarjuk levezetni haragunkat, bossz\u00fankat vagy v\u00e9gtelen gy\u0171l\u00f6let\u00fcnket. Az egyetlen v\u00e1laszunk &#8211; az \u00e9l\u0151 zsid\u00f3k, akik nemzetk\u00e9nt a t\u00fal\u00e9l\u00e9s rem\u00e9ny\u00e9t jelentik sz\u00e1munkra.<\/p>\n<p>A n\u00e9metek \u00e9s a magyarok \u00e1ltal ellen\u00fcnk mozg\u00f3s\u00edtott katonai \u00e9s szervezeti er\u0151vel szemben kiszolg\u00e1ltatottan \u00e9s gyeng\u00e9n \u00e1lltunk. Minden bels\u0151 seg\u00edts\u00e9g n\u00e9lk\u00fcl \u00e9s nagyon kev\u00e9s k\u00fcls\u0151 seg\u00edts\u00e9ggel; hat\u00e9kony fegyverek, tankok, \u00e1gy\u00fak, s\u0151t kommunik\u00e1ci\u00f3s eszk\u00f6z\u00f6k n\u00e9lk\u00fcl. A mi fegyver\u00fcnk az elsz\u00e1nts\u00e1gunk, a bel\u00e1t\u00e1sunk, az erk\u00f6lcsi f\u00f6l\u00e9ny\u00fcnk, a tal\u00e1l\u00e9konys\u00e1gunk, \u00e9s tal\u00e1n legink\u00e1bb a cionista nevel\u00e9s volt, amit kaptunk, mindenki a saj\u00e1t mozgalm\u00e1n bel\u00fcl.<\/p>\n<p>Amikor a hat\u00f3s\u00e1gok a s\u00e1rga jelv\u00e9ny visel\u00e9s\u00e9re k\u00e9nyszer\u00edtettek benn\u00fcnket &#8211; visszautas\u00edtottuk, mint ahogyan megtagadtunk minden, az ellens\u00e9g \u00e1ltal adott parancsot vagy utas\u00edt\u00e1st is. M\u00e9gsem maradtunk a t\u00e1boron k\u00edv\u00fcl, hanem a t\u00e1bor el\u00e9 sz\u00edjaztuk magunkat.<\/p>\n<p>K\u00fcld\u00f6tteink felkerest\u00e9k a gett\u00f3kba \u00e9s a vid\u00e9ki v\u00e1rosokba zs\u00fafolt zsid\u00f3kat, hogy figyelmeztess\u00e9k azokat, akik meghallgatt\u00e1k \u0151ket. Nagyon j\u00f3l tudtuk, hogy a zsid\u00f3 k\u00f6z\u00f6ss\u00e9gek er\u0151s csal\u00e1di k\u00f6tel\u00e9kekre \u00e9p\u00fclnek. A sz\u00fcl\u0151k \u00e9s gyermekeik k\u00f6z\u00f6tti szeretet, az ap\u00e1k \u00e9s fiaik k\u00f6z\u00f6tti k\u00f6tel\u00e9k, a csal\u00e1di egys\u00e9g ereje egy\u00e9rtelm\u0171en megk\u00f6nny\u00edtette az ellens\u00e9g dolg\u00e1t. Amikor k\u00f6ny\u00f6r\u00f6gt\u00fcnk a sz\u00fcl\u0151knek, hogy b\u00edzz\u00e1k r\u00e1nk gyermekeiket, hogy megments\u00fck az \u00e9let\u00fcket, tudtuk, hogy ez nem k\u00f6nny\u0171. De amikor egy fi\u00fanak vagy l\u00e1nynak, hogy megmentse a saj\u00e1t \u00e9let\u00e9t, el kellett hagynia a sz\u00fcleit, a testv\u00e9reit, &#8211; az h\u00e9tszer nehezebb volt.<\/p>\n<p>A gyors szervez\u00e9s, k\u00f6zvetlen\u00fcl a megsz\u00e1ll\u00e1s kezdetekor &#8211; a sz\u00e1mos ifj\u00fas\u00e1gi szervezet t\u00f6bb ezer operat\u00edv tagj\u00e1nak azonnali f\u00f6ldalatti al\u00e1mer\u00fcl\u00e9se, a ment\u0151k\u00f6r b\u0151v\u00edt\u00e9se a megmentettekb\u0151l megment\u0151kk\u00e9 v\u00e1l\u00e1sa \u00e1ltal, eredm\u00e9nyt hozott.<\/p>\n<p>Ezreket mentettek meg, akik tov\u00e1bbi \u00e9leteket mentettek meg: dokumentumokkal \u00e9s b\u00fav\u00f3helyekkel; embereket csemp\u00e9sztek Rom\u00e1ni\u00e1ba (ahonnan egy bizonyos id\u0151pontig m\u00e9g lehets\u00e9ges volt a bev\u00e1ndorl\u00e1s Izraelbe); embereket vittek v\u00e9dett h\u00e1zakba (k\u00fcl\u00f6n\u00f6sen a sv\u00e1jci konzuli h\u00e1zakba); k\u00f6zel 4 000 gyermeket \u00e9s kamaszt gy\u0171jt\u00f6ttek \u00f6ssze a V\u00f6r\u00f6skereszt biztons\u00e1gos h\u00e1zaiban; seg\u00edtettek \u00e9lelmiszert vinni a budapesti gett\u00f3ba; embereket mentettek ki \u00e9s szabad\u00edtottak ki a b\u00f6rt\u00f6n\u00f6kb\u0151l; \u00e9s a leny\u0171g\u00f6z\u0151 lista m\u00e9g hosszan folytathat\u00f3.<\/p>\n<p>Ez k\u00e9ts\u00e9gtelen\u00fcl \u00f3ri\u00e1si \u00e9s egyed\u00fcl\u00e1ll\u00f3 ment\u0151akci\u00f3 volt, mind terjedelm\u00e9t, mind m\u00f3dszereit tekintve.<\/p>\n<p>Az\u00f3ta \u00f6tven \u00e9v telt el. Az eml\u00e9kek kem\u00e9nyek \u00e9s gy\u00f6trelmesek. A legt\u00f6bb ment\u0151 \u00e9s m\u00e9g a megmentettek k\u00f6z\u00fcl is sokan m\u00e1r nincsenek k\u00f6z\u00f6tt\u00fcnk. De a szenved\u00e9s \u00e9s a gy\u00e1sz hull\u00e1mai egyr\u00e9szt, a l\u00e1zad\u00e1s \u00e9s a megment\u00e9s hull\u00e1mai m\u00e1sr\u00e9szt magukkal vitt\u00e9k \u00e9s val\u00f3s\u00e1gg\u00e1 tett\u00e9k az Izraelbe ir\u00e1nyul\u00f3 t\u00f6meges bev\u00e1ndorl\u00e1st, \u00e9s annak nyom\u00e1n Izrael \u00e1llamot.<\/p>\n<p>&nbsp;<\/p>\n<ol start=\"1994\">\n<li>\u00e1prilis 7.<\/li>\n<\/ol>\n","protected":false},"excerpt":{"rendered":"<p>N\u00e9h\u00e1ny nap m\u00falva szer\u00e9ny \u00fcnneps\u00e9gre ker\u00fcl sor a Duna partj\u00e1n, Budapesten, Magyarorsz\u00e1g f\u0151v\u00e1ros\u00e1ban. A cionista ifj\u00fas\u00e1gi mozgalmak tagjai egym\u00e1s ut\u00e1n helyeznek el egy-egy k\u00f6vet, \u00e9s az eg\u00e9sz halom egy eml\u00e9km\u0171vet alkot majd azoknak a zsid\u00f3 f\u00e9rfiaknak \u00e9s n\u0151knek az eml\u00e9k\u00e9re, akiket 1944 tel\u00e9n magyar ver\u0151leg\u00e9nyek agyonl\u0151ttek \u00e9s a Duna jeges viz\u00e9be dobtak. Az \u00e9n nevemben [&hellip;]<\/p>\n","protected":false},"author":2,"featured_media":0,"parent":4775,"menu_order":8,"comment_status":"closed","ping_status":"closed","template":"","meta":{"_acf_changed":false,"footnotes":""},"class_list":["post-4780","page","type-page","status-publish","hentry"],"acf":[],"yoast_head":"<!-- This site is optimized with the Yoast SEO plugin v27.3 - https:\/\/yoast.com\/product\/yoast-seo-wordpress\/ -->\n<title>Mose Alpan besz\u00e9de a Jad Mordech\u00e1jban tartott Holokauszt megeml\u00e9kez\u00e9sen - \u05d4\u05e2\u05de\u05d5\u05ea\u05d4 \u05dc\u05d7\u05e7\u05e8 \u05ea\u05e0\u05d5\u05e2\u05d5\u05ea \u05d4\u05e0\u05d5\u05e2\u05e8 \u05d4\u05e6\u05d9\u05d5\u05e0\u05d9\u05d5\u05ea \u05d1\u05d4\u05d5\u05e0\u05d2\u05e8\u05d9\u05d4<\/title>\n<meta name=\"robots\" content=\"index, follow, max-snippet:-1, max-image-preview:large, max-video-preview:-1\" \/>\n<link rel=\"canonical\" href=\"https:\/\/machteret1944.org\/hu\/a-tarsulat\/moshe-alpans-speech-in-yad-mordechai-holocaust-memorial-ceremony\/\" \/>\n<meta property=\"og:locale\" content=\"hu_HU\" \/>\n<meta property=\"og:type\" content=\"article\" \/>\n<meta property=\"og:title\" content=\"Mose Alpan besz\u00e9de a Jad Mordech\u00e1jban tartott Holokauszt megeml\u00e9kez\u00e9sen - \u05d4\u05e2\u05de\u05d5\u05ea\u05d4 \u05dc\u05d7\u05e7\u05e8 \u05ea\u05e0\u05d5\u05e2\u05d5\u05ea \u05d4\u05e0\u05d5\u05e2\u05e8 \u05d4\u05e6\u05d9\u05d5\u05e0\u05d9\u05d5\u05ea \u05d1\u05d4\u05d5\u05e0\u05d2\u05e8\u05d9\u05d4\" \/>\n<meta property=\"og:description\" content=\"N\u00e9h\u00e1ny nap m\u00falva szer\u00e9ny \u00fcnneps\u00e9gre ker\u00fcl sor a Duna partj\u00e1n, Budapesten, Magyarorsz\u00e1g f\u0151v\u00e1ros\u00e1ban. A cionista ifj\u00fas\u00e1gi mozgalmak tagjai egym\u00e1s ut\u00e1n helyeznek el egy-egy k\u00f6vet, \u00e9s az eg\u00e9sz halom egy eml\u00e9km\u0171vet alkot majd azoknak a zsid\u00f3 f\u00e9rfiaknak \u00e9s n\u0151knek az eml\u00e9k\u00e9re, akiket 1944 tel\u00e9n magyar ver\u0151leg\u00e9nyek agyonl\u0151ttek \u00e9s a Duna jeges viz\u00e9be dobtak. Az \u00e9n nevemben [&hellip;]\" \/>\n<meta property=\"og:url\" content=\"https:\/\/machteret1944.org\/hu\/a-tarsulat\/moshe-alpans-speech-in-yad-mordechai-holocaust-memorial-ceremony\/\" \/>\n<meta property=\"og:site_name\" content=\"\u05d4\u05e2\u05de\u05d5\u05ea\u05d4 \u05dc\u05d7\u05e7\u05e8 \u05ea\u05e0\u05d5\u05e2\u05d5\u05ea \u05d4\u05e0\u05d5\u05e2\u05e8 \u05d4\u05e6\u05d9\u05d5\u05e0\u05d9\u05d5\u05ea \u05d1\u05d4\u05d5\u05e0\u05d2\u05e8\u05d9\u05d4\" \/>\n<meta property=\"article:modified_time\" content=\"2024-04-24T13:32:56+00:00\" \/>\n<meta name=\"twitter:card\" content=\"summary_large_image\" \/>\n<meta name=\"twitter:label1\" content=\"Becs\u00fclt olvas\u00e1si id\u0151\" \/>\n\t<meta name=\"twitter:data1\" content=\"6 perc\" \/>\n<script type=\"application\/ld+json\" class=\"yoast-schema-graph\">{\"@context\":\"https:\\\/\\\/schema.org\",\"@graph\":[{\"@type\":\"WebPage\",\"@id\":\"https:\\\/\\\/machteret1944.org\\\/hu\\\/a-tarsulat\\\/moshe-alpans-speech-in-yad-mordechai-holocaust-memorial-ceremony\\\/\",\"url\":\"https:\\\/\\\/machteret1944.org\\\/hu\\\/a-tarsulat\\\/moshe-alpans-speech-in-yad-mordechai-holocaust-memorial-ceremony\\\/\",\"name\":\"Mose Alpan besz\u00e9de a Jad Mordech\u00e1jban tartott Holokauszt megeml\u00e9kez\u00e9sen - \u05d4\u05e2\u05de\u05d5\u05ea\u05d4 \u05dc\u05d7\u05e7\u05e8 \u05ea\u05e0\u05d5\u05e2\u05d5\u05ea \u05d4\u05e0\u05d5\u05e2\u05e8 \u05d4\u05e6\u05d9\u05d5\u05e0\u05d9\u05d5\u05ea \u05d1\u05d4\u05d5\u05e0\u05d2\u05e8\u05d9\u05d4\",\"isPartOf\":{\"@id\":\"https:\\\/\\\/machteret1944.org\\\/hu\\\/#website\"},\"datePublished\":\"2021-03-30T11:50:31+00:00\",\"dateModified\":\"2024-04-24T13:32:56+00:00\",\"breadcrumb\":{\"@id\":\"https:\\\/\\\/machteret1944.org\\\/hu\\\/a-tarsulat\\\/moshe-alpans-speech-in-yad-mordechai-holocaust-memorial-ceremony\\\/#breadcrumb\"},\"inLanguage\":\"hu\",\"potentialAction\":[{\"@type\":\"ReadAction\",\"target\":[\"https:\\\/\\\/machteret1944.org\\\/hu\\\/a-tarsulat\\\/moshe-alpans-speech-in-yad-mordechai-holocaust-memorial-ceremony\\\/\"]}]},{\"@type\":\"BreadcrumbList\",\"@id\":\"https:\\\/\\\/machteret1944.org\\\/hu\\\/a-tarsulat\\\/moshe-alpans-speech-in-yad-mordechai-holocaust-memorial-ceremony\\\/#breadcrumb\",\"itemListElement\":[{\"@type\":\"ListItem\",\"position\":1,\"name\":\"Kezd\u0151lap\",\"item\":\"https:\\\/\\\/machteret1944.org\\\/hu\\\/\"},{\"@type\":\"ListItem\",\"position\":2,\"name\":\"A T\u00e1rsulat\",\"item\":\"https:\\\/\\\/machteret1944.org\\\/hu\\\/a-tarsulat\\\/\"},{\"@type\":\"ListItem\",\"position\":3,\"name\":\"Mose Alpan besz\u00e9de a Jad Mordech\u00e1jban tartott Holokauszt megeml\u00e9kez\u00e9sen\"}]},{\"@type\":\"WebSite\",\"@id\":\"https:\\\/\\\/machteret1944.org\\\/hu\\\/#website\",\"url\":\"https:\\\/\\\/machteret1944.org\\\/hu\\\/\",\"name\":\"\u05d4\u05e2\u05de\u05d5\u05ea\u05d4 \u05dc\u05d7\u05e7\u05e8 \u05ea\u05e0\u05d5\u05e2\u05d5\u05ea \u05d4\u05e0\u05d5\u05e2\u05e8 \u05d4\u05e6\u05d9\u05d5\u05e0\u05d9\u05d5\u05ea \u05d1\u05d4\u05d5\u05e0\u05d2\u05e8\u05d9\u05d4\",\"description\":\"\u05d4\u05e2\u05de\u05d5\u05ea\u05d4 \u05dc\u05d7\u05e7\u05e8 \u05ea\u05e0\u05d5\u05e2\u05d5\u05ea \u05d4\u05e0\u05d5\u05e2\u05e8 \u05d4\u05e6\u05d9\u05d5\u05e0\u05d9\u05d5\u05ea \u05d1\u05d4\u05d5\u05e0\u05d2\u05e8\u05d9\u05d4\",\"publisher\":{\"@id\":\"https:\\\/\\\/machteret1944.org\\\/hu\\\/#organization\"},\"potentialAction\":[{\"@type\":\"SearchAction\",\"target\":{\"@type\":\"EntryPoint\",\"urlTemplate\":\"https:\\\/\\\/machteret1944.org\\\/hu\\\/?s={search_term_string}\"},\"query-input\":{\"@type\":\"PropertyValueSpecification\",\"valueRequired\":true,\"valueName\":\"search_term_string\"}}],\"inLanguage\":\"hu\"},{\"@type\":\"Organization\",\"@id\":\"https:\\\/\\\/machteret1944.org\\\/hu\\\/#organization\",\"name\":\"\u05d4\u05e2\u05de\u05d5\u05ea\u05d4 \u05dc\u05d7\u05e7\u05e8 \u05ea\u05e0\u05d5\u05e2\u05d5\u05ea \u05d4\u05e0\u05d5\u05e2\u05e8 \u05d4\u05e6\u05d9\u05d5\u05e0\u05d9\u05d5\u05ea \u05d1\u05d4\u05d5\u05e0\u05d2\u05e8\u05d9\u05d4\",\"url\":\"https:\\\/\\\/machteret1944.org\\\/hu\\\/\",\"logo\":{\"@type\":\"ImageObject\",\"inLanguage\":\"hu\",\"@id\":\"https:\\\/\\\/machteret1944.org\\\/hu\\\/#\\\/schema\\\/logo\\\/image\\\/\",\"url\":\"https:\\\/\\\/machteret1944.org\\\/wp-content\\\/uploads\\\/2020\\\/12\\\/\u05dc\u05d5\u05d2\u05d5-\u05dc\u05e2\u05de\u05d5\u05ea\u05d4.png\",\"contentUrl\":\"https:\\\/\\\/machteret1944.org\\\/wp-content\\\/uploads\\\/2020\\\/12\\\/\u05dc\u05d5\u05d2\u05d5-\u05dc\u05e2\u05de\u05d5\u05ea\u05d4.png\",\"width\":841,\"height\":290,\"caption\":\"\u05d4\u05e2\u05de\u05d5\u05ea\u05d4 \u05dc\u05d7\u05e7\u05e8 \u05ea\u05e0\u05d5\u05e2\u05d5\u05ea \u05d4\u05e0\u05d5\u05e2\u05e8 \u05d4\u05e6\u05d9\u05d5\u05e0\u05d9\u05d5\u05ea \u05d1\u05d4\u05d5\u05e0\u05d2\u05e8\u05d9\u05d4\"},\"image\":{\"@id\":\"https:\\\/\\\/machteret1944.org\\\/hu\\\/#\\\/schema\\\/logo\\\/image\\\/\"}}]}<\/script>\n<!-- \/ Yoast SEO plugin. -->","yoast_head_json":{"title":"Mose Alpan besz\u00e9de a Jad Mordech\u00e1jban tartott Holokauszt megeml\u00e9kez\u00e9sen - \u05d4\u05e2\u05de\u05d5\u05ea\u05d4 \u05dc\u05d7\u05e7\u05e8 \u05ea\u05e0\u05d5\u05e2\u05d5\u05ea \u05d4\u05e0\u05d5\u05e2\u05e8 \u05d4\u05e6\u05d9\u05d5\u05e0\u05d9\u05d5\u05ea \u05d1\u05d4\u05d5\u05e0\u05d2\u05e8\u05d9\u05d4","robots":{"index":"index","follow":"follow","max-snippet":"max-snippet:-1","max-image-preview":"max-image-preview:large","max-video-preview":"max-video-preview:-1"},"canonical":"https:\/\/machteret1944.org\/hu\/a-tarsulat\/moshe-alpans-speech-in-yad-mordechai-holocaust-memorial-ceremony\/","og_locale":"hu_HU","og_type":"article","og_title":"Mose Alpan besz\u00e9de a Jad Mordech\u00e1jban tartott Holokauszt megeml\u00e9kez\u00e9sen - \u05d4\u05e2\u05de\u05d5\u05ea\u05d4 \u05dc\u05d7\u05e7\u05e8 \u05ea\u05e0\u05d5\u05e2\u05d5\u05ea \u05d4\u05e0\u05d5\u05e2\u05e8 \u05d4\u05e6\u05d9\u05d5\u05e0\u05d9\u05d5\u05ea \u05d1\u05d4\u05d5\u05e0\u05d2\u05e8\u05d9\u05d4","og_description":"N\u00e9h\u00e1ny nap m\u00falva szer\u00e9ny \u00fcnneps\u00e9gre ker\u00fcl sor a Duna partj\u00e1n, Budapesten, Magyarorsz\u00e1g f\u0151v\u00e1ros\u00e1ban. A cionista ifj\u00fas\u00e1gi mozgalmak tagjai egym\u00e1s ut\u00e1n helyeznek el egy-egy k\u00f6vet, \u00e9s az eg\u00e9sz halom egy eml\u00e9km\u0171vet alkot majd azoknak a zsid\u00f3 f\u00e9rfiaknak \u00e9s n\u0151knek az eml\u00e9k\u00e9re, akiket 1944 tel\u00e9n magyar ver\u0151leg\u00e9nyek agyonl\u0151ttek \u00e9s a Duna jeges viz\u00e9be dobtak. Az \u00e9n nevemben [&hellip;]","og_url":"https:\/\/machteret1944.org\/hu\/a-tarsulat\/moshe-alpans-speech-in-yad-mordechai-holocaust-memorial-ceremony\/","og_site_name":"\u05d4\u05e2\u05de\u05d5\u05ea\u05d4 \u05dc\u05d7\u05e7\u05e8 \u05ea\u05e0\u05d5\u05e2\u05d5\u05ea \u05d4\u05e0\u05d5\u05e2\u05e8 \u05d4\u05e6\u05d9\u05d5\u05e0\u05d9\u05d5\u05ea \u05d1\u05d4\u05d5\u05e0\u05d2\u05e8\u05d9\u05d4","article_modified_time":"2024-04-24T13:32:56+00:00","twitter_card":"summary_large_image","twitter_misc":{"Becs\u00fclt olvas\u00e1si id\u0151":"6 perc"},"schema":{"@context":"https:\/\/schema.org","@graph":[{"@type":"WebPage","@id":"https:\/\/machteret1944.org\/hu\/a-tarsulat\/moshe-alpans-speech-in-yad-mordechai-holocaust-memorial-ceremony\/","url":"https:\/\/machteret1944.org\/hu\/a-tarsulat\/moshe-alpans-speech-in-yad-mordechai-holocaust-memorial-ceremony\/","name":"Mose Alpan besz\u00e9de a Jad Mordech\u00e1jban tartott Holokauszt megeml\u00e9kez\u00e9sen - \u05d4\u05e2\u05de\u05d5\u05ea\u05d4 \u05dc\u05d7\u05e7\u05e8 \u05ea\u05e0\u05d5\u05e2\u05d5\u05ea \u05d4\u05e0\u05d5\u05e2\u05e8 \u05d4\u05e6\u05d9\u05d5\u05e0\u05d9\u05d5\u05ea \u05d1\u05d4\u05d5\u05e0\u05d2\u05e8\u05d9\u05d4","isPartOf":{"@id":"https:\/\/machteret1944.org\/hu\/#website"},"datePublished":"2021-03-30T11:50:31+00:00","dateModified":"2024-04-24T13:32:56+00:00","breadcrumb":{"@id":"https:\/\/machteret1944.org\/hu\/a-tarsulat\/moshe-alpans-speech-in-yad-mordechai-holocaust-memorial-ceremony\/#breadcrumb"},"inLanguage":"hu","potentialAction":[{"@type":"ReadAction","target":["https:\/\/machteret1944.org\/hu\/a-tarsulat\/moshe-alpans-speech-in-yad-mordechai-holocaust-memorial-ceremony\/"]}]},{"@type":"BreadcrumbList","@id":"https:\/\/machteret1944.org\/hu\/a-tarsulat\/moshe-alpans-speech-in-yad-mordechai-holocaust-memorial-ceremony\/#breadcrumb","itemListElement":[{"@type":"ListItem","position":1,"name":"Kezd\u0151lap","item":"https:\/\/machteret1944.org\/hu\/"},{"@type":"ListItem","position":2,"name":"A T\u00e1rsulat","item":"https:\/\/machteret1944.org\/hu\/a-tarsulat\/"},{"@type":"ListItem","position":3,"name":"Mose Alpan besz\u00e9de a Jad Mordech\u00e1jban tartott Holokauszt megeml\u00e9kez\u00e9sen"}]},{"@type":"WebSite","@id":"https:\/\/machteret1944.org\/hu\/#website","url":"https:\/\/machteret1944.org\/hu\/","name":"\u05d4\u05e2\u05de\u05d5\u05ea\u05d4 \u05dc\u05d7\u05e7\u05e8 \u05ea\u05e0\u05d5\u05e2\u05d5\u05ea \u05d4\u05e0\u05d5\u05e2\u05e8 \u05d4\u05e6\u05d9\u05d5\u05e0\u05d9\u05d5\u05ea \u05d1\u05d4\u05d5\u05e0\u05d2\u05e8\u05d9\u05d4","description":"\u05d4\u05e2\u05de\u05d5\u05ea\u05d4 \u05dc\u05d7\u05e7\u05e8 \u05ea\u05e0\u05d5\u05e2\u05d5\u05ea \u05d4\u05e0\u05d5\u05e2\u05e8 \u05d4\u05e6\u05d9\u05d5\u05e0\u05d9\u05d5\u05ea \u05d1\u05d4\u05d5\u05e0\u05d2\u05e8\u05d9\u05d4","publisher":{"@id":"https:\/\/machteret1944.org\/hu\/#organization"},"potentialAction":[{"@type":"SearchAction","target":{"@type":"EntryPoint","urlTemplate":"https:\/\/machteret1944.org\/hu\/?s={search_term_string}"},"query-input":{"@type":"PropertyValueSpecification","valueRequired":true,"valueName":"search_term_string"}}],"inLanguage":"hu"},{"@type":"Organization","@id":"https:\/\/machteret1944.org\/hu\/#organization","name":"\u05d4\u05e2\u05de\u05d5\u05ea\u05d4 \u05dc\u05d7\u05e7\u05e8 \u05ea\u05e0\u05d5\u05e2\u05d5\u05ea \u05d4\u05e0\u05d5\u05e2\u05e8 \u05d4\u05e6\u05d9\u05d5\u05e0\u05d9\u05d5\u05ea \u05d1\u05d4\u05d5\u05e0\u05d2\u05e8\u05d9\u05d4","url":"https:\/\/machteret1944.org\/hu\/","logo":{"@type":"ImageObject","inLanguage":"hu","@id":"https:\/\/machteret1944.org\/hu\/#\/schema\/logo\/image\/","url":"https:\/\/machteret1944.org\/wp-content\/uploads\/2020\/12\/\u05dc\u05d5\u05d2\u05d5-\u05dc\u05e2\u05de\u05d5\u05ea\u05d4.png","contentUrl":"https:\/\/machteret1944.org\/wp-content\/uploads\/2020\/12\/\u05dc\u05d5\u05d2\u05d5-\u05dc\u05e2\u05de\u05d5\u05ea\u05d4.png","width":841,"height":290,"caption":"\u05d4\u05e2\u05de\u05d5\u05ea\u05d4 \u05dc\u05d7\u05e7\u05e8 \u05ea\u05e0\u05d5\u05e2\u05d5\u05ea \u05d4\u05e0\u05d5\u05e2\u05e8 \u05d4\u05e6\u05d9\u05d5\u05e0\u05d9\u05d5\u05ea \u05d1\u05d4\u05d5\u05e0\u05d2\u05e8\u05d9\u05d4"},"image":{"@id":"https:\/\/machteret1944.org\/hu\/#\/schema\/logo\/image\/"}}]}},"_links":{"self":[{"href":"https:\/\/machteret1944.org\/hu\/wp-json\/wp\/v2\/pages\/4780","targetHints":{"allow":["GET"]}}],"collection":[{"href":"https:\/\/machteret1944.org\/hu\/wp-json\/wp\/v2\/pages"}],"about":[{"href":"https:\/\/machteret1944.org\/hu\/wp-json\/wp\/v2\/types\/page"}],"author":[{"embeddable":true,"href":"https:\/\/machteret1944.org\/hu\/wp-json\/wp\/v2\/users\/2"}],"replies":[{"embeddable":true,"href":"https:\/\/machteret1944.org\/hu\/wp-json\/wp\/v2\/comments?post=4780"}],"version-history":[{"count":3,"href":"https:\/\/machteret1944.org\/hu\/wp-json\/wp\/v2\/pages\/4780\/revisions"}],"predecessor-version":[{"id":5004,"href":"https:\/\/machteret1944.org\/hu\/wp-json\/wp\/v2\/pages\/4780\/revisions\/5004"}],"up":[{"embeddable":true,"href":"https:\/\/machteret1944.org\/hu\/wp-json\/wp\/v2\/pages\/4775"}],"wp:attachment":[{"href":"https:\/\/machteret1944.org\/hu\/wp-json\/wp\/v2\/media?parent=4780"}],"curies":[{"name":"wp","href":"https:\/\/api.w.org\/{rel}","templated":true}]}}