{"id":4795,"date":"2021-09-05T06:28:23","date_gmt":"2021-09-05T06:28:23","guid":{"rendered":"https:\/\/machteret1944.org\/%d7%93%d7%91%d7%a8%d7%99%d7%95-%d7%a9%d7%9c-%d7%93%d7%95%d7%93-%d7%92%d7%95%d7%a8-%d7%91%d7%9b%d7%a0%d7%a1-%d7%94%d7%a2%d7%9e%d7%95%d7%aa%d7%94-%d7%91-24-8-2021-en\/"},"modified":"2024-02-13T14:17:55","modified_gmt":"2024-02-13T14:17:55","slug":"%d7%93%d7%91%d7%a8%d7%99%d7%95-%d7%a9%d7%9c-%d7%93%d7%95%d7%93-%d7%92%d7%95%d7%a8-%d7%91%d7%9b%d7%a0%d7%a1-%d7%94%d7%a2%d7%9e%d7%95%d7%aa%d7%94-%d7%91-24-8-2021-en","status":"publish","type":"page","link":"https:\/\/machteret1944.org\/hu\/%d7%93%d7%91%d7%a8%d7%99%d7%95-%d7%a9%d7%9c-%d7%93%d7%95%d7%93-%d7%92%d7%95%d7%a8-%d7%91%d7%9b%d7%a0%d7%a1-%d7%94%d7%a2%d7%9e%d7%95%d7%aa%d7%94-%d7%91-24-8-2021-en\/","title":{"rendered":"\u05d3\u05d1\u05e8\u05d9\u05d5 \u05e9\u05dc \u05d3\u05d5\u05d3 \u05d2\u05d5\u05e8 \u05d1\u05db\u05e0\u05e1 \u05d4\u05e2\u05de\u05d5\u05ea\u05d4 \u05d1-24\/8\/2021 EN"},"content":{"rendered":"<p>Kedves Bar\u00e1taim \u00e9s a konferencia r\u00e9sztvev\u0151i!<\/p>\n<p>\u00c9n vagyok az utols\u00f3 t\u00fal\u00e9l\u0151 tagja \u00e9s k\u00e9pvisel\u0151je a f\u00f6ldalatti Cionista Ifj\u00fas\u00e1gi Ellen\u00e1ll\u00e1si Mozgalomnak. Sz\u00e1momra ez a tal\u00e1lkoz\u00f3 fontos lehet\u0151s\u00e9g, hogy \u00e1tadjam \u00d6n\u00f6knek \u00e9letem \u00fczenet\u00e9t.<\/p>\n<p>Az ifj\u00fas\u00e1gi mozgalmak nemzed\u00e9keinek l\u00e1ncolata ment\u00e9n minden nemzed\u00e9k \u00f6r\u00f6ks\u00e9get hagyott h\u00e1tra, \u00e9s minden nemzed\u00e9k k\u00fczdelmeket hagyott a k\u00f6vetkez\u0151 nemzed\u00e9k sz\u00e1m\u00e1ra.<\/p>\n<p>Mi, a mi gener\u00e1ci\u00f3nk, a holokauszt idej\u00e9n Magyarorsz\u00e1gon m\u0171k\u00f6d\u0151 f\u00f6ldalatti cionista ifj\u00fas\u00e1gi ellen\u00e1ll\u00e1si mozgalmak tagjai, azt az \u00f6r\u00f6ks\u00e9get hagytuk h\u00e1tra, hogy felel\u0151ss\u00e9get v\u00e1llaltunk \u00e9let\u00fcnk\u00e9rt \u00e9s hal\u00e1lunk\u00e9rt, \u00e9s tudatosan kock\u00e1ztattunk, hogy zsid\u00f3k ezreit menthess\u00fck meg, akikkel soha nem tal\u00e1lkoztunk.<\/p>\n<p>Izraelben, amely megalakul\u00e1sa \u00f3ta k\u00fczd a l\u00e9t\u00e9\u00e9rt, uralkod\u00f3 ethosz az az ember, aki pusk\u00e1t hord a haz\u00e1ja \u00e9rdek\u00e9ben. Nektek, a ti nemzed\u00e9keteknek, a m\u00e1sodik \u00e9s harmadik nemzed\u00e9knek, meg kell k\u00fczdenetek az\u00e9rt, hogy a megl\u00e9v\u0151 ethosz mellett elfogadj\u00e1tok a ment\u00e9s ethosz\u00e1t is &#8211; a zsid\u00f3k megment\u00e9s\u00e9nek, az \u00e9let kock\u00e1ztat\u00e1s\u00e1val t\u00f6rt\u00e9n\u0151 megment\u00e9s\u00e9nek ethosz\u00e1t, amelyet mi, a megment\u0151k, a f\u00f6ldalatti cionista ifj\u00fas\u00e1gi ellen\u00e1ll\u00e1si mozgalmak nem ismert\u00fcnk.<\/p>\n<p>Minden gener\u00e1ci\u00f3 \u00e9s annak k\u00fczdelmei.<\/p>\n<p>A feladat f\u00e9lelmetes, \u00e9s ti vagytok a rem\u00e9ny.<\/p>\n<p>Emelkedjetek fel \u00e9s arassatok sikert.<\/p>\n<p>David Gur &#8211; a Magyarorsz\u00e1gi Cionista Ifj\u00fas\u00e1gi Mozgalmak T\u00f6rt\u00e9net\u00e9t Kutat\u00f3 T\u00e1rsulat eln\u00f6ke, a magyarorsz\u00e1gi f\u00f6ldalatti cionista ifj\u00fas\u00e1gi ellen\u00e1ll\u00e1si mozgalmak izz\u00f3 parazs\u00e1nak \u0151rz\u0151je.<\/p>\n","protected":false},"excerpt":{"rendered":"<p>Kedves Bar\u00e1taim \u00e9s a konferencia r\u00e9sztvev\u0151i! \u00c9n vagyok az utols\u00f3 t\u00fal\u00e9l\u0151 tagja \u00e9s k\u00e9pvisel\u0151je a f\u00f6ldalatti Cionista Ifj\u00fas\u00e1gi Ellen\u00e1ll\u00e1si Mozgalomnak. Sz\u00e1momra ez a tal\u00e1lkoz\u00f3 fontos lehet\u0151s\u00e9g, hogy \u00e1tadjam \u00d6n\u00f6knek \u00e9letem \u00fczenet\u00e9t. Az ifj\u00fas\u00e1gi mozgalmak nemzed\u00e9keinek l\u00e1ncolata ment\u00e9n minden nemzed\u00e9k \u00f6r\u00f6ks\u00e9get hagyott h\u00e1tra, \u00e9s minden nemzed\u00e9k k\u00fczdelmeket hagyott a k\u00f6vetkez\u0151 nemzed\u00e9k sz\u00e1m\u00e1ra. Mi, a mi gener\u00e1ci\u00f3nk, [&hellip;]<\/p>\n","protected":false},"author":2,"featured_media":0,"parent":0,"menu_order":1,"comment_status":"closed","ping_status":"closed","template":"","meta":{"_acf_changed":false,"footnotes":""},"class_list":["post-4795","page","type-page","status-publish","hentry"],"acf":[],"yoast_head":"<!-- This site is optimized with the Yoast SEO plugin v27.4 - https:\/\/yoast.com\/product\/yoast-seo-wordpress\/ -->\n<title>\u05d3\u05d1\u05e8\u05d9\u05d5 \u05e9\u05dc \u05d3\u05d5\u05d3 \u05d2\u05d5\u05e8 \u05d1\u05db\u05e0\u05e1 \u05d4\u05e2\u05de\u05d5\u05ea\u05d4 \u05d1-24\/8\/2021 EN - \u05d4\u05e2\u05de\u05d5\u05ea\u05d4 \u05dc\u05d7\u05e7\u05e8 \u05ea\u05e0\u05d5\u05e2\u05d5\u05ea \u05d4\u05e0\u05d5\u05e2\u05e8 \u05d4\u05e6\u05d9\u05d5\u05e0\u05d9\u05d5\u05ea \u05d1\u05d4\u05d5\u05e0\u05d2\u05e8\u05d9\u05d4<\/title>\n<meta name=\"robots\" content=\"index, follow, max-snippet:-1, max-image-preview:large, max-video-preview:-1\" \/>\n<link rel=\"canonical\" href=\"https:\/\/machteret1944.org\/hu\/%d7%93%d7%91%d7%a8%d7%99%d7%95-%d7%a9%d7%9c-%d7%93%d7%95%d7%93-%d7%92%d7%95%d7%a8-%d7%91%d7%9b%d7%a0%d7%a1-%d7%94%d7%a2%d7%9e%d7%95%d7%aa%d7%94-%d7%91-24-8-2021-en\/\" \/>\n<meta property=\"og:locale\" content=\"hu_HU\" \/>\n<meta property=\"og:type\" content=\"article\" \/>\n<meta property=\"og:title\" content=\"\u05d3\u05d1\u05e8\u05d9\u05d5 \u05e9\u05dc \u05d3\u05d5\u05d3 \u05d2\u05d5\u05e8 \u05d1\u05db\u05e0\u05e1 \u05d4\u05e2\u05de\u05d5\u05ea\u05d4 \u05d1-24\/8\/2021 EN - \u05d4\u05e2\u05de\u05d5\u05ea\u05d4 \u05dc\u05d7\u05e7\u05e8 \u05ea\u05e0\u05d5\u05e2\u05d5\u05ea \u05d4\u05e0\u05d5\u05e2\u05e8 \u05d4\u05e6\u05d9\u05d5\u05e0\u05d9\u05d5\u05ea \u05d1\u05d4\u05d5\u05e0\u05d2\u05e8\u05d9\u05d4\" \/>\n<meta property=\"og:description\" content=\"Kedves Bar\u00e1taim \u00e9s a konferencia r\u00e9sztvev\u0151i! \u00c9n vagyok az utols\u00f3 t\u00fal\u00e9l\u0151 tagja \u00e9s k\u00e9pvisel\u0151je a f\u00f6ldalatti Cionista Ifj\u00fas\u00e1gi Ellen\u00e1ll\u00e1si Mozgalomnak. Sz\u00e1momra ez a tal\u00e1lkoz\u00f3 fontos lehet\u0151s\u00e9g, hogy \u00e1tadjam \u00d6n\u00f6knek \u00e9letem \u00fczenet\u00e9t. Az ifj\u00fas\u00e1gi mozgalmak nemzed\u00e9keinek l\u00e1ncolata ment\u00e9n minden nemzed\u00e9k \u00f6r\u00f6ks\u00e9get hagyott h\u00e1tra, \u00e9s minden nemzed\u00e9k k\u00fczdelmeket hagyott a k\u00f6vetkez\u0151 nemzed\u00e9k sz\u00e1m\u00e1ra. Mi, a mi gener\u00e1ci\u00f3nk, [&hellip;]\" \/>\n<meta property=\"og:url\" content=\"https:\/\/machteret1944.org\/hu\/%d7%93%d7%91%d7%a8%d7%99%d7%95-%d7%a9%d7%9c-%d7%93%d7%95%d7%93-%d7%92%d7%95%d7%a8-%d7%91%d7%9b%d7%a0%d7%a1-%d7%94%d7%a2%d7%9e%d7%95%d7%aa%d7%94-%d7%91-24-8-2021-en\/\" \/>\n<meta property=\"og:site_name\" content=\"\u05d4\u05e2\u05de\u05d5\u05ea\u05d4 \u05dc\u05d7\u05e7\u05e8 \u05ea\u05e0\u05d5\u05e2\u05d5\u05ea \u05d4\u05e0\u05d5\u05e2\u05e8 \u05d4\u05e6\u05d9\u05d5\u05e0\u05d9\u05d5\u05ea \u05d1\u05d4\u05d5\u05e0\u05d2\u05e8\u05d9\u05d4\" \/>\n<meta property=\"article:modified_time\" content=\"2024-02-13T14:17:55+00:00\" \/>\n<meta name=\"twitter:card\" content=\"summary_large_image\" \/>\n<meta name=\"twitter:label1\" content=\"Becs\u00fclt olvas\u00e1si id\u0151\" \/>\n\t<meta name=\"twitter:data1\" content=\"2 perc\" \/>\n<script type=\"application\/ld+json\" class=\"yoast-schema-graph\">{\"@context\":\"https:\\\/\\\/schema.org\",\"@graph\":[{\"@type\":\"WebPage\",\"@id\":\"https:\\\/\\\/machteret1944.org\\\/hu\\\/%d7%93%d7%91%d7%a8%d7%99%d7%95-%d7%a9%d7%9c-%d7%93%d7%95%d7%93-%d7%92%d7%95%d7%a8-%d7%91%d7%9b%d7%a0%d7%a1-%d7%94%d7%a2%d7%9e%d7%95%d7%aa%d7%94-%d7%91-24-8-2021-en\\\/\",\"url\":\"https:\\\/\\\/machteret1944.org\\\/hu\\\/%d7%93%d7%91%d7%a8%d7%99%d7%95-%d7%a9%d7%9c-%d7%93%d7%95%d7%93-%d7%92%d7%95%d7%a8-%d7%91%d7%9b%d7%a0%d7%a1-%d7%94%d7%a2%d7%9e%d7%95%d7%aa%d7%94-%d7%91-24-8-2021-en\\\/\",\"name\":\"\u05d3\u05d1\u05e8\u05d9\u05d5 \u05e9\u05dc \u05d3\u05d5\u05d3 \u05d2\u05d5\u05e8 \u05d1\u05db\u05e0\u05e1 \u05d4\u05e2\u05de\u05d5\u05ea\u05d4 \u05d1-24\\\/8\\\/2021 EN - \u05d4\u05e2\u05de\u05d5\u05ea\u05d4 \u05dc\u05d7\u05e7\u05e8 \u05ea\u05e0\u05d5\u05e2\u05d5\u05ea \u05d4\u05e0\u05d5\u05e2\u05e8 \u05d4\u05e6\u05d9\u05d5\u05e0\u05d9\u05d5\u05ea \u05d1\u05d4\u05d5\u05e0\u05d2\u05e8\u05d9\u05d4\",\"isPartOf\":{\"@id\":\"https:\\\/\\\/machteret1944.org\\\/hu\\\/#website\"},\"datePublished\":\"2021-09-05T06:28:23+00:00\",\"dateModified\":\"2024-02-13T14:17:55+00:00\",\"breadcrumb\":{\"@id\":\"https:\\\/\\\/machteret1944.org\\\/hu\\\/%d7%93%d7%91%d7%a8%d7%99%d7%95-%d7%a9%d7%9c-%d7%93%d7%95%d7%93-%d7%92%d7%95%d7%a8-%d7%91%d7%9b%d7%a0%d7%a1-%d7%94%d7%a2%d7%9e%d7%95%d7%aa%d7%94-%d7%91-24-8-2021-en\\\/#breadcrumb\"},\"inLanguage\":\"hu\",\"potentialAction\":[{\"@type\":\"ReadAction\",\"target\":[\"https:\\\/\\\/machteret1944.org\\\/hu\\\/%d7%93%d7%91%d7%a8%d7%99%d7%95-%d7%a9%d7%9c-%d7%93%d7%95%d7%93-%d7%92%d7%95%d7%a8-%d7%91%d7%9b%d7%a0%d7%a1-%d7%94%d7%a2%d7%9e%d7%95%d7%aa%d7%94-%d7%91-24-8-2021-en\\\/\"]}]},{\"@type\":\"BreadcrumbList\",\"@id\":\"https:\\\/\\\/machteret1944.org\\\/hu\\\/%d7%93%d7%91%d7%a8%d7%99%d7%95-%d7%a9%d7%9c-%d7%93%d7%95%d7%93-%d7%92%d7%95%d7%a8-%d7%91%d7%9b%d7%a0%d7%a1-%d7%94%d7%a2%d7%9e%d7%95%d7%aa%d7%94-%d7%91-24-8-2021-en\\\/#breadcrumb\",\"itemListElement\":[{\"@type\":\"ListItem\",\"position\":1,\"name\":\"Kezd\u0151lap\",\"item\":\"https:\\\/\\\/machteret1944.org\\\/hu\\\/\"},{\"@type\":\"ListItem\",\"position\":2,\"name\":\"\u05d3\u05d1\u05e8\u05d9\u05d5 \u05e9\u05dc \u05d3\u05d5\u05d3 \u05d2\u05d5\u05e8 \u05d1\u05db\u05e0\u05e1 \u05d4\u05e2\u05de\u05d5\u05ea\u05d4 \u05d1-24\\\/8\\\/2021 EN\"}]},{\"@type\":\"WebSite\",\"@id\":\"https:\\\/\\\/machteret1944.org\\\/hu\\\/#website\",\"url\":\"https:\\\/\\\/machteret1944.org\\\/hu\\\/\",\"name\":\"\u05d4\u05e2\u05de\u05d5\u05ea\u05d4 \u05dc\u05d7\u05e7\u05e8 \u05ea\u05e0\u05d5\u05e2\u05d5\u05ea \u05d4\u05e0\u05d5\u05e2\u05e8 \u05d4\u05e6\u05d9\u05d5\u05e0\u05d9\u05d5\u05ea \u05d1\u05d4\u05d5\u05e0\u05d2\u05e8\u05d9\u05d4\",\"description\":\"\u05d4\u05e2\u05de\u05d5\u05ea\u05d4 \u05dc\u05d7\u05e7\u05e8 \u05ea\u05e0\u05d5\u05e2\u05d5\u05ea \u05d4\u05e0\u05d5\u05e2\u05e8 \u05d4\u05e6\u05d9\u05d5\u05e0\u05d9\u05d5\u05ea \u05d1\u05d4\u05d5\u05e0\u05d2\u05e8\u05d9\u05d4\",\"publisher\":{\"@id\":\"https:\\\/\\\/machteret1944.org\\\/hu\\\/#organization\"},\"potentialAction\":[{\"@type\":\"SearchAction\",\"target\":{\"@type\":\"EntryPoint\",\"urlTemplate\":\"https:\\\/\\\/machteret1944.org\\\/hu\\\/?s={search_term_string}\"},\"query-input\":{\"@type\":\"PropertyValueSpecification\",\"valueRequired\":true,\"valueName\":\"search_term_string\"}}],\"inLanguage\":\"hu\"},{\"@type\":\"Organization\",\"@id\":\"https:\\\/\\\/machteret1944.org\\\/hu\\\/#organization\",\"name\":\"\u05d4\u05e2\u05de\u05d5\u05ea\u05d4 \u05dc\u05d7\u05e7\u05e8 \u05ea\u05e0\u05d5\u05e2\u05d5\u05ea \u05d4\u05e0\u05d5\u05e2\u05e8 \u05d4\u05e6\u05d9\u05d5\u05e0\u05d9\u05d5\u05ea \u05d1\u05d4\u05d5\u05e0\u05d2\u05e8\u05d9\u05d4\",\"url\":\"https:\\\/\\\/machteret1944.org\\\/hu\\\/\",\"logo\":{\"@type\":\"ImageObject\",\"inLanguage\":\"hu\",\"@id\":\"https:\\\/\\\/machteret1944.org\\\/hu\\\/#\\\/schema\\\/logo\\\/image\\\/\",\"url\":\"https:\\\/\\\/machteret1944.org\\\/wp-content\\\/uploads\\\/2020\\\/12\\\/\u05dc\u05d5\u05d2\u05d5-\u05dc\u05e2\u05de\u05d5\u05ea\u05d4.png\",\"contentUrl\":\"https:\\\/\\\/machteret1944.org\\\/wp-content\\\/uploads\\\/2020\\\/12\\\/\u05dc\u05d5\u05d2\u05d5-\u05dc\u05e2\u05de\u05d5\u05ea\u05d4.png\",\"width\":841,\"height\":290,\"caption\":\"\u05d4\u05e2\u05de\u05d5\u05ea\u05d4 \u05dc\u05d7\u05e7\u05e8 \u05ea\u05e0\u05d5\u05e2\u05d5\u05ea \u05d4\u05e0\u05d5\u05e2\u05e8 \u05d4\u05e6\u05d9\u05d5\u05e0\u05d9\u05d5\u05ea \u05d1\u05d4\u05d5\u05e0\u05d2\u05e8\u05d9\u05d4\"},\"image\":{\"@id\":\"https:\\\/\\\/machteret1944.org\\\/hu\\\/#\\\/schema\\\/logo\\\/image\\\/\"}}]}<\/script>\n<!-- \/ Yoast SEO plugin. -->","yoast_head_json":{"title":"\u05d3\u05d1\u05e8\u05d9\u05d5 \u05e9\u05dc \u05d3\u05d5\u05d3 \u05d2\u05d5\u05e8 \u05d1\u05db\u05e0\u05e1 \u05d4\u05e2\u05de\u05d5\u05ea\u05d4 \u05d1-24\/8\/2021 EN - \u05d4\u05e2\u05de\u05d5\u05ea\u05d4 \u05dc\u05d7\u05e7\u05e8 \u05ea\u05e0\u05d5\u05e2\u05d5\u05ea \u05d4\u05e0\u05d5\u05e2\u05e8 \u05d4\u05e6\u05d9\u05d5\u05e0\u05d9\u05d5\u05ea \u05d1\u05d4\u05d5\u05e0\u05d2\u05e8\u05d9\u05d4","robots":{"index":"index","follow":"follow","max-snippet":"max-snippet:-1","max-image-preview":"max-image-preview:large","max-video-preview":"max-video-preview:-1"},"canonical":"https:\/\/machteret1944.org\/hu\/%d7%93%d7%91%d7%a8%d7%99%d7%95-%d7%a9%d7%9c-%d7%93%d7%95%d7%93-%d7%92%d7%95%d7%a8-%d7%91%d7%9b%d7%a0%d7%a1-%d7%94%d7%a2%d7%9e%d7%95%d7%aa%d7%94-%d7%91-24-8-2021-en\/","og_locale":"hu_HU","og_type":"article","og_title":"\u05d3\u05d1\u05e8\u05d9\u05d5 \u05e9\u05dc \u05d3\u05d5\u05d3 \u05d2\u05d5\u05e8 \u05d1\u05db\u05e0\u05e1 \u05d4\u05e2\u05de\u05d5\u05ea\u05d4 \u05d1-24\/8\/2021 EN - \u05d4\u05e2\u05de\u05d5\u05ea\u05d4 \u05dc\u05d7\u05e7\u05e8 \u05ea\u05e0\u05d5\u05e2\u05d5\u05ea \u05d4\u05e0\u05d5\u05e2\u05e8 \u05d4\u05e6\u05d9\u05d5\u05e0\u05d9\u05d5\u05ea \u05d1\u05d4\u05d5\u05e0\u05d2\u05e8\u05d9\u05d4","og_description":"Kedves Bar\u00e1taim \u00e9s a konferencia r\u00e9sztvev\u0151i! \u00c9n vagyok az utols\u00f3 t\u00fal\u00e9l\u0151 tagja \u00e9s k\u00e9pvisel\u0151je a f\u00f6ldalatti Cionista Ifj\u00fas\u00e1gi Ellen\u00e1ll\u00e1si Mozgalomnak. Sz\u00e1momra ez a tal\u00e1lkoz\u00f3 fontos lehet\u0151s\u00e9g, hogy \u00e1tadjam \u00d6n\u00f6knek \u00e9letem \u00fczenet\u00e9t. Az ifj\u00fas\u00e1gi mozgalmak nemzed\u00e9keinek l\u00e1ncolata ment\u00e9n minden nemzed\u00e9k \u00f6r\u00f6ks\u00e9get hagyott h\u00e1tra, \u00e9s minden nemzed\u00e9k k\u00fczdelmeket hagyott a k\u00f6vetkez\u0151 nemzed\u00e9k sz\u00e1m\u00e1ra. Mi, a mi gener\u00e1ci\u00f3nk, [&hellip;]","og_url":"https:\/\/machteret1944.org\/hu\/%d7%93%d7%91%d7%a8%d7%99%d7%95-%d7%a9%d7%9c-%d7%93%d7%95%d7%93-%d7%92%d7%95%d7%a8-%d7%91%d7%9b%d7%a0%d7%a1-%d7%94%d7%a2%d7%9e%d7%95%d7%aa%d7%94-%d7%91-24-8-2021-en\/","og_site_name":"\u05d4\u05e2\u05de\u05d5\u05ea\u05d4 \u05dc\u05d7\u05e7\u05e8 \u05ea\u05e0\u05d5\u05e2\u05d5\u05ea \u05d4\u05e0\u05d5\u05e2\u05e8 \u05d4\u05e6\u05d9\u05d5\u05e0\u05d9\u05d5\u05ea \u05d1\u05d4\u05d5\u05e0\u05d2\u05e8\u05d9\u05d4","article_modified_time":"2024-02-13T14:17:55+00:00","twitter_card":"summary_large_image","twitter_misc":{"Becs\u00fclt olvas\u00e1si id\u0151":"2 perc"},"schema":{"@context":"https:\/\/schema.org","@graph":[{"@type":"WebPage","@id":"https:\/\/machteret1944.org\/hu\/%d7%93%d7%91%d7%a8%d7%99%d7%95-%d7%a9%d7%9c-%d7%93%d7%95%d7%93-%d7%92%d7%95%d7%a8-%d7%91%d7%9b%d7%a0%d7%a1-%d7%94%d7%a2%d7%9e%d7%95%d7%aa%d7%94-%d7%91-24-8-2021-en\/","url":"https:\/\/machteret1944.org\/hu\/%d7%93%d7%91%d7%a8%d7%99%d7%95-%d7%a9%d7%9c-%d7%93%d7%95%d7%93-%d7%92%d7%95%d7%a8-%d7%91%d7%9b%d7%a0%d7%a1-%d7%94%d7%a2%d7%9e%d7%95%d7%aa%d7%94-%d7%91-24-8-2021-en\/","name":"\u05d3\u05d1\u05e8\u05d9\u05d5 \u05e9\u05dc \u05d3\u05d5\u05d3 \u05d2\u05d5\u05e8 \u05d1\u05db\u05e0\u05e1 \u05d4\u05e2\u05de\u05d5\u05ea\u05d4 \u05d1-24\/8\/2021 EN - \u05d4\u05e2\u05de\u05d5\u05ea\u05d4 \u05dc\u05d7\u05e7\u05e8 \u05ea\u05e0\u05d5\u05e2\u05d5\u05ea \u05d4\u05e0\u05d5\u05e2\u05e8 \u05d4\u05e6\u05d9\u05d5\u05e0\u05d9\u05d5\u05ea \u05d1\u05d4\u05d5\u05e0\u05d2\u05e8\u05d9\u05d4","isPartOf":{"@id":"https:\/\/machteret1944.org\/hu\/#website"},"datePublished":"2021-09-05T06:28:23+00:00","dateModified":"2024-02-13T14:17:55+00:00","breadcrumb":{"@id":"https:\/\/machteret1944.org\/hu\/%d7%93%d7%91%d7%a8%d7%99%d7%95-%d7%a9%d7%9c-%d7%93%d7%95%d7%93-%d7%92%d7%95%d7%a8-%d7%91%d7%9b%d7%a0%d7%a1-%d7%94%d7%a2%d7%9e%d7%95%d7%aa%d7%94-%d7%91-24-8-2021-en\/#breadcrumb"},"inLanguage":"hu","potentialAction":[{"@type":"ReadAction","target":["https:\/\/machteret1944.org\/hu\/%d7%93%d7%91%d7%a8%d7%99%d7%95-%d7%a9%d7%9c-%d7%93%d7%95%d7%93-%d7%92%d7%95%d7%a8-%d7%91%d7%9b%d7%a0%d7%a1-%d7%94%d7%a2%d7%9e%d7%95%d7%aa%d7%94-%d7%91-24-8-2021-en\/"]}]},{"@type":"BreadcrumbList","@id":"https:\/\/machteret1944.org\/hu\/%d7%93%d7%91%d7%a8%d7%99%d7%95-%d7%a9%d7%9c-%d7%93%d7%95%d7%93-%d7%92%d7%95%d7%a8-%d7%91%d7%9b%d7%a0%d7%a1-%d7%94%d7%a2%d7%9e%d7%95%d7%aa%d7%94-%d7%91-24-8-2021-en\/#breadcrumb","itemListElement":[{"@type":"ListItem","position":1,"name":"Kezd\u0151lap","item":"https:\/\/machteret1944.org\/hu\/"},{"@type":"ListItem","position":2,"name":"\u05d3\u05d1\u05e8\u05d9\u05d5 \u05e9\u05dc \u05d3\u05d5\u05d3 \u05d2\u05d5\u05e8 \u05d1\u05db\u05e0\u05e1 \u05d4\u05e2\u05de\u05d5\u05ea\u05d4 \u05d1-24\/8\/2021 EN"}]},{"@type":"WebSite","@id":"https:\/\/machteret1944.org\/hu\/#website","url":"https:\/\/machteret1944.org\/hu\/","name":"\u05d4\u05e2\u05de\u05d5\u05ea\u05d4 \u05dc\u05d7\u05e7\u05e8 \u05ea\u05e0\u05d5\u05e2\u05d5\u05ea \u05d4\u05e0\u05d5\u05e2\u05e8 \u05d4\u05e6\u05d9\u05d5\u05e0\u05d9\u05d5\u05ea \u05d1\u05d4\u05d5\u05e0\u05d2\u05e8\u05d9\u05d4","description":"\u05d4\u05e2\u05de\u05d5\u05ea\u05d4 \u05dc\u05d7\u05e7\u05e8 \u05ea\u05e0\u05d5\u05e2\u05d5\u05ea \u05d4\u05e0\u05d5\u05e2\u05e8 \u05d4\u05e6\u05d9\u05d5\u05e0\u05d9\u05d5\u05ea \u05d1\u05d4\u05d5\u05e0\u05d2\u05e8\u05d9\u05d4","publisher":{"@id":"https:\/\/machteret1944.org\/hu\/#organization"},"potentialAction":[{"@type":"SearchAction","target":{"@type":"EntryPoint","urlTemplate":"https:\/\/machteret1944.org\/hu\/?s={search_term_string}"},"query-input":{"@type":"PropertyValueSpecification","valueRequired":true,"valueName":"search_term_string"}}],"inLanguage":"hu"},{"@type":"Organization","@id":"https:\/\/machteret1944.org\/hu\/#organization","name":"\u05d4\u05e2\u05de\u05d5\u05ea\u05d4 \u05dc\u05d7\u05e7\u05e8 \u05ea\u05e0\u05d5\u05e2\u05d5\u05ea \u05d4\u05e0\u05d5\u05e2\u05e8 \u05d4\u05e6\u05d9\u05d5\u05e0\u05d9\u05d5\u05ea \u05d1\u05d4\u05d5\u05e0\u05d2\u05e8\u05d9\u05d4","url":"https:\/\/machteret1944.org\/hu\/","logo":{"@type":"ImageObject","inLanguage":"hu","@id":"https:\/\/machteret1944.org\/hu\/#\/schema\/logo\/image\/","url":"https:\/\/machteret1944.org\/wp-content\/uploads\/2020\/12\/\u05dc\u05d5\u05d2\u05d5-\u05dc\u05e2\u05de\u05d5\u05ea\u05d4.png","contentUrl":"https:\/\/machteret1944.org\/wp-content\/uploads\/2020\/12\/\u05dc\u05d5\u05d2\u05d5-\u05dc\u05e2\u05de\u05d5\u05ea\u05d4.png","width":841,"height":290,"caption":"\u05d4\u05e2\u05de\u05d5\u05ea\u05d4 \u05dc\u05d7\u05e7\u05e8 \u05ea\u05e0\u05d5\u05e2\u05d5\u05ea \u05d4\u05e0\u05d5\u05e2\u05e8 \u05d4\u05e6\u05d9\u05d5\u05e0\u05d9\u05d5\u05ea \u05d1\u05d4\u05d5\u05e0\u05d2\u05e8\u05d9\u05d4"},"image":{"@id":"https:\/\/machteret1944.org\/hu\/#\/schema\/logo\/image\/"}}]}},"_links":{"self":[{"href":"https:\/\/machteret1944.org\/hu\/wp-json\/wp\/v2\/pages\/4795","targetHints":{"allow":["GET"]}}],"collection":[{"href":"https:\/\/machteret1944.org\/hu\/wp-json\/wp\/v2\/pages"}],"about":[{"href":"https:\/\/machteret1944.org\/hu\/wp-json\/wp\/v2\/types\/page"}],"author":[{"embeddable":true,"href":"https:\/\/machteret1944.org\/hu\/wp-json\/wp\/v2\/users\/2"}],"replies":[{"embeddable":true,"href":"https:\/\/machteret1944.org\/hu\/wp-json\/wp\/v2\/comments?post=4795"}],"version-history":[{"count":1,"href":"https:\/\/machteret1944.org\/hu\/wp-json\/wp\/v2\/pages\/4795\/revisions"}],"predecessor-version":[{"id":4796,"href":"https:\/\/machteret1944.org\/hu\/wp-json\/wp\/v2\/pages\/4795\/revisions\/4796"}],"wp:attachment":[{"href":"https:\/\/machteret1944.org\/hu\/wp-json\/wp\/v2\/media?parent=4795"}],"curies":[{"name":"wp","href":"https:\/\/api.w.org\/{rel}","templated":true}]}}