{"id":4845,"date":"2020-03-29T05:49:45","date_gmt":"2020-03-29T05:49:45","guid":{"rendered":"https:\/\/machteret1944.org\/members-of-the-underground\/"},"modified":"2024-02-14T09:06:19","modified_gmt":"2024-02-14T09:06:19","slug":"az-ellenallas-tagjai","status":"publish","type":"page","link":"https:\/\/machteret1944.org\/hu\/az-ellenallas-tagjai\/","title":{"rendered":"Az ellen\u00e1ll\u00e1s tagjai"},"content":{"rendered":"<p><strong>A cionista-halutz f\u00f6ldalatti ifj\u00fas\u00e1gi mozgalmak tagjai Magyarorsz\u00e1gon<\/strong><\/p>\n<p>A magyarorsz\u00e1gi cionista ifj\u00fas\u00e1gi mozgalmak tagjai a magyarorsz\u00e1gi zsid\u00f3s\u00e1g kis sz\u00e1zal\u00e9k\u00e1t tett\u00e9k ki. Hozz\u00e1juk csatlakozott sok menek\u00fclt, akik f\u0151leg Csehszlov\u00e1ki\u00e1b\u00f3l \u00e9s Lengyelorsz\u00e1gb\u00f3l \u00e9rkeztek. A f\u00f6ldalatti ifj\u00fas\u00e1gi mozgalmak, amelyek egy\u00fctt dolgoztak a f\u00f6ldalatti mozgalomban, a k\u00f6vetkez\u0151k voltak: Hashomer Hatzair, Hanoar Hatzioni, Dror Habonim, Maccabi Hatzair, Bnei Akiva \u00e9s a Beitar n\u00e9h\u00e1ny tagja.<\/p>\n<p>K\u00f6zel ezer, t\u00f6bbnyire tizen\u00e9ves fiatal f\u00e9rfi \u00e9s n\u0151 vett r\u00e9szt k\u00fcl\u00f6nb\u00f6z\u0151 tev\u00e9kenys\u00e9gekben a sorsd\u00f6nt\u0151 \u00e9v k\u00fcl\u00f6nb\u00f6z\u0151 id\u0151pontjaiban. Teljes \u00f6sszhangban dolgoztak egy\u00fctt illegalit\u00e1sban, \u00e9s tudatosan d\u00f6nt\u00f6ttek \u00fagy, hogy nem fognak fegyvert, hanem ink\u00e1bb \u00e9leteket mentenek.<\/p>\n<p>Bar\u00e1taikat b\u00e1tors\u00e1guk\u00e9rt kit\u00fcntett\u00e9k. Nev\u00fck \u00e9s fot\u00f3ik mell\u00e9 egy szimb\u00f3lumot illesztett\u00fcnk:<\/p>\n<p><a href=\"https:\/\/machteret1944.org\/wp-content\/uploads\/2022\/05\/Simha-Hunwald-Certificate-\u05d4\u05de\u05e6\u05d9\u05dc-\u05d4\u05d9\u05d4\u05d5\u05d3\u05d9-scaled.jpg\"><img decoding=\"async\" class=\"alignnone wp-image-1980\" src=\"https:\/\/machteret1944.org\/wp-content\/uploads\/2020\/12\/Ribua-JRJ-e1625420323313.jpg\" alt=\"\" width=\"63\" height=\"69\" \/><\/a>\u00a0 \u00a0 <a href=\"https:\/\/machteret1944.org\/wp-content\/uploads\/2022\/05\/Simha-Hunwald-Certificate-\u05d4\u05de\u05e6\u05d9\u05dc-\u05d4\u05d9\u05d4\u05d5\u05d3\u05d9-scaled.jpg\">A holokauszt idej\u00e9n zsid\u00f3 zsid\u00f3kat ment\u0151 zsid\u00f3k h\u0151siess\u00e9g\u00e9nek elismer\u00e9s\u00e9re l\u00e9trehozott bizotts\u00e1g zsid\u00f3 emberment\u0151 szimb\u00f3luma<\/a><br \/>\n<a href=\"https:\/\/machteret1944.org\/wp-content\/uploads\/2022\/03\/\u05de\u05e9\u05d4-\u05d0\u05dc\u05e4\u05df-\u05d0\u05d5\u05ea-\u05d4\u05de\u05e6\u05d9\u05dc-\u05de\u05d4\u05d5\u05e0\u05d2\u05e8\u05d9\u05d4.jpg\"><img decoding=\"async\" class=\"alignnone size-full wp-image-1977\" src=\"https:\/\/machteret1944.org\/wp-content\/uploads\/2021\/02\/Small.jpg\" alt=\"\" width=\"65\" height=\"63\" \/><\/a>\u00a0 \u00a0 <a href=\"https:\/\/machteret1944.org\/wp-content\/uploads\/2022\/03\/\u05de\u05e9\u05d4-\u05d0\u05dc\u05e4\u05df-\u05d0\u05d5\u05ea-\u05d4\u05de\u05e6\u05d9\u05dc-\u05de\u05d4\u05d5\u05e0\u05d2\u05e8\u05d9\u05d4.jpg\">A magyar korm\u00e1ny B\u00e1tors\u00e1g \u00c9rdemrendje<\/a><\/p>\n","protected":false},"excerpt":{"rendered":"<p>A cionista-halutz f\u00f6ldalatti ifj\u00fas\u00e1gi mozgalmak tagjai Magyarorsz\u00e1gon A magyarorsz\u00e1gi cionista ifj\u00fas\u00e1gi mozgalmak tagjai a magyarorsz\u00e1gi zsid\u00f3s\u00e1g kis sz\u00e1zal\u00e9k\u00e1t tett\u00e9k ki. Hozz\u00e1juk csatlakozott sok menek\u00fclt, akik f\u0151leg Csehszlov\u00e1ki\u00e1b\u00f3l \u00e9s Lengyelorsz\u00e1gb\u00f3l \u00e9rkeztek. A f\u00f6ldalatti ifj\u00fas\u00e1gi mozgalmak, amelyek egy\u00fctt dolgoztak a f\u00f6ldalatti mozgalomban, a k\u00f6vetkez\u0151k voltak: Hashomer Hatzair, Hanoar Hatzioni, Dror Habonim, Maccabi Hatzair, Bnei Akiva \u00e9s a [&hellip;]<\/p>\n","protected":false},"author":1,"featured_media":0,"parent":0,"menu_order":4,"comment_status":"closed","ping_status":"closed","template":"","meta":{"_acf_changed":false,"footnotes":""},"class_list":["post-4845","page","type-page","status-publish","hentry"],"acf":[],"yoast_head":"<!-- This site is optimized with the Yoast SEO plugin v27.3 - https:\/\/yoast.com\/product\/yoast-seo-wordpress\/ -->\n<title>Az ellen\u00e1ll\u00e1s tagjai - \u05d4\u05e2\u05de\u05d5\u05ea\u05d4 \u05dc\u05d7\u05e7\u05e8 \u05ea\u05e0\u05d5\u05e2\u05d5\u05ea \u05d4\u05e0\u05d5\u05e2\u05e8 \u05d4\u05e6\u05d9\u05d5\u05e0\u05d9\u05d5\u05ea \u05d1\u05d4\u05d5\u05e0\u05d2\u05e8\u05d9\u05d4<\/title>\n<meta name=\"robots\" content=\"index, follow, max-snippet:-1, max-image-preview:large, max-video-preview:-1\" \/>\n<link rel=\"canonical\" href=\"https:\/\/machteret1944.org\/hu\/az-ellenallas-tagjai\/\" \/>\n<meta property=\"og:locale\" content=\"hu_HU\" \/>\n<meta property=\"og:type\" content=\"article\" \/>\n<meta property=\"og:title\" content=\"Az ellen\u00e1ll\u00e1s tagjai - \u05d4\u05e2\u05de\u05d5\u05ea\u05d4 \u05dc\u05d7\u05e7\u05e8 \u05ea\u05e0\u05d5\u05e2\u05d5\u05ea \u05d4\u05e0\u05d5\u05e2\u05e8 \u05d4\u05e6\u05d9\u05d5\u05e0\u05d9\u05d5\u05ea \u05d1\u05d4\u05d5\u05e0\u05d2\u05e8\u05d9\u05d4\" \/>\n<meta property=\"og:description\" content=\"A cionista-halutz f\u00f6ldalatti ifj\u00fas\u00e1gi mozgalmak tagjai Magyarorsz\u00e1gon A magyarorsz\u00e1gi cionista ifj\u00fas\u00e1gi mozgalmak tagjai a magyarorsz\u00e1gi zsid\u00f3s\u00e1g kis sz\u00e1zal\u00e9k\u00e1t tett\u00e9k ki. Hozz\u00e1juk csatlakozott sok menek\u00fclt, akik f\u0151leg Csehszlov\u00e1ki\u00e1b\u00f3l \u00e9s Lengyelorsz\u00e1gb\u00f3l \u00e9rkeztek. A f\u00f6ldalatti ifj\u00fas\u00e1gi mozgalmak, amelyek egy\u00fctt dolgoztak a f\u00f6ldalatti mozgalomban, a k\u00f6vetkez\u0151k voltak: Hashomer Hatzair, Hanoar Hatzioni, Dror Habonim, Maccabi Hatzair, Bnei Akiva \u00e9s a [&hellip;]\" \/>\n<meta property=\"og:url\" content=\"https:\/\/machteret1944.org\/hu\/az-ellenallas-tagjai\/\" \/>\n<meta property=\"og:site_name\" content=\"\u05d4\u05e2\u05de\u05d5\u05ea\u05d4 \u05dc\u05d7\u05e7\u05e8 \u05ea\u05e0\u05d5\u05e2\u05d5\u05ea \u05d4\u05e0\u05d5\u05e2\u05e8 \u05d4\u05e6\u05d9\u05d5\u05e0\u05d9\u05d5\u05ea \u05d1\u05d4\u05d5\u05e0\u05d2\u05e8\u05d9\u05d4\" \/>\n<meta property=\"article:modified_time\" content=\"2024-02-14T09:06:19+00:00\" \/>\n<meta property=\"og:image\" content=\"https:\/\/machteret1944.org\/wp-content\/uploads\/2020\/12\/Ribua-JRJ-e1625420323313.jpg\" \/>\n<meta name=\"twitter:card\" content=\"summary_large_image\" \/>\n<meta name=\"twitter:label1\" content=\"Becs\u00fclt olvas\u00e1si id\u0151\" \/>\n\t<meta name=\"twitter:data1\" content=\"2 perc\" \/>\n<script type=\"application\/ld+json\" class=\"yoast-schema-graph\">{\"@context\":\"https:\\\/\\\/schema.org\",\"@graph\":[{\"@type\":\"WebPage\",\"@id\":\"https:\\\/\\\/machteret1944.org\\\/hu\\\/az-ellenallas-tagjai\\\/\",\"url\":\"https:\\\/\\\/machteret1944.org\\\/hu\\\/az-ellenallas-tagjai\\\/\",\"name\":\"Az ellen\u00e1ll\u00e1s tagjai - \u05d4\u05e2\u05de\u05d5\u05ea\u05d4 \u05dc\u05d7\u05e7\u05e8 \u05ea\u05e0\u05d5\u05e2\u05d5\u05ea \u05d4\u05e0\u05d5\u05e2\u05e8 \u05d4\u05e6\u05d9\u05d5\u05e0\u05d9\u05d5\u05ea \u05d1\u05d4\u05d5\u05e0\u05d2\u05e8\u05d9\u05d4\",\"isPartOf\":{\"@id\":\"https:\\\/\\\/machteret1944.org\\\/hu\\\/#website\"},\"primaryImageOfPage\":{\"@id\":\"https:\\\/\\\/machteret1944.org\\\/hu\\\/az-ellenallas-tagjai\\\/#primaryimage\"},\"image\":{\"@id\":\"https:\\\/\\\/machteret1944.org\\\/hu\\\/az-ellenallas-tagjai\\\/#primaryimage\"},\"thumbnailUrl\":\"https:\\\/\\\/machteret1944.org\\\/wp-content\\\/uploads\\\/2020\\\/12\\\/Ribua-JRJ-e1625420323313.jpg\",\"datePublished\":\"2020-03-29T05:49:45+00:00\",\"dateModified\":\"2024-02-14T09:06:19+00:00\",\"breadcrumb\":{\"@id\":\"https:\\\/\\\/machteret1944.org\\\/hu\\\/az-ellenallas-tagjai\\\/#breadcrumb\"},\"inLanguage\":\"hu\",\"potentialAction\":[{\"@type\":\"ReadAction\",\"target\":[\"https:\\\/\\\/machteret1944.org\\\/hu\\\/az-ellenallas-tagjai\\\/\"]}]},{\"@type\":\"ImageObject\",\"inLanguage\":\"hu\",\"@id\":\"https:\\\/\\\/machteret1944.org\\\/hu\\\/az-ellenallas-tagjai\\\/#primaryimage\",\"url\":\"https:\\\/\\\/machteret1944.org\\\/wp-content\\\/uploads\\\/2020\\\/12\\\/Ribua-JRJ-e1625420323313.jpg\",\"contentUrl\":\"https:\\\/\\\/machteret1944.org\\\/wp-content\\\/uploads\\\/2020\\\/12\\\/Ribua-JRJ-e1625420323313.jpg\"},{\"@type\":\"BreadcrumbList\",\"@id\":\"https:\\\/\\\/machteret1944.org\\\/hu\\\/az-ellenallas-tagjai\\\/#breadcrumb\",\"itemListElement\":[{\"@type\":\"ListItem\",\"position\":1,\"name\":\"Kezd\u0151lap\",\"item\":\"https:\\\/\\\/machteret1944.org\\\/hu\\\/\"},{\"@type\":\"ListItem\",\"position\":2,\"name\":\"Az ellen\u00e1ll\u00e1s tagjai\"}]},{\"@type\":\"WebSite\",\"@id\":\"https:\\\/\\\/machteret1944.org\\\/hu\\\/#website\",\"url\":\"https:\\\/\\\/machteret1944.org\\\/hu\\\/\",\"name\":\"\u05d4\u05e2\u05de\u05d5\u05ea\u05d4 \u05dc\u05d7\u05e7\u05e8 \u05ea\u05e0\u05d5\u05e2\u05d5\u05ea \u05d4\u05e0\u05d5\u05e2\u05e8 \u05d4\u05e6\u05d9\u05d5\u05e0\u05d9\u05d5\u05ea \u05d1\u05d4\u05d5\u05e0\u05d2\u05e8\u05d9\u05d4\",\"description\":\"\u05d4\u05e2\u05de\u05d5\u05ea\u05d4 \u05dc\u05d7\u05e7\u05e8 \u05ea\u05e0\u05d5\u05e2\u05d5\u05ea \u05d4\u05e0\u05d5\u05e2\u05e8 \u05d4\u05e6\u05d9\u05d5\u05e0\u05d9\u05d5\u05ea \u05d1\u05d4\u05d5\u05e0\u05d2\u05e8\u05d9\u05d4\",\"publisher\":{\"@id\":\"https:\\\/\\\/machteret1944.org\\\/hu\\\/#organization\"},\"potentialAction\":[{\"@type\":\"SearchAction\",\"target\":{\"@type\":\"EntryPoint\",\"urlTemplate\":\"https:\\\/\\\/machteret1944.org\\\/hu\\\/?s={search_term_string}\"},\"query-input\":{\"@type\":\"PropertyValueSpecification\",\"valueRequired\":true,\"valueName\":\"search_term_string\"}}],\"inLanguage\":\"hu\"},{\"@type\":\"Organization\",\"@id\":\"https:\\\/\\\/machteret1944.org\\\/hu\\\/#organization\",\"name\":\"\u05d4\u05e2\u05de\u05d5\u05ea\u05d4 \u05dc\u05d7\u05e7\u05e8 \u05ea\u05e0\u05d5\u05e2\u05d5\u05ea \u05d4\u05e0\u05d5\u05e2\u05e8 \u05d4\u05e6\u05d9\u05d5\u05e0\u05d9\u05d5\u05ea \u05d1\u05d4\u05d5\u05e0\u05d2\u05e8\u05d9\u05d4\",\"url\":\"https:\\\/\\\/machteret1944.org\\\/hu\\\/\",\"logo\":{\"@type\":\"ImageObject\",\"inLanguage\":\"hu\",\"@id\":\"https:\\\/\\\/machteret1944.org\\\/hu\\\/#\\\/schema\\\/logo\\\/image\\\/\",\"url\":\"https:\\\/\\\/machteret1944.org\\\/wp-content\\\/uploads\\\/2020\\\/12\\\/\u05dc\u05d5\u05d2\u05d5-\u05dc\u05e2\u05de\u05d5\u05ea\u05d4.png\",\"contentUrl\":\"https:\\\/\\\/machteret1944.org\\\/wp-content\\\/uploads\\\/2020\\\/12\\\/\u05dc\u05d5\u05d2\u05d5-\u05dc\u05e2\u05de\u05d5\u05ea\u05d4.png\",\"width\":841,\"height\":290,\"caption\":\"\u05d4\u05e2\u05de\u05d5\u05ea\u05d4 \u05dc\u05d7\u05e7\u05e8 \u05ea\u05e0\u05d5\u05e2\u05d5\u05ea \u05d4\u05e0\u05d5\u05e2\u05e8 \u05d4\u05e6\u05d9\u05d5\u05e0\u05d9\u05d5\u05ea \u05d1\u05d4\u05d5\u05e0\u05d2\u05e8\u05d9\u05d4\"},\"image\":{\"@id\":\"https:\\\/\\\/machteret1944.org\\\/hu\\\/#\\\/schema\\\/logo\\\/image\\\/\"}}]}<\/script>\n<!-- \/ Yoast SEO plugin. -->","yoast_head_json":{"title":"Az ellen\u00e1ll\u00e1s tagjai - \u05d4\u05e2\u05de\u05d5\u05ea\u05d4 \u05dc\u05d7\u05e7\u05e8 \u05ea\u05e0\u05d5\u05e2\u05d5\u05ea \u05d4\u05e0\u05d5\u05e2\u05e8 \u05d4\u05e6\u05d9\u05d5\u05e0\u05d9\u05d5\u05ea \u05d1\u05d4\u05d5\u05e0\u05d2\u05e8\u05d9\u05d4","robots":{"index":"index","follow":"follow","max-snippet":"max-snippet:-1","max-image-preview":"max-image-preview:large","max-video-preview":"max-video-preview:-1"},"canonical":"https:\/\/machteret1944.org\/hu\/az-ellenallas-tagjai\/","og_locale":"hu_HU","og_type":"article","og_title":"Az ellen\u00e1ll\u00e1s tagjai - \u05d4\u05e2\u05de\u05d5\u05ea\u05d4 \u05dc\u05d7\u05e7\u05e8 \u05ea\u05e0\u05d5\u05e2\u05d5\u05ea \u05d4\u05e0\u05d5\u05e2\u05e8 \u05d4\u05e6\u05d9\u05d5\u05e0\u05d9\u05d5\u05ea \u05d1\u05d4\u05d5\u05e0\u05d2\u05e8\u05d9\u05d4","og_description":"A cionista-halutz f\u00f6ldalatti ifj\u00fas\u00e1gi mozgalmak tagjai Magyarorsz\u00e1gon A magyarorsz\u00e1gi cionista ifj\u00fas\u00e1gi mozgalmak tagjai a magyarorsz\u00e1gi zsid\u00f3s\u00e1g kis sz\u00e1zal\u00e9k\u00e1t tett\u00e9k ki. Hozz\u00e1juk csatlakozott sok menek\u00fclt, akik f\u0151leg Csehszlov\u00e1ki\u00e1b\u00f3l \u00e9s Lengyelorsz\u00e1gb\u00f3l \u00e9rkeztek. A f\u00f6ldalatti ifj\u00fas\u00e1gi mozgalmak, amelyek egy\u00fctt dolgoztak a f\u00f6ldalatti mozgalomban, a k\u00f6vetkez\u0151k voltak: Hashomer Hatzair, Hanoar Hatzioni, Dror Habonim, Maccabi Hatzair, Bnei Akiva \u00e9s a [&hellip;]","og_url":"https:\/\/machteret1944.org\/hu\/az-ellenallas-tagjai\/","og_site_name":"\u05d4\u05e2\u05de\u05d5\u05ea\u05d4 \u05dc\u05d7\u05e7\u05e8 \u05ea\u05e0\u05d5\u05e2\u05d5\u05ea \u05d4\u05e0\u05d5\u05e2\u05e8 \u05d4\u05e6\u05d9\u05d5\u05e0\u05d9\u05d5\u05ea \u05d1\u05d4\u05d5\u05e0\u05d2\u05e8\u05d9\u05d4","article_modified_time":"2024-02-14T09:06:19+00:00","og_image":[{"url":"https:\/\/machteret1944.org\/wp-content\/uploads\/2020\/12\/Ribua-JRJ-e1625420323313.jpg","type":"","width":"","height":""}],"twitter_card":"summary_large_image","twitter_misc":{"Becs\u00fclt olvas\u00e1si id\u0151":"2 perc"},"schema":{"@context":"https:\/\/schema.org","@graph":[{"@type":"WebPage","@id":"https:\/\/machteret1944.org\/hu\/az-ellenallas-tagjai\/","url":"https:\/\/machteret1944.org\/hu\/az-ellenallas-tagjai\/","name":"Az ellen\u00e1ll\u00e1s tagjai - \u05d4\u05e2\u05de\u05d5\u05ea\u05d4 \u05dc\u05d7\u05e7\u05e8 \u05ea\u05e0\u05d5\u05e2\u05d5\u05ea \u05d4\u05e0\u05d5\u05e2\u05e8 \u05d4\u05e6\u05d9\u05d5\u05e0\u05d9\u05d5\u05ea \u05d1\u05d4\u05d5\u05e0\u05d2\u05e8\u05d9\u05d4","isPartOf":{"@id":"https:\/\/machteret1944.org\/hu\/#website"},"primaryImageOfPage":{"@id":"https:\/\/machteret1944.org\/hu\/az-ellenallas-tagjai\/#primaryimage"},"image":{"@id":"https:\/\/machteret1944.org\/hu\/az-ellenallas-tagjai\/#primaryimage"},"thumbnailUrl":"https:\/\/machteret1944.org\/wp-content\/uploads\/2020\/12\/Ribua-JRJ-e1625420323313.jpg","datePublished":"2020-03-29T05:49:45+00:00","dateModified":"2024-02-14T09:06:19+00:00","breadcrumb":{"@id":"https:\/\/machteret1944.org\/hu\/az-ellenallas-tagjai\/#breadcrumb"},"inLanguage":"hu","potentialAction":[{"@type":"ReadAction","target":["https:\/\/machteret1944.org\/hu\/az-ellenallas-tagjai\/"]}]},{"@type":"ImageObject","inLanguage":"hu","@id":"https:\/\/machteret1944.org\/hu\/az-ellenallas-tagjai\/#primaryimage","url":"https:\/\/machteret1944.org\/wp-content\/uploads\/2020\/12\/Ribua-JRJ-e1625420323313.jpg","contentUrl":"https:\/\/machteret1944.org\/wp-content\/uploads\/2020\/12\/Ribua-JRJ-e1625420323313.jpg"},{"@type":"BreadcrumbList","@id":"https:\/\/machteret1944.org\/hu\/az-ellenallas-tagjai\/#breadcrumb","itemListElement":[{"@type":"ListItem","position":1,"name":"Kezd\u0151lap","item":"https:\/\/machteret1944.org\/hu\/"},{"@type":"ListItem","position":2,"name":"Az ellen\u00e1ll\u00e1s tagjai"}]},{"@type":"WebSite","@id":"https:\/\/machteret1944.org\/hu\/#website","url":"https:\/\/machteret1944.org\/hu\/","name":"\u05d4\u05e2\u05de\u05d5\u05ea\u05d4 \u05dc\u05d7\u05e7\u05e8 \u05ea\u05e0\u05d5\u05e2\u05d5\u05ea \u05d4\u05e0\u05d5\u05e2\u05e8 \u05d4\u05e6\u05d9\u05d5\u05e0\u05d9\u05d5\u05ea \u05d1\u05d4\u05d5\u05e0\u05d2\u05e8\u05d9\u05d4","description":"\u05d4\u05e2\u05de\u05d5\u05ea\u05d4 \u05dc\u05d7\u05e7\u05e8 \u05ea\u05e0\u05d5\u05e2\u05d5\u05ea \u05d4\u05e0\u05d5\u05e2\u05e8 \u05d4\u05e6\u05d9\u05d5\u05e0\u05d9\u05d5\u05ea \u05d1\u05d4\u05d5\u05e0\u05d2\u05e8\u05d9\u05d4","publisher":{"@id":"https:\/\/machteret1944.org\/hu\/#organization"},"potentialAction":[{"@type":"SearchAction","target":{"@type":"EntryPoint","urlTemplate":"https:\/\/machteret1944.org\/hu\/?s={search_term_string}"},"query-input":{"@type":"PropertyValueSpecification","valueRequired":true,"valueName":"search_term_string"}}],"inLanguage":"hu"},{"@type":"Organization","@id":"https:\/\/machteret1944.org\/hu\/#organization","name":"\u05d4\u05e2\u05de\u05d5\u05ea\u05d4 \u05dc\u05d7\u05e7\u05e8 \u05ea\u05e0\u05d5\u05e2\u05d5\u05ea \u05d4\u05e0\u05d5\u05e2\u05e8 \u05d4\u05e6\u05d9\u05d5\u05e0\u05d9\u05d5\u05ea \u05d1\u05d4\u05d5\u05e0\u05d2\u05e8\u05d9\u05d4","url":"https:\/\/machteret1944.org\/hu\/","logo":{"@type":"ImageObject","inLanguage":"hu","@id":"https:\/\/machteret1944.org\/hu\/#\/schema\/logo\/image\/","url":"https:\/\/machteret1944.org\/wp-content\/uploads\/2020\/12\/\u05dc\u05d5\u05d2\u05d5-\u05dc\u05e2\u05de\u05d5\u05ea\u05d4.png","contentUrl":"https:\/\/machteret1944.org\/wp-content\/uploads\/2020\/12\/\u05dc\u05d5\u05d2\u05d5-\u05dc\u05e2\u05de\u05d5\u05ea\u05d4.png","width":841,"height":290,"caption":"\u05d4\u05e2\u05de\u05d5\u05ea\u05d4 \u05dc\u05d7\u05e7\u05e8 \u05ea\u05e0\u05d5\u05e2\u05d5\u05ea \u05d4\u05e0\u05d5\u05e2\u05e8 \u05d4\u05e6\u05d9\u05d5\u05e0\u05d9\u05d5\u05ea \u05d1\u05d4\u05d5\u05e0\u05d2\u05e8\u05d9\u05d4"},"image":{"@id":"https:\/\/machteret1944.org\/hu\/#\/schema\/logo\/image\/"}}]}},"_links":{"self":[{"href":"https:\/\/machteret1944.org\/hu\/wp-json\/wp\/v2\/pages\/4845","targetHints":{"allow":["GET"]}}],"collection":[{"href":"https:\/\/machteret1944.org\/hu\/wp-json\/wp\/v2\/pages"}],"about":[{"href":"https:\/\/machteret1944.org\/hu\/wp-json\/wp\/v2\/types\/page"}],"author":[{"embeddable":true,"href":"https:\/\/machteret1944.org\/hu\/wp-json\/wp\/v2\/users\/1"}],"replies":[{"embeddable":true,"href":"https:\/\/machteret1944.org\/hu\/wp-json\/wp\/v2\/comments?post=4845"}],"version-history":[{"count":1,"href":"https:\/\/machteret1944.org\/hu\/wp-json\/wp\/v2\/pages\/4845\/revisions"}],"predecessor-version":[{"id":4846,"href":"https:\/\/machteret1944.org\/hu\/wp-json\/wp\/v2\/pages\/4845\/revisions\/4846"}],"wp:attachment":[{"href":"https:\/\/machteret1944.org\/hu\/wp-json\/wp\/v2\/media?parent=4845"}],"curies":[{"name":"wp","href":"https:\/\/api.w.org\/{rel}","templated":true}]}}